{"id":2928,"date":"2023-09-11T11:49:45","date_gmt":"2023-09-11T11:49:45","guid":{"rendered":"https:\/\/www.riwal.com\/no\/?page_id=2928"},"modified":"2024-10-22T14:27:23","modified_gmt":"2024-10-22T12:27:23","slug":"jobb-ledige-stillinger-riwal-norge","status":"publish","type":"page","link":"https:\/\/www.riwal.com\/no\/jobb-ledige-stillinger-riwal-norge\/","title":{"rendered":"Jobb hos Riwal Norge AS"},"content":{"rendered":"<div class=\"rental-wp-default-block rental-theme-block-default-margin\">\n\t\t\t\t\t\t\t\t<div class=\"container\">\n<div class=\"wp-block-rental-theme-title-text rental-theme-block-default-margin\">\n\t<div class=\"wp-block-rental-theme-title-text__container\">\n\t\t<div class=\"wp-block-rental-theme-title-text__wrapper\">\n\t\t\t\t\t<\/div>\n\t\t<div class='wp-block-rental-theme-title-text__text'>\n\n<h1 class=\"wp-block-heading\" id=\"h-klar-til-a-ta-karrieren-din-til-nye-hoyder\">Klar til \u00e5 ta karrieren din til nye h\u00f8yder?<\/h1>\n\n\n\n<p>Riwal Norge er forhandler av JLG i Norge. Vi er eksperter innen utleie og salg av lifter, og v\u00e5r viktigste oppgave er \u00e5 bruke v\u00e5r ekspertise og erfaring for \u00e5 levere smarte, sikre og b\u00e6rekraftige l\u00f8sninger som tar v\u00e5re kunder til nye h\u00f8yder.<\/p>\n\n\n\n<p>Hos Riwal ser vi teamwork som en viktig parameter. Vi f\u00e5r jobben gjort sammen. \u00c5 utforske innovative l\u00f8sninger og skape nye muligheter, det er hva Riwal handler om.<\/p>\n\n\n\n<p>Vi jobber hardt, men vi har ogs\u00e5 det g\u00f8y sammen. V\u00e5re ansatte er n\u00f8kkelen til v\u00e5r suksess. Dine muligheter for \u00e5 utvikle deg i Riwal er mange; vi \u00f8nsker \u00e5 bidra til din personlige og faglige utvikling og gir deg ogs\u00e5 verkt\u00f8yene du trenger for \u00e5 n\u00e5 dine ambisjoner.<\/p>\n\n<\/div>\n\t<\/div>\n<\/div><\/div>\n\t\t\t\t\t\t\t<\/div> \n\n<div class=\"container\">\n<p>Nedenfor finner du en liste over v\u00e5re ledige stillinger. Vi oppfordrer deg til \u00e5 utforske mulighetene og s\u00f8ke p\u00e5 stillingen som passer best for deg. Vi ser alltid etter dyktige og motiverte enkeltpersoner som \u00f8nsker \u00e5 bli en del av v\u00e5rt team og bidra til v\u00e5r suksess.<\/p>\n<\/div>\n\n<div class=\"rental-wp-default-block rental-theme-block-default-margin\">\n\t\t\t\t\t\t\t\t<div class=\"container\"><\/div>\n\t\t\t\t\t\t\t<\/div> \n\n<div class=\"rental-wp-default-block rental-theme-block-default-margin\">\n\t\t\t\t\t\t\t\t<div class=\"container\">\n<div class=\"wp-block-buttons is-layout-flex wp-block-buttons-is-layout-flex\">\n<div class=\"wp-block-button\"><a class=\"wp-block-button__link wp-element-button\" href=\"https:\/\/www.cramo.no\/no\/jobb-i-cramo\/we-are-shapers\">Cramo Careers<\/a><\/div>\n<\/div>\n<\/div>\n\t\t\t\t\t\t\t<\/div> \n\n<div class=\"container\">\n<p><\/p>\n<\/div>\n\n<div class=\"container\">\n<h2 class=\"wp-block-heading has-primary-color has-text-color\" id=\"h-bli-en-del-av-vart-team\">Bli en Del av V\u00e5rt Team<\/h2>\n<\/div>\n\n<div class=\"container\">\n<p>Vi oppfordrer deg til \u00e5 ta skrittet mot en spennende karriere hos Riwal Norge AS. Uansett om du er en erfaren profesjonell eller en nyutdannet som er ivrig etter \u00e5 l\u00e6re, er det alltid plass for talent og engasjement i v\u00e5r organisasjon. Vi ser frem til \u00e5 h\u00f8re fra deg og \u00f8nsker deg lykke til i din karrierejakt hos Riwal Norge AS.<\/p>\n<\/div>\n\n<div class=\"container\">\n<p>Har du sp\u00f8rsm\u00e5l om v\u00e5re ledige stillinger eller \u00f8nsker mer informasjon om Riwal Norge som arbeidsgiver? Ta gjerne kontakt med oss, og vi vil v\u00e6re glade for \u00e5 hjelpe deg.<\/p>\n<\/div>\n\n<div class=\"container\">\n<p>Vi ser frem til \u00e5 \u00f8nske deg velkommen til v\u00e5rt team og \u00e5 utforske nye h\u00f8yder sammen!<\/p>\n<\/div>\n\n<div class=\"wp-block-rental-theme-featured rental-theme-block-default-padding\">\n\t<div class=\"container\">\n\t\t<div class=\"wp-block-rental-theme-featured-container\">\n\t\t\t<div class=\"wp-block-rental-theme-featured__image\">\n\t\t\t\t<div class=\"wp-block-rental-theme-featured-image-container\">\n\t\t\t\t\t\t\t\t\t\t\t<div class=\"main-image\">\n\t\t\t\t\t\t\t<img loading=\"lazy\" decoding=\"async\" width=\"620\" height=\"413\" src=\"https:\/\/eqsk4m2dkju.exactdn.com\/app\/uploads\/sites\/12\/2023\/06\/riwal-aerial-work-platform-rental-sales-67-scaled.webp?strip=all&amp;quality=92&amp;webp=92&amp;avif=80&amp;sharp=1&amp;fit=620%2C413\" class=\"attachment-featured_block_image size-featured_block_image\" alt=\"\" srcset=\"https:\/\/eqsk4m2dkju.exactdn.com\/app\/uploads\/sites\/12\/2023\/06\/riwal-aerial-work-platform-rental-sales-67-scaled.webp?strip=all&amp;quality=92&amp;webp=92&amp;avif=80&amp;sharp=1 2560w, https:\/\/eqsk4m2dkju.exactdn.com\/app\/uploads\/sites\/12\/2023\/06\/riwal-aerial-work-platform-rental-sales-67-2048x1365.webp?strip=all&amp;quality=92&amp;webp=92&amp;avif=80&amp;sharp=1 2048w, https:\/\/eqsk4m2dkju.exactdn.com\/app\/uploads\/sites\/12\/2023\/06\/riwal-aerial-work-platform-rental-sales-67-1388x925.webp?strip=all&amp;quality=92&amp;webp=92&amp;avif=80&amp;sharp=1 1388w, https:\/\/eqsk4m2dkju.exactdn.com\/app\/uploads\/sites\/12\/2023\/06\/riwal-aerial-work-platform-rental-sales-67-830x553.webp?strip=all&amp;quality=92&amp;webp=92&amp;avif=80&amp;sharp=1 830w, https:\/\/eqsk4m2dkju.exactdn.com\/app\/uploads\/sites\/12\/2023\/06\/riwal-aerial-work-platform-rental-sales-67-250x167.webp?strip=all&amp;quality=92&amp;webp=92&amp;avif=80&amp;sharp=1 250w, https:\/\/eqsk4m2dkju.exactdn.com\/app\/uploads\/sites\/12\/2023\/06\/riwal-aerial-work-platform-rental-sales-67-300x200.webp?strip=all&amp;quality=92&amp;webp=92&amp;avif=80&amp;sharp=1 300w, https:\/\/eqsk4m2dkju.exactdn.com\/app\/uploads\/sites\/12\/2023\/06\/riwal-aerial-work-platform-rental-sales-67-768x512.webp?strip=all&amp;quality=92&amp;webp=92&amp;avif=80&amp;sharp=1 768w, https:\/\/eqsk4m2dkju.exactdn.com\/app\/uploads\/sites\/12\/2023\/06\/riwal-aerial-work-platform-rental-sales-67-1024x683.webp?strip=all&amp;quality=92&amp;webp=92&amp;avif=80&amp;sharp=1 1024w, https:\/\/eqsk4m2dkju.exactdn.com\/app\/uploads\/sites\/12\/2023\/06\/riwal-aerial-work-platform-rental-sales-67-1536x1024.webp?strip=all&amp;quality=92&amp;webp=92&amp;avif=80&amp;sharp=1 1536w, https:\/\/eqsk4m2dkju.exactdn.com\/app\/uploads\/sites\/12\/2023\/06\/riwal-aerial-work-platform-rental-sales-67-178x119.webp?strip=all&amp;quality=92&amp;webp=92&amp;avif=80&amp;sharp=1 178w, https:\/\/eqsk4m2dkju.exactdn.com\/app\/uploads\/sites\/12\/2023\/06\/riwal-aerial-work-platform-rental-sales-67-390x260.webp?strip=all&amp;quality=92&amp;webp=92&amp;avif=80&amp;sharp=1 390w, https:\/\/eqsk4m2dkju.exactdn.com\/app\/uploads\/sites\/12\/2023\/06\/riwal-aerial-work-platform-rental-sales-67-scaled.webp?strip=all&amp;quality=92&amp;webp=92&amp;avif=80&amp;sharp=1&amp;w=512 512w, https:\/\/eqsk4m2dkju.exactdn.com\/app\/uploads\/sites\/12\/2023\/06\/riwal-aerial-work-platform-rental-sales-67-scaled.webp?strip=all&amp;quality=92&amp;webp=92&amp;avif=80&amp;sharp=1&amp;w=450 450w\" sizes=\"auto, (max-width: 620px) 100vw, 620px\" \/>\t\t\t\t\t\t<\/div>\n\t\t\t\t\t\t\t\t\t\t<div class=\"wp-block-rental-theme-featured-image-container__subtext\">\n\t\t\t\t\t\tRiwal Norge Gjerdrum\t\t\t\t\t<\/div>\n\t\t\t\t<\/div>\n\t\t\t<\/div>\n\t\t\t<div class=\"wp-block-rental-theme-featured-content\">\n\t\t\t\t<div>\n\t\t\t\t\t<h2 class=\"wp-block-rental-theme-featured-title\">Trenger du ny JLG Lift?<\/h2>\n\t\t\t\t\t<div class=\"wp-block-rental-theme-featured-text\">\n\n<div class=\"wp-block-button\"><a class=\"wp-block-button__link wp-element-button\">Se v\u00e5re JLG maskiner her! <\/a><\/div>\n\n<\/div>\n\t\t\t\t<\/div>\n\t\t\t<\/div>\n\t\t<\/div>\n\t<\/div>\n<\/div>\n","protected":false},"excerpt":{"rendered":"<p>Nedenfor finner du en liste over v\u00e5re ledige stillinger. Vi oppfordrer deg til \u00e5 utforske mulighetene og s\u00f8ke p\u00e5 stillingen som passer best for deg. Vi ser alltid etter dyktige og motiverte enkeltpersoner som \u00f8nsker \u00e5 bli en del av v\u00e5rt team og bidra til v\u00e5r suksess. Bli en Del av V\u00e5rt Team Vi oppfordrer &hellip; <a href=\"https:\/\/www.riwal.com\/no\/jobb-ledige-stillinger-riwal-norge\/\">Fortsettelse<\/a><\/p>\n","protected":false},"author":27,"featured_media":2929,"parent":0,"menu_order":0,"comment_status":"closed","ping_status":"closed","template":"","meta":{"_acf_changed":false,"footnotes":""},"class_list":["post-2928","page","type-page","status-publish","has-post-thumbnail","hentry"],"acf":[],"yoast_head":"<!-- This site is optimized with the Yoast SEO Premium plugin v27.1 (Yoast SEO v27.1.1) - https:\/\/yoast.com\/product\/yoast-seo-premium-wordpress\/ -->\n<title>Jobb hos Riwal Norge AS - Riwal Norge<\/title>\n<meta name=\"description\" content=\"Utforsk spennende karrieremuligheter hos Riwal Norge AS. Jobb hos Riwal Norge i et team som streber for god kundeservice og nye muligheter.\" \/>\n<meta name=\"robots\" content=\"index, follow, max-snippet:-1, max-image-preview:large, max-video-preview:-1\" \/>\n<link rel=\"canonical\" href=\"https:\/\/www.riwal.com\/no\/jobb-ledige-stillinger-riwal-norge\/\" \/>\n<meta property=\"og:locale\" content=\"nn_NO\" \/>\n<meta property=\"og:type\" content=\"article\" \/>\n<meta property=\"og:title\" content=\"Jobb hos Riwal Norge AS\" \/>\n<meta property=\"og:description\" content=\"Utforsk spennende karrieremuligheter hos Riwal Norge AS. Jobb hos Riwal Norge i et team som streber for god kundeservice og nye muligheter.\" \/>\n<meta property=\"og:url\" content=\"https:\/\/www.riwal.com\/no\/jobb-ledige-stillinger-riwal-norge\/\" \/>\n<meta property=\"og:site_name\" content=\"Riwal Norge\" \/>\n<meta property=\"article:modified_time\" content=\"2024-10-22T12:27:23+00:00\" \/>\n<meta property=\"og:image\" content=\"https:\/\/www.riwal.com\/app\/uploads\/sites\/12\/2023\/09\/riwal-aerial-work-platform-rental-sales-107-1024x683-1.webp\" \/>\n\t<meta property=\"og:image:width\" content=\"1024\" \/>\n\t<meta property=\"og:image:height\" content=\"683\" \/>\n\t<meta property=\"og:image:type\" content=\"image\/webp\" \/>\n<meta name=\"twitter:card\" content=\"summary_large_image\" \/>\n<meta name=\"twitter:label1\" content=\"Est. reading time\" \/>\n\t<meta name=\"twitter:data1\" content=\"2 minutt\" \/>\n<script type=\"application\/ld+json\" class=\"yoast-schema-graph\">{\"@context\":\"https:\/\/schema.org\",\"@graph\":[{\"@type\":\"WebPage\",\"@id\":\"https:\/\/www.riwal.com\/no\/jobb-ledige-stillinger-riwal-norge\/\",\"url\":\"https:\/\/www.riwal.com\/no\/jobb-ledige-stillinger-riwal-norge\/\",\"name\":\"Jobb hos Riwal Norge AS - Riwal Norge\",\"isPartOf\":{\"@id\":\"https:\/\/www.riwal.com\/no\/#website\"},\"primaryImageOfPage\":{\"@id\":\"https:\/\/www.riwal.com\/no\/jobb-ledige-stillinger-riwal-norge\/#primaryimage\"},\"image\":{\"@id\":\"https:\/\/www.riwal.com\/no\/jobb-ledige-stillinger-riwal-norge\/#primaryimage\"},\"thumbnailUrl\":\"https:\/\/eqsk4m2dkju.exactdn.com\/app\/uploads\/sites\/12\/2023\/09\/riwal-aerial-work-platform-rental-sales-107-1024x683-1.webp?strip=all&quality=92&webp=92&avif=80&sharp=1\",\"datePublished\":\"2023-09-11T11:49:45+00:00\",\"dateModified\":\"2024-10-22T12:27:23+00:00\",\"description\":\"Utforsk spennende karrieremuligheter hos Riwal Norge AS. Jobb hos Riwal Norge i et team som streber for god kundeservice og nye muligheter.\",\"breadcrumb\":{\"@id\":\"https:\/\/www.riwal.com\/no\/jobb-ledige-stillinger-riwal-norge\/#breadcrumb\"},\"inLanguage\":\"nn-NO\",\"potentialAction\":[{\"@type\":\"ReadAction\",\"target\":[\"https:\/\/www.riwal.com\/no\/jobb-ledige-stillinger-riwal-norge\/\"]}]},{\"@type\":\"ImageObject\",\"inLanguage\":\"nn-NO\",\"@id\":\"https:\/\/www.riwal.com\/no\/jobb-ledige-stillinger-riwal-norge\/#primaryimage\",\"url\":\"https:\/\/eqsk4m2dkju.exactdn.com\/app\/uploads\/sites\/12\/2023\/09\/riwal-aerial-work-platform-rental-sales-107-1024x683-1.webp?strip=all&quality=92&webp=92&avif=80&sharp=1\",\"contentUrl\":\"https:\/\/eqsk4m2dkju.exactdn.com\/app\/uploads\/sites\/12\/2023\/09\/riwal-aerial-work-platform-rental-sales-107-1024x683-1.webp?strip=all&quality=92&webp=92&avif=80&sharp=1\",\"width\":1024,\"height\":683,\"caption\":\"Riwal Norge AS\"},{\"@type\":\"BreadcrumbList\",\"@id\":\"https:\/\/www.riwal.com\/no\/jobb-ledige-stillinger-riwal-norge\/#breadcrumb\",\"itemListElement\":[{\"@type\":\"ListItem\",\"position\":1,\"name\":\"Hjem\",\"item\":\"https:\/\/www.riwal.com\/no\/\"},{\"@type\":\"ListItem\",\"position\":2,\"name\":\"Jobb hos Riwal Norge AS\"}]},{\"@type\":\"WebSite\",\"@id\":\"https:\/\/www.riwal.com\/no\/#website\",\"url\":\"https:\/\/www.riwal.com\/no\/\",\"name\":\"Riwal\",\"description\":\"JLG lifter til salgs\",\"publisher\":{\"@id\":\"https:\/\/www.riwal.com\/no\/#organization\"},\"potentialAction\":[{\"@type\":\"SearchAction\",\"target\":{\"@type\":\"EntryPoint\",\"urlTemplate\":\"https:\/\/www.riwal.com\/no\/?s={search_term_string}\"},\"query-input\":{\"@type\":\"PropertyValueSpecification\",\"valueRequired\":true,\"valueName\":\"search_term_string\"}}],\"inLanguage\":\"nn-NO\"},{\"@type\":\"Organization\",\"@id\":\"https:\/\/www.riwal.com\/no\/#organization\",\"name\":\"Riwal\",\"url\":\"https:\/\/www.riwal.com\/no\/\",\"logo\":{\"@type\":\"ImageObject\",\"inLanguage\":\"nn-NO\",\"@id\":\"https:\/\/www.riwal.com\/no\/#\/schema\/logo\/image\/\",\"url\":\"\",\"contentUrl\":\"\",\"caption\":\"Riwal\"},\"image\":{\"@id\":\"https:\/\/www.riwal.com\/no\/#\/schema\/logo\/image\/\"}}]}<\/script>\n<!-- \/ Yoast SEO Premium plugin. -->","yoast_head_json":{"title":"Jobb hos Riwal Norge AS - Riwal Norge","description":"Utforsk spennende karrieremuligheter hos Riwal Norge AS. Jobb hos Riwal Norge i et team som streber for god kundeservice og nye muligheter.","robots":{"index":"index","follow":"follow","max-snippet":"max-snippet:-1","max-image-preview":"max-image-preview:large","max-video-preview":"max-video-preview:-1"},"canonical":"https:\/\/www.riwal.com\/no\/jobb-ledige-stillinger-riwal-norge\/","og_locale":"nn_NO","og_type":"article","og_title":"Jobb hos Riwal Norge AS","og_description":"Utforsk spennende karrieremuligheter hos Riwal Norge AS. Jobb hos Riwal Norge i et team som streber for god kundeservice og nye muligheter.","og_url":"https:\/\/www.riwal.com\/no\/jobb-ledige-stillinger-riwal-norge\/","og_site_name":"Riwal Norge","article_modified_time":"2024-10-22T12:27:23+00:00","og_image":[{"width":1024,"height":683,"url":"https:\/\/www.riwal.com\/app\/uploads\/sites\/12\/2023\/09\/riwal-aerial-work-platform-rental-sales-107-1024x683-1.webp","type":"image\/webp"}],"twitter_card":"summary_large_image","twitter_misc":{"Est. reading time":"2 minutt"},"schema":{"@context":"https:\/\/schema.org","@graph":[{"@type":"WebPage","@id":"https:\/\/www.riwal.com\/no\/jobb-ledige-stillinger-riwal-norge\/","url":"https:\/\/www.riwal.com\/no\/jobb-ledige-stillinger-riwal-norge\/","name":"Jobb hos Riwal Norge AS - Riwal Norge","isPartOf":{"@id":"https:\/\/www.riwal.com\/no\/#website"},"primaryImageOfPage":{"@id":"https:\/\/www.riwal.com\/no\/jobb-ledige-stillinger-riwal-norge\/#primaryimage"},"image":{"@id":"https:\/\/www.riwal.com\/no\/jobb-ledige-stillinger-riwal-norge\/#primaryimage"},"thumbnailUrl":"https:\/\/eqsk4m2dkju.exactdn.com\/app\/uploads\/sites\/12\/2023\/09\/riwal-aerial-work-platform-rental-sales-107-1024x683-1.webp?strip=all&quality=92&webp=92&avif=80&sharp=1","datePublished":"2023-09-11T11:49:45+00:00","dateModified":"2024-10-22T12:27:23+00:00","description":"Utforsk spennende karrieremuligheter hos Riwal Norge AS. Jobb hos Riwal Norge i et team som streber for god kundeservice og nye muligheter.","breadcrumb":{"@id":"https:\/\/www.riwal.com\/no\/jobb-ledige-stillinger-riwal-norge\/#breadcrumb"},"inLanguage":"nn-NO","potentialAction":[{"@type":"ReadAction","target":["https:\/\/www.riwal.com\/no\/jobb-ledige-stillinger-riwal-norge\/"]}]},{"@type":"ImageObject","inLanguage":"nn-NO","@id":"https:\/\/www.riwal.com\/no\/jobb-ledige-stillinger-riwal-norge\/#primaryimage","url":"https:\/\/eqsk4m2dkju.exactdn.com\/app\/uploads\/sites\/12\/2023\/09\/riwal-aerial-work-platform-rental-sales-107-1024x683-1.webp?strip=all&quality=92&webp=92&avif=80&sharp=1","contentUrl":"https:\/\/eqsk4m2dkju.exactdn.com\/app\/uploads\/sites\/12\/2023\/09\/riwal-aerial-work-platform-rental-sales-107-1024x683-1.webp?strip=all&quality=92&webp=92&avif=80&sharp=1","width":1024,"height":683,"caption":"Riwal Norge AS"},{"@type":"BreadcrumbList","@id":"https:\/\/www.riwal.com\/no\/jobb-ledige-stillinger-riwal-norge\/#breadcrumb","itemListElement":[{"@type":"ListItem","position":1,"name":"Hjem","item":"https:\/\/www.riwal.com\/no\/"},{"@type":"ListItem","position":2,"name":"Jobb hos Riwal Norge AS"}]},{"@type":"WebSite","@id":"https:\/\/www.riwal.com\/no\/#website","url":"https:\/\/www.riwal.com\/no\/","name":"Riwal","description":"JLG lifter til salgs","publisher":{"@id":"https:\/\/www.riwal.com\/no\/#organization"},"potentialAction":[{"@type":"SearchAction","target":{"@type":"EntryPoint","urlTemplate":"https:\/\/www.riwal.com\/no\/?s={search_term_string}"},"query-input":{"@type":"PropertyValueSpecification","valueRequired":true,"valueName":"search_term_string"}}],"inLanguage":"nn-NO"},{"@type":"Organization","@id":"https:\/\/www.riwal.com\/no\/#organization","name":"Riwal","url":"https:\/\/www.riwal.com\/no\/","logo":{"@type":"ImageObject","inLanguage":"nn-NO","@id":"https:\/\/www.riwal.com\/no\/#\/schema\/logo\/image\/","url":"","contentUrl":"","caption":"Riwal"},"image":{"@id":"https:\/\/www.riwal.com\/no\/#\/schema\/logo\/image\/"}}]}},"_links":{"self":[{"href":"https:\/\/www.riwal.com\/no\/wp-json\/wp\/v2\/pages\/2928","targetHints":{"allow":["GET"]}}],"collection":[{"href":"https:\/\/www.riwal.com\/no\/wp-json\/wp\/v2\/pages"}],"about":[{"href":"https:\/\/www.riwal.com\/no\/wp-json\/wp\/v2\/types\/page"}],"author":[{"embeddable":true,"href":"https:\/\/www.riwal.com\/no\/wp-json\/wp\/v2\/users\/27"}],"replies":[{"embeddable":true,"href":"https:\/\/www.riwal.com\/no\/wp-json\/wp\/v2\/comments?post=2928"}],"version-history":[{"count":6,"href":"https:\/\/www.riwal.com\/no\/wp-json\/wp\/v2\/pages\/2928\/revisions"}],"predecessor-version":[{"id":13188,"href":"https:\/\/www.riwal.com\/no\/wp-json\/wp\/v2\/pages\/2928\/revisions\/13188"}],"wp:featuredmedia":[{"embeddable":true,"href":"https:\/\/www.riwal.com\/no\/wp-json\/wp\/v2\/media\/2929"}],"wp:attachment":[{"href":"https:\/\/www.riwal.com\/no\/wp-json\/wp\/v2\/media?parent=2928"}],"curies":[{"name":"wp","href":"https:\/\/api.w.org\/{rel}","templated":true}]}}