{"id":2156,"date":"2023-08-30T13:24:53","date_gmt":"2023-08-30T13:24:53","guid":{"rendered":"https:\/\/www.riwal.com\/no\/?page_id=2156"},"modified":"2025-09-29T13:12:00","modified_gmt":"2025-09-29T11:12:00","slug":"medarbeidere-hos-riwal-norge-as","status":"publish","type":"page","link":"https:\/\/www.riwal.com\/no\/medarbeidere-hos-riwal-norge-as\/","title":{"rendered":"Medarbeidere hos Riwal Norge AS"},"content":{"rendered":"<div class=\"rental-wp-default-block rental-theme-block-default-margin\">\n\t\t\t\t\t\t\t\t<div class=\"container\">\n<div class=\"wp-block-rental-theme-title-text rental-theme-block-default-margin\">\n\t<div class=\"wp-block-rental-theme-title-text__container\">\n\t\t<div class=\"wp-block-rental-theme-title-text__wrapper\">\n\t\t\t<h1 class='wp-block-rental-theme-title-text__title'>Ta kontakt med en av v\u00e5re medarbeidere!<\/h1>\t\t<\/div>\n\t\t<div class='wp-block-rental-theme-title-text__text'>\n\n<p>Velkommen til v\u00e5r medarbeiderside, hvor vi presenterer hjertet og sjelen av Riwal Norge. V\u00e5re dedikerte fagfolk er klare til \u00e5 l\u00f8se dine utfordringer, og tar arbeidet ditt til nye h\u00f8yder.<\/p>\n\n\n\n<p>Hver enkelt i v\u00e5rt team deler en lidenskap for sikkerhet, kvalitet og en forpliktelse til \u00e5 levere l\u00f8sninger som m\u00f8ter dine spesifikke behov. Enten du trenger maskiner, r\u00e5d, oppl\u00e6ring eller teknisk st\u00f8tte er vi her for \u00e5 hjelpe deg.<\/p>\n\n<\/div>\n\t<\/div>\n<\/div><\/div>\n\t\t\t\t\t\t\t<\/div> \n\n<div class=\"container\">\n<p>Ta kontakt med en av v\u00e5re ansatte nedenfor, vi vil gj\u00f8re v\u00e5rt beste for \u00e5 svare p\u00e5 dine sp\u00f8rsm\u00e5l!<\/p>\n<\/div>\n\n<div class=\"rental-wp-default-block rental-theme-block-default-margin\">\n\t\t\t\t\t\t\t\t<div class=\"container\">\n<div class=\"wp-block-columns is-layout-flex wp-container-core-columns-is-layout-28f84493 wp-block-columns-is-layout-flex\">\n<div class=\"wp-block-column is-layout-flow wp-block-column-is-layout-flow\">\n<figure class=\"wp-block-image aligncenter size-full is-resized is-style-rounded wp-duotone-unset-1\"><img loading=\"lazy\" decoding=\"async\" width=\"800\" height=\"533\" src=\"https:\/\/eqsk4m2dkju.exactdn.com\/app\/uploads\/sites\/12\/2024\/02\/Karl-Oskar-Fevik.jpg?strip=all&quality=92&webp=92&avif=80&sharp=1\" alt=\"\" class=\"wp-image-4223\" style=\"aspect-ratio:1;object-fit:cover;width:437px;height:auto\" srcset=\"https:\/\/eqsk4m2dkju.exactdn.com\/app\/uploads\/sites\/12\/2024\/02\/Karl-Oskar-Fevik.jpg?strip=all&amp;quality=92&amp;webp=92&amp;avif=80&amp;sharp=1 800w, https:\/\/eqsk4m2dkju.exactdn.com\/app\/uploads\/sites\/12\/2024\/02\/Karl-Oskar-Fevik-300x200.jpg?strip=all&amp;quality=92&amp;webp=92&amp;avif=80&amp;sharp=1 300w, https:\/\/eqsk4m2dkju.exactdn.com\/app\/uploads\/sites\/12\/2024\/02\/Karl-Oskar-Fevik-768x512.jpg?strip=all&amp;quality=92&amp;webp=92&amp;avif=80&amp;sharp=1 768w, https:\/\/eqsk4m2dkju.exactdn.com\/app\/uploads\/sites\/12\/2024\/02\/Karl-Oskar-Fevik-178x119.jpg?strip=all&amp;quality=92&amp;webp=92&amp;avif=80&amp;sharp=1 178w, https:\/\/eqsk4m2dkju.exactdn.com\/app\/uploads\/sites\/12\/2024\/02\/Karl-Oskar-Fevik-390x260.jpg?strip=all&amp;quality=92&amp;webp=92&amp;avif=80&amp;sharp=1 390w, https:\/\/eqsk4m2dkju.exactdn.com\/app\/uploads\/sites\/12\/2024\/02\/Karl-Oskar-Fevik-250x167.jpg?strip=all&amp;quality=92&amp;webp=92&amp;avif=80&amp;sharp=1 250w, https:\/\/eqsk4m2dkju.exactdn.com\/app\/uploads\/sites\/12\/2024\/02\/Karl-Oskar-Fevik-620x413.jpg?strip=all&amp;quality=92&amp;webp=92&amp;avif=80&amp;sharp=1 620w, https:\/\/eqsk4m2dkju.exactdn.com\/app\/uploads\/sites\/12\/2024\/02\/Karl-Oskar-Fevik-237x158.jpg?strip=all&amp;quality=92&amp;webp=92&amp;avif=80&amp;sharp=1 237w, https:\/\/eqsk4m2dkju.exactdn.com\/app\/uploads\/sites\/12\/2024\/02\/Karl-Oskar-Fevik-474x316.jpg?strip=all&amp;quality=92&amp;webp=92&amp;avif=80&amp;sharp=1 474w\" sizes=\"auto, (max-width: 800px) 100vw, 800px\" \/><\/figure>\n\n\n\n<p class=\"has-text-align-center\">Karl Oskar Fevik<br>Depot sjef<br><a href=\"https:\/\/mail\"><\/a><a href=\"mailto:salg_no@riwal.com\">salg_no@riwal.com<br><\/a>+47 22 32 41 10<\/p>\n\n\n\n<div class=\"wp-block-buttons alignfull is-content-justification-center is-layout-flex wp-container-core-buttons-is-layout-72caf8c6 wp-block-buttons-is-layout-flex\"><\/div>\n<\/div>\n\n\n\n<div class=\"wp-block-column is-layout-flow wp-block-column-is-layout-flow\">\n<figure class=\"wp-block-image aligncenter size-large is-resized is-style-rounded\"><img decoding=\"async\" src=\"https:\/\/eqsk4m2dkju.exactdn.com\/app\/uploads\/sites\/12\/2024\/02\/Anne-Marit-Hagestande.jpg?strip=all&quality=92&webp=92&avif=80&sharp=1&w=1920\" alt=\"\" style=\"aspect-ratio:1;object-fit:cover;width:437px\" \/><\/figure>\n\n\n\n<p class=\"has-text-align-center has-normal-font-size\">Anne Marit Hagestande<br>Utleie<br><a href=\"mailto:lift_no@riwal.com\">lift_no@riwal.com<br><\/a>+47 22 32 41 10<\/p>\n\n\n\n<div class=\"wp-block-buttons is-content-justification-center is-layout-flex wp-container-core-buttons-is-layout-a89b3969 wp-block-buttons-is-layout-flex\"><\/div>\n<\/div>\n\n\n\n<div class=\"wp-block-column is-layout-flow wp-block-column-is-layout-flow\">\n<div class=\"wp-block-columns is-layout-flex wp-container-core-columns-is-layout-28f84493 wp-block-columns-is-layout-flex\">\n<div class=\"wp-block-column is-layout-flow wp-block-column-is-layout-flow\">\n<figure class=\"wp-block-image size-large is-resized is-style-rounded\"><img decoding=\"async\" src=\"https:\/\/eqsk4m2dkju.exactdn.com\/app\/uploads\/sites\/12\/2024\/02\/Caroline-Klippenberg.jpg?strip=all&quality=92&webp=92&avif=80&sharp=1&w=1920\" alt=\"\" style=\"aspect-ratio:1;object-fit:cover;width:437px\" \/><\/figure>\n<\/div>\n<\/div>\n\n\n\n<p class=\"has-text-align-center has-normal-font-size\">Caroline Klippenberg<br>Verksted administrasjon<br>service_no@riwal.com<br>+47 22 32 41 10<\/p>\n\n\n\n<div class=\"wp-block-buttons is-content-justification-center is-layout-flex wp-container-core-buttons-is-layout-a89b3969 wp-block-buttons-is-layout-flex\"><\/div>\n<\/div>\n<\/div>\n<\/div>\n\t\t\t\t\t\t\t<\/div> \n\n<div class=\"rental-wp-default-block rental-theme-block-default-margin\">\n\t\t\t\t\t\t\t\t<div class=\"container\">\n<div class=\"wp-block-columns is-layout-flex wp-container-core-columns-is-layout-28f84493 wp-block-columns-is-layout-flex\">\n<div class=\"wp-block-column is-layout-flow wp-block-column-is-layout-flow\">\n<figure class=\"wp-block-image aligncenter size-large is-resized is-style-rounded wp-duotone-unset-2\"><img decoding=\"async\" src=\"https:\/\/eqsk4m2dkju.exactdn.com\/app\/uploads\/sites\/12\/2024\/02\/Heikel-Nordli.jpg?strip=all&quality=92&webp=92&avif=80&sharp=1&w=1920\" alt=\"\" style=\"aspect-ratio:1;object-fit:cover;width:437px\" \/><\/figure>\n\n\n\n<p class=\"has-text-align-center has-normal-font-size\">Heikel Nordli<br>Mekaniker<br><a href=\"mailto:\"><\/a><a href=\"mailto:service_no@riwal.com\">service_no@riwal.com<br><\/a>+47 22 32 41 10<\/p>\n<\/div>\n\n\n\n<div class=\"wp-block-column is-layout-flow wp-block-column-is-layout-flow\">\n<figure class=\"wp-block-image aligncenter size-large is-resized is-style-rounded wp-duotone-unset-3\"><img decoding=\"async\" src=\"https:\/\/eqsk4m2dkju.exactdn.com\/app\/uploads\/sites\/12\/2024\/02\/Tomas-Oistad.jpg?strip=all&quality=92&webp=92&avif=80&sharp=1&w=1920\" alt=\"\" style=\"aspect-ratio:1;object-fit:cover;width:437px\" \/><\/figure>\n\n\n\n<p class=\"has-text-align-center\">Tomas \u00d8istad<br>Mekaniker<br><a href=\"mailto:\"><\/a><a href=\"mailto:service_no@riwal.com\">service_no@riwal.com<br><\/a>+47 22 32 41 10<\/p>\n<\/div>\n\n\n\n<div class=\"wp-block-column is-layout-flow wp-block-column-is-layout-flow\">\n<figure class=\"wp-block-image aligncenter size-full is-resized is-style-rounded wp-duotone-unset-4\"><img loading=\"lazy\" decoding=\"async\" width=\"800\" height=\"533\" src=\"https:\/\/eqsk4m2dkju.exactdn.com\/app\/uploads\/sites\/12\/2025\/09\/Untitled-design.jpg?strip=all&quality=92&webp=92&avif=80&sharp=1\" alt=\"\" class=\"wp-image-17852\" style=\"aspect-ratio:1;object-fit:cover;width:437px\" srcset=\"https:\/\/eqsk4m2dkju.exactdn.com\/app\/uploads\/sites\/12\/2025\/09\/Untitled-design.jpg?strip=all&amp;quality=92&amp;webp=92&amp;avif=80&amp;sharp=1 800w, https:\/\/eqsk4m2dkju.exactdn.com\/app\/uploads\/sites\/12\/2025\/09\/Untitled-design-300x200.jpg?strip=all&amp;quality=92&amp;webp=92&amp;avif=80&amp;sharp=1 300w, https:\/\/eqsk4m2dkju.exactdn.com\/app\/uploads\/sites\/12\/2025\/09\/Untitled-design-768x512.jpg?strip=all&amp;quality=92&amp;webp=92&amp;avif=80&amp;sharp=1 768w, https:\/\/eqsk4m2dkju.exactdn.com\/app\/uploads\/sites\/12\/2025\/09\/Untitled-design-50x33.jpg?strip=all&amp;quality=92&amp;webp=92&amp;avif=80&amp;sharp=1 50w, https:\/\/eqsk4m2dkju.exactdn.com\/app\/uploads\/sites\/12\/2025\/09\/Untitled-design-178x119.jpg?strip=all&amp;quality=92&amp;webp=92&amp;avif=80&amp;sharp=1 178w, https:\/\/eqsk4m2dkju.exactdn.com\/app\/uploads\/sites\/12\/2025\/09\/Untitled-design-390x260.jpg?strip=all&amp;quality=92&amp;webp=92&amp;avif=80&amp;sharp=1 390w, https:\/\/eqsk4m2dkju.exactdn.com\/app\/uploads\/sites\/12\/2025\/09\/Untitled-design-250x167.jpg?strip=all&amp;quality=92&amp;webp=92&amp;avif=80&amp;sharp=1 250w, https:\/\/eqsk4m2dkju.exactdn.com\/app\/uploads\/sites\/12\/2025\/09\/Untitled-design-620x413.jpg?strip=all&amp;quality=92&amp;webp=92&amp;avif=80&amp;sharp=1 620w, https:\/\/eqsk4m2dkju.exactdn.com\/app\/uploads\/sites\/12\/2025\/09\/Untitled-design-237x158.jpg?strip=all&amp;quality=92&amp;webp=92&amp;avif=80&amp;sharp=1 237w, https:\/\/eqsk4m2dkju.exactdn.com\/app\/uploads\/sites\/12\/2025\/09\/Untitled-design-474x316.jpg?strip=all&amp;quality=92&amp;webp=92&amp;avif=80&amp;sharp=1 474w\" sizes=\"auto, (max-width: 800px) 100vw, 800px\" \/><\/figure>\n\n\n\n<p class=\"has-text-align-center\">Maia Workinn<br>Selger<br><a href=\"mailto:\"><\/a><a href=\"mailto:service_no@riwal.com\"><\/a><a href=\"mailto:salg_no@riwal.com\">salg_no@riwal.com<\/a><br>+47 22 32 41 10<\/p>\n<\/div>\n<\/div>\n<\/div>\n\t\t\t\t\t\t\t<\/div> \n\n<div class=\"rental-wp-default-block rental-theme-block-default-margin\">\n\t\t\t\t\t\t\t\t<div class=\"container\">\n<div class=\"wp-block-columns is-layout-flex wp-container-core-columns-is-layout-28f84493 wp-block-columns-is-layout-flex\">\n<div class=\"wp-block-column is-layout-flow wp-block-column-is-layout-flow\"><\/div>\n<\/div>\n<\/div>\n\t\t\t\t\t\t\t<\/div> \n\n<div class=\"rental-wp-default-block rental-theme-block-default-margin\">\n\t\t\t\t\t\t\t\t<div class=\"container\">\n<div class=\"wp-block-columns is-layout-flex wp-container-core-columns-is-layout-28f84493 wp-block-columns-is-layout-flex\">\n<div class=\"wp-block-column is-layout-flow wp-block-column-is-layout-flow\">\n<figure class=\"wp-block-image aligncenter size-large is-resized is-style-rounded\"><img decoding=\"async\" src=\"https:\/\/eqsk4m2dkju.exactdn.com\/app\/uploads\/sites\/12\/2024\/02\/Piotr-Pakura.jpg?strip=all&quality=92&webp=92&avif=80&sharp=1&w=1920\" alt=\"\" style=\"aspect-ratio:1;object-fit:cover;width:437px\" \/><\/figure>\n\n\n\n<p class=\"has-text-align-center has-normal-font-size\">Piotr Pakura<br>Mekaniker<br><a href=\"mailto:service_no@riwal.com\">service_no@riwal.com<\/a><br>+47 22 32 41 10<\/p>\n<\/div>\n\n\n\n<div class=\"wp-block-column is-layout-flow wp-block-column-is-layout-flow\">\n<figure class=\"wp-block-image aligncenter size-large is-resized is-style-rounded\"><img decoding=\"async\" src=\"https:\/\/eqsk4m2dkju.exactdn.com\/app\/uploads\/sites\/12\/2024\/02\/Erik-Bertsen.jpg?strip=all&quality=92&webp=92&avif=80&sharp=1&w=1920\" alt=\"\" style=\"aspect-ratio:1;object-fit:cover;width:437px\" \/><\/figure>\n\n\n\n<p class=\"has-text-align-center has-normal-font-size\">Erik Berntsen<br>Delelager<br><a href=\"mailto:\"><\/a><a href=\"mailto:\">parts_no@riwal.com<br><\/a>+47 22 32 41 10<\/p>\n<\/div>\n\n\n\n<div class=\"wp-block-column is-layout-flow wp-block-column-is-layout-flow\">\n<figure class=\"wp-block-image aligncenter size-large is-resized is-style-rounded\"><img decoding=\"async\" src=\"https:\/\/eqsk4m2dkju.exactdn.com\/app\/uploads\/sites\/12\/2024\/02\/Erlend-Johannessen.jpg?strip=all&quality=92&webp=92&avif=80&sharp=1&w=1920\" alt=\"\" style=\"aspect-ratio:1;object-fit:cover;width:437px\" \/><\/figure>\n\n\n\n<p class=\"has-text-align-center\">Erlend Johannessen<br>Delelager<br><a href=\"mailto:\"><\/a><a href=\"mailto:\">parts_no@riwal.com<br><\/a>+47 22 32 41 10<\/p>\n<\/div>\n<\/div>\n<\/div>\n\t\t\t\t\t\t\t<\/div> \n\n<div class=\"container\">\n<p><\/p>\n<\/div>\n\n<div class=\"wp-block-rental-theme-featured rental-theme-block-default-padding\">\n\t<div class=\"container\">\n\t\t<div class=\"wp-block-rental-theme-featured-container\">\n\t\t\t<div class=\"wp-block-rental-theme-featured__image\">\n\t\t\t\t<div class=\"wp-block-rental-theme-featured-image-container\">\n\t\t\t\t\t\t\t\t\t\t\t<div class=\"main-image\">\n\t\t\t\t\t\t\t<img loading=\"lazy\" decoding=\"async\" width=\"620\" height=\"413\" src=\"https:\/\/eqsk4m2dkju.exactdn.com\/app\/uploads\/sites\/12\/2023\/06\/riwal-aerial-work-platform-rental-sales-111-scaled.webp?strip=all&amp;quality=92&amp;webp=92&amp;avif=80&amp;sharp=1&amp;fit=620%2C413\" class=\"attachment-featured_block_image size-featured_block_image\" alt=\"\" srcset=\"https:\/\/eqsk4m2dkju.exactdn.com\/app\/uploads\/sites\/12\/2023\/06\/riwal-aerial-work-platform-rental-sales-111-scaled.webp?strip=all&amp;quality=92&amp;webp=92&amp;avif=80&amp;sharp=1 2560w, https:\/\/eqsk4m2dkju.exactdn.com\/app\/uploads\/sites\/12\/2023\/06\/riwal-aerial-work-platform-rental-sales-111-2048x1365.webp?strip=all&amp;quality=92&amp;webp=92&amp;avif=80&amp;sharp=1 2048w, https:\/\/eqsk4m2dkju.exactdn.com\/app\/uploads\/sites\/12\/2023\/06\/riwal-aerial-work-platform-rental-sales-111-1388x925.webp?strip=all&amp;quality=92&amp;webp=92&amp;avif=80&amp;sharp=1 1388w, https:\/\/eqsk4m2dkju.exactdn.com\/app\/uploads\/sites\/12\/2023\/06\/riwal-aerial-work-platform-rental-sales-111-830x553.webp?strip=all&amp;quality=92&amp;webp=92&amp;avif=80&amp;sharp=1 830w, https:\/\/eqsk4m2dkju.exactdn.com\/app\/uploads\/sites\/12\/2023\/06\/riwal-aerial-work-platform-rental-sales-111-250x167.webp?strip=all&amp;quality=92&amp;webp=92&amp;avif=80&amp;sharp=1 250w, https:\/\/eqsk4m2dkju.exactdn.com\/app\/uploads\/sites\/12\/2023\/06\/riwal-aerial-work-platform-rental-sales-111-300x200.webp?strip=all&amp;quality=92&amp;webp=92&amp;avif=80&amp;sharp=1 300w, https:\/\/eqsk4m2dkju.exactdn.com\/app\/uploads\/sites\/12\/2023\/06\/riwal-aerial-work-platform-rental-sales-111-768x512.webp?strip=all&amp;quality=92&amp;webp=92&amp;avif=80&amp;sharp=1 768w, https:\/\/eqsk4m2dkju.exactdn.com\/app\/uploads\/sites\/12\/2023\/06\/riwal-aerial-work-platform-rental-sales-111-1024x683.webp?strip=all&amp;quality=92&amp;webp=92&amp;avif=80&amp;sharp=1 1024w, https:\/\/eqsk4m2dkju.exactdn.com\/app\/uploads\/sites\/12\/2023\/06\/riwal-aerial-work-platform-rental-sales-111-1536x1024.webp?strip=all&amp;quality=92&amp;webp=92&amp;avif=80&amp;sharp=1 1536w, https:\/\/eqsk4m2dkju.exactdn.com\/app\/uploads\/sites\/12\/2023\/06\/riwal-aerial-work-platform-rental-sales-111-178x119.webp?strip=all&amp;quality=92&amp;webp=92&amp;avif=80&amp;sharp=1 178w, https:\/\/eqsk4m2dkju.exactdn.com\/app\/uploads\/sites\/12\/2023\/06\/riwal-aerial-work-platform-rental-sales-111-390x260.webp?strip=all&amp;quality=92&amp;webp=92&amp;avif=80&amp;sharp=1 390w, https:\/\/eqsk4m2dkju.exactdn.com\/app\/uploads\/sites\/12\/2023\/06\/riwal-aerial-work-platform-rental-sales-111-scaled.webp?strip=all&amp;quality=92&amp;webp=92&amp;avif=80&amp;sharp=1&amp;w=512 512w, https:\/\/eqsk4m2dkju.exactdn.com\/app\/uploads\/sites\/12\/2023\/06\/riwal-aerial-work-platform-rental-sales-111-scaled.webp?strip=all&amp;quality=92&amp;webp=92&amp;avif=80&amp;sharp=1&amp;w=450 450w\" sizes=\"auto, (max-width: 620px) 100vw, 620px\" \/>\t\t\t\t\t\t<\/div>\n\t\t\t\t\t\t\t\t\t\t<div class=\"wp-block-rental-theme-featured-image-container__subtext\">\n\t\t\t\t\t\tRiwal Norge Gjerdrum\t\t\t\t\t<\/div>\n\t\t\t\t<\/div>\n\t\t\t<\/div>\n\t\t\t<div class=\"wp-block-rental-theme-featured-content\">\n\t\t\t\t<div>\n\t\t\t\t\t<h2 class=\"wp-block-rental-theme-featured-title\">Bes\u00f8k v\u00e5rt kontor<\/h2>\n\t\t\t\t\t<div class=\"wp-block-rental-theme-featured-text\">\n\n<div class=\"wp-block-button\"><a class=\"wp-block-button__link wp-element-button\">V\u00e5re lokaler<\/a><\/div>\n\n<\/div>\n\t\t\t\t<\/div>\n\t\t\t<\/div>\n\t\t<\/div>\n\t<\/div>\n<\/div>\n","protected":false},"excerpt":{"rendered":"<p>Ta kontakt med en av v\u00e5re ansatte nedenfor, vi vil gj\u00f8re v\u00e5rt beste for \u00e5 svare p\u00e5 dine sp\u00f8rsm\u00e5l! Karl Oskar FevikDepot sjefsalg_no@riwal.com+47 22 32 41 10 Anne Marit HagestandeUtleielift_no@riwal.com+47 22 32 41 10 Caroline KlippenbergVerksted administrasjonservice_no@riwal.com+47 22 32 41 10 Heikel NordliMekanikerservice_no@riwal.com+47 22 32 41 10 Tomas \u00d8istadMekanikerservice_no@riwal.com+47 22 32 41 10 Maia WorkinnSelgersalg_no@riwal.com+47 &hellip; <a href=\"https:\/\/www.riwal.com\/no\/medarbeidere-hos-riwal-norge-as\/\">Fortsettelse<\/a><\/p>\n","protected":false},"author":27,"featured_media":1175,"parent":0,"menu_order":0,"comment_status":"closed","ping_status":"closed","template":"","meta":{"_acf_changed":false,"footnotes":""},"class_list":["post-2156","page","type-page","status-publish","has-post-thumbnail","hentry"],"acf":[],"yoast_head":"<!-- This site is optimized with the Yoast SEO Premium plugin v27.1 (Yoast SEO v27.1.1) - https:\/\/yoast.com\/product\/yoast-seo-premium-wordpress\/ -->\n<title>Medarbeidere hos Riwal Norge AS - Riwal Norge<\/title>\n<meta name=\"description\" content=\"Velkommen til v\u00e5r medarbeiderside, hvor vi presenterer hjertet og sjelen av Riwal Norge. Vi tar arbeidet ditt til nye h\u00f8yder.\" \/>\n<meta name=\"robots\" content=\"index, follow, max-snippet:-1, max-image-preview:large, max-video-preview:-1\" \/>\n<link rel=\"canonical\" href=\"https:\/\/www.riwal.com\/no\/medarbeidere-hos-riwal-norge-as\/\" \/>\n<meta property=\"og:locale\" content=\"nn_NO\" \/>\n<meta property=\"og:type\" content=\"article\" \/>\n<meta property=\"og:title\" content=\"Medarbeidere hos Riwal Norge AS\" \/>\n<meta property=\"og:description\" content=\"Velkommen til v\u00e5r medarbeiderside, hvor vi presenterer hjertet og sjelen av Riwal Norge. Vi tar arbeidet ditt til nye h\u00f8yder.\" \/>\n<meta property=\"og:url\" content=\"https:\/\/www.riwal.com\/no\/medarbeidere-hos-riwal-norge-as\/\" \/>\n<meta property=\"og:site_name\" content=\"Riwal Norge\" \/>\n<meta property=\"article:modified_time\" content=\"2025-09-29T11:12:00+00:00\" \/>\n<meta property=\"og:image\" content=\"https:\/\/www.riwal.com\/app\/uploads\/sites\/12\/2023\/06\/riwal-aerial-work-platform-rental-sales-104-scaled.webp\" \/>\n\t<meta property=\"og:image:width\" content=\"2560\" \/>\n\t<meta property=\"og:image:height\" content=\"1707\" \/>\n\t<meta property=\"og:image:type\" content=\"image\/webp\" \/>\n<meta name=\"twitter:card\" content=\"summary_large_image\" \/>\n<meta name=\"twitter:label1\" content=\"Est. reading time\" \/>\n\t<meta name=\"twitter:data1\" content=\"3 minutt\" \/>\n<script type=\"application\/ld+json\" class=\"yoast-schema-graph\">{\"@context\":\"https:\/\/schema.org\",\"@graph\":[{\"@type\":\"WebPage\",\"@id\":\"https:\/\/www.riwal.com\/no\/medarbeidere-hos-riwal-norge-as\/\",\"url\":\"https:\/\/www.riwal.com\/no\/medarbeidere-hos-riwal-norge-as\/\",\"name\":\"Medarbeidere hos Riwal Norge AS - Riwal Norge\",\"isPartOf\":{\"@id\":\"https:\/\/www.riwal.com\/no\/#website\"},\"primaryImageOfPage\":{\"@id\":\"https:\/\/www.riwal.com\/no\/medarbeidere-hos-riwal-norge-as\/#primaryimage\"},\"image\":{\"@id\":\"https:\/\/www.riwal.com\/no\/medarbeidere-hos-riwal-norge-as\/#primaryimage\"},\"thumbnailUrl\":\"https:\/\/eqsk4m2dkju.exactdn.com\/app\/uploads\/sites\/12\/2023\/06\/riwal-aerial-work-platform-rental-sales-104-scaled.webp?strip=all&quality=92&webp=92&avif=80&sharp=1\",\"datePublished\":\"2023-08-30T13:24:53+00:00\",\"dateModified\":\"2025-09-29T11:12:00+00:00\",\"description\":\"Velkommen til v\u00e5r medarbeiderside, hvor vi presenterer hjertet og sjelen av Riwal Norge. Vi tar arbeidet ditt til nye h\u00f8yder.\",\"breadcrumb\":{\"@id\":\"https:\/\/www.riwal.com\/no\/medarbeidere-hos-riwal-norge-as\/#breadcrumb\"},\"inLanguage\":\"nn-NO\",\"potentialAction\":[{\"@type\":\"ReadAction\",\"target\":[\"https:\/\/www.riwal.com\/no\/medarbeidere-hos-riwal-norge-as\/\"]}]},{\"@type\":\"ImageObject\",\"inLanguage\":\"nn-NO\",\"@id\":\"https:\/\/www.riwal.com\/no\/medarbeidere-hos-riwal-norge-as\/#primaryimage\",\"url\":\"https:\/\/eqsk4m2dkju.exactdn.com\/app\/uploads\/sites\/12\/2023\/06\/riwal-aerial-work-platform-rental-sales-104-scaled.webp?strip=all&quality=92&webp=92&avif=80&sharp=1\",\"contentUrl\":\"https:\/\/eqsk4m2dkju.exactdn.com\/app\/uploads\/sites\/12\/2023\/06\/riwal-aerial-work-platform-rental-sales-104-scaled.webp?strip=all&quality=92&webp=92&avif=80&sharp=1\",\"width\":2560,\"height\":1707,\"caption\":\"Kontor Riwal Norge\"},{\"@type\":\"BreadcrumbList\",\"@id\":\"https:\/\/www.riwal.com\/no\/medarbeidere-hos-riwal-norge-as\/#breadcrumb\",\"itemListElement\":[{\"@type\":\"ListItem\",\"position\":1,\"name\":\"Hjem\",\"item\":\"https:\/\/www.riwal.com\/no\/\"},{\"@type\":\"ListItem\",\"position\":2,\"name\":\"Medarbeidere hos Riwal Norge AS\"}]},{\"@type\":\"WebSite\",\"@id\":\"https:\/\/www.riwal.com\/no\/#website\",\"url\":\"https:\/\/www.riwal.com\/no\/\",\"name\":\"Riwal\",\"description\":\"JLG lifter til salgs\",\"publisher\":{\"@id\":\"https:\/\/www.riwal.com\/no\/#organization\"},\"potentialAction\":[{\"@type\":\"SearchAction\",\"target\":{\"@type\":\"EntryPoint\",\"urlTemplate\":\"https:\/\/www.riwal.com\/no\/?s={search_term_string}\"},\"query-input\":{\"@type\":\"PropertyValueSpecification\",\"valueRequired\":true,\"valueName\":\"search_term_string\"}}],\"inLanguage\":\"nn-NO\"},{\"@type\":\"Organization\",\"@id\":\"https:\/\/www.riwal.com\/no\/#organization\",\"name\":\"Riwal\",\"url\":\"https:\/\/www.riwal.com\/no\/\",\"logo\":{\"@type\":\"ImageObject\",\"inLanguage\":\"nn-NO\",\"@id\":\"https:\/\/www.riwal.com\/no\/#\/schema\/logo\/image\/\",\"url\":\"\",\"contentUrl\":\"\",\"caption\":\"Riwal\"},\"image\":{\"@id\":\"https:\/\/www.riwal.com\/no\/#\/schema\/logo\/image\/\"}}]}<\/script>\n<!-- \/ Yoast SEO Premium plugin. -->","yoast_head_json":{"title":"Medarbeidere hos Riwal Norge AS - Riwal Norge","description":"Velkommen til v\u00e5r medarbeiderside, hvor vi presenterer hjertet og sjelen av Riwal Norge. Vi tar arbeidet ditt til nye h\u00f8yder.","robots":{"index":"index","follow":"follow","max-snippet":"max-snippet:-1","max-image-preview":"max-image-preview:large","max-video-preview":"max-video-preview:-1"},"canonical":"https:\/\/www.riwal.com\/no\/medarbeidere-hos-riwal-norge-as\/","og_locale":"nn_NO","og_type":"article","og_title":"Medarbeidere hos Riwal Norge AS","og_description":"Velkommen til v\u00e5r medarbeiderside, hvor vi presenterer hjertet og sjelen av Riwal Norge. Vi tar arbeidet ditt til nye h\u00f8yder.","og_url":"https:\/\/www.riwal.com\/no\/medarbeidere-hos-riwal-norge-as\/","og_site_name":"Riwal Norge","article_modified_time":"2025-09-29T11:12:00+00:00","og_image":[{"width":2560,"height":1707,"url":"https:\/\/www.riwal.com\/app\/uploads\/sites\/12\/2023\/06\/riwal-aerial-work-platform-rental-sales-104-scaled.webp","type":"image\/webp"}],"twitter_card":"summary_large_image","twitter_misc":{"Est. reading time":"3 minutt"},"schema":{"@context":"https:\/\/schema.org","@graph":[{"@type":"WebPage","@id":"https:\/\/www.riwal.com\/no\/medarbeidere-hos-riwal-norge-as\/","url":"https:\/\/www.riwal.com\/no\/medarbeidere-hos-riwal-norge-as\/","name":"Medarbeidere hos Riwal Norge AS - Riwal Norge","isPartOf":{"@id":"https:\/\/www.riwal.com\/no\/#website"},"primaryImageOfPage":{"@id":"https:\/\/www.riwal.com\/no\/medarbeidere-hos-riwal-norge-as\/#primaryimage"},"image":{"@id":"https:\/\/www.riwal.com\/no\/medarbeidere-hos-riwal-norge-as\/#primaryimage"},"thumbnailUrl":"https:\/\/eqsk4m2dkju.exactdn.com\/app\/uploads\/sites\/12\/2023\/06\/riwal-aerial-work-platform-rental-sales-104-scaled.webp?strip=all&quality=92&webp=92&avif=80&sharp=1","datePublished":"2023-08-30T13:24:53+00:00","dateModified":"2025-09-29T11:12:00+00:00","description":"Velkommen til v\u00e5r medarbeiderside, hvor vi presenterer hjertet og sjelen av Riwal Norge. Vi tar arbeidet ditt til nye h\u00f8yder.","breadcrumb":{"@id":"https:\/\/www.riwal.com\/no\/medarbeidere-hos-riwal-norge-as\/#breadcrumb"},"inLanguage":"nn-NO","potentialAction":[{"@type":"ReadAction","target":["https:\/\/www.riwal.com\/no\/medarbeidere-hos-riwal-norge-as\/"]}]},{"@type":"ImageObject","inLanguage":"nn-NO","@id":"https:\/\/www.riwal.com\/no\/medarbeidere-hos-riwal-norge-as\/#primaryimage","url":"https:\/\/eqsk4m2dkju.exactdn.com\/app\/uploads\/sites\/12\/2023\/06\/riwal-aerial-work-platform-rental-sales-104-scaled.webp?strip=all&quality=92&webp=92&avif=80&sharp=1","contentUrl":"https:\/\/eqsk4m2dkju.exactdn.com\/app\/uploads\/sites\/12\/2023\/06\/riwal-aerial-work-platform-rental-sales-104-scaled.webp?strip=all&quality=92&webp=92&avif=80&sharp=1","width":2560,"height":1707,"caption":"Kontor Riwal Norge"},{"@type":"BreadcrumbList","@id":"https:\/\/www.riwal.com\/no\/medarbeidere-hos-riwal-norge-as\/#breadcrumb","itemListElement":[{"@type":"ListItem","position":1,"name":"Hjem","item":"https:\/\/www.riwal.com\/no\/"},{"@type":"ListItem","position":2,"name":"Medarbeidere hos Riwal Norge AS"}]},{"@type":"WebSite","@id":"https:\/\/www.riwal.com\/no\/#website","url":"https:\/\/www.riwal.com\/no\/","name":"Riwal","description":"JLG lifter til salgs","publisher":{"@id":"https:\/\/www.riwal.com\/no\/#organization"},"potentialAction":[{"@type":"SearchAction","target":{"@type":"EntryPoint","urlTemplate":"https:\/\/www.riwal.com\/no\/?s={search_term_string}"},"query-input":{"@type":"PropertyValueSpecification","valueRequired":true,"valueName":"search_term_string"}}],"inLanguage":"nn-NO"},{"@type":"Organization","@id":"https:\/\/www.riwal.com\/no\/#organization","name":"Riwal","url":"https:\/\/www.riwal.com\/no\/","logo":{"@type":"ImageObject","inLanguage":"nn-NO","@id":"https:\/\/www.riwal.com\/no\/#\/schema\/logo\/image\/","url":"","contentUrl":"","caption":"Riwal"},"image":{"@id":"https:\/\/www.riwal.com\/no\/#\/schema\/logo\/image\/"}}]}},"_links":{"self":[{"href":"https:\/\/www.riwal.com\/no\/wp-json\/wp\/v2\/pages\/2156","targetHints":{"allow":["GET"]}}],"collection":[{"href":"https:\/\/www.riwal.com\/no\/wp-json\/wp\/v2\/pages"}],"about":[{"href":"https:\/\/www.riwal.com\/no\/wp-json\/wp\/v2\/types\/page"}],"author":[{"embeddable":true,"href":"https:\/\/www.riwal.com\/no\/wp-json\/wp\/v2\/users\/27"}],"replies":[{"embeddable":true,"href":"https:\/\/www.riwal.com\/no\/wp-json\/wp\/v2\/comments?post=2156"}],"version-history":[{"count":30,"href":"https:\/\/www.riwal.com\/no\/wp-json\/wp\/v2\/pages\/2156\/revisions"}],"predecessor-version":[{"id":17855,"href":"https:\/\/www.riwal.com\/no\/wp-json\/wp\/v2\/pages\/2156\/revisions\/17855"}],"wp:featuredmedia":[{"embeddable":true,"href":"https:\/\/www.riwal.com\/no\/wp-json\/wp\/v2\/media\/1175"}],"wp:attachment":[{"href":"https:\/\/www.riwal.com\/no\/wp-json\/wp\/v2\/media?parent=2156"}],"curies":[{"name":"wp","href":"https:\/\/api.w.org\/{rel}","templated":true}]}}