{"id":13279,"date":"2025-02-10T08:31:49","date_gmt":"2025-02-10T07:31:49","guid":{"rendered":"https:\/\/www.riwal.com\/no\/?page_id=13279"},"modified":"2025-02-10T08:56:42","modified_gmt":"2025-02-10T07:56:42","slug":"internasjonal-utleie","status":"publish","type":"page","link":"https:\/\/www.riwal.com\/no\/internasjonal-utleie\/","title":{"rendered":"Internasjonal utleie"},"content":{"rendered":"<div class=\"container\">\n<h1 class=\"wp-block-heading\" id=\"h-riwals-globale-tilstedevaerelse\">Riwals globale tilstedev\u00e6relse<\/h1>\n<\/div>\n\n<div class=\"container\">\n<p>Naturligvis leverer Riwal toppmoderne maskiner, med den beste servicen og all ekspertisen du m\u00e5tte trenge. Hva vi er stolte av? Den globale dekningen av v\u00e5rt utstyr og support. Uavhengig av de 14 landene vi opererer i, betjener vi hele verden gjennom v\u00e5rt brede nettverk. Uansett hvor du befinner deg eller hvilken tidsfrist du har, s\u00f8rger vi for \u00e5 levere i tide.<\/p>\n<\/div>\n\n<div class=\"container\">\n<p><\/p>\n<\/div>\n\n<div class=\"container\">\n<h3 class=\"wp-block-heading\"><strong>One-stop-shop<\/strong><\/h3>\n<\/div>\n\n<div class=\"container\">\n<p>N\u00e5r du samarbeider med oss, gir v\u00e5r internasjonale utleieavdeling deg \u00e9n enkelt kontaktperson. Enten prosjektet ditt er i Italia, Kasakhstan, USA eller Mauritania, tar vi utfordringen p\u00e5 alvor. Takket v\u00e6re v\u00e5re dedikerte avdelinger som jobber tett sammen med Riwal International Rental, vet vi hvordan vi skal n\u00e5 frem \u2013 og vi leverer raskt.<\/p>\n<\/div>\n\n<div class=\"wp-block-rental-theme-featured rental-theme-block-default-padding\">\n\t<div class=\"container\">\n\t\t<div class=\"wp-block-rental-theme-featured-container\">\n\t\t\t<div class=\"wp-block-rental-theme-featured__image\">\n\t\t\t\t<div class=\"wp-block-rental-theme-featured-image-container\">\n\t\t\t\t\t\t\t\t\t\t\t<div class=\"main-image\">\n\t\t\t\t\t\t\t<img loading=\"lazy\" decoding=\"async\" width=\"510\" height=\"490\" src=\"https:\/\/eqsk4m2dkju.exactdn.com\/app\/uploads\/sites\/12\/2025\/02\/riwal-map-international-depot-locations-2023-510x490.jpg?strip=all&amp;quality=92&amp;webp=92&amp;avif=80&amp;sharp=1\" class=\"attachment-featured_block_image size-featured_block_image\" alt=\"Kort over Riwals lokationer\" srcset=\"https:\/\/eqsk4m2dkju.exactdn.com\/app\/uploads\/sites\/12\/2025\/02\/riwal-map-international-depot-locations-2023-510x490.jpg?strip=all&amp;quality=92&amp;webp=92&amp;avif=80&amp;sharp=1 510w, https:\/\/eqsk4m2dkju.exactdn.com\/app\/uploads\/sites\/12\/2025\/02\/riwal-map-international-depot-locations-2023-300x288.jpg?strip=all&amp;quality=92&amp;webp=92&amp;avif=80&amp;sharp=1 300w, https:\/\/eqsk4m2dkju.exactdn.com\/app\/uploads\/sites\/12\/2025\/02\/riwal-map-international-depot-locations-2023-768x738.jpg?strip=all&amp;quality=92&amp;webp=92&amp;avif=80&amp;sharp=1 768w, https:\/\/eqsk4m2dkju.exactdn.com\/app\/uploads\/sites\/12\/2025\/02\/riwal-map-international-depot-locations-2023-178x171.jpg?strip=all&amp;quality=92&amp;webp=92&amp;avif=80&amp;sharp=1 178w, https:\/\/eqsk4m2dkju.exactdn.com\/app\/uploads\/sites\/12\/2025\/02\/riwal-map-international-depot-locations-2023-390x375.jpg?strip=all&amp;quality=92&amp;webp=92&amp;avif=80&amp;sharp=1 390w, https:\/\/eqsk4m2dkju.exactdn.com\/app\/uploads\/sites\/12\/2025\/02\/riwal-map-international-depot-locations-2023-653x628.jpg?strip=all&amp;quality=92&amp;webp=92&amp;avif=80&amp;sharp=1 653w, https:\/\/eqsk4m2dkju.exactdn.com\/app\/uploads\/sites\/12\/2025\/02\/riwal-map-international-depot-locations-2023-208x200.jpg?strip=all&amp;quality=92&amp;webp=92&amp;avif=80&amp;sharp=1 208w, https:\/\/eqsk4m2dkju.exactdn.com\/app\/uploads\/sites\/12\/2025\/02\/riwal-map-international-depot-locations-2023-237x228.jpg?strip=all&amp;quality=92&amp;webp=92&amp;avif=80&amp;sharp=1 237w, https:\/\/eqsk4m2dkju.exactdn.com\/app\/uploads\/sites\/12\/2025\/02\/riwal-map-international-depot-locations-2023-474x456.jpg?strip=all&amp;quality=92&amp;webp=92&amp;avif=80&amp;sharp=1 474w, https:\/\/eqsk4m2dkju.exactdn.com\/app\/uploads\/sites\/12\/2025\/02\/riwal-map-international-depot-locations-2023.jpg?strip=all&amp;quality=92&amp;webp=92&amp;avif=80&amp;sharp=1 962w, https:\/\/eqsk4m2dkju.exactdn.com\/app\/uploads\/sites\/12\/2025\/02\/riwal-map-international-depot-locations-2023.jpg?strip=all&amp;quality=92&amp;webp=92&amp;avif=80&amp;sharp=1&amp;w=577 577w\" sizes=\"auto, (max-width: 510px) 100vw, 510px\" \/>\t\t\t\t\t\t<\/div>\n\t\t\t\t\t\t\t\t\t\t<div class=\"wp-block-rental-theme-featured-image-container__subtext\">\n\t\t\t\t\t\tRiwal depots\t\t\t\t\t<\/div>\n\t\t\t\t<\/div>\n\t\t\t<\/div>\n\t\t\t<div class=\"wp-block-rental-theme-featured-content\">\n\t\t\t\t<div>\n\t\t\t\t\t<h2 class=\"wp-block-rental-theme-featured-title\">\u00c9n gruppe, \u00e9n kontaktperson<\/h2>\n\t\t\t\t\t<div class=\"wp-block-rental-theme-featured-text\">\n\n<p><strong>Spesialisert maskinpark<\/strong><br>Trenger du h\u00f8yt spesialisert utstyr? Med en fl\u00e5te p\u00e5 20 000 maskiner og utleie av rundt 150 forskjellige maskintyper, kan vi alltid m\u00f8te dine behov. Skal du n\u00e5 ekstreme h\u00f8yder eller trenger h\u00f8y l\u00f8ftekapasitet? Se ikke lenger \u2013 vi har l\u00f8sningen. Skal prosjektet ditt gjennomf\u00f8res i et land hvor Riwal allerede har depoter, vil vi dra nytte av v\u00e5r egen lokale organisasjon, hvor vi allerede har folk p\u00e5 stedet.<\/p>\n\n\n\n<p><br><strong>Spesifikk ekspertise<\/strong><br>Med v\u00e5r kunnskap og erfaring innen sikker, effektiv og b\u00e6rekraftig drift er vi spesialister p\u00e5 lager- og reolsystemer. Men vi betjener ogs\u00e5 andre bransjer, som eventindustrien og farmas\u00f8ytisk industri. Hva har merker som Nike, Zalando, IKEA, Volvo Ocean Race og Fujifilm til felles? De velger Riwal International Rental som sin foretrukne leverand\u00f8r. <br><\/p>\n\n<\/div>\n\t\t\t\t<\/div>\n\t\t\t<\/div>\n\t\t<\/div>\n\t<\/div>\n<\/div>\n\n\n<div class=\"container\">\n<p><\/p>\n<\/div>\n\n<div class=\"container\">\n<p><\/p>\n<\/div>\n\n<div class=\"container\">\n<h2 class=\"wp-block-heading\" id=\"h-spesialisert-utstyr-og-mye-mer\">Spesialisert utstyr \u2013 og mye mer<\/h2>\n<\/div>\n\n<div class=\"container\">\n<p>V\u00e5re kunder kan stole p\u00e5 helhetlig st\u00f8tte fra dedikerte team. Vi tilpasser oss de spesifikke kravene til store internasjonale selskaper, enten det gjelder kontakt p\u00e5 lokalt spr\u00e5k eller fakturering i forskjellige valutaer. Og det stopper ikke der: Riwal er en ledende partner innen liftutstyr, teleskoptrucker og gaffeltrucker, men gjennom samarbeid med lokale partnere kan vi ogs\u00e5 sikre annet utstyr og installasjoner, som gjerder, belysning eller generatorer.<\/p>\n<\/div>\n\n<div class=\"container\">\n<p><\/p>\n<\/div>\n\n<div class=\"container\">\n<h3 class=\"wp-block-heading\">V\u00e5re l\u00f8fter<\/h3>\n<\/div>\n\n<div class=\"container\">\n<p>Med Riwal som din partner kan du stole p\u00e5:<br>\u2013 V\u00e5rt internasjonale nettverk av Single Points of Contact<br>\u2013 Dedikerte partnere over hele verden<br>\u2013 Umiddelbar assistanse p\u00e5 ditt eget spr\u00e5k<br>\u2013 Fakturering i enhver valuta<br>\u2013 En nisje-maskinpark med de mest spesialiserte maskintypene<br>\u2013 Dedikerte tekniske team og service p\u00e5 stedet ved behov<\/p>\n<\/div>\n\n<div class=\"rental-wp-default-block rental-theme-block-default-margin\">\n\t\t\t\t\t\t\t\t<div class=\"container\">\n<div class=\"wp-block-buttons is-layout-flex wp-block-buttons-is-layout-flex\">\n<div class=\"wp-block-button\"><a class=\"wp-block-button__link wp-element-button\" href=\"https:\/\/www.riwal.com\/no\/salg\/\">Se v\u00e5re lifter<\/a><\/div>\n<\/div>\n<\/div>\n\t\t\t\t\t\t\t<\/div> \n\n<div class=\"container\">\n<p><\/p>\n<\/div>\n\n<div class=\"container\">\n<p><\/p>\n<\/div>","protected":false},"excerpt":{"rendered":"<p>Riwals globale tilstedev\u00e6relse Naturligvis leverer Riwal toppmoderne maskiner, med den beste servicen og all ekspertisen du m\u00e5tte trenge. Hva vi er stolte av? Den globale dekningen av v\u00e5rt utstyr og support. Uavhengig av de 14 landene vi opererer i, betjener vi hele verden gjennom v\u00e5rt brede nettverk. Uansett hvor du befinner deg eller hvilken tidsfrist &hellip; <a href=\"https:\/\/www.riwal.com\/no\/internasjonal-utleie\/\">Fortsettelse<\/a><\/p>\n","protected":false},"author":18,"featured_media":0,"parent":0,"menu_order":0,"comment_status":"closed","ping_status":"closed","template":"","meta":{"_acf_changed":false,"footnotes":""},"class_list":["post-13279","page","type-page","status-publish","hentry"],"acf":[],"yoast_head":"<!-- This site is optimized with the Yoast SEO Premium plugin v27.1 (Yoast SEO v27.1.1) - https:\/\/yoast.com\/product\/yoast-seo-premium-wordpress\/ -->\n<title>Internasjonal utleie - Riwal Norge<\/title>\n<meta name=\"robots\" content=\"index, follow, max-snippet:-1, max-image-preview:large, max-video-preview:-1\" \/>\n<link rel=\"canonical\" href=\"https:\/\/www.riwal.com\/no\/internasjonal-utleie\/\" \/>\n<meta property=\"og:locale\" content=\"nn_NO\" \/>\n<meta property=\"og:type\" content=\"article\" \/>\n<meta property=\"og:title\" content=\"Internasjonal utleie\" \/>\n<meta property=\"og:description\" content=\"Riwals globale tilstedev\u00e6relse Naturligvis leverer Riwal toppmoderne maskiner, med den beste servicen og all ekspertisen du m\u00e5tte trenge. Hva vi er stolte av? Den globale dekningen av v\u00e5rt utstyr og support. Uavhengig av de 14 landene vi opererer i, betjener vi hele verden gjennom v\u00e5rt brede nettverk. Uansett hvor du befinner deg eller hvilken tidsfrist &hellip; Fortsettelse\" \/>\n<meta property=\"og:url\" content=\"https:\/\/www.riwal.com\/no\/internasjonal-utleie\/\" \/>\n<meta property=\"og:site_name\" content=\"Riwal Norge\" \/>\n<meta property=\"article:modified_time\" content=\"2025-02-10T07:56:42+00:00\" \/>\n<meta name=\"twitter:card\" content=\"summary_large_image\" \/>\n<meta name=\"twitter:label1\" content=\"Est. reading time\" \/>\n\t<meta name=\"twitter:data1\" content=\"2 minutt\" \/>\n<script type=\"application\/ld+json\" class=\"yoast-schema-graph\">{\"@context\":\"https:\/\/schema.org\",\"@graph\":[{\"@type\":\"WebPage\",\"@id\":\"https:\/\/www.riwal.com\/no\/internasjonal-utleie\/\",\"url\":\"https:\/\/www.riwal.com\/no\/internasjonal-utleie\/\",\"name\":\"Internasjonal utleie - Riwal Norge\",\"isPartOf\":{\"@id\":\"https:\/\/www.riwal.com\/no\/#website\"},\"datePublished\":\"2025-02-10T07:31:49+00:00\",\"dateModified\":\"2025-02-10T07:56:42+00:00\",\"breadcrumb\":{\"@id\":\"https:\/\/www.riwal.com\/no\/internasjonal-utleie\/#breadcrumb\"},\"inLanguage\":\"nn-NO\",\"potentialAction\":[{\"@type\":\"ReadAction\",\"target\":[\"https:\/\/www.riwal.com\/no\/internasjonal-utleie\/\"]}]},{\"@type\":\"BreadcrumbList\",\"@id\":\"https:\/\/www.riwal.com\/no\/internasjonal-utleie\/#breadcrumb\",\"itemListElement\":[{\"@type\":\"ListItem\",\"position\":1,\"name\":\"Hjem\",\"item\":\"https:\/\/www.riwal.com\/no\/\"},{\"@type\":\"ListItem\",\"position\":2,\"name\":\"Internasjonal utleie\"}]},{\"@type\":\"WebSite\",\"@id\":\"https:\/\/www.riwal.com\/no\/#website\",\"url\":\"https:\/\/www.riwal.com\/no\/\",\"name\":\"Riwal\",\"description\":\"JLG lifter til salgs\",\"publisher\":{\"@id\":\"https:\/\/www.riwal.com\/no\/#organization\"},\"potentialAction\":[{\"@type\":\"SearchAction\",\"target\":{\"@type\":\"EntryPoint\",\"urlTemplate\":\"https:\/\/www.riwal.com\/no\/?s={search_term_string}\"},\"query-input\":{\"@type\":\"PropertyValueSpecification\",\"valueRequired\":true,\"valueName\":\"search_term_string\"}}],\"inLanguage\":\"nn-NO\"},{\"@type\":\"Organization\",\"@id\":\"https:\/\/www.riwal.com\/no\/#organization\",\"name\":\"Riwal\",\"url\":\"https:\/\/www.riwal.com\/no\/\",\"logo\":{\"@type\":\"ImageObject\",\"inLanguage\":\"nn-NO\",\"@id\":\"https:\/\/www.riwal.com\/no\/#\/schema\/logo\/image\/\",\"url\":\"\",\"contentUrl\":\"\",\"caption\":\"Riwal\"},\"image\":{\"@id\":\"https:\/\/www.riwal.com\/no\/#\/schema\/logo\/image\/\"}}]}<\/script>\n<!-- \/ Yoast SEO Premium plugin. -->","yoast_head_json":{"title":"Internasjonal utleie - Riwal Norge","robots":{"index":"index","follow":"follow","max-snippet":"max-snippet:-1","max-image-preview":"max-image-preview:large","max-video-preview":"max-video-preview:-1"},"canonical":"https:\/\/www.riwal.com\/no\/internasjonal-utleie\/","og_locale":"nn_NO","og_type":"article","og_title":"Internasjonal utleie","og_description":"Riwals globale tilstedev\u00e6relse Naturligvis leverer Riwal toppmoderne maskiner, med den beste servicen og all ekspertisen du m\u00e5tte trenge. Hva vi er stolte av? Den globale dekningen av v\u00e5rt utstyr og support. Uavhengig av de 14 landene vi opererer i, betjener vi hele verden gjennom v\u00e5rt brede nettverk. Uansett hvor du befinner deg eller hvilken tidsfrist &hellip; Fortsettelse","og_url":"https:\/\/www.riwal.com\/no\/internasjonal-utleie\/","og_site_name":"Riwal Norge","article_modified_time":"2025-02-10T07:56:42+00:00","twitter_card":"summary_large_image","twitter_misc":{"Est. reading time":"2 minutt"},"schema":{"@context":"https:\/\/schema.org","@graph":[{"@type":"WebPage","@id":"https:\/\/www.riwal.com\/no\/internasjonal-utleie\/","url":"https:\/\/www.riwal.com\/no\/internasjonal-utleie\/","name":"Internasjonal utleie - Riwal Norge","isPartOf":{"@id":"https:\/\/www.riwal.com\/no\/#website"},"datePublished":"2025-02-10T07:31:49+00:00","dateModified":"2025-02-10T07:56:42+00:00","breadcrumb":{"@id":"https:\/\/www.riwal.com\/no\/internasjonal-utleie\/#breadcrumb"},"inLanguage":"nn-NO","potentialAction":[{"@type":"ReadAction","target":["https:\/\/www.riwal.com\/no\/internasjonal-utleie\/"]}]},{"@type":"BreadcrumbList","@id":"https:\/\/www.riwal.com\/no\/internasjonal-utleie\/#breadcrumb","itemListElement":[{"@type":"ListItem","position":1,"name":"Hjem","item":"https:\/\/www.riwal.com\/no\/"},{"@type":"ListItem","position":2,"name":"Internasjonal utleie"}]},{"@type":"WebSite","@id":"https:\/\/www.riwal.com\/no\/#website","url":"https:\/\/www.riwal.com\/no\/","name":"Riwal","description":"JLG lifter til salgs","publisher":{"@id":"https:\/\/www.riwal.com\/no\/#organization"},"potentialAction":[{"@type":"SearchAction","target":{"@type":"EntryPoint","urlTemplate":"https:\/\/www.riwal.com\/no\/?s={search_term_string}"},"query-input":{"@type":"PropertyValueSpecification","valueRequired":true,"valueName":"search_term_string"}}],"inLanguage":"nn-NO"},{"@type":"Organization","@id":"https:\/\/www.riwal.com\/no\/#organization","name":"Riwal","url":"https:\/\/www.riwal.com\/no\/","logo":{"@type":"ImageObject","inLanguage":"nn-NO","@id":"https:\/\/www.riwal.com\/no\/#\/schema\/logo\/image\/","url":"","contentUrl":"","caption":"Riwal"},"image":{"@id":"https:\/\/www.riwal.com\/no\/#\/schema\/logo\/image\/"}}]}},"_links":{"self":[{"href":"https:\/\/www.riwal.com\/no\/wp-json\/wp\/v2\/pages\/13279","targetHints":{"allow":["GET"]}}],"collection":[{"href":"https:\/\/www.riwal.com\/no\/wp-json\/wp\/v2\/pages"}],"about":[{"href":"https:\/\/www.riwal.com\/no\/wp-json\/wp\/v2\/types\/page"}],"author":[{"embeddable":true,"href":"https:\/\/www.riwal.com\/no\/wp-json\/wp\/v2\/users\/18"}],"replies":[{"embeddable":true,"href":"https:\/\/www.riwal.com\/no\/wp-json\/wp\/v2\/comments?post=13279"}],"version-history":[{"count":9,"href":"https:\/\/www.riwal.com\/no\/wp-json\/wp\/v2\/pages\/13279\/revisions"}],"predecessor-version":[{"id":13292,"href":"https:\/\/www.riwal.com\/no\/wp-json\/wp\/v2\/pages\/13279\/revisions\/13292"}],"wp:attachment":[{"href":"https:\/\/www.riwal.com\/no\/wp-json\/wp\/v2\/media?parent=13279"}],"curies":[{"name":"wp","href":"https:\/\/api.w.org\/{rel}","templated":true}]}}