{"id":3907,"date":"2023-08-23T13:25:26","date_gmt":"2023-08-23T13:25:26","guid":{"rendered":"https:\/\/www.riwal.com\/nl\/?page_id=3907"},"modified":"2024-03-06T15:41:48","modified_gmt":"2024-03-06T15:41:48","slug":"jungheinrich","status":"publish","type":"page","link":"https:\/\/www.riwal.com\/nl\/over-riwal\/partners\/jungheinrich\/","title":{"rendered":"Jungheinrich"},"content":{"rendered":"<div class=\"container\">\n<h1 class=\"wp-block-heading\" id=\"h-jungheinrich\">Jungheinrich<\/h1>\n<\/div>\n\n<div class=\"rental-wp-default-block rental-theme-block-default-margin\">\n\t\t\t\t\t\t\t\t<div class=\"container\">\n<div class=\"wp-block-media-text alignwide has-media-on-the-right is-stacked-on-mobile\" style=\"grid-template-columns:auto 40%\"><div class=\"wp-block-media-text__content\">\n<p><strong><a href=\"https:\/\/www.jungheinrich.nl\/\" target=\"_blank\" rel=\"noreferrer noopener\">Jungheinrich<\/a>&nbsp;is \u00e9\u00e9n van de grootste leveranciers van Europa op het gebied van heftrucks, magazijntrucks, opslagsystemen en magazijnautomatisering. door middel van onze samenwerking kan Riwal de markt met een nog groter productportfolio bedienen. Deze samenwerking maakt de verhuur van heftrucks en hoogwerkmaterieel voor klanten een stuk makkelijker en effici\u00ebnter!<\/strong><\/p>\n\n\n\n<p>Al sinds 2019 kan Riwal door middel van deze samenwerking de markt met een nog groter productportfolio bedienen. Dit partnerschap maakt de verhuur van<a href=\"https:\/\/www.jungheinrich.nl\/heftruck-huren\" target=\"_blank\" rel=\"noreferrer noopener\">&nbsp;heftrucks<\/a>&nbsp;en hoogwerkmaterieel voor klanten een stuk makkelijker en effici\u00ebnter. Niet alleen in Nederland zal Riwal namelijk een verbeterde klantervaring kunnen bieden, maar ook in o.a. Belgi\u00eb, Sloveni\u00eb en Duitsland.<\/p>\n<\/div><figure class=\"wp-block-media-text__media\"><img loading=\"lazy\" decoding=\"async\" width=\"1024\" height=\"683\" src=\"https:\/\/eqsk4m2dkju.exactdn.com\/app\/uploads\/sites\/7\/2023\/08\/Untitled-design-6.png?strip=all&quality=92&webp=92&avif=80&sharp=1\" alt=\"Logo Jungheinrich \" class=\"wp-image-4278 size-full\" srcset=\"https:\/\/eqsk4m2dkju.exactdn.com\/app\/uploads\/sites\/7\/2023\/08\/Untitled-design-6.png?strip=all&amp;quality=92&amp;webp=92&amp;avif=80&amp;sharp=1 1024w, https:\/\/eqsk4m2dkju.exactdn.com\/app\/uploads\/sites\/7\/2023\/08\/Untitled-design-6-300x200.png?strip=all&amp;quality=92&amp;webp=92&amp;avif=80&amp;sharp=1 300w, https:\/\/eqsk4m2dkju.exactdn.com\/app\/uploads\/sites\/7\/2023\/08\/Untitled-design-6-768x512.png?strip=all&amp;quality=92&amp;webp=92&amp;avif=80&amp;sharp=1 768w, https:\/\/eqsk4m2dkju.exactdn.com\/app\/uploads\/sites\/7\/2023\/08\/Untitled-design-6-178x119.png?strip=all&amp;quality=92&amp;webp=92&amp;avif=80&amp;sharp=1 178w, https:\/\/eqsk4m2dkju.exactdn.com\/app\/uploads\/sites\/7\/2023\/08\/Untitled-design-6-390x260.png?strip=all&amp;quality=92&amp;webp=92&amp;avif=80&amp;sharp=1 390w, https:\/\/eqsk4m2dkju.exactdn.com\/app\/uploads\/sites\/7\/2023\/08\/Untitled-design-6-830x554.png?strip=all&amp;quality=92&amp;webp=92&amp;avif=80&amp;sharp=1 830w, https:\/\/eqsk4m2dkju.exactdn.com\/app\/uploads\/sites\/7\/2023\/08\/Untitled-design-6-250x167.png?strip=all&amp;quality=92&amp;webp=92&amp;avif=80&amp;sharp=1 250w, https:\/\/eqsk4m2dkju.exactdn.com\/app\/uploads\/sites\/7\/2023\/08\/Untitled-design-6-620x414.png?strip=all&amp;quality=92&amp;webp=92&amp;avif=80&amp;sharp=1 620w, https:\/\/eqsk4m2dkju.exactdn.com\/app\/uploads\/sites\/7\/2023\/08\/Untitled-design-6-237x158.png?strip=all&amp;quality=92&amp;webp=92&amp;avif=80&amp;sharp=1 237w, https:\/\/eqsk4m2dkju.exactdn.com\/app\/uploads\/sites\/7\/2023\/08\/Untitled-design-6-474x316.png?strip=all&amp;quality=92&amp;webp=92&amp;avif=80&amp;sharp=1 474w\" sizes=\"auto, (max-width: 1024px) 100vw, 1024px\" \/><\/figure><\/div>\n<\/div>\n\t\t\t\t\t\t\t<\/div> ","protected":false},"excerpt":{"rendered":"<p>Jungheinrich Jungheinrich&nbsp;is \u00e9\u00e9n van de grootste leveranciers van Europa op het gebied van heftrucks, magazijntrucks, opslagsystemen en magazijnautomatisering. door middel van onze samenwerking kan Riwal de markt met een nog groter productportfolio bedienen. Deze samenwerking maakt de verhuur van heftrucks en hoogwerkmaterieel voor klanten een stuk makkelijker en effici\u00ebnter! Al sinds 2019 kan Riwal door &hellip; <a href=\"https:\/\/www.riwal.com\/nl\/over-riwal\/partners\/jungheinrich\/\">Verder<\/a><\/p>\n","protected":false},"author":22,"featured_media":0,"parent":3898,"menu_order":2,"comment_status":"closed","ping_status":"closed","template":"","meta":{"_acf_changed":false,"footnotes":""},"class_list":["post-3907","page","type-page","status-publish","hentry"],"acf":[],"yoast_head":"<!-- This site is optimized with the Yoast SEO Premium plugin v27.1 (Yoast SEO v27.1.1) - https:\/\/yoast.com\/product\/yoast-seo-premium-wordpress\/ -->\n<title>Jungheinrich - Riwal Nederland<\/title>\n<meta name=\"description\" content=\"Jungheinrich is al sinds 2019 partner van Riwal. Riwal helpt Jungheinrich om het verhuur van heftrucks en hoogwerker materieel effici\u00ebnter laat verlopen!\" \/>\n<meta name=\"robots\" content=\"index, follow, max-snippet:-1, max-image-preview:large, max-video-preview:-1\" \/>\n<link rel=\"canonical\" href=\"https:\/\/www.riwal.com\/nl\/over-riwal\/partners\/jungheinrich\/\" \/>\n<meta property=\"og:locale\" content=\"nl_NL\" \/>\n<meta property=\"og:type\" content=\"article\" \/>\n<meta property=\"og:title\" content=\"Jungheinrich\" \/>\n<meta property=\"og:description\" content=\"Jungheinrich is al sinds 2019 partner van Riwal. Riwal helpt Jungheinrich om het verhuur van heftrucks en hoogwerker materieel effici\u00ebnter laat verlopen!\" \/>\n<meta property=\"og:url\" content=\"https:\/\/www.riwal.com\/nl\/over-riwal\/partners\/jungheinrich\/\" \/>\n<meta property=\"og:site_name\" content=\"Riwal Nederland\" \/>\n<meta property=\"article:modified_time\" content=\"2024-03-06T15:41:48+00:00\" \/>\n<meta property=\"og:image\" content=\"https:\/\/www.riwal.com\/app\/uploads\/sites\/7\/2023\/08\/Untitled-design-6.png\" \/>\n<meta name=\"twitter:card\" content=\"summary_large_image\" \/>\n<meta name=\"twitter:label1\" content=\"Est. reading time\" \/>\n\t<meta name=\"twitter:data1\" content=\"1 minuut\" \/>\n<script type=\"application\/ld+json\" class=\"yoast-schema-graph\">{\"@context\":\"https:\/\/schema.org\",\"@graph\":[{\"@type\":\"WebPage\",\"@id\":\"https:\/\/www.riwal.com\/nl\/over-riwal\/partners\/jungheinrich\/\",\"url\":\"https:\/\/www.riwal.com\/nl\/over-riwal\/partners\/jungheinrich\/\",\"name\":\"Jungheinrich - Riwal Nederland\",\"isPartOf\":{\"@id\":\"https:\/\/www.riwal.com\/nl\/#website\"},\"primaryImageOfPage\":{\"@id\":\"https:\/\/www.riwal.com\/nl\/over-riwal\/partners\/jungheinrich\/#primaryimage\"},\"image\":{\"@id\":\"https:\/\/www.riwal.com\/nl\/over-riwal\/partners\/jungheinrich\/#primaryimage\"},\"thumbnailUrl\":\"https:\/\/www.riwal.com\/app\/uploads\/sites\/7\/2023\/08\/Untitled-design-6.png\",\"datePublished\":\"2023-08-23T13:25:26+00:00\",\"dateModified\":\"2024-03-06T15:41:48+00:00\",\"description\":\"Jungheinrich is al sinds 2019 partner van Riwal. Riwal helpt Jungheinrich om het verhuur van heftrucks en hoogwerker materieel effici\u00ebnter laat verlopen!\",\"breadcrumb\":{\"@id\":\"https:\/\/www.riwal.com\/nl\/over-riwal\/partners\/jungheinrich\/#breadcrumb\"},\"inLanguage\":\"nl-NL\",\"potentialAction\":[{\"@type\":\"ReadAction\",\"target\":[\"https:\/\/www.riwal.com\/nl\/over-riwal\/partners\/jungheinrich\/\"]}]},{\"@type\":\"ImageObject\",\"inLanguage\":\"nl-NL\",\"@id\":\"https:\/\/www.riwal.com\/nl\/over-riwal\/partners\/jungheinrich\/#primaryimage\",\"url\":\"https:\/\/www.riwal.com\/app\/uploads\/sites\/7\/2023\/08\/Untitled-design-6.png\",\"contentUrl\":\"https:\/\/www.riwal.com\/app\/uploads\/sites\/7\/2023\/08\/Untitled-design-6.png\"},{\"@type\":\"BreadcrumbList\",\"@id\":\"https:\/\/www.riwal.com\/nl\/over-riwal\/partners\/jungheinrich\/#breadcrumb\",\"itemListElement\":[{\"@type\":\"ListItem\",\"position\":1,\"name\":\"Homepage\",\"item\":\"https:\/\/www.riwal.com\/nl\/\"},{\"@type\":\"ListItem\",\"position\":2,\"name\":\"Over Riwal\",\"item\":\"https:\/\/www.riwal.com\/nl\/over-riwal\/\"},{\"@type\":\"ListItem\",\"position\":3,\"name\":\"Onze partnerschappen\",\"item\":\"https:\/\/www.riwal.com\/nl\/over-riwal\/partners\/\"},{\"@type\":\"ListItem\",\"position\":4,\"name\":\"Jungheinrich\"}]},{\"@type\":\"WebSite\",\"@id\":\"https:\/\/www.riwal.com\/nl\/#website\",\"url\":\"https:\/\/www.riwal.com\/nl\/\",\"name\":\"Riwal\",\"description\":\"Hoogwerker verkoop\",\"publisher\":{\"@id\":\"https:\/\/www.riwal.com\/nl\/#organization\"},\"potentialAction\":[{\"@type\":\"SearchAction\",\"target\":{\"@type\":\"EntryPoint\",\"urlTemplate\":\"https:\/\/www.riwal.com\/nl\/?s={search_term_string}\"},\"query-input\":{\"@type\":\"PropertyValueSpecification\",\"valueRequired\":true,\"valueName\":\"search_term_string\"}}],\"inLanguage\":\"nl-NL\"},{\"@type\":\"Organization\",\"@id\":\"https:\/\/www.riwal.com\/nl\/#organization\",\"name\":\"Riwal\",\"url\":\"https:\/\/www.riwal.com\/nl\/\",\"logo\":{\"@type\":\"ImageObject\",\"inLanguage\":\"nl-NL\",\"@id\":\"https:\/\/www.riwal.com\/nl\/#\/schema\/logo\/image\/\",\"url\":\"\",\"contentUrl\":\"\",\"caption\":\"Riwal\"},\"image\":{\"@id\":\"https:\/\/www.riwal.com\/nl\/#\/schema\/logo\/image\/\"}}]}<\/script>\n<!-- \/ Yoast SEO Premium plugin. -->","yoast_head_json":{"title":"Jungheinrich - Riwal Nederland","description":"Jungheinrich is al sinds 2019 partner van Riwal. Riwal helpt Jungheinrich om het verhuur van heftrucks en hoogwerker materieel effici\u00ebnter laat verlopen!","robots":{"index":"index","follow":"follow","max-snippet":"max-snippet:-1","max-image-preview":"max-image-preview:large","max-video-preview":"max-video-preview:-1"},"canonical":"https:\/\/www.riwal.com\/nl\/over-riwal\/partners\/jungheinrich\/","og_locale":"nl_NL","og_type":"article","og_title":"Jungheinrich","og_description":"Jungheinrich is al sinds 2019 partner van Riwal. Riwal helpt Jungheinrich om het verhuur van heftrucks en hoogwerker materieel effici\u00ebnter laat verlopen!","og_url":"https:\/\/www.riwal.com\/nl\/over-riwal\/partners\/jungheinrich\/","og_site_name":"Riwal Nederland","article_modified_time":"2024-03-06T15:41:48+00:00","og_image":[{"url":"https:\/\/www.riwal.com\/app\/uploads\/sites\/7\/2023\/08\/Untitled-design-6.png","type":"","width":"","height":""}],"twitter_card":"summary_large_image","twitter_misc":{"Est. reading time":"1 minuut"},"schema":{"@context":"https:\/\/schema.org","@graph":[{"@type":"WebPage","@id":"https:\/\/www.riwal.com\/nl\/over-riwal\/partners\/jungheinrich\/","url":"https:\/\/www.riwal.com\/nl\/over-riwal\/partners\/jungheinrich\/","name":"Jungheinrich - Riwal Nederland","isPartOf":{"@id":"https:\/\/www.riwal.com\/nl\/#website"},"primaryImageOfPage":{"@id":"https:\/\/www.riwal.com\/nl\/over-riwal\/partners\/jungheinrich\/#primaryimage"},"image":{"@id":"https:\/\/www.riwal.com\/nl\/over-riwal\/partners\/jungheinrich\/#primaryimage"},"thumbnailUrl":"https:\/\/www.riwal.com\/app\/uploads\/sites\/7\/2023\/08\/Untitled-design-6.png","datePublished":"2023-08-23T13:25:26+00:00","dateModified":"2024-03-06T15:41:48+00:00","description":"Jungheinrich is al sinds 2019 partner van Riwal. Riwal helpt Jungheinrich om het verhuur van heftrucks en hoogwerker materieel effici\u00ebnter laat verlopen!","breadcrumb":{"@id":"https:\/\/www.riwal.com\/nl\/over-riwal\/partners\/jungheinrich\/#breadcrumb"},"inLanguage":"nl-NL","potentialAction":[{"@type":"ReadAction","target":["https:\/\/www.riwal.com\/nl\/over-riwal\/partners\/jungheinrich\/"]}]},{"@type":"ImageObject","inLanguage":"nl-NL","@id":"https:\/\/www.riwal.com\/nl\/over-riwal\/partners\/jungheinrich\/#primaryimage","url":"https:\/\/www.riwal.com\/app\/uploads\/sites\/7\/2023\/08\/Untitled-design-6.png","contentUrl":"https:\/\/www.riwal.com\/app\/uploads\/sites\/7\/2023\/08\/Untitled-design-6.png"},{"@type":"BreadcrumbList","@id":"https:\/\/www.riwal.com\/nl\/over-riwal\/partners\/jungheinrich\/#breadcrumb","itemListElement":[{"@type":"ListItem","position":1,"name":"Homepage","item":"https:\/\/www.riwal.com\/nl\/"},{"@type":"ListItem","position":2,"name":"Over Riwal","item":"https:\/\/www.riwal.com\/nl\/over-riwal\/"},{"@type":"ListItem","position":3,"name":"Onze partnerschappen","item":"https:\/\/www.riwal.com\/nl\/over-riwal\/partners\/"},{"@type":"ListItem","position":4,"name":"Jungheinrich"}]},{"@type":"WebSite","@id":"https:\/\/www.riwal.com\/nl\/#website","url":"https:\/\/www.riwal.com\/nl\/","name":"Riwal","description":"Hoogwerker verkoop","publisher":{"@id":"https:\/\/www.riwal.com\/nl\/#organization"},"potentialAction":[{"@type":"SearchAction","target":{"@type":"EntryPoint","urlTemplate":"https:\/\/www.riwal.com\/nl\/?s={search_term_string}"},"query-input":{"@type":"PropertyValueSpecification","valueRequired":true,"valueName":"search_term_string"}}],"inLanguage":"nl-NL"},{"@type":"Organization","@id":"https:\/\/www.riwal.com\/nl\/#organization","name":"Riwal","url":"https:\/\/www.riwal.com\/nl\/","logo":{"@type":"ImageObject","inLanguage":"nl-NL","@id":"https:\/\/www.riwal.com\/nl\/#\/schema\/logo\/image\/","url":"","contentUrl":"","caption":"Riwal"},"image":{"@id":"https:\/\/www.riwal.com\/nl\/#\/schema\/logo\/image\/"}}]}},"_links":{"self":[{"href":"https:\/\/www.riwal.com\/nl\/wp-json\/wp\/v2\/pages\/3907","targetHints":{"allow":["GET"]}}],"collection":[{"href":"https:\/\/www.riwal.com\/nl\/wp-json\/wp\/v2\/pages"}],"about":[{"href":"https:\/\/www.riwal.com\/nl\/wp-json\/wp\/v2\/types\/page"}],"author":[{"embeddable":true,"href":"https:\/\/www.riwal.com\/nl\/wp-json\/wp\/v2\/users\/22"}],"replies":[{"embeddable":true,"href":"https:\/\/www.riwal.com\/nl\/wp-json\/wp\/v2\/comments?post=3907"}],"version-history":[{"count":9,"href":"https:\/\/www.riwal.com\/nl\/wp-json\/wp\/v2\/pages\/3907\/revisions"}],"predecessor-version":[{"id":13455,"href":"https:\/\/www.riwal.com\/nl\/wp-json\/wp\/v2\/pages\/3907\/revisions\/13455"}],"up":[{"embeddable":true,"href":"https:\/\/www.riwal.com\/nl\/wp-json\/wp\/v2\/pages\/3898"}],"wp:attachment":[{"href":"https:\/\/www.riwal.com\/nl\/wp-json\/wp\/v2\/media?parent=3907"}],"curies":[{"name":"wp","href":"https:\/\/api.w.org\/{rel}","templated":true}]}}