{"id":6296,"date":"2024-03-06T19:00:55","date_gmt":"2024-03-06T19:00:55","guid":{"rendered":"https:\/\/www.riwal.com\/hr\/?page_id=6296"},"modified":"2024-03-06T19:00:57","modified_gmt":"2024-03-06T19:00:57","slug":"jlg-distributer","status":"publish","type":"page","link":"https:\/\/www.riwal.com\/hr\/o-nama\/jlg-distributer\/","title":{"rendered":"JLG distributer (DR\u017dAVE LOKALNOG DISTRIBUCIJSKOG PARTNERA)"},"content":{"rendered":"<div class=\"rental-wp-default-block rental-theme-block-default-margin\">\n\t\t\t\t\t\t\t\t<div class=\"container\">\n<div class=\"wp-block-columns is-layout-flex wp-container-core-columns-is-layout-28f84493 wp-block-columns-is-layout-flex\">\n<div class=\"wp-block-column is-layout-flow wp-block-column-is-layout-flow\" style=\"flex-basis:66.66%\">\n<p>Jeste li poduzetnik? Kupnja radne platforme ili teleskopskog vili\u010dara mo\u017ee biti idealno rje\u0161enje u va\u0161oj situaciji. Ako se odlu\u010dite za kupnju, Riwal ima nove radne platforme na prodaju u svim oblicima i veli\u010dinama. Mi smo ekskluzivni distributer tvrtke JLG Industries u Nizozemskoj od 1995. godine, a trenutno smo tako\u0111er slu\u017ebeni JLG distributer u zemljama poput Poljske, Kazahstana, Hrvatske i Slovenije. Osim toga, Riwal je ekskluzivni Magni distributer u Poljskoj.<\/p>\n\n\n\n<p>Kupnja radne platforme ili teleskopskog vili\u010dara je ulaganje. Kao stru\u010dnjak koji pru\u017ea usluge diljem svijetu, rado dijelimo svoje znanje kako bismo vam pomogli donijeti pravu odluku. Ne prodajemo samo visokokvalitetne strojeve ve\u0107 organiziramo i prijevoz diljem svijeta kao i utovar kontejnera. S na\u0161im posve\u0107enim prodajnim i tehni\u010dkim timovima podr\u0161ke u 14 zemalja, uvijek postoji lokalni stru\u010dnjak tvrtke Riwal koji pru\u017ea savjete i odr\u017eavanje.<\/p>\n\n\n\n<ul class=\"wp-block-list\">\n<li>Ekskluzivni distributer uglednih brendova<\/li>\n\n\n\n<li>Globalno pokrivenost putem na\u0161eg Me\u0111unarodnog odjela prodaje<\/li>\n\n\n\n<li>Cjelokupna rje\u0161enja i globalna mre\u017ea<\/li>\n\n\n\n<li>Puni niz elektri\u010dnih rje\u0161enja tvrtke Riwal<\/li>\n\n\n\n<li>Globalna dostava<\/li>\n\n\n\n<li>30 godina me\u0111unarodnog iskustva<\/li>\n<\/ul>\n<\/div>\n\n\n\n<div class=\"wp-block-column is-layout-flow wp-block-column-is-layout-flow\" style=\"flex-basis:33.33%\"><\/div>\n<\/div>\n<\/div>\n\t\t\t\t\t\t\t<\/div> ","protected":false},"excerpt":{"rendered":"<p>Jeste li poduzetnik? Kupnja radne platforme ili teleskopskog vili\u010dara mo\u017ee biti idealno rje\u0161enje u va\u0161oj situaciji. Ako se odlu\u010dite za kupnju, Riwal ima nove radne platforme na prodaju u svim oblicima i veli\u010dinama. Mi smo ekskluzivni distributer tvrtke JLG Industries u Nizozemskoj od 1995. godine, a trenutno smo tako\u0111er slu\u017ebeni JLG distributer u zemljama poput &hellip; <a href=\"https:\/\/www.riwal.com\/hr\/o-nama\/jlg-distributer\/\">Nastavak<\/a><\/p>\n","protected":false},"author":45,"featured_media":0,"parent":3351,"menu_order":0,"comment_status":"closed","ping_status":"closed","template":"","meta":{"_acf_changed":false,"footnotes":""},"class_list":["post-6296","page","type-page","status-publish","hentry"],"acf":[],"yoast_head":"<!-- This site is optimized with the Yoast SEO Premium plugin v27.1 (Yoast SEO v27.1.1) - https:\/\/yoast.com\/product\/yoast-seo-premium-wordpress\/ -->\n<title>JLG distributer - Riwal Hrvatska<\/title>\n<meta name=\"description\" content=\"Mi smo ekskluzivni distributer tvrtke JLG Industries u Nizozemskoj od 1995 godine, a trenutno smo tako\u0111er slu\u017ebeni JLG distributer u Hrvatski.\" \/>\n<meta name=\"robots\" content=\"index, follow, max-snippet:-1, max-image-preview:large, max-video-preview:-1\" \/>\n<link rel=\"canonical\" href=\"https:\/\/www.riwal.com\/hr\/o-nama\/jlg-distributer\/\" \/>\n<meta property=\"og:locale\" content=\"hr_HR\" \/>\n<meta property=\"og:type\" content=\"article\" \/>\n<meta property=\"og:title\" content=\"JLG distributer (DR\u017dAVE LOKALNOG DISTRIBUCIJSKOG PARTNERA)\" \/>\n<meta property=\"og:description\" content=\"Mi smo ekskluzivni distributer tvrtke JLG Industries u Nizozemskoj od 1995 godine, a trenutno smo tako\u0111er slu\u017ebeni JLG distributer u Hrvatski.\" \/>\n<meta property=\"og:url\" content=\"https:\/\/www.riwal.com\/hr\/o-nama\/jlg-distributer\/\" \/>\n<meta property=\"og:site_name\" content=\"Riwal Hrvatska\" \/>\n<meta property=\"article:modified_time\" content=\"2024-03-06T19:00:57+00:00\" \/>\n<meta name=\"twitter:card\" content=\"summary_large_image\" \/>\n<meta name=\"twitter:label1\" content=\"Est. reading time\" \/>\n\t<meta name=\"twitter:data1\" content=\"1 minuta\" \/>\n<script type=\"application\/ld+json\" class=\"yoast-schema-graph\">{\"@context\":\"https:\/\/schema.org\",\"@graph\":[{\"@type\":\"WebPage\",\"@id\":\"https:\/\/www.riwal.com\/hr\/o-nama\/jlg-distributer\/\",\"url\":\"https:\/\/www.riwal.com\/hr\/o-nama\/jlg-distributer\/\",\"name\":\"JLG distributer - Riwal Hrvatska\",\"isPartOf\":{\"@id\":\"https:\/\/www.riwal.com\/hr\/#website\"},\"datePublished\":\"2024-03-06T19:00:55+00:00\",\"dateModified\":\"2024-03-06T19:00:57+00:00\",\"description\":\"Mi smo ekskluzivni distributer tvrtke JLG Industries u Nizozemskoj od 1995 godine, a trenutno smo tako\u0111er slu\u017ebeni JLG distributer u Hrvatski.\",\"breadcrumb\":{\"@id\":\"https:\/\/www.riwal.com\/hr\/o-nama\/jlg-distributer\/#breadcrumb\"},\"inLanguage\":\"hr\",\"potentialAction\":[{\"@type\":\"ReadAction\",\"target\":[\"https:\/\/www.riwal.com\/hr\/o-nama\/jlg-distributer\/\"]}]},{\"@type\":\"BreadcrumbList\",\"@id\":\"https:\/\/www.riwal.com\/hr\/o-nama\/jlg-distributer\/#breadcrumb\",\"itemListElement\":[{\"@type\":\"ListItem\",\"position\":1,\"name\":\"Doma\",\"item\":\"https:\/\/www.riwal.com\/hr\/\"},{\"@type\":\"ListItem\",\"position\":2,\"name\":\"O nama\",\"item\":\"https:\/\/www.riwal.com\/hr\/o-nama\/\"},{\"@type\":\"ListItem\",\"position\":3,\"name\":\"JLG distributer (DR\u017dAVE LOKALNOG DISTRIBUCIJSKOG PARTNERA)\"}]},{\"@type\":\"WebSite\",\"@id\":\"https:\/\/www.riwal.com\/hr\/#website\",\"url\":\"https:\/\/www.riwal.com\/hr\/\",\"name\":\"Riwal\",\"description\":\"Arial work platform &amp; Telehandler Rental\/Sales\",\"publisher\":{\"@id\":\"https:\/\/www.riwal.com\/hr\/#organization\"},\"potentialAction\":[{\"@type\":\"SearchAction\",\"target\":{\"@type\":\"EntryPoint\",\"urlTemplate\":\"https:\/\/www.riwal.com\/hr\/?s={search_term_string}\"},\"query-input\":{\"@type\":\"PropertyValueSpecification\",\"valueRequired\":true,\"valueName\":\"search_term_string\"}}],\"inLanguage\":\"hr\"},{\"@type\":\"Organization\",\"@id\":\"https:\/\/www.riwal.com\/hr\/#organization\",\"name\":\"Riwal\",\"url\":\"https:\/\/www.riwal.com\/hr\/\",\"logo\":{\"@type\":\"ImageObject\",\"inLanguage\":\"hr\",\"@id\":\"https:\/\/www.riwal.com\/hr\/#\/schema\/logo\/image\/\",\"url\":\"\",\"contentUrl\":\"\",\"caption\":\"Riwal\"},\"image\":{\"@id\":\"https:\/\/www.riwal.com\/hr\/#\/schema\/logo\/image\/\"}}]}<\/script>\n<!-- \/ Yoast SEO Premium plugin. -->","yoast_head_json":{"title":"JLG distributer - Riwal Hrvatska","description":"Mi smo ekskluzivni distributer tvrtke JLG Industries u Nizozemskoj od 1995 godine, a trenutno smo tako\u0111er slu\u017ebeni JLG distributer u Hrvatski.","robots":{"index":"index","follow":"follow","max-snippet":"max-snippet:-1","max-image-preview":"max-image-preview:large","max-video-preview":"max-video-preview:-1"},"canonical":"https:\/\/www.riwal.com\/hr\/o-nama\/jlg-distributer\/","og_locale":"hr_HR","og_type":"article","og_title":"JLG distributer (DR\u017dAVE LOKALNOG DISTRIBUCIJSKOG PARTNERA)","og_description":"Mi smo ekskluzivni distributer tvrtke JLG Industries u Nizozemskoj od 1995 godine, a trenutno smo tako\u0111er slu\u017ebeni JLG distributer u Hrvatski.","og_url":"https:\/\/www.riwal.com\/hr\/o-nama\/jlg-distributer\/","og_site_name":"Riwal Hrvatska","article_modified_time":"2024-03-06T19:00:57+00:00","twitter_card":"summary_large_image","twitter_misc":{"Est. reading time":"1 minuta"},"schema":{"@context":"https:\/\/schema.org","@graph":[{"@type":"WebPage","@id":"https:\/\/www.riwal.com\/hr\/o-nama\/jlg-distributer\/","url":"https:\/\/www.riwal.com\/hr\/o-nama\/jlg-distributer\/","name":"JLG distributer - Riwal Hrvatska","isPartOf":{"@id":"https:\/\/www.riwal.com\/hr\/#website"},"datePublished":"2024-03-06T19:00:55+00:00","dateModified":"2024-03-06T19:00:57+00:00","description":"Mi smo ekskluzivni distributer tvrtke JLG Industries u Nizozemskoj od 1995 godine, a trenutno smo tako\u0111er slu\u017ebeni JLG distributer u Hrvatski.","breadcrumb":{"@id":"https:\/\/www.riwal.com\/hr\/o-nama\/jlg-distributer\/#breadcrumb"},"inLanguage":"hr","potentialAction":[{"@type":"ReadAction","target":["https:\/\/www.riwal.com\/hr\/o-nama\/jlg-distributer\/"]}]},{"@type":"BreadcrumbList","@id":"https:\/\/www.riwal.com\/hr\/o-nama\/jlg-distributer\/#breadcrumb","itemListElement":[{"@type":"ListItem","position":1,"name":"Doma","item":"https:\/\/www.riwal.com\/hr\/"},{"@type":"ListItem","position":2,"name":"O nama","item":"https:\/\/www.riwal.com\/hr\/o-nama\/"},{"@type":"ListItem","position":3,"name":"JLG distributer (DR\u017dAVE LOKALNOG DISTRIBUCIJSKOG PARTNERA)"}]},{"@type":"WebSite","@id":"https:\/\/www.riwal.com\/hr\/#website","url":"https:\/\/www.riwal.com\/hr\/","name":"Riwal","description":"Arial work platform &amp; Telehandler Rental\/Sales","publisher":{"@id":"https:\/\/www.riwal.com\/hr\/#organization"},"potentialAction":[{"@type":"SearchAction","target":{"@type":"EntryPoint","urlTemplate":"https:\/\/www.riwal.com\/hr\/?s={search_term_string}"},"query-input":{"@type":"PropertyValueSpecification","valueRequired":true,"valueName":"search_term_string"}}],"inLanguage":"hr"},{"@type":"Organization","@id":"https:\/\/www.riwal.com\/hr\/#organization","name":"Riwal","url":"https:\/\/www.riwal.com\/hr\/","logo":{"@type":"ImageObject","inLanguage":"hr","@id":"https:\/\/www.riwal.com\/hr\/#\/schema\/logo\/image\/","url":"","contentUrl":"","caption":"Riwal"},"image":{"@id":"https:\/\/www.riwal.com\/hr\/#\/schema\/logo\/image\/"}}]}},"_links":{"self":[{"href":"https:\/\/www.riwal.com\/hr\/wp-json\/wp\/v2\/pages\/6296","targetHints":{"allow":["GET"]}}],"collection":[{"href":"https:\/\/www.riwal.com\/hr\/wp-json\/wp\/v2\/pages"}],"about":[{"href":"https:\/\/www.riwal.com\/hr\/wp-json\/wp\/v2\/types\/page"}],"author":[{"embeddable":true,"href":"https:\/\/www.riwal.com\/hr\/wp-json\/wp\/v2\/users\/45"}],"replies":[{"embeddable":true,"href":"https:\/\/www.riwal.com\/hr\/wp-json\/wp\/v2\/comments?post=6296"}],"version-history":[{"count":1,"href":"https:\/\/www.riwal.com\/hr\/wp-json\/wp\/v2\/pages\/6296\/revisions"}],"predecessor-version":[{"id":6297,"href":"https:\/\/www.riwal.com\/hr\/wp-json\/wp\/v2\/pages\/6296\/revisions\/6297"}],"up":[{"embeddable":true,"href":"https:\/\/www.riwal.com\/hr\/wp-json\/wp\/v2\/pages\/3351"}],"wp:attachment":[{"href":"https:\/\/www.riwal.com\/hr\/wp-json\/wp\/v2\/media?parent=6296"}],"curies":[{"name":"wp","href":"https:\/\/api.w.org\/{rel}","templated":true}]}}