{"id":5608,"date":"2024-02-06T09:27:20","date_gmt":"2024-02-06T09:27:20","guid":{"rendered":"https:\/\/www.riwal.com\/hr\/?page_id=5608"},"modified":"2024-02-06T09:27:21","modified_gmt":"2024-02-06T09:27:21","slug":"teleskopski-vilicar-genie-za-prodaju","status":"publish","type":"page","link":"https:\/\/www.riwal.com\/hr\/kategorije-strojeva\/teleskopski-vilicar-genie-za-prodaju\/","title":{"rendered":"Teleskopski vili\u010dar Genie za prodaju"},"content":{"rendered":"<div class=\"container\">\n<h2 class=\"wp-block-heading\" id=\"h-teleskopski-vilicar-genie-za-prodaju\">Teleskopski vili\u010dar Genie za prodaju<\/h2>\n<\/div>\n\n<div class=\"rental-wp-default-block rental-theme-block-default-margin\">\n\t\t\t\t\t\t\t\t<div class=\"container\">\n<div class=\"wp-block-columns is-layout-flex wp-container-core-columns-is-layout-28f84493 wp-block-columns-is-layout-flex\">\n<div class=\"wp-block-column is-layout-flow wp-block-column-is-layout-flow\" style=\"flex-basis:66.66%\">\n<p>Genie teleskopski vili\u010dari pru\u017eaju vam ba\u0161 ono \u0161to trebate za rad&nbsp; na te\u0161ko dostupnim prostorima ili prostorima s ograni\u010denim pristupom na bilo kojoj visini. Zbog svoje izvrsne konstrukcije osiguravaju vi\u0161enamjensku iskoristivost da bi ispunili sve potrebe va\u0161eg gradili\u0161ta. Zbog \u0161iroke palete razli\u010ditih tipova mehanizacije, Riwal uvijek ima pravi Genie teleskopski vili\u010dar u prodajnom asortimanu za vas. Istra\u017eite na\u0161u ponudu novih kao i rabljenih Genie teleskopskih vili\u010dara ili nas kontaktirajte ako trebate savjet prilago\u0111en va\u0161im potrebama. S velikim zadovoljstvom \u0107emo s vama utvrditi va\u0161e to\u010dne potrebe i \u017eelje da biste mogli donijeti informiranu odluku u vezi sa svojim Genie teleskopskim vili\u010darem.<\/p>\n\n\n\n<h2 class=\"wp-block-heading\">Za\u0161to Genie teleskopski vili\u010dar?<\/h2>\n\n\n\n<p>Kad trebate dobar teleskopski vili\u010dar, Genie teleskopski vili\u010dar je uvijek dobar izbor. Kao jedan od vode\u0107ih proizvo\u0111a\u010da i konstruktora opreme za rad na visini, Genie je poznat po proizvodnji rje\u0161enja za rad na visini vrhunske kvalitete, osmi\u0161ljenih da pove\u0107aju va\u0161u produktivnost u te\u0161kim radnim okru\u017eenjima. &nbsp;Velika nosivost, pametna konstrukcija i iznimna raznolikost namjene jam\u010de vam da radite s najboljima u poslu. S najve\u0107om lako\u0107om premje\u0161tat \u0107ete se s jednog mjesta na drugo, na bilo kakvom terenu ili povr\u0161ini. Zbog mogu\u0107nosti preciznog pozicioniranja krana, svoje materijale \u0107ete postaviti to\u010dno tamo gdje moraju biti.<br><\/p>\n\n\n\n<h2 class=\"wp-block-heading\"><strong>Novi i rabljeni Genie teleskopski vili\u010dari za prodaju<\/strong><\/h2>\n\n\n\n<p>U Riwalu \u0107ete na\u0107i \u0161iroku paletu Genie teleskopskih vili\u010dara, novih kao i rabljenih. Kad odlu\u010dite ulo\u017eiti u kori\u0161teni teleskopski vili\u010dar, ne\u0107ete se morati brinuti zbog njegove kvalitete. Sva na\u0161a mehanizacija je iznimne, vrhunske kvalitete, a u sklopu na\u0161e kompletne usluge uvijek mo\u017eete ra\u010dunati na na\u0161 tim stru\u010dnjaka, u slu\u010daju da se suo\u010dite s bilo kakvim pote\u0161ko\u0107ama.<br><\/p>\n\n\n\n<h2 class=\"wp-block-heading\"><strong>Riwal je partner koji vam pru\u017ea kompletnu uslugu<\/strong><\/h2>\n\n\n\n<p>Riwalovi stru\u010dnjaci sa zadovoljstvom \u0107e vas uputiti u sve razli\u010dite specifikacije koje vam na\u0161i Genie teleskopskih vili\u010dari pru\u017eaju. Zanima vas koji je tip teleskopskog vili\u010dara najbolji za posao koji morate obaviti? Na\u0161 tim \u0107e vam to s velikim zadovoljstvom objasniti. Zajedno \u0107emo napraviti popis zahtjeva koje va\u0161 komad mehanizacije mora ispuniti i Riwal \u0107e vam ponuditi izbor najprikladnijih Genie teleskopskih vili\u010dara za va\u0161e poduze\u0107e, gradili\u0161te ili projekt.<br><\/p>\n\n\n\n<h2 class=\"wp-block-heading\"><strong>Sigurnost<\/strong><\/h2>\n\n\n\n<p>U kompaniji Riwal &nbsp;sigurnost je na prvom mjestu. Pobrinut \u0107emo se da kao na\u0161 klijent sigurno upravljate na\u0161om opremom. U Riwalovu centru za obuku nudimo vam te\u010dajeve za stjecanje pravog certifikata za mehanizaciju kojom \u0107ete upravljati. Posebno kad radite s teleskopskim vili\u010darima, &nbsp;iznimno je va\u017eno znati upravljati na siguran na\u010din. Zato je Riwal osmislio te\u010daj za rad na teleskopskom vili\u010daru na siguran na\u010din, u suradnji s tvrtkom BMWT Train. Rezultat je stjecanje BMWT certifikata koji dokazuje da ste osposobljeni za rad na va\u0161em Genie teleskopskom vili\u010daru.<\/p>\n\n\n\n<h3 class=\"wp-block-heading\"><strong>Genie teleskopski vili\u010dar za kupnju u Riwalu<\/strong><\/h3>\n\n\n\n<p>Zbog na\u0161e \u0161iroke palete novih i rabljenih teleskopskih vili\u010dara, sigurni smo da \u0107ete na\u0107i pravi Genie teleskopski vili\u010dar za kupnju u Riwalu. Na\u0161i stru\u010dnjaci rado \u0107e vas savjetovati da bismo bili sigurni da \u0107ete donijeti informiranu odluku u vezi s tipom teleskopskog vili\u010dara, njegovim specifikacijama te o tome ho\u0107ete li kupiti rabljeni teleskopski vili\u010dar ili ulo\u017eiti u potpuno novi. Ali na\u0161a vrhunska usluga ne prestaje nakon kupnje. Nastavljamo blisko sura\u0111ivati s na\u0161im klijentima.<\/p>\n<\/div>\n\n\n\n<div class=\"wp-block-column is-layout-flow wp-block-column-is-layout-flow\" style=\"flex-basis:33.33%\">\n<figure class=\"wp-block-image size-full\"><img loading=\"lazy\" decoding=\"async\" width=\"450\" height=\"230\" src=\"https:\/\/eqsk4m2dkju.exactdn.com\/app\/uploads\/sites\/11\/2024\/02\/Genie-forklift.webp?strip=all&quality=92&webp=92&avif=80&sharp=1\" alt=\"\" class=\"wp-image-5564\" srcset=\"https:\/\/eqsk4m2dkju.exactdn.com\/app\/uploads\/sites\/11\/2024\/02\/Genie-forklift.webp?strip=all&amp;quality=92&amp;webp=92&amp;avif=80&amp;sharp=1 450w, https:\/\/eqsk4m2dkju.exactdn.com\/app\/uploads\/sites\/11\/2024\/02\/Genie-forklift-300x153.webp?strip=all&amp;quality=92&amp;webp=92&amp;avif=80&amp;sharp=1 300w, https:\/\/eqsk4m2dkju.exactdn.com\/app\/uploads\/sites\/11\/2024\/02\/Genie-forklift-178x91.webp?strip=all&amp;quality=92&amp;webp=92&amp;avif=80&amp;sharp=1 178w, https:\/\/eqsk4m2dkju.exactdn.com\/app\/uploads\/sites\/11\/2024\/02\/Genie-forklift-390x199.webp?strip=all&amp;quality=92&amp;webp=92&amp;avif=80&amp;sharp=1 390w, https:\/\/eqsk4m2dkju.exactdn.com\/app\/uploads\/sites\/11\/2024\/02\/Genie-forklift-250x128.webp?strip=all&amp;quality=92&amp;webp=92&amp;avif=80&amp;sharp=1 250w, https:\/\/eqsk4m2dkju.exactdn.com\/app\/uploads\/sites\/11\/2024\/02\/Genie-forklift-237x121.webp?strip=all&amp;quality=92&amp;webp=92&amp;avif=80&amp;sharp=1 237w, https:\/\/eqsk4m2dkju.exactdn.com\/app\/uploads\/sites\/11\/2024\/02\/Genie-forklift.webp?strip=all&amp;quality=92&amp;webp=92&amp;avif=80&amp;sharp=1&amp;w=90 90w\" sizes=\"auto, (max-width: 450px) 100vw, 450px\" \/><\/figure>\n\n\n\n<figure class=\"wp-block-image size-full\"><img loading=\"lazy\" decoding=\"async\" width=\"800\" height=\"609\" src=\"https:\/\/eqsk4m2dkju.exactdn.com\/app\/uploads\/sites\/11\/2024\/02\/Josip1_web.webp?strip=all&quality=92&webp=92&avif=80&sharp=1\" alt=\"\" class=\"wp-image-5552\" srcset=\"https:\/\/eqsk4m2dkju.exactdn.com\/app\/uploads\/sites\/11\/2024\/02\/Josip1_web.webp?strip=all&amp;quality=92&amp;webp=92&amp;avif=80&amp;sharp=1 800w, https:\/\/eqsk4m2dkju.exactdn.com\/app\/uploads\/sites\/11\/2024\/02\/Josip1_web-300x228.webp?strip=all&amp;quality=92&amp;webp=92&amp;avif=80&amp;sharp=1 300w, https:\/\/eqsk4m2dkju.exactdn.com\/app\/uploads\/sites\/11\/2024\/02\/Josip1_web-768x585.webp?strip=all&amp;quality=92&amp;webp=92&amp;avif=80&amp;sharp=1 768w, https:\/\/eqsk4m2dkju.exactdn.com\/app\/uploads\/sites\/11\/2024\/02\/Josip1_web-178x136.webp?strip=all&amp;quality=92&amp;webp=92&amp;avif=80&amp;sharp=1 178w, https:\/\/eqsk4m2dkju.exactdn.com\/app\/uploads\/sites\/11\/2024\/02\/Josip1_web-390x297.webp?strip=all&amp;quality=92&amp;webp=92&amp;avif=80&amp;sharp=1 390w, https:\/\/eqsk4m2dkju.exactdn.com\/app\/uploads\/sites\/11\/2024\/02\/Josip1_web-250x190.webp?strip=all&amp;quality=92&amp;webp=92&amp;avif=80&amp;sharp=1 250w, https:\/\/eqsk4m2dkju.exactdn.com\/app\/uploads\/sites\/11\/2024\/02\/Josip1_web-620x472.webp?strip=all&amp;quality=92&amp;webp=92&amp;avif=80&amp;sharp=1 620w, https:\/\/eqsk4m2dkju.exactdn.com\/app\/uploads\/sites\/11\/2024\/02\/Josip1_web-237x180.webp?strip=all&amp;quality=92&amp;webp=92&amp;avif=80&amp;sharp=1 237w, https:\/\/eqsk4m2dkju.exactdn.com\/app\/uploads\/sites\/11\/2024\/02\/Josip1_web-474x361.webp?strip=all&amp;quality=92&amp;webp=92&amp;avif=80&amp;sharp=1 474w\" sizes=\"auto, (max-width: 800px) 100vw, 800px\" \/><\/figure>\n\n\n\n<p><strong>Jeste li zainteresirani?<\/strong><\/p>\n\n\n\n<p>info-hr@riwal.com<\/p>\n\n\n\n<p>Nazovite nas: 01 2763 581<\/p>\n\n\n\n<div class=\"wp-block-buttons is-layout-flex wp-block-buttons-is-layout-flex\">\n<div class=\"wp-block-button\"><a class=\"wp-block-button__link wp-element-button\" href=\"https:\/\/www.riwal.com\/hr\/najam\/\">Prona\u0111ite strojeve za najam<\/a><\/div>\n<\/div>\n\n\n\n<div class=\"wp-block-buttons is-layout-flex wp-block-buttons-is-layout-flex\">\n<div class=\"wp-block-button\"><a class=\"wp-block-button__link wp-element-button\" href=\"https:\/\/www.riwal.com\/hr\/prodaja\/rabljeni-strojevi\/\">Prona\u0111ite rabljene strojeve za prodaju<\/a><\/div>\n<\/div>\n\n\n\n<div class=\"wp-block-columns is-layout-flex wp-container-core-columns-is-layout-28f84493 wp-block-columns-is-layout-flex\">\n<div class=\"wp-block-column is-layout-flow wp-block-column-is-layout-flow\"><\/div>\n\n\n\n<div class=\"wp-block-column is-layout-flow wp-block-column-is-layout-flow\"><\/div>\n<\/div>\n<\/div>\n<\/div>\n<\/div>\n\t\t\t\t\t\t\t<\/div> ","protected":false},"excerpt":{"rendered":"<p>Teleskopski vili\u010dar Genie za prodaju Genie teleskopski vili\u010dari pru\u017eaju vam ba\u0161 ono \u0161to trebate za rad&nbsp; na te\u0161ko dostupnim prostorima ili prostorima s ograni\u010denim pristupom na bilo kojoj visini. Zbog svoje izvrsne konstrukcije osiguravaju vi\u0161enamjensku iskoristivost da bi ispunili sve potrebe va\u0161eg gradili\u0161ta. Zbog \u0161iroke palete razli\u010ditih tipova mehanizacije, Riwal uvijek ima pravi Genie teleskopski &hellip; <a href=\"https:\/\/www.riwal.com\/hr\/kategorije-strojeva\/teleskopski-vilicar-genie-za-prodaju\/\">Nastavak<\/a><\/p>\n","protected":false},"author":45,"featured_media":0,"parent":5549,"menu_order":0,"comment_status":"closed","ping_status":"closed","template":"","meta":{"_acf_changed":false,"footnotes":""},"class_list":["post-5608","page","type-page","status-publish","hentry"],"acf":[],"yoast_head":"<!-- This site is optimized with the Yoast SEO Premium plugin v27.1 (Yoast SEO v27.1.1) - https:\/\/yoast.com\/product\/yoast-seo-premium-wordpress\/ -->\n<title>Teleskopski vili\u010dar Genie za prodaju - Riwal Hrvatska<\/title>\n<meta name=\"robots\" content=\"index, follow, max-snippet:-1, max-image-preview:large, max-video-preview:-1\" \/>\n<link rel=\"canonical\" href=\"https:\/\/www.riwal.com\/hr\/kategorije-strojeva\/teleskopski-vilicar-genie-za-prodaju\/\" \/>\n<meta property=\"og:locale\" content=\"hr_HR\" \/>\n<meta property=\"og:type\" content=\"article\" \/>\n<meta property=\"og:title\" content=\"Teleskopski vili\u010dar Genie za prodaju\" \/>\n<meta property=\"og:description\" content=\"Teleskopski vili\u010dar Genie za prodaju Genie teleskopski vili\u010dari pru\u017eaju vam ba\u0161 ono \u0161to trebate za rad&nbsp; na te\u0161ko dostupnim prostorima ili prostorima s ograni\u010denim pristupom na bilo kojoj visini. Zbog svoje izvrsne konstrukcije osiguravaju vi\u0161enamjensku iskoristivost da bi ispunili sve potrebe va\u0161eg gradili\u0161ta. Zbog \u0161iroke palete razli\u010ditih tipova mehanizacije, Riwal uvijek ima pravi Genie teleskopski &hellip; Nastavak\" \/>\n<meta property=\"og:url\" content=\"https:\/\/www.riwal.com\/hr\/kategorije-strojeva\/teleskopski-vilicar-genie-za-prodaju\/\" \/>\n<meta property=\"og:site_name\" content=\"Riwal Hrvatska\" \/>\n<meta property=\"article:modified_time\" content=\"2024-02-06T09:27:21+00:00\" \/>\n<meta property=\"og:image\" content=\"https:\/\/www.riwal.com\/app\/uploads\/sites\/11\/2024\/02\/Genie-forklift.webp\" \/>\n<meta name=\"twitter:card\" content=\"summary_large_image\" \/>\n<meta name=\"twitter:label1\" content=\"Est. reading time\" \/>\n\t<meta name=\"twitter:data1\" content=\"4 minute\" \/>\n<script type=\"application\/ld+json\" class=\"yoast-schema-graph\">{\"@context\":\"https:\/\/schema.org\",\"@graph\":[{\"@type\":\"WebPage\",\"@id\":\"https:\/\/www.riwal.com\/hr\/kategorije-strojeva\/teleskopski-vilicar-genie-za-prodaju\/\",\"url\":\"https:\/\/www.riwal.com\/hr\/kategorije-strojeva\/teleskopski-vilicar-genie-za-prodaju\/\",\"name\":\"Teleskopski vili\u010dar Genie za prodaju - Riwal Hrvatska\",\"isPartOf\":{\"@id\":\"https:\/\/www.riwal.com\/hr\/#website\"},\"primaryImageOfPage\":{\"@id\":\"https:\/\/www.riwal.com\/hr\/kategorije-strojeva\/teleskopski-vilicar-genie-za-prodaju\/#primaryimage\"},\"image\":{\"@id\":\"https:\/\/www.riwal.com\/hr\/kategorije-strojeva\/teleskopski-vilicar-genie-za-prodaju\/#primaryimage\"},\"thumbnailUrl\":\"https:\/\/www.riwal.com\/app\/uploads\/sites\/11\/2024\/02\/Genie-forklift.webp\",\"datePublished\":\"2024-02-06T09:27:20+00:00\",\"dateModified\":\"2024-02-06T09:27:21+00:00\",\"breadcrumb\":{\"@id\":\"https:\/\/www.riwal.com\/hr\/kategorije-strojeva\/teleskopski-vilicar-genie-za-prodaju\/#breadcrumb\"},\"inLanguage\":\"hr\",\"potentialAction\":[{\"@type\":\"ReadAction\",\"target\":[\"https:\/\/www.riwal.com\/hr\/kategorije-strojeva\/teleskopski-vilicar-genie-za-prodaju\/\"]}]},{\"@type\":\"ImageObject\",\"inLanguage\":\"hr\",\"@id\":\"https:\/\/www.riwal.com\/hr\/kategorije-strojeva\/teleskopski-vilicar-genie-za-prodaju\/#primaryimage\",\"url\":\"https:\/\/www.riwal.com\/app\/uploads\/sites\/11\/2024\/02\/Genie-forklift.webp\",\"contentUrl\":\"https:\/\/www.riwal.com\/app\/uploads\/sites\/11\/2024\/02\/Genie-forklift.webp\"},{\"@type\":\"BreadcrumbList\",\"@id\":\"https:\/\/www.riwal.com\/hr\/kategorije-strojeva\/teleskopski-vilicar-genie-za-prodaju\/#breadcrumb\",\"itemListElement\":[{\"@type\":\"ListItem\",\"position\":1,\"name\":\"Doma\",\"item\":\"https:\/\/www.riwal.com\/hr\/\"},{\"@type\":\"ListItem\",\"position\":2,\"name\":\"Kategorije strojeva\",\"item\":\"https:\/\/www.riwal.com\/hr\/kategorije-strojeva\/\"},{\"@type\":\"ListItem\",\"position\":3,\"name\":\"Teleskopski vili\u010dar Genie za prodaju\"}]},{\"@type\":\"WebSite\",\"@id\":\"https:\/\/www.riwal.com\/hr\/#website\",\"url\":\"https:\/\/www.riwal.com\/hr\/\",\"name\":\"Riwal\",\"description\":\"Arial work platform &amp; Telehandler Rental\/Sales\",\"publisher\":{\"@id\":\"https:\/\/www.riwal.com\/hr\/#organization\"},\"potentialAction\":[{\"@type\":\"SearchAction\",\"target\":{\"@type\":\"EntryPoint\",\"urlTemplate\":\"https:\/\/www.riwal.com\/hr\/?s={search_term_string}\"},\"query-input\":{\"@type\":\"PropertyValueSpecification\",\"valueRequired\":true,\"valueName\":\"search_term_string\"}}],\"inLanguage\":\"hr\"},{\"@type\":\"Organization\",\"@id\":\"https:\/\/www.riwal.com\/hr\/#organization\",\"name\":\"Riwal\",\"url\":\"https:\/\/www.riwal.com\/hr\/\",\"logo\":{\"@type\":\"ImageObject\",\"inLanguage\":\"hr\",\"@id\":\"https:\/\/www.riwal.com\/hr\/#\/schema\/logo\/image\/\",\"url\":\"\",\"contentUrl\":\"\",\"caption\":\"Riwal\"},\"image\":{\"@id\":\"https:\/\/www.riwal.com\/hr\/#\/schema\/logo\/image\/\"}}]}<\/script>\n<!-- \/ Yoast SEO Premium plugin. -->","yoast_head_json":{"title":"Teleskopski vili\u010dar Genie za prodaju - Riwal Hrvatska","robots":{"index":"index","follow":"follow","max-snippet":"max-snippet:-1","max-image-preview":"max-image-preview:large","max-video-preview":"max-video-preview:-1"},"canonical":"https:\/\/www.riwal.com\/hr\/kategorije-strojeva\/teleskopski-vilicar-genie-za-prodaju\/","og_locale":"hr_HR","og_type":"article","og_title":"Teleskopski vili\u010dar Genie za prodaju","og_description":"Teleskopski vili\u010dar Genie za prodaju Genie teleskopski vili\u010dari pru\u017eaju vam ba\u0161 ono \u0161to trebate za rad&nbsp; na te\u0161ko dostupnim prostorima ili prostorima s ograni\u010denim pristupom na bilo kojoj visini. Zbog svoje izvrsne konstrukcije osiguravaju vi\u0161enamjensku iskoristivost da bi ispunili sve potrebe va\u0161eg gradili\u0161ta. Zbog \u0161iroke palete razli\u010ditih tipova mehanizacije, Riwal uvijek ima pravi Genie teleskopski &hellip; Nastavak","og_url":"https:\/\/www.riwal.com\/hr\/kategorije-strojeva\/teleskopski-vilicar-genie-za-prodaju\/","og_site_name":"Riwal Hrvatska","article_modified_time":"2024-02-06T09:27:21+00:00","og_image":[{"url":"https:\/\/www.riwal.com\/app\/uploads\/sites\/11\/2024\/02\/Genie-forklift.webp","type":"","width":"","height":""}],"twitter_card":"summary_large_image","twitter_misc":{"Est. reading time":"4 minute"},"schema":{"@context":"https:\/\/schema.org","@graph":[{"@type":"WebPage","@id":"https:\/\/www.riwal.com\/hr\/kategorije-strojeva\/teleskopski-vilicar-genie-za-prodaju\/","url":"https:\/\/www.riwal.com\/hr\/kategorije-strojeva\/teleskopski-vilicar-genie-za-prodaju\/","name":"Teleskopski vili\u010dar Genie za prodaju - Riwal Hrvatska","isPartOf":{"@id":"https:\/\/www.riwal.com\/hr\/#website"},"primaryImageOfPage":{"@id":"https:\/\/www.riwal.com\/hr\/kategorije-strojeva\/teleskopski-vilicar-genie-za-prodaju\/#primaryimage"},"image":{"@id":"https:\/\/www.riwal.com\/hr\/kategorije-strojeva\/teleskopski-vilicar-genie-za-prodaju\/#primaryimage"},"thumbnailUrl":"https:\/\/www.riwal.com\/app\/uploads\/sites\/11\/2024\/02\/Genie-forklift.webp","datePublished":"2024-02-06T09:27:20+00:00","dateModified":"2024-02-06T09:27:21+00:00","breadcrumb":{"@id":"https:\/\/www.riwal.com\/hr\/kategorije-strojeva\/teleskopski-vilicar-genie-za-prodaju\/#breadcrumb"},"inLanguage":"hr","potentialAction":[{"@type":"ReadAction","target":["https:\/\/www.riwal.com\/hr\/kategorije-strojeva\/teleskopski-vilicar-genie-za-prodaju\/"]}]},{"@type":"ImageObject","inLanguage":"hr","@id":"https:\/\/www.riwal.com\/hr\/kategorije-strojeva\/teleskopski-vilicar-genie-za-prodaju\/#primaryimage","url":"https:\/\/www.riwal.com\/app\/uploads\/sites\/11\/2024\/02\/Genie-forklift.webp","contentUrl":"https:\/\/www.riwal.com\/app\/uploads\/sites\/11\/2024\/02\/Genie-forklift.webp"},{"@type":"BreadcrumbList","@id":"https:\/\/www.riwal.com\/hr\/kategorije-strojeva\/teleskopski-vilicar-genie-za-prodaju\/#breadcrumb","itemListElement":[{"@type":"ListItem","position":1,"name":"Doma","item":"https:\/\/www.riwal.com\/hr\/"},{"@type":"ListItem","position":2,"name":"Kategorije strojeva","item":"https:\/\/www.riwal.com\/hr\/kategorije-strojeva\/"},{"@type":"ListItem","position":3,"name":"Teleskopski vili\u010dar Genie za prodaju"}]},{"@type":"WebSite","@id":"https:\/\/www.riwal.com\/hr\/#website","url":"https:\/\/www.riwal.com\/hr\/","name":"Riwal","description":"Arial work platform &amp; Telehandler Rental\/Sales","publisher":{"@id":"https:\/\/www.riwal.com\/hr\/#organization"},"potentialAction":[{"@type":"SearchAction","target":{"@type":"EntryPoint","urlTemplate":"https:\/\/www.riwal.com\/hr\/?s={search_term_string}"},"query-input":{"@type":"PropertyValueSpecification","valueRequired":true,"valueName":"search_term_string"}}],"inLanguage":"hr"},{"@type":"Organization","@id":"https:\/\/www.riwal.com\/hr\/#organization","name":"Riwal","url":"https:\/\/www.riwal.com\/hr\/","logo":{"@type":"ImageObject","inLanguage":"hr","@id":"https:\/\/www.riwal.com\/hr\/#\/schema\/logo\/image\/","url":"","contentUrl":"","caption":"Riwal"},"image":{"@id":"https:\/\/www.riwal.com\/hr\/#\/schema\/logo\/image\/"}}]}},"_links":{"self":[{"href":"https:\/\/www.riwal.com\/hr\/wp-json\/wp\/v2\/pages\/5608","targetHints":{"allow":["GET"]}}],"collection":[{"href":"https:\/\/www.riwal.com\/hr\/wp-json\/wp\/v2\/pages"}],"about":[{"href":"https:\/\/www.riwal.com\/hr\/wp-json\/wp\/v2\/types\/page"}],"author":[{"embeddable":true,"href":"https:\/\/www.riwal.com\/hr\/wp-json\/wp\/v2\/users\/45"}],"replies":[{"embeddable":true,"href":"https:\/\/www.riwal.com\/hr\/wp-json\/wp\/v2\/comments?post=5608"}],"version-history":[{"count":1,"href":"https:\/\/www.riwal.com\/hr\/wp-json\/wp\/v2\/pages\/5608\/revisions"}],"predecessor-version":[{"id":5609,"href":"https:\/\/www.riwal.com\/hr\/wp-json\/wp\/v2\/pages\/5608\/revisions\/5609"}],"up":[{"embeddable":true,"href":"https:\/\/www.riwal.com\/hr\/wp-json\/wp\/v2\/pages\/5549"}],"wp:attachment":[{"href":"https:\/\/www.riwal.com\/hr\/wp-json\/wp\/v2\/media?parent=5608"}],"curies":[{"name":"wp","href":"https:\/\/api.w.org\/{rel}","templated":true}]}}