{"id":5606,"date":"2024-02-06T09:25:17","date_gmt":"2024-02-06T09:25:17","guid":{"rendered":"https:\/\/www.riwal.com\/hr\/?page_id=5606"},"modified":"2024-02-06T09:25:18","modified_gmt":"2024-02-06T09:25:18","slug":"holland-lift-skarasta-platforma","status":"publish","type":"page","link":"https:\/\/www.riwal.com\/hr\/kategorije-strojeva\/holland-lift-skarasta-platforma\/","title":{"rendered":"Holland Lift \u0161karasta platforma"},"content":{"rendered":"<div class=\"container\">\n<h2 class=\"wp-block-heading\" id=\"h-holland-lift-skarasta-podizna-platforma\">Holland Lift \u0161karasta podizna platforma<\/h2>\n<\/div>\n\n<div class=\"rental-wp-default-block rental-theme-block-default-margin\">\n\t\t\t\t\t\t\t\t<div class=\"container\">\n<div class=\"wp-block-columns is-layout-flex wp-container-core-columns-is-layout-28f84493 wp-block-columns-is-layout-flex\">\n<div class=\"wp-block-column is-layout-flow wp-block-column-is-layout-flow\" style=\"flex-basis:66.66%\">\n<p>Holland Lift \u0161karasta podizna platforma jam\u010di siguran rad na svim visinama. Kako je naglasak uvijek na sigurnosti, Holland Lift proizvodi platforme za rad na visini izrazite \u010dvrsto\u0107e, koja ne umanjuje njihovu okretnost i lako upravljanje. U Riwalu mo\u017eete unajmiti \u0161karaste podizne platforme za svoje specifi\u010dne potrebe ili pak kupiti vlastitu Holland Lift \u0161karastu podiznu platformu za svakodnevnu upotrebu. Na\u0161i \u0107e vas stru\u010dnjaci rado savjetovati kako biste donijeli pravu odluku.<\/p>\n\n\n\n<h2 class=\"wp-block-heading\">Koju Holland Lift \u0161karastu podiznu platformu odabrati?<\/h2>\n\n\n\n<p>U Riwalu vam je na raspolaganju veliki izbor \u0161karastih podiznih platformi. \u010cak i kad ste ve\u0107 odabrali kvalitetu i zajam\u010denu sigurnost nizozemskog proizvo\u0111a\u010da Holland Lift, i dalje mo\u017eete birati izme\u0111u razli\u010ditih vrsta platformi. Prvo je pitanje \u017eelite li dizelski ili elektri\u010dni pogon. Oba su prikladna za rad na velikim visinama. Dizelska \u0161karasta podizna platforma prikladnija je za rad na otvorenom, dok je elektri\u010dna \u0161karasta podizna platforma prikladna podjednako za rad na otvorenom i u zatvorenom prostoru. No, kad transportirate te\u0161ku opremu, tra\u017eite platformu s velikim radnim prostorom i\/ili radite na razli\u010ditim povr\u0161inama uklju\u010duju\u0107i neravne terene, dizel je pravi izbor za vas.<\/p>\n\n\n\n<h2 class=\"wp-block-heading\"><strong>Kupnja ili najam<\/strong><\/h2>\n\n\n\n<p>S Riwalom mo\u017eete birati ho\u0107ete li kupiti Holland Lift \u0161karastu podiznu platformu ili je unajmiti na odre\u0111eno vrijeme. Ako \u0161karastu podiznu platformu koristite svakodnevno, pametno je investirati u kupnju vlastite Holland Lift \u0161karaste podizne platforme. Planirate koristiti \u0161karastu podiznu platformu ograni\u010deno vrijeme, npr. na jednom projektu? Odaberite neku od Holland Lift \u0161karastih podiznih platformi iz na\u0161e \u0161iroke ponude platformi za najam.<strong>Vrhunska usluga<\/strong><br>Bilo da se odlu\u010dite za kupnju ili najam, stru\u010dnjaci u Riwalu rado \u0107e vas uputiti u specifikacije i tako vam pomo\u0107i da donesete pravu odluku. Uz pomo\u0107 na\u0161eg stru\u010dnjaka sigurno \u0107ete odabrati pravu Holland Lift \u0161karastu podiznu platformu za posao koji trebate obaviti. Po potrebi mo\u017eemo prilagoditi \u0161karastu podiznu platformu va\u0161im specifi\u010dnim zahtjevima. Mi u Riwalu itekako smo svjesni da kupnja ili najam ove vrste stroja mo\u017ee biti velika investicija i stoga vam \u017eelimo osigurati \u0161karastu podiznu platformu koja odgovara va\u0161oj djelatnosti.<br><\/p>\n\n\n\n<h3 class=\"wp-block-heading\"><strong>Kontaktirajte nas za vi\u0161e informacija o Holland Lift \u0161karastoj podiznoj platformi<\/strong><\/h3>\n\n\n\n<p>Ve\u0107 ste prou\u010dili na\u0161u \u0161iroku ponudu Holland Lift \u0161karastih podiznih platformi i imate pitanja o jednom od na\u0161ih strojeva? Ili \u017eelite saznati vi\u0161e o mogu\u0107nostima koje nude ostale na\u0161e \u0161karaste podizne platforme i drugi strojevi? U Riwalu \u0107emo vam pomo\u0107i za vas prilago\u0111enim savjetima. Javite nam se ako \u017eelite unajmiti Holland Lift \u0161karastu podiznu platformu ili se bez obaveze posavjetovati s na\u0161im konzultantom. Ako razmi\u0161ljate o ulaganju u vlastitu Holland Lift \u0161karastu podiznu platformu, na\u0161 iskusni prodajni tim dat \u0107e vam detaljne savjete o razli\u010ditim mogu\u0107nostima i specifikacijama na\u0161e \u0161iroke ponude. Oni \u0107e vas rado posjetiti na terenu kako bi \u0161to detaljnije odredili va\u0161e potrebe i mogu\u0107nosti koje vam se nude.<\/p>\n<\/div>\n\n\n\n<div class=\"wp-block-column is-layout-flow wp-block-column-is-layout-flow\" style=\"flex-basis:33.33%\">\n<figure class=\"wp-block-image size-full\"><img loading=\"lazy\" decoding=\"async\" width=\"450\" height=\"330\" src=\"https:\/\/eqsk4m2dkju.exactdn.com\/app\/uploads\/sites\/11\/2024\/02\/holland-lift-x2.jpeg?strip=all&quality=92&webp=92&avif=80&sharp=1\" alt=\"\" class=\"wp-image-5566\" srcset=\"https:\/\/eqsk4m2dkju.exactdn.com\/app\/uploads\/sites\/11\/2024\/02\/holland-lift-x2.jpeg?strip=all&amp;quality=92&amp;webp=92&amp;avif=80&amp;sharp=1 450w, https:\/\/eqsk4m2dkju.exactdn.com\/app\/uploads\/sites\/11\/2024\/02\/holland-lift-x2-300x220.jpeg?strip=all&amp;quality=92&amp;webp=92&amp;avif=80&amp;sharp=1 300w, https:\/\/eqsk4m2dkju.exactdn.com\/app\/uploads\/sites\/11\/2024\/02\/holland-lift-x2-178x131.jpeg?strip=all&amp;quality=92&amp;webp=92&amp;avif=80&amp;sharp=1 178w, https:\/\/eqsk4m2dkju.exactdn.com\/app\/uploads\/sites\/11\/2024\/02\/holland-lift-x2-390x286.jpeg?strip=all&amp;quality=92&amp;webp=92&amp;avif=80&amp;sharp=1 390w, https:\/\/eqsk4m2dkju.exactdn.com\/app\/uploads\/sites\/11\/2024\/02\/holland-lift-x2-250x183.jpeg?strip=all&amp;quality=92&amp;webp=92&amp;avif=80&amp;sharp=1 250w, https:\/\/eqsk4m2dkju.exactdn.com\/app\/uploads\/sites\/11\/2024\/02\/holland-lift-x2-237x174.jpeg?strip=all&amp;quality=92&amp;webp=92&amp;avif=80&amp;sharp=1 237w, https:\/\/eqsk4m2dkju.exactdn.com\/app\/uploads\/sites\/11\/2024\/02\/holland-lift-x2.jpeg?strip=all&amp;quality=92&amp;webp=92&amp;avif=80&amp;sharp=1&amp;w=90 90w\" sizes=\"auto, (max-width: 450px) 100vw, 450px\" \/><\/figure>\n\n\n\n<figure class=\"wp-block-image size-full\"><img loading=\"lazy\" decoding=\"async\" width=\"800\" height=\"609\" src=\"https:\/\/eqsk4m2dkju.exactdn.com\/app\/uploads\/sites\/11\/2024\/02\/Josip1_web.webp?strip=all&quality=92&webp=92&avif=80&sharp=1\" alt=\"\" class=\"wp-image-5552\" srcset=\"https:\/\/eqsk4m2dkju.exactdn.com\/app\/uploads\/sites\/11\/2024\/02\/Josip1_web.webp?strip=all&amp;quality=92&amp;webp=92&amp;avif=80&amp;sharp=1 800w, https:\/\/eqsk4m2dkju.exactdn.com\/app\/uploads\/sites\/11\/2024\/02\/Josip1_web-300x228.webp?strip=all&amp;quality=92&amp;webp=92&amp;avif=80&amp;sharp=1 300w, https:\/\/eqsk4m2dkju.exactdn.com\/app\/uploads\/sites\/11\/2024\/02\/Josip1_web-768x585.webp?strip=all&amp;quality=92&amp;webp=92&amp;avif=80&amp;sharp=1 768w, https:\/\/eqsk4m2dkju.exactdn.com\/app\/uploads\/sites\/11\/2024\/02\/Josip1_web-178x136.webp?strip=all&amp;quality=92&amp;webp=92&amp;avif=80&amp;sharp=1 178w, https:\/\/eqsk4m2dkju.exactdn.com\/app\/uploads\/sites\/11\/2024\/02\/Josip1_web-390x297.webp?strip=all&amp;quality=92&amp;webp=92&amp;avif=80&amp;sharp=1 390w, https:\/\/eqsk4m2dkju.exactdn.com\/app\/uploads\/sites\/11\/2024\/02\/Josip1_web-250x190.webp?strip=all&amp;quality=92&amp;webp=92&amp;avif=80&amp;sharp=1 250w, https:\/\/eqsk4m2dkju.exactdn.com\/app\/uploads\/sites\/11\/2024\/02\/Josip1_web-620x472.webp?strip=all&amp;quality=92&amp;webp=92&amp;avif=80&amp;sharp=1 620w, https:\/\/eqsk4m2dkju.exactdn.com\/app\/uploads\/sites\/11\/2024\/02\/Josip1_web-237x180.webp?strip=all&amp;quality=92&amp;webp=92&amp;avif=80&amp;sharp=1 237w, https:\/\/eqsk4m2dkju.exactdn.com\/app\/uploads\/sites\/11\/2024\/02\/Josip1_web-474x361.webp?strip=all&amp;quality=92&amp;webp=92&amp;avif=80&amp;sharp=1 474w\" sizes=\"auto, (max-width: 800px) 100vw, 800px\" \/><\/figure>\n\n\n\n<p><strong>Jeste li zainteresirani?<\/strong><\/p>\n\n\n\n<p>info-hr@riwal.com<\/p>\n\n\n\n<p>Nazovite nas: 01 2763 581<\/p>\n\n\n\n<div class=\"wp-block-buttons is-layout-flex wp-block-buttons-is-layout-flex\">\n<div class=\"wp-block-button\"><a class=\"wp-block-button__link wp-element-button\" href=\"https:\/\/www.riwal.com\/hr\/najam\/\">Prona\u0111ite strojeve za najam<\/a><\/div>\n<\/div>\n\n\n\n<div class=\"wp-block-buttons is-layout-flex wp-block-buttons-is-layout-flex\">\n<div class=\"wp-block-button\"><a class=\"wp-block-button__link wp-element-button\" href=\"https:\/\/www.riwal.com\/hr\/prodaja\/rabljeni-strojevi\/\">Prona\u0111ite rabljene strojeve za prodaju<\/a><\/div>\n<\/div>\n\n\n\n<div class=\"wp-block-columns is-layout-flex wp-container-core-columns-is-layout-28f84493 wp-block-columns-is-layout-flex\">\n<div class=\"wp-block-column is-layout-flow wp-block-column-is-layout-flow\"><\/div>\n\n\n\n<div class=\"wp-block-column is-layout-flow wp-block-column-is-layout-flow\"><\/div>\n<\/div>\n<\/div>\n<\/div>\n<\/div>\n\t\t\t\t\t\t\t<\/div> ","protected":false},"excerpt":{"rendered":"<p>Holland Lift \u0161karasta podizna platforma Holland Lift \u0161karasta podizna platforma jam\u010di siguran rad na svim visinama. Kako je naglasak uvijek na sigurnosti, Holland Lift proizvodi platforme za rad na visini izrazite \u010dvrsto\u0107e, koja ne umanjuje njihovu okretnost i lako upravljanje. U Riwalu mo\u017eete unajmiti \u0161karaste podizne platforme za svoje specifi\u010dne potrebe ili pak kupiti vlastitu &hellip; <a href=\"https:\/\/www.riwal.com\/hr\/kategorije-strojeva\/holland-lift-skarasta-platforma\/\">Nastavak<\/a><\/p>\n","protected":false},"author":45,"featured_media":0,"parent":5549,"menu_order":0,"comment_status":"closed","ping_status":"closed","template":"","meta":{"_acf_changed":false,"footnotes":""},"class_list":["post-5606","page","type-page","status-publish","hentry"],"acf":[],"yoast_head":"<!-- This site is optimized with the Yoast SEO Premium plugin v27.1 (Yoast SEO v27.1.1) - https:\/\/yoast.com\/product\/yoast-seo-premium-wordpress\/ -->\n<title>Holland Lift \u0161karasta platforma - Riwal Hrvatska<\/title>\n<meta name=\"robots\" content=\"index, follow, max-snippet:-1, max-image-preview:large, max-video-preview:-1\" \/>\n<link rel=\"canonical\" href=\"https:\/\/www.riwal.com\/hr\/kategorije-strojeva\/holland-lift-skarasta-platforma\/\" \/>\n<meta property=\"og:locale\" content=\"hr_HR\" \/>\n<meta property=\"og:type\" content=\"article\" \/>\n<meta property=\"og:title\" content=\"Holland Lift \u0161karasta platforma\" \/>\n<meta property=\"og:description\" content=\"Holland Lift \u0161karasta podizna platforma Holland Lift \u0161karasta podizna platforma jam\u010di siguran rad na svim visinama. Kako je naglasak uvijek na sigurnosti, Holland Lift proizvodi platforme za rad na visini izrazite \u010dvrsto\u0107e, koja ne umanjuje njihovu okretnost i lako upravljanje. U Riwalu mo\u017eete unajmiti \u0161karaste podizne platforme za svoje specifi\u010dne potrebe ili pak kupiti vlastitu &hellip; Nastavak\" \/>\n<meta property=\"og:url\" content=\"https:\/\/www.riwal.com\/hr\/kategorije-strojeva\/holland-lift-skarasta-platforma\/\" \/>\n<meta property=\"og:site_name\" content=\"Riwal Hrvatska\" \/>\n<meta property=\"article:modified_time\" content=\"2024-02-06T09:25:18+00:00\" \/>\n<meta property=\"og:image\" content=\"https:\/\/www.riwal.com\/app\/uploads\/sites\/11\/2024\/02\/holland-lift-x2.jpeg\" \/>\n<meta name=\"twitter:card\" content=\"summary_large_image\" \/>\n<meta name=\"twitter:label1\" content=\"Est. reading time\" \/>\n\t<meta name=\"twitter:data1\" content=\"3 minute\" \/>\n<script type=\"application\/ld+json\" class=\"yoast-schema-graph\">{\"@context\":\"https:\/\/schema.org\",\"@graph\":[{\"@type\":\"WebPage\",\"@id\":\"https:\/\/www.riwal.com\/hr\/kategorije-strojeva\/holland-lift-skarasta-platforma\/\",\"url\":\"https:\/\/www.riwal.com\/hr\/kategorije-strojeva\/holland-lift-skarasta-platforma\/\",\"name\":\"Holland Lift \u0161karasta platforma - Riwal Hrvatska\",\"isPartOf\":{\"@id\":\"https:\/\/www.riwal.com\/hr\/#website\"},\"primaryImageOfPage\":{\"@id\":\"https:\/\/www.riwal.com\/hr\/kategorije-strojeva\/holland-lift-skarasta-platforma\/#primaryimage\"},\"image\":{\"@id\":\"https:\/\/www.riwal.com\/hr\/kategorije-strojeva\/holland-lift-skarasta-platforma\/#primaryimage\"},\"thumbnailUrl\":\"https:\/\/www.riwal.com\/app\/uploads\/sites\/11\/2024\/02\/holland-lift-x2.jpeg\",\"datePublished\":\"2024-02-06T09:25:17+00:00\",\"dateModified\":\"2024-02-06T09:25:18+00:00\",\"breadcrumb\":{\"@id\":\"https:\/\/www.riwal.com\/hr\/kategorije-strojeva\/holland-lift-skarasta-platforma\/#breadcrumb\"},\"inLanguage\":\"hr\",\"potentialAction\":[{\"@type\":\"ReadAction\",\"target\":[\"https:\/\/www.riwal.com\/hr\/kategorije-strojeva\/holland-lift-skarasta-platforma\/\"]}]},{\"@type\":\"ImageObject\",\"inLanguage\":\"hr\",\"@id\":\"https:\/\/www.riwal.com\/hr\/kategorije-strojeva\/holland-lift-skarasta-platforma\/#primaryimage\",\"url\":\"https:\/\/www.riwal.com\/app\/uploads\/sites\/11\/2024\/02\/holland-lift-x2.jpeg\",\"contentUrl\":\"https:\/\/www.riwal.com\/app\/uploads\/sites\/11\/2024\/02\/holland-lift-x2.jpeg\"},{\"@type\":\"BreadcrumbList\",\"@id\":\"https:\/\/www.riwal.com\/hr\/kategorije-strojeva\/holland-lift-skarasta-platforma\/#breadcrumb\",\"itemListElement\":[{\"@type\":\"ListItem\",\"position\":1,\"name\":\"Doma\",\"item\":\"https:\/\/www.riwal.com\/hr\/\"},{\"@type\":\"ListItem\",\"position\":2,\"name\":\"Kategorije strojeva\",\"item\":\"https:\/\/www.riwal.com\/hr\/kategorije-strojeva\/\"},{\"@type\":\"ListItem\",\"position\":3,\"name\":\"Holland Lift \u0161karasta platforma\"}]},{\"@type\":\"WebSite\",\"@id\":\"https:\/\/www.riwal.com\/hr\/#website\",\"url\":\"https:\/\/www.riwal.com\/hr\/\",\"name\":\"Riwal\",\"description\":\"Arial work platform &amp; Telehandler Rental\/Sales\",\"publisher\":{\"@id\":\"https:\/\/www.riwal.com\/hr\/#organization\"},\"potentialAction\":[{\"@type\":\"SearchAction\",\"target\":{\"@type\":\"EntryPoint\",\"urlTemplate\":\"https:\/\/www.riwal.com\/hr\/?s={search_term_string}\"},\"query-input\":{\"@type\":\"PropertyValueSpecification\",\"valueRequired\":true,\"valueName\":\"search_term_string\"}}],\"inLanguage\":\"hr\"},{\"@type\":\"Organization\",\"@id\":\"https:\/\/www.riwal.com\/hr\/#organization\",\"name\":\"Riwal\",\"url\":\"https:\/\/www.riwal.com\/hr\/\",\"logo\":{\"@type\":\"ImageObject\",\"inLanguage\":\"hr\",\"@id\":\"https:\/\/www.riwal.com\/hr\/#\/schema\/logo\/image\/\",\"url\":\"\",\"contentUrl\":\"\",\"caption\":\"Riwal\"},\"image\":{\"@id\":\"https:\/\/www.riwal.com\/hr\/#\/schema\/logo\/image\/\"}}]}<\/script>\n<!-- \/ Yoast SEO Premium plugin. -->","yoast_head_json":{"title":"Holland Lift \u0161karasta platforma - Riwal Hrvatska","robots":{"index":"index","follow":"follow","max-snippet":"max-snippet:-1","max-image-preview":"max-image-preview:large","max-video-preview":"max-video-preview:-1"},"canonical":"https:\/\/www.riwal.com\/hr\/kategorije-strojeva\/holland-lift-skarasta-platforma\/","og_locale":"hr_HR","og_type":"article","og_title":"Holland Lift \u0161karasta platforma","og_description":"Holland Lift \u0161karasta podizna platforma Holland Lift \u0161karasta podizna platforma jam\u010di siguran rad na svim visinama. Kako je naglasak uvijek na sigurnosti, Holland Lift proizvodi platforme za rad na visini izrazite \u010dvrsto\u0107e, koja ne umanjuje njihovu okretnost i lako upravljanje. U Riwalu mo\u017eete unajmiti \u0161karaste podizne platforme za svoje specifi\u010dne potrebe ili pak kupiti vlastitu &hellip; Nastavak","og_url":"https:\/\/www.riwal.com\/hr\/kategorije-strojeva\/holland-lift-skarasta-platforma\/","og_site_name":"Riwal Hrvatska","article_modified_time":"2024-02-06T09:25:18+00:00","og_image":[{"url":"https:\/\/www.riwal.com\/app\/uploads\/sites\/11\/2024\/02\/holland-lift-x2.jpeg","type":"","width":"","height":""}],"twitter_card":"summary_large_image","twitter_misc":{"Est. reading time":"3 minute"},"schema":{"@context":"https:\/\/schema.org","@graph":[{"@type":"WebPage","@id":"https:\/\/www.riwal.com\/hr\/kategorije-strojeva\/holland-lift-skarasta-platforma\/","url":"https:\/\/www.riwal.com\/hr\/kategorije-strojeva\/holland-lift-skarasta-platforma\/","name":"Holland Lift \u0161karasta platforma - Riwal Hrvatska","isPartOf":{"@id":"https:\/\/www.riwal.com\/hr\/#website"},"primaryImageOfPage":{"@id":"https:\/\/www.riwal.com\/hr\/kategorije-strojeva\/holland-lift-skarasta-platforma\/#primaryimage"},"image":{"@id":"https:\/\/www.riwal.com\/hr\/kategorije-strojeva\/holland-lift-skarasta-platforma\/#primaryimage"},"thumbnailUrl":"https:\/\/www.riwal.com\/app\/uploads\/sites\/11\/2024\/02\/holland-lift-x2.jpeg","datePublished":"2024-02-06T09:25:17+00:00","dateModified":"2024-02-06T09:25:18+00:00","breadcrumb":{"@id":"https:\/\/www.riwal.com\/hr\/kategorije-strojeva\/holland-lift-skarasta-platforma\/#breadcrumb"},"inLanguage":"hr","potentialAction":[{"@type":"ReadAction","target":["https:\/\/www.riwal.com\/hr\/kategorije-strojeva\/holland-lift-skarasta-platforma\/"]}]},{"@type":"ImageObject","inLanguage":"hr","@id":"https:\/\/www.riwal.com\/hr\/kategorije-strojeva\/holland-lift-skarasta-platforma\/#primaryimage","url":"https:\/\/www.riwal.com\/app\/uploads\/sites\/11\/2024\/02\/holland-lift-x2.jpeg","contentUrl":"https:\/\/www.riwal.com\/app\/uploads\/sites\/11\/2024\/02\/holland-lift-x2.jpeg"},{"@type":"BreadcrumbList","@id":"https:\/\/www.riwal.com\/hr\/kategorije-strojeva\/holland-lift-skarasta-platforma\/#breadcrumb","itemListElement":[{"@type":"ListItem","position":1,"name":"Doma","item":"https:\/\/www.riwal.com\/hr\/"},{"@type":"ListItem","position":2,"name":"Kategorije strojeva","item":"https:\/\/www.riwal.com\/hr\/kategorije-strojeva\/"},{"@type":"ListItem","position":3,"name":"Holland Lift \u0161karasta platforma"}]},{"@type":"WebSite","@id":"https:\/\/www.riwal.com\/hr\/#website","url":"https:\/\/www.riwal.com\/hr\/","name":"Riwal","description":"Arial work platform &amp; Telehandler Rental\/Sales","publisher":{"@id":"https:\/\/www.riwal.com\/hr\/#organization"},"potentialAction":[{"@type":"SearchAction","target":{"@type":"EntryPoint","urlTemplate":"https:\/\/www.riwal.com\/hr\/?s={search_term_string}"},"query-input":{"@type":"PropertyValueSpecification","valueRequired":true,"valueName":"search_term_string"}}],"inLanguage":"hr"},{"@type":"Organization","@id":"https:\/\/www.riwal.com\/hr\/#organization","name":"Riwal","url":"https:\/\/www.riwal.com\/hr\/","logo":{"@type":"ImageObject","inLanguage":"hr","@id":"https:\/\/www.riwal.com\/hr\/#\/schema\/logo\/image\/","url":"","contentUrl":"","caption":"Riwal"},"image":{"@id":"https:\/\/www.riwal.com\/hr\/#\/schema\/logo\/image\/"}}]}},"_links":{"self":[{"href":"https:\/\/www.riwal.com\/hr\/wp-json\/wp\/v2\/pages\/5606","targetHints":{"allow":["GET"]}}],"collection":[{"href":"https:\/\/www.riwal.com\/hr\/wp-json\/wp\/v2\/pages"}],"about":[{"href":"https:\/\/www.riwal.com\/hr\/wp-json\/wp\/v2\/types\/page"}],"author":[{"embeddable":true,"href":"https:\/\/www.riwal.com\/hr\/wp-json\/wp\/v2\/users\/45"}],"replies":[{"embeddable":true,"href":"https:\/\/www.riwal.com\/hr\/wp-json\/wp\/v2\/comments?post=5606"}],"version-history":[{"count":1,"href":"https:\/\/www.riwal.com\/hr\/wp-json\/wp\/v2\/pages\/5606\/revisions"}],"predecessor-version":[{"id":5607,"href":"https:\/\/www.riwal.com\/hr\/wp-json\/wp\/v2\/pages\/5606\/revisions\/5607"}],"up":[{"embeddable":true,"href":"https:\/\/www.riwal.com\/hr\/wp-json\/wp\/v2\/pages\/5549"}],"wp:attachment":[{"href":"https:\/\/www.riwal.com\/hr\/wp-json\/wp\/v2\/media?parent=5606"}],"curies":[{"name":"wp","href":"https:\/\/api.w.org\/{rel}","templated":true}]}}