{"id":5604,"date":"2024-02-06T09:24:15","date_gmt":"2024-02-06T09:24:15","guid":{"rendered":"https:\/\/www.riwal.com\/hr\/?page_id=5604"},"modified":"2024-02-06T09:24:15","modified_gmt":"2024-02-06T09:24:15","slug":"holland-lift","status":"publish","type":"page","link":"https:\/\/www.riwal.com\/hr\/kategorije-strojeva\/holland-lift\/","title":{"rendered":"Holland Lift"},"content":{"rendered":"<div class=\"container\">\n<h2 class=\"wp-block-heading\" id=\"h-holland-lift-podizne-platforme\">Holland Lift podizne platforme<\/h2>\n<\/div>\n\n<div class=\"rental-wp-default-block rental-theme-block-default-margin\">\n\t\t\t\t\t\t\t\t<div class=\"container\">\n<div class=\"wp-block-columns is-layout-flex wp-container-core-columns-is-layout-28f84493 wp-block-columns-is-layout-flex\">\n<div class=\"wp-block-column is-layout-flow wp-block-column-is-layout-flow\" style=\"flex-basis:66.66%\">\n<p>Godine 1984. Holland Lift je po\u010deo razvijati i graditi \u0161karaste podizne platforme. Otada do danas usredoto\u010deni su na stabilnost, robusnost i prije svega sigurnost. \u0160iroku ponudu Holland Lifta i dalje odlikuju iste temeljne vrijednosti kao prije 30 godina. Danas podizne platforme Holland Lift dokazuju svoju snagu u najrazli\u010ditijim radnim situacijama. I, kao uvijek, Hollands Lift strojevi isti\u010du se robusnim dizajnom i najduljim dosegom na svijetu. Siguran rad na svim visinama zajam\u010den je uz Holland Lift.<\/p>\n\n\n\n<h2 class=\"wp-block-heading\">Holland Lift mehanizacija<\/h2>\n\n\n\n<p>U kojoj god industrijskoj grani i za koju god primjenu upotrebljavali strojeve Holland Lift, uvijek se mo\u017eete osloniti na njihovu visoku kvalitetu, najvi\u0161u razinu sigurnosti i dostupnost usluge. Holland Lift ima sve \u0161to je potrebno da izazovan posao u\u010dini u\u010dinkovitim i sigurnim. Platforme Holland Lift toliko su stabilne da dugotrajan rad na visini \u010dine iznimno ugodnim iskustvom. I mnoge dodatne opcije rad \u010dine ugodnijim i pove\u0107avaju sigurnost.<\/p>\n\n\n\n<h2 class=\"wp-block-heading\">5 razloga za\u0161to odabrati podizne platforme Holland Lift<\/h2>\n\n\n\n<p>1. Prilago\u0111ene su va\u0161im metodama rada. Platforme Holland Lift u potpunosti su prilago\u0111ene va\u0161im zahtjevima.<br>2. Radite u udobnosti. Platforme Holland Lift toliko su stabilne da \u010dine dugotrajan rad na visini iznimno ugodnim iskustvom.<br>3. Dug vijek trajanja. Holland Lift radi s bron\u010danim le\u017eajevima u kombinaciji s dvostrukim tvrdo kromiranim osovinama. Sve za \u0161to manje tro\u0161enje i dugo trajanje.<br>4. Najve\u0107a radna visina. Podizne platforme Holland Lift omogu\u0107uju jedinstvene radne visine. Holland Lift Hl-340 D30 4WDS\/N omogu\u0107uje rad na visini od \u010dak 34 metra.<br>5. Izdr\u017eljiva zavr\u0161na obrada. Platforme Holland Lift su izdr\u017eljive. U izradi podiznih platformi koristimo visokokvalitetni \u010delik, a hidrauli\u010dnim cijevima ugra\u0111ujemo poja\u010danja na svim kriti\u010dnim to\u010dkama.<\/p>\n\n\n\n<h2 class=\"wp-block-heading\"><strong>Prona\u0111ite svoju novu ili rabljenu Holland Lift platformu u Riwalu<\/strong><\/h2>\n\n\n\n<p>Ako namjeravate svakodnevno koristiti opremu Holland Lift, ulaganje u novu ili rabljenu podiznu platformu najbolje je rje\u0161enje. U Riwalu \u0107ete prona\u0107i veliki izbor razli\u010ditih podiznih platformi Holland Lift i dobiti priliku da odaberete platformu koja ispunjava sve va\u0161e zahtjeve. Bilo da se odlu\u010dite za kupnju nove ili rabljene platforme, Riwal \u0107e vam pomo\u0107i u dono\u0161enju prave odluke. To vrijedi i ako se odlu\u010dite unajmiti platformu Holland Lift. Na\u0161 stru\u010dni tim znat \u0107e \u0161to vam je potrebno i sa zadovoljstvom \u0107e vam pru\u017eiti za vas prilago\u0111ene savjete.<\/p>\n\n\n\n<h3 class=\"wp-block-heading\">Kupite ili unajmite svoju Holland Lift platformu u Riwalu<\/h3>\n\n\n\n<p>U Riwalu mo\u017eete birati iz \u0161iroke ponude podiznih platformi Holland Lift. Mi \u0107emo vam sa zadovoljstvom pomo\u0107i da donesete pravu odluku. Sretni smo \u0161to vam mo\u017eemo ponuditi pravo rje\u0161enje. Mo\u017eete nas kontaktirati telefonom ili e-mailom za detaljne informacije o najboljim opcijama za va\u0161u tvrtku. Bilo da razmi\u0161ljate o kupnji ili najmu.<\/p>\n<\/div>\n\n\n\n<div class=\"wp-block-column is-layout-flow wp-block-column-is-layout-flow\" style=\"flex-basis:33.33%\">\n<figure class=\"wp-block-image size-full\"><img loading=\"lazy\" decoding=\"async\" width=\"450\" height=\"330\" src=\"https:\/\/eqsk4m2dkju.exactdn.com\/app\/uploads\/sites\/11\/2024\/02\/holland-lift.webp?strip=all&quality=92&webp=92&avif=80&sharp=1\" alt=\"\" class=\"wp-image-5565\" srcset=\"https:\/\/eqsk4m2dkju.exactdn.com\/app\/uploads\/sites\/11\/2024\/02\/holland-lift.webp?strip=all&amp;quality=92&amp;webp=92&amp;avif=80&amp;sharp=1 450w, https:\/\/eqsk4m2dkju.exactdn.com\/app\/uploads\/sites\/11\/2024\/02\/holland-lift-300x220.webp?strip=all&amp;quality=92&amp;webp=92&amp;avif=80&amp;sharp=1 300w, https:\/\/eqsk4m2dkju.exactdn.com\/app\/uploads\/sites\/11\/2024\/02\/holland-lift-178x131.webp?strip=all&amp;quality=92&amp;webp=92&amp;avif=80&amp;sharp=1 178w, https:\/\/eqsk4m2dkju.exactdn.com\/app\/uploads\/sites\/11\/2024\/02\/holland-lift-390x286.webp?strip=all&amp;quality=92&amp;webp=92&amp;avif=80&amp;sharp=1 390w, https:\/\/eqsk4m2dkju.exactdn.com\/app\/uploads\/sites\/11\/2024\/02\/holland-lift-250x183.webp?strip=all&amp;quality=92&amp;webp=92&amp;avif=80&amp;sharp=1 250w, https:\/\/eqsk4m2dkju.exactdn.com\/app\/uploads\/sites\/11\/2024\/02\/holland-lift-237x174.webp?strip=all&amp;quality=92&amp;webp=92&amp;avif=80&amp;sharp=1 237w, https:\/\/eqsk4m2dkju.exactdn.com\/app\/uploads\/sites\/11\/2024\/02\/holland-lift.webp?strip=all&amp;quality=92&amp;webp=92&amp;avif=80&amp;sharp=1&amp;w=90 90w\" sizes=\"auto, (max-width: 450px) 100vw, 450px\" \/><\/figure>\n\n\n\n<figure class=\"wp-block-image size-full\"><img loading=\"lazy\" decoding=\"async\" width=\"800\" height=\"609\" src=\"https:\/\/eqsk4m2dkju.exactdn.com\/app\/uploads\/sites\/11\/2024\/02\/Josip1_web.webp?strip=all&quality=92&webp=92&avif=80&sharp=1\" alt=\"\" class=\"wp-image-5552\" srcset=\"https:\/\/eqsk4m2dkju.exactdn.com\/app\/uploads\/sites\/11\/2024\/02\/Josip1_web.webp?strip=all&amp;quality=92&amp;webp=92&amp;avif=80&amp;sharp=1 800w, https:\/\/eqsk4m2dkju.exactdn.com\/app\/uploads\/sites\/11\/2024\/02\/Josip1_web-300x228.webp?strip=all&amp;quality=92&amp;webp=92&amp;avif=80&amp;sharp=1 300w, https:\/\/eqsk4m2dkju.exactdn.com\/app\/uploads\/sites\/11\/2024\/02\/Josip1_web-768x585.webp?strip=all&amp;quality=92&amp;webp=92&amp;avif=80&amp;sharp=1 768w, https:\/\/eqsk4m2dkju.exactdn.com\/app\/uploads\/sites\/11\/2024\/02\/Josip1_web-178x136.webp?strip=all&amp;quality=92&amp;webp=92&amp;avif=80&amp;sharp=1 178w, https:\/\/eqsk4m2dkju.exactdn.com\/app\/uploads\/sites\/11\/2024\/02\/Josip1_web-390x297.webp?strip=all&amp;quality=92&amp;webp=92&amp;avif=80&amp;sharp=1 390w, https:\/\/eqsk4m2dkju.exactdn.com\/app\/uploads\/sites\/11\/2024\/02\/Josip1_web-250x190.webp?strip=all&amp;quality=92&amp;webp=92&amp;avif=80&amp;sharp=1 250w, https:\/\/eqsk4m2dkju.exactdn.com\/app\/uploads\/sites\/11\/2024\/02\/Josip1_web-620x472.webp?strip=all&amp;quality=92&amp;webp=92&amp;avif=80&amp;sharp=1 620w, https:\/\/eqsk4m2dkju.exactdn.com\/app\/uploads\/sites\/11\/2024\/02\/Josip1_web-237x180.webp?strip=all&amp;quality=92&amp;webp=92&amp;avif=80&amp;sharp=1 237w, https:\/\/eqsk4m2dkju.exactdn.com\/app\/uploads\/sites\/11\/2024\/02\/Josip1_web-474x361.webp?strip=all&amp;quality=92&amp;webp=92&amp;avif=80&amp;sharp=1 474w\" sizes=\"auto, (max-width: 800px) 100vw, 800px\" \/><\/figure>\n\n\n\n<p><strong>Jeste li zainteresirani?<\/strong><\/p>\n\n\n\n<p>info-hr@riwal.com<\/p>\n\n\n\n<p>Nazovite nas: 01 2763 581<\/p>\n\n\n\n<div class=\"wp-block-buttons is-layout-flex wp-block-buttons-is-layout-flex\">\n<div class=\"wp-block-button\"><a class=\"wp-block-button__link wp-element-button\" href=\"https:\/\/www.riwal.com\/hr\/najam\/\">Prona\u0111ite strojeve za najam<\/a><\/div>\n<\/div>\n\n\n\n<div class=\"wp-block-buttons is-layout-flex wp-block-buttons-is-layout-flex\">\n<div class=\"wp-block-button\"><a class=\"wp-block-button__link wp-element-button\" href=\"https:\/\/www.riwal.com\/hr\/prodaja\/rabljeni-strojevi\/\">Prona\u0111ite rabljene strojeve za prodaju<\/a><\/div>\n<\/div>\n\n\n\n<div class=\"wp-block-columns is-layout-flex wp-container-core-columns-is-layout-28f84493 wp-block-columns-is-layout-flex\">\n<div class=\"wp-block-column is-layout-flow wp-block-column-is-layout-flow\"><\/div>\n\n\n\n<div class=\"wp-block-column is-layout-flow wp-block-column-is-layout-flow\"><\/div>\n<\/div>\n<\/div>\n<\/div>\n<\/div>\n\t\t\t\t\t\t\t<\/div> ","protected":false},"excerpt":{"rendered":"<p>Holland Lift podizne platforme Godine 1984. Holland Lift je po\u010deo razvijati i graditi \u0161karaste podizne platforme. Otada do danas usredoto\u010deni su na stabilnost, robusnost i prije svega sigurnost. \u0160iroku ponudu Holland Lifta i dalje odlikuju iste temeljne vrijednosti kao prije 30 godina. Danas podizne platforme Holland Lift dokazuju svoju snagu u najrazli\u010ditijim radnim situacijama. I, &hellip; <a href=\"https:\/\/www.riwal.com\/hr\/kategorije-strojeva\/holland-lift\/\">Nastavak<\/a><\/p>\n","protected":false},"author":45,"featured_media":0,"parent":5549,"menu_order":0,"comment_status":"closed","ping_status":"closed","template":"","meta":{"_acf_changed":false,"footnotes":""},"class_list":["post-5604","page","type-page","status-publish","hentry"],"acf":[],"yoast_head":"<!-- This site is optimized with the Yoast SEO Premium plugin v27.1 (Yoast SEO v27.1.1) - https:\/\/yoast.com\/product\/yoast-seo-premium-wordpress\/ -->\n<title>Holland Lift - Riwal Hrvatska<\/title>\n<meta name=\"robots\" content=\"index, follow, max-snippet:-1, max-image-preview:large, max-video-preview:-1\" \/>\n<link rel=\"canonical\" href=\"https:\/\/www.riwal.com\/hr\/kategorije-strojeva\/holland-lift\/\" \/>\n<meta property=\"og:locale\" content=\"hr_HR\" \/>\n<meta property=\"og:type\" content=\"article\" \/>\n<meta property=\"og:title\" content=\"Holland Lift\" \/>\n<meta property=\"og:description\" content=\"Holland Lift podizne platforme Godine 1984. Holland Lift je po\u010deo razvijati i graditi \u0161karaste podizne platforme. Otada do danas usredoto\u010deni su na stabilnost, robusnost i prije svega sigurnost. \u0160iroku ponudu Holland Lifta i dalje odlikuju iste temeljne vrijednosti kao prije 30 godina. Danas podizne platforme Holland Lift dokazuju svoju snagu u najrazli\u010ditijim radnim situacijama. I, &hellip; Nastavak\" \/>\n<meta property=\"og:url\" content=\"https:\/\/www.riwal.com\/hr\/kategorije-strojeva\/holland-lift\/\" \/>\n<meta property=\"og:site_name\" content=\"Riwal Hrvatska\" \/>\n<meta property=\"og:image\" content=\"https:\/\/www.riwal.com\/app\/uploads\/sites\/11\/2024\/02\/holland-lift.webp\" \/>\n<meta name=\"twitter:card\" content=\"summary_large_image\" \/>\n<meta name=\"twitter:label1\" content=\"Est. reading time\" \/>\n\t<meta name=\"twitter:data1\" content=\"3 minute\" \/>\n<script type=\"application\/ld+json\" class=\"yoast-schema-graph\">{\"@context\":\"https:\/\/schema.org\",\"@graph\":[{\"@type\":\"WebPage\",\"@id\":\"https:\/\/www.riwal.com\/hr\/kategorije-strojeva\/holland-lift\/\",\"url\":\"https:\/\/www.riwal.com\/hr\/kategorije-strojeva\/holland-lift\/\",\"name\":\"Holland Lift - Riwal Hrvatska\",\"isPartOf\":{\"@id\":\"https:\/\/www.riwal.com\/hr\/#website\"},\"primaryImageOfPage\":{\"@id\":\"https:\/\/www.riwal.com\/hr\/kategorije-strojeva\/holland-lift\/#primaryimage\"},\"image\":{\"@id\":\"https:\/\/www.riwal.com\/hr\/kategorije-strojeva\/holland-lift\/#primaryimage\"},\"thumbnailUrl\":\"https:\/\/www.riwal.com\/app\/uploads\/sites\/11\/2024\/02\/holland-lift.webp\",\"datePublished\":\"2024-02-06T09:24:15+00:00\",\"breadcrumb\":{\"@id\":\"https:\/\/www.riwal.com\/hr\/kategorije-strojeva\/holland-lift\/#breadcrumb\"},\"inLanguage\":\"hr\",\"potentialAction\":[{\"@type\":\"ReadAction\",\"target\":[\"https:\/\/www.riwal.com\/hr\/kategorije-strojeva\/holland-lift\/\"]}]},{\"@type\":\"ImageObject\",\"inLanguage\":\"hr\",\"@id\":\"https:\/\/www.riwal.com\/hr\/kategorije-strojeva\/holland-lift\/#primaryimage\",\"url\":\"https:\/\/www.riwal.com\/app\/uploads\/sites\/11\/2024\/02\/holland-lift.webp\",\"contentUrl\":\"https:\/\/www.riwal.com\/app\/uploads\/sites\/11\/2024\/02\/holland-lift.webp\"},{\"@type\":\"BreadcrumbList\",\"@id\":\"https:\/\/www.riwal.com\/hr\/kategorije-strojeva\/holland-lift\/#breadcrumb\",\"itemListElement\":[{\"@type\":\"ListItem\",\"position\":1,\"name\":\"Doma\",\"item\":\"https:\/\/www.riwal.com\/hr\/\"},{\"@type\":\"ListItem\",\"position\":2,\"name\":\"Kategorije strojeva\",\"item\":\"https:\/\/www.riwal.com\/hr\/kategorije-strojeva\/\"},{\"@type\":\"ListItem\",\"position\":3,\"name\":\"Holland Lift\"}]},{\"@type\":\"WebSite\",\"@id\":\"https:\/\/www.riwal.com\/hr\/#website\",\"url\":\"https:\/\/www.riwal.com\/hr\/\",\"name\":\"Riwal\",\"description\":\"Arial work platform &amp; Telehandler Rental\/Sales\",\"publisher\":{\"@id\":\"https:\/\/www.riwal.com\/hr\/#organization\"},\"potentialAction\":[{\"@type\":\"SearchAction\",\"target\":{\"@type\":\"EntryPoint\",\"urlTemplate\":\"https:\/\/www.riwal.com\/hr\/?s={search_term_string}\"},\"query-input\":{\"@type\":\"PropertyValueSpecification\",\"valueRequired\":true,\"valueName\":\"search_term_string\"}}],\"inLanguage\":\"hr\"},{\"@type\":\"Organization\",\"@id\":\"https:\/\/www.riwal.com\/hr\/#organization\",\"name\":\"Riwal\",\"url\":\"https:\/\/www.riwal.com\/hr\/\",\"logo\":{\"@type\":\"ImageObject\",\"inLanguage\":\"hr\",\"@id\":\"https:\/\/www.riwal.com\/hr\/#\/schema\/logo\/image\/\",\"url\":\"\",\"contentUrl\":\"\",\"caption\":\"Riwal\"},\"image\":{\"@id\":\"https:\/\/www.riwal.com\/hr\/#\/schema\/logo\/image\/\"}}]}<\/script>\n<!-- \/ Yoast SEO Premium plugin. -->","yoast_head_json":{"title":"Holland Lift - Riwal Hrvatska","robots":{"index":"index","follow":"follow","max-snippet":"max-snippet:-1","max-image-preview":"max-image-preview:large","max-video-preview":"max-video-preview:-1"},"canonical":"https:\/\/www.riwal.com\/hr\/kategorije-strojeva\/holland-lift\/","og_locale":"hr_HR","og_type":"article","og_title":"Holland Lift","og_description":"Holland Lift podizne platforme Godine 1984. Holland Lift je po\u010deo razvijati i graditi \u0161karaste podizne platforme. Otada do danas usredoto\u010deni su na stabilnost, robusnost i prije svega sigurnost. \u0160iroku ponudu Holland Lifta i dalje odlikuju iste temeljne vrijednosti kao prije 30 godina. Danas podizne platforme Holland Lift dokazuju svoju snagu u najrazli\u010ditijim radnim situacijama. I, &hellip; Nastavak","og_url":"https:\/\/www.riwal.com\/hr\/kategorije-strojeva\/holland-lift\/","og_site_name":"Riwal Hrvatska","og_image":[{"url":"https:\/\/www.riwal.com\/app\/uploads\/sites\/11\/2024\/02\/holland-lift.webp","type":"","width":"","height":""}],"twitter_card":"summary_large_image","twitter_misc":{"Est. reading time":"3 minute"},"schema":{"@context":"https:\/\/schema.org","@graph":[{"@type":"WebPage","@id":"https:\/\/www.riwal.com\/hr\/kategorije-strojeva\/holland-lift\/","url":"https:\/\/www.riwal.com\/hr\/kategorije-strojeva\/holland-lift\/","name":"Holland Lift - Riwal Hrvatska","isPartOf":{"@id":"https:\/\/www.riwal.com\/hr\/#website"},"primaryImageOfPage":{"@id":"https:\/\/www.riwal.com\/hr\/kategorije-strojeva\/holland-lift\/#primaryimage"},"image":{"@id":"https:\/\/www.riwal.com\/hr\/kategorije-strojeva\/holland-lift\/#primaryimage"},"thumbnailUrl":"https:\/\/www.riwal.com\/app\/uploads\/sites\/11\/2024\/02\/holland-lift.webp","datePublished":"2024-02-06T09:24:15+00:00","breadcrumb":{"@id":"https:\/\/www.riwal.com\/hr\/kategorije-strojeva\/holland-lift\/#breadcrumb"},"inLanguage":"hr","potentialAction":[{"@type":"ReadAction","target":["https:\/\/www.riwal.com\/hr\/kategorije-strojeva\/holland-lift\/"]}]},{"@type":"ImageObject","inLanguage":"hr","@id":"https:\/\/www.riwal.com\/hr\/kategorije-strojeva\/holland-lift\/#primaryimage","url":"https:\/\/www.riwal.com\/app\/uploads\/sites\/11\/2024\/02\/holland-lift.webp","contentUrl":"https:\/\/www.riwal.com\/app\/uploads\/sites\/11\/2024\/02\/holland-lift.webp"},{"@type":"BreadcrumbList","@id":"https:\/\/www.riwal.com\/hr\/kategorije-strojeva\/holland-lift\/#breadcrumb","itemListElement":[{"@type":"ListItem","position":1,"name":"Doma","item":"https:\/\/www.riwal.com\/hr\/"},{"@type":"ListItem","position":2,"name":"Kategorije strojeva","item":"https:\/\/www.riwal.com\/hr\/kategorije-strojeva\/"},{"@type":"ListItem","position":3,"name":"Holland Lift"}]},{"@type":"WebSite","@id":"https:\/\/www.riwal.com\/hr\/#website","url":"https:\/\/www.riwal.com\/hr\/","name":"Riwal","description":"Arial work platform &amp; Telehandler Rental\/Sales","publisher":{"@id":"https:\/\/www.riwal.com\/hr\/#organization"},"potentialAction":[{"@type":"SearchAction","target":{"@type":"EntryPoint","urlTemplate":"https:\/\/www.riwal.com\/hr\/?s={search_term_string}"},"query-input":{"@type":"PropertyValueSpecification","valueRequired":true,"valueName":"search_term_string"}}],"inLanguage":"hr"},{"@type":"Organization","@id":"https:\/\/www.riwal.com\/hr\/#organization","name":"Riwal","url":"https:\/\/www.riwal.com\/hr\/","logo":{"@type":"ImageObject","inLanguage":"hr","@id":"https:\/\/www.riwal.com\/hr\/#\/schema\/logo\/image\/","url":"","contentUrl":"","caption":"Riwal"},"image":{"@id":"https:\/\/www.riwal.com\/hr\/#\/schema\/logo\/image\/"}}]}},"_links":{"self":[{"href":"https:\/\/www.riwal.com\/hr\/wp-json\/wp\/v2\/pages\/5604","targetHints":{"allow":["GET"]}}],"collection":[{"href":"https:\/\/www.riwal.com\/hr\/wp-json\/wp\/v2\/pages"}],"about":[{"href":"https:\/\/www.riwal.com\/hr\/wp-json\/wp\/v2\/types\/page"}],"author":[{"embeddable":true,"href":"https:\/\/www.riwal.com\/hr\/wp-json\/wp\/v2\/users\/45"}],"replies":[{"embeddable":true,"href":"https:\/\/www.riwal.com\/hr\/wp-json\/wp\/v2\/comments?post=5604"}],"version-history":[{"count":1,"href":"https:\/\/www.riwal.com\/hr\/wp-json\/wp\/v2\/pages\/5604\/revisions"}],"predecessor-version":[{"id":5605,"href":"https:\/\/www.riwal.com\/hr\/wp-json\/wp\/v2\/pages\/5604\/revisions\/5605"}],"up":[{"embeddable":true,"href":"https:\/\/www.riwal.com\/hr\/wp-json\/wp\/v2\/pages\/5549"}],"wp:attachment":[{"href":"https:\/\/www.riwal.com\/hr\/wp-json\/wp\/v2\/media?parent=5604"}],"curies":[{"name":"wp","href":"https:\/\/api.w.org\/{rel}","templated":true}]}}