{"id":5602,"date":"2024-02-06T09:23:08","date_gmt":"2024-02-06T09:23:08","guid":{"rendered":"https:\/\/www.riwal.com\/hr\/?page_id=5602"},"modified":"2024-02-06T09:23:24","modified_gmt":"2024-02-06T09:23:24","slug":"genie-vertikalna-platforma","status":"publish","type":"page","link":"https:\/\/www.riwal.com\/hr\/kategorije-strojeva\/genie-vertikalna-platforma\/","title":{"rendered":"Genie vertikalna platforma"},"content":{"rendered":"<div class=\"container\">\n<h2 class=\"wp-block-heading\" id=\"h-genie-vertikalna-podizna-platforma\">Genie vertikalna podizna platforma<\/h2>\n<\/div>\n\n<div class=\"rental-wp-default-block rental-theme-block-default-margin\">\n\t\t\t\t\t\t\t\t<div class=\"container\">\n<div class=\"wp-block-columns is-layout-flex wp-container-core-columns-is-layout-28f84493 wp-block-columns-is-layout-flex\">\n<div class=\"wp-block-column is-layout-flow wp-block-column-is-layout-flow\" style=\"flex-basis:66.66%\">\n<p>Kad radite na visinama i morate dosegnuti ograni\u010dene ili uske prostore tijekom svakodnevnog rada, trebate rje\u0161enje za vertikalno podizanje koje \u0107e vam omogu\u0107iti dobar pristup ina\u010de te\u0161ko dostupnim kutovima ili prolazima. Ako nabavite Genie vertikalnu podiznu platformu, nikad se vi\u0161e ne\u0107ete morati brinuti oko dosezanja prethodno te\u0161ko dostupnih radnih podru\u010dja. Ove podizne platforme ne samo da su osmi\u0161ljene tako da vam pru\u017eaju udobnost na bilo kojoj visini, ve\u0107 se mogu nabaviti po povoljnoj cijeni. Uz to, zbog njihove lagane konstrukcije olak\u0161ano je kori\u0161tenje, transport i manevriranje ovim podiznim platformama. U Riwalu \u0107ete na\u0107i \u0161iroku paletu Genie vertikalnih podiznih &nbsp;platformi koje predstavljaju ekonomi\u010dno rje\u0161enje za va\u0161e potrebe pristupa radnom podru\u010dju. Kod nas \u0107ete prona\u0107i svoju Genie podiznu platformu za kupnju ili za najam.<\/p>\n\n\n\n<h2 class=\"wp-block-heading\"><strong>Pravi tip Genie vertikalne podizne platforme<\/strong><\/h2>\n\n\n\n<p>Vertikalne podizne platforme pravo su rje\u0161enje za one koji zahtijevaju siguran rad na razli\u010ditim visinama. Ove platforme \u010desto se koriste za poslove odr\u017eavanja ili popravaka, kao \u0161to je popravljanje nosa\u010da rasvjete pri\u010dvr\u0161\u0107ene na stropove ili instalacija na povi\u0161enim mjestima. Nabavkom Genie vertikalne podizne platforme uvjerit \u0107ete se da dosezanje ina\u010de te\u0161ko dostupnih mjesta s njome vi\u0161e ne predstavlja nikakav izazov. \u0160iroka paleta razli\u010ditih Genie vertikalnih podiznih platformi pru\u017ea vam priliku da izaberete pravi tip vertikalne podizne platforme. Bilo da ste se odlu\u010dili za kupnju ili najam svoje Genie vertikalne podizne platforme, na\u0161 tim stru\u010dnjaka sa zadovoljstvom \u0107e vas voditi prema dono\u0161enju informirane odluke.<\/p>\n\n\n\n<h2 class=\"wp-block-heading\"><strong>Kupnja Genie vertikalne podizne platforme<\/strong><\/h2>\n\n\n\n<p>Kad planirate koristiti svoju Genie vertikalnu podiznu platformu u svakodnevnom radu, ulaganje u vlastitu podiznu platformu je najbolja ideja. Vidjet \u0107ete da \u0107e vam se to ulaganje isplatiti u kratkom vremenskom roku. Zbog udobnosti koju pru\u017ea vertikalna podizna platforma zadatke \u0107ete obavljati puno lak\u0161e te time pove\u0107ati produktivnost. U Riwalu mo\u017eete nabaviti potpuno novu Genie vertikalnu podiznu platformu ili izabrati neku od na\u0161ih vrhunskih rabljenih podiznih platformi, koje nisu izgubile ni\u0161ta od svoje kvalitete i sigurnosti. Na\u0161 prodajni tim rado \u0107e vas informirati o razli\u010ditim tipovima vertikalnih podiznih platformi i koje su prednosti svake od njih. Shva\u0107amo da je kupnja ovakve mehanizacije velika investicija i potrudit \u0107emo se da svakako nabavite ba\u0161 pravu vertikalnu podiznu platformu za svoj posao ili projekt.<\/p>\n\n\n\n<h2 class=\"wp-block-heading\"><strong>Najam Genie podizne platforme<\/strong><\/h2>\n\n\n\n<p>Kad vertikalnu podiznu platformu trebate samo za odre\u0111eni vremenski period ili samo nekoliko puta godi\u0161nje, mo\u017eda je bolja ideja najam podizne platforme. Kao va\u0161 partner za najam Genie podizne platforme Riwal ima \u0161iroku paletu razli\u010ditih rje\u0161enja za rad na visini, \u0161to vam jam\u010di da kod nas mo\u017eete unajmiti ba\u0161 pravu podiznu platformu za sebe. Je li vam dovoljna vertikalno podizna platforma bez vlastitog pogona, ili va\u0161e poduze\u0107e treba samohodnu vertikalnu podiznu platformu koja se lako premje\u0161ta s jednog mjesta na drugo? Koju visinu trebate dosegnuti? Na\u0161 tim zadu\u017een za najam rado \u0107e s vama porazgovarati o&nbsp; ovim pitanjima da bismo skupa odredili koja je Genie vertikalna podizna platforma najbolja za va\u0161u djelatnost ili projekt.<\/p>\n\n\n\n<h3 class=\"wp-block-heading\"><strong>Va\u0161a Genie vertikalna podizna platforma vam je nadohvat ruke u Riwalu<\/strong><\/h3>\n\n\n\n<p>Kad kupite ili unajmite Genie vertikalnu podiznu platformu u Riwalu, dobit \u0107ete vrhunsku uslugu, \u010dak i kad ve\u0107 po\u010dnete upotrebljavati svoju podiznu platformu. U Riwalovu centru za obuku mo\u017eete ste\u0107i nu\u017ene certifikate i uvijek smo vam spremni ponuditi pravo rje\u0161enje ako se pojave problemi. Javite nam se ako trebate vi\u0161e informacija o razli\u010ditim mogu\u0107nostima. &nbsp;Bilo da kupujete Genie vertikalnu podiznu platformu u Riwalu ili ste u nama prona\u0161li svog partnera za najam svoje Genie podizne platforme, uvijek \u0107emo vam biti na raspolaganju.<\/p>\n<\/div>\n\n\n\n<div class=\"wp-block-column is-layout-flow wp-block-column-is-layout-flow\" style=\"flex-basis:33.33%\">\n<figure class=\"wp-block-image size-full\"><img loading=\"lazy\" decoding=\"async\" width=\"450\" height=\"230\" src=\"https:\/\/eqsk4m2dkju.exactdn.com\/app\/uploads\/sites\/11\/2024\/02\/teaser-genie-vertical-lift-riwal.webp?strip=all&quality=92&webp=92&avif=80&sharp=1\" alt=\"\" class=\"wp-image-5563\" srcset=\"https:\/\/eqsk4m2dkju.exactdn.com\/app\/uploads\/sites\/11\/2024\/02\/teaser-genie-vertical-lift-riwal.webp?strip=all&amp;quality=92&amp;webp=92&amp;avif=80&amp;sharp=1 450w, https:\/\/eqsk4m2dkju.exactdn.com\/app\/uploads\/sites\/11\/2024\/02\/teaser-genie-vertical-lift-riwal-300x153.webp?strip=all&amp;quality=92&amp;webp=92&amp;avif=80&amp;sharp=1 300w, https:\/\/eqsk4m2dkju.exactdn.com\/app\/uploads\/sites\/11\/2024\/02\/teaser-genie-vertical-lift-riwal-178x91.webp?strip=all&amp;quality=92&amp;webp=92&amp;avif=80&amp;sharp=1 178w, https:\/\/eqsk4m2dkju.exactdn.com\/app\/uploads\/sites\/11\/2024\/02\/teaser-genie-vertical-lift-riwal-390x199.webp?strip=all&amp;quality=92&amp;webp=92&amp;avif=80&amp;sharp=1 390w, https:\/\/eqsk4m2dkju.exactdn.com\/app\/uploads\/sites\/11\/2024\/02\/teaser-genie-vertical-lift-riwal-250x128.webp?strip=all&amp;quality=92&amp;webp=92&amp;avif=80&amp;sharp=1 250w, https:\/\/eqsk4m2dkju.exactdn.com\/app\/uploads\/sites\/11\/2024\/02\/teaser-genie-vertical-lift-riwal-237x121.webp?strip=all&amp;quality=92&amp;webp=92&amp;avif=80&amp;sharp=1 237w, https:\/\/eqsk4m2dkju.exactdn.com\/app\/uploads\/sites\/11\/2024\/02\/teaser-genie-vertical-lift-riwal.webp?strip=all&amp;quality=92&amp;webp=92&amp;avif=80&amp;sharp=1&amp;w=90 90w\" sizes=\"auto, (max-width: 450px) 100vw, 450px\" \/><\/figure>\n\n\n\n<figure class=\"wp-block-image size-full\"><img loading=\"lazy\" decoding=\"async\" width=\"800\" height=\"609\" src=\"https:\/\/eqsk4m2dkju.exactdn.com\/app\/uploads\/sites\/11\/2024\/02\/Josip1_web.webp?strip=all&quality=92&webp=92&avif=80&sharp=1\" alt=\"\" class=\"wp-image-5552\" srcset=\"https:\/\/eqsk4m2dkju.exactdn.com\/app\/uploads\/sites\/11\/2024\/02\/Josip1_web.webp?strip=all&amp;quality=92&amp;webp=92&amp;avif=80&amp;sharp=1 800w, https:\/\/eqsk4m2dkju.exactdn.com\/app\/uploads\/sites\/11\/2024\/02\/Josip1_web-300x228.webp?strip=all&amp;quality=92&amp;webp=92&amp;avif=80&amp;sharp=1 300w, https:\/\/eqsk4m2dkju.exactdn.com\/app\/uploads\/sites\/11\/2024\/02\/Josip1_web-768x585.webp?strip=all&amp;quality=92&amp;webp=92&amp;avif=80&amp;sharp=1 768w, https:\/\/eqsk4m2dkju.exactdn.com\/app\/uploads\/sites\/11\/2024\/02\/Josip1_web-178x136.webp?strip=all&amp;quality=92&amp;webp=92&amp;avif=80&amp;sharp=1 178w, https:\/\/eqsk4m2dkju.exactdn.com\/app\/uploads\/sites\/11\/2024\/02\/Josip1_web-390x297.webp?strip=all&amp;quality=92&amp;webp=92&amp;avif=80&amp;sharp=1 390w, https:\/\/eqsk4m2dkju.exactdn.com\/app\/uploads\/sites\/11\/2024\/02\/Josip1_web-250x190.webp?strip=all&amp;quality=92&amp;webp=92&amp;avif=80&amp;sharp=1 250w, https:\/\/eqsk4m2dkju.exactdn.com\/app\/uploads\/sites\/11\/2024\/02\/Josip1_web-620x472.webp?strip=all&amp;quality=92&amp;webp=92&amp;avif=80&amp;sharp=1 620w, https:\/\/eqsk4m2dkju.exactdn.com\/app\/uploads\/sites\/11\/2024\/02\/Josip1_web-237x180.webp?strip=all&amp;quality=92&amp;webp=92&amp;avif=80&amp;sharp=1 237w, https:\/\/eqsk4m2dkju.exactdn.com\/app\/uploads\/sites\/11\/2024\/02\/Josip1_web-474x361.webp?strip=all&amp;quality=92&amp;webp=92&amp;avif=80&amp;sharp=1 474w\" sizes=\"auto, (max-width: 800px) 100vw, 800px\" \/><\/figure>\n\n\n\n<p><strong>Jeste li zainteresirani?<\/strong><\/p>\n\n\n\n<p>info-hr@riwal.com<\/p>\n\n\n\n<p>Nazovite nas: 01 2763 581<\/p>\n\n\n\n<div class=\"wp-block-buttons is-layout-flex wp-block-buttons-is-layout-flex\">\n<div class=\"wp-block-button\"><a class=\"wp-block-button__link wp-element-button\" href=\"https:\/\/www.riwal.com\/hr\/najam\/\">Prona\u0111ite strojeve za najam<\/a><\/div>\n<\/div>\n\n\n\n<div class=\"wp-block-buttons is-layout-flex wp-block-buttons-is-layout-flex\">\n<div class=\"wp-block-button\"><a class=\"wp-block-button__link wp-element-button\" href=\"https:\/\/www.riwal.com\/hr\/prodaja\/rabljeni-strojevi\/\">Prona\u0111ite rabljene strojeve za prodaju<\/a><\/div>\n<\/div>\n\n\n\n<div class=\"wp-block-columns is-layout-flex wp-container-core-columns-is-layout-28f84493 wp-block-columns-is-layout-flex\">\n<div class=\"wp-block-column is-layout-flow wp-block-column-is-layout-flow\"><\/div>\n\n\n\n<div class=\"wp-block-column is-layout-flow wp-block-column-is-layout-flow\"><\/div>\n<\/div>\n<\/div>\n<\/div>\n<\/div>\n\t\t\t\t\t\t\t<\/div> ","protected":false},"excerpt":{"rendered":"<p>Genie vertikalna podizna platforma Kad radite na visinama i morate dosegnuti ograni\u010dene ili uske prostore tijekom svakodnevnog rada, trebate rje\u0161enje za vertikalno podizanje koje \u0107e vam omogu\u0107iti dobar pristup ina\u010de te\u0161ko dostupnim kutovima ili prolazima. Ako nabavite Genie vertikalnu podiznu platformu, nikad se vi\u0161e ne\u0107ete morati brinuti oko dosezanja prethodno te\u0161ko dostupnih radnih podru\u010dja. Ove &hellip; <a href=\"https:\/\/www.riwal.com\/hr\/kategorije-strojeva\/genie-vertikalna-platforma\/\">Nastavak<\/a><\/p>\n","protected":false},"author":45,"featured_media":0,"parent":5549,"menu_order":0,"comment_status":"closed","ping_status":"closed","template":"","meta":{"_acf_changed":false,"footnotes":""},"class_list":["post-5602","page","type-page","status-publish","hentry"],"acf":[],"yoast_head":"<!-- This site is optimized with the Yoast SEO Premium plugin v27.1 (Yoast SEO v27.1.1) - https:\/\/yoast.com\/product\/yoast-seo-premium-wordpress\/ -->\n<title>Genie vertikalna platforma - Riwal Hrvatska<\/title>\n<meta name=\"robots\" content=\"index, follow, max-snippet:-1, max-image-preview:large, max-video-preview:-1\" \/>\n<link rel=\"canonical\" href=\"https:\/\/www.riwal.com\/hr\/kategorije-strojeva\/genie-vertikalna-platforma\/\" \/>\n<meta property=\"og:locale\" content=\"hr_HR\" \/>\n<meta property=\"og:type\" content=\"article\" \/>\n<meta property=\"og:title\" content=\"Genie vertikalna platforma\" \/>\n<meta property=\"og:description\" content=\"Genie vertikalna podizna platforma Kad radite na visinama i morate dosegnuti ograni\u010dene ili uske prostore tijekom svakodnevnog rada, trebate rje\u0161enje za vertikalno podizanje koje \u0107e vam omogu\u0107iti dobar pristup ina\u010de te\u0161ko dostupnim kutovima ili prolazima. Ako nabavite Genie vertikalnu podiznu platformu, nikad se vi\u0161e ne\u0107ete morati brinuti oko dosezanja prethodno te\u0161ko dostupnih radnih podru\u010dja. Ove &hellip; Nastavak\" \/>\n<meta property=\"og:url\" content=\"https:\/\/www.riwal.com\/hr\/kategorije-strojeva\/genie-vertikalna-platforma\/\" \/>\n<meta property=\"og:site_name\" content=\"Riwal Hrvatska\" \/>\n<meta property=\"article:modified_time\" content=\"2024-02-06T09:23:24+00:00\" \/>\n<meta property=\"og:image\" content=\"https:\/\/www.riwal.com\/app\/uploads\/sites\/11\/2024\/02\/teaser-genie-vertical-lift-riwal.webp\" \/>\n<meta name=\"twitter:card\" content=\"summary_large_image\" \/>\n<meta name=\"twitter:label1\" content=\"Est. reading time\" \/>\n\t<meta name=\"twitter:data1\" content=\"4 minute\" \/>\n<script type=\"application\/ld+json\" class=\"yoast-schema-graph\">{\"@context\":\"https:\/\/schema.org\",\"@graph\":[{\"@type\":\"WebPage\",\"@id\":\"https:\/\/www.riwal.com\/hr\/kategorije-strojeva\/genie-vertikalna-platforma\/\",\"url\":\"https:\/\/www.riwal.com\/hr\/kategorije-strojeva\/genie-vertikalna-platforma\/\",\"name\":\"Genie vertikalna platforma - Riwal Hrvatska\",\"isPartOf\":{\"@id\":\"https:\/\/www.riwal.com\/hr\/#website\"},\"primaryImageOfPage\":{\"@id\":\"https:\/\/www.riwal.com\/hr\/kategorije-strojeva\/genie-vertikalna-platforma\/#primaryimage\"},\"image\":{\"@id\":\"https:\/\/www.riwal.com\/hr\/kategorije-strojeva\/genie-vertikalna-platforma\/#primaryimage\"},\"thumbnailUrl\":\"https:\/\/www.riwal.com\/app\/uploads\/sites\/11\/2024\/02\/teaser-genie-vertical-lift-riwal.webp\",\"datePublished\":\"2024-02-06T09:23:08+00:00\",\"dateModified\":\"2024-02-06T09:23:24+00:00\",\"breadcrumb\":{\"@id\":\"https:\/\/www.riwal.com\/hr\/kategorije-strojeva\/genie-vertikalna-platforma\/#breadcrumb\"},\"inLanguage\":\"hr\",\"potentialAction\":[{\"@type\":\"ReadAction\",\"target\":[\"https:\/\/www.riwal.com\/hr\/kategorije-strojeva\/genie-vertikalna-platforma\/\"]}]},{\"@type\":\"ImageObject\",\"inLanguage\":\"hr\",\"@id\":\"https:\/\/www.riwal.com\/hr\/kategorije-strojeva\/genie-vertikalna-platforma\/#primaryimage\",\"url\":\"https:\/\/www.riwal.com\/app\/uploads\/sites\/11\/2024\/02\/teaser-genie-vertical-lift-riwal.webp\",\"contentUrl\":\"https:\/\/www.riwal.com\/app\/uploads\/sites\/11\/2024\/02\/teaser-genie-vertical-lift-riwal.webp\"},{\"@type\":\"BreadcrumbList\",\"@id\":\"https:\/\/www.riwal.com\/hr\/kategorije-strojeva\/genie-vertikalna-platforma\/#breadcrumb\",\"itemListElement\":[{\"@type\":\"ListItem\",\"position\":1,\"name\":\"Doma\",\"item\":\"https:\/\/www.riwal.com\/hr\/\"},{\"@type\":\"ListItem\",\"position\":2,\"name\":\"Kategorije strojeva\",\"item\":\"https:\/\/www.riwal.com\/hr\/kategorije-strojeva\/\"},{\"@type\":\"ListItem\",\"position\":3,\"name\":\"Genie vertikalna platforma\"}]},{\"@type\":\"WebSite\",\"@id\":\"https:\/\/www.riwal.com\/hr\/#website\",\"url\":\"https:\/\/www.riwal.com\/hr\/\",\"name\":\"Riwal\",\"description\":\"Arial work platform &amp; Telehandler Rental\/Sales\",\"publisher\":{\"@id\":\"https:\/\/www.riwal.com\/hr\/#organization\"},\"potentialAction\":[{\"@type\":\"SearchAction\",\"target\":{\"@type\":\"EntryPoint\",\"urlTemplate\":\"https:\/\/www.riwal.com\/hr\/?s={search_term_string}\"},\"query-input\":{\"@type\":\"PropertyValueSpecification\",\"valueRequired\":true,\"valueName\":\"search_term_string\"}}],\"inLanguage\":\"hr\"},{\"@type\":\"Organization\",\"@id\":\"https:\/\/www.riwal.com\/hr\/#organization\",\"name\":\"Riwal\",\"url\":\"https:\/\/www.riwal.com\/hr\/\",\"logo\":{\"@type\":\"ImageObject\",\"inLanguage\":\"hr\",\"@id\":\"https:\/\/www.riwal.com\/hr\/#\/schema\/logo\/image\/\",\"url\":\"\",\"contentUrl\":\"\",\"caption\":\"Riwal\"},\"image\":{\"@id\":\"https:\/\/www.riwal.com\/hr\/#\/schema\/logo\/image\/\"}}]}<\/script>\n<!-- \/ Yoast SEO Premium plugin. -->","yoast_head_json":{"title":"Genie vertikalna platforma - Riwal Hrvatska","robots":{"index":"index","follow":"follow","max-snippet":"max-snippet:-1","max-image-preview":"max-image-preview:large","max-video-preview":"max-video-preview:-1"},"canonical":"https:\/\/www.riwal.com\/hr\/kategorije-strojeva\/genie-vertikalna-platforma\/","og_locale":"hr_HR","og_type":"article","og_title":"Genie vertikalna platforma","og_description":"Genie vertikalna podizna platforma Kad radite na visinama i morate dosegnuti ograni\u010dene ili uske prostore tijekom svakodnevnog rada, trebate rje\u0161enje za vertikalno podizanje koje \u0107e vam omogu\u0107iti dobar pristup ina\u010de te\u0161ko dostupnim kutovima ili prolazima. Ako nabavite Genie vertikalnu podiznu platformu, nikad se vi\u0161e ne\u0107ete morati brinuti oko dosezanja prethodno te\u0161ko dostupnih radnih podru\u010dja. Ove &hellip; Nastavak","og_url":"https:\/\/www.riwal.com\/hr\/kategorije-strojeva\/genie-vertikalna-platforma\/","og_site_name":"Riwal Hrvatska","article_modified_time":"2024-02-06T09:23:24+00:00","og_image":[{"url":"https:\/\/www.riwal.com\/app\/uploads\/sites\/11\/2024\/02\/teaser-genie-vertical-lift-riwal.webp","type":"","width":"","height":""}],"twitter_card":"summary_large_image","twitter_misc":{"Est. reading time":"4 minute"},"schema":{"@context":"https:\/\/schema.org","@graph":[{"@type":"WebPage","@id":"https:\/\/www.riwal.com\/hr\/kategorije-strojeva\/genie-vertikalna-platforma\/","url":"https:\/\/www.riwal.com\/hr\/kategorije-strojeva\/genie-vertikalna-platforma\/","name":"Genie vertikalna platforma - Riwal Hrvatska","isPartOf":{"@id":"https:\/\/www.riwal.com\/hr\/#website"},"primaryImageOfPage":{"@id":"https:\/\/www.riwal.com\/hr\/kategorije-strojeva\/genie-vertikalna-platforma\/#primaryimage"},"image":{"@id":"https:\/\/www.riwal.com\/hr\/kategorije-strojeva\/genie-vertikalna-platforma\/#primaryimage"},"thumbnailUrl":"https:\/\/www.riwal.com\/app\/uploads\/sites\/11\/2024\/02\/teaser-genie-vertical-lift-riwal.webp","datePublished":"2024-02-06T09:23:08+00:00","dateModified":"2024-02-06T09:23:24+00:00","breadcrumb":{"@id":"https:\/\/www.riwal.com\/hr\/kategorije-strojeva\/genie-vertikalna-platforma\/#breadcrumb"},"inLanguage":"hr","potentialAction":[{"@type":"ReadAction","target":["https:\/\/www.riwal.com\/hr\/kategorije-strojeva\/genie-vertikalna-platforma\/"]}]},{"@type":"ImageObject","inLanguage":"hr","@id":"https:\/\/www.riwal.com\/hr\/kategorije-strojeva\/genie-vertikalna-platforma\/#primaryimage","url":"https:\/\/www.riwal.com\/app\/uploads\/sites\/11\/2024\/02\/teaser-genie-vertical-lift-riwal.webp","contentUrl":"https:\/\/www.riwal.com\/app\/uploads\/sites\/11\/2024\/02\/teaser-genie-vertical-lift-riwal.webp"},{"@type":"BreadcrumbList","@id":"https:\/\/www.riwal.com\/hr\/kategorije-strojeva\/genie-vertikalna-platforma\/#breadcrumb","itemListElement":[{"@type":"ListItem","position":1,"name":"Doma","item":"https:\/\/www.riwal.com\/hr\/"},{"@type":"ListItem","position":2,"name":"Kategorije strojeva","item":"https:\/\/www.riwal.com\/hr\/kategorije-strojeva\/"},{"@type":"ListItem","position":3,"name":"Genie vertikalna platforma"}]},{"@type":"WebSite","@id":"https:\/\/www.riwal.com\/hr\/#website","url":"https:\/\/www.riwal.com\/hr\/","name":"Riwal","description":"Arial work platform &amp; Telehandler Rental\/Sales","publisher":{"@id":"https:\/\/www.riwal.com\/hr\/#organization"},"potentialAction":[{"@type":"SearchAction","target":{"@type":"EntryPoint","urlTemplate":"https:\/\/www.riwal.com\/hr\/?s={search_term_string}"},"query-input":{"@type":"PropertyValueSpecification","valueRequired":true,"valueName":"search_term_string"}}],"inLanguage":"hr"},{"@type":"Organization","@id":"https:\/\/www.riwal.com\/hr\/#organization","name":"Riwal","url":"https:\/\/www.riwal.com\/hr\/","logo":{"@type":"ImageObject","inLanguage":"hr","@id":"https:\/\/www.riwal.com\/hr\/#\/schema\/logo\/image\/","url":"","contentUrl":"","caption":"Riwal"},"image":{"@id":"https:\/\/www.riwal.com\/hr\/#\/schema\/logo\/image\/"}}]}},"_links":{"self":[{"href":"https:\/\/www.riwal.com\/hr\/wp-json\/wp\/v2\/pages\/5602","targetHints":{"allow":["GET"]}}],"collection":[{"href":"https:\/\/www.riwal.com\/hr\/wp-json\/wp\/v2\/pages"}],"about":[{"href":"https:\/\/www.riwal.com\/hr\/wp-json\/wp\/v2\/types\/page"}],"author":[{"embeddable":true,"href":"https:\/\/www.riwal.com\/hr\/wp-json\/wp\/v2\/users\/45"}],"replies":[{"embeddable":true,"href":"https:\/\/www.riwal.com\/hr\/wp-json\/wp\/v2\/comments?post=5602"}],"version-history":[{"count":1,"href":"https:\/\/www.riwal.com\/hr\/wp-json\/wp\/v2\/pages\/5602\/revisions"}],"predecessor-version":[{"id":5603,"href":"https:\/\/www.riwal.com\/hr\/wp-json\/wp\/v2\/pages\/5602\/revisions\/5603"}],"up":[{"embeddable":true,"href":"https:\/\/www.riwal.com\/hr\/wp-json\/wp\/v2\/pages\/5549"}],"wp:attachment":[{"href":"https:\/\/www.riwal.com\/hr\/wp-json\/wp\/v2\/media?parent=5602"}],"curies":[{"name":"wp","href":"https:\/\/api.w.org\/{rel}","templated":true}]}}