{"id":5600,"date":"2024-02-06T09:22:03","date_gmt":"2024-02-06T09:22:03","guid":{"rendered":"https:\/\/www.riwal.com\/hr\/?page_id=5600"},"modified":"2024-02-06T09:22:04","modified_gmt":"2024-02-06T09:22:04","slug":"jlg-gusjenicar","status":"publish","type":"page","link":"https:\/\/www.riwal.com\/hr\/kategorije-strojeva\/jlg-gusjenicar\/","title":{"rendered":"JLG gusjeni\u010dar"},"content":{"rendered":"<div class=\"container\">\n<h2 class=\"wp-block-heading\" id=\"h-jlg-gusjenicar-s-podiznom-platformom\">JLG gusjeni\u010dar s podiznom platformom<\/h2>\n<\/div>\n\n<div class=\"rental-wp-default-block rental-theme-block-default-margin\">\n\t\t\t\t\t\t\t\t<div class=\"container\">\n<div class=\"wp-block-columns is-layout-flex wp-container-core-columns-is-layout-28f84493 wp-block-columns-is-layout-flex\">\n<div class=\"wp-block-column is-layout-flow wp-block-column-is-layout-flow\" style=\"flex-basis:66.66%\">\n<p>Radovi na gradili\u0161tu na kojem prevladavaju neasfaltirane povr\u0161ine imaju svoje izazove. Pogotovo ako vi ili va\u0161i zaposlenici redovito trebate raditi na visini. U tom je slu\u010daju potrebno ulo\u017eiti u gusjeni\u010dar s podiznom platformom. Ta vrsta platforme za rad na visini jam\u010di vama i va\u0161im radnicima pristup svim mjestima koja trebate dosegnuti. Koliko god visoko bila, dosegnut \u0107ete ih, pogotovo s visokokvalitetnim JLG gusjeni\u010darom s podiznom platformom. Kao vode\u0107i proizvo\u0111a\u010d opreme za rad na visini, JLG proizvodi kompaktne, ekolo\u0161ki prihvatljive gusjeni\u010dare s podiznom platformom koje se s lako\u0107om kre\u0107u po svakom gradili\u0161tu. U Riwalu mo\u017eete kupiti novi ili rabljeni JLG gusjeni\u010dar s podiznom platformom. JLG gusjeni\u010dar s podiznom platformom mo\u017eete i unajmiti. Na\u0161 iskusni tim rado \u0107e vas uputiti u sve mogu\u0107nosti kako bismo bili sigurni da \u0107ete donijeti pravu odluku.<\/p>\n\n\n\n<h2 class=\"wp-block-heading\"><strong>Prednosti uporabe JLG gusjeni\u010dara s podiznom platformom<\/strong><\/h2>\n\n\n\n<p>Zbog njene male te\u017eine i gumenih gusjenica s JLG gusjeni\u010darom s podiznom platformom na gradili\u0161tu vam je dostupnije vi\u0161e mjesta nego ikad prije. Budu\u0107i da se lako kre\u0107e po neasfaltiranim povr\u0161inama, JLG gusjeni\u010dar s podiznom platformom najbolji je izbor za rad na te\u0161ko pristupa\u010dnim gradili\u0161tima, npr. kad se gradi na pje\u0161\u010danom tlu, blatu ili na lokaciji s velikim oscilacijama u visini. To \u010dini JLG gusjeni\u010dar s podiznom platformom idealnim rje\u0161enjem za tvrtke koje se bave hortikulturom ili izgradnjom staklenika. Riwalove platforme imaju razli\u010dite radne visine i dimenzije i stoga su pogodne za razne primjene.<br><\/p>\n\n\n\n<h2 class=\"wp-block-heading\"><strong>Pravi JLG gusjeni\u010dar s podiznom platformom za va\u0161e poduze\u0107e<\/strong><\/h2>\n\n\n\n<p>U Riwalu nudimo \u0161iroku paletu razli\u010ditih JLG gusjeni\u010dara s podiznom platformom pa mo\u017eete biti sigurni da \u0107ete prona\u0107i odgovaraju\u0107u platformu za svoj posao. Pitanje je jeste li zainteresirani za kupnju platforme i, ako jeste, \u017eelite li novu ili rabljenu? Ako niste zainteresirani za ulaganje u vlastitu platformu, ali vam je potrebna za trenuta\u010dni posao, mo\u017eete se odlu\u010diti i za najam JLG gusjeni\u010dara s podiznom platformom. Bilo da se odlu\u010dite za kupnju ili najam, svjesni smo da \u017eelite \u0161to prije donijeti pravu odluku. Kao prodava\u010d i partner za najam JLG platformi, drage volje \u0107emo vam pomo\u0107i. Rado \u0107emo vas informirati o raznim mogu\u0107nostima na\u0161e \u0161iroke palete JLG gusjeni\u010dara s podiznom platformom da biste mogli donijeti pravu odluku.<br><\/p>\n\n\n\n<h2 class=\"wp-block-heading\"><strong>Kupnja JLG gusjeni\u010dara s podiznom platformom<\/strong><\/h2>\n\n\n\n<p>Ako va\u0161 posao \u010desto zahtijeva rad na neasfaltiranim povr\u0161inama, umjesto da unajmljujete, bilo bi pametno da kupite JLG gusjeni\u010dar s podiznom platformom. U Riwalu mo\u017eete birati iz \u0161iroke ponude novih gusjeni\u010dara s podiznom platformom. O\u010dita prednost kupnje nikad kori\u0161tene platforme je upravo u tome: nije bila kori\u0161tena. A to jam\u010di i dug vijek trajanja. No mi vam tako\u0111er jam\u010dimo da \u0107e na\u0161i visokokvalitetni, rabljeni gusjeni\u010dari s podiznom platformom jednako dobro obaviti posao. U Riwalu mo\u017eete birati izme\u0111u dvije vrste gusjeni\u010dara s podiznim platformama: JLG \u0161karaste podizne platforme i teleskopske podizne platforme. Oba tipa gusjeni\u010dara s podiznom platformom prikladni su za rad na otvorenom u svim vremenskim uvjetima. Koji je gusjeni\u010dar s podiznom platformom prikladniji za va\u0161e gradili\u0161te ovisi uglavnom o materijalu koji prenosite i njegovoj koli\u010dini. Te aspekte trebate uzeti u obzir kod odluke o radnoj platformi i kapacitetu dizanja koje va\u0161a JLG &nbsp;podizna platforma-gusjeni\u010dar treba imati. Naravno, uvijek se mo\u017eete obratiti stru\u010dnjacima u Riwalu koji \u0107e vam pomo\u0107i oko odluke.<\/p>\n\n\n\n<h3 class=\"wp-block-heading\"><strong>Riwal za va\u0161 JLG gusjeni\u010dar s podiznom platformom<\/strong><\/h3>\n\n\n\n<p>Bilo da se odlu\u010dite za najam ili kupnju gusjeni\u010dara s podiznom platformom, JLG je uvijek prava odluka. Oni su vode\u0107i proizvo\u0111a\u010d opreme za dosezanje te\u017ee dostupnih mjesta, pa se mo\u017eete pouzdati u njihove vrhunske, visokokvalitetne radne platforme koje nadma\u0161uju svaku konkurenciju. U kombinaciji s ekspertizom va\u0161ih partnera za najam JLG podiznih platformi u Riwalu, mo\u017eete biti sigurni da \u0107ete prona\u0107i pravi JLG gusjeni\u010dar s podiznom platformom za svoje gra\u0111evinske aktivnosti.<\/p>\n<\/div>\n\n\n\n<div class=\"wp-block-column is-layout-flow wp-block-column-is-layout-flow\" style=\"flex-basis:33.33%\">\n<figure class=\"wp-block-image size-full\"><img loading=\"lazy\" decoding=\"async\" width=\"325\" height=\"230\" src=\"https:\/\/eqsk4m2dkju.exactdn.com\/app\/uploads\/sites\/11\/2024\/02\/JLG-telescopic-boom-lift-1.webp?strip=all&quality=92&webp=92&avif=80&sharp=1\" alt=\"\" class=\"wp-image-5560\" srcset=\"https:\/\/eqsk4m2dkju.exactdn.com\/app\/uploads\/sites\/11\/2024\/02\/JLG-telescopic-boom-lift-1.webp?strip=all&amp;quality=92&amp;webp=92&amp;avif=80&amp;sharp=1 325w, https:\/\/eqsk4m2dkju.exactdn.com\/app\/uploads\/sites\/11\/2024\/02\/JLG-telescopic-boom-lift-1-300x212.webp?strip=all&amp;quality=92&amp;webp=92&amp;avif=80&amp;sharp=1 300w, https:\/\/eqsk4m2dkju.exactdn.com\/app\/uploads\/sites\/11\/2024\/02\/JLG-telescopic-boom-lift-1-178x126.webp?strip=all&amp;quality=92&amp;webp=92&amp;avif=80&amp;sharp=1 178w, https:\/\/eqsk4m2dkju.exactdn.com\/app\/uploads\/sites\/11\/2024\/02\/JLG-telescopic-boom-lift-1-250x177.webp?strip=all&amp;quality=92&amp;webp=92&amp;avif=80&amp;sharp=1 250w, https:\/\/eqsk4m2dkju.exactdn.com\/app\/uploads\/sites\/11\/2024\/02\/JLG-telescopic-boom-lift-1-237x168.webp?strip=all&amp;quality=92&amp;webp=92&amp;avif=80&amp;sharp=1 237w, https:\/\/eqsk4m2dkju.exactdn.com\/app\/uploads\/sites\/11\/2024\/02\/JLG-telescopic-boom-lift-1.webp?strip=all&amp;quality=92&amp;webp=92&amp;avif=80&amp;sharp=1&amp;w=65 65w\" sizes=\"auto, (max-width: 325px) 100vw, 325px\" \/><\/figure>\n\n\n\n<figure class=\"wp-block-image size-full\"><img loading=\"lazy\" decoding=\"async\" width=\"800\" height=\"609\" src=\"https:\/\/eqsk4m2dkju.exactdn.com\/app\/uploads\/sites\/11\/2024\/02\/Josip1_web.webp?strip=all&quality=92&webp=92&avif=80&sharp=1\" alt=\"\" class=\"wp-image-5552\" srcset=\"https:\/\/eqsk4m2dkju.exactdn.com\/app\/uploads\/sites\/11\/2024\/02\/Josip1_web.webp?strip=all&amp;quality=92&amp;webp=92&amp;avif=80&amp;sharp=1 800w, https:\/\/eqsk4m2dkju.exactdn.com\/app\/uploads\/sites\/11\/2024\/02\/Josip1_web-300x228.webp?strip=all&amp;quality=92&amp;webp=92&amp;avif=80&amp;sharp=1 300w, https:\/\/eqsk4m2dkju.exactdn.com\/app\/uploads\/sites\/11\/2024\/02\/Josip1_web-768x585.webp?strip=all&amp;quality=92&amp;webp=92&amp;avif=80&amp;sharp=1 768w, https:\/\/eqsk4m2dkju.exactdn.com\/app\/uploads\/sites\/11\/2024\/02\/Josip1_web-178x136.webp?strip=all&amp;quality=92&amp;webp=92&amp;avif=80&amp;sharp=1 178w, https:\/\/eqsk4m2dkju.exactdn.com\/app\/uploads\/sites\/11\/2024\/02\/Josip1_web-390x297.webp?strip=all&amp;quality=92&amp;webp=92&amp;avif=80&amp;sharp=1 390w, https:\/\/eqsk4m2dkju.exactdn.com\/app\/uploads\/sites\/11\/2024\/02\/Josip1_web-250x190.webp?strip=all&amp;quality=92&amp;webp=92&amp;avif=80&amp;sharp=1 250w, https:\/\/eqsk4m2dkju.exactdn.com\/app\/uploads\/sites\/11\/2024\/02\/Josip1_web-620x472.webp?strip=all&amp;quality=92&amp;webp=92&amp;avif=80&amp;sharp=1 620w, https:\/\/eqsk4m2dkju.exactdn.com\/app\/uploads\/sites\/11\/2024\/02\/Josip1_web-237x180.webp?strip=all&amp;quality=92&amp;webp=92&amp;avif=80&amp;sharp=1 237w, https:\/\/eqsk4m2dkju.exactdn.com\/app\/uploads\/sites\/11\/2024\/02\/Josip1_web-474x361.webp?strip=all&amp;quality=92&amp;webp=92&amp;avif=80&amp;sharp=1 474w\" sizes=\"auto, (max-width: 800px) 100vw, 800px\" \/><\/figure>\n\n\n\n<p><strong>Jeste li zainteresirani?<\/strong><\/p>\n\n\n\n<p>info-hr@riwal.com<\/p>\n\n\n\n<p>Nazovite nas: 01 2763 581<\/p>\n\n\n\n<div class=\"wp-block-buttons is-layout-flex wp-block-buttons-is-layout-flex\">\n<div class=\"wp-block-button\"><a class=\"wp-block-button__link wp-element-button\" href=\"https:\/\/www.riwal.com\/hr\/najam\/\">Prona\u0111ite strojeve za najam<\/a><\/div>\n<\/div>\n\n\n\n<div class=\"wp-block-buttons is-layout-flex wp-block-buttons-is-layout-flex\">\n<div class=\"wp-block-button\"><a class=\"wp-block-button__link wp-element-button\" href=\"https:\/\/www.riwal.com\/hr\/prodaja\/rabljeni-strojevi\/\">Prona\u0111ite rabljene strojeve za prodaju<\/a><\/div>\n<\/div>\n\n\n\n<div class=\"wp-block-columns is-layout-flex wp-container-core-columns-is-layout-28f84493 wp-block-columns-is-layout-flex\">\n<div class=\"wp-block-column is-layout-flow wp-block-column-is-layout-flow\"><\/div>\n\n\n\n<div class=\"wp-block-column is-layout-flow wp-block-column-is-layout-flow\"><\/div>\n<\/div>\n<\/div>\n<\/div>\n<\/div>\n\t\t\t\t\t\t\t<\/div> ","protected":false},"excerpt":{"rendered":"<p>JLG gusjeni\u010dar s podiznom platformom Radovi na gradili\u0161tu na kojem prevladavaju neasfaltirane povr\u0161ine imaju svoje izazove. Pogotovo ako vi ili va\u0161i zaposlenici redovito trebate raditi na visini. U tom je slu\u010daju potrebno ulo\u017eiti u gusjeni\u010dar s podiznom platformom. Ta vrsta platforme za rad na visini jam\u010di vama i va\u0161im radnicima pristup svim mjestima koja trebate &hellip; <a href=\"https:\/\/www.riwal.com\/hr\/kategorije-strojeva\/jlg-gusjenicar\/\">Nastavak<\/a><\/p>\n","protected":false},"author":45,"featured_media":0,"parent":5549,"menu_order":0,"comment_status":"closed","ping_status":"closed","template":"","meta":{"_acf_changed":false,"footnotes":""},"class_list":["post-5600","page","type-page","status-publish","hentry"],"acf":[],"yoast_head":"<!-- This site is optimized with the Yoast SEO Premium plugin v27.1 (Yoast SEO v27.1.1) - https:\/\/yoast.com\/product\/yoast-seo-premium-wordpress\/ -->\n<title>JLG gusjeni\u010dar - Riwal Hrvatska<\/title>\n<meta name=\"robots\" content=\"index, follow, max-snippet:-1, max-image-preview:large, max-video-preview:-1\" \/>\n<link rel=\"canonical\" href=\"https:\/\/www.riwal.com\/hr\/kategorije-strojeva\/jlg-gusjenicar\/\" \/>\n<meta property=\"og:locale\" content=\"hr_HR\" \/>\n<meta property=\"og:type\" content=\"article\" \/>\n<meta property=\"og:title\" content=\"JLG gusjeni\u010dar\" \/>\n<meta property=\"og:description\" content=\"JLG gusjeni\u010dar s podiznom platformom Radovi na gradili\u0161tu na kojem prevladavaju neasfaltirane povr\u0161ine imaju svoje izazove. Pogotovo ako vi ili va\u0161i zaposlenici redovito trebate raditi na visini. U tom je slu\u010daju potrebno ulo\u017eiti u gusjeni\u010dar s podiznom platformom. Ta vrsta platforme za rad na visini jam\u010di vama i va\u0161im radnicima pristup svim mjestima koja trebate &hellip; Nastavak\" \/>\n<meta property=\"og:url\" content=\"https:\/\/www.riwal.com\/hr\/kategorije-strojeva\/jlg-gusjenicar\/\" \/>\n<meta property=\"og:site_name\" content=\"Riwal Hrvatska\" \/>\n<meta property=\"article:modified_time\" content=\"2024-02-06T09:22:04+00:00\" \/>\n<meta property=\"og:image\" content=\"https:\/\/www.riwal.com\/app\/uploads\/sites\/11\/2024\/02\/JLG-telescopic-boom-lift-1.webp\" \/>\n<meta name=\"twitter:card\" content=\"summary_large_image\" \/>\n<meta name=\"twitter:label1\" content=\"Est. reading time\" \/>\n\t<meta name=\"twitter:data1\" content=\"4 minute\" \/>\n<script type=\"application\/ld+json\" class=\"yoast-schema-graph\">{\"@context\":\"https:\/\/schema.org\",\"@graph\":[{\"@type\":\"WebPage\",\"@id\":\"https:\/\/www.riwal.com\/hr\/kategorije-strojeva\/jlg-gusjenicar\/\",\"url\":\"https:\/\/www.riwal.com\/hr\/kategorije-strojeva\/jlg-gusjenicar\/\",\"name\":\"JLG gusjeni\u010dar - Riwal Hrvatska\",\"isPartOf\":{\"@id\":\"https:\/\/www.riwal.com\/hr\/#website\"},\"primaryImageOfPage\":{\"@id\":\"https:\/\/www.riwal.com\/hr\/kategorije-strojeva\/jlg-gusjenicar\/#primaryimage\"},\"image\":{\"@id\":\"https:\/\/www.riwal.com\/hr\/kategorije-strojeva\/jlg-gusjenicar\/#primaryimage\"},\"thumbnailUrl\":\"https:\/\/www.riwal.com\/app\/uploads\/sites\/11\/2024\/02\/JLG-telescopic-boom-lift-1.webp\",\"datePublished\":\"2024-02-06T09:22:03+00:00\",\"dateModified\":\"2024-02-06T09:22:04+00:00\",\"breadcrumb\":{\"@id\":\"https:\/\/www.riwal.com\/hr\/kategorije-strojeva\/jlg-gusjenicar\/#breadcrumb\"},\"inLanguage\":\"hr\",\"potentialAction\":[{\"@type\":\"ReadAction\",\"target\":[\"https:\/\/www.riwal.com\/hr\/kategorije-strojeva\/jlg-gusjenicar\/\"]}]},{\"@type\":\"ImageObject\",\"inLanguage\":\"hr\",\"@id\":\"https:\/\/www.riwal.com\/hr\/kategorije-strojeva\/jlg-gusjenicar\/#primaryimage\",\"url\":\"https:\/\/www.riwal.com\/app\/uploads\/sites\/11\/2024\/02\/JLG-telescopic-boom-lift-1.webp\",\"contentUrl\":\"https:\/\/www.riwal.com\/app\/uploads\/sites\/11\/2024\/02\/JLG-telescopic-boom-lift-1.webp\"},{\"@type\":\"BreadcrumbList\",\"@id\":\"https:\/\/www.riwal.com\/hr\/kategorije-strojeva\/jlg-gusjenicar\/#breadcrumb\",\"itemListElement\":[{\"@type\":\"ListItem\",\"position\":1,\"name\":\"Doma\",\"item\":\"https:\/\/www.riwal.com\/hr\/\"},{\"@type\":\"ListItem\",\"position\":2,\"name\":\"Kategorije strojeva\",\"item\":\"https:\/\/www.riwal.com\/hr\/kategorije-strojeva\/\"},{\"@type\":\"ListItem\",\"position\":3,\"name\":\"JLG gusjeni\u010dar\"}]},{\"@type\":\"WebSite\",\"@id\":\"https:\/\/www.riwal.com\/hr\/#website\",\"url\":\"https:\/\/www.riwal.com\/hr\/\",\"name\":\"Riwal\",\"description\":\"Arial work platform &amp; Telehandler Rental\/Sales\",\"publisher\":{\"@id\":\"https:\/\/www.riwal.com\/hr\/#organization\"},\"potentialAction\":[{\"@type\":\"SearchAction\",\"target\":{\"@type\":\"EntryPoint\",\"urlTemplate\":\"https:\/\/www.riwal.com\/hr\/?s={search_term_string}\"},\"query-input\":{\"@type\":\"PropertyValueSpecification\",\"valueRequired\":true,\"valueName\":\"search_term_string\"}}],\"inLanguage\":\"hr\"},{\"@type\":\"Organization\",\"@id\":\"https:\/\/www.riwal.com\/hr\/#organization\",\"name\":\"Riwal\",\"url\":\"https:\/\/www.riwal.com\/hr\/\",\"logo\":{\"@type\":\"ImageObject\",\"inLanguage\":\"hr\",\"@id\":\"https:\/\/www.riwal.com\/hr\/#\/schema\/logo\/image\/\",\"url\":\"\",\"contentUrl\":\"\",\"caption\":\"Riwal\"},\"image\":{\"@id\":\"https:\/\/www.riwal.com\/hr\/#\/schema\/logo\/image\/\"}}]}<\/script>\n<!-- \/ Yoast SEO Premium plugin. -->","yoast_head_json":{"title":"JLG gusjeni\u010dar - Riwal Hrvatska","robots":{"index":"index","follow":"follow","max-snippet":"max-snippet:-1","max-image-preview":"max-image-preview:large","max-video-preview":"max-video-preview:-1"},"canonical":"https:\/\/www.riwal.com\/hr\/kategorije-strojeva\/jlg-gusjenicar\/","og_locale":"hr_HR","og_type":"article","og_title":"JLG gusjeni\u010dar","og_description":"JLG gusjeni\u010dar s podiznom platformom Radovi na gradili\u0161tu na kojem prevladavaju neasfaltirane povr\u0161ine imaju svoje izazove. Pogotovo ako vi ili va\u0161i zaposlenici redovito trebate raditi na visini. U tom je slu\u010daju potrebno ulo\u017eiti u gusjeni\u010dar s podiznom platformom. Ta vrsta platforme za rad na visini jam\u010di vama i va\u0161im radnicima pristup svim mjestima koja trebate &hellip; Nastavak","og_url":"https:\/\/www.riwal.com\/hr\/kategorije-strojeva\/jlg-gusjenicar\/","og_site_name":"Riwal Hrvatska","article_modified_time":"2024-02-06T09:22:04+00:00","og_image":[{"url":"https:\/\/www.riwal.com\/app\/uploads\/sites\/11\/2024\/02\/JLG-telescopic-boom-lift-1.webp","type":"","width":"","height":""}],"twitter_card":"summary_large_image","twitter_misc":{"Est. reading time":"4 minute"},"schema":{"@context":"https:\/\/schema.org","@graph":[{"@type":"WebPage","@id":"https:\/\/www.riwal.com\/hr\/kategorije-strojeva\/jlg-gusjenicar\/","url":"https:\/\/www.riwal.com\/hr\/kategorije-strojeva\/jlg-gusjenicar\/","name":"JLG gusjeni\u010dar - Riwal Hrvatska","isPartOf":{"@id":"https:\/\/www.riwal.com\/hr\/#website"},"primaryImageOfPage":{"@id":"https:\/\/www.riwal.com\/hr\/kategorije-strojeva\/jlg-gusjenicar\/#primaryimage"},"image":{"@id":"https:\/\/www.riwal.com\/hr\/kategorije-strojeva\/jlg-gusjenicar\/#primaryimage"},"thumbnailUrl":"https:\/\/www.riwal.com\/app\/uploads\/sites\/11\/2024\/02\/JLG-telescopic-boom-lift-1.webp","datePublished":"2024-02-06T09:22:03+00:00","dateModified":"2024-02-06T09:22:04+00:00","breadcrumb":{"@id":"https:\/\/www.riwal.com\/hr\/kategorije-strojeva\/jlg-gusjenicar\/#breadcrumb"},"inLanguage":"hr","potentialAction":[{"@type":"ReadAction","target":["https:\/\/www.riwal.com\/hr\/kategorije-strojeva\/jlg-gusjenicar\/"]}]},{"@type":"ImageObject","inLanguage":"hr","@id":"https:\/\/www.riwal.com\/hr\/kategorije-strojeva\/jlg-gusjenicar\/#primaryimage","url":"https:\/\/www.riwal.com\/app\/uploads\/sites\/11\/2024\/02\/JLG-telescopic-boom-lift-1.webp","contentUrl":"https:\/\/www.riwal.com\/app\/uploads\/sites\/11\/2024\/02\/JLG-telescopic-boom-lift-1.webp"},{"@type":"BreadcrumbList","@id":"https:\/\/www.riwal.com\/hr\/kategorije-strojeva\/jlg-gusjenicar\/#breadcrumb","itemListElement":[{"@type":"ListItem","position":1,"name":"Doma","item":"https:\/\/www.riwal.com\/hr\/"},{"@type":"ListItem","position":2,"name":"Kategorije strojeva","item":"https:\/\/www.riwal.com\/hr\/kategorije-strojeva\/"},{"@type":"ListItem","position":3,"name":"JLG gusjeni\u010dar"}]},{"@type":"WebSite","@id":"https:\/\/www.riwal.com\/hr\/#website","url":"https:\/\/www.riwal.com\/hr\/","name":"Riwal","description":"Arial work platform &amp; Telehandler Rental\/Sales","publisher":{"@id":"https:\/\/www.riwal.com\/hr\/#organization"},"potentialAction":[{"@type":"SearchAction","target":{"@type":"EntryPoint","urlTemplate":"https:\/\/www.riwal.com\/hr\/?s={search_term_string}"},"query-input":{"@type":"PropertyValueSpecification","valueRequired":true,"valueName":"search_term_string"}}],"inLanguage":"hr"},{"@type":"Organization","@id":"https:\/\/www.riwal.com\/hr\/#organization","name":"Riwal","url":"https:\/\/www.riwal.com\/hr\/","logo":{"@type":"ImageObject","inLanguage":"hr","@id":"https:\/\/www.riwal.com\/hr\/#\/schema\/logo\/image\/","url":"","contentUrl":"","caption":"Riwal"},"image":{"@id":"https:\/\/www.riwal.com\/hr\/#\/schema\/logo\/image\/"}}]}},"_links":{"self":[{"href":"https:\/\/www.riwal.com\/hr\/wp-json\/wp\/v2\/pages\/5600","targetHints":{"allow":["GET"]}}],"collection":[{"href":"https:\/\/www.riwal.com\/hr\/wp-json\/wp\/v2\/pages"}],"about":[{"href":"https:\/\/www.riwal.com\/hr\/wp-json\/wp\/v2\/types\/page"}],"author":[{"embeddable":true,"href":"https:\/\/www.riwal.com\/hr\/wp-json\/wp\/v2\/users\/45"}],"replies":[{"embeddable":true,"href":"https:\/\/www.riwal.com\/hr\/wp-json\/wp\/v2\/comments?post=5600"}],"version-history":[{"count":1,"href":"https:\/\/www.riwal.com\/hr\/wp-json\/wp\/v2\/pages\/5600\/revisions"}],"predecessor-version":[{"id":5601,"href":"https:\/\/www.riwal.com\/hr\/wp-json\/wp\/v2\/pages\/5600\/revisions\/5601"}],"up":[{"embeddable":true,"href":"https:\/\/www.riwal.com\/hr\/wp-json\/wp\/v2\/pages\/5549"}],"wp:attachment":[{"href":"https:\/\/www.riwal.com\/hr\/wp-json\/wp\/v2\/media?parent=5600"}],"curies":[{"name":"wp","href":"https:\/\/api.w.org\/{rel}","templated":true}]}}