{"id":5598,"date":"2024-02-06T09:21:00","date_gmt":"2024-02-06T09:21:00","guid":{"rendered":"https:\/\/www.riwal.com\/hr\/?page_id=5598"},"modified":"2024-02-06T09:21:01","modified_gmt":"2024-02-06T09:21:01","slug":"jlg-cherry-picker","status":"publish","type":"page","link":"https:\/\/www.riwal.com\/hr\/kategorije-strojeva\/jlg-cherry-picker\/","title":{"rendered":"JLG cherry picker"},"content":{"rendered":"<div class=\"container\">\n<h2 class=\"wp-block-heading\" id=\"h-jlg-cherry-picker-podizna-platforma\">JLG cherry picker podizna platforma<\/h2>\n<\/div>\n\n<div class=\"rental-wp-default-block rental-theme-block-default-margin\">\n\t\t\t\t\t\t\t\t<div class=\"container\">\n<div class=\"wp-block-columns is-layout-flex wp-container-core-columns-is-layout-28f84493 wp-block-columns-is-layout-flex\">\n<div class=\"wp-block-column is-layout-flow wp-block-column-is-layout-flow\" style=\"flex-basis:66.66%\">\n<p>Gradili\u0161ta od radnika \u010desto zahtijevaju obavljanje poslova na razli\u010ditim visinama. Cherry picker podizna platforma omogu\u0107uje podizanje na te visine na lak i udoban na\u010din. Posebno kad kupite ili unajmite JLG cherry picker podiznu platformu. Kao vode\u0107i proizvo\u0111a\u010d opreme za rad na visini, JLG uvijek uspijeva proizvesti vrhunske visokokvalitetne hidrauli\u010dke dizalice, najbolje na tr\u017ei\u0161tu. Kao dobavlja\u010d i partner za najam JLG platformi, Riwal vam nudi \u0161iroku paletu JLG cherry picker podizna platforma. Kod nas mo\u017eete kupiti novu ili rabljenu, ali i unajmiti JLG cherry picker podiznu platformu. Idealno rje\u0161enje za tvrtke koje ovu vrstu strojeva ne trebaju \u010desto.<\/p>\n\n\n\n<h2 class=\"wp-block-heading\"><strong>JLG cherry picker podizna platforma: najbolja na tr\u017ei\u0161tu<\/strong><\/h2>\n\n\n\n<p>Cherry picker podizne platforme se obi\u010dno koriste kod gradnje novih ili preinaka starih gra\u0111evinskih konstrukcija, ali se mogu koristiti i u zatvorenim prostorima, recimo tijekom radova odr\u017eavanja i popravljanja jedinica rasvjete ili grijanja. Hidrauli\u010dni kran s ogra\u0111enom platformom na kraju omogu\u0107uje podizanje i spu\u0161tanje ljudi i materijala na bilo koju \u017eeljenu visinu. Ako se odlu\u010dite raditi s JLG cherry picker platformu, znajte da je to najbolja podizna platforma na tr\u017ei\u0161tu. JLG-ovo bogato iskustvo u proizvodnji podiznih platformi jam\u010di vam da je va\u0161a cherry picker podizna platforma jednostavna za uporabu i sigurna u svakom trenutku. Mo\u0107na, svestrana JLG-ova rje\u0161enja za rad na visini tvrtki su osigurala povjerenje kupaca jo\u0161 davne 1969. godine. Riwal ima \u0161irok izbor JLG-ovih podiznih platformi. Ne sumnjamo da \u0107ete u na\u0161em asortimanu prona\u0107i pravu JLG cherry picker podiznu platformu za svoje potrebe, bilo da se odlu\u010dite za kupnju ili najam.<\/p>\n\n\n\n<p><strong>Riwal: va\u0161 dobavlja\u010d JLG cherry picker podizna platforma<\/strong><br>Ako je rad na visini redovna aktivnost va\u0161e tvrtke, morate ulo\u017eiti u kvalitetnu i sigurnu cherry picker podiznu platformu. JLG cherry picker podizna platforma jam\u010di va\u0161im zaposlenicima pristup svim visinama, s materijalom koji im je pritom potreban. Kad se odlu\u010dite na kupnju cherry picker podizne platforme, prvo si trebate postaviti pitanje jeste li zainteresirani za kupnju nove ili rabljene cherry picker podizne platforme. Riwal nudi i jedne i druge vrhunske kvalitete, uz jamstvo dugog vijeka trajanja i sigurnosti u svakom trenutku. Kakvu cherry picker podiznu platformu trebate na konkretnom gradili\u0161tu ovisi o raznim okolnostima. Koje vrste materijala obi\u010dno prenosite, koliko pokretna cherry picker podizna platforma treba biti, odvija li se transport \u010desto kroz uske prolaze? Postavljanje tih pitanja prvi je korak u dono\u0161enju prave odluke o vrsti cherry picker podizne platforme koja vam treba. U Riwalu \u0107emo vam rado pomo\u0107i! Znamo da je rije\u010d o va\u017enoj i skupoj investiciji i \u017eelimo vam pomo\u0107i kako ne biste izabrali krivu platformu za rad na visini.<br><\/p>\n\n\n\n<h2 class=\"wp-block-heading\"><strong>Riwal kao va\u0161 partner za najam JLG platformi<\/strong><\/h2>\n\n\n\n<p>Ako vam cherry picker podizna platforma ne treba svakodnevno, uvijek se mo\u017eete odlu\u010diti za opciju najma. S Riwalom znate da unajmljujete cherry picker podiznu platformu od pouzdanog partnera koji \u0107e vam u svakom trenutku osigurati savjet stru\u010dnjaka. S ponudom od 15.000 radnih strojeva za najam, mi znamo o \u010demu govorimo. Najam platforme za rad na visini zahtijeva posebna znanja, kako unajmljiva\u010da tako i tvrtke koja iznajmljuje. Zato Riwal nudi obuku, s naglaskom na tome da ljudi koji \u0107e raditi s JLG cherry picker platformu pro\u0111u poduku i steknu certifikat za upravljanje takvim strojevima. Kao slu\u017ebeni centar za obuku rada na platformama za rad na visini, koju je razvio IPAF, me\u0111unarodna organizacija s ekspertizom za sigurnu i u\u010dinkovitu uporabu ovih strojeva, mi smo vi\u0161e nego kvalificirani za to.<br><\/p>\n\n\n\n<h3 class=\"wp-block-heading\"><strong>Nabavite JLG cherry picker podiznu platformu u Riwalu<\/strong><\/h3>\n\n\n\n<p>Niste sigurni \u017eelite li kupiti ili unajmiti, ili jo\u0161 uvijek tra\u017eite pravu JLG cherry picker podiznu platformu za svoj tip posla? Bez brige. Riwal \u0107e vam rado pru\u017eiti savjete potrebne za dono\u0161enje prave odluke. Slobodno nas kontaktirajte kako biste dobili odgovore na svoja pitanja.<\/p>\n<\/div>\n\n\n\n<div class=\"wp-block-column is-layout-flow wp-block-column-is-layout-flow\" style=\"flex-basis:33.33%\">\n<figure class=\"wp-block-image size-full\"><img loading=\"lazy\" decoding=\"async\" width=\"325\" height=\"230\" src=\"https:\/\/eqsk4m2dkju.exactdn.com\/app\/uploads\/sites\/11\/2024\/02\/JLG-telescopic-boom-lift-1.webp?strip=all&quality=92&webp=92&avif=80&sharp=1\" alt=\"\" class=\"wp-image-5560\" srcset=\"https:\/\/eqsk4m2dkju.exactdn.com\/app\/uploads\/sites\/11\/2024\/02\/JLG-telescopic-boom-lift-1.webp?strip=all&amp;quality=92&amp;webp=92&amp;avif=80&amp;sharp=1 325w, https:\/\/eqsk4m2dkju.exactdn.com\/app\/uploads\/sites\/11\/2024\/02\/JLG-telescopic-boom-lift-1-300x212.webp?strip=all&amp;quality=92&amp;webp=92&amp;avif=80&amp;sharp=1 300w, https:\/\/eqsk4m2dkju.exactdn.com\/app\/uploads\/sites\/11\/2024\/02\/JLG-telescopic-boom-lift-1-178x126.webp?strip=all&amp;quality=92&amp;webp=92&amp;avif=80&amp;sharp=1 178w, https:\/\/eqsk4m2dkju.exactdn.com\/app\/uploads\/sites\/11\/2024\/02\/JLG-telescopic-boom-lift-1-250x177.webp?strip=all&amp;quality=92&amp;webp=92&amp;avif=80&amp;sharp=1 250w, https:\/\/eqsk4m2dkju.exactdn.com\/app\/uploads\/sites\/11\/2024\/02\/JLG-telescopic-boom-lift-1-237x168.webp?strip=all&amp;quality=92&amp;webp=92&amp;avif=80&amp;sharp=1 237w, https:\/\/eqsk4m2dkju.exactdn.com\/app\/uploads\/sites\/11\/2024\/02\/JLG-telescopic-boom-lift-1.webp?strip=all&amp;quality=92&amp;webp=92&amp;avif=80&amp;sharp=1&amp;w=65 65w\" sizes=\"auto, (max-width: 325px) 100vw, 325px\" \/><\/figure>\n\n\n\n<figure class=\"wp-block-image size-full\"><img loading=\"lazy\" decoding=\"async\" width=\"800\" height=\"609\" src=\"https:\/\/eqsk4m2dkju.exactdn.com\/app\/uploads\/sites\/11\/2024\/02\/Josip1_web.webp?strip=all&quality=92&webp=92&avif=80&sharp=1\" alt=\"\" class=\"wp-image-5552\" srcset=\"https:\/\/eqsk4m2dkju.exactdn.com\/app\/uploads\/sites\/11\/2024\/02\/Josip1_web.webp?strip=all&amp;quality=92&amp;webp=92&amp;avif=80&amp;sharp=1 800w, https:\/\/eqsk4m2dkju.exactdn.com\/app\/uploads\/sites\/11\/2024\/02\/Josip1_web-300x228.webp?strip=all&amp;quality=92&amp;webp=92&amp;avif=80&amp;sharp=1 300w, https:\/\/eqsk4m2dkju.exactdn.com\/app\/uploads\/sites\/11\/2024\/02\/Josip1_web-768x585.webp?strip=all&amp;quality=92&amp;webp=92&amp;avif=80&amp;sharp=1 768w, https:\/\/eqsk4m2dkju.exactdn.com\/app\/uploads\/sites\/11\/2024\/02\/Josip1_web-178x136.webp?strip=all&amp;quality=92&amp;webp=92&amp;avif=80&amp;sharp=1 178w, https:\/\/eqsk4m2dkju.exactdn.com\/app\/uploads\/sites\/11\/2024\/02\/Josip1_web-390x297.webp?strip=all&amp;quality=92&amp;webp=92&amp;avif=80&amp;sharp=1 390w, https:\/\/eqsk4m2dkju.exactdn.com\/app\/uploads\/sites\/11\/2024\/02\/Josip1_web-250x190.webp?strip=all&amp;quality=92&amp;webp=92&amp;avif=80&amp;sharp=1 250w, https:\/\/eqsk4m2dkju.exactdn.com\/app\/uploads\/sites\/11\/2024\/02\/Josip1_web-620x472.webp?strip=all&amp;quality=92&amp;webp=92&amp;avif=80&amp;sharp=1 620w, https:\/\/eqsk4m2dkju.exactdn.com\/app\/uploads\/sites\/11\/2024\/02\/Josip1_web-237x180.webp?strip=all&amp;quality=92&amp;webp=92&amp;avif=80&amp;sharp=1 237w, https:\/\/eqsk4m2dkju.exactdn.com\/app\/uploads\/sites\/11\/2024\/02\/Josip1_web-474x361.webp?strip=all&amp;quality=92&amp;webp=92&amp;avif=80&amp;sharp=1 474w\" sizes=\"auto, (max-width: 800px) 100vw, 800px\" \/><\/figure>\n\n\n\n<p><strong>Jeste li zainteresirani?<\/strong><\/p>\n\n\n\n<p>info-hr@riwal.com<\/p>\n\n\n\n<p>Nazovite nas: 01 2763 581<\/p>\n\n\n\n<div class=\"wp-block-buttons is-layout-flex wp-block-buttons-is-layout-flex\">\n<div class=\"wp-block-button\"><a class=\"wp-block-button__link wp-element-button\" href=\"https:\/\/www.riwal.com\/hr\/najam\/\">Prona\u0111ite strojeve za najam<\/a><\/div>\n<\/div>\n\n\n\n<div class=\"wp-block-buttons is-layout-flex wp-block-buttons-is-layout-flex\">\n<div class=\"wp-block-button\"><a class=\"wp-block-button__link wp-element-button\" href=\"https:\/\/www.riwal.com\/hr\/prodaja\/rabljeni-strojevi\/\">Prona\u0111ite rabljene strojeve za prodaju<\/a><\/div>\n<\/div>\n\n\n\n<div class=\"wp-block-columns is-layout-flex wp-container-core-columns-is-layout-28f84493 wp-block-columns-is-layout-flex\">\n<div class=\"wp-block-column is-layout-flow wp-block-column-is-layout-flow\"><\/div>\n\n\n\n<div class=\"wp-block-column is-layout-flow wp-block-column-is-layout-flow\"><\/div>\n<\/div>\n<\/div>\n<\/div>\n<\/div>\n\t\t\t\t\t\t\t<\/div> ","protected":false},"excerpt":{"rendered":"<p>JLG cherry picker podizna platforma Gradili\u0161ta od radnika \u010desto zahtijevaju obavljanje poslova na razli\u010ditim visinama. Cherry picker podizna platforma omogu\u0107uje podizanje na te visine na lak i udoban na\u010din. Posebno kad kupite ili unajmite JLG cherry picker podiznu platformu. Kao vode\u0107i proizvo\u0111a\u010d opreme za rad na visini, JLG uvijek uspijeva proizvesti vrhunske visokokvalitetne hidrauli\u010dke dizalice, &hellip; <a href=\"https:\/\/www.riwal.com\/hr\/kategorije-strojeva\/jlg-cherry-picker\/\">Nastavak<\/a><\/p>\n","protected":false},"author":45,"featured_media":0,"parent":5549,"menu_order":0,"comment_status":"closed","ping_status":"closed","template":"","meta":{"_acf_changed":false,"footnotes":""},"class_list":["post-5598","page","type-page","status-publish","hentry"],"acf":[],"yoast_head":"<!-- This site is optimized with the Yoast SEO Premium plugin v27.1 (Yoast SEO v27.1.1) - https:\/\/yoast.com\/product\/yoast-seo-premium-wordpress\/ -->\n<title>JLG cherry picker - Riwal Hrvatska<\/title>\n<meta name=\"robots\" content=\"index, follow, max-snippet:-1, max-image-preview:large, max-video-preview:-1\" \/>\n<link rel=\"canonical\" href=\"https:\/\/www.riwal.com\/hr\/kategorije-strojeva\/jlg-cherry-picker\/\" \/>\n<meta property=\"og:locale\" content=\"hr_HR\" \/>\n<meta property=\"og:type\" content=\"article\" \/>\n<meta property=\"og:title\" content=\"JLG cherry picker\" \/>\n<meta property=\"og:description\" content=\"JLG cherry picker podizna platforma Gradili\u0161ta od radnika \u010desto zahtijevaju obavljanje poslova na razli\u010ditim visinama. Cherry picker podizna platforma omogu\u0107uje podizanje na te visine na lak i udoban na\u010din. Posebno kad kupite ili unajmite JLG cherry picker podiznu platformu. Kao vode\u0107i proizvo\u0111a\u010d opreme za rad na visini, JLG uvijek uspijeva proizvesti vrhunske visokokvalitetne hidrauli\u010dke dizalice, &hellip; Nastavak\" \/>\n<meta property=\"og:url\" content=\"https:\/\/www.riwal.com\/hr\/kategorije-strojeva\/jlg-cherry-picker\/\" \/>\n<meta property=\"og:site_name\" content=\"Riwal Hrvatska\" \/>\n<meta property=\"article:modified_time\" content=\"2024-02-06T09:21:01+00:00\" \/>\n<meta property=\"og:image\" content=\"https:\/\/www.riwal.com\/app\/uploads\/sites\/11\/2024\/02\/JLG-telescopic-boom-lift-1.webp\" \/>\n<meta name=\"twitter:card\" content=\"summary_large_image\" \/>\n<meta name=\"twitter:label1\" content=\"Est. reading time\" \/>\n\t<meta name=\"twitter:data1\" content=\"4 minute\" \/>\n<script type=\"application\/ld+json\" class=\"yoast-schema-graph\">{\"@context\":\"https:\/\/schema.org\",\"@graph\":[{\"@type\":\"WebPage\",\"@id\":\"https:\/\/www.riwal.com\/hr\/kategorije-strojeva\/jlg-cherry-picker\/\",\"url\":\"https:\/\/www.riwal.com\/hr\/kategorije-strojeva\/jlg-cherry-picker\/\",\"name\":\"JLG cherry picker - Riwal Hrvatska\",\"isPartOf\":{\"@id\":\"https:\/\/www.riwal.com\/hr\/#website\"},\"primaryImageOfPage\":{\"@id\":\"https:\/\/www.riwal.com\/hr\/kategorije-strojeva\/jlg-cherry-picker\/#primaryimage\"},\"image\":{\"@id\":\"https:\/\/www.riwal.com\/hr\/kategorije-strojeva\/jlg-cherry-picker\/#primaryimage\"},\"thumbnailUrl\":\"https:\/\/www.riwal.com\/app\/uploads\/sites\/11\/2024\/02\/JLG-telescopic-boom-lift-1.webp\",\"datePublished\":\"2024-02-06T09:21:00+00:00\",\"dateModified\":\"2024-02-06T09:21:01+00:00\",\"breadcrumb\":{\"@id\":\"https:\/\/www.riwal.com\/hr\/kategorije-strojeva\/jlg-cherry-picker\/#breadcrumb\"},\"inLanguage\":\"hr\",\"potentialAction\":[{\"@type\":\"ReadAction\",\"target\":[\"https:\/\/www.riwal.com\/hr\/kategorije-strojeva\/jlg-cherry-picker\/\"]}]},{\"@type\":\"ImageObject\",\"inLanguage\":\"hr\",\"@id\":\"https:\/\/www.riwal.com\/hr\/kategorije-strojeva\/jlg-cherry-picker\/#primaryimage\",\"url\":\"https:\/\/www.riwal.com\/app\/uploads\/sites\/11\/2024\/02\/JLG-telescopic-boom-lift-1.webp\",\"contentUrl\":\"https:\/\/www.riwal.com\/app\/uploads\/sites\/11\/2024\/02\/JLG-telescopic-boom-lift-1.webp\"},{\"@type\":\"BreadcrumbList\",\"@id\":\"https:\/\/www.riwal.com\/hr\/kategorije-strojeva\/jlg-cherry-picker\/#breadcrumb\",\"itemListElement\":[{\"@type\":\"ListItem\",\"position\":1,\"name\":\"Doma\",\"item\":\"https:\/\/www.riwal.com\/hr\/\"},{\"@type\":\"ListItem\",\"position\":2,\"name\":\"Kategorije strojeva\",\"item\":\"https:\/\/www.riwal.com\/hr\/kategorije-strojeva\/\"},{\"@type\":\"ListItem\",\"position\":3,\"name\":\"JLG cherry picker\"}]},{\"@type\":\"WebSite\",\"@id\":\"https:\/\/www.riwal.com\/hr\/#website\",\"url\":\"https:\/\/www.riwal.com\/hr\/\",\"name\":\"Riwal\",\"description\":\"Arial work platform &amp; Telehandler Rental\/Sales\",\"publisher\":{\"@id\":\"https:\/\/www.riwal.com\/hr\/#organization\"},\"potentialAction\":[{\"@type\":\"SearchAction\",\"target\":{\"@type\":\"EntryPoint\",\"urlTemplate\":\"https:\/\/www.riwal.com\/hr\/?s={search_term_string}\"},\"query-input\":{\"@type\":\"PropertyValueSpecification\",\"valueRequired\":true,\"valueName\":\"search_term_string\"}}],\"inLanguage\":\"hr\"},{\"@type\":\"Organization\",\"@id\":\"https:\/\/www.riwal.com\/hr\/#organization\",\"name\":\"Riwal\",\"url\":\"https:\/\/www.riwal.com\/hr\/\",\"logo\":{\"@type\":\"ImageObject\",\"inLanguage\":\"hr\",\"@id\":\"https:\/\/www.riwal.com\/hr\/#\/schema\/logo\/image\/\",\"url\":\"\",\"contentUrl\":\"\",\"caption\":\"Riwal\"},\"image\":{\"@id\":\"https:\/\/www.riwal.com\/hr\/#\/schema\/logo\/image\/\"}}]}<\/script>\n<!-- \/ Yoast SEO Premium plugin. -->","yoast_head_json":{"title":"JLG cherry picker - Riwal Hrvatska","robots":{"index":"index","follow":"follow","max-snippet":"max-snippet:-1","max-image-preview":"max-image-preview:large","max-video-preview":"max-video-preview:-1"},"canonical":"https:\/\/www.riwal.com\/hr\/kategorije-strojeva\/jlg-cherry-picker\/","og_locale":"hr_HR","og_type":"article","og_title":"JLG cherry picker","og_description":"JLG cherry picker podizna platforma Gradili\u0161ta od radnika \u010desto zahtijevaju obavljanje poslova na razli\u010ditim visinama. Cherry picker podizna platforma omogu\u0107uje podizanje na te visine na lak i udoban na\u010din. Posebno kad kupite ili unajmite JLG cherry picker podiznu platformu. Kao vode\u0107i proizvo\u0111a\u010d opreme za rad na visini, JLG uvijek uspijeva proizvesti vrhunske visokokvalitetne hidrauli\u010dke dizalice, &hellip; Nastavak","og_url":"https:\/\/www.riwal.com\/hr\/kategorije-strojeva\/jlg-cherry-picker\/","og_site_name":"Riwal Hrvatska","article_modified_time":"2024-02-06T09:21:01+00:00","og_image":[{"url":"https:\/\/www.riwal.com\/app\/uploads\/sites\/11\/2024\/02\/JLG-telescopic-boom-lift-1.webp","type":"","width":"","height":""}],"twitter_card":"summary_large_image","twitter_misc":{"Est. reading time":"4 minute"},"schema":{"@context":"https:\/\/schema.org","@graph":[{"@type":"WebPage","@id":"https:\/\/www.riwal.com\/hr\/kategorije-strojeva\/jlg-cherry-picker\/","url":"https:\/\/www.riwal.com\/hr\/kategorije-strojeva\/jlg-cherry-picker\/","name":"JLG cherry picker - Riwal Hrvatska","isPartOf":{"@id":"https:\/\/www.riwal.com\/hr\/#website"},"primaryImageOfPage":{"@id":"https:\/\/www.riwal.com\/hr\/kategorije-strojeva\/jlg-cherry-picker\/#primaryimage"},"image":{"@id":"https:\/\/www.riwal.com\/hr\/kategorije-strojeva\/jlg-cherry-picker\/#primaryimage"},"thumbnailUrl":"https:\/\/www.riwal.com\/app\/uploads\/sites\/11\/2024\/02\/JLG-telescopic-boom-lift-1.webp","datePublished":"2024-02-06T09:21:00+00:00","dateModified":"2024-02-06T09:21:01+00:00","breadcrumb":{"@id":"https:\/\/www.riwal.com\/hr\/kategorije-strojeva\/jlg-cherry-picker\/#breadcrumb"},"inLanguage":"hr","potentialAction":[{"@type":"ReadAction","target":["https:\/\/www.riwal.com\/hr\/kategorije-strojeva\/jlg-cherry-picker\/"]}]},{"@type":"ImageObject","inLanguage":"hr","@id":"https:\/\/www.riwal.com\/hr\/kategorije-strojeva\/jlg-cherry-picker\/#primaryimage","url":"https:\/\/www.riwal.com\/app\/uploads\/sites\/11\/2024\/02\/JLG-telescopic-boom-lift-1.webp","contentUrl":"https:\/\/www.riwal.com\/app\/uploads\/sites\/11\/2024\/02\/JLG-telescopic-boom-lift-1.webp"},{"@type":"BreadcrumbList","@id":"https:\/\/www.riwal.com\/hr\/kategorije-strojeva\/jlg-cherry-picker\/#breadcrumb","itemListElement":[{"@type":"ListItem","position":1,"name":"Doma","item":"https:\/\/www.riwal.com\/hr\/"},{"@type":"ListItem","position":2,"name":"Kategorije strojeva","item":"https:\/\/www.riwal.com\/hr\/kategorije-strojeva\/"},{"@type":"ListItem","position":3,"name":"JLG cherry picker"}]},{"@type":"WebSite","@id":"https:\/\/www.riwal.com\/hr\/#website","url":"https:\/\/www.riwal.com\/hr\/","name":"Riwal","description":"Arial work platform &amp; Telehandler Rental\/Sales","publisher":{"@id":"https:\/\/www.riwal.com\/hr\/#organization"},"potentialAction":[{"@type":"SearchAction","target":{"@type":"EntryPoint","urlTemplate":"https:\/\/www.riwal.com\/hr\/?s={search_term_string}"},"query-input":{"@type":"PropertyValueSpecification","valueRequired":true,"valueName":"search_term_string"}}],"inLanguage":"hr"},{"@type":"Organization","@id":"https:\/\/www.riwal.com\/hr\/#organization","name":"Riwal","url":"https:\/\/www.riwal.com\/hr\/","logo":{"@type":"ImageObject","inLanguage":"hr","@id":"https:\/\/www.riwal.com\/hr\/#\/schema\/logo\/image\/","url":"","contentUrl":"","caption":"Riwal"},"image":{"@id":"https:\/\/www.riwal.com\/hr\/#\/schema\/logo\/image\/"}}]}},"_links":{"self":[{"href":"https:\/\/www.riwal.com\/hr\/wp-json\/wp\/v2\/pages\/5598","targetHints":{"allow":["GET"]}}],"collection":[{"href":"https:\/\/www.riwal.com\/hr\/wp-json\/wp\/v2\/pages"}],"about":[{"href":"https:\/\/www.riwal.com\/hr\/wp-json\/wp\/v2\/types\/page"}],"author":[{"embeddable":true,"href":"https:\/\/www.riwal.com\/hr\/wp-json\/wp\/v2\/users\/45"}],"replies":[{"embeddable":true,"href":"https:\/\/www.riwal.com\/hr\/wp-json\/wp\/v2\/comments?post=5598"}],"version-history":[{"count":1,"href":"https:\/\/www.riwal.com\/hr\/wp-json\/wp\/v2\/pages\/5598\/revisions"}],"predecessor-version":[{"id":5599,"href":"https:\/\/www.riwal.com\/hr\/wp-json\/wp\/v2\/pages\/5598\/revisions\/5599"}],"up":[{"embeddable":true,"href":"https:\/\/www.riwal.com\/hr\/wp-json\/wp\/v2\/pages\/5549"}],"wp:attachment":[{"href":"https:\/\/www.riwal.com\/hr\/wp-json\/wp\/v2\/media?parent=5598"}],"curies":[{"name":"wp","href":"https:\/\/api.w.org\/{rel}","templated":true}]}}