{"id":5596,"date":"2024-02-06T09:19:52","date_gmt":"2024-02-06T09:19:52","guid":{"rendered":"https:\/\/www.riwal.com\/hr\/?page_id=5596"},"modified":"2024-02-06T09:19:52","modified_gmt":"2024-02-06T09:19:52","slug":"jlg-pauk","status":"publish","type":"page","link":"https:\/\/www.riwal.com\/hr\/kategorije-strojeva\/jlg-pauk\/","title":{"rendered":"JLG pauk"},"content":{"rendered":"<div class=\"container\">\n<h2 class=\"wp-block-heading\" id=\"h-jlg-pauk-platforma\">JLG pauk platforma<\/h2>\n<\/div>\n\n<div class=\"rental-wp-default-block rental-theme-block-default-margin\">\n\t\t\t\t\t\t\t\t<div class=\"container\">\n<div class=\"wp-block-columns is-layout-flex wp-container-core-columns-is-layout-28f84493 wp-block-columns-is-layout-flex\">\n<div class=\"wp-block-column is-layout-flow wp-block-column-is-layout-flow\" style=\"flex-basis:66.66%\">\n<p>Pauk platforma je idealna platforma za obavljanje zadataka na velikim visinama u ograni\u010denim prostorima. Sa svoje \u010detiri noge pauk platforma omogu\u0107uje izrazitu stabilnost na svakom gradili\u0161tu. Njezina mala te\u017eina \u010dini pauk platformu idealnom za rad u prostorima koji se lako mogu o\u0161tetiti, npr. kod obavljanja poslova odr\u017eavanja u zatvorenom prostoru. Ako ste zainteresirani za kupnju ili najam pauk platforme, JLG pauk platforma uvijek je pravi izbor. Kao vode\u0107i proizvo\u0111a\u010d rje\u0161enja za rad na visinama, JLG uvijek proizvodi vrhunsku, visokokvalitetnu podiznu opremu. U Riwalu mo\u017eete birati iz \u0161iroke ponude raznih JLG pauk platformi. Na\u0161i \u0107e vas stru\u010dnjaci rado informirati o razli\u010ditim specifikacijama.<\/p>\n\n\n\n<h2 class=\"wp-block-heading\"><strong>JLG pauk platforma: najbolji izbor<\/strong><\/h2>\n\n\n\n<p>Pauk platforma je idealno rje\u0161enje za rad na velikim visinama u zatvorenom prostoru, ali i na gradili\u0161tima na otvorenom, u svim vremenskim uvjetima. Platforma je posebno dizajnirana za pristup podru\u010djima koja klasi\u010dne autoko\u0161are ne mogu dosegnuti, a \u010desto se koristi umjesto klasi\u010dnih i skupih sustava skela. Njezina mala te\u017eina, fleksibilnost, prilagodljivost i pokretljivost radnicima jam\u010de lak pristup svakom malom ili uskom mjestu. Rad s JLG pauk platformom jam\u010di vrhunsku kvalitetu uz sve prednosti koje pauk platforme ina\u010de nude. JLG pauk platforma lagana je i mo\u017ee se koristiti na gotovo svim podlogama. Riwal ima \u0161iroku paletu JLG pauk platformi i zato mo\u017ee osigurati pravu platformu poduze\u0107ima u razli\u010ditim djelatnostima.<\/p>\n\n\n\n<h2 class=\"wp-block-heading\"><strong>Prava JLG pauk platforma za va\u0161e poduze\u0107e<\/strong><\/h2>\n\n\n\n<p>U potrazi za JLG pauk platformom nai\u0107i \u0107ete na razne vrste. No koja JLG pauk platforma odgovara va\u0161im potrebama? To ovisi o kapacitetu dizanja, dosegu i radnoj visini koja vam je potrebna. Na\u0161i stru\u010dnjaci pomo\u0107i \u0107e vam da na\u0111ete pravu pauk platformu za svoj projekt ili posao, neovisno o industriji u kojoj poslujete. Riwal ima dugogodi\u0161nje iskustvo u nabavi pauk platformi za raznovrsna poduze\u0107a, a \u010dlanovi na\u0161eg tima sa zadovoljstvom \u0107e vam predstaviti na\u0161u \u0161iroku ponudu. Oni \u0107e vas rado i posjetiti na terenu i pru\u017eiti savjete prilago\u0111ene va\u0161im specifi\u010dnim potrebama.<br><\/p>\n\n\n\n<h2 class=\"wp-block-heading\"><strong>Kupujete ili unajmljujete?<\/strong><\/h2>\n\n\n\n<p>U Riwalu mo\u017eete kupiti, ali i unajmiti JLG pauk platformu. Ali kakvu god odluku donijeli, pru\u017eit \u0107emo vam najbolji savjet i vrsnu uslugu. Ako vam za posao pauk platforma treba redovito, kupnja je pravi izbor za vas. Ako vam pak treba samo za jedan projekt ili ako dva-tri puta godi\u0161nje koristite pauk platformu, jasno je da je bolje odlu\u010diti se za najam. Kao va\u0161 JLG partner za najam podiznih platformi, pomo\u0107i \u0107emo vam da donesete pravu odluku.<br><\/p>\n\n\n\n<h3 class=\"wp-block-heading\"><strong>Riwal vam nudi pravu JLG pauk platformu<\/strong><\/h3>\n\n\n\n<p>U Riwalu \u0107ete prona\u0107i pravu JLG pauk platformu za svoj posao ili aktivnosti. Kao va\u0161 dobavlja\u010d, pobrinut \u0107emo se da donesete pravu odluku: trebate li kupiti ili unajmiti, i koju vrstu JLG pauk platforme odabrati. Uz to mo\u017eete ra\u010dunati na vrhunsku uslugu nakon kupnje ili najma va\u0161e pauk platforme u Riwalu. Jednako dobru kad kupite JLG pauk platformu, kao i kad je Riwal va\u0161 JLG partner za najam.<\/p>\n<\/div>\n\n\n\n<div class=\"wp-block-column is-layout-flow wp-block-column-is-layout-flow\" style=\"flex-basis:33.33%\">\n<figure class=\"wp-block-image size-full\"><img loading=\"lazy\" decoding=\"async\" width=\"450\" height=\"230\" src=\"https:\/\/eqsk4m2dkju.exactdn.com\/app\/uploads\/sites\/11\/2024\/02\/teaser-jlg-spider.webp?strip=all&quality=92&webp=92&avif=80&sharp=1\" alt=\"\" class=\"wp-image-5562\" srcset=\"https:\/\/eqsk4m2dkju.exactdn.com\/app\/uploads\/sites\/11\/2024\/02\/teaser-jlg-spider.webp?strip=all&amp;quality=92&amp;webp=92&amp;avif=80&amp;sharp=1 450w, https:\/\/eqsk4m2dkju.exactdn.com\/app\/uploads\/sites\/11\/2024\/02\/teaser-jlg-spider-300x153.webp?strip=all&amp;quality=92&amp;webp=92&amp;avif=80&amp;sharp=1 300w, https:\/\/eqsk4m2dkju.exactdn.com\/app\/uploads\/sites\/11\/2024\/02\/teaser-jlg-spider-178x91.webp?strip=all&amp;quality=92&amp;webp=92&amp;avif=80&amp;sharp=1 178w, https:\/\/eqsk4m2dkju.exactdn.com\/app\/uploads\/sites\/11\/2024\/02\/teaser-jlg-spider-390x199.webp?strip=all&amp;quality=92&amp;webp=92&amp;avif=80&amp;sharp=1 390w, https:\/\/eqsk4m2dkju.exactdn.com\/app\/uploads\/sites\/11\/2024\/02\/teaser-jlg-spider-250x128.webp?strip=all&amp;quality=92&amp;webp=92&amp;avif=80&amp;sharp=1 250w, https:\/\/eqsk4m2dkju.exactdn.com\/app\/uploads\/sites\/11\/2024\/02\/teaser-jlg-spider-237x121.webp?strip=all&amp;quality=92&amp;webp=92&amp;avif=80&amp;sharp=1 237w, https:\/\/eqsk4m2dkju.exactdn.com\/app\/uploads\/sites\/11\/2024\/02\/teaser-jlg-spider.webp?strip=all&amp;quality=92&amp;webp=92&amp;avif=80&amp;sharp=1&amp;w=90 90w\" sizes=\"auto, (max-width: 450px) 100vw, 450px\" \/><\/figure>\n\n\n\n<figure class=\"wp-block-image size-full\"><img loading=\"lazy\" decoding=\"async\" width=\"800\" height=\"609\" src=\"https:\/\/eqsk4m2dkju.exactdn.com\/app\/uploads\/sites\/11\/2024\/02\/Josip1_web.webp?strip=all&quality=92&webp=92&avif=80&sharp=1\" alt=\"\" class=\"wp-image-5552\" srcset=\"https:\/\/eqsk4m2dkju.exactdn.com\/app\/uploads\/sites\/11\/2024\/02\/Josip1_web.webp?strip=all&amp;quality=92&amp;webp=92&amp;avif=80&amp;sharp=1 800w, https:\/\/eqsk4m2dkju.exactdn.com\/app\/uploads\/sites\/11\/2024\/02\/Josip1_web-300x228.webp?strip=all&amp;quality=92&amp;webp=92&amp;avif=80&amp;sharp=1 300w, https:\/\/eqsk4m2dkju.exactdn.com\/app\/uploads\/sites\/11\/2024\/02\/Josip1_web-768x585.webp?strip=all&amp;quality=92&amp;webp=92&amp;avif=80&amp;sharp=1 768w, https:\/\/eqsk4m2dkju.exactdn.com\/app\/uploads\/sites\/11\/2024\/02\/Josip1_web-178x136.webp?strip=all&amp;quality=92&amp;webp=92&amp;avif=80&amp;sharp=1 178w, https:\/\/eqsk4m2dkju.exactdn.com\/app\/uploads\/sites\/11\/2024\/02\/Josip1_web-390x297.webp?strip=all&amp;quality=92&amp;webp=92&amp;avif=80&amp;sharp=1 390w, https:\/\/eqsk4m2dkju.exactdn.com\/app\/uploads\/sites\/11\/2024\/02\/Josip1_web-250x190.webp?strip=all&amp;quality=92&amp;webp=92&amp;avif=80&amp;sharp=1 250w, https:\/\/eqsk4m2dkju.exactdn.com\/app\/uploads\/sites\/11\/2024\/02\/Josip1_web-620x472.webp?strip=all&amp;quality=92&amp;webp=92&amp;avif=80&amp;sharp=1 620w, https:\/\/eqsk4m2dkju.exactdn.com\/app\/uploads\/sites\/11\/2024\/02\/Josip1_web-237x180.webp?strip=all&amp;quality=92&amp;webp=92&amp;avif=80&amp;sharp=1 237w, https:\/\/eqsk4m2dkju.exactdn.com\/app\/uploads\/sites\/11\/2024\/02\/Josip1_web-474x361.webp?strip=all&amp;quality=92&amp;webp=92&amp;avif=80&amp;sharp=1 474w\" sizes=\"auto, (max-width: 800px) 100vw, 800px\" \/><\/figure>\n\n\n\n<p><strong>Jeste li zainteresirani?<\/strong><\/p>\n\n\n\n<p>info-hr@riwal.com<\/p>\n\n\n\n<p>Nazovite nas: 01 2763 581<\/p>\n\n\n\n<div class=\"wp-block-buttons is-layout-flex wp-block-buttons-is-layout-flex\">\n<div class=\"wp-block-button\"><a class=\"wp-block-button__link wp-element-button\" href=\"https:\/\/www.riwal.com\/hr\/najam\/\">Prona\u0111ite strojeve za najam<\/a><\/div>\n<\/div>\n\n\n\n<div class=\"wp-block-buttons is-layout-flex wp-block-buttons-is-layout-flex\">\n<div class=\"wp-block-button\"><a class=\"wp-block-button__link wp-element-button\" href=\"https:\/\/www.riwal.com\/hr\/prodaja\/rabljeni-strojevi\/\">Prona\u0111ite rabljene strojeve za prodaju<\/a><\/div>\n<\/div>\n\n\n\n<div class=\"wp-block-columns is-layout-flex wp-container-core-columns-is-layout-28f84493 wp-block-columns-is-layout-flex\">\n<div class=\"wp-block-column is-layout-flow wp-block-column-is-layout-flow\"><\/div>\n\n\n\n<div class=\"wp-block-column is-layout-flow wp-block-column-is-layout-flow\"><\/div>\n<\/div>\n<\/div>\n<\/div>\n<\/div>\n\t\t\t\t\t\t\t<\/div> ","protected":false},"excerpt":{"rendered":"<p>JLG pauk platforma Pauk platforma je idealna platforma za obavljanje zadataka na velikim visinama u ograni\u010denim prostorima. Sa svoje \u010detiri noge pauk platforma omogu\u0107uje izrazitu stabilnost na svakom gradili\u0161tu. Njezina mala te\u017eina \u010dini pauk platformu idealnom za rad u prostorima koji se lako mogu o\u0161tetiti, npr. kod obavljanja poslova odr\u017eavanja u zatvorenom prostoru. Ako ste &hellip; <a href=\"https:\/\/www.riwal.com\/hr\/kategorije-strojeva\/jlg-pauk\/\">Nastavak<\/a><\/p>\n","protected":false},"author":45,"featured_media":0,"parent":5549,"menu_order":0,"comment_status":"closed","ping_status":"closed","template":"","meta":{"_acf_changed":false,"footnotes":""},"class_list":["post-5596","page","type-page","status-publish","hentry"],"acf":[],"yoast_head":"<!-- This site is optimized with the Yoast SEO Premium plugin v27.1 (Yoast SEO v27.1.1) - https:\/\/yoast.com\/product\/yoast-seo-premium-wordpress\/ -->\n<title>JLG pauk - Riwal Hrvatska<\/title>\n<meta name=\"robots\" content=\"index, follow, max-snippet:-1, max-image-preview:large, max-video-preview:-1\" \/>\n<link rel=\"canonical\" href=\"https:\/\/www.riwal.com\/hr\/kategorije-strojeva\/jlg-pauk\/\" \/>\n<meta property=\"og:locale\" content=\"hr_HR\" \/>\n<meta property=\"og:type\" content=\"article\" \/>\n<meta property=\"og:title\" content=\"JLG pauk\" \/>\n<meta property=\"og:description\" content=\"JLG pauk platforma Pauk platforma je idealna platforma za obavljanje zadataka na velikim visinama u ograni\u010denim prostorima. Sa svoje \u010detiri noge pauk platforma omogu\u0107uje izrazitu stabilnost na svakom gradili\u0161tu. Njezina mala te\u017eina \u010dini pauk platformu idealnom za rad u prostorima koji se lako mogu o\u0161tetiti, npr. kod obavljanja poslova odr\u017eavanja u zatvorenom prostoru. Ako ste &hellip; Nastavak\" \/>\n<meta property=\"og:url\" content=\"https:\/\/www.riwal.com\/hr\/kategorije-strojeva\/jlg-pauk\/\" \/>\n<meta property=\"og:site_name\" content=\"Riwal Hrvatska\" \/>\n<meta property=\"og:image\" content=\"https:\/\/www.riwal.com\/app\/uploads\/sites\/11\/2024\/02\/teaser-jlg-spider.webp\" \/>\n<meta name=\"twitter:card\" content=\"summary_large_image\" \/>\n<meta name=\"twitter:label1\" content=\"Est. reading time\" \/>\n\t<meta name=\"twitter:data1\" content=\"4 minute\" \/>\n<script type=\"application\/ld+json\" class=\"yoast-schema-graph\">{\"@context\":\"https:\/\/schema.org\",\"@graph\":[{\"@type\":\"WebPage\",\"@id\":\"https:\/\/www.riwal.com\/hr\/kategorije-strojeva\/jlg-pauk\/\",\"url\":\"https:\/\/www.riwal.com\/hr\/kategorije-strojeva\/jlg-pauk\/\",\"name\":\"JLG pauk - Riwal Hrvatska\",\"isPartOf\":{\"@id\":\"https:\/\/www.riwal.com\/hr\/#website\"},\"primaryImageOfPage\":{\"@id\":\"https:\/\/www.riwal.com\/hr\/kategorije-strojeva\/jlg-pauk\/#primaryimage\"},\"image\":{\"@id\":\"https:\/\/www.riwal.com\/hr\/kategorije-strojeva\/jlg-pauk\/#primaryimage\"},\"thumbnailUrl\":\"https:\/\/www.riwal.com\/app\/uploads\/sites\/11\/2024\/02\/teaser-jlg-spider.webp\",\"datePublished\":\"2024-02-06T09:19:52+00:00\",\"breadcrumb\":{\"@id\":\"https:\/\/www.riwal.com\/hr\/kategorije-strojeva\/jlg-pauk\/#breadcrumb\"},\"inLanguage\":\"hr\",\"potentialAction\":[{\"@type\":\"ReadAction\",\"target\":[\"https:\/\/www.riwal.com\/hr\/kategorije-strojeva\/jlg-pauk\/\"]}]},{\"@type\":\"ImageObject\",\"inLanguage\":\"hr\",\"@id\":\"https:\/\/www.riwal.com\/hr\/kategorije-strojeva\/jlg-pauk\/#primaryimage\",\"url\":\"https:\/\/www.riwal.com\/app\/uploads\/sites\/11\/2024\/02\/teaser-jlg-spider.webp\",\"contentUrl\":\"https:\/\/www.riwal.com\/app\/uploads\/sites\/11\/2024\/02\/teaser-jlg-spider.webp\"},{\"@type\":\"BreadcrumbList\",\"@id\":\"https:\/\/www.riwal.com\/hr\/kategorije-strojeva\/jlg-pauk\/#breadcrumb\",\"itemListElement\":[{\"@type\":\"ListItem\",\"position\":1,\"name\":\"Doma\",\"item\":\"https:\/\/www.riwal.com\/hr\/\"},{\"@type\":\"ListItem\",\"position\":2,\"name\":\"Kategorije strojeva\",\"item\":\"https:\/\/www.riwal.com\/hr\/kategorije-strojeva\/\"},{\"@type\":\"ListItem\",\"position\":3,\"name\":\"JLG pauk\"}]},{\"@type\":\"WebSite\",\"@id\":\"https:\/\/www.riwal.com\/hr\/#website\",\"url\":\"https:\/\/www.riwal.com\/hr\/\",\"name\":\"Riwal\",\"description\":\"Arial work platform &amp; Telehandler Rental\/Sales\",\"publisher\":{\"@id\":\"https:\/\/www.riwal.com\/hr\/#organization\"},\"potentialAction\":[{\"@type\":\"SearchAction\",\"target\":{\"@type\":\"EntryPoint\",\"urlTemplate\":\"https:\/\/www.riwal.com\/hr\/?s={search_term_string}\"},\"query-input\":{\"@type\":\"PropertyValueSpecification\",\"valueRequired\":true,\"valueName\":\"search_term_string\"}}],\"inLanguage\":\"hr\"},{\"@type\":\"Organization\",\"@id\":\"https:\/\/www.riwal.com\/hr\/#organization\",\"name\":\"Riwal\",\"url\":\"https:\/\/www.riwal.com\/hr\/\",\"logo\":{\"@type\":\"ImageObject\",\"inLanguage\":\"hr\",\"@id\":\"https:\/\/www.riwal.com\/hr\/#\/schema\/logo\/image\/\",\"url\":\"\",\"contentUrl\":\"\",\"caption\":\"Riwal\"},\"image\":{\"@id\":\"https:\/\/www.riwal.com\/hr\/#\/schema\/logo\/image\/\"}}]}<\/script>\n<!-- \/ Yoast SEO Premium plugin. -->","yoast_head_json":{"title":"JLG pauk - Riwal Hrvatska","robots":{"index":"index","follow":"follow","max-snippet":"max-snippet:-1","max-image-preview":"max-image-preview:large","max-video-preview":"max-video-preview:-1"},"canonical":"https:\/\/www.riwal.com\/hr\/kategorije-strojeva\/jlg-pauk\/","og_locale":"hr_HR","og_type":"article","og_title":"JLG pauk","og_description":"JLG pauk platforma Pauk platforma je idealna platforma za obavljanje zadataka na velikim visinama u ograni\u010denim prostorima. Sa svoje \u010detiri noge pauk platforma omogu\u0107uje izrazitu stabilnost na svakom gradili\u0161tu. Njezina mala te\u017eina \u010dini pauk platformu idealnom za rad u prostorima koji se lako mogu o\u0161tetiti, npr. kod obavljanja poslova odr\u017eavanja u zatvorenom prostoru. Ako ste &hellip; Nastavak","og_url":"https:\/\/www.riwal.com\/hr\/kategorije-strojeva\/jlg-pauk\/","og_site_name":"Riwal Hrvatska","og_image":[{"url":"https:\/\/www.riwal.com\/app\/uploads\/sites\/11\/2024\/02\/teaser-jlg-spider.webp","type":"","width":"","height":""}],"twitter_card":"summary_large_image","twitter_misc":{"Est. reading time":"4 minute"},"schema":{"@context":"https:\/\/schema.org","@graph":[{"@type":"WebPage","@id":"https:\/\/www.riwal.com\/hr\/kategorije-strojeva\/jlg-pauk\/","url":"https:\/\/www.riwal.com\/hr\/kategorije-strojeva\/jlg-pauk\/","name":"JLG pauk - Riwal Hrvatska","isPartOf":{"@id":"https:\/\/www.riwal.com\/hr\/#website"},"primaryImageOfPage":{"@id":"https:\/\/www.riwal.com\/hr\/kategorije-strojeva\/jlg-pauk\/#primaryimage"},"image":{"@id":"https:\/\/www.riwal.com\/hr\/kategorije-strojeva\/jlg-pauk\/#primaryimage"},"thumbnailUrl":"https:\/\/www.riwal.com\/app\/uploads\/sites\/11\/2024\/02\/teaser-jlg-spider.webp","datePublished":"2024-02-06T09:19:52+00:00","breadcrumb":{"@id":"https:\/\/www.riwal.com\/hr\/kategorije-strojeva\/jlg-pauk\/#breadcrumb"},"inLanguage":"hr","potentialAction":[{"@type":"ReadAction","target":["https:\/\/www.riwal.com\/hr\/kategorije-strojeva\/jlg-pauk\/"]}]},{"@type":"ImageObject","inLanguage":"hr","@id":"https:\/\/www.riwal.com\/hr\/kategorije-strojeva\/jlg-pauk\/#primaryimage","url":"https:\/\/www.riwal.com\/app\/uploads\/sites\/11\/2024\/02\/teaser-jlg-spider.webp","contentUrl":"https:\/\/www.riwal.com\/app\/uploads\/sites\/11\/2024\/02\/teaser-jlg-spider.webp"},{"@type":"BreadcrumbList","@id":"https:\/\/www.riwal.com\/hr\/kategorije-strojeva\/jlg-pauk\/#breadcrumb","itemListElement":[{"@type":"ListItem","position":1,"name":"Doma","item":"https:\/\/www.riwal.com\/hr\/"},{"@type":"ListItem","position":2,"name":"Kategorije strojeva","item":"https:\/\/www.riwal.com\/hr\/kategorije-strojeva\/"},{"@type":"ListItem","position":3,"name":"JLG pauk"}]},{"@type":"WebSite","@id":"https:\/\/www.riwal.com\/hr\/#website","url":"https:\/\/www.riwal.com\/hr\/","name":"Riwal","description":"Arial work platform &amp; Telehandler Rental\/Sales","publisher":{"@id":"https:\/\/www.riwal.com\/hr\/#organization"},"potentialAction":[{"@type":"SearchAction","target":{"@type":"EntryPoint","urlTemplate":"https:\/\/www.riwal.com\/hr\/?s={search_term_string}"},"query-input":{"@type":"PropertyValueSpecification","valueRequired":true,"valueName":"search_term_string"}}],"inLanguage":"hr"},{"@type":"Organization","@id":"https:\/\/www.riwal.com\/hr\/#organization","name":"Riwal","url":"https:\/\/www.riwal.com\/hr\/","logo":{"@type":"ImageObject","inLanguage":"hr","@id":"https:\/\/www.riwal.com\/hr\/#\/schema\/logo\/image\/","url":"","contentUrl":"","caption":"Riwal"},"image":{"@id":"https:\/\/www.riwal.com\/hr\/#\/schema\/logo\/image\/"}}]}},"_links":{"self":[{"href":"https:\/\/www.riwal.com\/hr\/wp-json\/wp\/v2\/pages\/5596","targetHints":{"allow":["GET"]}}],"collection":[{"href":"https:\/\/www.riwal.com\/hr\/wp-json\/wp\/v2\/pages"}],"about":[{"href":"https:\/\/www.riwal.com\/hr\/wp-json\/wp\/v2\/types\/page"}],"author":[{"embeddable":true,"href":"https:\/\/www.riwal.com\/hr\/wp-json\/wp\/v2\/users\/45"}],"replies":[{"embeddable":true,"href":"https:\/\/www.riwal.com\/hr\/wp-json\/wp\/v2\/comments?post=5596"}],"version-history":[{"count":1,"href":"https:\/\/www.riwal.com\/hr\/wp-json\/wp\/v2\/pages\/5596\/revisions"}],"predecessor-version":[{"id":5597,"href":"https:\/\/www.riwal.com\/hr\/wp-json\/wp\/v2\/pages\/5596\/revisions\/5597"}],"up":[{"embeddable":true,"href":"https:\/\/www.riwal.com\/hr\/wp-json\/wp\/v2\/pages\/5549"}],"wp:attachment":[{"href":"https:\/\/www.riwal.com\/hr\/wp-json\/wp\/v2\/media?parent=5596"}],"curies":[{"name":"wp","href":"https:\/\/api.w.org\/{rel}","templated":true}]}}