{"id":5594,"date":"2024-02-06T09:18:49","date_gmt":"2024-02-06T09:18:49","guid":{"rendered":"https:\/\/www.riwal.com\/hr\/?page_id=5594"},"modified":"2024-02-06T09:18:50","modified_gmt":"2024-02-06T09:18:50","slug":"jlg-vertikalna-platforma","status":"publish","type":"page","link":"https:\/\/www.riwal.com\/hr\/kategorije-strojeva\/jlg-vertikalna-platforma\/","title":{"rendered":"JLG vertikalna platforma"},"content":{"rendered":"<div class=\"container\">\n<h2 class=\"wp-block-heading\" id=\"h-jlg-vertikalna-podizna-platforma\">JLG vertikalna podizna platforma<\/h2>\n<\/div>\n\n<div class=\"rental-wp-default-block rental-theme-block-default-margin\">\n\t\t\t\t\t\t\t\t<div class=\"container\">\n<div class=\"wp-block-columns is-layout-flex wp-container-core-columns-is-layout-28f84493 wp-block-columns-is-layout-flex\">\n<div class=\"wp-block-column is-layout-flow wp-block-column-is-layout-flow\" style=\"flex-basis:66.66%\">\n<p>Ako va\u0161i zaposlenici redovito moraju dosezati ograni\u010dene ili uske prostore prilikom radova na odr\u017eavanju ili popravcima, trebate rje\u0161enja za vertikalno podizanje koja omogu\u0107uju potpuni pristup tim nedostupnim kutovima ili prolazima. U takvom slu\u010daju nu\u017eno je ulo\u017eiti u visokokvalitetnu vertikalnu podiznu platformu kako bi se zadaci uspje\u0161no obavili. S JLG vertikalnom podiznom platformom mo\u017eete biti sigurni da \u0107ete dosegnuti svaki nedostupan prostor, koliko god bio malen ili uzak. Mjesta koja su se prije \u010dinila nedostupnima, s vertikalno podiznom platformom koje proizvodi tvrtka JLG vi\u0161e ne\u0107e predstavljati izazov. \u0160iroka Riwalova ponuda JLG rje\u0161enja za vertikalno podizanje omogu\u0107it \u0107e vam nabavu pravog tipa platforme. Ako nemate potrebu svakodnevno koristiti ovakvu opremu, mo\u017eete se odlu\u010diti i za najam JLG vertikalno podizne platforme u Riwalu. S vi\u0161e od 50 godina iskustva u sigurnom i u\u010dinkovitom radu na visinama, kvalificirani smo i rado \u0107emo vas informirati o mogu\u0107nostima kupnje ili najma JLG vertikalno podizne platforme.<\/p>\n\n\n\n<h2 class=\"wp-block-heading\"><strong>Prednosti kori\u0161tenja JLG vertikalno podizne platforme<\/strong><\/h2>\n\n\n\n<p>Kad radite s vertikalno podiznom platformom, odmah \u0107ete uo\u010diti brojne prednosti te vrste strojeva. Prva, prili\u010dno va\u017ena prednost je njihova mobilnost. Ovim platformama lako se upravlja, pogotovo ako se odlu\u010dite kupiti ili unajmiti manji model. Kad morate dosezati mjesta iznad sebe, uo\u010dit \u0107ete da vas JLG vertikalna podizna platforma mo\u017ee dovesti to\u010dno do \u017eeljene visine, a pritom ne\u0107e zauzeti previ\u0161e prostora. Osim toga, va\u0161a JLG vertikalna podizna platforma mo\u017ee se koristiti i&nbsp; bo\u010dno. Ma kako te\u0161ko dostupno bilo mjesto koje morate dosegnuti, JLG vertikalna podizna platforma sigurno \u0107e vam omogu\u0107iti lak pristup.<br><\/p>\n\n\n\n<h2 class=\"wp-block-heading\"><strong>Izbor va\u0161e JLG vertikalne podizne platforme<\/strong><\/h2>\n\n\n\n<p>Bilo da se odlu\u010dite za kupnju ili najam JLG vertikalne podizne platforme, jasno nam je da \u017eelite odabrati pravu platformu. Zato je va\u017eno prou\u010diti razne vrste vertikalnih podiznih platformi koje JLG nudi. Prva je razlika ona izme\u0111u vertikalnih podiznih platformi bez vlastitog pogona i vertikalnih podiznih platformi s vlastitim pogonom. Nije vam te\u0161ko pomicati platformu s jednog mjesta na drugo? Onda je vertikalna podizna platforma bez vlastitog pogona pravi izbor za va\u0161e gradili\u0161te. Ako tra\u017eite podiznu platformu koja \u0107e vam omogu\u0107iti najvi\u0161i komfor, samohodna vertikalno podizna platforma je izbor za vas. Sljede\u0107i va\u017ean faktor je visina koju obi\u010dno trebate dosegnuti. Na temelju ovih informacija donijet \u0107ete pravu odluku.<br><\/p>\n\n\n\n<h2 class=\"wp-block-heading\"><strong>Rabljena ili nova? JLG platforme za prodaju<\/strong><\/h2>\n\n\n\n<p>Kad odlu\u010dite kupiti JLG vertikalnu podiznu platformu, mo\u017eete birati izme\u0111u rabljene i nove. Bez obzira na va\u0161e \u017eelje i potrebe, odluka o kupnji vertikalne podizne platforme va\u017ena je, strate\u0161ka i velika odluka za svaku tvrtku. Kao svjetski lider na podru\u010dju mehanizacije za pristup te\u0161ko dostupnim mjestima, Riwal \u0107e vas rado savjetovati kako biste donijeli pravu odluku. S na\u0161im bogatim iskustvom u najmu i prodaji vertikalnih podiznih platformi, znamo koja je vertikalna podizna platforma prava za vas i za\u0161to je kupnja nove platforme rje\u0161enje za va\u0161u tvrtku. Ovisno o tome koliko je koristite, mo\u017eda je dovoljno da kupite rabljenu. Ako ne planirate svakodnevno koristiti svoju vertikalnu podiznu platformu, mo\u017eete se odlu\u010diti i za najam. Kao va\u0161 JLG partner za najam podiznih platformi, Riwal \u0107e vam ponuditi to\u010dno onu vrstu koja vam odgovara.<br><\/p>\n\n\n\n<h3 class=\"wp-block-heading\"><strong>Riwal za va\u0161u JLG vertikalnu podiznu platformu<\/strong><\/h3>\n\n\n\n<p>Bilo da se odlu\u010dite za najam ili kupnju JLG vertikalne podizne platforme, \u010dim je po\u010dnete koristiti, znat \u0107ete da ste donijeli pravu odluku. JLG je vode\u0107i svjetski konstruktor i proizvo\u0111a\u010d &nbsp;mehanizacije za pristup te\u0161ko dostupnim mjestima za rad i zato uvijek uspijeva proizvesti sna\u017ene i okretne vertikalne podizne platforme koje se lako koriste i pouzdano obave zadatak. S Riwalom kao JLG partnerom za najam sigurno \u0107ete dobiti JLG vertikalnu podiznu platformu koja je to\u010dno ono \u0161to trebate za svoj posao.<\/p>\n<\/div>\n\n\n\n<div class=\"wp-block-column is-layout-flow wp-block-column-is-layout-flow\" style=\"flex-basis:33.33%\">\n<figure class=\"wp-block-image size-full\"><img loading=\"lazy\" decoding=\"async\" width=\"450\" height=\"230\" src=\"https:\/\/eqsk4m2dkju.exactdn.com\/app\/uploads\/sites\/11\/2024\/02\/jlg-teaser-man-lift.webp?strip=all&quality=92&webp=92&avif=80&sharp=1\" alt=\"\" class=\"wp-image-5568\" srcset=\"https:\/\/eqsk4m2dkju.exactdn.com\/app\/uploads\/sites\/11\/2024\/02\/jlg-teaser-man-lift.webp?strip=all&amp;quality=92&amp;webp=92&amp;avif=80&amp;sharp=1 450w, https:\/\/eqsk4m2dkju.exactdn.com\/app\/uploads\/sites\/11\/2024\/02\/jlg-teaser-man-lift-300x153.webp?strip=all&amp;quality=92&amp;webp=92&amp;avif=80&amp;sharp=1 300w, https:\/\/eqsk4m2dkju.exactdn.com\/app\/uploads\/sites\/11\/2024\/02\/jlg-teaser-man-lift-178x91.webp?strip=all&amp;quality=92&amp;webp=92&amp;avif=80&amp;sharp=1 178w, https:\/\/eqsk4m2dkju.exactdn.com\/app\/uploads\/sites\/11\/2024\/02\/jlg-teaser-man-lift-390x199.webp?strip=all&amp;quality=92&amp;webp=92&amp;avif=80&amp;sharp=1 390w, https:\/\/eqsk4m2dkju.exactdn.com\/app\/uploads\/sites\/11\/2024\/02\/jlg-teaser-man-lift-250x128.webp?strip=all&amp;quality=92&amp;webp=92&amp;avif=80&amp;sharp=1 250w, https:\/\/eqsk4m2dkju.exactdn.com\/app\/uploads\/sites\/11\/2024\/02\/jlg-teaser-man-lift-237x121.webp?strip=all&amp;quality=92&amp;webp=92&amp;avif=80&amp;sharp=1 237w, https:\/\/eqsk4m2dkju.exactdn.com\/app\/uploads\/sites\/11\/2024\/02\/jlg-teaser-man-lift.webp?strip=all&amp;quality=92&amp;webp=92&amp;avif=80&amp;sharp=1&amp;w=90 90w\" sizes=\"auto, (max-width: 450px) 100vw, 450px\" \/><\/figure>\n\n\n\n<figure class=\"wp-block-image size-full\"><img loading=\"lazy\" decoding=\"async\" width=\"800\" height=\"609\" src=\"https:\/\/eqsk4m2dkju.exactdn.com\/app\/uploads\/sites\/11\/2024\/02\/Josip1_web.webp?strip=all&quality=92&webp=92&avif=80&sharp=1\" alt=\"\" class=\"wp-image-5552\" srcset=\"https:\/\/eqsk4m2dkju.exactdn.com\/app\/uploads\/sites\/11\/2024\/02\/Josip1_web.webp?strip=all&amp;quality=92&amp;webp=92&amp;avif=80&amp;sharp=1 800w, https:\/\/eqsk4m2dkju.exactdn.com\/app\/uploads\/sites\/11\/2024\/02\/Josip1_web-300x228.webp?strip=all&amp;quality=92&amp;webp=92&amp;avif=80&amp;sharp=1 300w, https:\/\/eqsk4m2dkju.exactdn.com\/app\/uploads\/sites\/11\/2024\/02\/Josip1_web-768x585.webp?strip=all&amp;quality=92&amp;webp=92&amp;avif=80&amp;sharp=1 768w, https:\/\/eqsk4m2dkju.exactdn.com\/app\/uploads\/sites\/11\/2024\/02\/Josip1_web-178x136.webp?strip=all&amp;quality=92&amp;webp=92&amp;avif=80&amp;sharp=1 178w, https:\/\/eqsk4m2dkju.exactdn.com\/app\/uploads\/sites\/11\/2024\/02\/Josip1_web-390x297.webp?strip=all&amp;quality=92&amp;webp=92&amp;avif=80&amp;sharp=1 390w, https:\/\/eqsk4m2dkju.exactdn.com\/app\/uploads\/sites\/11\/2024\/02\/Josip1_web-250x190.webp?strip=all&amp;quality=92&amp;webp=92&amp;avif=80&amp;sharp=1 250w, https:\/\/eqsk4m2dkju.exactdn.com\/app\/uploads\/sites\/11\/2024\/02\/Josip1_web-620x472.webp?strip=all&amp;quality=92&amp;webp=92&amp;avif=80&amp;sharp=1 620w, https:\/\/eqsk4m2dkju.exactdn.com\/app\/uploads\/sites\/11\/2024\/02\/Josip1_web-237x180.webp?strip=all&amp;quality=92&amp;webp=92&amp;avif=80&amp;sharp=1 237w, https:\/\/eqsk4m2dkju.exactdn.com\/app\/uploads\/sites\/11\/2024\/02\/Josip1_web-474x361.webp?strip=all&amp;quality=92&amp;webp=92&amp;avif=80&amp;sharp=1 474w\" sizes=\"auto, (max-width: 800px) 100vw, 800px\" \/><\/figure>\n\n\n\n<p><strong>Jeste li zainteresirani?<\/strong><\/p>\n\n\n\n<p>info-hr@riwal.com<\/p>\n\n\n\n<p>Nazovite nas: 01 2763 581<\/p>\n\n\n\n<div class=\"wp-block-buttons is-layout-flex wp-block-buttons-is-layout-flex\">\n<div class=\"wp-block-button\"><a class=\"wp-block-button__link wp-element-button\" href=\"https:\/\/www.riwal.com\/hr\/najam\/\">Prona\u0111ite strojeve za najam<\/a><\/div>\n<\/div>\n\n\n\n<div class=\"wp-block-buttons is-layout-flex wp-block-buttons-is-layout-flex\">\n<div class=\"wp-block-button\"><a class=\"wp-block-button__link wp-element-button\" href=\"https:\/\/www.riwal.com\/hr\/prodaja\/rabljeni-strojevi\/\">Prona\u0111ite rabljene strojeve za prodaju<\/a><\/div>\n<\/div>\n\n\n\n<div class=\"wp-block-columns is-layout-flex wp-container-core-columns-is-layout-28f84493 wp-block-columns-is-layout-flex\">\n<div class=\"wp-block-column is-layout-flow wp-block-column-is-layout-flow\"><\/div>\n\n\n\n<div class=\"wp-block-column is-layout-flow wp-block-column-is-layout-flow\"><\/div>\n<\/div>\n<\/div>\n<\/div>\n<\/div>\n\t\t\t\t\t\t\t<\/div> ","protected":false},"excerpt":{"rendered":"<p>JLG vertikalna podizna platforma Ako va\u0161i zaposlenici redovito moraju dosezati ograni\u010dene ili uske prostore prilikom radova na odr\u017eavanju ili popravcima, trebate rje\u0161enja za vertikalno podizanje koja omogu\u0107uju potpuni pristup tim nedostupnim kutovima ili prolazima. U takvom slu\u010daju nu\u017eno je ulo\u017eiti u visokokvalitetnu vertikalnu podiznu platformu kako bi se zadaci uspje\u0161no obavili. S JLG vertikalnom podiznom &hellip; <a href=\"https:\/\/www.riwal.com\/hr\/kategorije-strojeva\/jlg-vertikalna-platforma\/\">Nastavak<\/a><\/p>\n","protected":false},"author":45,"featured_media":0,"parent":5549,"menu_order":0,"comment_status":"closed","ping_status":"closed","template":"","meta":{"_acf_changed":false,"footnotes":""},"class_list":["post-5594","page","type-page","status-publish","hentry"],"acf":[],"yoast_head":"<!-- This site is optimized with the Yoast SEO Premium plugin v27.1 (Yoast SEO v27.1.1) - https:\/\/yoast.com\/product\/yoast-seo-premium-wordpress\/ -->\n<title>JLG vertikalna platforma - Riwal Hrvatska<\/title>\n<meta name=\"robots\" content=\"index, follow, max-snippet:-1, max-image-preview:large, max-video-preview:-1\" \/>\n<link rel=\"canonical\" href=\"https:\/\/www.riwal.com\/hr\/kategorije-strojeva\/jlg-vertikalna-platforma\/\" \/>\n<meta property=\"og:locale\" content=\"hr_HR\" \/>\n<meta property=\"og:type\" content=\"article\" \/>\n<meta property=\"og:title\" content=\"JLG vertikalna platforma\" \/>\n<meta property=\"og:description\" content=\"JLG vertikalna podizna platforma Ako va\u0161i zaposlenici redovito moraju dosezati ograni\u010dene ili uske prostore prilikom radova na odr\u017eavanju ili popravcima, trebate rje\u0161enja za vertikalno podizanje koja omogu\u0107uju potpuni pristup tim nedostupnim kutovima ili prolazima. U takvom slu\u010daju nu\u017eno je ulo\u017eiti u visokokvalitetnu vertikalnu podiznu platformu kako bi se zadaci uspje\u0161no obavili. S JLG vertikalnom podiznom &hellip; Nastavak\" \/>\n<meta property=\"og:url\" content=\"https:\/\/www.riwal.com\/hr\/kategorije-strojeva\/jlg-vertikalna-platforma\/\" \/>\n<meta property=\"og:site_name\" content=\"Riwal Hrvatska\" \/>\n<meta property=\"article:modified_time\" content=\"2024-02-06T09:18:50+00:00\" \/>\n<meta property=\"og:image\" content=\"https:\/\/www.riwal.com\/app\/uploads\/sites\/11\/2024\/02\/jlg-teaser-man-lift.webp\" \/>\n<meta name=\"twitter:card\" content=\"summary_large_image\" \/>\n<meta name=\"twitter:label1\" content=\"Est. reading time\" \/>\n\t<meta name=\"twitter:data1\" content=\"4 minute\" \/>\n<script type=\"application\/ld+json\" class=\"yoast-schema-graph\">{\"@context\":\"https:\/\/schema.org\",\"@graph\":[{\"@type\":\"WebPage\",\"@id\":\"https:\/\/www.riwal.com\/hr\/kategorije-strojeva\/jlg-vertikalna-platforma\/\",\"url\":\"https:\/\/www.riwal.com\/hr\/kategorije-strojeva\/jlg-vertikalna-platforma\/\",\"name\":\"JLG vertikalna platforma - Riwal Hrvatska\",\"isPartOf\":{\"@id\":\"https:\/\/www.riwal.com\/hr\/#website\"},\"primaryImageOfPage\":{\"@id\":\"https:\/\/www.riwal.com\/hr\/kategorije-strojeva\/jlg-vertikalna-platforma\/#primaryimage\"},\"image\":{\"@id\":\"https:\/\/www.riwal.com\/hr\/kategorije-strojeva\/jlg-vertikalna-platforma\/#primaryimage\"},\"thumbnailUrl\":\"https:\/\/www.riwal.com\/app\/uploads\/sites\/11\/2024\/02\/jlg-teaser-man-lift.webp\",\"datePublished\":\"2024-02-06T09:18:49+00:00\",\"dateModified\":\"2024-02-06T09:18:50+00:00\",\"breadcrumb\":{\"@id\":\"https:\/\/www.riwal.com\/hr\/kategorije-strojeva\/jlg-vertikalna-platforma\/#breadcrumb\"},\"inLanguage\":\"hr\",\"potentialAction\":[{\"@type\":\"ReadAction\",\"target\":[\"https:\/\/www.riwal.com\/hr\/kategorije-strojeva\/jlg-vertikalna-platforma\/\"]}]},{\"@type\":\"ImageObject\",\"inLanguage\":\"hr\",\"@id\":\"https:\/\/www.riwal.com\/hr\/kategorije-strojeva\/jlg-vertikalna-platforma\/#primaryimage\",\"url\":\"https:\/\/www.riwal.com\/app\/uploads\/sites\/11\/2024\/02\/jlg-teaser-man-lift.webp\",\"contentUrl\":\"https:\/\/www.riwal.com\/app\/uploads\/sites\/11\/2024\/02\/jlg-teaser-man-lift.webp\"},{\"@type\":\"BreadcrumbList\",\"@id\":\"https:\/\/www.riwal.com\/hr\/kategorije-strojeva\/jlg-vertikalna-platforma\/#breadcrumb\",\"itemListElement\":[{\"@type\":\"ListItem\",\"position\":1,\"name\":\"Doma\",\"item\":\"https:\/\/www.riwal.com\/hr\/\"},{\"@type\":\"ListItem\",\"position\":2,\"name\":\"Kategorije strojeva\",\"item\":\"https:\/\/www.riwal.com\/hr\/kategorije-strojeva\/\"},{\"@type\":\"ListItem\",\"position\":3,\"name\":\"JLG vertikalna platforma\"}]},{\"@type\":\"WebSite\",\"@id\":\"https:\/\/www.riwal.com\/hr\/#website\",\"url\":\"https:\/\/www.riwal.com\/hr\/\",\"name\":\"Riwal\",\"description\":\"Arial work platform &amp; Telehandler Rental\/Sales\",\"publisher\":{\"@id\":\"https:\/\/www.riwal.com\/hr\/#organization\"},\"potentialAction\":[{\"@type\":\"SearchAction\",\"target\":{\"@type\":\"EntryPoint\",\"urlTemplate\":\"https:\/\/www.riwal.com\/hr\/?s={search_term_string}\"},\"query-input\":{\"@type\":\"PropertyValueSpecification\",\"valueRequired\":true,\"valueName\":\"search_term_string\"}}],\"inLanguage\":\"hr\"},{\"@type\":\"Organization\",\"@id\":\"https:\/\/www.riwal.com\/hr\/#organization\",\"name\":\"Riwal\",\"url\":\"https:\/\/www.riwal.com\/hr\/\",\"logo\":{\"@type\":\"ImageObject\",\"inLanguage\":\"hr\",\"@id\":\"https:\/\/www.riwal.com\/hr\/#\/schema\/logo\/image\/\",\"url\":\"\",\"contentUrl\":\"\",\"caption\":\"Riwal\"},\"image\":{\"@id\":\"https:\/\/www.riwal.com\/hr\/#\/schema\/logo\/image\/\"}}]}<\/script>\n<!-- \/ Yoast SEO Premium plugin. -->","yoast_head_json":{"title":"JLG vertikalna platforma - Riwal Hrvatska","robots":{"index":"index","follow":"follow","max-snippet":"max-snippet:-1","max-image-preview":"max-image-preview:large","max-video-preview":"max-video-preview:-1"},"canonical":"https:\/\/www.riwal.com\/hr\/kategorije-strojeva\/jlg-vertikalna-platforma\/","og_locale":"hr_HR","og_type":"article","og_title":"JLG vertikalna platforma","og_description":"JLG vertikalna podizna platforma Ako va\u0161i zaposlenici redovito moraju dosezati ograni\u010dene ili uske prostore prilikom radova na odr\u017eavanju ili popravcima, trebate rje\u0161enja za vertikalno podizanje koja omogu\u0107uju potpuni pristup tim nedostupnim kutovima ili prolazima. U takvom slu\u010daju nu\u017eno je ulo\u017eiti u visokokvalitetnu vertikalnu podiznu platformu kako bi se zadaci uspje\u0161no obavili. S JLG vertikalnom podiznom &hellip; Nastavak","og_url":"https:\/\/www.riwal.com\/hr\/kategorije-strojeva\/jlg-vertikalna-platforma\/","og_site_name":"Riwal Hrvatska","article_modified_time":"2024-02-06T09:18:50+00:00","og_image":[{"url":"https:\/\/www.riwal.com\/app\/uploads\/sites\/11\/2024\/02\/jlg-teaser-man-lift.webp","type":"","width":"","height":""}],"twitter_card":"summary_large_image","twitter_misc":{"Est. reading time":"4 minute"},"schema":{"@context":"https:\/\/schema.org","@graph":[{"@type":"WebPage","@id":"https:\/\/www.riwal.com\/hr\/kategorije-strojeva\/jlg-vertikalna-platforma\/","url":"https:\/\/www.riwal.com\/hr\/kategorije-strojeva\/jlg-vertikalna-platforma\/","name":"JLG vertikalna platforma - Riwal Hrvatska","isPartOf":{"@id":"https:\/\/www.riwal.com\/hr\/#website"},"primaryImageOfPage":{"@id":"https:\/\/www.riwal.com\/hr\/kategorije-strojeva\/jlg-vertikalna-platforma\/#primaryimage"},"image":{"@id":"https:\/\/www.riwal.com\/hr\/kategorije-strojeva\/jlg-vertikalna-platforma\/#primaryimage"},"thumbnailUrl":"https:\/\/www.riwal.com\/app\/uploads\/sites\/11\/2024\/02\/jlg-teaser-man-lift.webp","datePublished":"2024-02-06T09:18:49+00:00","dateModified":"2024-02-06T09:18:50+00:00","breadcrumb":{"@id":"https:\/\/www.riwal.com\/hr\/kategorije-strojeva\/jlg-vertikalna-platforma\/#breadcrumb"},"inLanguage":"hr","potentialAction":[{"@type":"ReadAction","target":["https:\/\/www.riwal.com\/hr\/kategorije-strojeva\/jlg-vertikalna-platforma\/"]}]},{"@type":"ImageObject","inLanguage":"hr","@id":"https:\/\/www.riwal.com\/hr\/kategorije-strojeva\/jlg-vertikalna-platforma\/#primaryimage","url":"https:\/\/www.riwal.com\/app\/uploads\/sites\/11\/2024\/02\/jlg-teaser-man-lift.webp","contentUrl":"https:\/\/www.riwal.com\/app\/uploads\/sites\/11\/2024\/02\/jlg-teaser-man-lift.webp"},{"@type":"BreadcrumbList","@id":"https:\/\/www.riwal.com\/hr\/kategorije-strojeva\/jlg-vertikalna-platforma\/#breadcrumb","itemListElement":[{"@type":"ListItem","position":1,"name":"Doma","item":"https:\/\/www.riwal.com\/hr\/"},{"@type":"ListItem","position":2,"name":"Kategorije strojeva","item":"https:\/\/www.riwal.com\/hr\/kategorije-strojeva\/"},{"@type":"ListItem","position":3,"name":"JLG vertikalna platforma"}]},{"@type":"WebSite","@id":"https:\/\/www.riwal.com\/hr\/#website","url":"https:\/\/www.riwal.com\/hr\/","name":"Riwal","description":"Arial work platform &amp; Telehandler Rental\/Sales","publisher":{"@id":"https:\/\/www.riwal.com\/hr\/#organization"},"potentialAction":[{"@type":"SearchAction","target":{"@type":"EntryPoint","urlTemplate":"https:\/\/www.riwal.com\/hr\/?s={search_term_string}"},"query-input":{"@type":"PropertyValueSpecification","valueRequired":true,"valueName":"search_term_string"}}],"inLanguage":"hr"},{"@type":"Organization","@id":"https:\/\/www.riwal.com\/hr\/#organization","name":"Riwal","url":"https:\/\/www.riwal.com\/hr\/","logo":{"@type":"ImageObject","inLanguage":"hr","@id":"https:\/\/www.riwal.com\/hr\/#\/schema\/logo\/image\/","url":"","contentUrl":"","caption":"Riwal"},"image":{"@id":"https:\/\/www.riwal.com\/hr\/#\/schema\/logo\/image\/"}}]}},"_links":{"self":[{"href":"https:\/\/www.riwal.com\/hr\/wp-json\/wp\/v2\/pages\/5594","targetHints":{"allow":["GET"]}}],"collection":[{"href":"https:\/\/www.riwal.com\/hr\/wp-json\/wp\/v2\/pages"}],"about":[{"href":"https:\/\/www.riwal.com\/hr\/wp-json\/wp\/v2\/types\/page"}],"author":[{"embeddable":true,"href":"https:\/\/www.riwal.com\/hr\/wp-json\/wp\/v2\/users\/45"}],"replies":[{"embeddable":true,"href":"https:\/\/www.riwal.com\/hr\/wp-json\/wp\/v2\/comments?post=5594"}],"version-history":[{"count":1,"href":"https:\/\/www.riwal.com\/hr\/wp-json\/wp\/v2\/pages\/5594\/revisions"}],"predecessor-version":[{"id":5595,"href":"https:\/\/www.riwal.com\/hr\/wp-json\/wp\/v2\/pages\/5594\/revisions\/5595"}],"up":[{"embeddable":true,"href":"https:\/\/www.riwal.com\/hr\/wp-json\/wp\/v2\/pages\/5549"}],"wp:attachment":[{"href":"https:\/\/www.riwal.com\/hr\/wp-json\/wp\/v2\/media?parent=5594"}],"curies":[{"name":"wp","href":"https:\/\/api.w.org\/{rel}","templated":true}]}}