{"id":5592,"date":"2024-02-06T09:17:52","date_gmt":"2024-02-06T09:17:52","guid":{"rendered":"https:\/\/www.riwal.com\/hr\/?page_id=5592"},"modified":"2024-02-06T09:17:52","modified_gmt":"2024-02-06T09:17:52","slug":"skarasta-platforma-genie","status":"publish","type":"page","link":"https:\/\/www.riwal.com\/hr\/kategorije-strojeva\/skarasta-platforma-genie\/","title":{"rendered":"\u0160karasta platforma Genie"},"content":{"rendered":"<div class=\"container\">\n<h2 class=\"wp-block-heading\" id=\"h-genie-skarasta-podizna-platforma\">Genie \u0161karasta podizna platforma<\/h2>\n<\/div>\n\n<div class=\"rental-wp-default-block rental-theme-block-default-margin\">\n\t\t\t\t\t\t\t\t<div class=\"container\">\n<div class=\"wp-block-columns is-layout-flex wp-container-core-columns-is-layout-28f84493 wp-block-columns-is-layout-flex\">\n<div class=\"wp-block-column is-layout-flow wp-block-column-is-layout-flow\" style=\"flex-basis:66.66%\">\n<p>Trebate raditi na visini, ali nemate pravu opremu da podignete sebe i materijal do mjesta gdje morate obaviti posao? Zbog velike radne povr\u0161ine \u0161karasta podizna platforma je pravi komad mehanizacije za va\u0161u djelatnost, posao ili projekt. Pazite da izaberete opremu vrhunske kvalitete kad unajmljujete ili kupujete Genie \u0161karastu podiznu platformu. Kao proizvod vode\u0107eg proizvo\u0111a\u010da i konstruktora rje\u0161enja za rad na visini, Genie \u0161karasta podizna platforma podignut \u0107e sve osobe i sve stvari na svaku visinu. U Riwalu \u0107ete na\u0107i \u0161irok izbor Genie mehanizacije &nbsp;za najam, kao i brojna Genie rje\u0161enja za rad na visini za prodaju. Va\u0161a Genie \u0161karasta podizna platforma s Riwalom vam je nadohvat ruke.<\/p>\n\n\n\n<h2 class=\"wp-block-heading\"><strong>\u0160to radi Genie \u0161karasta podizna platforma?<\/strong><\/h2>\n\n\n\n<p>Od svih platformi za rad na visini \u0161karasta podizna platforma va\u0161im zaposlenicima pru\u017ea najvi\u0161e prostora za rad na visini. Zbog \u0161iroke platforme te \u010dvrste i robusne baze &nbsp;Genie \u0161karasta podizna platforma osigurava prostor za kretanje kao i vrhunsku sigurnost. Ali koja je Genie \u0161karasta podizna platforma pravi izbor za vas? U Riwalu vam je na izbor \u0161irok izbor raznolikih podiznih platformi. Dra\u017ee su vam dizelske podizne platforme ili vam je ugodniji elektri\u010dni pogon? Oboje je primjereno za rad na velikim visinama. Ipak, podizne platforme na dizelski pogon primjerenije su &nbsp;za radove na otvorenom, dok se elektri\u010dna \u0161karasta podizna platforma mo\u017ee koristiti na otvorenom i u zatvorenim prostorima. Kad radite na te\u0161kim terenima, trebate transportirati te\u0161ku opremu ili trebate raditi na razli\u010ditim povr\u0161inama, dizel je pravi izbor.<\/p>\n\n\n\n<h2 class=\"wp-block-heading\"><strong>Najam Genie podiznih platformi<\/strong><\/h2>\n\n\n\n<p>Riwal&nbsp; je poznat po svojoj \u0161irokoj ponudi mehanizacije za najam, koja uklju\u010duje razli\u010dite tipove Genie podizne opreme. Na\u0161a \u0161iroka paleta Genie \u0161karastih podiznih platformi jam\u010di vam da \u0107ete na\u0107i pravu podiznu platformu za svoj projekt ili djelatnost, koja zadovoljava sve &nbsp;va\u0161e zahtjeve. Na\u0161i stru\u010dnjaci uvijek su spremni obavijestiti vas o razli\u010ditim mogu\u0107nostima koje na\u0161e razli\u010dite podizne platforme mogu ponuditi. Kontaktirajte nas za vi\u0161e informacija.<\/p>\n\n\n\n<h2 class=\"wp-block-heading\"><strong>Genie podizne platforme za prodaju<\/strong><\/h2>\n\n\n\n<p>Mo\u017eete se tako\u0111er odlu\u010diti investirati u vlastitu vrhunsku Genie \u0161karastu podiznu platformu. To \u0107e vam omogu\u0107iti da u\u017eivate u svim tehnikama za unaprje\u0111ivanje produktivnosti koje vam Genie svakodnevno pru\u017ea . Dopustite da vas na\u0161 tim stru\u010dnjaka savjetuje u prodaji. Oni \u0107e znati&nbsp; koji to\u010dno tip Genie \u0161karaste podizne platforme najbolje odgovara va\u0161oj djelatnosti ili specifi\u010dnom zadatku koji njome planirate obaviti. Bilo da ste se odlu\u010dili za novu ili rabljenu podiznu platformu, jam\u010dimo vam da \u0107ete dobiti pravu Genie podiznu platformu iz na\u0161eg prodajnog asortimana za va\u0161 projekt ili djelatnost. Samo razmislite o savjetima na\u0161ih stru\u010dnjaka i donesite vlastitu, informiranu odluku.<\/p>\n\n\n\n<h3 class=\"wp-block-heading\"><strong>Prona\u0111ite svoju Genie \u0161karastu podiznu platformu u Riwalu<\/strong><\/h3>\n\n\n\n<p>Trebate vlastiti \u0161karastu podiznu platformu ili tra\u017eite pouzdanog partnera za najam Genie mehanizacije, kod kojeg biste nabavili Genie \u0161karastu podiznu platformu na odre\u0111eno vrijeme? Riwal je tu za vas sa savjetima stru\u010dnjaka, vrhunskom uslugom i naj\u0161irim izborom rje\u0161enja za radove na visini. Uvijek opskrbljujemo svoje klijente najboljom &nbsp;opremom, bez obzira na to koji stroj unajmljujete ili kupujete kod nas. Tako\u0111er vam mo\u017eemo prilagoditi \u0161karastu podiznu platformu da bi odgovarala va\u0161im specifi\u010dnim zahtjevima. Kontaktirajte na\u0161 tim stru\u010dnjaka za vi\u0161e informacija i prona\u0111ite ba\u0161 pravu Genie \u0161karastu podiznu platformu za va\u0161u djelatnost ili projekt.<\/p>\n<\/div>\n\n\n\n<div class=\"wp-block-column is-layout-flow wp-block-column-is-layout-flow\" style=\"flex-basis:33.33%\">\n<figure class=\"wp-block-image size-full\"><img loading=\"lazy\" decoding=\"async\" width=\"1000\" height=\"750\" src=\"https:\/\/eqsk4m2dkju.exactdn.com\/app\/uploads\/sites\/11\/2024\/02\/Genie-GS5390RT.jpeg?strip=all&quality=92&webp=92&avif=80&sharp=1\" alt=\"Genie-GS5390RT.jpeg\" class=\"wp-image-5532\" srcset=\"https:\/\/eqsk4m2dkju.exactdn.com\/app\/uploads\/sites\/11\/2024\/02\/Genie-GS5390RT.jpeg?strip=all&amp;quality=92&amp;webp=92&amp;avif=80&amp;sharp=1 1000w, https:\/\/eqsk4m2dkju.exactdn.com\/app\/uploads\/sites\/11\/2024\/02\/Genie-GS5390RT-300x225.jpeg?strip=all&amp;quality=92&amp;webp=92&amp;avif=80&amp;sharp=1 300w, https:\/\/eqsk4m2dkju.exactdn.com\/app\/uploads\/sites\/11\/2024\/02\/Genie-GS5390RT-768x576.jpeg?strip=all&amp;quality=92&amp;webp=92&amp;avif=80&amp;sharp=1 768w, https:\/\/eqsk4m2dkju.exactdn.com\/app\/uploads\/sites\/11\/2024\/02\/Genie-GS5390RT-178x134.jpeg?strip=all&amp;quality=92&amp;webp=92&amp;avif=80&amp;sharp=1 178w, https:\/\/eqsk4m2dkju.exactdn.com\/app\/uploads\/sites\/11\/2024\/02\/Genie-GS5390RT-390x293.jpeg?strip=all&amp;quality=92&amp;webp=92&amp;avif=80&amp;sharp=1 390w, https:\/\/eqsk4m2dkju.exactdn.com\/app\/uploads\/sites\/11\/2024\/02\/Genie-GS5390RT-830x623.jpeg?strip=all&amp;quality=92&amp;webp=92&amp;avif=80&amp;sharp=1 830w, https:\/\/eqsk4m2dkju.exactdn.com\/app\/uploads\/sites\/11\/2024\/02\/Genie-GS5390RT-250x188.jpeg?strip=all&amp;quality=92&amp;webp=92&amp;avif=80&amp;sharp=1 250w, https:\/\/eqsk4m2dkju.exactdn.com\/app\/uploads\/sites\/11\/2024\/02\/Genie-GS5390RT-620x465.jpeg?strip=all&amp;quality=92&amp;webp=92&amp;avif=80&amp;sharp=1 620w, https:\/\/eqsk4m2dkju.exactdn.com\/app\/uploads\/sites\/11\/2024\/02\/Genie-GS5390RT-237x178.jpeg?strip=all&amp;quality=92&amp;webp=92&amp;avif=80&amp;sharp=1 237w, https:\/\/eqsk4m2dkju.exactdn.com\/app\/uploads\/sites\/11\/2024\/02\/Genie-GS5390RT-474x356.jpeg?strip=all&amp;quality=92&amp;webp=92&amp;avif=80&amp;sharp=1 474w\" sizes=\"auto, (max-width: 1000px) 100vw, 1000px\" \/><\/figure>\n\n\n\n<figure class=\"wp-block-image size-full\"><img loading=\"lazy\" decoding=\"async\" width=\"800\" height=\"609\" src=\"https:\/\/eqsk4m2dkju.exactdn.com\/app\/uploads\/sites\/11\/2024\/02\/Josip1_web.webp?strip=all&quality=92&webp=92&avif=80&sharp=1\" alt=\"\" class=\"wp-image-5552\" srcset=\"https:\/\/eqsk4m2dkju.exactdn.com\/app\/uploads\/sites\/11\/2024\/02\/Josip1_web.webp?strip=all&amp;quality=92&amp;webp=92&amp;avif=80&amp;sharp=1 800w, https:\/\/eqsk4m2dkju.exactdn.com\/app\/uploads\/sites\/11\/2024\/02\/Josip1_web-300x228.webp?strip=all&amp;quality=92&amp;webp=92&amp;avif=80&amp;sharp=1 300w, https:\/\/eqsk4m2dkju.exactdn.com\/app\/uploads\/sites\/11\/2024\/02\/Josip1_web-768x585.webp?strip=all&amp;quality=92&amp;webp=92&amp;avif=80&amp;sharp=1 768w, https:\/\/eqsk4m2dkju.exactdn.com\/app\/uploads\/sites\/11\/2024\/02\/Josip1_web-178x136.webp?strip=all&amp;quality=92&amp;webp=92&amp;avif=80&amp;sharp=1 178w, https:\/\/eqsk4m2dkju.exactdn.com\/app\/uploads\/sites\/11\/2024\/02\/Josip1_web-390x297.webp?strip=all&amp;quality=92&amp;webp=92&amp;avif=80&amp;sharp=1 390w, https:\/\/eqsk4m2dkju.exactdn.com\/app\/uploads\/sites\/11\/2024\/02\/Josip1_web-250x190.webp?strip=all&amp;quality=92&amp;webp=92&amp;avif=80&amp;sharp=1 250w, https:\/\/eqsk4m2dkju.exactdn.com\/app\/uploads\/sites\/11\/2024\/02\/Josip1_web-620x472.webp?strip=all&amp;quality=92&amp;webp=92&amp;avif=80&amp;sharp=1 620w, https:\/\/eqsk4m2dkju.exactdn.com\/app\/uploads\/sites\/11\/2024\/02\/Josip1_web-237x180.webp?strip=all&amp;quality=92&amp;webp=92&amp;avif=80&amp;sharp=1 237w, https:\/\/eqsk4m2dkju.exactdn.com\/app\/uploads\/sites\/11\/2024\/02\/Josip1_web-474x361.webp?strip=all&amp;quality=92&amp;webp=92&amp;avif=80&amp;sharp=1 474w\" sizes=\"auto, (max-width: 800px) 100vw, 800px\" \/><\/figure>\n\n\n\n<p><strong>Jeste li zainteresirani?<\/strong><\/p>\n\n\n\n<p>info-hr@riwal.com<\/p>\n\n\n\n<p>Nazovite nas: 01 2763 581<\/p>\n\n\n\n<div class=\"wp-block-buttons is-layout-flex wp-block-buttons-is-layout-flex\">\n<div class=\"wp-block-button\"><a class=\"wp-block-button__link wp-element-button\" href=\"https:\/\/www.riwal.com\/hr\/najam\/\">Prona\u0111ite strojeve za najam<\/a><\/div>\n<\/div>\n\n\n\n<div class=\"wp-block-buttons is-layout-flex wp-block-buttons-is-layout-flex\">\n<div class=\"wp-block-button\"><a class=\"wp-block-button__link wp-element-button\" href=\"https:\/\/www.riwal.com\/hr\/prodaja\/rabljeni-strojevi\/\">Prona\u0111ite rabljene strojeve za prodaju<\/a><\/div>\n<\/div>\n\n\n\n<div class=\"wp-block-columns is-layout-flex wp-container-core-columns-is-layout-28f84493 wp-block-columns-is-layout-flex\">\n<div class=\"wp-block-column is-layout-flow wp-block-column-is-layout-flow\"><\/div>\n\n\n\n<div class=\"wp-block-column is-layout-flow wp-block-column-is-layout-flow\"><\/div>\n<\/div>\n<\/div>\n<\/div>\n<\/div>\n\t\t\t\t\t\t\t<\/div> ","protected":false},"excerpt":{"rendered":"<p>Genie \u0161karasta podizna platforma Trebate raditi na visini, ali nemate pravu opremu da podignete sebe i materijal do mjesta gdje morate obaviti posao? Zbog velike radne povr\u0161ine \u0161karasta podizna platforma je pravi komad mehanizacije za va\u0161u djelatnost, posao ili projekt. Pazite da izaberete opremu vrhunske kvalitete kad unajmljujete ili kupujete Genie \u0161karastu podiznu platformu. Kao &hellip; <a href=\"https:\/\/www.riwal.com\/hr\/kategorije-strojeva\/skarasta-platforma-genie\/\">Nastavak<\/a><\/p>\n","protected":false},"author":45,"featured_media":0,"parent":5549,"menu_order":0,"comment_status":"closed","ping_status":"closed","template":"","meta":{"_acf_changed":false,"footnotes":""},"class_list":["post-5592","page","type-page","status-publish","hentry"],"acf":[],"yoast_head":"<!-- This site is optimized with the Yoast SEO Premium plugin v27.1 (Yoast SEO v27.1.1) - https:\/\/yoast.com\/product\/yoast-seo-premium-wordpress\/ -->\n<title>\u0160karasta platforma Genie - Riwal Hrvatska<\/title>\n<meta name=\"robots\" content=\"index, follow, max-snippet:-1, max-image-preview:large, max-video-preview:-1\" \/>\n<link rel=\"canonical\" href=\"https:\/\/www.riwal.com\/hr\/kategorije-strojeva\/skarasta-platforma-genie\/\" \/>\n<meta property=\"og:locale\" content=\"hr_HR\" \/>\n<meta property=\"og:type\" content=\"article\" \/>\n<meta property=\"og:title\" content=\"\u0160karasta platforma Genie\" \/>\n<meta property=\"og:description\" content=\"Genie \u0161karasta podizna platforma Trebate raditi na visini, ali nemate pravu opremu da podignete sebe i materijal do mjesta gdje morate obaviti posao? Zbog velike radne povr\u0161ine \u0161karasta podizna platforma je pravi komad mehanizacije za va\u0161u djelatnost, posao ili projekt. Pazite da izaberete opremu vrhunske kvalitete kad unajmljujete ili kupujete Genie \u0161karastu podiznu platformu. Kao &hellip; Nastavak\" \/>\n<meta property=\"og:url\" content=\"https:\/\/www.riwal.com\/hr\/kategorije-strojeva\/skarasta-platforma-genie\/\" \/>\n<meta property=\"og:site_name\" content=\"Riwal Hrvatska\" \/>\n<meta property=\"og:image\" content=\"https:\/\/www.riwal.com\/app\/uploads\/sites\/11\/2024\/02\/Genie-GS5390RT.jpeg\" \/>\n<meta name=\"twitter:card\" content=\"summary_large_image\" \/>\n<meta name=\"twitter:label1\" content=\"Est. reading time\" \/>\n\t<meta name=\"twitter:data1\" content=\"4 minute\" \/>\n<script type=\"application\/ld+json\" class=\"yoast-schema-graph\">{\"@context\":\"https:\/\/schema.org\",\"@graph\":[{\"@type\":\"WebPage\",\"@id\":\"https:\/\/www.riwal.com\/hr\/kategorije-strojeva\/skarasta-platforma-genie\/\",\"url\":\"https:\/\/www.riwal.com\/hr\/kategorije-strojeva\/skarasta-platforma-genie\/\",\"name\":\"\u0160karasta platforma Genie - Riwal Hrvatska\",\"isPartOf\":{\"@id\":\"https:\/\/www.riwal.com\/hr\/#website\"},\"primaryImageOfPage\":{\"@id\":\"https:\/\/www.riwal.com\/hr\/kategorije-strojeva\/skarasta-platforma-genie\/#primaryimage\"},\"image\":{\"@id\":\"https:\/\/www.riwal.com\/hr\/kategorije-strojeva\/skarasta-platforma-genie\/#primaryimage\"},\"thumbnailUrl\":\"https:\/\/www.riwal.com\/app\/uploads\/sites\/11\/2024\/02\/Genie-GS5390RT.jpeg\",\"datePublished\":\"2024-02-06T09:17:52+00:00\",\"breadcrumb\":{\"@id\":\"https:\/\/www.riwal.com\/hr\/kategorije-strojeva\/skarasta-platforma-genie\/#breadcrumb\"},\"inLanguage\":\"hr\",\"potentialAction\":[{\"@type\":\"ReadAction\",\"target\":[\"https:\/\/www.riwal.com\/hr\/kategorije-strojeva\/skarasta-platforma-genie\/\"]}]},{\"@type\":\"ImageObject\",\"inLanguage\":\"hr\",\"@id\":\"https:\/\/www.riwal.com\/hr\/kategorije-strojeva\/skarasta-platforma-genie\/#primaryimage\",\"url\":\"https:\/\/www.riwal.com\/app\/uploads\/sites\/11\/2024\/02\/Genie-GS5390RT.jpeg\",\"contentUrl\":\"https:\/\/www.riwal.com\/app\/uploads\/sites\/11\/2024\/02\/Genie-GS5390RT.jpeg\"},{\"@type\":\"BreadcrumbList\",\"@id\":\"https:\/\/www.riwal.com\/hr\/kategorije-strojeva\/skarasta-platforma-genie\/#breadcrumb\",\"itemListElement\":[{\"@type\":\"ListItem\",\"position\":1,\"name\":\"Doma\",\"item\":\"https:\/\/www.riwal.com\/hr\/\"},{\"@type\":\"ListItem\",\"position\":2,\"name\":\"Kategorije strojeva\",\"item\":\"https:\/\/www.riwal.com\/hr\/kategorije-strojeva\/\"},{\"@type\":\"ListItem\",\"position\":3,\"name\":\"\u0160karasta platforma Genie\"}]},{\"@type\":\"WebSite\",\"@id\":\"https:\/\/www.riwal.com\/hr\/#website\",\"url\":\"https:\/\/www.riwal.com\/hr\/\",\"name\":\"Riwal\",\"description\":\"Arial work platform &amp; Telehandler Rental\/Sales\",\"publisher\":{\"@id\":\"https:\/\/www.riwal.com\/hr\/#organization\"},\"potentialAction\":[{\"@type\":\"SearchAction\",\"target\":{\"@type\":\"EntryPoint\",\"urlTemplate\":\"https:\/\/www.riwal.com\/hr\/?s={search_term_string}\"},\"query-input\":{\"@type\":\"PropertyValueSpecification\",\"valueRequired\":true,\"valueName\":\"search_term_string\"}}],\"inLanguage\":\"hr\"},{\"@type\":\"Organization\",\"@id\":\"https:\/\/www.riwal.com\/hr\/#organization\",\"name\":\"Riwal\",\"url\":\"https:\/\/www.riwal.com\/hr\/\",\"logo\":{\"@type\":\"ImageObject\",\"inLanguage\":\"hr\",\"@id\":\"https:\/\/www.riwal.com\/hr\/#\/schema\/logo\/image\/\",\"url\":\"\",\"contentUrl\":\"\",\"caption\":\"Riwal\"},\"image\":{\"@id\":\"https:\/\/www.riwal.com\/hr\/#\/schema\/logo\/image\/\"}}]}<\/script>\n<!-- \/ Yoast SEO Premium plugin. -->","yoast_head_json":{"title":"\u0160karasta platforma Genie - Riwal Hrvatska","robots":{"index":"index","follow":"follow","max-snippet":"max-snippet:-1","max-image-preview":"max-image-preview:large","max-video-preview":"max-video-preview:-1"},"canonical":"https:\/\/www.riwal.com\/hr\/kategorije-strojeva\/skarasta-platforma-genie\/","og_locale":"hr_HR","og_type":"article","og_title":"\u0160karasta platforma Genie","og_description":"Genie \u0161karasta podizna platforma Trebate raditi na visini, ali nemate pravu opremu da podignete sebe i materijal do mjesta gdje morate obaviti posao? Zbog velike radne povr\u0161ine \u0161karasta podizna platforma je pravi komad mehanizacije za va\u0161u djelatnost, posao ili projekt. Pazite da izaberete opremu vrhunske kvalitete kad unajmljujete ili kupujete Genie \u0161karastu podiznu platformu. Kao &hellip; Nastavak","og_url":"https:\/\/www.riwal.com\/hr\/kategorije-strojeva\/skarasta-platforma-genie\/","og_site_name":"Riwal Hrvatska","og_image":[{"url":"https:\/\/www.riwal.com\/app\/uploads\/sites\/11\/2024\/02\/Genie-GS5390RT.jpeg","type":"","width":"","height":""}],"twitter_card":"summary_large_image","twitter_misc":{"Est. reading time":"4 minute"},"schema":{"@context":"https:\/\/schema.org","@graph":[{"@type":"WebPage","@id":"https:\/\/www.riwal.com\/hr\/kategorije-strojeva\/skarasta-platforma-genie\/","url":"https:\/\/www.riwal.com\/hr\/kategorije-strojeva\/skarasta-platforma-genie\/","name":"\u0160karasta platforma Genie - Riwal Hrvatska","isPartOf":{"@id":"https:\/\/www.riwal.com\/hr\/#website"},"primaryImageOfPage":{"@id":"https:\/\/www.riwal.com\/hr\/kategorije-strojeva\/skarasta-platforma-genie\/#primaryimage"},"image":{"@id":"https:\/\/www.riwal.com\/hr\/kategorije-strojeva\/skarasta-platforma-genie\/#primaryimage"},"thumbnailUrl":"https:\/\/www.riwal.com\/app\/uploads\/sites\/11\/2024\/02\/Genie-GS5390RT.jpeg","datePublished":"2024-02-06T09:17:52+00:00","breadcrumb":{"@id":"https:\/\/www.riwal.com\/hr\/kategorije-strojeva\/skarasta-platforma-genie\/#breadcrumb"},"inLanguage":"hr","potentialAction":[{"@type":"ReadAction","target":["https:\/\/www.riwal.com\/hr\/kategorije-strojeva\/skarasta-platforma-genie\/"]}]},{"@type":"ImageObject","inLanguage":"hr","@id":"https:\/\/www.riwal.com\/hr\/kategorije-strojeva\/skarasta-platforma-genie\/#primaryimage","url":"https:\/\/www.riwal.com\/app\/uploads\/sites\/11\/2024\/02\/Genie-GS5390RT.jpeg","contentUrl":"https:\/\/www.riwal.com\/app\/uploads\/sites\/11\/2024\/02\/Genie-GS5390RT.jpeg"},{"@type":"BreadcrumbList","@id":"https:\/\/www.riwal.com\/hr\/kategorije-strojeva\/skarasta-platforma-genie\/#breadcrumb","itemListElement":[{"@type":"ListItem","position":1,"name":"Doma","item":"https:\/\/www.riwal.com\/hr\/"},{"@type":"ListItem","position":2,"name":"Kategorije strojeva","item":"https:\/\/www.riwal.com\/hr\/kategorije-strojeva\/"},{"@type":"ListItem","position":3,"name":"\u0160karasta platforma Genie"}]},{"@type":"WebSite","@id":"https:\/\/www.riwal.com\/hr\/#website","url":"https:\/\/www.riwal.com\/hr\/","name":"Riwal","description":"Arial work platform &amp; Telehandler Rental\/Sales","publisher":{"@id":"https:\/\/www.riwal.com\/hr\/#organization"},"potentialAction":[{"@type":"SearchAction","target":{"@type":"EntryPoint","urlTemplate":"https:\/\/www.riwal.com\/hr\/?s={search_term_string}"},"query-input":{"@type":"PropertyValueSpecification","valueRequired":true,"valueName":"search_term_string"}}],"inLanguage":"hr"},{"@type":"Organization","@id":"https:\/\/www.riwal.com\/hr\/#organization","name":"Riwal","url":"https:\/\/www.riwal.com\/hr\/","logo":{"@type":"ImageObject","inLanguage":"hr","@id":"https:\/\/www.riwal.com\/hr\/#\/schema\/logo\/image\/","url":"","contentUrl":"","caption":"Riwal"},"image":{"@id":"https:\/\/www.riwal.com\/hr\/#\/schema\/logo\/image\/"}}]}},"_links":{"self":[{"href":"https:\/\/www.riwal.com\/hr\/wp-json\/wp\/v2\/pages\/5592","targetHints":{"allow":["GET"]}}],"collection":[{"href":"https:\/\/www.riwal.com\/hr\/wp-json\/wp\/v2\/pages"}],"about":[{"href":"https:\/\/www.riwal.com\/hr\/wp-json\/wp\/v2\/types\/page"}],"author":[{"embeddable":true,"href":"https:\/\/www.riwal.com\/hr\/wp-json\/wp\/v2\/users\/45"}],"replies":[{"embeddable":true,"href":"https:\/\/www.riwal.com\/hr\/wp-json\/wp\/v2\/comments?post=5592"}],"version-history":[{"count":1,"href":"https:\/\/www.riwal.com\/hr\/wp-json\/wp\/v2\/pages\/5592\/revisions"}],"predecessor-version":[{"id":5593,"href":"https:\/\/www.riwal.com\/hr\/wp-json\/wp\/v2\/pages\/5592\/revisions\/5593"}],"up":[{"embeddable":true,"href":"https:\/\/www.riwal.com\/hr\/wp-json\/wp\/v2\/pages\/5549"}],"wp:attachment":[{"href":"https:\/\/www.riwal.com\/hr\/wp-json\/wp\/v2\/media?parent=5592"}],"curies":[{"name":"wp","href":"https:\/\/api.w.org\/{rel}","templated":true}]}}