{"id":5586,"date":"2024-02-06T09:14:14","date_gmt":"2024-02-06T09:14:14","guid":{"rendered":"https:\/\/www.riwal.com\/hr\/?page_id=5586"},"modified":"2024-02-06T09:14:14","modified_gmt":"2024-02-06T09:14:14","slug":"genie-teleskopska-platforma","status":"publish","type":"page","link":"https:\/\/www.riwal.com\/hr\/kategorije-strojeva\/genie-teleskopska-platforma\/","title":{"rendered":"Genie teleskopska platforma"},"content":{"rendered":"<div class=\"container\">\n<h2 class=\"wp-block-heading\" id=\"h-genie-teleskopska-podizna-platforma\">Genie teleskopska podizna platforma<\/h2>\n<\/div>\n\n<div class=\"rental-wp-default-block rental-theme-block-default-margin\">\n\t\t\t\t\t\t\t\t<div class=\"container\">\n<div class=\"wp-block-columns is-layout-flex wp-container-core-columns-is-layout-28f84493 wp-block-columns-is-layout-flex\">\n<div class=\"wp-block-column is-layout-flow wp-block-column-is-layout-flow\" style=\"flex-basis:66.66%\">\n<p>S ve\u0107im vodoravnim dosegom od bilo koje druge vrste platforme za rad na visini, teleskopske podizne platforme osmi\u0161ljene su za pove\u0107anje radne u\u010dinkovitosti u djelatnostima koje zahtijevaju rad na razli\u010ditim visinama. S Genie teleskopskom podiznom platformom mo\u017eete biti sigurni da \u0107ete dobiti vrhunsku kvalitetu, s najve\u0107im dosegom i nosivo\u0161\u0107u na svom podru\u010dju. U Riwalu \u0107ete na\u0107i \u0161irok raspon razli\u010ditih vertikalno podiznih platformi, kao dio na\u0161eg asortimana za najam, kao i za prodaju. Ako se odlu\u010dite za prodaju, mo\u017eete se odlu\u010diti ulo\u017eiti u novu Genie teleskopsku podiznu platformu ili kupiti rabljenu. \u0160to god odlu\u010dili, mo\u017eete ra\u010dunati na to da \u0107e vas na\u0161 iskusni tim voditi tijekom svakog koraka procesa, da bismo bili sigurni da \u0107ete dobiti ba\u0161 pravu Genie teleskopsku podiznu platformu za posao koji morate obaviti.<\/p>\n\n\n\n<h2 class=\"wp-block-heading\"><strong>Koju Genie teleskopsku podiznu platformu izabrati<\/strong><\/h2>\n\n\n\n<p>Glavna prednost rada s teleskopskom podiznom platformom je vi\u0161enamjenska iskoristivost koju ova platforma za rad na visini nudi. U kojoj god djelatnosti ili industriji radili, postoji savr\u0161ena teleskopska podizna platforma za svaku namjenu. Zahvaljuju\u0107i vlastitom pogonu ovog tipa podiznih platformi, ne\u0107e biti problema s premje\u0161tanjem platforme. A zbog \u010dvrstih transportnih kota\u010da olak\u0161ano je kori\u0161tenje teleskopske podizne platforme na te\u0161kim terenima.<\/p>\n\n\n\n<p>Radna visina teleskopske podizne platforme je obi\u010dno izme\u0111u 16 i 28 metara, a vi odlu\u010dite koja je visina dostatna za posao koji morate obaviti. Drugo pitanje koje si morate postaviti je \u017eelite li dizelsku ili elektri\u010dnu teleskopsku platformu. Dizel je primjereniji za poslove na otvorenom, dok je platforma na elektri\u010dni pogon idealna za poslove u zatvorenom, kao \u0161to su tvornice, trgova\u010dki centri i skladi\u0161ta.&nbsp; Va\u017ena dodatna prednost u dana\u0161nje vrijeme je to \u0161to elektri\u010dna verzija ne emitira nikakve \u0161tetne supstance.<\/p>\n\n\n\n<h2 class=\"wp-block-heading\"><strong>Potpuno nova ili rabljena Genie podizna platforma za prodaju<\/strong><\/h2>\n\n\n\n<p>Ako ste se odlu\u010dili za kupnju Genie teleskopske podizne platforme, u Riwalu \u0107ete sigurno na\u0107i ba\u0161 pravu za sebe. Kao vode\u0107i dobavlja\u010d na podru\u010dju opreme za rad na visini, imamo puno iskustva u pronala\u017eenju prave podizne platforme za svako poduze\u0107e ili djelatnost. Na\u0161e Genie teleskopske podizne platforme dostupne su u novim i rabljenim verzijama, i uvijek su opremljene najsuvremenijom tehnologijom. Zbog svog velikog iskustva potpuno smo svjesni \u010dinjenice da kupnja takve mehanizacije mo\u017ee biti velika investicija za svako poduze\u0107e. Zato \u0107e vas Riwal voditi u svakom koraku procesa. \u010cak i ako ste ve\u0107 prije radili na Genie teleskopskoj podiznoj platformi, mo\u017eete ra\u010dunati na na\u0161e iscrpno savjetovanje i usluge kad god su vam potrebni.<\/p>\n\n\n\n<h2 class=\"wp-block-heading\"><strong>Genie podizna platforma za najam<\/strong><\/h2>\n\n\n\n<p>Ne trebate teleskopsku podiznu platformu u svakodnevnom radu? U tom slu\u010daju Riwal je va\u0161 partner za najam Genie podizne platforme. Na\u0161a \u0161iroka ponuda mehanizacije za najam sastoji se od rje\u0161enja za rad na visini svih vrsta pa \u0107ete uvijek na\u0107i pravu Genie teleskopsku podiznu platformu za najam, za svoju djelatnost ili projekt. Kontaktirajte Riwalov tim stru\u010dnjaka ako trebate vi\u0161e informacija o mogu\u0107nostima najma Genie teleskopske podizne platforme.<\/p>\n\n\n\n<h3 class=\"wp-block-heading\"><strong>Va\u0161a Genie teleskopska podizna platforma vam je nadohvat ruke u Riwalu<\/strong><\/h3>\n\n\n\n<p>Bilo da kupujete ili unajmljujete svoju Genie teleskopsku podiznu platformu u Riwalu, dobit \u0107ete uslugu najvi\u0161e kvalitete, \u010dak i ako ve\u0107 radite na svojoj podiznoj platformi. Uvjeravamo vas da mi uvijek imamo prava rje\u0161enja za rad na visini za specifi\u010dne poslove ili djelatnosti. Rado \u0107emo vas voditi do prave odluke. Samo nazovite na\u0161 tim ako trebate vi\u0161e informacija.<\/p>\n<\/div>\n\n\n\n<div class=\"wp-block-column is-layout-flow wp-block-column-is-layout-flow\" style=\"flex-basis:33.33%\">\n<figure class=\"wp-block-image size-full\"><img loading=\"lazy\" decoding=\"async\" width=\"800\" height=\"533\" src=\"https:\/\/eqsk4m2dkju.exactdn.com\/app\/uploads\/sites\/11\/2024\/02\/genie-telescopic-boom-lift.webp?strip=all&quality=92&webp=92&avif=80&sharp=1\" alt=\"\" class=\"wp-image-5571\" srcset=\"https:\/\/eqsk4m2dkju.exactdn.com\/app\/uploads\/sites\/11\/2024\/02\/genie-telescopic-boom-lift.webp?strip=all&amp;quality=92&amp;webp=92&amp;avif=80&amp;sharp=1 800w, https:\/\/eqsk4m2dkju.exactdn.com\/app\/uploads\/sites\/11\/2024\/02\/genie-telescopic-boom-lift-300x200.webp?strip=all&amp;quality=92&amp;webp=92&amp;avif=80&amp;sharp=1 300w, https:\/\/eqsk4m2dkju.exactdn.com\/app\/uploads\/sites\/11\/2024\/02\/genie-telescopic-boom-lift-768x512.webp?strip=all&amp;quality=92&amp;webp=92&amp;avif=80&amp;sharp=1 768w, https:\/\/eqsk4m2dkju.exactdn.com\/app\/uploads\/sites\/11\/2024\/02\/genie-telescopic-boom-lift-178x119.webp?strip=all&amp;quality=92&amp;webp=92&amp;avif=80&amp;sharp=1 178w, https:\/\/eqsk4m2dkju.exactdn.com\/app\/uploads\/sites\/11\/2024\/02\/genie-telescopic-boom-lift-390x260.webp?strip=all&amp;quality=92&amp;webp=92&amp;avif=80&amp;sharp=1 390w, https:\/\/eqsk4m2dkju.exactdn.com\/app\/uploads\/sites\/11\/2024\/02\/genie-telescopic-boom-lift-250x167.webp?strip=all&amp;quality=92&amp;webp=92&amp;avif=80&amp;sharp=1 250w, https:\/\/eqsk4m2dkju.exactdn.com\/app\/uploads\/sites\/11\/2024\/02\/genie-telescopic-boom-lift-620x413.webp?strip=all&amp;quality=92&amp;webp=92&amp;avif=80&amp;sharp=1 620w, https:\/\/eqsk4m2dkju.exactdn.com\/app\/uploads\/sites\/11\/2024\/02\/genie-telescopic-boom-lift-237x158.webp?strip=all&amp;quality=92&amp;webp=92&amp;avif=80&amp;sharp=1 237w, https:\/\/eqsk4m2dkju.exactdn.com\/app\/uploads\/sites\/11\/2024\/02\/genie-telescopic-boom-lift-474x316.webp?strip=all&amp;quality=92&amp;webp=92&amp;avif=80&amp;sharp=1 474w\" sizes=\"auto, (max-width: 800px) 100vw, 800px\" \/><\/figure>\n\n\n\n<figure class=\"wp-block-image size-full\"><img loading=\"lazy\" decoding=\"async\" width=\"800\" height=\"609\" src=\"https:\/\/eqsk4m2dkju.exactdn.com\/app\/uploads\/sites\/11\/2024\/02\/Josip1_web.webp?strip=all&quality=92&webp=92&avif=80&sharp=1\" alt=\"\" class=\"wp-image-5552\" srcset=\"https:\/\/eqsk4m2dkju.exactdn.com\/app\/uploads\/sites\/11\/2024\/02\/Josip1_web.webp?strip=all&amp;quality=92&amp;webp=92&amp;avif=80&amp;sharp=1 800w, https:\/\/eqsk4m2dkju.exactdn.com\/app\/uploads\/sites\/11\/2024\/02\/Josip1_web-300x228.webp?strip=all&amp;quality=92&amp;webp=92&amp;avif=80&amp;sharp=1 300w, https:\/\/eqsk4m2dkju.exactdn.com\/app\/uploads\/sites\/11\/2024\/02\/Josip1_web-768x585.webp?strip=all&amp;quality=92&amp;webp=92&amp;avif=80&amp;sharp=1 768w, https:\/\/eqsk4m2dkju.exactdn.com\/app\/uploads\/sites\/11\/2024\/02\/Josip1_web-178x136.webp?strip=all&amp;quality=92&amp;webp=92&amp;avif=80&amp;sharp=1 178w, https:\/\/eqsk4m2dkju.exactdn.com\/app\/uploads\/sites\/11\/2024\/02\/Josip1_web-390x297.webp?strip=all&amp;quality=92&amp;webp=92&amp;avif=80&amp;sharp=1 390w, https:\/\/eqsk4m2dkju.exactdn.com\/app\/uploads\/sites\/11\/2024\/02\/Josip1_web-250x190.webp?strip=all&amp;quality=92&amp;webp=92&amp;avif=80&amp;sharp=1 250w, https:\/\/eqsk4m2dkju.exactdn.com\/app\/uploads\/sites\/11\/2024\/02\/Josip1_web-620x472.webp?strip=all&amp;quality=92&amp;webp=92&amp;avif=80&amp;sharp=1 620w, https:\/\/eqsk4m2dkju.exactdn.com\/app\/uploads\/sites\/11\/2024\/02\/Josip1_web-237x180.webp?strip=all&amp;quality=92&amp;webp=92&amp;avif=80&amp;sharp=1 237w, https:\/\/eqsk4m2dkju.exactdn.com\/app\/uploads\/sites\/11\/2024\/02\/Josip1_web-474x361.webp?strip=all&amp;quality=92&amp;webp=92&amp;avif=80&amp;sharp=1 474w\" sizes=\"auto, (max-width: 800px) 100vw, 800px\" \/><\/figure>\n\n\n\n<p><strong>Jeste li zainteresirani?<\/strong><\/p>\n\n\n\n<p>info-hr@riwal.com<\/p>\n\n\n\n<p>Nazovite nas: 01 2763 581<\/p>\n\n\n\n<div class=\"wp-block-buttons is-layout-flex wp-block-buttons-is-layout-flex\">\n<div class=\"wp-block-button\"><a class=\"wp-block-button__link wp-element-button\" href=\"https:\/\/www.riwal.com\/hr\/najam\/\">Prona\u0111ite strojeve za najam<\/a><\/div>\n<\/div>\n\n\n\n<div class=\"wp-block-buttons is-layout-flex wp-block-buttons-is-layout-flex\">\n<div class=\"wp-block-button\"><a class=\"wp-block-button__link wp-element-button\" href=\"https:\/\/www.riwal.com\/hr\/prodaja\/rabljeni-strojevi\/\">Prona\u0111ite rabljene strojeve za prodaju<\/a><\/div>\n<\/div>\n\n\n\n<div class=\"wp-block-columns is-layout-flex wp-container-core-columns-is-layout-28f84493 wp-block-columns-is-layout-flex\">\n<div class=\"wp-block-column is-layout-flow wp-block-column-is-layout-flow\"><\/div>\n\n\n\n<div class=\"wp-block-column is-layout-flow wp-block-column-is-layout-flow\"><\/div>\n<\/div>\n<\/div>\n<\/div>\n<\/div>\n\t\t\t\t\t\t\t<\/div> ","protected":false},"excerpt":{"rendered":"<p>Genie teleskopska podizna platforma S ve\u0107im vodoravnim dosegom od bilo koje druge vrste platforme za rad na visini, teleskopske podizne platforme osmi\u0161ljene su za pove\u0107anje radne u\u010dinkovitosti u djelatnostima koje zahtijevaju rad na razli\u010ditim visinama. S Genie teleskopskom podiznom platformom mo\u017eete biti sigurni da \u0107ete dobiti vrhunsku kvalitetu, s najve\u0107im dosegom i nosivo\u0161\u0107u na svom &hellip; <a href=\"https:\/\/www.riwal.com\/hr\/kategorije-strojeva\/genie-teleskopska-platforma\/\">Nastavak<\/a><\/p>\n","protected":false},"author":45,"featured_media":0,"parent":5549,"menu_order":0,"comment_status":"closed","ping_status":"closed","template":"","meta":{"_acf_changed":false,"footnotes":""},"class_list":["post-5586","page","type-page","status-publish","hentry"],"acf":[],"yoast_head":"<!-- This site is optimized with the Yoast SEO Premium plugin v27.1 (Yoast SEO v27.1.1) - https:\/\/yoast.com\/product\/yoast-seo-premium-wordpress\/ -->\n<title>Genie teleskopska platforma - Riwal Hrvatska<\/title>\n<meta name=\"robots\" content=\"index, follow, max-snippet:-1, max-image-preview:large, max-video-preview:-1\" \/>\n<link rel=\"canonical\" href=\"https:\/\/www.riwal.com\/hr\/kategorije-strojeva\/genie-teleskopska-platforma\/\" \/>\n<meta property=\"og:locale\" content=\"hr_HR\" \/>\n<meta property=\"og:type\" content=\"article\" \/>\n<meta property=\"og:title\" content=\"Genie teleskopska platforma\" \/>\n<meta property=\"og:description\" content=\"Genie teleskopska podizna platforma S ve\u0107im vodoravnim dosegom od bilo koje druge vrste platforme za rad na visini, teleskopske podizne platforme osmi\u0161ljene su za pove\u0107anje radne u\u010dinkovitosti u djelatnostima koje zahtijevaju rad na razli\u010ditim visinama. S Genie teleskopskom podiznom platformom mo\u017eete biti sigurni da \u0107ete dobiti vrhunsku kvalitetu, s najve\u0107im dosegom i nosivo\u0161\u0107u na svom &hellip; Nastavak\" \/>\n<meta property=\"og:url\" content=\"https:\/\/www.riwal.com\/hr\/kategorije-strojeva\/genie-teleskopska-platforma\/\" \/>\n<meta property=\"og:site_name\" content=\"Riwal Hrvatska\" \/>\n<meta property=\"og:image\" content=\"https:\/\/www.riwal.com\/app\/uploads\/sites\/11\/2024\/02\/genie-telescopic-boom-lift.webp\" \/>\n<meta name=\"twitter:card\" content=\"summary_large_image\" \/>\n<meta name=\"twitter:label1\" content=\"Est. reading time\" \/>\n\t<meta name=\"twitter:data1\" content=\"4 minute\" \/>\n<script type=\"application\/ld+json\" class=\"yoast-schema-graph\">{\"@context\":\"https:\/\/schema.org\",\"@graph\":[{\"@type\":\"WebPage\",\"@id\":\"https:\/\/www.riwal.com\/hr\/kategorije-strojeva\/genie-teleskopska-platforma\/\",\"url\":\"https:\/\/www.riwal.com\/hr\/kategorije-strojeva\/genie-teleskopska-platforma\/\",\"name\":\"Genie teleskopska platforma - Riwal Hrvatska\",\"isPartOf\":{\"@id\":\"https:\/\/www.riwal.com\/hr\/#website\"},\"primaryImageOfPage\":{\"@id\":\"https:\/\/www.riwal.com\/hr\/kategorije-strojeva\/genie-teleskopska-platforma\/#primaryimage\"},\"image\":{\"@id\":\"https:\/\/www.riwal.com\/hr\/kategorije-strojeva\/genie-teleskopska-platforma\/#primaryimage\"},\"thumbnailUrl\":\"https:\/\/www.riwal.com\/app\/uploads\/sites\/11\/2024\/02\/genie-telescopic-boom-lift.webp\",\"datePublished\":\"2024-02-06T09:14:14+00:00\",\"breadcrumb\":{\"@id\":\"https:\/\/www.riwal.com\/hr\/kategorije-strojeva\/genie-teleskopska-platforma\/#breadcrumb\"},\"inLanguage\":\"hr\",\"potentialAction\":[{\"@type\":\"ReadAction\",\"target\":[\"https:\/\/www.riwal.com\/hr\/kategorije-strojeva\/genie-teleskopska-platforma\/\"]}]},{\"@type\":\"ImageObject\",\"inLanguage\":\"hr\",\"@id\":\"https:\/\/www.riwal.com\/hr\/kategorije-strojeva\/genie-teleskopska-platforma\/#primaryimage\",\"url\":\"https:\/\/www.riwal.com\/app\/uploads\/sites\/11\/2024\/02\/genie-telescopic-boom-lift.webp\",\"contentUrl\":\"https:\/\/www.riwal.com\/app\/uploads\/sites\/11\/2024\/02\/genie-telescopic-boom-lift.webp\"},{\"@type\":\"BreadcrumbList\",\"@id\":\"https:\/\/www.riwal.com\/hr\/kategorije-strojeva\/genie-teleskopska-platforma\/#breadcrumb\",\"itemListElement\":[{\"@type\":\"ListItem\",\"position\":1,\"name\":\"Doma\",\"item\":\"https:\/\/www.riwal.com\/hr\/\"},{\"@type\":\"ListItem\",\"position\":2,\"name\":\"Kategorije strojeva\",\"item\":\"https:\/\/www.riwal.com\/hr\/kategorije-strojeva\/\"},{\"@type\":\"ListItem\",\"position\":3,\"name\":\"Genie teleskopska platforma\"}]},{\"@type\":\"WebSite\",\"@id\":\"https:\/\/www.riwal.com\/hr\/#website\",\"url\":\"https:\/\/www.riwal.com\/hr\/\",\"name\":\"Riwal\",\"description\":\"Arial work platform &amp; Telehandler Rental\/Sales\",\"publisher\":{\"@id\":\"https:\/\/www.riwal.com\/hr\/#organization\"},\"potentialAction\":[{\"@type\":\"SearchAction\",\"target\":{\"@type\":\"EntryPoint\",\"urlTemplate\":\"https:\/\/www.riwal.com\/hr\/?s={search_term_string}\"},\"query-input\":{\"@type\":\"PropertyValueSpecification\",\"valueRequired\":true,\"valueName\":\"search_term_string\"}}],\"inLanguage\":\"hr\"},{\"@type\":\"Organization\",\"@id\":\"https:\/\/www.riwal.com\/hr\/#organization\",\"name\":\"Riwal\",\"url\":\"https:\/\/www.riwal.com\/hr\/\",\"logo\":{\"@type\":\"ImageObject\",\"inLanguage\":\"hr\",\"@id\":\"https:\/\/www.riwal.com\/hr\/#\/schema\/logo\/image\/\",\"url\":\"\",\"contentUrl\":\"\",\"caption\":\"Riwal\"},\"image\":{\"@id\":\"https:\/\/www.riwal.com\/hr\/#\/schema\/logo\/image\/\"}}]}<\/script>\n<!-- \/ Yoast SEO Premium plugin. -->","yoast_head_json":{"title":"Genie teleskopska platforma - Riwal Hrvatska","robots":{"index":"index","follow":"follow","max-snippet":"max-snippet:-1","max-image-preview":"max-image-preview:large","max-video-preview":"max-video-preview:-1"},"canonical":"https:\/\/www.riwal.com\/hr\/kategorije-strojeva\/genie-teleskopska-platforma\/","og_locale":"hr_HR","og_type":"article","og_title":"Genie teleskopska platforma","og_description":"Genie teleskopska podizna platforma S ve\u0107im vodoravnim dosegom od bilo koje druge vrste platforme za rad na visini, teleskopske podizne platforme osmi\u0161ljene su za pove\u0107anje radne u\u010dinkovitosti u djelatnostima koje zahtijevaju rad na razli\u010ditim visinama. S Genie teleskopskom podiznom platformom mo\u017eete biti sigurni da \u0107ete dobiti vrhunsku kvalitetu, s najve\u0107im dosegom i nosivo\u0161\u0107u na svom &hellip; Nastavak","og_url":"https:\/\/www.riwal.com\/hr\/kategorije-strojeva\/genie-teleskopska-platforma\/","og_site_name":"Riwal Hrvatska","og_image":[{"url":"https:\/\/www.riwal.com\/app\/uploads\/sites\/11\/2024\/02\/genie-telescopic-boom-lift.webp","type":"","width":"","height":""}],"twitter_card":"summary_large_image","twitter_misc":{"Est. reading time":"4 minute"},"schema":{"@context":"https:\/\/schema.org","@graph":[{"@type":"WebPage","@id":"https:\/\/www.riwal.com\/hr\/kategorije-strojeva\/genie-teleskopska-platforma\/","url":"https:\/\/www.riwal.com\/hr\/kategorije-strojeva\/genie-teleskopska-platforma\/","name":"Genie teleskopska platforma - Riwal Hrvatska","isPartOf":{"@id":"https:\/\/www.riwal.com\/hr\/#website"},"primaryImageOfPage":{"@id":"https:\/\/www.riwal.com\/hr\/kategorije-strojeva\/genie-teleskopska-platforma\/#primaryimage"},"image":{"@id":"https:\/\/www.riwal.com\/hr\/kategorije-strojeva\/genie-teleskopska-platforma\/#primaryimage"},"thumbnailUrl":"https:\/\/www.riwal.com\/app\/uploads\/sites\/11\/2024\/02\/genie-telescopic-boom-lift.webp","datePublished":"2024-02-06T09:14:14+00:00","breadcrumb":{"@id":"https:\/\/www.riwal.com\/hr\/kategorije-strojeva\/genie-teleskopska-platforma\/#breadcrumb"},"inLanguage":"hr","potentialAction":[{"@type":"ReadAction","target":["https:\/\/www.riwal.com\/hr\/kategorije-strojeva\/genie-teleskopska-platforma\/"]}]},{"@type":"ImageObject","inLanguage":"hr","@id":"https:\/\/www.riwal.com\/hr\/kategorije-strojeva\/genie-teleskopska-platforma\/#primaryimage","url":"https:\/\/www.riwal.com\/app\/uploads\/sites\/11\/2024\/02\/genie-telescopic-boom-lift.webp","contentUrl":"https:\/\/www.riwal.com\/app\/uploads\/sites\/11\/2024\/02\/genie-telescopic-boom-lift.webp"},{"@type":"BreadcrumbList","@id":"https:\/\/www.riwal.com\/hr\/kategorije-strojeva\/genie-teleskopska-platforma\/#breadcrumb","itemListElement":[{"@type":"ListItem","position":1,"name":"Doma","item":"https:\/\/www.riwal.com\/hr\/"},{"@type":"ListItem","position":2,"name":"Kategorije strojeva","item":"https:\/\/www.riwal.com\/hr\/kategorije-strojeva\/"},{"@type":"ListItem","position":3,"name":"Genie teleskopska platforma"}]},{"@type":"WebSite","@id":"https:\/\/www.riwal.com\/hr\/#website","url":"https:\/\/www.riwal.com\/hr\/","name":"Riwal","description":"Arial work platform &amp; Telehandler Rental\/Sales","publisher":{"@id":"https:\/\/www.riwal.com\/hr\/#organization"},"potentialAction":[{"@type":"SearchAction","target":{"@type":"EntryPoint","urlTemplate":"https:\/\/www.riwal.com\/hr\/?s={search_term_string}"},"query-input":{"@type":"PropertyValueSpecification","valueRequired":true,"valueName":"search_term_string"}}],"inLanguage":"hr"},{"@type":"Organization","@id":"https:\/\/www.riwal.com\/hr\/#organization","name":"Riwal","url":"https:\/\/www.riwal.com\/hr\/","logo":{"@type":"ImageObject","inLanguage":"hr","@id":"https:\/\/www.riwal.com\/hr\/#\/schema\/logo\/image\/","url":"","contentUrl":"","caption":"Riwal"},"image":{"@id":"https:\/\/www.riwal.com\/hr\/#\/schema\/logo\/image\/"}}]}},"_links":{"self":[{"href":"https:\/\/www.riwal.com\/hr\/wp-json\/wp\/v2\/pages\/5586","targetHints":{"allow":["GET"]}}],"collection":[{"href":"https:\/\/www.riwal.com\/hr\/wp-json\/wp\/v2\/pages"}],"about":[{"href":"https:\/\/www.riwal.com\/hr\/wp-json\/wp\/v2\/types\/page"}],"author":[{"embeddable":true,"href":"https:\/\/www.riwal.com\/hr\/wp-json\/wp\/v2\/users\/45"}],"replies":[{"embeddable":true,"href":"https:\/\/www.riwal.com\/hr\/wp-json\/wp\/v2\/comments?post=5586"}],"version-history":[{"count":1,"href":"https:\/\/www.riwal.com\/hr\/wp-json\/wp\/v2\/pages\/5586\/revisions"}],"predecessor-version":[{"id":5587,"href":"https:\/\/www.riwal.com\/hr\/wp-json\/wp\/v2\/pages\/5586\/revisions\/5587"}],"up":[{"embeddable":true,"href":"https:\/\/www.riwal.com\/hr\/wp-json\/wp\/v2\/pages\/5549"}],"wp:attachment":[{"href":"https:\/\/www.riwal.com\/hr\/wp-json\/wp\/v2\/media?parent=5586"}],"curies":[{"name":"wp","href":"https:\/\/api.w.org\/{rel}","templated":true}]}}