{"id":5584,"date":"2024-02-06T09:13:00","date_gmt":"2024-02-06T09:13:00","guid":{"rendered":"https:\/\/www.riwal.com\/hr\/?page_id=5584"},"modified":"2024-02-06T09:13:01","modified_gmt":"2024-02-06T09:13:01","slug":"genie-cherry-picker","status":"publish","type":"page","link":"https:\/\/www.riwal.com\/hr\/kategorije-strojeva\/genie-cherry-picker\/","title":{"rendered":"Genie Cherry Picker"},"content":{"rendered":"<div class=\"container\">\n<h2 class=\"wp-block-heading\" id=\"h-podizna-platforma-genie-cherry-picker\">Podizna platforma Genie cherry picker<\/h2>\n<\/div>\n\n<div class=\"rental-wp-default-block rental-theme-block-default-margin\">\n\t\t\t\t\t\t\t\t<div class=\"container\">\n<div class=\"wp-block-columns is-layout-flex wp-container-core-columns-is-layout-28f84493 wp-block-columns-is-layout-flex\">\n<div class=\"wp-block-column is-layout-flow wp-block-column-is-layout-flow\" style=\"flex-basis:66.66%\">\n<p>Kad radite na razli\u010ditim visinama, trebate Genie cherry picker podiznu platformu da biste zadatak obavili u\u010dinkovito i sigurno. Kupite ili unajmite svoju Genie cherry picker podiznu platformu u Riwalu.<\/p>\n\n\n\n<h1 class=\"wp-block-heading\"><strong>Genie cherry picker podizna platforma<\/strong><\/h1>\n\n\n\n<p>Gradili\u0161ta od radnika \u010desto zahtijevaju obavljanje poslova na razli\u010ditim visinama. Cherry picker podizna platforma omogu\u0107uje podizanje na te visine na lak i udoban na\u010din. Posebno kad kupite ili unajmite Genie cherry picker podiznu platformu. Kao proizvo\u0111a\u010d vrhunske, prakti\u010dne opreme za rad na visini, Genie uvijek uspijeva proizvesti mehanizaciju koja vam nudi iznimnu izvedbu, sigurnost i pouzdanost. U Riwalu mo\u017eete izabrati svoju Genie cherry picker podiznu platformu u \u0161irokoj paleti platformi za rad na visini. Zato vas uvjeravamo da vam je prava Genie cherry picker podizna platforma za va\u0161 projekt ili posao nadohvat ruke. Bilo da ste se odlu\u010dili na kupnju ili najam&nbsp; komada Genie opreme, Riwal \u0107e vam pru\u017eiti sve nu\u017ene savjete, obuku i usluge. I vi\u0161e od toga.<br><\/p>\n\n\n\n<h2 class=\"wp-block-heading\"><strong>Tra\u017eite Genie cherry picker podiznu platformu?<\/strong><\/h2>\n\n\n\n<p>Cherry picker podizne platforme se obi\u010dno koriste kod gradnje novih ili preinake starih gra\u0111evinskih konstrukcija, ali se mogu koristiti i u zatvorenim prostorima, recimo kao oprema za komisioniranje ili tijekom radova odr\u017eavanja i popravljanja jedinica rasvjete ili grijanja na ve\u0107im visinama. Hidrauli\u010dni kran s ogra\u0111enom platformom na kraju omogu\u0107uje podizanje ljudi i materijala na bilo koju \u017eeljenu visinu. Ako tra\u017eite Genie cherry picker podiznu platformu, bilo za kupnju ili za najam, do\u0161li ste na pravo mjesto. Riwal vam nudi \u0161irok izbor razli\u010ditih tipova rje\u0161enja za rad na visini, uklju\u010duju\u0107i Genie cherry picker podizne platforme. Pitanje je samo \u0161to vi o\u010dekujete od svoje cherry picker podizne platforme? Koje visine mora dosegnuti i ho\u0107ete li je koristiti uglavnom na otvorenom ili u zatvorenom prostoru? Kakve \u0107e terene svakodnevno prelaziti tako\u0111er je va\u017eno pitanje u procesu dono\u0161enja pravilne odluke.<br><\/p>\n\n\n\n<h2 class=\"wp-block-heading\"><strong>Genie cherry picker podizne platforme za prodaju<\/strong><\/h2>\n\n\n\n<p>Kad o\u010dekujete da \u0107ete redovito koristiti cherry picker podiznu platformu, mo\u017eda je dobra ideja ulo\u017eiti u vlastitu. U Riwalu mo\u017eete birati izme\u0111u potpuno nove ili rabljene, ali ne manje vrijedne, Genie cherry picker podizne platforme. U Riwalu su i jedne i druge vrhunske kvalitete, zajam\u010den im je dugi vijek trajanja i sigurnost u svakom trenutku. Kad je rad na razli\u010ditim visinama redovna aktivnost u djelatnosti va\u0161eg poduze\u0107a, nu\u017eno je ulo\u017eiti u dobru i sigurnu &nbsp;cherry picker podiznu platformu. Ako se odlu\u010dite za Genie, donijeli ste pravu odluku.<\/p>\n\n\n\n<p>Ali pravi brand nije jedino o \u010demu morate razmi\u0161ljati kad se odlu\u010dite investirati u cherry picker podiznu platformu. Kakvu to\u010dno vrstu cherry picker podizne platforme trebate, ovisi o razli\u010ditim okolnostima. Kakav materijal obi\u010dno transportirate, doga\u0111a li se da morate prolaziti kroz uske hodnike i koliko pokretna va\u0161a ko\u0161ara mora biti? Sva ta pitanja morate si postaviti prije dono\u0161enja informirane odluke. Riwalov tim stru\u010dnjaka sa zadovoljstvom \u0107e vam ponuditi svu nu\u017enu podr\u0161ku, da bismo bili sigurni da ste odabrali ba\u0161 pravu &nbsp;Genie cherry picker podiznu platformu za svoj projekt ili djelatnost.<\/p>\n\n\n\n<h2 class=\"wp-block-heading\"><strong>Najam Genie cherry picker podizna platforma<\/strong><\/h2>\n\n\n\n<p>Tra\u017eite Genie cherry picker podiznu platformu za najam? I u tom slu\u010daju Riwal je pravi partner za vas. U na\u0161oj impresivnoj ponudi radnih strojeva za najam, koja se sastoji od 14.500 jedinica, uvijek \u0107ete na\u0107i Genie cherry picker podiznu platformu za svoju djelatnost ili projekt. Kao va\u0161 partner u najmu Genie cherry picker podizna platforma, sa zadovoljstvom \u0107emo vas informirati o razli\u010ditim specifikacijama i rje\u0161enjima koja vam na\u0161e ko\u0161are nude. Kad nas kontaktirate, prvo \u0107emo s vama porazgovarati o va\u0161im ciljevima i \u017eeljama i prema tome vam dati savjet prilago\u0111en va\u0161im potrebama.<\/p>\n\n\n\n<h3 class=\"wp-block-heading\"><strong>Kupiti ili unajmiti Genie cherry picker podiznu platformu u Riwalu?<\/strong><\/h3>\n\n\n\n<p>Jo\u0161 niste sigurni trebate li kupiti ili unajmiti cherry picker podiznu platformu, ili jo\u0161 tra\u017eite pravu Genie cherry picker podiznu platformu za svoju vrstu posla? Riwal \u0107e vas sa zadovoljstvom informirati o svim mogu\u0107nostima i pru\u017eiti vam savjet u skladu s va\u0161im potrebama. Osim toga, u Riwalovu centru za obuku&nbsp; \u010dak mo\u017eete ste\u0107i potrebne certifikate za rad na razli\u010ditim podiznim platformama.&nbsp; Dakle, mi smo partner koji vam pru\u017ea kompletnu uslugu na podru\u010dju kupnje ili najma Genie cherry picker podizna platforma. Kontaktirajte nas ako trebate vi\u0161e informacija.<\/p>\n<\/div>\n\n\n\n<div class=\"wp-block-column is-layout-flow wp-block-column-is-layout-flow\" style=\"flex-basis:33.33%\">\n<figure class=\"wp-block-image size-full\"><img loading=\"lazy\" decoding=\"async\" width=\"800\" height=\"533\" src=\"https:\/\/eqsk4m2dkju.exactdn.com\/app\/uploads\/sites\/11\/2024\/02\/genie-telescopic-boom-lift.webp?strip=all&quality=92&webp=92&avif=80&sharp=1\" alt=\"\" class=\"wp-image-5571\" srcset=\"https:\/\/eqsk4m2dkju.exactdn.com\/app\/uploads\/sites\/11\/2024\/02\/genie-telescopic-boom-lift.webp?strip=all&amp;quality=92&amp;webp=92&amp;avif=80&amp;sharp=1 800w, https:\/\/eqsk4m2dkju.exactdn.com\/app\/uploads\/sites\/11\/2024\/02\/genie-telescopic-boom-lift-300x200.webp?strip=all&amp;quality=92&amp;webp=92&amp;avif=80&amp;sharp=1 300w, https:\/\/eqsk4m2dkju.exactdn.com\/app\/uploads\/sites\/11\/2024\/02\/genie-telescopic-boom-lift-768x512.webp?strip=all&amp;quality=92&amp;webp=92&amp;avif=80&amp;sharp=1 768w, https:\/\/eqsk4m2dkju.exactdn.com\/app\/uploads\/sites\/11\/2024\/02\/genie-telescopic-boom-lift-178x119.webp?strip=all&amp;quality=92&amp;webp=92&amp;avif=80&amp;sharp=1 178w, https:\/\/eqsk4m2dkju.exactdn.com\/app\/uploads\/sites\/11\/2024\/02\/genie-telescopic-boom-lift-390x260.webp?strip=all&amp;quality=92&amp;webp=92&amp;avif=80&amp;sharp=1 390w, https:\/\/eqsk4m2dkju.exactdn.com\/app\/uploads\/sites\/11\/2024\/02\/genie-telescopic-boom-lift-250x167.webp?strip=all&amp;quality=92&amp;webp=92&amp;avif=80&amp;sharp=1 250w, https:\/\/eqsk4m2dkju.exactdn.com\/app\/uploads\/sites\/11\/2024\/02\/genie-telescopic-boom-lift-620x413.webp?strip=all&amp;quality=92&amp;webp=92&amp;avif=80&amp;sharp=1 620w, https:\/\/eqsk4m2dkju.exactdn.com\/app\/uploads\/sites\/11\/2024\/02\/genie-telescopic-boom-lift-237x158.webp?strip=all&amp;quality=92&amp;webp=92&amp;avif=80&amp;sharp=1 237w, https:\/\/eqsk4m2dkju.exactdn.com\/app\/uploads\/sites\/11\/2024\/02\/genie-telescopic-boom-lift-474x316.webp?strip=all&amp;quality=92&amp;webp=92&amp;avif=80&amp;sharp=1 474w\" sizes=\"auto, (max-width: 800px) 100vw, 800px\" \/><\/figure>\n\n\n\n<figure class=\"wp-block-image size-full\"><img loading=\"lazy\" decoding=\"async\" width=\"800\" height=\"609\" src=\"https:\/\/eqsk4m2dkju.exactdn.com\/app\/uploads\/sites\/11\/2024\/02\/Josip1_web.webp?strip=all&quality=92&webp=92&avif=80&sharp=1\" alt=\"\" class=\"wp-image-5552\" srcset=\"https:\/\/eqsk4m2dkju.exactdn.com\/app\/uploads\/sites\/11\/2024\/02\/Josip1_web.webp?strip=all&amp;quality=92&amp;webp=92&amp;avif=80&amp;sharp=1 800w, https:\/\/eqsk4m2dkju.exactdn.com\/app\/uploads\/sites\/11\/2024\/02\/Josip1_web-300x228.webp?strip=all&amp;quality=92&amp;webp=92&amp;avif=80&amp;sharp=1 300w, https:\/\/eqsk4m2dkju.exactdn.com\/app\/uploads\/sites\/11\/2024\/02\/Josip1_web-768x585.webp?strip=all&amp;quality=92&amp;webp=92&amp;avif=80&amp;sharp=1 768w, https:\/\/eqsk4m2dkju.exactdn.com\/app\/uploads\/sites\/11\/2024\/02\/Josip1_web-178x136.webp?strip=all&amp;quality=92&amp;webp=92&amp;avif=80&amp;sharp=1 178w, https:\/\/eqsk4m2dkju.exactdn.com\/app\/uploads\/sites\/11\/2024\/02\/Josip1_web-390x297.webp?strip=all&amp;quality=92&amp;webp=92&amp;avif=80&amp;sharp=1 390w, https:\/\/eqsk4m2dkju.exactdn.com\/app\/uploads\/sites\/11\/2024\/02\/Josip1_web-250x190.webp?strip=all&amp;quality=92&amp;webp=92&amp;avif=80&amp;sharp=1 250w, https:\/\/eqsk4m2dkju.exactdn.com\/app\/uploads\/sites\/11\/2024\/02\/Josip1_web-620x472.webp?strip=all&amp;quality=92&amp;webp=92&amp;avif=80&amp;sharp=1 620w, https:\/\/eqsk4m2dkju.exactdn.com\/app\/uploads\/sites\/11\/2024\/02\/Josip1_web-237x180.webp?strip=all&amp;quality=92&amp;webp=92&amp;avif=80&amp;sharp=1 237w, https:\/\/eqsk4m2dkju.exactdn.com\/app\/uploads\/sites\/11\/2024\/02\/Josip1_web-474x361.webp?strip=all&amp;quality=92&amp;webp=92&amp;avif=80&amp;sharp=1 474w\" sizes=\"auto, (max-width: 800px) 100vw, 800px\" \/><\/figure>\n\n\n\n<p><strong>Jeste li zainteresirani?<\/strong><\/p>\n\n\n\n<p>info-hr@riwal.com<\/p>\n\n\n\n<p>Nazovite nas: 01 2763 581<\/p>\n\n\n\n<div class=\"wp-block-buttons is-layout-flex wp-block-buttons-is-layout-flex\">\n<div class=\"wp-block-button\"><a class=\"wp-block-button__link wp-element-button\" href=\"https:\/\/www.riwal.com\/hr\/najam\/\">Prona\u0111ite strojeve za najam<\/a><\/div>\n<\/div>\n\n\n\n<div class=\"wp-block-buttons is-layout-flex wp-block-buttons-is-layout-flex\">\n<div class=\"wp-block-button\"><a class=\"wp-block-button__link wp-element-button\" href=\"https:\/\/www.riwal.com\/hr\/prodaja\/rabljeni-strojevi\/\">Prona\u0111ite rabljene strojeve za prodaju<\/a><\/div>\n<\/div>\n\n\n\n<div class=\"wp-block-columns is-layout-flex wp-container-core-columns-is-layout-28f84493 wp-block-columns-is-layout-flex\">\n<div class=\"wp-block-column is-layout-flow wp-block-column-is-layout-flow\"><\/div>\n\n\n\n<div class=\"wp-block-column is-layout-flow wp-block-column-is-layout-flow\"><\/div>\n<\/div>\n<\/div>\n<\/div>\n<\/div>\n\t\t\t\t\t\t\t<\/div> ","protected":false},"excerpt":{"rendered":"<p>Podizna platforma Genie cherry picker Kad radite na razli\u010ditim visinama, trebate Genie cherry picker podiznu platformu da biste zadatak obavili u\u010dinkovito i sigurno. Kupite ili unajmite svoju Genie cherry picker podiznu platformu u Riwalu. Genie cherry picker podizna platforma Gradili\u0161ta od radnika \u010desto zahtijevaju obavljanje poslova na razli\u010ditim visinama. Cherry picker podizna platforma omogu\u0107uje podizanje &hellip; <a href=\"https:\/\/www.riwal.com\/hr\/kategorije-strojeva\/genie-cherry-picker\/\">Nastavak<\/a><\/p>\n","protected":false},"author":45,"featured_media":0,"parent":5549,"menu_order":0,"comment_status":"closed","ping_status":"closed","template":"","meta":{"_acf_changed":false,"footnotes":""},"class_list":["post-5584","page","type-page","status-publish","hentry"],"acf":[],"yoast_head":"<!-- This site is optimized with the Yoast SEO Premium plugin v27.1 (Yoast SEO v27.1.1) - https:\/\/yoast.com\/product\/yoast-seo-premium-wordpress\/ -->\n<title>Genie Cherry Picker - Riwal Hrvatska<\/title>\n<meta name=\"robots\" content=\"index, follow, max-snippet:-1, max-image-preview:large, max-video-preview:-1\" \/>\n<link rel=\"canonical\" href=\"https:\/\/www.riwal.com\/hr\/kategorije-strojeva\/genie-cherry-picker\/\" \/>\n<meta property=\"og:locale\" content=\"hr_HR\" \/>\n<meta property=\"og:type\" content=\"article\" \/>\n<meta property=\"og:title\" content=\"Genie Cherry Picker\" \/>\n<meta property=\"og:description\" content=\"Podizna platforma Genie cherry picker Kad radite na razli\u010ditim visinama, trebate Genie cherry picker podiznu platformu da biste zadatak obavili u\u010dinkovito i sigurno. Kupite ili unajmite svoju Genie cherry picker podiznu platformu u Riwalu. Genie cherry picker podizna platforma Gradili\u0161ta od radnika \u010desto zahtijevaju obavljanje poslova na razli\u010ditim visinama. Cherry picker podizna platforma omogu\u0107uje podizanje &hellip; Nastavak\" \/>\n<meta property=\"og:url\" content=\"https:\/\/www.riwal.com\/hr\/kategorije-strojeva\/genie-cherry-picker\/\" \/>\n<meta property=\"og:site_name\" content=\"Riwal Hrvatska\" \/>\n<meta property=\"article:modified_time\" content=\"2024-02-06T09:13:01+00:00\" \/>\n<meta property=\"og:image\" content=\"https:\/\/www.riwal.com\/app\/uploads\/sites\/11\/2024\/02\/genie-telescopic-boom-lift.webp\" \/>\n<meta name=\"twitter:card\" content=\"summary_large_image\" \/>\n<meta name=\"twitter:label1\" content=\"Est. reading time\" \/>\n\t<meta name=\"twitter:data1\" content=\"4 minute\" \/>\n<script type=\"application\/ld+json\" class=\"yoast-schema-graph\">{\"@context\":\"https:\/\/schema.org\",\"@graph\":[{\"@type\":\"WebPage\",\"@id\":\"https:\/\/www.riwal.com\/hr\/kategorije-strojeva\/genie-cherry-picker\/\",\"url\":\"https:\/\/www.riwal.com\/hr\/kategorije-strojeva\/genie-cherry-picker\/\",\"name\":\"Genie Cherry Picker - Riwal Hrvatska\",\"isPartOf\":{\"@id\":\"https:\/\/www.riwal.com\/hr\/#website\"},\"primaryImageOfPage\":{\"@id\":\"https:\/\/www.riwal.com\/hr\/kategorije-strojeva\/genie-cherry-picker\/#primaryimage\"},\"image\":{\"@id\":\"https:\/\/www.riwal.com\/hr\/kategorije-strojeva\/genie-cherry-picker\/#primaryimage\"},\"thumbnailUrl\":\"https:\/\/www.riwal.com\/app\/uploads\/sites\/11\/2024\/02\/genie-telescopic-boom-lift.webp\",\"datePublished\":\"2024-02-06T09:13:00+00:00\",\"dateModified\":\"2024-02-06T09:13:01+00:00\",\"breadcrumb\":{\"@id\":\"https:\/\/www.riwal.com\/hr\/kategorije-strojeva\/genie-cherry-picker\/#breadcrumb\"},\"inLanguage\":\"hr\",\"potentialAction\":[{\"@type\":\"ReadAction\",\"target\":[\"https:\/\/www.riwal.com\/hr\/kategorije-strojeva\/genie-cherry-picker\/\"]}]},{\"@type\":\"ImageObject\",\"inLanguage\":\"hr\",\"@id\":\"https:\/\/www.riwal.com\/hr\/kategorije-strojeva\/genie-cherry-picker\/#primaryimage\",\"url\":\"https:\/\/www.riwal.com\/app\/uploads\/sites\/11\/2024\/02\/genie-telescopic-boom-lift.webp\",\"contentUrl\":\"https:\/\/www.riwal.com\/app\/uploads\/sites\/11\/2024\/02\/genie-telescopic-boom-lift.webp\"},{\"@type\":\"BreadcrumbList\",\"@id\":\"https:\/\/www.riwal.com\/hr\/kategorije-strojeva\/genie-cherry-picker\/#breadcrumb\",\"itemListElement\":[{\"@type\":\"ListItem\",\"position\":1,\"name\":\"Doma\",\"item\":\"https:\/\/www.riwal.com\/hr\/\"},{\"@type\":\"ListItem\",\"position\":2,\"name\":\"Kategorije strojeva\",\"item\":\"https:\/\/www.riwal.com\/hr\/kategorije-strojeva\/\"},{\"@type\":\"ListItem\",\"position\":3,\"name\":\"Genie Cherry Picker\"}]},{\"@type\":\"WebSite\",\"@id\":\"https:\/\/www.riwal.com\/hr\/#website\",\"url\":\"https:\/\/www.riwal.com\/hr\/\",\"name\":\"Riwal\",\"description\":\"Arial work platform &amp; Telehandler Rental\/Sales\",\"publisher\":{\"@id\":\"https:\/\/www.riwal.com\/hr\/#organization\"},\"potentialAction\":[{\"@type\":\"SearchAction\",\"target\":{\"@type\":\"EntryPoint\",\"urlTemplate\":\"https:\/\/www.riwal.com\/hr\/?s={search_term_string}\"},\"query-input\":{\"@type\":\"PropertyValueSpecification\",\"valueRequired\":true,\"valueName\":\"search_term_string\"}}],\"inLanguage\":\"hr\"},{\"@type\":\"Organization\",\"@id\":\"https:\/\/www.riwal.com\/hr\/#organization\",\"name\":\"Riwal\",\"url\":\"https:\/\/www.riwal.com\/hr\/\",\"logo\":{\"@type\":\"ImageObject\",\"inLanguage\":\"hr\",\"@id\":\"https:\/\/www.riwal.com\/hr\/#\/schema\/logo\/image\/\",\"url\":\"\",\"contentUrl\":\"\",\"caption\":\"Riwal\"},\"image\":{\"@id\":\"https:\/\/www.riwal.com\/hr\/#\/schema\/logo\/image\/\"}}]}<\/script>\n<!-- \/ Yoast SEO Premium plugin. -->","yoast_head_json":{"title":"Genie Cherry Picker - Riwal Hrvatska","robots":{"index":"index","follow":"follow","max-snippet":"max-snippet:-1","max-image-preview":"max-image-preview:large","max-video-preview":"max-video-preview:-1"},"canonical":"https:\/\/www.riwal.com\/hr\/kategorije-strojeva\/genie-cherry-picker\/","og_locale":"hr_HR","og_type":"article","og_title":"Genie Cherry Picker","og_description":"Podizna platforma Genie cherry picker Kad radite na razli\u010ditim visinama, trebate Genie cherry picker podiznu platformu da biste zadatak obavili u\u010dinkovito i sigurno. Kupite ili unajmite svoju Genie cherry picker podiznu platformu u Riwalu. Genie cherry picker podizna platforma Gradili\u0161ta od radnika \u010desto zahtijevaju obavljanje poslova na razli\u010ditim visinama. Cherry picker podizna platforma omogu\u0107uje podizanje &hellip; Nastavak","og_url":"https:\/\/www.riwal.com\/hr\/kategorije-strojeva\/genie-cherry-picker\/","og_site_name":"Riwal Hrvatska","article_modified_time":"2024-02-06T09:13:01+00:00","og_image":[{"url":"https:\/\/www.riwal.com\/app\/uploads\/sites\/11\/2024\/02\/genie-telescopic-boom-lift.webp","type":"","width":"","height":""}],"twitter_card":"summary_large_image","twitter_misc":{"Est. reading time":"4 minute"},"schema":{"@context":"https:\/\/schema.org","@graph":[{"@type":"WebPage","@id":"https:\/\/www.riwal.com\/hr\/kategorije-strojeva\/genie-cherry-picker\/","url":"https:\/\/www.riwal.com\/hr\/kategorije-strojeva\/genie-cherry-picker\/","name":"Genie Cherry Picker - Riwal Hrvatska","isPartOf":{"@id":"https:\/\/www.riwal.com\/hr\/#website"},"primaryImageOfPage":{"@id":"https:\/\/www.riwal.com\/hr\/kategorije-strojeva\/genie-cherry-picker\/#primaryimage"},"image":{"@id":"https:\/\/www.riwal.com\/hr\/kategorije-strojeva\/genie-cherry-picker\/#primaryimage"},"thumbnailUrl":"https:\/\/www.riwal.com\/app\/uploads\/sites\/11\/2024\/02\/genie-telescopic-boom-lift.webp","datePublished":"2024-02-06T09:13:00+00:00","dateModified":"2024-02-06T09:13:01+00:00","breadcrumb":{"@id":"https:\/\/www.riwal.com\/hr\/kategorije-strojeva\/genie-cherry-picker\/#breadcrumb"},"inLanguage":"hr","potentialAction":[{"@type":"ReadAction","target":["https:\/\/www.riwal.com\/hr\/kategorije-strojeva\/genie-cherry-picker\/"]}]},{"@type":"ImageObject","inLanguage":"hr","@id":"https:\/\/www.riwal.com\/hr\/kategorije-strojeva\/genie-cherry-picker\/#primaryimage","url":"https:\/\/www.riwal.com\/app\/uploads\/sites\/11\/2024\/02\/genie-telescopic-boom-lift.webp","contentUrl":"https:\/\/www.riwal.com\/app\/uploads\/sites\/11\/2024\/02\/genie-telescopic-boom-lift.webp"},{"@type":"BreadcrumbList","@id":"https:\/\/www.riwal.com\/hr\/kategorije-strojeva\/genie-cherry-picker\/#breadcrumb","itemListElement":[{"@type":"ListItem","position":1,"name":"Doma","item":"https:\/\/www.riwal.com\/hr\/"},{"@type":"ListItem","position":2,"name":"Kategorije strojeva","item":"https:\/\/www.riwal.com\/hr\/kategorije-strojeva\/"},{"@type":"ListItem","position":3,"name":"Genie Cherry Picker"}]},{"@type":"WebSite","@id":"https:\/\/www.riwal.com\/hr\/#website","url":"https:\/\/www.riwal.com\/hr\/","name":"Riwal","description":"Arial work platform &amp; Telehandler Rental\/Sales","publisher":{"@id":"https:\/\/www.riwal.com\/hr\/#organization"},"potentialAction":[{"@type":"SearchAction","target":{"@type":"EntryPoint","urlTemplate":"https:\/\/www.riwal.com\/hr\/?s={search_term_string}"},"query-input":{"@type":"PropertyValueSpecification","valueRequired":true,"valueName":"search_term_string"}}],"inLanguage":"hr"},{"@type":"Organization","@id":"https:\/\/www.riwal.com\/hr\/#organization","name":"Riwal","url":"https:\/\/www.riwal.com\/hr\/","logo":{"@type":"ImageObject","inLanguage":"hr","@id":"https:\/\/www.riwal.com\/hr\/#\/schema\/logo\/image\/","url":"","contentUrl":"","caption":"Riwal"},"image":{"@id":"https:\/\/www.riwal.com\/hr\/#\/schema\/logo\/image\/"}}]}},"_links":{"self":[{"href":"https:\/\/www.riwal.com\/hr\/wp-json\/wp\/v2\/pages\/5584","targetHints":{"allow":["GET"]}}],"collection":[{"href":"https:\/\/www.riwal.com\/hr\/wp-json\/wp\/v2\/pages"}],"about":[{"href":"https:\/\/www.riwal.com\/hr\/wp-json\/wp\/v2\/types\/page"}],"author":[{"embeddable":true,"href":"https:\/\/www.riwal.com\/hr\/wp-json\/wp\/v2\/users\/45"}],"replies":[{"embeddable":true,"href":"https:\/\/www.riwal.com\/hr\/wp-json\/wp\/v2\/comments?post=5584"}],"version-history":[{"count":1,"href":"https:\/\/www.riwal.com\/hr\/wp-json\/wp\/v2\/pages\/5584\/revisions"}],"predecessor-version":[{"id":5585,"href":"https:\/\/www.riwal.com\/hr\/wp-json\/wp\/v2\/pages\/5584\/revisions\/5585"}],"up":[{"embeddable":true,"href":"https:\/\/www.riwal.com\/hr\/wp-json\/wp\/v2\/pages\/5549"}],"wp:attachment":[{"href":"https:\/\/www.riwal.com\/hr\/wp-json\/wp\/v2\/media?parent=5584"}],"curies":[{"name":"wp","href":"https:\/\/api.w.org\/{rel}","templated":true}]}}