{"id":5581,"date":"2024-02-06T09:12:00","date_gmt":"2024-02-06T09:12:00","guid":{"rendered":"https:\/\/www.riwal.com\/hr\/?page_id=5581"},"modified":"2024-02-06T09:12:00","modified_gmt":"2024-02-06T09:12:00","slug":"zglobna-platforma-genie","status":"publish","type":"page","link":"https:\/\/www.riwal.com\/hr\/kategorije-strojeva\/zglobna-platforma-genie\/","title":{"rendered":"Zglobna platforma Genie"},"content":{"rendered":"<div class=\"container\">\n<h2 class=\"wp-block-heading\" id=\"h-zglobna-podizna-platforma-genie\">Zglobna podizna platforma Genie<\/h2>\n<\/div>\n\n<div class=\"rental-wp-default-block rental-theme-block-default-margin\">\n\t\t\t\t\t\t\t\t<div class=\"container\">\n<div class=\"wp-block-columns is-layout-flex wp-container-core-columns-is-layout-28f84493 wp-block-columns-is-layout-flex\">\n<div class=\"wp-block-column is-layout-flow wp-block-column-is-layout-flow\" style=\"flex-basis:66.66%\">\n<p><strong>Dosegnite vi\u0161e i dalje uz pomo\u0107 Genie zglobne podizne platforme! Prona\u0111ite svoju Genie podiznu platformu za najam ili Genie podiznu platformu za kupnju u Riwalu, svom pouzdanom partneru na podru\u010dju radnih platformi.<\/strong><\/p>\n\n\n\n<h1 class=\"wp-block-heading\"><strong>Genie zglobna podizna platforma<\/strong><\/h1>\n\n\n\n<p>Zglobna podizna platforma jam\u010di vama i\/ili va\u0161im zaposlenicima lak pristup bilo kojem podru\u010dju na gotovo svim visinama. Zbog svog zglobnog kraka ovaj tip podizne platforme idealno je rje\u0161enje kod obavljanja zadataka koji uklju\u010duju prepreke. Mo\u017eete posezati prema gore, preko, pa \u010dak i bo\u010dno ovom lako pomi\u010dnom platformom. Izborom Genie zglobne podizne platforme sigurno \u0107ete dobiti vrhunsku kvalitetu i primjerenu podiznu platformu za posao koji morate obaviti. &nbsp;Ako kupite ili unajmite Genie zglobnu podiznu platformu u Riwalu, jam\u010dimo vam vrhunsku uslugu, &nbsp;primjeren savjet u bilo koje vrijeme pa \u010dak, ako je to nu\u017eno, obuku i stjecanje certifikata za osobe koje \u0107e raditi na platformama za rad na visini. Bilo da tra\u017eite Genie podiznu platformu za kupnju ili ste odlu\u010dili izabrati svoju platformu iz na\u0161e ponude Genie zglobnih platformi za najam, jam\u010dimo vam da \u0107ete u Riwalu na\u0107i pravu podiznu platformu za sebe.<br><\/p>\n\n\n\n<h2 class=\"wp-block-heading\"><strong>Koju Genie zglobnu podiznu platformu izabrati<\/strong><\/h2>\n\n\n\n<p>U Riwalu \u0107ete na\u0107i \u0161iroku paletu zglobnih podiznih platformi u na\u0161oj ponudi Genie podiznih platformi za najam, kao i onih za prodaju. Koji tip Genie zglobne podizne platforme trebate ovisi o va\u0161oj djelatnosti, gradili\u0161tu ili specifi\u010dnoj vrsti posla koji morate obaviti. Prvo pitanje koje si morate postaviti je: Koju visinu trebam dosegnuti? Zglobne podizne platforme su obi\u010dno na elektri\u010dni ili dizelski pogon i to je sljede\u0107a odluka koju morate donijeti. Postoji tako\u0111er opcija postavljanja bijelih guma na va\u0161u platformu za rad na visini, da biste bili sigurni da va\u0161a Genie zglobna podizna platforma ne ostavlja nikakve tamne tragove. To je \u010dini idealnom za uporabu u zatvorenom prostoru. Ve\u0107ina na\u0161ih zglobnih podiznih platformi ima vlastiti pogon, \u0161to vam omogu\u0107uje da ih dovezete na ciljnu destinaciju na gradili\u0161tu.<br><\/p>\n\n\n\n<h2 class=\"wp-block-heading\">Najam Genie zglobne podizne platforme<\/h2>\n\n\n\n<p>Kad trebate zglobnu podiznu platformu za jedan specifi\u010dni projekt ili je trebate samo nekoliko puta godi\u0161nje, najam je idealno rje\u0161enje. U Riwalu mo\u017eete birati u \u0161irokoj paleti zglobnih podiznih platformi iz na\u0161e ponude Genie zglobnih podiznih platformi za najam da biste izabrali ba\u0161 onu koja odgovara va\u0161em poduze\u0107u ili &nbsp;gradili\u0161tu. Na\u0161 tim stru\u010dnjaka sa zadovoljstvom \u0107e vas savjetovati da biste bili sigurni da ste donijeli pravu odluku. Ali na\u0161a usluga tu ne zavr\u0161ava. S Riwalom mo\u017eete ra\u010dunati na na\u0161u stru\u010dnu pomo\u0107 tijekom cijelog vremena trajanja najma, od po\u010detka do kraja.<\/p>\n\n\n\n<h2 class=\"wp-block-heading\"><strong>Genie zglobne podizne platforme za prodaju<\/strong><\/h2>\n\n\n\n<p>O\u010dekujete da \u0107ete svoju zglobnu podiznu platformu koristiti svakoga dana ili barem tijekom duljeg vremenskog perioda redovito? U tom slu\u010daju je investiranje u Genie zglobnu podiznu platformu bolja ideja. Jam\u010dimo vam da u Riwalu imamo ba\u0161 pravu Genie zglobnu platformu za prodaju, koja udovoljava svim va\u0161im potrebama. S velikim zadovoljstvom \u0107emo vas obavje\u0161tavati o na\u0161im novim i rabljenim zglobnim podiznim platformama i rado \u0107emo vas savjetovati da biste donijeli informiranu odluku. Bilo da \u017eelite potpuno novu platformu za rad na visini ili ste se odlu\u010dili za rabljenu, va\u0161u podiznu platformu uvijek \u0107e odlikovati vrhunska kvaliteta.&nbsp;<br><\/p>\n\n\n\n<h3 class=\"wp-block-heading\"><strong>Vi\u0161e i dalje s va\u0161om Genie zglobnom podiznom platformom<\/strong><\/h3>\n\n\n\n<p>Stru\u010dnjaci Riwala rado \u0107e vam pru\u017eiti sve informacije koje trebate kod najma ili kupnje Genie zglobne podizne platforme. Na\u0161 krajnji cilj je udovoljiti potrebama svakog klijenta u vezi s platformama za rad na visini, bez obzira na to jeste li svoju zglobnu podiznu platformu izabrali iz ponude zglobnih podiznih platformi za najam ili ste spremni investirati u svoju vlastitu Genie zglobnu podiznu platformu. Trebate vi\u0161e informacija? Kontaktirajte Riwal, svog pouzdanog dobavlja\u010da i stru\u010dnog partnera s podru\u010dja podiznih platformi.<\/p>\n<\/div>\n\n\n\n<div class=\"wp-block-column is-layout-flow wp-block-column-is-layout-flow\" style=\"flex-basis:33.33%\">\n<figure class=\"wp-block-image size-full\"><img loading=\"lazy\" decoding=\"async\" width=\"450\" height=\"230\" src=\"https:\/\/eqsk4m2dkju.exactdn.com\/app\/uploads\/sites\/11\/2024\/02\/teaser-genie-articulating-boom-lift.webp?strip=all&quality=92&webp=92&avif=80&sharp=1\" alt=\"\" class=\"wp-image-5572\" srcset=\"https:\/\/eqsk4m2dkju.exactdn.com\/app\/uploads\/sites\/11\/2024\/02\/teaser-genie-articulating-boom-lift.webp?strip=all&amp;quality=92&amp;webp=92&amp;avif=80&amp;sharp=1 450w, https:\/\/eqsk4m2dkju.exactdn.com\/app\/uploads\/sites\/11\/2024\/02\/teaser-genie-articulating-boom-lift-300x153.webp?strip=all&amp;quality=92&amp;webp=92&amp;avif=80&amp;sharp=1 300w, https:\/\/eqsk4m2dkju.exactdn.com\/app\/uploads\/sites\/11\/2024\/02\/teaser-genie-articulating-boom-lift-178x91.webp?strip=all&amp;quality=92&amp;webp=92&amp;avif=80&amp;sharp=1 178w, https:\/\/eqsk4m2dkju.exactdn.com\/app\/uploads\/sites\/11\/2024\/02\/teaser-genie-articulating-boom-lift-390x199.webp?strip=all&amp;quality=92&amp;webp=92&amp;avif=80&amp;sharp=1 390w, https:\/\/eqsk4m2dkju.exactdn.com\/app\/uploads\/sites\/11\/2024\/02\/teaser-genie-articulating-boom-lift-250x128.webp?strip=all&amp;quality=92&amp;webp=92&amp;avif=80&amp;sharp=1 250w, https:\/\/eqsk4m2dkju.exactdn.com\/app\/uploads\/sites\/11\/2024\/02\/teaser-genie-articulating-boom-lift-237x121.webp?strip=all&amp;quality=92&amp;webp=92&amp;avif=80&amp;sharp=1 237w, https:\/\/eqsk4m2dkju.exactdn.com\/app\/uploads\/sites\/11\/2024\/02\/teaser-genie-articulating-boom-lift.webp?strip=all&amp;quality=92&amp;webp=92&amp;avif=80&amp;sharp=1&amp;w=90 90w\" sizes=\"auto, (max-width: 450px) 100vw, 450px\" \/><\/figure>\n\n\n\n<figure class=\"wp-block-image size-full\"><img loading=\"lazy\" decoding=\"async\" width=\"800\" height=\"609\" src=\"https:\/\/eqsk4m2dkju.exactdn.com\/app\/uploads\/sites\/11\/2024\/02\/Josip1_web.webp?strip=all&quality=92&webp=92&avif=80&sharp=1\" alt=\"\" class=\"wp-image-5552\" srcset=\"https:\/\/eqsk4m2dkju.exactdn.com\/app\/uploads\/sites\/11\/2024\/02\/Josip1_web.webp?strip=all&amp;quality=92&amp;webp=92&amp;avif=80&amp;sharp=1 800w, https:\/\/eqsk4m2dkju.exactdn.com\/app\/uploads\/sites\/11\/2024\/02\/Josip1_web-300x228.webp?strip=all&amp;quality=92&amp;webp=92&amp;avif=80&amp;sharp=1 300w, https:\/\/eqsk4m2dkju.exactdn.com\/app\/uploads\/sites\/11\/2024\/02\/Josip1_web-768x585.webp?strip=all&amp;quality=92&amp;webp=92&amp;avif=80&amp;sharp=1 768w, https:\/\/eqsk4m2dkju.exactdn.com\/app\/uploads\/sites\/11\/2024\/02\/Josip1_web-178x136.webp?strip=all&amp;quality=92&amp;webp=92&amp;avif=80&amp;sharp=1 178w, https:\/\/eqsk4m2dkju.exactdn.com\/app\/uploads\/sites\/11\/2024\/02\/Josip1_web-390x297.webp?strip=all&amp;quality=92&amp;webp=92&amp;avif=80&amp;sharp=1 390w, https:\/\/eqsk4m2dkju.exactdn.com\/app\/uploads\/sites\/11\/2024\/02\/Josip1_web-250x190.webp?strip=all&amp;quality=92&amp;webp=92&amp;avif=80&amp;sharp=1 250w, https:\/\/eqsk4m2dkju.exactdn.com\/app\/uploads\/sites\/11\/2024\/02\/Josip1_web-620x472.webp?strip=all&amp;quality=92&amp;webp=92&amp;avif=80&amp;sharp=1 620w, https:\/\/eqsk4m2dkju.exactdn.com\/app\/uploads\/sites\/11\/2024\/02\/Josip1_web-237x180.webp?strip=all&amp;quality=92&amp;webp=92&amp;avif=80&amp;sharp=1 237w, https:\/\/eqsk4m2dkju.exactdn.com\/app\/uploads\/sites\/11\/2024\/02\/Josip1_web-474x361.webp?strip=all&amp;quality=92&amp;webp=92&amp;avif=80&amp;sharp=1 474w\" sizes=\"auto, (max-width: 800px) 100vw, 800px\" \/><\/figure>\n\n\n\n<p><strong>Jeste li zainteresirani?<\/strong><\/p>\n\n\n\n<p>info-hr@riwal.com<\/p>\n\n\n\n<p>Nazovite nas: 01 2763 581<\/p>\n\n\n\n<div class=\"wp-block-buttons is-layout-flex wp-block-buttons-is-layout-flex\">\n<div class=\"wp-block-button\"><a class=\"wp-block-button__link wp-element-button\" href=\"https:\/\/www.riwal.com\/hr\/najam\/\">Prona\u0111ite strojeve za najam<\/a><\/div>\n<\/div>\n\n\n\n<div class=\"wp-block-buttons is-layout-flex wp-block-buttons-is-layout-flex\">\n<div class=\"wp-block-button\"><a class=\"wp-block-button__link wp-element-button\" href=\"https:\/\/www.riwal.com\/hr\/prodaja\/rabljeni-strojevi\/\">Prona\u0111ite rabljene strojeve za prodaju<\/a><\/div>\n<\/div>\n\n\n\n<div class=\"wp-block-columns is-layout-flex wp-container-core-columns-is-layout-28f84493 wp-block-columns-is-layout-flex\">\n<div class=\"wp-block-column is-layout-flow wp-block-column-is-layout-flow\"><\/div>\n\n\n\n<div class=\"wp-block-column is-layout-flow wp-block-column-is-layout-flow\"><\/div>\n<\/div>\n<\/div>\n<\/div>\n<\/div>\n\t\t\t\t\t\t\t<\/div> ","protected":false},"excerpt":{"rendered":"<p>Zglobna podizna platforma Genie Dosegnite vi\u0161e i dalje uz pomo\u0107 Genie zglobne podizne platforme! Prona\u0111ite svoju Genie podiznu platformu za najam ili Genie podiznu platformu za kupnju u Riwalu, svom pouzdanom partneru na podru\u010dju radnih platformi. Genie zglobna podizna platforma Zglobna podizna platforma jam\u010di vama i\/ili va\u0161im zaposlenicima lak pristup bilo kojem podru\u010dju na gotovo &hellip; <a href=\"https:\/\/www.riwal.com\/hr\/kategorije-strojeva\/zglobna-platforma-genie\/\">Nastavak<\/a><\/p>\n","protected":false},"author":45,"featured_media":0,"parent":5549,"menu_order":0,"comment_status":"closed","ping_status":"closed","template":"","meta":{"_acf_changed":false,"footnotes":""},"class_list":["post-5581","page","type-page","status-publish","hentry"],"acf":[],"yoast_head":"<!-- This site is optimized with the Yoast SEO Premium plugin v27.1 (Yoast SEO v27.1.1) - https:\/\/yoast.com\/product\/yoast-seo-premium-wordpress\/ -->\n<title>Zglobna platforma Genie - Riwal Hrvatska<\/title>\n<meta name=\"robots\" content=\"index, follow, max-snippet:-1, max-image-preview:large, max-video-preview:-1\" \/>\n<link rel=\"canonical\" href=\"https:\/\/www.riwal.com\/hr\/kategorije-strojeva\/zglobna-platforma-genie\/\" \/>\n<meta property=\"og:locale\" content=\"hr_HR\" \/>\n<meta property=\"og:type\" content=\"article\" \/>\n<meta property=\"og:title\" content=\"Zglobna platforma Genie\" \/>\n<meta property=\"og:description\" content=\"Zglobna podizna platforma Genie Dosegnite vi\u0161e i dalje uz pomo\u0107 Genie zglobne podizne platforme! Prona\u0111ite svoju Genie podiznu platformu za najam ili Genie podiznu platformu za kupnju u Riwalu, svom pouzdanom partneru na podru\u010dju radnih platformi. Genie zglobna podizna platforma Zglobna podizna platforma jam\u010di vama i\/ili va\u0161im zaposlenicima lak pristup bilo kojem podru\u010dju na gotovo &hellip; Nastavak\" \/>\n<meta property=\"og:url\" content=\"https:\/\/www.riwal.com\/hr\/kategorije-strojeva\/zglobna-platforma-genie\/\" \/>\n<meta property=\"og:site_name\" content=\"Riwal Hrvatska\" \/>\n<meta property=\"og:image\" content=\"https:\/\/www.riwal.com\/app\/uploads\/sites\/11\/2024\/02\/teaser-genie-articulating-boom-lift.webp\" \/>\n<meta name=\"twitter:card\" content=\"summary_large_image\" \/>\n<meta name=\"twitter:label1\" content=\"Est. reading time\" \/>\n\t<meta name=\"twitter:data1\" content=\"4 minute\" \/>\n<script type=\"application\/ld+json\" class=\"yoast-schema-graph\">{\"@context\":\"https:\/\/schema.org\",\"@graph\":[{\"@type\":\"WebPage\",\"@id\":\"https:\/\/www.riwal.com\/hr\/kategorije-strojeva\/zglobna-platforma-genie\/\",\"url\":\"https:\/\/www.riwal.com\/hr\/kategorije-strojeva\/zglobna-platforma-genie\/\",\"name\":\"Zglobna platforma Genie - Riwal Hrvatska\",\"isPartOf\":{\"@id\":\"https:\/\/www.riwal.com\/hr\/#website\"},\"primaryImageOfPage\":{\"@id\":\"https:\/\/www.riwal.com\/hr\/kategorije-strojeva\/zglobna-platforma-genie\/#primaryimage\"},\"image\":{\"@id\":\"https:\/\/www.riwal.com\/hr\/kategorije-strojeva\/zglobna-platforma-genie\/#primaryimage\"},\"thumbnailUrl\":\"https:\/\/www.riwal.com\/app\/uploads\/sites\/11\/2024\/02\/teaser-genie-articulating-boom-lift.webp\",\"datePublished\":\"2024-02-06T09:12:00+00:00\",\"breadcrumb\":{\"@id\":\"https:\/\/www.riwal.com\/hr\/kategorije-strojeva\/zglobna-platforma-genie\/#breadcrumb\"},\"inLanguage\":\"hr\",\"potentialAction\":[{\"@type\":\"ReadAction\",\"target\":[\"https:\/\/www.riwal.com\/hr\/kategorije-strojeva\/zglobna-platforma-genie\/\"]}]},{\"@type\":\"ImageObject\",\"inLanguage\":\"hr\",\"@id\":\"https:\/\/www.riwal.com\/hr\/kategorije-strojeva\/zglobna-platforma-genie\/#primaryimage\",\"url\":\"https:\/\/www.riwal.com\/app\/uploads\/sites\/11\/2024\/02\/teaser-genie-articulating-boom-lift.webp\",\"contentUrl\":\"https:\/\/www.riwal.com\/app\/uploads\/sites\/11\/2024\/02\/teaser-genie-articulating-boom-lift.webp\"},{\"@type\":\"BreadcrumbList\",\"@id\":\"https:\/\/www.riwal.com\/hr\/kategorije-strojeva\/zglobna-platforma-genie\/#breadcrumb\",\"itemListElement\":[{\"@type\":\"ListItem\",\"position\":1,\"name\":\"Doma\",\"item\":\"https:\/\/www.riwal.com\/hr\/\"},{\"@type\":\"ListItem\",\"position\":2,\"name\":\"Kategorije strojeva\",\"item\":\"https:\/\/www.riwal.com\/hr\/kategorije-strojeva\/\"},{\"@type\":\"ListItem\",\"position\":3,\"name\":\"Zglobna platforma Genie\"}]},{\"@type\":\"WebSite\",\"@id\":\"https:\/\/www.riwal.com\/hr\/#website\",\"url\":\"https:\/\/www.riwal.com\/hr\/\",\"name\":\"Riwal\",\"description\":\"Arial work platform &amp; Telehandler Rental\/Sales\",\"publisher\":{\"@id\":\"https:\/\/www.riwal.com\/hr\/#organization\"},\"potentialAction\":[{\"@type\":\"SearchAction\",\"target\":{\"@type\":\"EntryPoint\",\"urlTemplate\":\"https:\/\/www.riwal.com\/hr\/?s={search_term_string}\"},\"query-input\":{\"@type\":\"PropertyValueSpecification\",\"valueRequired\":true,\"valueName\":\"search_term_string\"}}],\"inLanguage\":\"hr\"},{\"@type\":\"Organization\",\"@id\":\"https:\/\/www.riwal.com\/hr\/#organization\",\"name\":\"Riwal\",\"url\":\"https:\/\/www.riwal.com\/hr\/\",\"logo\":{\"@type\":\"ImageObject\",\"inLanguage\":\"hr\",\"@id\":\"https:\/\/www.riwal.com\/hr\/#\/schema\/logo\/image\/\",\"url\":\"\",\"contentUrl\":\"\",\"caption\":\"Riwal\"},\"image\":{\"@id\":\"https:\/\/www.riwal.com\/hr\/#\/schema\/logo\/image\/\"}}]}<\/script>\n<!-- \/ Yoast SEO Premium plugin. -->","yoast_head_json":{"title":"Zglobna platforma Genie - Riwal Hrvatska","robots":{"index":"index","follow":"follow","max-snippet":"max-snippet:-1","max-image-preview":"max-image-preview:large","max-video-preview":"max-video-preview:-1"},"canonical":"https:\/\/www.riwal.com\/hr\/kategorije-strojeva\/zglobna-platforma-genie\/","og_locale":"hr_HR","og_type":"article","og_title":"Zglobna platforma Genie","og_description":"Zglobna podizna platforma Genie Dosegnite vi\u0161e i dalje uz pomo\u0107 Genie zglobne podizne platforme! Prona\u0111ite svoju Genie podiznu platformu za najam ili Genie podiznu platformu za kupnju u Riwalu, svom pouzdanom partneru na podru\u010dju radnih platformi. Genie zglobna podizna platforma Zglobna podizna platforma jam\u010di vama i\/ili va\u0161im zaposlenicima lak pristup bilo kojem podru\u010dju na gotovo &hellip; Nastavak","og_url":"https:\/\/www.riwal.com\/hr\/kategorije-strojeva\/zglobna-platforma-genie\/","og_site_name":"Riwal Hrvatska","og_image":[{"url":"https:\/\/www.riwal.com\/app\/uploads\/sites\/11\/2024\/02\/teaser-genie-articulating-boom-lift.webp","type":"","width":"","height":""}],"twitter_card":"summary_large_image","twitter_misc":{"Est. reading time":"4 minute"},"schema":{"@context":"https:\/\/schema.org","@graph":[{"@type":"WebPage","@id":"https:\/\/www.riwal.com\/hr\/kategorije-strojeva\/zglobna-platforma-genie\/","url":"https:\/\/www.riwal.com\/hr\/kategorije-strojeva\/zglobna-platforma-genie\/","name":"Zglobna platforma Genie - Riwal Hrvatska","isPartOf":{"@id":"https:\/\/www.riwal.com\/hr\/#website"},"primaryImageOfPage":{"@id":"https:\/\/www.riwal.com\/hr\/kategorije-strojeva\/zglobna-platforma-genie\/#primaryimage"},"image":{"@id":"https:\/\/www.riwal.com\/hr\/kategorije-strojeva\/zglobna-platforma-genie\/#primaryimage"},"thumbnailUrl":"https:\/\/www.riwal.com\/app\/uploads\/sites\/11\/2024\/02\/teaser-genie-articulating-boom-lift.webp","datePublished":"2024-02-06T09:12:00+00:00","breadcrumb":{"@id":"https:\/\/www.riwal.com\/hr\/kategorije-strojeva\/zglobna-platforma-genie\/#breadcrumb"},"inLanguage":"hr","potentialAction":[{"@type":"ReadAction","target":["https:\/\/www.riwal.com\/hr\/kategorije-strojeva\/zglobna-platforma-genie\/"]}]},{"@type":"ImageObject","inLanguage":"hr","@id":"https:\/\/www.riwal.com\/hr\/kategorije-strojeva\/zglobna-platforma-genie\/#primaryimage","url":"https:\/\/www.riwal.com\/app\/uploads\/sites\/11\/2024\/02\/teaser-genie-articulating-boom-lift.webp","contentUrl":"https:\/\/www.riwal.com\/app\/uploads\/sites\/11\/2024\/02\/teaser-genie-articulating-boom-lift.webp"},{"@type":"BreadcrumbList","@id":"https:\/\/www.riwal.com\/hr\/kategorije-strojeva\/zglobna-platforma-genie\/#breadcrumb","itemListElement":[{"@type":"ListItem","position":1,"name":"Doma","item":"https:\/\/www.riwal.com\/hr\/"},{"@type":"ListItem","position":2,"name":"Kategorije strojeva","item":"https:\/\/www.riwal.com\/hr\/kategorije-strojeva\/"},{"@type":"ListItem","position":3,"name":"Zglobna platforma Genie"}]},{"@type":"WebSite","@id":"https:\/\/www.riwal.com\/hr\/#website","url":"https:\/\/www.riwal.com\/hr\/","name":"Riwal","description":"Arial work platform &amp; Telehandler Rental\/Sales","publisher":{"@id":"https:\/\/www.riwal.com\/hr\/#organization"},"potentialAction":[{"@type":"SearchAction","target":{"@type":"EntryPoint","urlTemplate":"https:\/\/www.riwal.com\/hr\/?s={search_term_string}"},"query-input":{"@type":"PropertyValueSpecification","valueRequired":true,"valueName":"search_term_string"}}],"inLanguage":"hr"},{"@type":"Organization","@id":"https:\/\/www.riwal.com\/hr\/#organization","name":"Riwal","url":"https:\/\/www.riwal.com\/hr\/","logo":{"@type":"ImageObject","inLanguage":"hr","@id":"https:\/\/www.riwal.com\/hr\/#\/schema\/logo\/image\/","url":"","contentUrl":"","caption":"Riwal"},"image":{"@id":"https:\/\/www.riwal.com\/hr\/#\/schema\/logo\/image\/"}}]}},"_links":{"self":[{"href":"https:\/\/www.riwal.com\/hr\/wp-json\/wp\/v2\/pages\/5581","targetHints":{"allow":["GET"]}}],"collection":[{"href":"https:\/\/www.riwal.com\/hr\/wp-json\/wp\/v2\/pages"}],"about":[{"href":"https:\/\/www.riwal.com\/hr\/wp-json\/wp\/v2\/types\/page"}],"author":[{"embeddable":true,"href":"https:\/\/www.riwal.com\/hr\/wp-json\/wp\/v2\/users\/45"}],"replies":[{"embeddable":true,"href":"https:\/\/www.riwal.com\/hr\/wp-json\/wp\/v2\/comments?post=5581"}],"version-history":[{"count":1,"href":"https:\/\/www.riwal.com\/hr\/wp-json\/wp\/v2\/pages\/5581\/revisions"}],"predecessor-version":[{"id":5583,"href":"https:\/\/www.riwal.com\/hr\/wp-json\/wp\/v2\/pages\/5581\/revisions\/5583"}],"up":[{"embeddable":true,"href":"https:\/\/www.riwal.com\/hr\/wp-json\/wp\/v2\/pages\/5549"}],"wp:attachment":[{"href":"https:\/\/www.riwal.com\/hr\/wp-json\/wp\/v2\/media?parent=5581"}],"curies":[{"name":"wp","href":"https:\/\/api.w.org\/{rel}","templated":true}]}}