{"id":5580,"date":"2024-02-06T09:10:52","date_gmt":"2024-02-06T09:10:52","guid":{"rendered":"https:\/\/www.riwal.com\/hr\/?page_id=5580"},"modified":"2024-02-06T09:10:53","modified_gmt":"2024-02-06T09:10:53","slug":"jlg-skarasta-platforma","status":"publish","type":"page","link":"https:\/\/www.riwal.com\/hr\/kategorije-strojeva\/jlg-skarasta-platforma\/","title":{"rendered":"JLG \u0161karasta platforma"},"content":{"rendered":"<div class=\"container\">\n<h2 class=\"wp-block-heading\" id=\"h-jlg-skarasta-podizna-platforma\">JLG \u0161karasta podizna platforma<\/h2>\n<\/div>\n\n<div class=\"rental-wp-default-block rental-theme-block-default-margin\">\n\t\t\t\t\t\t\t\t<div class=\"container\">\n<div class=\"wp-block-columns is-layout-flex wp-container-core-columns-is-layout-28f84493 wp-block-columns-is-layout-flex\">\n<div class=\"wp-block-column is-layout-flow wp-block-column-is-layout-flow\" style=\"flex-basis:66.66%\">\n<p>Rad na ekstremnim visinama mo\u017ee biti prili\u010dno opasan. Pogotovo ako ne koristite odgovaraju\u0107u podiznu opremu da ljude i materijal podignete u visinu. Uz JLG \u0161karastu podiznu platformu zabrinutost oko sigurnosti je stvar pro\u0161losti. Kao vode\u0107i proizvo\u0111a\u010d opreme za rad na visini, JLG proizvodi vrhunske \u0161karaste podizne platforme koje kombiniraju sigurnost i prakti\u010dnost. JLG \u0161karastu podiznu platformu \u0107ete prona\u0107i u Riwalu, va\u0161em JLG partneru za najam i dobavlja\u010du JLG mehanizacije. Bilo da planirate ulo\u017eiti u vlastitu JLG \u0161karastu podiznu platformu ili je unajmiti za jednokratni projekt, Riwal vam nudi naj\u0161iri izbor i najbolju uslugu.&nbsp;<\/p>\n\n\n\n<h2 class=\"wp-block-heading\"><strong>Prednosti kori\u0161tenja &nbsp;JLG \u0161karaste podizne platforme<\/strong><\/h2>\n\n\n\n<p>Kao \u0161to je ve\u0107 istaknuto, JLG je vode\u0107i svjetski proizvo\u0111a\u010d opreme za rad na visini. To jam\u010di da su njihove \u0161karaste podizne platforme vrhunske kvalitete, poznate po sigurnosti i lako\u0107i upravljanja. Dosegnite visoko i jo\u0161 vi\u0161e s JLG \u0161karastom podiznom platformom. Ona \u0107e vas dovesti do velikih visina i omogu\u0107iti vama i va\u0161im zaposlenicima pristup dotad te\u0161ko dostupnim radnim podru\u010djima. S \u010dvrstom bazom i prostranom radnom platformom JLG \u0161karaste podizne platforme pru\u017eaju vam najve\u0107u mogu\u0107u udobnost tijekom obavljanja posla. \u010cak i u najte\u017eim radnim uvjetima JLG \u0161karaste podizne platforme obavit \u0107e zadatak.<\/p>\n\n\n\n<h2 class=\"wp-block-heading\"><strong>Riwal kao va\u0161 JLG partner za najam<\/strong><\/h2>\n\n\n\n<p>Riwal je vode\u0107i specijalist za JLG \u0161karaste podizne platforme u Europi, na Bliskom istoku, u Kazahstanu i Indiji. Iz na\u0161e ponude od preko 15.000 strojeva mo\u017eemo vam ponuditi JLG \u0161karastu podiznu platformu za svaki projekt u najrazli\u010ditijim industrijama, uvijek u skladu s va\u0161im zahtjevima. Zahvaljuju\u0107i \u0161irokoj mre\u017ei podru\u017enica, mo\u017eemo vam osigurati \u0161karaste podizne platforme i druge strojeve svuda u svijetu. S Riwalom kao JLG partnerom za najam i postoje\u0107i i novi kupci mogu unajmiti \u0161karastu podiznu platformu u blizini lokacije na kojoj rade. Dopustite da vas na\u0161 stru\u010dni tim za najam savjetuje o mogu\u0107nostima na\u0161ih \u0161karastih podiznih platformi i donesite promi\u0161ljenu odluku.<br><\/p>\n\n\n\n<h2 class=\"wp-block-heading\"><strong>Kupnja JLG \u0161karaste podizne platforme<\/strong><\/h2>\n\n\n\n<p>Kao specijalisti za JLG mehanizaciju, mi smo i va\u0161 dobavlja\u010d kad se odlu\u010dite ulo\u017eiti u kupnju vlastite JLG \u0161karaste podizne platforme. Znamo da je siguran rad na ekstremnim visinama va\u0161em poduze\u0107u izrazito va\u017ean u poslovima izgradnje, postavljanja instalacija i na podru\u010dju logistike. Zato je kupnja \u0161karaste podizne platforme u Riwalu uvijek najbolja ideja. Na\u0161i \u0107e vam stru\u010dnjaci rado dati vrlo precizne savjete kako bi bili sigurni da \u0107e JLG \u0161karasta podizna platforma koju kupite zadovoljiti va\u0161e zahtjeve i potrebe.<\/p>\n\n\n\n<h2 class=\"wp-block-heading\">Obuka i certificiranje<\/h2>\n\n\n\n<p>Ako vi ili netko od va\u0161ih zaposlenika morate raditi s JLG \u0161karastom podiznom platformom koju kupujete ili unajmljujete, ali nemate odgovaraju\u0107a znanja i certifikate, Riwal vam u svom Centru za obuku nudi te\u010dajeve za rad na podiznim platformama. Kad radite s ovim platformama, naravno da je izrazito va\u017eno da to \u010dinite \u0161to je mogu\u0107e sigurnije. Mo\u017eda \u0107e vam biti potrebno osnovno poznavanje stroja i poha\u0111anje te\u010daja. Na\u0161a temeljna obuka za rad na podiznoj platformi u skladu je s me\u0111unarodnim normama i va\u017ee\u0107im zakonima.&nbsp;<br><\/p>\n\n\n\n<h3 class=\"wp-block-heading\"><strong>Prona\u0111ite svoju JLG \u0161karastu podiznu platformu u Riwalu<\/strong><\/h3>\n\n\n\n<p>Ve\u0107 ste odlu\u010dili koju vrstu JLG \u0161karaste podizne platforme \u017eelite kupiti ili unajmiti? Ili trebate jo\u0161 koji savjet da biste mogli donijeti pravu odluku? Kako god, ne ustru\u010davajte se kontaktirati nas, mi \u0107emo vam sa zadovoljstvom dati potrebne informacije. Mnoga doma\u0107a i inozemna poduze\u0107a ve\u0107 su kupila JLG \u0161karastu podiznu platformu u Riwalu. Pridru\u017eite se na\u0161oj bazi klijenata i iskoristite uslugu koju vam Riwal nudi.<\/p>\n\n\n\n<p>Tra\u017eite JLG \u0161karastu podiznu platformu koja \u0107e zadovoljiti va\u0161e specifi\u010dne zahtjeve? Prou\u010dite \u0161iroku Riwalovu ponudu! Na\u0107i \u0107ete bezbroj JLG podiznih platformi zajam\u010dene prvoklasne kvalitete za sve mogu\u0107e sektore. JLG je poznat po fleksibilnosti implementacije. Ne znate koja vrsta \u0161karaste podizne platforme odgovara va\u0161oj situaciji? Nema problema, na\u0161 tim stru\u010dnjaka rado \u0107e vam izlo\u017eiti sve mogu\u0107nosti. Samo nam javite \u0161to trebate, a mi \u0107emo vam pomo\u0107i odabrati pravu JLG \u0161karastu podiznu platformu.<\/p>\n\n\n\n<h2 class=\"wp-block-heading\">JLG \u0161karaste podizne platforme za kupnju i najam<\/h2>\n\n\n\n<p>Ovisno o va\u0161em bud\u017eetu i ciljevima, na\u0161i \u0107e vam konzultanti preporu\u010diti odre\u0111enu \u0161karastu podiznu platformu. Kad odaberete JLG \u0161karastu podiznu platformu, dobijete najvi\u0161u kvalitetu. Nudimo isklju\u010divo \u0161karaste podizne platforme renomiranih marki prema uputama proizvo\u0111a\u010da. Rabljenu \u0161karastu podiznu platformu kupujete na temelju po\u0161tenog i detaljnog savjeta od progresivnog me\u0111unarodnog igra\u010da kakav je Riwal. Mnogo ula\u017eemo i u nove \u0161karaste podizne platforme za najam.<\/p>\n\n\n\n<h2 class=\"wp-block-heading\">Na\u0161e usluge<\/h2>\n\n\n\n<p>Kupnja rabljene JLG \u0161karaste podizne platforme u Riwalu podrazumijeva:<br>&#8211; Visoku kvalitetu<br>&#8211; Nove i rabljene \u0161karaste podizne platforme<br>&#8211; Savjet stru\u010dnjaka<br>&#8211; Razne marke i modele<\/p>\n\n\n\n<h2 class=\"wp-block-heading\"><strong>JLG \u0161karasta podizna platforma iz Riwala<\/strong><\/h2>\n\n\n\n<p>Riwal je vode\u0107i specijalist za JLG \u0161karaste podizne platforme u Europi, na Bliskom istoku, u Kazahstanu i Indiji. Iz na\u0161e ponude od preko 15.000 strojeva mo\u017eemo vam ponuditi JLG \u0161karastu podiznu platformu za svaki projekt u najrazli\u010ditijim industrijama, uvijek u skladu s va\u0161im zahtjevima. Zahvaljuju\u0107i \u0161irokoj mre\u017ei podru\u017enica, mo\u017eemo vam osigurati \u0161karaste podizne platforme i druge strojeve svuda u svijetu. Tako i postoje\u0107i i novi kupci mogu unajmiti \u0161karastu podiznu platformu u blizini lokacije na kojoj rade.<\/p>\n\n\n\n<h3 class=\"wp-block-heading\">Jo\u0161 informacija?<\/h3>\n\n\n\n<p>Prou\u010dili ste na\u0161u \u0161iroku ponudu i imate pitanje? Slobodno nas kontaktirajte. Mi smo tu da vam pomognemo prona\u0107i pravo rje\u0161enje. Uz to \u0107emo osigurati da s razli\u010ditim strojevima radite sigurno. Mo\u017eete nam se javiti telefonom ili e-mailom. \u017delite biti u toku s najnovijim proizvodima i akcijama? Pratite nas na dru\u0161tvenim mre\u017eama.<\/p>\n<\/div>\n\n\n\n<div class=\"wp-block-column is-layout-flow wp-block-column-is-layout-flow\" style=\"flex-basis:33.33%\">\n<figure class=\"wp-block-image size-full\"><img loading=\"lazy\" decoding=\"async\" width=\"450\" height=\"230\" src=\"https:\/\/eqsk4m2dkju.exactdn.com\/app\/uploads\/sites\/11\/2024\/02\/JLG-scissors.webp?strip=all&quality=92&webp=92&avif=80&sharp=1\" alt=\"\" class=\"wp-image-5573\" srcset=\"https:\/\/eqsk4m2dkju.exactdn.com\/app\/uploads\/sites\/11\/2024\/02\/JLG-scissors.webp?strip=all&amp;quality=92&amp;webp=92&amp;avif=80&amp;sharp=1 450w, https:\/\/eqsk4m2dkju.exactdn.com\/app\/uploads\/sites\/11\/2024\/02\/JLG-scissors-300x153.webp?strip=all&amp;quality=92&amp;webp=92&amp;avif=80&amp;sharp=1 300w, https:\/\/eqsk4m2dkju.exactdn.com\/app\/uploads\/sites\/11\/2024\/02\/JLG-scissors-178x91.webp?strip=all&amp;quality=92&amp;webp=92&amp;avif=80&amp;sharp=1 178w, https:\/\/eqsk4m2dkju.exactdn.com\/app\/uploads\/sites\/11\/2024\/02\/JLG-scissors-390x199.webp?strip=all&amp;quality=92&amp;webp=92&amp;avif=80&amp;sharp=1 390w, https:\/\/eqsk4m2dkju.exactdn.com\/app\/uploads\/sites\/11\/2024\/02\/JLG-scissors-250x128.webp?strip=all&amp;quality=92&amp;webp=92&amp;avif=80&amp;sharp=1 250w, https:\/\/eqsk4m2dkju.exactdn.com\/app\/uploads\/sites\/11\/2024\/02\/JLG-scissors-237x121.webp?strip=all&amp;quality=92&amp;webp=92&amp;avif=80&amp;sharp=1 237w, https:\/\/eqsk4m2dkju.exactdn.com\/app\/uploads\/sites\/11\/2024\/02\/JLG-scissors.webp?strip=all&amp;quality=92&amp;webp=92&amp;avif=80&amp;sharp=1&amp;w=90 90w\" sizes=\"auto, (max-width: 450px) 100vw, 450px\" \/><\/figure>\n\n\n\n<figure class=\"wp-block-image size-full\"><img loading=\"lazy\" decoding=\"async\" width=\"800\" height=\"609\" src=\"https:\/\/eqsk4m2dkju.exactdn.com\/app\/uploads\/sites\/11\/2024\/02\/Josip1_web.webp?strip=all&quality=92&webp=92&avif=80&sharp=1\" alt=\"\" class=\"wp-image-5552\" srcset=\"https:\/\/eqsk4m2dkju.exactdn.com\/app\/uploads\/sites\/11\/2024\/02\/Josip1_web.webp?strip=all&amp;quality=92&amp;webp=92&amp;avif=80&amp;sharp=1 800w, https:\/\/eqsk4m2dkju.exactdn.com\/app\/uploads\/sites\/11\/2024\/02\/Josip1_web-300x228.webp?strip=all&amp;quality=92&amp;webp=92&amp;avif=80&amp;sharp=1 300w, https:\/\/eqsk4m2dkju.exactdn.com\/app\/uploads\/sites\/11\/2024\/02\/Josip1_web-768x585.webp?strip=all&amp;quality=92&amp;webp=92&amp;avif=80&amp;sharp=1 768w, https:\/\/eqsk4m2dkju.exactdn.com\/app\/uploads\/sites\/11\/2024\/02\/Josip1_web-178x136.webp?strip=all&amp;quality=92&amp;webp=92&amp;avif=80&amp;sharp=1 178w, https:\/\/eqsk4m2dkju.exactdn.com\/app\/uploads\/sites\/11\/2024\/02\/Josip1_web-390x297.webp?strip=all&amp;quality=92&amp;webp=92&amp;avif=80&amp;sharp=1 390w, https:\/\/eqsk4m2dkju.exactdn.com\/app\/uploads\/sites\/11\/2024\/02\/Josip1_web-250x190.webp?strip=all&amp;quality=92&amp;webp=92&amp;avif=80&amp;sharp=1 250w, https:\/\/eqsk4m2dkju.exactdn.com\/app\/uploads\/sites\/11\/2024\/02\/Josip1_web-620x472.webp?strip=all&amp;quality=92&amp;webp=92&amp;avif=80&amp;sharp=1 620w, https:\/\/eqsk4m2dkju.exactdn.com\/app\/uploads\/sites\/11\/2024\/02\/Josip1_web-237x180.webp?strip=all&amp;quality=92&amp;webp=92&amp;avif=80&amp;sharp=1 237w, https:\/\/eqsk4m2dkju.exactdn.com\/app\/uploads\/sites\/11\/2024\/02\/Josip1_web-474x361.webp?strip=all&amp;quality=92&amp;webp=92&amp;avif=80&amp;sharp=1 474w\" sizes=\"auto, (max-width: 800px) 100vw, 800px\" \/><\/figure>\n\n\n\n<p><strong>Jeste li zainteresirani?<\/strong><\/p>\n\n\n\n<p>info-hr@riwal.com<\/p>\n\n\n\n<p>Nazovite nas: 01 2763 581<\/p>\n\n\n\n<div class=\"wp-block-buttons is-layout-flex wp-block-buttons-is-layout-flex\">\n<div class=\"wp-block-button\"><a class=\"wp-block-button__link wp-element-button\" href=\"https:\/\/www.riwal.com\/hr\/najam\/\">Prona\u0111ite strojeve za najam<\/a><\/div>\n<\/div>\n\n\n\n<div class=\"wp-block-buttons is-layout-flex wp-block-buttons-is-layout-flex\">\n<div class=\"wp-block-button\"><a class=\"wp-block-button__link wp-element-button\" href=\"https:\/\/www.riwal.com\/hr\/prodaja\/rabljeni-strojevi\/\">Prona\u0111ite rabljene strojeve za prodaju<\/a><\/div>\n<\/div>\n\n\n\n<div class=\"wp-block-columns is-layout-flex wp-container-core-columns-is-layout-28f84493 wp-block-columns-is-layout-flex\">\n<div class=\"wp-block-column is-layout-flow wp-block-column-is-layout-flow\"><\/div>\n\n\n\n<div class=\"wp-block-column is-layout-flow wp-block-column-is-layout-flow\"><\/div>\n<\/div>\n<\/div>\n<\/div>\n<\/div>\n\t\t\t\t\t\t\t<\/div> ","protected":false},"excerpt":{"rendered":"<p>JLG \u0161karasta podizna platforma Rad na ekstremnim visinama mo\u017ee biti prili\u010dno opasan. Pogotovo ako ne koristite odgovaraju\u0107u podiznu opremu da ljude i materijal podignete u visinu. Uz JLG \u0161karastu podiznu platformu zabrinutost oko sigurnosti je stvar pro\u0161losti. Kao vode\u0107i proizvo\u0111a\u010d opreme za rad na visini, JLG proizvodi vrhunske \u0161karaste podizne platforme koje kombiniraju sigurnost i &hellip; <a href=\"https:\/\/www.riwal.com\/hr\/kategorije-strojeva\/jlg-skarasta-platforma\/\">Nastavak<\/a><\/p>\n","protected":false},"author":45,"featured_media":0,"parent":5549,"menu_order":0,"comment_status":"closed","ping_status":"closed","template":"","meta":{"_acf_changed":false,"footnotes":""},"class_list":["post-5580","page","type-page","status-publish","hentry"],"acf":[],"yoast_head":"<!-- This site is optimized with the Yoast SEO Premium plugin v27.1 (Yoast SEO v27.1.1) - https:\/\/yoast.com\/product\/yoast-seo-premium-wordpress\/ -->\n<title>JLG \u0161karasta platforma - Riwal Hrvatska<\/title>\n<meta name=\"robots\" content=\"index, follow, max-snippet:-1, max-image-preview:large, max-video-preview:-1\" \/>\n<link rel=\"canonical\" href=\"https:\/\/www.riwal.com\/hr\/kategorije-strojeva\/jlg-skarasta-platforma\/\" \/>\n<meta property=\"og:locale\" content=\"hr_HR\" \/>\n<meta property=\"og:type\" content=\"article\" \/>\n<meta property=\"og:title\" content=\"JLG \u0161karasta platforma\" \/>\n<meta property=\"og:description\" content=\"JLG \u0161karasta podizna platforma Rad na ekstremnim visinama mo\u017ee biti prili\u010dno opasan. Pogotovo ako ne koristite odgovaraju\u0107u podiznu opremu da ljude i materijal podignete u visinu. Uz JLG \u0161karastu podiznu platformu zabrinutost oko sigurnosti je stvar pro\u0161losti. Kao vode\u0107i proizvo\u0111a\u010d opreme za rad na visini, JLG proizvodi vrhunske \u0161karaste podizne platforme koje kombiniraju sigurnost i &hellip; Nastavak\" \/>\n<meta property=\"og:url\" content=\"https:\/\/www.riwal.com\/hr\/kategorije-strojeva\/jlg-skarasta-platforma\/\" \/>\n<meta property=\"og:site_name\" content=\"Riwal Hrvatska\" \/>\n<meta property=\"article:modified_time\" content=\"2024-02-06T09:10:53+00:00\" \/>\n<meta property=\"og:image\" content=\"https:\/\/www.riwal.com\/app\/uploads\/sites\/11\/2024\/02\/JLG-scissors.webp\" \/>\n<meta name=\"twitter:card\" content=\"summary_large_image\" \/>\n<meta name=\"twitter:label1\" content=\"Est. reading time\" \/>\n\t<meta name=\"twitter:data1\" content=\"6 minuta\" \/>\n<script type=\"application\/ld+json\" class=\"yoast-schema-graph\">{\"@context\":\"https:\/\/schema.org\",\"@graph\":[{\"@type\":\"WebPage\",\"@id\":\"https:\/\/www.riwal.com\/hr\/kategorije-strojeva\/jlg-skarasta-platforma\/\",\"url\":\"https:\/\/www.riwal.com\/hr\/kategorije-strojeva\/jlg-skarasta-platforma\/\",\"name\":\"JLG \u0161karasta platforma - Riwal Hrvatska\",\"isPartOf\":{\"@id\":\"https:\/\/www.riwal.com\/hr\/#website\"},\"primaryImageOfPage\":{\"@id\":\"https:\/\/www.riwal.com\/hr\/kategorije-strojeva\/jlg-skarasta-platforma\/#primaryimage\"},\"image\":{\"@id\":\"https:\/\/www.riwal.com\/hr\/kategorije-strojeva\/jlg-skarasta-platforma\/#primaryimage\"},\"thumbnailUrl\":\"https:\/\/www.riwal.com\/app\/uploads\/sites\/11\/2024\/02\/JLG-scissors.webp\",\"datePublished\":\"2024-02-06T09:10:52+00:00\",\"dateModified\":\"2024-02-06T09:10:53+00:00\",\"breadcrumb\":{\"@id\":\"https:\/\/www.riwal.com\/hr\/kategorije-strojeva\/jlg-skarasta-platforma\/#breadcrumb\"},\"inLanguage\":\"hr\",\"potentialAction\":[{\"@type\":\"ReadAction\",\"target\":[\"https:\/\/www.riwal.com\/hr\/kategorije-strojeva\/jlg-skarasta-platforma\/\"]}]},{\"@type\":\"ImageObject\",\"inLanguage\":\"hr\",\"@id\":\"https:\/\/www.riwal.com\/hr\/kategorije-strojeva\/jlg-skarasta-platforma\/#primaryimage\",\"url\":\"https:\/\/www.riwal.com\/app\/uploads\/sites\/11\/2024\/02\/JLG-scissors.webp\",\"contentUrl\":\"https:\/\/www.riwal.com\/app\/uploads\/sites\/11\/2024\/02\/JLG-scissors.webp\"},{\"@type\":\"BreadcrumbList\",\"@id\":\"https:\/\/www.riwal.com\/hr\/kategorije-strojeva\/jlg-skarasta-platforma\/#breadcrumb\",\"itemListElement\":[{\"@type\":\"ListItem\",\"position\":1,\"name\":\"Doma\",\"item\":\"https:\/\/www.riwal.com\/hr\/\"},{\"@type\":\"ListItem\",\"position\":2,\"name\":\"Kategorije strojeva\",\"item\":\"https:\/\/www.riwal.com\/hr\/kategorije-strojeva\/\"},{\"@type\":\"ListItem\",\"position\":3,\"name\":\"JLG \u0161karasta platforma\"}]},{\"@type\":\"WebSite\",\"@id\":\"https:\/\/www.riwal.com\/hr\/#website\",\"url\":\"https:\/\/www.riwal.com\/hr\/\",\"name\":\"Riwal\",\"description\":\"Arial work platform &amp; Telehandler Rental\/Sales\",\"publisher\":{\"@id\":\"https:\/\/www.riwal.com\/hr\/#organization\"},\"potentialAction\":[{\"@type\":\"SearchAction\",\"target\":{\"@type\":\"EntryPoint\",\"urlTemplate\":\"https:\/\/www.riwal.com\/hr\/?s={search_term_string}\"},\"query-input\":{\"@type\":\"PropertyValueSpecification\",\"valueRequired\":true,\"valueName\":\"search_term_string\"}}],\"inLanguage\":\"hr\"},{\"@type\":\"Organization\",\"@id\":\"https:\/\/www.riwal.com\/hr\/#organization\",\"name\":\"Riwal\",\"url\":\"https:\/\/www.riwal.com\/hr\/\",\"logo\":{\"@type\":\"ImageObject\",\"inLanguage\":\"hr\",\"@id\":\"https:\/\/www.riwal.com\/hr\/#\/schema\/logo\/image\/\",\"url\":\"\",\"contentUrl\":\"\",\"caption\":\"Riwal\"},\"image\":{\"@id\":\"https:\/\/www.riwal.com\/hr\/#\/schema\/logo\/image\/\"}}]}<\/script>\n<!-- \/ Yoast SEO Premium plugin. -->","yoast_head_json":{"title":"JLG \u0161karasta platforma - Riwal Hrvatska","robots":{"index":"index","follow":"follow","max-snippet":"max-snippet:-1","max-image-preview":"max-image-preview:large","max-video-preview":"max-video-preview:-1"},"canonical":"https:\/\/www.riwal.com\/hr\/kategorije-strojeva\/jlg-skarasta-platforma\/","og_locale":"hr_HR","og_type":"article","og_title":"JLG \u0161karasta platforma","og_description":"JLG \u0161karasta podizna platforma Rad na ekstremnim visinama mo\u017ee biti prili\u010dno opasan. Pogotovo ako ne koristite odgovaraju\u0107u podiznu opremu da ljude i materijal podignete u visinu. Uz JLG \u0161karastu podiznu platformu zabrinutost oko sigurnosti je stvar pro\u0161losti. Kao vode\u0107i proizvo\u0111a\u010d opreme za rad na visini, JLG proizvodi vrhunske \u0161karaste podizne platforme koje kombiniraju sigurnost i &hellip; Nastavak","og_url":"https:\/\/www.riwal.com\/hr\/kategorije-strojeva\/jlg-skarasta-platforma\/","og_site_name":"Riwal Hrvatska","article_modified_time":"2024-02-06T09:10:53+00:00","og_image":[{"url":"https:\/\/www.riwal.com\/app\/uploads\/sites\/11\/2024\/02\/JLG-scissors.webp","type":"","width":"","height":""}],"twitter_card":"summary_large_image","twitter_misc":{"Est. reading time":"6 minuta"},"schema":{"@context":"https:\/\/schema.org","@graph":[{"@type":"WebPage","@id":"https:\/\/www.riwal.com\/hr\/kategorije-strojeva\/jlg-skarasta-platforma\/","url":"https:\/\/www.riwal.com\/hr\/kategorije-strojeva\/jlg-skarasta-platforma\/","name":"JLG \u0161karasta platforma - Riwal Hrvatska","isPartOf":{"@id":"https:\/\/www.riwal.com\/hr\/#website"},"primaryImageOfPage":{"@id":"https:\/\/www.riwal.com\/hr\/kategorije-strojeva\/jlg-skarasta-platforma\/#primaryimage"},"image":{"@id":"https:\/\/www.riwal.com\/hr\/kategorije-strojeva\/jlg-skarasta-platforma\/#primaryimage"},"thumbnailUrl":"https:\/\/www.riwal.com\/app\/uploads\/sites\/11\/2024\/02\/JLG-scissors.webp","datePublished":"2024-02-06T09:10:52+00:00","dateModified":"2024-02-06T09:10:53+00:00","breadcrumb":{"@id":"https:\/\/www.riwal.com\/hr\/kategorije-strojeva\/jlg-skarasta-platforma\/#breadcrumb"},"inLanguage":"hr","potentialAction":[{"@type":"ReadAction","target":["https:\/\/www.riwal.com\/hr\/kategorije-strojeva\/jlg-skarasta-platforma\/"]}]},{"@type":"ImageObject","inLanguage":"hr","@id":"https:\/\/www.riwal.com\/hr\/kategorije-strojeva\/jlg-skarasta-platforma\/#primaryimage","url":"https:\/\/www.riwal.com\/app\/uploads\/sites\/11\/2024\/02\/JLG-scissors.webp","contentUrl":"https:\/\/www.riwal.com\/app\/uploads\/sites\/11\/2024\/02\/JLG-scissors.webp"},{"@type":"BreadcrumbList","@id":"https:\/\/www.riwal.com\/hr\/kategorije-strojeva\/jlg-skarasta-platforma\/#breadcrumb","itemListElement":[{"@type":"ListItem","position":1,"name":"Doma","item":"https:\/\/www.riwal.com\/hr\/"},{"@type":"ListItem","position":2,"name":"Kategorije strojeva","item":"https:\/\/www.riwal.com\/hr\/kategorije-strojeva\/"},{"@type":"ListItem","position":3,"name":"JLG \u0161karasta platforma"}]},{"@type":"WebSite","@id":"https:\/\/www.riwal.com\/hr\/#website","url":"https:\/\/www.riwal.com\/hr\/","name":"Riwal","description":"Arial work platform &amp; Telehandler Rental\/Sales","publisher":{"@id":"https:\/\/www.riwal.com\/hr\/#organization"},"potentialAction":[{"@type":"SearchAction","target":{"@type":"EntryPoint","urlTemplate":"https:\/\/www.riwal.com\/hr\/?s={search_term_string}"},"query-input":{"@type":"PropertyValueSpecification","valueRequired":true,"valueName":"search_term_string"}}],"inLanguage":"hr"},{"@type":"Organization","@id":"https:\/\/www.riwal.com\/hr\/#organization","name":"Riwal","url":"https:\/\/www.riwal.com\/hr\/","logo":{"@type":"ImageObject","inLanguage":"hr","@id":"https:\/\/www.riwal.com\/hr\/#\/schema\/logo\/image\/","url":"","contentUrl":"","caption":"Riwal"},"image":{"@id":"https:\/\/www.riwal.com\/hr\/#\/schema\/logo\/image\/"}}]}},"_links":{"self":[{"href":"https:\/\/www.riwal.com\/hr\/wp-json\/wp\/v2\/pages\/5580","targetHints":{"allow":["GET"]}}],"collection":[{"href":"https:\/\/www.riwal.com\/hr\/wp-json\/wp\/v2\/pages"}],"about":[{"href":"https:\/\/www.riwal.com\/hr\/wp-json\/wp\/v2\/types\/page"}],"author":[{"embeddable":true,"href":"https:\/\/www.riwal.com\/hr\/wp-json\/wp\/v2\/users\/45"}],"replies":[{"embeddable":true,"href":"https:\/\/www.riwal.com\/hr\/wp-json\/wp\/v2\/comments?post=5580"}],"version-history":[{"count":1,"href":"https:\/\/www.riwal.com\/hr\/wp-json\/wp\/v2\/pages\/5580\/revisions"}],"predecessor-version":[{"id":5582,"href":"https:\/\/www.riwal.com\/hr\/wp-json\/wp\/v2\/pages\/5580\/revisions\/5582"}],"up":[{"embeddable":true,"href":"https:\/\/www.riwal.com\/hr\/wp-json\/wp\/v2\/pages\/5549"}],"wp:attachment":[{"href":"https:\/\/www.riwal.com\/hr\/wp-json\/wp\/v2\/media?parent=5580"}],"curies":[{"name":"wp","href":"https:\/\/api.w.org\/{rel}","templated":true}]}}