{"id":5578,"date":"2024-02-06T09:09:23","date_gmt":"2024-02-06T09:09:23","guid":{"rendered":"https:\/\/www.riwal.com\/hr\/?page_id=5578"},"modified":"2024-02-06T09:09:24","modified_gmt":"2024-02-06T09:09:24","slug":"jlg-teleskopski-vilicar","status":"publish","type":"page","link":"https:\/\/www.riwal.com\/hr\/kategorije-strojeva\/jlg-teleskopski-vilicar\/","title":{"rendered":"JLG teleskopski vili\u010dar"},"content":{"rendered":"<div class=\"container\">\n<h2 class=\"wp-block-heading\" id=\"h-jlg-teleskopski-vilicar\">JLG teleskopski vili\u010dar<\/h2>\n<\/div>\n\n<div class=\"rental-wp-default-block rental-theme-block-default-margin\">\n\t\t\t\t\t\t\t\t<div class=\"container\">\n<div class=\"wp-block-columns is-layout-flex wp-container-core-columns-is-layout-28f84493 wp-block-columns-is-layout-flex\">\n<div class=\"wp-block-column is-layout-flow wp-block-column-is-layout-flow\" style=\"flex-basis:66.66%\">\n<p>Trebate stroj koji \u0107e vam pomo\u0107i da spustite naru\u010denu robu s razli\u010ditih visina ili s lako\u0107om prebacite materijal s jednog mjesta na drugo? U tom je slu\u010daju teleskopski vili\u010dar ono \u0161to vam treba za va\u0161u tvrtku ili projekt. S JLG teleskopskim vili\u010darem dobivate vrhunsku opremu za rad. Svojom maksimalnom produktivno\u0161\u0107u i pouzdano\u0161\u0107u u svakom trenutku JLG teleskopski vili\u010dar olak\u0161at \u0107e rad u svakom okru\u017eenju, \u010dak i na mjestima s te\u0161kim uvjetima rada. U Riwalu \u0107ete na\u0107i svog JLG partnera za najam, kao i svog dobavlja\u010da JLG opreme. Vrhunska usluga i \u0161iroka ponuda raznih JLG teleskopskih vili\u010dara na lageru.<\/p>\n\n\n\n<h2 class=\"wp-block-heading\"><strong>JLG teleskopski vili\u010dar za pove\u0107anu produktivnost<\/strong><\/h2>\n\n\n\n<p>Kad radite s JLG teleskopskim vili\u010darem, radite s opremom vrhunske kvalitete, a to \u0107ete i primijetiti. Budu\u0107i da nudi najve\u0107u udobnost i strojeve koji se lako kre\u0107u, JLG \u0107e svaki posao u\u010diniti ugodnim. Kad je na gradili\u0161tu potrebno podizati materijal, npr. kod postavljanja krovova ili fasada, JLG teleskopski vili\u010dar pobrinut \u0107e se da sve zavr\u0161i ondje gdje treba, bez o\u0161te\u0107enja.<\/p>\n\n\n\n<h2 class=\"wp-block-heading\"><strong>Teleskopski vili\u010dar ili vili\u010dar?<\/strong><\/h2>\n\n\n\n<p>Teleskopski vili\u010dari op\u0107enito su osmi\u0161ljeni za podizanje i pomicanje te\u0161kih tereta, za upotrebu &#8211; ali ne isklju\u010divo &#8211; u poljoprivredi ili u industrijske i infrastrukturne gra\u0111evinske svrhe. Dijele se na teleskopske vili\u010dare s rotiraju\u0107im gornjim dijelom i teleskopske vili\u010dare s fiksnom teleskopskom rukom. Iako postoji sli\u010dnost s vili\u010darom, teleskopski vili\u010dar je daleko sna\u017eniji, \u0161to ga \u010dini savr\u0161enim za neravne terene. Osim toga, teleskopska ruka teleskopskog vili\u010dara nadma\u0161uje onu prosje\u010dnog vili\u010dara. A JLG teleskopski vili\u010dar? E, pa on u svim aspektima nadma\u0161uje ono \u0161to nudi standardni teleskopski vili\u010dar.<\/p>\n\n\n\n<h2 class=\"wp-block-heading\">JLG najam<\/h2>\n\n\n\n<p>Ako trebate teleskopski vili\u010dar samo za odre\u0111eni projekt ili ga ne namjeravate \u010desto koristiti, najam JLG teleskopskog vili\u010dara je pravo rje\u0161enje. U Riwalu \u0107ete otkriti savr\u0161enog JLG partnera za najam. Kao vode\u0107a svjetska tvrtka za iznajmljivanje platformi za rad na razli\u010ditim visinama, uvijek znamo koji je pravi JLG teleskopski vili\u010dar za va\u0161 posao, djelatnost ili projekt. Fokusirani smo na sigurnost i u\u010dinkovitost i sa zadovoljstvom \u0107emo vas informirati o raznim specifikacijama na\u0161ih strojeva, te vam pru\u017eiti pravu obuku i certificiranje. Kontaktirajte na\u0161 stru\u010dni tim za najam i dopustite nam da vas uputimo u sve mogu\u0107nosti.<\/p>\n\n\n\n<h2 class=\"wp-block-heading\"><strong>JLG teleskopski vili\u010dar za prodaju<\/strong><\/h2>\n\n\n\n<p>O\u010dekujete da \u0107ete svakodnevno koristiti svoj JLG teleskopski vili\u010dar? Riwal je va\u0161 dobavlja\u010d JLG-a sa \u0161irokom ponudom razli\u010ditih JLG teleskopskih vili\u010dara za najrazli\u010ditije industrije i projekte. Svjesni smo da vam je to velika investicija. Stoga \u0107e vas na\u0161i stru\u010dnjaci za JLG rado informirati o razli\u010ditim tipovima JLG opreme da biste donijeli pravu odluku.<br><\/p>\n\n\n\n<h3 class=\"wp-block-heading\">Na\u0111ite svoj JLG teleskopski vili\u010dar u Riwalu<\/h3>\n\n\n\n<p>Kao \u0161to je ve\u0107 istaknuto, Riwal je va\u0161 stru\u010dnjak za najam JLG opreme i va\u0161 pouzdani dobavlja\u010d JLG-a. Obratite nam se za vi\u0161e informacija, rado \u0107emo vam pomo\u0107i da odaberete pravi JLG teleskopski vili\u010dar za va\u0161u djelatnost ili projekt.<\/p>\n<\/div>\n\n\n\n<div class=\"wp-block-column is-layout-flow wp-block-column-is-layout-flow\" style=\"flex-basis:33.33%\">\n<figure class=\"wp-block-image size-full\"><img loading=\"lazy\" decoding=\"async\" width=\"450\" height=\"230\" src=\"https:\/\/eqsk4m2dkju.exactdn.com\/app\/uploads\/sites\/11\/2024\/02\/JLG-telehandlers.webp?strip=all&quality=92&webp=92&avif=80&sharp=1\" alt=\"\" class=\"wp-image-5574\" srcset=\"https:\/\/eqsk4m2dkju.exactdn.com\/app\/uploads\/sites\/11\/2024\/02\/JLG-telehandlers.webp?strip=all&amp;quality=92&amp;webp=92&amp;avif=80&amp;sharp=1 450w, https:\/\/eqsk4m2dkju.exactdn.com\/app\/uploads\/sites\/11\/2024\/02\/JLG-telehandlers-300x153.webp?strip=all&amp;quality=92&amp;webp=92&amp;avif=80&amp;sharp=1 300w, https:\/\/eqsk4m2dkju.exactdn.com\/app\/uploads\/sites\/11\/2024\/02\/JLG-telehandlers-178x91.webp?strip=all&amp;quality=92&amp;webp=92&amp;avif=80&amp;sharp=1 178w, https:\/\/eqsk4m2dkju.exactdn.com\/app\/uploads\/sites\/11\/2024\/02\/JLG-telehandlers-390x199.webp?strip=all&amp;quality=92&amp;webp=92&amp;avif=80&amp;sharp=1 390w, https:\/\/eqsk4m2dkju.exactdn.com\/app\/uploads\/sites\/11\/2024\/02\/JLG-telehandlers-250x128.webp?strip=all&amp;quality=92&amp;webp=92&amp;avif=80&amp;sharp=1 250w, https:\/\/eqsk4m2dkju.exactdn.com\/app\/uploads\/sites\/11\/2024\/02\/JLG-telehandlers-237x121.webp?strip=all&amp;quality=92&amp;webp=92&amp;avif=80&amp;sharp=1 237w, https:\/\/eqsk4m2dkju.exactdn.com\/app\/uploads\/sites\/11\/2024\/02\/JLG-telehandlers.webp?strip=all&amp;quality=92&amp;webp=92&amp;avif=80&amp;sharp=1&amp;w=90 90w\" sizes=\"auto, (max-width: 450px) 100vw, 450px\" \/><\/figure>\n\n\n\n<figure class=\"wp-block-image size-full\"><img loading=\"lazy\" decoding=\"async\" width=\"800\" height=\"609\" src=\"https:\/\/eqsk4m2dkju.exactdn.com\/app\/uploads\/sites\/11\/2024\/02\/Josip1_web.webp?strip=all&quality=92&webp=92&avif=80&sharp=1\" alt=\"\" class=\"wp-image-5552\" srcset=\"https:\/\/eqsk4m2dkju.exactdn.com\/app\/uploads\/sites\/11\/2024\/02\/Josip1_web.webp?strip=all&amp;quality=92&amp;webp=92&amp;avif=80&amp;sharp=1 800w, https:\/\/eqsk4m2dkju.exactdn.com\/app\/uploads\/sites\/11\/2024\/02\/Josip1_web-300x228.webp?strip=all&amp;quality=92&amp;webp=92&amp;avif=80&amp;sharp=1 300w, https:\/\/eqsk4m2dkju.exactdn.com\/app\/uploads\/sites\/11\/2024\/02\/Josip1_web-768x585.webp?strip=all&amp;quality=92&amp;webp=92&amp;avif=80&amp;sharp=1 768w, https:\/\/eqsk4m2dkju.exactdn.com\/app\/uploads\/sites\/11\/2024\/02\/Josip1_web-178x136.webp?strip=all&amp;quality=92&amp;webp=92&amp;avif=80&amp;sharp=1 178w, https:\/\/eqsk4m2dkju.exactdn.com\/app\/uploads\/sites\/11\/2024\/02\/Josip1_web-390x297.webp?strip=all&amp;quality=92&amp;webp=92&amp;avif=80&amp;sharp=1 390w, https:\/\/eqsk4m2dkju.exactdn.com\/app\/uploads\/sites\/11\/2024\/02\/Josip1_web-250x190.webp?strip=all&amp;quality=92&amp;webp=92&amp;avif=80&amp;sharp=1 250w, https:\/\/eqsk4m2dkju.exactdn.com\/app\/uploads\/sites\/11\/2024\/02\/Josip1_web-620x472.webp?strip=all&amp;quality=92&amp;webp=92&amp;avif=80&amp;sharp=1 620w, https:\/\/eqsk4m2dkju.exactdn.com\/app\/uploads\/sites\/11\/2024\/02\/Josip1_web-237x180.webp?strip=all&amp;quality=92&amp;webp=92&amp;avif=80&amp;sharp=1 237w, https:\/\/eqsk4m2dkju.exactdn.com\/app\/uploads\/sites\/11\/2024\/02\/Josip1_web-474x361.webp?strip=all&amp;quality=92&amp;webp=92&amp;avif=80&amp;sharp=1 474w\" sizes=\"auto, (max-width: 800px) 100vw, 800px\" \/><\/figure>\n\n\n\n<p><strong>Jeste li zainteresirani?<\/strong><\/p>\n\n\n\n<p>info-hr@riwal.com<\/p>\n\n\n\n<p>Nazovite nas: 01 2763 581<\/p>\n\n\n\n<div class=\"wp-block-buttons is-layout-flex wp-block-buttons-is-layout-flex\">\n<div class=\"wp-block-button\"><a class=\"wp-block-button__link wp-element-button\" href=\"https:\/\/www.riwal.com\/hr\/najam\/\">Prona\u0111ite strojeve za najam<\/a><\/div>\n<\/div>\n\n\n\n<div class=\"wp-block-buttons is-layout-flex wp-block-buttons-is-layout-flex\">\n<div class=\"wp-block-button\"><a class=\"wp-block-button__link wp-element-button\" href=\"https:\/\/www.riwal.com\/hr\/prodaja\/rabljeni-strojevi\/\">Prona\u0111ite rabljene strojeve za prodaju<\/a><\/div>\n<\/div>\n\n\n\n<div class=\"wp-block-columns is-layout-flex wp-container-core-columns-is-layout-28f84493 wp-block-columns-is-layout-flex\">\n<div class=\"wp-block-column is-layout-flow wp-block-column-is-layout-flow\"><\/div>\n\n\n\n<div class=\"wp-block-column is-layout-flow wp-block-column-is-layout-flow\"><\/div>\n<\/div>\n<\/div>\n<\/div>\n<\/div>\n\t\t\t\t\t\t\t<\/div> ","protected":false},"excerpt":{"rendered":"<p>JLG teleskopski vili\u010dar Trebate stroj koji \u0107e vam pomo\u0107i da spustite naru\u010denu robu s razli\u010ditih visina ili s lako\u0107om prebacite materijal s jednog mjesta na drugo? U tom je slu\u010daju teleskopski vili\u010dar ono \u0161to vam treba za va\u0161u tvrtku ili projekt. S JLG teleskopskim vili\u010darem dobivate vrhunsku opremu za rad. Svojom maksimalnom produktivno\u0161\u0107u i pouzdano\u0161\u0107u &hellip; <a href=\"https:\/\/www.riwal.com\/hr\/kategorije-strojeva\/jlg-teleskopski-vilicar\/\">Nastavak<\/a><\/p>\n","protected":false},"author":45,"featured_media":0,"parent":5549,"menu_order":0,"comment_status":"closed","ping_status":"closed","template":"","meta":{"_acf_changed":false,"footnotes":""},"class_list":["post-5578","page","type-page","status-publish","hentry"],"acf":[],"yoast_head":"<!-- This site is optimized with the Yoast SEO Premium plugin v27.1 (Yoast SEO v27.1.1) - https:\/\/yoast.com\/product\/yoast-seo-premium-wordpress\/ -->\n<title>JLG teleskopski vili\u010dar - Riwal Hrvatska<\/title>\n<meta name=\"robots\" content=\"index, follow, max-snippet:-1, max-image-preview:large, max-video-preview:-1\" \/>\n<link rel=\"canonical\" href=\"https:\/\/www.riwal.com\/hr\/kategorije-strojeva\/jlg-teleskopski-vilicar\/\" \/>\n<meta property=\"og:locale\" content=\"hr_HR\" \/>\n<meta property=\"og:type\" content=\"article\" \/>\n<meta property=\"og:title\" content=\"JLG teleskopski vili\u010dar\" \/>\n<meta property=\"og:description\" content=\"JLG teleskopski vili\u010dar Trebate stroj koji \u0107e vam pomo\u0107i da spustite naru\u010denu robu s razli\u010ditih visina ili s lako\u0107om prebacite materijal s jednog mjesta na drugo? U tom je slu\u010daju teleskopski vili\u010dar ono \u0161to vam treba za va\u0161u tvrtku ili projekt. S JLG teleskopskim vili\u010darem dobivate vrhunsku opremu za rad. Svojom maksimalnom produktivno\u0161\u0107u i pouzdano\u0161\u0107u &hellip; Nastavak\" \/>\n<meta property=\"og:url\" content=\"https:\/\/www.riwal.com\/hr\/kategorije-strojeva\/jlg-teleskopski-vilicar\/\" \/>\n<meta property=\"og:site_name\" content=\"Riwal Hrvatska\" \/>\n<meta property=\"article:modified_time\" content=\"2024-02-06T09:09:24+00:00\" \/>\n<meta property=\"og:image\" content=\"https:\/\/www.riwal.com\/app\/uploads\/sites\/11\/2024\/02\/JLG-telehandlers.webp\" \/>\n<meta name=\"twitter:card\" content=\"summary_large_image\" \/>\n<meta name=\"twitter:label1\" content=\"Est. reading time\" \/>\n\t<meta name=\"twitter:data1\" content=\"3 minute\" \/>\n<script type=\"application\/ld+json\" class=\"yoast-schema-graph\">{\"@context\":\"https:\/\/schema.org\",\"@graph\":[{\"@type\":\"WebPage\",\"@id\":\"https:\/\/www.riwal.com\/hr\/kategorije-strojeva\/jlg-teleskopski-vilicar\/\",\"url\":\"https:\/\/www.riwal.com\/hr\/kategorije-strojeva\/jlg-teleskopski-vilicar\/\",\"name\":\"JLG teleskopski vili\u010dar - Riwal Hrvatska\",\"isPartOf\":{\"@id\":\"https:\/\/www.riwal.com\/hr\/#website\"},\"primaryImageOfPage\":{\"@id\":\"https:\/\/www.riwal.com\/hr\/kategorije-strojeva\/jlg-teleskopski-vilicar\/#primaryimage\"},\"image\":{\"@id\":\"https:\/\/www.riwal.com\/hr\/kategorije-strojeva\/jlg-teleskopski-vilicar\/#primaryimage\"},\"thumbnailUrl\":\"https:\/\/www.riwal.com\/app\/uploads\/sites\/11\/2024\/02\/JLG-telehandlers.webp\",\"datePublished\":\"2024-02-06T09:09:23+00:00\",\"dateModified\":\"2024-02-06T09:09:24+00:00\",\"breadcrumb\":{\"@id\":\"https:\/\/www.riwal.com\/hr\/kategorije-strojeva\/jlg-teleskopski-vilicar\/#breadcrumb\"},\"inLanguage\":\"hr\",\"potentialAction\":[{\"@type\":\"ReadAction\",\"target\":[\"https:\/\/www.riwal.com\/hr\/kategorije-strojeva\/jlg-teleskopski-vilicar\/\"]}]},{\"@type\":\"ImageObject\",\"inLanguage\":\"hr\",\"@id\":\"https:\/\/www.riwal.com\/hr\/kategorije-strojeva\/jlg-teleskopski-vilicar\/#primaryimage\",\"url\":\"https:\/\/www.riwal.com\/app\/uploads\/sites\/11\/2024\/02\/JLG-telehandlers.webp\",\"contentUrl\":\"https:\/\/www.riwal.com\/app\/uploads\/sites\/11\/2024\/02\/JLG-telehandlers.webp\"},{\"@type\":\"BreadcrumbList\",\"@id\":\"https:\/\/www.riwal.com\/hr\/kategorije-strojeva\/jlg-teleskopski-vilicar\/#breadcrumb\",\"itemListElement\":[{\"@type\":\"ListItem\",\"position\":1,\"name\":\"Doma\",\"item\":\"https:\/\/www.riwal.com\/hr\/\"},{\"@type\":\"ListItem\",\"position\":2,\"name\":\"Kategorije strojeva\",\"item\":\"https:\/\/www.riwal.com\/hr\/kategorije-strojeva\/\"},{\"@type\":\"ListItem\",\"position\":3,\"name\":\"JLG teleskopski vili\u010dar\"}]},{\"@type\":\"WebSite\",\"@id\":\"https:\/\/www.riwal.com\/hr\/#website\",\"url\":\"https:\/\/www.riwal.com\/hr\/\",\"name\":\"Riwal\",\"description\":\"Arial work platform &amp; Telehandler Rental\/Sales\",\"publisher\":{\"@id\":\"https:\/\/www.riwal.com\/hr\/#organization\"},\"potentialAction\":[{\"@type\":\"SearchAction\",\"target\":{\"@type\":\"EntryPoint\",\"urlTemplate\":\"https:\/\/www.riwal.com\/hr\/?s={search_term_string}\"},\"query-input\":{\"@type\":\"PropertyValueSpecification\",\"valueRequired\":true,\"valueName\":\"search_term_string\"}}],\"inLanguage\":\"hr\"},{\"@type\":\"Organization\",\"@id\":\"https:\/\/www.riwal.com\/hr\/#organization\",\"name\":\"Riwal\",\"url\":\"https:\/\/www.riwal.com\/hr\/\",\"logo\":{\"@type\":\"ImageObject\",\"inLanguage\":\"hr\",\"@id\":\"https:\/\/www.riwal.com\/hr\/#\/schema\/logo\/image\/\",\"url\":\"\",\"contentUrl\":\"\",\"caption\":\"Riwal\"},\"image\":{\"@id\":\"https:\/\/www.riwal.com\/hr\/#\/schema\/logo\/image\/\"}}]}<\/script>\n<!-- \/ Yoast SEO Premium plugin. -->","yoast_head_json":{"title":"JLG teleskopski vili\u010dar - Riwal Hrvatska","robots":{"index":"index","follow":"follow","max-snippet":"max-snippet:-1","max-image-preview":"max-image-preview:large","max-video-preview":"max-video-preview:-1"},"canonical":"https:\/\/www.riwal.com\/hr\/kategorije-strojeva\/jlg-teleskopski-vilicar\/","og_locale":"hr_HR","og_type":"article","og_title":"JLG teleskopski vili\u010dar","og_description":"JLG teleskopski vili\u010dar Trebate stroj koji \u0107e vam pomo\u0107i da spustite naru\u010denu robu s razli\u010ditih visina ili s lako\u0107om prebacite materijal s jednog mjesta na drugo? U tom je slu\u010daju teleskopski vili\u010dar ono \u0161to vam treba za va\u0161u tvrtku ili projekt. S JLG teleskopskim vili\u010darem dobivate vrhunsku opremu za rad. Svojom maksimalnom produktivno\u0161\u0107u i pouzdano\u0161\u0107u &hellip; Nastavak","og_url":"https:\/\/www.riwal.com\/hr\/kategorije-strojeva\/jlg-teleskopski-vilicar\/","og_site_name":"Riwal Hrvatska","article_modified_time":"2024-02-06T09:09:24+00:00","og_image":[{"url":"https:\/\/www.riwal.com\/app\/uploads\/sites\/11\/2024\/02\/JLG-telehandlers.webp","type":"","width":"","height":""}],"twitter_card":"summary_large_image","twitter_misc":{"Est. reading time":"3 minute"},"schema":{"@context":"https:\/\/schema.org","@graph":[{"@type":"WebPage","@id":"https:\/\/www.riwal.com\/hr\/kategorije-strojeva\/jlg-teleskopski-vilicar\/","url":"https:\/\/www.riwal.com\/hr\/kategorije-strojeva\/jlg-teleskopski-vilicar\/","name":"JLG teleskopski vili\u010dar - Riwal Hrvatska","isPartOf":{"@id":"https:\/\/www.riwal.com\/hr\/#website"},"primaryImageOfPage":{"@id":"https:\/\/www.riwal.com\/hr\/kategorije-strojeva\/jlg-teleskopski-vilicar\/#primaryimage"},"image":{"@id":"https:\/\/www.riwal.com\/hr\/kategorije-strojeva\/jlg-teleskopski-vilicar\/#primaryimage"},"thumbnailUrl":"https:\/\/www.riwal.com\/app\/uploads\/sites\/11\/2024\/02\/JLG-telehandlers.webp","datePublished":"2024-02-06T09:09:23+00:00","dateModified":"2024-02-06T09:09:24+00:00","breadcrumb":{"@id":"https:\/\/www.riwal.com\/hr\/kategorije-strojeva\/jlg-teleskopski-vilicar\/#breadcrumb"},"inLanguage":"hr","potentialAction":[{"@type":"ReadAction","target":["https:\/\/www.riwal.com\/hr\/kategorije-strojeva\/jlg-teleskopski-vilicar\/"]}]},{"@type":"ImageObject","inLanguage":"hr","@id":"https:\/\/www.riwal.com\/hr\/kategorije-strojeva\/jlg-teleskopski-vilicar\/#primaryimage","url":"https:\/\/www.riwal.com\/app\/uploads\/sites\/11\/2024\/02\/JLG-telehandlers.webp","contentUrl":"https:\/\/www.riwal.com\/app\/uploads\/sites\/11\/2024\/02\/JLG-telehandlers.webp"},{"@type":"BreadcrumbList","@id":"https:\/\/www.riwal.com\/hr\/kategorije-strojeva\/jlg-teleskopski-vilicar\/#breadcrumb","itemListElement":[{"@type":"ListItem","position":1,"name":"Doma","item":"https:\/\/www.riwal.com\/hr\/"},{"@type":"ListItem","position":2,"name":"Kategorije strojeva","item":"https:\/\/www.riwal.com\/hr\/kategorije-strojeva\/"},{"@type":"ListItem","position":3,"name":"JLG teleskopski vili\u010dar"}]},{"@type":"WebSite","@id":"https:\/\/www.riwal.com\/hr\/#website","url":"https:\/\/www.riwal.com\/hr\/","name":"Riwal","description":"Arial work platform &amp; Telehandler Rental\/Sales","publisher":{"@id":"https:\/\/www.riwal.com\/hr\/#organization"},"potentialAction":[{"@type":"SearchAction","target":{"@type":"EntryPoint","urlTemplate":"https:\/\/www.riwal.com\/hr\/?s={search_term_string}"},"query-input":{"@type":"PropertyValueSpecification","valueRequired":true,"valueName":"search_term_string"}}],"inLanguage":"hr"},{"@type":"Organization","@id":"https:\/\/www.riwal.com\/hr\/#organization","name":"Riwal","url":"https:\/\/www.riwal.com\/hr\/","logo":{"@type":"ImageObject","inLanguage":"hr","@id":"https:\/\/www.riwal.com\/hr\/#\/schema\/logo\/image\/","url":"","contentUrl":"","caption":"Riwal"},"image":{"@id":"https:\/\/www.riwal.com\/hr\/#\/schema\/logo\/image\/"}}]}},"_links":{"self":[{"href":"https:\/\/www.riwal.com\/hr\/wp-json\/wp\/v2\/pages\/5578","targetHints":{"allow":["GET"]}}],"collection":[{"href":"https:\/\/www.riwal.com\/hr\/wp-json\/wp\/v2\/pages"}],"about":[{"href":"https:\/\/www.riwal.com\/hr\/wp-json\/wp\/v2\/types\/page"}],"author":[{"embeddable":true,"href":"https:\/\/www.riwal.com\/hr\/wp-json\/wp\/v2\/users\/45"}],"replies":[{"embeddable":true,"href":"https:\/\/www.riwal.com\/hr\/wp-json\/wp\/v2\/comments?post=5578"}],"version-history":[{"count":1,"href":"https:\/\/www.riwal.com\/hr\/wp-json\/wp\/v2\/pages\/5578\/revisions"}],"predecessor-version":[{"id":5579,"href":"https:\/\/www.riwal.com\/hr\/wp-json\/wp\/v2\/pages\/5578\/revisions\/5579"}],"up":[{"embeddable":true,"href":"https:\/\/www.riwal.com\/hr\/wp-json\/wp\/v2\/pages\/5549"}],"wp:attachment":[{"href":"https:\/\/www.riwal.com\/hr\/wp-json\/wp\/v2\/media?parent=5578"}],"curies":[{"name":"wp","href":"https:\/\/api.w.org\/{rel}","templated":true}]}}