{"id":5576,"date":"2024-02-06T09:08:12","date_gmt":"2024-02-06T09:08:12","guid":{"rendered":"https:\/\/www.riwal.com\/hr\/?page_id=5576"},"modified":"2024-02-06T09:08:12","modified_gmt":"2024-02-06T09:08:12","slug":"teleskopski-vilicar-genie","status":"publish","type":"page","link":"https:\/\/www.riwal.com\/hr\/kategorije-strojeva\/teleskopski-vilicar-genie\/","title":{"rendered":"Teleskopski vili\u010dar Genie"},"content":{"rendered":"<div class=\"container\">\n<h2 class=\"wp-block-heading\" id=\"h-genie-teleskopski-vilicar\">Genie teleskopski vili\u010dar<\/h2>\n<\/div>\n\n<div class=\"rental-wp-default-block rental-theme-block-default-margin\">\n\t\t\t\t\t\t\t\t<div class=\"container\">\n<div class=\"wp-block-columns is-layout-flex wp-container-core-columns-is-layout-28f84493 wp-block-columns-is-layout-flex\">\n<div class=\"wp-block-column is-layout-flow wp-block-column-is-layout-flow\" style=\"flex-basis:66.66%\">\n<p>Podizanje i pomicanje te\u0161kog tereta s jednog mjesta na drugo uobi\u010dajena je aktivnost u razli\u010ditim djelatnostima. Ako se svakodnevno suo\u010davate s takvim zadacima, vrijeme je da ulo\u017eite u vlastiti&nbsp; &nbsp;teleskopski vili\u010dar. S Genie teleskopskim vili\u010darem dobivate vrhunsku kvalitetu. S Riwalom kao svojim dobavlja\u010dem dobit \u0107ete najbolju uslugu u kombinaciji s vama prilago\u0111enim savjetima na\u0161eg stru\u010dnog tima. Nudimo vam nove i rabljene teleskopske vili\u010dare. Trebate teleskopski vili\u010dar samo za jednokratni projekt ili za odre\u0111eno vremensko razdoblje? Izaberite Genie teleskopski vili\u010dar iz na\u0161e \u0161iroke ponude strojeva za najam kojom opskrbljujemo klijente \u0161irom svijeta.<\/p>\n\n\n\n<h2 class=\"wp-block-heading\"><strong>Genie teleskopski vili\u010dar je pravi teleskopski vili\u010dar<\/strong><\/h2>\n\n\n\n<p>S Riwalom kao va\u0161im partnerom za najam Genie strojeva, dobit \u0107ete opremu za podizanje vrhunske kvalitete. Izborom Genie stroja dobit \u0107ete univerzalno sredstvo za sve zahtjeve va\u0161eg gradili\u0161ta. Prije te\u0161ko dostupna mjesta i prolazi s ovom vrhunskom opremom vi\u0161e ne\u0107e predstavljati nikakav problem. Genie teleskopski vili\u010dar je ba\u0161 ono \u0161to trebate da biste postigli \u017eeljenu produktivnost u prostoru s ograni\u010denim pristupom ili poslovima na velikim visinama. Genie je predvodnik u inovacijama i kvalitetnoj proizvodnji. Od Denvera do Dubaija i od Hong Konga do Helsinkija, klijenti tra\u017ee prepoznatljive plave podizne platforme na gradili\u0161tu, zbog izvrsnog dizajna i u\u010dinkovitosti.<br><\/p>\n\n\n\n<h2 class=\"wp-block-heading\"><strong>Riwal je va\u0161 partner za najam Genie teleskopskih vili\u010dara<\/strong><\/h2>\n\n\n\n<p>U na\u0161oj \u0161irokoj ponudi strojeva za najam prona\u0107i \u0107ete razli\u010dite vrste Genie teleskopskih vili\u010dara koje mo\u017eete izabrati. Mo\u017eda ni ne trebate o tome razmi\u0161ljati jer ve\u0107 to\u010dno znate \u0161to trebate. Ali je tako\u0111er vrlo mogu\u0107e da nemate nikakvu ideju o tome \u0161to zapravo trebate za svoje specifi\u010dno &nbsp;gradili\u0161te ili projekt. Bez brige, Riwalov tim stru\u010dnjaka s velikim zadovoljstvom \u0107e vas savjetovati da biste bili sigurni da \u0107ete donijeti pravu odluku. Kakvi god va\u0161i bili&nbsp; va\u0161i specifi\u010dni zahtjevi i potrebe, &nbsp;jam\u010dimo vam da imamo ba\u0161 pravi Genie teleskopski vili\u010dar za vas. Slobodno nas nazovite za vi\u0161e informacija ili da biste dobili odgovore na svoja pitanja.<br><\/p>\n\n\n\n<h2 class=\"wp-block-heading\"><strong>Genie teleskopski vili\u010dar za prodaju<\/strong><\/h2>\n\n\n\n<p>I kad \u017eelite ulo\u017eiti u vlastiti Genie teleskopski vili\u010dar, do\u0161li ste na pravo mjesto. Kao va\u0161 dobavlja\u010d Genie rje\u0161enja za rad na visini, Riwal vam nudi savjetovanje ba\u0161 po va\u0161oj mjeri i uslugu od po\u010detka do kraja. Jo\u0161 dugo nakon kupnje va\u0161eg teleskopskog vili\u010dara mo\u017eete ra\u010dunati na to da \u0107emo odgovoriti na va\u0161a pitanja o va\u0161em komadu mehanizacije i rije\u0161iti bilo koji problem koji biste mogli imati u vezi s va\u0161im teleskopskim vili\u010darem. U Riwalovu centru za obuku nudimo vam razli\u010dite te\u010dajeve koji vam osiguravaju znanje i certifikate potrebne za upravljanje teleskopskim vili\u010darem na siguran i u\u010dinkovit na\u010din.<br><\/p>\n\n\n\n<h3 class=\"wp-block-heading\"><strong>Prona\u0111ite svoj Genie teleskopski vili\u010dar u Riwalu<\/strong><\/h3>\n\n\n\n<p>Izaberite svoj Genie teleskopski vili\u010dar iz na\u0161e \u0161iroke palete strojeva za najam ili kupite svoju idealnu mehanizaciju u Riwalu. Kombiniramo vrhunsku kvalitetu s najboljom uslugom da bismo ispunili svoj krajnji cilj: usre\u0107ili svoje klijente najboljim rje\u0161enjima za rad na visini koji su trenutno na tr\u017ei\u0161tu. Kontaktirajte nas ako trebate vi\u0161e informacija, sa zadovoljstvom \u0107emo vas savjetovati da biste mogli donijeti informiranu odluku.<\/p>\n<\/div>\n\n\n\n<div class=\"wp-block-column is-layout-flow wp-block-column-is-layout-flow\" style=\"flex-basis:33.33%\">\n<figure class=\"wp-block-image size-full\"><img loading=\"lazy\" decoding=\"async\" width=\"450\" height=\"230\" src=\"https:\/\/eqsk4m2dkju.exactdn.com\/app\/uploads\/sites\/11\/2024\/02\/Genie-forklift.webp?strip=all&quality=92&webp=92&avif=80&sharp=1\" alt=\"\" class=\"wp-image-5564\" srcset=\"https:\/\/eqsk4m2dkju.exactdn.com\/app\/uploads\/sites\/11\/2024\/02\/Genie-forklift.webp?strip=all&amp;quality=92&amp;webp=92&amp;avif=80&amp;sharp=1 450w, https:\/\/eqsk4m2dkju.exactdn.com\/app\/uploads\/sites\/11\/2024\/02\/Genie-forklift-300x153.webp?strip=all&amp;quality=92&amp;webp=92&amp;avif=80&amp;sharp=1 300w, https:\/\/eqsk4m2dkju.exactdn.com\/app\/uploads\/sites\/11\/2024\/02\/Genie-forklift-178x91.webp?strip=all&amp;quality=92&amp;webp=92&amp;avif=80&amp;sharp=1 178w, https:\/\/eqsk4m2dkju.exactdn.com\/app\/uploads\/sites\/11\/2024\/02\/Genie-forklift-390x199.webp?strip=all&amp;quality=92&amp;webp=92&amp;avif=80&amp;sharp=1 390w, https:\/\/eqsk4m2dkju.exactdn.com\/app\/uploads\/sites\/11\/2024\/02\/Genie-forklift-250x128.webp?strip=all&amp;quality=92&amp;webp=92&amp;avif=80&amp;sharp=1 250w, https:\/\/eqsk4m2dkju.exactdn.com\/app\/uploads\/sites\/11\/2024\/02\/Genie-forklift-237x121.webp?strip=all&amp;quality=92&amp;webp=92&amp;avif=80&amp;sharp=1 237w, https:\/\/eqsk4m2dkju.exactdn.com\/app\/uploads\/sites\/11\/2024\/02\/Genie-forklift.webp?strip=all&amp;quality=92&amp;webp=92&amp;avif=80&amp;sharp=1&amp;w=90 90w\" sizes=\"auto, (max-width: 450px) 100vw, 450px\" \/><\/figure>\n\n\n\n<figure class=\"wp-block-image size-full\"><img loading=\"lazy\" decoding=\"async\" width=\"800\" height=\"609\" src=\"https:\/\/eqsk4m2dkju.exactdn.com\/app\/uploads\/sites\/11\/2024\/02\/Josip1_web.webp?strip=all&quality=92&webp=92&avif=80&sharp=1\" alt=\"\" class=\"wp-image-5552\" srcset=\"https:\/\/eqsk4m2dkju.exactdn.com\/app\/uploads\/sites\/11\/2024\/02\/Josip1_web.webp?strip=all&amp;quality=92&amp;webp=92&amp;avif=80&amp;sharp=1 800w, https:\/\/eqsk4m2dkju.exactdn.com\/app\/uploads\/sites\/11\/2024\/02\/Josip1_web-300x228.webp?strip=all&amp;quality=92&amp;webp=92&amp;avif=80&amp;sharp=1 300w, https:\/\/eqsk4m2dkju.exactdn.com\/app\/uploads\/sites\/11\/2024\/02\/Josip1_web-768x585.webp?strip=all&amp;quality=92&amp;webp=92&amp;avif=80&amp;sharp=1 768w, https:\/\/eqsk4m2dkju.exactdn.com\/app\/uploads\/sites\/11\/2024\/02\/Josip1_web-178x136.webp?strip=all&amp;quality=92&amp;webp=92&amp;avif=80&amp;sharp=1 178w, https:\/\/eqsk4m2dkju.exactdn.com\/app\/uploads\/sites\/11\/2024\/02\/Josip1_web-390x297.webp?strip=all&amp;quality=92&amp;webp=92&amp;avif=80&amp;sharp=1 390w, https:\/\/eqsk4m2dkju.exactdn.com\/app\/uploads\/sites\/11\/2024\/02\/Josip1_web-250x190.webp?strip=all&amp;quality=92&amp;webp=92&amp;avif=80&amp;sharp=1 250w, https:\/\/eqsk4m2dkju.exactdn.com\/app\/uploads\/sites\/11\/2024\/02\/Josip1_web-620x472.webp?strip=all&amp;quality=92&amp;webp=92&amp;avif=80&amp;sharp=1 620w, https:\/\/eqsk4m2dkju.exactdn.com\/app\/uploads\/sites\/11\/2024\/02\/Josip1_web-237x180.webp?strip=all&amp;quality=92&amp;webp=92&amp;avif=80&amp;sharp=1 237w, https:\/\/eqsk4m2dkju.exactdn.com\/app\/uploads\/sites\/11\/2024\/02\/Josip1_web-474x361.webp?strip=all&amp;quality=92&amp;webp=92&amp;avif=80&amp;sharp=1 474w\" sizes=\"auto, (max-width: 800px) 100vw, 800px\" \/><\/figure>\n\n\n\n<p><strong>Jeste li zainteresirani?<\/strong><\/p>\n\n\n\n<p>info-hr@riwal.com<\/p>\n\n\n\n<p>Nazovite nas: 01 2763 581<\/p>\n\n\n\n<div class=\"wp-block-buttons is-layout-flex wp-block-buttons-is-layout-flex\">\n<div class=\"wp-block-button\"><a class=\"wp-block-button__link wp-element-button\" href=\"https:\/\/www.riwal.com\/hr\/najam\/\">Prona\u0111ite strojeve za najam<\/a><\/div>\n<\/div>\n\n\n\n<div class=\"wp-block-buttons is-layout-flex wp-block-buttons-is-layout-flex\">\n<div class=\"wp-block-button\"><a class=\"wp-block-button__link wp-element-button\" href=\"https:\/\/www.riwal.com\/hr\/prodaja\/rabljeni-strojevi\/\">Prona\u0111ite rabljene strojeve za prodaju<\/a><\/div>\n<\/div>\n\n\n\n<div class=\"wp-block-columns is-layout-flex wp-container-core-columns-is-layout-28f84493 wp-block-columns-is-layout-flex\">\n<div class=\"wp-block-column is-layout-flow wp-block-column-is-layout-flow\"><\/div>\n\n\n\n<div class=\"wp-block-column is-layout-flow wp-block-column-is-layout-flow\"><\/div>\n<\/div>\n<\/div>\n<\/div>\n<\/div>\n\t\t\t\t\t\t\t<\/div> ","protected":false},"excerpt":{"rendered":"<p>Genie teleskopski vili\u010dar Podizanje i pomicanje te\u0161kog tereta s jednog mjesta na drugo uobi\u010dajena je aktivnost u razli\u010ditim djelatnostima. Ako se svakodnevno suo\u010davate s takvim zadacima, vrijeme je da ulo\u017eite u vlastiti&nbsp; &nbsp;teleskopski vili\u010dar. S Genie teleskopskim vili\u010darem dobivate vrhunsku kvalitetu. S Riwalom kao svojim dobavlja\u010dem dobit \u0107ete najbolju uslugu u kombinaciji s vama prilago\u0111enim &hellip; <a href=\"https:\/\/www.riwal.com\/hr\/kategorije-strojeva\/teleskopski-vilicar-genie\/\">Nastavak<\/a><\/p>\n","protected":false},"author":45,"featured_media":0,"parent":5549,"menu_order":0,"comment_status":"closed","ping_status":"closed","template":"","meta":{"_acf_changed":false,"footnotes":""},"class_list":["post-5576","page","type-page","status-publish","hentry"],"acf":[],"yoast_head":"<!-- This site is optimized with the Yoast SEO Premium plugin v27.1 (Yoast SEO v27.1.1) - https:\/\/yoast.com\/product\/yoast-seo-premium-wordpress\/ -->\n<title>Teleskopski vili\u010dar Genie - Riwal Hrvatska<\/title>\n<meta name=\"robots\" content=\"index, follow, max-snippet:-1, max-image-preview:large, max-video-preview:-1\" \/>\n<link rel=\"canonical\" href=\"https:\/\/www.riwal.com\/hr\/kategorije-strojeva\/teleskopski-vilicar-genie\/\" \/>\n<meta property=\"og:locale\" content=\"hr_HR\" \/>\n<meta property=\"og:type\" content=\"article\" \/>\n<meta property=\"og:title\" content=\"Teleskopski vili\u010dar Genie\" \/>\n<meta property=\"og:description\" content=\"Genie teleskopski vili\u010dar Podizanje i pomicanje te\u0161kog tereta s jednog mjesta na drugo uobi\u010dajena je aktivnost u razli\u010ditim djelatnostima. Ako se svakodnevno suo\u010davate s takvim zadacima, vrijeme je da ulo\u017eite u vlastiti&nbsp; &nbsp;teleskopski vili\u010dar. S Genie teleskopskim vili\u010darem dobivate vrhunsku kvalitetu. S Riwalom kao svojim dobavlja\u010dem dobit \u0107ete najbolju uslugu u kombinaciji s vama prilago\u0111enim &hellip; Nastavak\" \/>\n<meta property=\"og:url\" content=\"https:\/\/www.riwal.com\/hr\/kategorije-strojeva\/teleskopski-vilicar-genie\/\" \/>\n<meta property=\"og:site_name\" content=\"Riwal Hrvatska\" \/>\n<meta property=\"og:image\" content=\"https:\/\/www.riwal.com\/app\/uploads\/sites\/11\/2024\/02\/Genie-forklift.webp\" \/>\n<meta name=\"twitter:card\" content=\"summary_large_image\" \/>\n<meta name=\"twitter:label1\" content=\"Est. reading time\" \/>\n\t<meta name=\"twitter:data1\" content=\"4 minute\" \/>\n<script type=\"application\/ld+json\" class=\"yoast-schema-graph\">{\"@context\":\"https:\/\/schema.org\",\"@graph\":[{\"@type\":\"WebPage\",\"@id\":\"https:\/\/www.riwal.com\/hr\/kategorije-strojeva\/teleskopski-vilicar-genie\/\",\"url\":\"https:\/\/www.riwal.com\/hr\/kategorije-strojeva\/teleskopski-vilicar-genie\/\",\"name\":\"Teleskopski vili\u010dar Genie - Riwal Hrvatska\",\"isPartOf\":{\"@id\":\"https:\/\/www.riwal.com\/hr\/#website\"},\"primaryImageOfPage\":{\"@id\":\"https:\/\/www.riwal.com\/hr\/kategorije-strojeva\/teleskopski-vilicar-genie\/#primaryimage\"},\"image\":{\"@id\":\"https:\/\/www.riwal.com\/hr\/kategorije-strojeva\/teleskopski-vilicar-genie\/#primaryimage\"},\"thumbnailUrl\":\"https:\/\/www.riwal.com\/app\/uploads\/sites\/11\/2024\/02\/Genie-forklift.webp\",\"datePublished\":\"2024-02-06T09:08:12+00:00\",\"breadcrumb\":{\"@id\":\"https:\/\/www.riwal.com\/hr\/kategorije-strojeva\/teleskopski-vilicar-genie\/#breadcrumb\"},\"inLanguage\":\"hr\",\"potentialAction\":[{\"@type\":\"ReadAction\",\"target\":[\"https:\/\/www.riwal.com\/hr\/kategorije-strojeva\/teleskopski-vilicar-genie\/\"]}]},{\"@type\":\"ImageObject\",\"inLanguage\":\"hr\",\"@id\":\"https:\/\/www.riwal.com\/hr\/kategorije-strojeva\/teleskopski-vilicar-genie\/#primaryimage\",\"url\":\"https:\/\/www.riwal.com\/app\/uploads\/sites\/11\/2024\/02\/Genie-forklift.webp\",\"contentUrl\":\"https:\/\/www.riwal.com\/app\/uploads\/sites\/11\/2024\/02\/Genie-forklift.webp\"},{\"@type\":\"BreadcrumbList\",\"@id\":\"https:\/\/www.riwal.com\/hr\/kategorije-strojeva\/teleskopski-vilicar-genie\/#breadcrumb\",\"itemListElement\":[{\"@type\":\"ListItem\",\"position\":1,\"name\":\"Doma\",\"item\":\"https:\/\/www.riwal.com\/hr\/\"},{\"@type\":\"ListItem\",\"position\":2,\"name\":\"Kategorije strojeva\",\"item\":\"https:\/\/www.riwal.com\/hr\/kategorije-strojeva\/\"},{\"@type\":\"ListItem\",\"position\":3,\"name\":\"Teleskopski vili\u010dar Genie\"}]},{\"@type\":\"WebSite\",\"@id\":\"https:\/\/www.riwal.com\/hr\/#website\",\"url\":\"https:\/\/www.riwal.com\/hr\/\",\"name\":\"Riwal\",\"description\":\"Arial work platform &amp; Telehandler Rental\/Sales\",\"publisher\":{\"@id\":\"https:\/\/www.riwal.com\/hr\/#organization\"},\"potentialAction\":[{\"@type\":\"SearchAction\",\"target\":{\"@type\":\"EntryPoint\",\"urlTemplate\":\"https:\/\/www.riwal.com\/hr\/?s={search_term_string}\"},\"query-input\":{\"@type\":\"PropertyValueSpecification\",\"valueRequired\":true,\"valueName\":\"search_term_string\"}}],\"inLanguage\":\"hr\"},{\"@type\":\"Organization\",\"@id\":\"https:\/\/www.riwal.com\/hr\/#organization\",\"name\":\"Riwal\",\"url\":\"https:\/\/www.riwal.com\/hr\/\",\"logo\":{\"@type\":\"ImageObject\",\"inLanguage\":\"hr\",\"@id\":\"https:\/\/www.riwal.com\/hr\/#\/schema\/logo\/image\/\",\"url\":\"\",\"contentUrl\":\"\",\"caption\":\"Riwal\"},\"image\":{\"@id\":\"https:\/\/www.riwal.com\/hr\/#\/schema\/logo\/image\/\"}}]}<\/script>\n<!-- \/ Yoast SEO Premium plugin. -->","yoast_head_json":{"title":"Teleskopski vili\u010dar Genie - Riwal Hrvatska","robots":{"index":"index","follow":"follow","max-snippet":"max-snippet:-1","max-image-preview":"max-image-preview:large","max-video-preview":"max-video-preview:-1"},"canonical":"https:\/\/www.riwal.com\/hr\/kategorije-strojeva\/teleskopski-vilicar-genie\/","og_locale":"hr_HR","og_type":"article","og_title":"Teleskopski vili\u010dar Genie","og_description":"Genie teleskopski vili\u010dar Podizanje i pomicanje te\u0161kog tereta s jednog mjesta na drugo uobi\u010dajena je aktivnost u razli\u010ditim djelatnostima. Ako se svakodnevno suo\u010davate s takvim zadacima, vrijeme je da ulo\u017eite u vlastiti&nbsp; &nbsp;teleskopski vili\u010dar. S Genie teleskopskim vili\u010darem dobivate vrhunsku kvalitetu. S Riwalom kao svojim dobavlja\u010dem dobit \u0107ete najbolju uslugu u kombinaciji s vama prilago\u0111enim &hellip; Nastavak","og_url":"https:\/\/www.riwal.com\/hr\/kategorije-strojeva\/teleskopski-vilicar-genie\/","og_site_name":"Riwal Hrvatska","og_image":[{"url":"https:\/\/www.riwal.com\/app\/uploads\/sites\/11\/2024\/02\/Genie-forklift.webp","type":"","width":"","height":""}],"twitter_card":"summary_large_image","twitter_misc":{"Est. reading time":"4 minute"},"schema":{"@context":"https:\/\/schema.org","@graph":[{"@type":"WebPage","@id":"https:\/\/www.riwal.com\/hr\/kategorije-strojeva\/teleskopski-vilicar-genie\/","url":"https:\/\/www.riwal.com\/hr\/kategorije-strojeva\/teleskopski-vilicar-genie\/","name":"Teleskopski vili\u010dar Genie - Riwal Hrvatska","isPartOf":{"@id":"https:\/\/www.riwal.com\/hr\/#website"},"primaryImageOfPage":{"@id":"https:\/\/www.riwal.com\/hr\/kategorije-strojeva\/teleskopski-vilicar-genie\/#primaryimage"},"image":{"@id":"https:\/\/www.riwal.com\/hr\/kategorije-strojeva\/teleskopski-vilicar-genie\/#primaryimage"},"thumbnailUrl":"https:\/\/www.riwal.com\/app\/uploads\/sites\/11\/2024\/02\/Genie-forklift.webp","datePublished":"2024-02-06T09:08:12+00:00","breadcrumb":{"@id":"https:\/\/www.riwal.com\/hr\/kategorije-strojeva\/teleskopski-vilicar-genie\/#breadcrumb"},"inLanguage":"hr","potentialAction":[{"@type":"ReadAction","target":["https:\/\/www.riwal.com\/hr\/kategorije-strojeva\/teleskopski-vilicar-genie\/"]}]},{"@type":"ImageObject","inLanguage":"hr","@id":"https:\/\/www.riwal.com\/hr\/kategorije-strojeva\/teleskopski-vilicar-genie\/#primaryimage","url":"https:\/\/www.riwal.com\/app\/uploads\/sites\/11\/2024\/02\/Genie-forklift.webp","contentUrl":"https:\/\/www.riwal.com\/app\/uploads\/sites\/11\/2024\/02\/Genie-forklift.webp"},{"@type":"BreadcrumbList","@id":"https:\/\/www.riwal.com\/hr\/kategorije-strojeva\/teleskopski-vilicar-genie\/#breadcrumb","itemListElement":[{"@type":"ListItem","position":1,"name":"Doma","item":"https:\/\/www.riwal.com\/hr\/"},{"@type":"ListItem","position":2,"name":"Kategorije strojeva","item":"https:\/\/www.riwal.com\/hr\/kategorije-strojeva\/"},{"@type":"ListItem","position":3,"name":"Teleskopski vili\u010dar Genie"}]},{"@type":"WebSite","@id":"https:\/\/www.riwal.com\/hr\/#website","url":"https:\/\/www.riwal.com\/hr\/","name":"Riwal","description":"Arial work platform &amp; Telehandler Rental\/Sales","publisher":{"@id":"https:\/\/www.riwal.com\/hr\/#organization"},"potentialAction":[{"@type":"SearchAction","target":{"@type":"EntryPoint","urlTemplate":"https:\/\/www.riwal.com\/hr\/?s={search_term_string}"},"query-input":{"@type":"PropertyValueSpecification","valueRequired":true,"valueName":"search_term_string"}}],"inLanguage":"hr"},{"@type":"Organization","@id":"https:\/\/www.riwal.com\/hr\/#organization","name":"Riwal","url":"https:\/\/www.riwal.com\/hr\/","logo":{"@type":"ImageObject","inLanguage":"hr","@id":"https:\/\/www.riwal.com\/hr\/#\/schema\/logo\/image\/","url":"","contentUrl":"","caption":"Riwal"},"image":{"@id":"https:\/\/www.riwal.com\/hr\/#\/schema\/logo\/image\/"}}]}},"_links":{"self":[{"href":"https:\/\/www.riwal.com\/hr\/wp-json\/wp\/v2\/pages\/5576","targetHints":{"allow":["GET"]}}],"collection":[{"href":"https:\/\/www.riwal.com\/hr\/wp-json\/wp\/v2\/pages"}],"about":[{"href":"https:\/\/www.riwal.com\/hr\/wp-json\/wp\/v2\/types\/page"}],"author":[{"embeddable":true,"href":"https:\/\/www.riwal.com\/hr\/wp-json\/wp\/v2\/users\/45"}],"replies":[{"embeddable":true,"href":"https:\/\/www.riwal.com\/hr\/wp-json\/wp\/v2\/comments?post=5576"}],"version-history":[{"count":1,"href":"https:\/\/www.riwal.com\/hr\/wp-json\/wp\/v2\/pages\/5576\/revisions"}],"predecessor-version":[{"id":5577,"href":"https:\/\/www.riwal.com\/hr\/wp-json\/wp\/v2\/pages\/5576\/revisions\/5577"}],"up":[{"embeddable":true,"href":"https:\/\/www.riwal.com\/hr\/wp-json\/wp\/v2\/pages\/5549"}],"wp:attachment":[{"href":"https:\/\/www.riwal.com\/hr\/wp-json\/wp\/v2\/media?parent=5576"}],"curies":[{"name":"wp","href":"https:\/\/api.w.org\/{rel}","templated":true}]}}