{"id":5556,"date":"2024-02-06T09:07:05","date_gmt":"2024-02-06T09:07:05","guid":{"rendered":"https:\/\/www.riwal.com\/hr\/?page_id=5556"},"modified":"2024-02-06T09:07:06","modified_gmt":"2024-02-06T09:07:06","slug":"genie-za-prodaju","status":"publish","type":"page","link":"https:\/\/www.riwal.com\/hr\/kategorije-strojeva\/genie-za-prodaju\/","title":{"rendered":"Genie za prodaju"},"content":{"rendered":"<div class=\"container\">\n<h2 class=\"wp-block-heading\" id=\"h-genie-podizne-platforme-za-prodaju\">Genie podizne platforme za prodaju<\/h2>\n<\/div>\n\n<div class=\"rental-wp-default-block rental-theme-block-default-margin\">\n\t\t\t\t\t\t\t\t<div class=\"container\">\n<div class=\"wp-block-columns is-layout-flex wp-container-core-columns-is-layout-28f84493 wp-block-columns-is-layout-flex\">\n<div class=\"wp-block-column is-layout-flow wp-block-column-is-layout-flow\" style=\"flex-basis:66.66%\">\n<p>Kad morate raditi na odre\u0111enim visinama svakoga dana ili \u010desto morate transportirati materijale ili proizvode, mo\u017eda je vrijeme da ulo\u017eite u vlastitu platformu za rad na visini ili podiznu platformu. Bilo da tra\u017eite zglobnu podiznu platformu, &nbsp;podiznu platformu-gusjeni\u010dara, \u0161karastu podiznu platformu ili mo\u017eda vili\u010dar ili auto ko\u0161aru, Riwal ima pravu Genie podiznu platformu za prodaju. U na\u0161oj \u0161irokoj paleti Genie rje\u0161enja za rad na visini na\u0107i \u0107ete potpuno nove kao i rabljene podizne platforme vrhunske kvalitete. Istra\u017eite na\u0161u internetsku stranicu da biste saznali vi\u0161e o mogu\u0107nostima ili kontaktirali na\u0161 stru\u010dni tim. Sa zadovoljstvom \u0107emo vas informirati o svim na\u0161im rje\u0161enjima za rad na visini i dati vam savjet o pravom tipu mehanizacije za va\u0161u djelatnost ili projekt.<\/p>\n\n\n\n<h2 class=\"wp-block-heading\"><strong>Prava Genie podizna platforma za kupnju u Riwalu<\/strong><\/h2>\n\n\n\n<p>Riwal je va\u0161 partner na podru\u010dju mehanizacije za rad na svim visinama. Dugogodi\u0161nje iskustvo i velika stru\u010dnost koja uz to ide \u010dine nas vrlo kvalificiranima da vas informiramo i savjetujemo u vezi s opcijama kad tra\u017eite Genie podiznu platformu za kupnju. Zbog \u0161irokog izbora platformi za rad na visini, teleskopskih utovariva\u010da i vili\u010dara, mo\u017eemo vam jam\u010diti da vam je prava oprema za vas nadohvat ruke. Kad odlu\u010dite koje zahtjeve va\u0161a podizna platforma mora ispuniti, s velikim zadovoljstvom \u0107emo porazgovarati o va\u0161im \u017eeljama i savjetovati vas o tome u koje bi podizne platforme bilo pametno ulo\u017eiti. Ovisno o procjeni, na\u0161i strojevi mogu biti potpuno prilago\u0111eni. Na primjer: mo\u017eemo podesiti boje i dodati posebne filtre ili &nbsp;instalacije za rasvjetu.<\/p>\n\n\n\n<h2 class=\"wp-block-heading\"><strong>Genie \u0161karasta platforma ili Genie teleskopski vili\u010dar?<\/strong><\/h2>\n\n\n\n<p>Ali prije bilo kakvih odluka o bojama i rasvjeti, va\u017eno je procijeniti koje su va\u0161e osnovne potrebe. Koja je maksimalna visina koju trebate dosegnuti, prevozite li ljude ili materijal, koliko je te\u017eak uobi\u010dajeni teret i jeste li \u010desto u situaciji da morate savladavati prepreke? Ovakva pitanja pomo\u0107i \u0107e vam odrediti koja je Genie podizna platforma za prodaju prava za vas. Kad trebate ve\u0107u platformu za rad na visini, koja mo\u017ee dosegnuti ve\u0107e visine, Genie \u0161karasta platforma idealno je rje\u0161enje za vas. Trebate mali, vi\u0161enamjenski podizni stroj za transportiranje materijala ili proizvoda? Genie Man Lift teleskopski utovariva\u010d, Genie vili\u010dar ili Genie auto ko\u0161ara najbolja su ideja.<\/p>\n\n\n\n<h2 class=\"wp-block-heading\">Genie podizna platforma za prodaju: nova i rabljena<\/h2>\n\n\n\n<p>U Riwalu mo\u017eete izabrati novu ili rabljenu opremu za rad na visini. Ali \u0161to god odlu\u010dili kupiti, jedno je &nbsp;sigurno: vrhunska kvaliteta je zajam\u010dena. Jedan od na\u0161ih najva\u017enijih ciljeva je pobrinuti se da na\u0161i klijenti budu sretni i da ulo\u017ee u podiznu platformu koja ispunjava njihove specifi\u010dne potrebe. Da bismo postigli taj cilj, informirat \u0107emo vas o svim razli\u010ditim specifikacijama koje vam pru\u017ea na\u0161a Genie podizna platforma.<\/p>\n\n\n\n<h2 class=\"wp-block-heading\">Riwal: partner koji vam pru\u017ea kompletnu uslugu<\/h2>\n\n\n\n<p>Na\u0161a usluga ne zavr\u0161ava kad kupite svoju Genie podiznu platformu. Na\u0161a mre\u017ea podru\u017enica unutar dr\u017eave i u inozemstvu omogu\u0107uje nam da vam pru\u017eamo pomo\u0107 prije, tijekom i nakon kupnje. Ostajemo prisutni i bit \u0107emo na raspolaganju kad god nas trebate. Bilo da je rije\u010d o poslovima odr\u017eavanja ili mo\u017eda imate neka pitanja: pobrinut \u0107emo se da kori\u0161tenje va\u0161e Genie podizne opreme ni\u010dim ne bude ograni\u010deno. Tako\u0111er vam mo\u017eemo omogu\u0107iti stjecanje nu\u017enih certifikata u na\u0161em Riwal centru za obuku.<\/p>\n\n\n\n<h3 class=\"wp-block-heading\"><strong>Va\u0161 Genie podizna platforma na prodaju u Riwalu<\/strong><\/h3>\n\n\n\n<p>Kontaktirajte nas za vi\u0161e informacija, s velikim zadovoljstvom \u0107emo vam pru\u017eiti informacije o va\u0161im opcijama kod kupnje va\u0161e Genie podizne platforme u Riwalu. U na\u0161oj \u0161irokoj ponudi sigurno \u0107ete na\u0107i pravu Genie Man Lift podiznu platformu za kupnju. <img decoding=\"async\" src=\"https:\/\/eqsk4m2dkju.exactdn.com\/-\/media\/Croatia\/Kontakt\/Josip1_web.jpg?strip=all&quality=92&webp=92&avif=80&sharp=1&w=1920\" alt=\"\"><\/p>\n<\/div>\n\n\n\n<div class=\"wp-block-column is-layout-flow wp-block-column-is-layout-flow\" style=\"flex-basis:33.33%\">\n<figure class=\"wp-block-image size-full\"><img loading=\"lazy\" decoding=\"async\" width=\"450\" height=\"230\" src=\"https:\/\/eqsk4m2dkju.exactdn.com\/app\/uploads\/sites\/11\/2024\/02\/teaser-genie-man-lift.webp?strip=all&quality=92&webp=92&avif=80&sharp=1\" alt=\"\" class=\"wp-image-5567\" srcset=\"https:\/\/eqsk4m2dkju.exactdn.com\/app\/uploads\/sites\/11\/2024\/02\/teaser-genie-man-lift.webp?strip=all&amp;quality=92&amp;webp=92&amp;avif=80&amp;sharp=1 450w, https:\/\/eqsk4m2dkju.exactdn.com\/app\/uploads\/sites\/11\/2024\/02\/teaser-genie-man-lift-300x153.webp?strip=all&amp;quality=92&amp;webp=92&amp;avif=80&amp;sharp=1 300w, https:\/\/eqsk4m2dkju.exactdn.com\/app\/uploads\/sites\/11\/2024\/02\/teaser-genie-man-lift-178x91.webp?strip=all&amp;quality=92&amp;webp=92&amp;avif=80&amp;sharp=1 178w, https:\/\/eqsk4m2dkju.exactdn.com\/app\/uploads\/sites\/11\/2024\/02\/teaser-genie-man-lift-390x199.webp?strip=all&amp;quality=92&amp;webp=92&amp;avif=80&amp;sharp=1 390w, https:\/\/eqsk4m2dkju.exactdn.com\/app\/uploads\/sites\/11\/2024\/02\/teaser-genie-man-lift-250x128.webp?strip=all&amp;quality=92&amp;webp=92&amp;avif=80&amp;sharp=1 250w, https:\/\/eqsk4m2dkju.exactdn.com\/app\/uploads\/sites\/11\/2024\/02\/teaser-genie-man-lift-237x121.webp?strip=all&amp;quality=92&amp;webp=92&amp;avif=80&amp;sharp=1 237w, https:\/\/eqsk4m2dkju.exactdn.com\/app\/uploads\/sites\/11\/2024\/02\/teaser-genie-man-lift.webp?strip=all&amp;quality=92&amp;webp=92&amp;avif=80&amp;sharp=1&amp;w=90 90w\" sizes=\"auto, (max-width: 450px) 100vw, 450px\" \/><\/figure>\n\n\n\n<figure class=\"wp-block-image size-full\"><img loading=\"lazy\" decoding=\"async\" width=\"800\" height=\"609\" src=\"https:\/\/eqsk4m2dkju.exactdn.com\/app\/uploads\/sites\/11\/2024\/02\/Josip1_web.webp?strip=all&quality=92&webp=92&avif=80&sharp=1\" alt=\"\" class=\"wp-image-5552\" srcset=\"https:\/\/eqsk4m2dkju.exactdn.com\/app\/uploads\/sites\/11\/2024\/02\/Josip1_web.webp?strip=all&amp;quality=92&amp;webp=92&amp;avif=80&amp;sharp=1 800w, https:\/\/eqsk4m2dkju.exactdn.com\/app\/uploads\/sites\/11\/2024\/02\/Josip1_web-300x228.webp?strip=all&amp;quality=92&amp;webp=92&amp;avif=80&amp;sharp=1 300w, https:\/\/eqsk4m2dkju.exactdn.com\/app\/uploads\/sites\/11\/2024\/02\/Josip1_web-768x585.webp?strip=all&amp;quality=92&amp;webp=92&amp;avif=80&amp;sharp=1 768w, https:\/\/eqsk4m2dkju.exactdn.com\/app\/uploads\/sites\/11\/2024\/02\/Josip1_web-178x136.webp?strip=all&amp;quality=92&amp;webp=92&amp;avif=80&amp;sharp=1 178w, https:\/\/eqsk4m2dkju.exactdn.com\/app\/uploads\/sites\/11\/2024\/02\/Josip1_web-390x297.webp?strip=all&amp;quality=92&amp;webp=92&amp;avif=80&amp;sharp=1 390w, https:\/\/eqsk4m2dkju.exactdn.com\/app\/uploads\/sites\/11\/2024\/02\/Josip1_web-250x190.webp?strip=all&amp;quality=92&amp;webp=92&amp;avif=80&amp;sharp=1 250w, https:\/\/eqsk4m2dkju.exactdn.com\/app\/uploads\/sites\/11\/2024\/02\/Josip1_web-620x472.webp?strip=all&amp;quality=92&amp;webp=92&amp;avif=80&amp;sharp=1 620w, https:\/\/eqsk4m2dkju.exactdn.com\/app\/uploads\/sites\/11\/2024\/02\/Josip1_web-237x180.webp?strip=all&amp;quality=92&amp;webp=92&amp;avif=80&amp;sharp=1 237w, https:\/\/eqsk4m2dkju.exactdn.com\/app\/uploads\/sites\/11\/2024\/02\/Josip1_web-474x361.webp?strip=all&amp;quality=92&amp;webp=92&amp;avif=80&amp;sharp=1 474w\" sizes=\"auto, (max-width: 800px) 100vw, 800px\" \/><\/figure>\n\n\n\n<p><strong>Jeste li zainteresirani?<\/strong><\/p>\n\n\n\n<p>info-hr@riwal.com<\/p>\n\n\n\n<p>Nazovite nas: 01 2763 581<\/p>\n\n\n\n<div class=\"wp-block-buttons is-layout-flex wp-block-buttons-is-layout-flex\">\n<div class=\"wp-block-button\"><a class=\"wp-block-button__link wp-element-button\" href=\"https:\/\/www.riwal.com\/hr\/najam\/\">Prona\u0111ite strojeve za najam<\/a><\/div>\n<\/div>\n\n\n\n<div class=\"wp-block-buttons is-layout-flex wp-block-buttons-is-layout-flex\">\n<div class=\"wp-block-button\"><a class=\"wp-block-button__link wp-element-button\" href=\"https:\/\/www.riwal.com\/hr\/prodaja\/rabljeni-strojevi\/\">Prona\u0111ite rabljene strojeve za prodaju<\/a><\/div>\n<\/div>\n\n\n\n<div class=\"wp-block-columns is-layout-flex wp-container-core-columns-is-layout-28f84493 wp-block-columns-is-layout-flex\">\n<div class=\"wp-block-column is-layout-flow wp-block-column-is-layout-flow\"><\/div>\n\n\n\n<div class=\"wp-block-column is-layout-flow wp-block-column-is-layout-flow\"><\/div>\n<\/div>\n<\/div>\n<\/div>\n<\/div>\n\t\t\t\t\t\t\t<\/div> ","protected":false},"excerpt":{"rendered":"<p>Genie podizne platforme za prodaju Kad morate raditi na odre\u0111enim visinama svakoga dana ili \u010desto morate transportirati materijale ili proizvode, mo\u017eda je vrijeme da ulo\u017eite u vlastitu platformu za rad na visini ili podiznu platformu. Bilo da tra\u017eite zglobnu podiznu platformu, &nbsp;podiznu platformu-gusjeni\u010dara, \u0161karastu podiznu platformu ili mo\u017eda vili\u010dar ili auto ko\u0161aru, Riwal ima pravu &hellip; <a href=\"https:\/\/www.riwal.com\/hr\/kategorije-strojeva\/genie-za-prodaju\/\">Nastavak<\/a><\/p>\n","protected":false},"author":45,"featured_media":0,"parent":5549,"menu_order":0,"comment_status":"closed","ping_status":"closed","template":"","meta":{"_acf_changed":false,"footnotes":""},"class_list":["post-5556","page","type-page","status-publish","hentry"],"acf":[],"yoast_head":"<!-- This site is optimized with the Yoast SEO Premium plugin v27.1 (Yoast SEO v27.1.1) - https:\/\/yoast.com\/product\/yoast-seo-premium-wordpress\/ -->\n<title>Genie za prodaju - Riwal Hrvatska<\/title>\n<meta name=\"robots\" content=\"index, follow, max-snippet:-1, max-image-preview:large, max-video-preview:-1\" \/>\n<link rel=\"canonical\" href=\"https:\/\/www.riwal.com\/hr\/kategorije-strojeva\/genie-za-prodaju\/\" \/>\n<meta property=\"og:locale\" content=\"hr_HR\" \/>\n<meta property=\"og:type\" content=\"article\" \/>\n<meta property=\"og:title\" content=\"Genie za prodaju\" \/>\n<meta property=\"og:description\" content=\"Genie podizne platforme za prodaju Kad morate raditi na odre\u0111enim visinama svakoga dana ili \u010desto morate transportirati materijale ili proizvode, mo\u017eda je vrijeme da ulo\u017eite u vlastitu platformu za rad na visini ili podiznu platformu. Bilo da tra\u017eite zglobnu podiznu platformu, &nbsp;podiznu platformu-gusjeni\u010dara, \u0161karastu podiznu platformu ili mo\u017eda vili\u010dar ili auto ko\u0161aru, Riwal ima pravu &hellip; Nastavak\" \/>\n<meta property=\"og:url\" content=\"https:\/\/www.riwal.com\/hr\/kategorije-strojeva\/genie-za-prodaju\/\" \/>\n<meta property=\"og:site_name\" content=\"Riwal Hrvatska\" \/>\n<meta property=\"article:modified_time\" content=\"2024-02-06T09:07:06+00:00\" \/>\n<meta property=\"og:image\" content=\"https:\/\/www.riwal.com\/-\/media\/Croatia\/Kontakt\/Josip1_web.jpg?h=609&amp;w=800&amp;la=hr-HR&amp;hash=E1F44F7B5C21876A0E13E1D28F3B218C095F27A4\" \/>\n<meta name=\"twitter:card\" content=\"summary_large_image\" \/>\n<meta name=\"twitter:label1\" content=\"Est. reading time\" \/>\n\t<meta name=\"twitter:data1\" content=\"4 minute\" \/>\n<script type=\"application\/ld+json\" class=\"yoast-schema-graph\">{\"@context\":\"https:\/\/schema.org\",\"@graph\":[{\"@type\":\"WebPage\",\"@id\":\"https:\/\/www.riwal.com\/hr\/kategorije-strojeva\/genie-za-prodaju\/\",\"url\":\"https:\/\/www.riwal.com\/hr\/kategorije-strojeva\/genie-za-prodaju\/\",\"name\":\"Genie za prodaju - Riwal Hrvatska\",\"isPartOf\":{\"@id\":\"https:\/\/www.riwal.com\/hr\/#website\"},\"primaryImageOfPage\":{\"@id\":\"https:\/\/www.riwal.com\/hr\/kategorije-strojeva\/genie-za-prodaju\/#primaryimage\"},\"image\":{\"@id\":\"https:\/\/www.riwal.com\/hr\/kategorije-strojeva\/genie-za-prodaju\/#primaryimage\"},\"thumbnailUrl\":\"https:\/\/www.riwal.com\/-\/media\/Croatia\/Kontakt\/Josip1_web.jpg?h=609&amp;w=800&amp;la=hr-HR&amp;hash=E1F44F7B5C21876A0E13E1D28F3B218C095F27A4\",\"datePublished\":\"2024-02-06T09:07:05+00:00\",\"dateModified\":\"2024-02-06T09:07:06+00:00\",\"breadcrumb\":{\"@id\":\"https:\/\/www.riwal.com\/hr\/kategorije-strojeva\/genie-za-prodaju\/#breadcrumb\"},\"inLanguage\":\"hr\",\"potentialAction\":[{\"@type\":\"ReadAction\",\"target\":[\"https:\/\/www.riwal.com\/hr\/kategorije-strojeva\/genie-za-prodaju\/\"]}]},{\"@type\":\"ImageObject\",\"inLanguage\":\"hr\",\"@id\":\"https:\/\/www.riwal.com\/hr\/kategorije-strojeva\/genie-za-prodaju\/#primaryimage\",\"url\":\"https:\/\/www.riwal.com\/-\/media\/Croatia\/Kontakt\/Josip1_web.jpg?h=609&amp;w=800&amp;la=hr-HR&amp;hash=E1F44F7B5C21876A0E13E1D28F3B218C095F27A4\",\"contentUrl\":\"https:\/\/www.riwal.com\/-\/media\/Croatia\/Kontakt\/Josip1_web.jpg?h=609&amp;w=800&amp;la=hr-HR&amp;hash=E1F44F7B5C21876A0E13E1D28F3B218C095F27A4\"},{\"@type\":\"BreadcrumbList\",\"@id\":\"https:\/\/www.riwal.com\/hr\/kategorije-strojeva\/genie-za-prodaju\/#breadcrumb\",\"itemListElement\":[{\"@type\":\"ListItem\",\"position\":1,\"name\":\"Doma\",\"item\":\"https:\/\/www.riwal.com\/hr\/\"},{\"@type\":\"ListItem\",\"position\":2,\"name\":\"Kategorije strojeva\",\"item\":\"https:\/\/www.riwal.com\/hr\/kategorije-strojeva\/\"},{\"@type\":\"ListItem\",\"position\":3,\"name\":\"Genie za prodaju\"}]},{\"@type\":\"WebSite\",\"@id\":\"https:\/\/www.riwal.com\/hr\/#website\",\"url\":\"https:\/\/www.riwal.com\/hr\/\",\"name\":\"Riwal\",\"description\":\"Arial work platform &amp; Telehandler Rental\/Sales\",\"publisher\":{\"@id\":\"https:\/\/www.riwal.com\/hr\/#organization\"},\"potentialAction\":[{\"@type\":\"SearchAction\",\"target\":{\"@type\":\"EntryPoint\",\"urlTemplate\":\"https:\/\/www.riwal.com\/hr\/?s={search_term_string}\"},\"query-input\":{\"@type\":\"PropertyValueSpecification\",\"valueRequired\":true,\"valueName\":\"search_term_string\"}}],\"inLanguage\":\"hr\"},{\"@type\":\"Organization\",\"@id\":\"https:\/\/www.riwal.com\/hr\/#organization\",\"name\":\"Riwal\",\"url\":\"https:\/\/www.riwal.com\/hr\/\",\"logo\":{\"@type\":\"ImageObject\",\"inLanguage\":\"hr\",\"@id\":\"https:\/\/www.riwal.com\/hr\/#\/schema\/logo\/image\/\",\"url\":\"\",\"contentUrl\":\"\",\"caption\":\"Riwal\"},\"image\":{\"@id\":\"https:\/\/www.riwal.com\/hr\/#\/schema\/logo\/image\/\"}}]}<\/script>\n<!-- \/ Yoast SEO Premium plugin. -->","yoast_head_json":{"title":"Genie za prodaju - Riwal Hrvatska","robots":{"index":"index","follow":"follow","max-snippet":"max-snippet:-1","max-image-preview":"max-image-preview:large","max-video-preview":"max-video-preview:-1"},"canonical":"https:\/\/www.riwal.com\/hr\/kategorije-strojeva\/genie-za-prodaju\/","og_locale":"hr_HR","og_type":"article","og_title":"Genie za prodaju","og_description":"Genie podizne platforme za prodaju Kad morate raditi na odre\u0111enim visinama svakoga dana ili \u010desto morate transportirati materijale ili proizvode, mo\u017eda je vrijeme da ulo\u017eite u vlastitu platformu za rad na visini ili podiznu platformu. Bilo da tra\u017eite zglobnu podiznu platformu, &nbsp;podiznu platformu-gusjeni\u010dara, \u0161karastu podiznu platformu ili mo\u017eda vili\u010dar ili auto ko\u0161aru, Riwal ima pravu &hellip; Nastavak","og_url":"https:\/\/www.riwal.com\/hr\/kategorije-strojeva\/genie-za-prodaju\/","og_site_name":"Riwal Hrvatska","article_modified_time":"2024-02-06T09:07:06+00:00","og_image":[{"url":"https:\/\/www.riwal.com\/-\/media\/Croatia\/Kontakt\/Josip1_web.jpg?h=609&amp;w=800&amp;la=hr-HR&amp;hash=E1F44F7B5C21876A0E13E1D28F3B218C095F27A4","type":"","width":"","height":""}],"twitter_card":"summary_large_image","twitter_misc":{"Est. reading time":"4 minute"},"schema":{"@context":"https:\/\/schema.org","@graph":[{"@type":"WebPage","@id":"https:\/\/www.riwal.com\/hr\/kategorije-strojeva\/genie-za-prodaju\/","url":"https:\/\/www.riwal.com\/hr\/kategorije-strojeva\/genie-za-prodaju\/","name":"Genie za prodaju - Riwal Hrvatska","isPartOf":{"@id":"https:\/\/www.riwal.com\/hr\/#website"},"primaryImageOfPage":{"@id":"https:\/\/www.riwal.com\/hr\/kategorije-strojeva\/genie-za-prodaju\/#primaryimage"},"image":{"@id":"https:\/\/www.riwal.com\/hr\/kategorije-strojeva\/genie-za-prodaju\/#primaryimage"},"thumbnailUrl":"https:\/\/www.riwal.com\/-\/media\/Croatia\/Kontakt\/Josip1_web.jpg?h=609&amp;w=800&amp;la=hr-HR&amp;hash=E1F44F7B5C21876A0E13E1D28F3B218C095F27A4","datePublished":"2024-02-06T09:07:05+00:00","dateModified":"2024-02-06T09:07:06+00:00","breadcrumb":{"@id":"https:\/\/www.riwal.com\/hr\/kategorije-strojeva\/genie-za-prodaju\/#breadcrumb"},"inLanguage":"hr","potentialAction":[{"@type":"ReadAction","target":["https:\/\/www.riwal.com\/hr\/kategorije-strojeva\/genie-za-prodaju\/"]}]},{"@type":"ImageObject","inLanguage":"hr","@id":"https:\/\/www.riwal.com\/hr\/kategorije-strojeva\/genie-za-prodaju\/#primaryimage","url":"https:\/\/www.riwal.com\/-\/media\/Croatia\/Kontakt\/Josip1_web.jpg?h=609&amp;w=800&amp;la=hr-HR&amp;hash=E1F44F7B5C21876A0E13E1D28F3B218C095F27A4","contentUrl":"https:\/\/www.riwal.com\/-\/media\/Croatia\/Kontakt\/Josip1_web.jpg?h=609&amp;w=800&amp;la=hr-HR&amp;hash=E1F44F7B5C21876A0E13E1D28F3B218C095F27A4"},{"@type":"BreadcrumbList","@id":"https:\/\/www.riwal.com\/hr\/kategorije-strojeva\/genie-za-prodaju\/#breadcrumb","itemListElement":[{"@type":"ListItem","position":1,"name":"Doma","item":"https:\/\/www.riwal.com\/hr\/"},{"@type":"ListItem","position":2,"name":"Kategorije strojeva","item":"https:\/\/www.riwal.com\/hr\/kategorije-strojeva\/"},{"@type":"ListItem","position":3,"name":"Genie za prodaju"}]},{"@type":"WebSite","@id":"https:\/\/www.riwal.com\/hr\/#website","url":"https:\/\/www.riwal.com\/hr\/","name":"Riwal","description":"Arial work platform &amp; Telehandler Rental\/Sales","publisher":{"@id":"https:\/\/www.riwal.com\/hr\/#organization"},"potentialAction":[{"@type":"SearchAction","target":{"@type":"EntryPoint","urlTemplate":"https:\/\/www.riwal.com\/hr\/?s={search_term_string}"},"query-input":{"@type":"PropertyValueSpecification","valueRequired":true,"valueName":"search_term_string"}}],"inLanguage":"hr"},{"@type":"Organization","@id":"https:\/\/www.riwal.com\/hr\/#organization","name":"Riwal","url":"https:\/\/www.riwal.com\/hr\/","logo":{"@type":"ImageObject","inLanguage":"hr","@id":"https:\/\/www.riwal.com\/hr\/#\/schema\/logo\/image\/","url":"","contentUrl":"","caption":"Riwal"},"image":{"@id":"https:\/\/www.riwal.com\/hr\/#\/schema\/logo\/image\/"}}]}},"_links":{"self":[{"href":"https:\/\/www.riwal.com\/hr\/wp-json\/wp\/v2\/pages\/5556","targetHints":{"allow":["GET"]}}],"collection":[{"href":"https:\/\/www.riwal.com\/hr\/wp-json\/wp\/v2\/pages"}],"about":[{"href":"https:\/\/www.riwal.com\/hr\/wp-json\/wp\/v2\/types\/page"}],"author":[{"embeddable":true,"href":"https:\/\/www.riwal.com\/hr\/wp-json\/wp\/v2\/users\/45"}],"replies":[{"embeddable":true,"href":"https:\/\/www.riwal.com\/hr\/wp-json\/wp\/v2\/comments?post=5556"}],"version-history":[{"count":1,"href":"https:\/\/www.riwal.com\/hr\/wp-json\/wp\/v2\/pages\/5556\/revisions"}],"predecessor-version":[{"id":5575,"href":"https:\/\/www.riwal.com\/hr\/wp-json\/wp\/v2\/pages\/5556\/revisions\/5575"}],"up":[{"embeddable":true,"href":"https:\/\/www.riwal.com\/hr\/wp-json\/wp\/v2\/pages\/5549"}],"wp:attachment":[{"href":"https:\/\/www.riwal.com\/hr\/wp-json\/wp\/v2\/media?parent=5556"}],"curies":[{"name":"wp","href":"https:\/\/api.w.org\/{rel}","templated":true}]}}