{"id":5551,"date":"2024-02-06T09:04:25","date_gmt":"2024-02-06T09:04:25","guid":{"rendered":"https:\/\/www.riwal.com\/hr\/?page_id=5551"},"modified":"2024-02-06T09:05:09","modified_gmt":"2024-02-06T09:05:09","slug":"jlg-teleskopska-platforma","status":"publish","type":"page","link":"https:\/\/www.riwal.com\/hr\/kategorije-strojeva\/jlg-teleskopska-platforma\/","title":{"rendered":"JLG teleskopska platforma"},"content":{"rendered":"<div class=\"container\">\n<h2 class=\"wp-block-heading\" id=\"h-jlg-teleskopska-podizna-platforma\">JLG teleskopska podizna platforma<\/h2>\n<\/div>\n\n<div class=\"rental-wp-default-block rental-theme-block-default-margin\">\n\t\t\t\t\t\t\t\t<div class=\"container\">\n<div class=\"wp-block-columns is-layout-flex wp-container-core-columns-is-layout-28f84493 wp-block-columns-is-layout-flex\">\n<div class=\"wp-block-column is-layout-flow wp-block-column-is-layout-flow\" style=\"flex-basis:66.66%\">\n<p>S dosegom ve\u0107im od bilo koje druge vrste platforme za rad na visini, teleskopska podizna platforma osmi\u0161ljena je da bi pove\u0107ala radnu u\u010dinkovitost pri radu na velikim visinama ili te\u0161ko dostupnim podru\u010djima. S vi\u0161e nego dovoljno vu\u010dne sile i brzine, JLG teleskopska podizna platforma s lako\u0107om vas vodi do \u017eeljenog mjesta, dok teleskopska ruka dose\u017ee jo\u0161 dalje i omogu\u0107uje vam da radite udobno na bilo kojoj visini. Kao va\u0161 partner za najam ili kupnju podiznih platformi, Riwal vam nudi velik izbor novih i rabljenih JLG teleskopskih podiznih platformi. Ulo\u017eite u vlastitu novu ili rabljenu JLG teleskopsku podiznu platformu ili je unajmite za obavljanje posla.<\/p>\n\n\n\n<h2 class=\"wp-block-heading\"><strong>JLG teleskopska podizna platforma: najbolja na tr\u017ei\u0161tu<\/strong><\/h2>\n\n\n\n<p>Kao vode\u0107i proizvo\u0111a\u010d opreme za rad na visini, JLG proizvodi visokokvalitetnu, s konkurencijom neusporedivu mehanizaciju koja \u0107e lako obaviti posao u kojoj god grani industrije. Ako redovito morate raditi pod raznim kutovima i u gu\u017evi na napu\u010denom gradili\u0161tu ili radnom mjestu, potrebna vam je odgovaraju\u0107a teleskopska podizna platforma kako biste do\u0161li do \u017eeljenog mjesta. A to je ono \u0161to JLG nudi. Njegove teleskopske podizne platforme s motornim pogonom idealne su za postizanje maksimalnog horizontalnog i vertikalnog dosega te mogu pristupiti podru\u010djima s ograni\u010denim pristupom, \u010dime pove\u0107avaju produktivnost i u\u010dinkovitost.<br><\/p>\n\n\n\n<h2 class=\"wp-block-heading\"><strong>Nove i rabljene JLG podizne platforme za prodaju<\/strong><\/h2>\n\n\n\n<p>Ako ste odlu\u010dili ulo\u017eiti u JLG teleskopsku podiznu platformu, Riwal vam nudi naj\u0161iru ponudu ove vrste opreme koju proizvodi taj brand vrhunske kvalitete. Znamo da veliki izbor ne mora nu\u017eno olak\u0161ati odabir. Ba\u0161 naprotiv! Zato su na\u0161i stru\u010dnjaci uvijek tu da odgovore na sva va\u0161a pitanja o JLG teleskopskoj podiznoj platformi ili op\u0107enito platformama za rad na visini. Sa zadovoljstvom \u0107emo vas savjetovati i pomo\u0107i vam da izaberete pravu teleskopsku podiznu platformu za svoju industriju, tvrtku ili projekt. Ne ustru\u010davajte se kontaktirati nas, mi \u0107emo vas voditi korak po korak.<br><\/p>\n\n\n\n<h2 class=\"wp-block-heading\"><strong>Riwal kao va\u0161 partner za najam JLG opreme<\/strong><\/h2>\n\n\n\n<p>Ako ne planirate svakodnevno koristiti JLG teleskopsku podiznu platformu, Riwal vam nudi veliki izbor JLG teleskopskih podiznih platformi za najam. Na\u0161 \u0107e tim to\u010dno znati \u0161to vam treba za va\u0161 projekt ili gradili\u0161te i rado \u0107e vas uputiti u razli\u010dite specifikacije na\u0161ih podiznih platformi. Nemate certifikat za rad s ovom vrstom opreme? Bez brige, Riwalov centar za obuku nudi vam poha\u0111anje te\u010daja za stjecanje vje\u0161tina i certificiranje. Obratite nam se za vi\u0161e informacija.<\/p>\n\n\n\n<h3 class=\"wp-block-heading\">JLG teleskopska podizna platforma u Riwalu<\/h3>\n\n\n\n<p>Zanima vas \u0161to Riwal nudi kad je rije\u010d o kupnji ili najmu JLG teleskopske podizne platforme? Na\u0161 iskusni tim savjetovat \u0107e vas i voditi u dono\u0161enju prave odluke. Uz za vas prilago\u0111ene savjete, vrhunsku opremu i uslugu od po\u010detka do kraja, sigurni smo da \u0107emo prona\u0107i JLG teleskopsku podiznu platformu koja to\u010dno odgovara va\u0161im zahtjevima i potrebama.<\/p>\n<\/div>\n\n\n\n<div class=\"wp-block-column is-layout-flow wp-block-column-is-layout-flow\" style=\"flex-basis:33.33%\">\n<figure class=\"wp-block-image size-full\"><img loading=\"lazy\" decoding=\"async\" width=\"325\" height=\"230\" src=\"https:\/\/eqsk4m2dkju.exactdn.com\/app\/uploads\/sites\/11\/2024\/02\/JLG-telescopic-boom-lift.webp?strip=all&quality=92&webp=92&avif=80&sharp=1\" alt=\"\" class=\"wp-image-5554\" srcset=\"https:\/\/eqsk4m2dkju.exactdn.com\/app\/uploads\/sites\/11\/2024\/02\/JLG-telescopic-boom-lift.webp?strip=all&amp;quality=92&amp;webp=92&amp;avif=80&amp;sharp=1 325w, https:\/\/eqsk4m2dkju.exactdn.com\/app\/uploads\/sites\/11\/2024\/02\/JLG-telescopic-boom-lift-300x212.webp?strip=all&amp;quality=92&amp;webp=92&amp;avif=80&amp;sharp=1 300w, https:\/\/eqsk4m2dkju.exactdn.com\/app\/uploads\/sites\/11\/2024\/02\/JLG-telescopic-boom-lift-178x126.webp?strip=all&amp;quality=92&amp;webp=92&amp;avif=80&amp;sharp=1 178w, https:\/\/eqsk4m2dkju.exactdn.com\/app\/uploads\/sites\/11\/2024\/02\/JLG-telescopic-boom-lift-250x177.webp?strip=all&amp;quality=92&amp;webp=92&amp;avif=80&amp;sharp=1 250w, https:\/\/eqsk4m2dkju.exactdn.com\/app\/uploads\/sites\/11\/2024\/02\/JLG-telescopic-boom-lift-237x168.webp?strip=all&amp;quality=92&amp;webp=92&amp;avif=80&amp;sharp=1 237w, https:\/\/eqsk4m2dkju.exactdn.com\/app\/uploads\/sites\/11\/2024\/02\/JLG-telescopic-boom-lift.webp?strip=all&amp;quality=92&amp;webp=92&amp;avif=80&amp;sharp=1&amp;w=65 65w\" sizes=\"auto, (max-width: 325px) 100vw, 325px\" \/><\/figure>\n\n\n\n<figure class=\"wp-block-image size-full\"><img loading=\"lazy\" decoding=\"async\" width=\"800\" height=\"609\" src=\"https:\/\/eqsk4m2dkju.exactdn.com\/app\/uploads\/sites\/11\/2024\/02\/Josip1_web.webp?strip=all&quality=92&webp=92&avif=80&sharp=1\" alt=\"\" class=\"wp-image-5552\" srcset=\"https:\/\/eqsk4m2dkju.exactdn.com\/app\/uploads\/sites\/11\/2024\/02\/Josip1_web.webp?strip=all&amp;quality=92&amp;webp=92&amp;avif=80&amp;sharp=1 800w, https:\/\/eqsk4m2dkju.exactdn.com\/app\/uploads\/sites\/11\/2024\/02\/Josip1_web-300x228.webp?strip=all&amp;quality=92&amp;webp=92&amp;avif=80&amp;sharp=1 300w, https:\/\/eqsk4m2dkju.exactdn.com\/app\/uploads\/sites\/11\/2024\/02\/Josip1_web-768x585.webp?strip=all&amp;quality=92&amp;webp=92&amp;avif=80&amp;sharp=1 768w, https:\/\/eqsk4m2dkju.exactdn.com\/app\/uploads\/sites\/11\/2024\/02\/Josip1_web-178x136.webp?strip=all&amp;quality=92&amp;webp=92&amp;avif=80&amp;sharp=1 178w, https:\/\/eqsk4m2dkju.exactdn.com\/app\/uploads\/sites\/11\/2024\/02\/Josip1_web-390x297.webp?strip=all&amp;quality=92&amp;webp=92&amp;avif=80&amp;sharp=1 390w, https:\/\/eqsk4m2dkju.exactdn.com\/app\/uploads\/sites\/11\/2024\/02\/Josip1_web-250x190.webp?strip=all&amp;quality=92&amp;webp=92&amp;avif=80&amp;sharp=1 250w, https:\/\/eqsk4m2dkju.exactdn.com\/app\/uploads\/sites\/11\/2024\/02\/Josip1_web-620x472.webp?strip=all&amp;quality=92&amp;webp=92&amp;avif=80&amp;sharp=1 620w, https:\/\/eqsk4m2dkju.exactdn.com\/app\/uploads\/sites\/11\/2024\/02\/Josip1_web-237x180.webp?strip=all&amp;quality=92&amp;webp=92&amp;avif=80&amp;sharp=1 237w, https:\/\/eqsk4m2dkju.exactdn.com\/app\/uploads\/sites\/11\/2024\/02\/Josip1_web-474x361.webp?strip=all&amp;quality=92&amp;webp=92&amp;avif=80&amp;sharp=1 474w\" sizes=\"auto, (max-width: 800px) 100vw, 800px\" \/><\/figure>\n\n\n\n<p><strong>Jeste li zainteresirani?<\/strong><\/p>\n\n\n\n<p>info-hr@riwal.com<\/p>\n\n\n\n<p>Nazovite nas: 01 2763 581<\/p>\n\n\n\n<div class=\"wp-block-buttons is-layout-flex wp-block-buttons-is-layout-flex\">\n<div class=\"wp-block-button\"><a class=\"wp-block-button__link wp-element-button\" href=\"https:\/\/www.riwal.com\/hr\/najam\/\">Prona\u0111ite strojeve za najam<\/a><\/div>\n<\/div>\n\n\n\n<div class=\"wp-block-buttons is-layout-flex wp-block-buttons-is-layout-flex\">\n<div class=\"wp-block-button\"><a class=\"wp-block-button__link wp-element-button\" href=\"https:\/\/www.riwal.com\/hr\/prodaja\/rabljeni-strojevi\/\">Prona\u0111ite rabljene strojeve za prodaju<\/a><\/div>\n<\/div>\n\n\n\n<div class=\"wp-block-columns is-layout-flex wp-container-core-columns-is-layout-28f84493 wp-block-columns-is-layout-flex\">\n<div class=\"wp-block-column is-layout-flow wp-block-column-is-layout-flow\"><\/div>\n\n\n\n<div class=\"wp-block-column is-layout-flow wp-block-column-is-layout-flow\"><\/div>\n<\/div>\n<\/div>\n<\/div>\n<\/div>\n\t\t\t\t\t\t\t<\/div> ","protected":false},"excerpt":{"rendered":"<p>JLG teleskopska podizna platforma S dosegom ve\u0107im od bilo koje druge vrste platforme za rad na visini, teleskopska podizna platforma osmi\u0161ljena je da bi pove\u0107ala radnu u\u010dinkovitost pri radu na velikim visinama ili te\u0161ko dostupnim podru\u010djima. S vi\u0161e nego dovoljno vu\u010dne sile i brzine, JLG teleskopska podizna platforma s lako\u0107om vas vodi do \u017eeljenog mjesta, &hellip; <a href=\"https:\/\/www.riwal.com\/hr\/kategorije-strojeva\/jlg-teleskopska-platforma\/\">Nastavak<\/a><\/p>\n","protected":false},"author":45,"featured_media":0,"parent":5549,"menu_order":0,"comment_status":"closed","ping_status":"closed","template":"","meta":{"_acf_changed":false,"footnotes":""},"class_list":["post-5551","page","type-page","status-publish","hentry"],"acf":[],"yoast_head":"<!-- This site is optimized with the Yoast SEO Premium plugin v27.1 (Yoast SEO v27.1.1) - https:\/\/yoast.com\/product\/yoast-seo-premium-wordpress\/ -->\n<title>JLG teleskopska platforma - Riwal Hrvatska<\/title>\n<meta name=\"robots\" content=\"index, follow, max-snippet:-1, max-image-preview:large, max-video-preview:-1\" \/>\n<link rel=\"canonical\" href=\"https:\/\/www.riwal.com\/hr\/kategorije-strojeva\/jlg-teleskopska-platforma\/\" \/>\n<meta property=\"og:locale\" content=\"hr_HR\" \/>\n<meta property=\"og:type\" content=\"article\" \/>\n<meta property=\"og:title\" content=\"JLG teleskopska platforma\" \/>\n<meta property=\"og:description\" content=\"JLG teleskopska podizna platforma S dosegom ve\u0107im od bilo koje druge vrste platforme za rad na visini, teleskopska podizna platforma osmi\u0161ljena je da bi pove\u0107ala radnu u\u010dinkovitost pri radu na velikim visinama ili te\u0161ko dostupnim podru\u010djima. S vi\u0161e nego dovoljno vu\u010dne sile i brzine, JLG teleskopska podizna platforma s lako\u0107om vas vodi do \u017eeljenog mjesta, &hellip; Nastavak\" \/>\n<meta property=\"og:url\" content=\"https:\/\/www.riwal.com\/hr\/kategorije-strojeva\/jlg-teleskopska-platforma\/\" \/>\n<meta property=\"og:site_name\" content=\"Riwal Hrvatska\" \/>\n<meta property=\"article:modified_time\" content=\"2024-02-06T09:05:09+00:00\" \/>\n<meta property=\"og:image\" content=\"https:\/\/www.riwal.com\/app\/uploads\/sites\/11\/2024\/02\/JLG-telescopic-boom-lift.webp\" \/>\n<meta name=\"twitter:card\" content=\"summary_large_image\" \/>\n<meta name=\"twitter:label1\" content=\"Est. reading time\" \/>\n\t<meta name=\"twitter:data1\" content=\"3 minute\" \/>\n<script type=\"application\/ld+json\" class=\"yoast-schema-graph\">{\"@context\":\"https:\/\/schema.org\",\"@graph\":[{\"@type\":\"WebPage\",\"@id\":\"https:\/\/www.riwal.com\/hr\/kategorije-strojeva\/jlg-teleskopska-platforma\/\",\"url\":\"https:\/\/www.riwal.com\/hr\/kategorije-strojeva\/jlg-teleskopska-platforma\/\",\"name\":\"JLG teleskopska platforma - Riwal Hrvatska\",\"isPartOf\":{\"@id\":\"https:\/\/www.riwal.com\/hr\/#website\"},\"primaryImageOfPage\":{\"@id\":\"https:\/\/www.riwal.com\/hr\/kategorije-strojeva\/jlg-teleskopska-platforma\/#primaryimage\"},\"image\":{\"@id\":\"https:\/\/www.riwal.com\/hr\/kategorije-strojeva\/jlg-teleskopska-platforma\/#primaryimage\"},\"thumbnailUrl\":\"https:\/\/www.riwal.com\/app\/uploads\/sites\/11\/2024\/02\/JLG-telescopic-boom-lift.webp\",\"datePublished\":\"2024-02-06T09:04:25+00:00\",\"dateModified\":\"2024-02-06T09:05:09+00:00\",\"breadcrumb\":{\"@id\":\"https:\/\/www.riwal.com\/hr\/kategorije-strojeva\/jlg-teleskopska-platforma\/#breadcrumb\"},\"inLanguage\":\"hr\",\"potentialAction\":[{\"@type\":\"ReadAction\",\"target\":[\"https:\/\/www.riwal.com\/hr\/kategorije-strojeva\/jlg-teleskopska-platforma\/\"]}]},{\"@type\":\"ImageObject\",\"inLanguage\":\"hr\",\"@id\":\"https:\/\/www.riwal.com\/hr\/kategorije-strojeva\/jlg-teleskopska-platforma\/#primaryimage\",\"url\":\"https:\/\/www.riwal.com\/app\/uploads\/sites\/11\/2024\/02\/JLG-telescopic-boom-lift.webp\",\"contentUrl\":\"https:\/\/www.riwal.com\/app\/uploads\/sites\/11\/2024\/02\/JLG-telescopic-boom-lift.webp\"},{\"@type\":\"BreadcrumbList\",\"@id\":\"https:\/\/www.riwal.com\/hr\/kategorije-strojeva\/jlg-teleskopska-platforma\/#breadcrumb\",\"itemListElement\":[{\"@type\":\"ListItem\",\"position\":1,\"name\":\"Doma\",\"item\":\"https:\/\/www.riwal.com\/hr\/\"},{\"@type\":\"ListItem\",\"position\":2,\"name\":\"Kategorije strojeva\",\"item\":\"https:\/\/www.riwal.com\/hr\/kategorije-strojeva\/\"},{\"@type\":\"ListItem\",\"position\":3,\"name\":\"JLG teleskopska platforma\"}]},{\"@type\":\"WebSite\",\"@id\":\"https:\/\/www.riwal.com\/hr\/#website\",\"url\":\"https:\/\/www.riwal.com\/hr\/\",\"name\":\"Riwal\",\"description\":\"Arial work platform &amp; Telehandler Rental\/Sales\",\"publisher\":{\"@id\":\"https:\/\/www.riwal.com\/hr\/#organization\"},\"potentialAction\":[{\"@type\":\"SearchAction\",\"target\":{\"@type\":\"EntryPoint\",\"urlTemplate\":\"https:\/\/www.riwal.com\/hr\/?s={search_term_string}\"},\"query-input\":{\"@type\":\"PropertyValueSpecification\",\"valueRequired\":true,\"valueName\":\"search_term_string\"}}],\"inLanguage\":\"hr\"},{\"@type\":\"Organization\",\"@id\":\"https:\/\/www.riwal.com\/hr\/#organization\",\"name\":\"Riwal\",\"url\":\"https:\/\/www.riwal.com\/hr\/\",\"logo\":{\"@type\":\"ImageObject\",\"inLanguage\":\"hr\",\"@id\":\"https:\/\/www.riwal.com\/hr\/#\/schema\/logo\/image\/\",\"url\":\"\",\"contentUrl\":\"\",\"caption\":\"Riwal\"},\"image\":{\"@id\":\"https:\/\/www.riwal.com\/hr\/#\/schema\/logo\/image\/\"}}]}<\/script>\n<!-- \/ Yoast SEO Premium plugin. -->","yoast_head_json":{"title":"JLG teleskopska platforma - Riwal Hrvatska","robots":{"index":"index","follow":"follow","max-snippet":"max-snippet:-1","max-image-preview":"max-image-preview:large","max-video-preview":"max-video-preview:-1"},"canonical":"https:\/\/www.riwal.com\/hr\/kategorije-strojeva\/jlg-teleskopska-platforma\/","og_locale":"hr_HR","og_type":"article","og_title":"JLG teleskopska platforma","og_description":"JLG teleskopska podizna platforma S dosegom ve\u0107im od bilo koje druge vrste platforme za rad na visini, teleskopska podizna platforma osmi\u0161ljena je da bi pove\u0107ala radnu u\u010dinkovitost pri radu na velikim visinama ili te\u0161ko dostupnim podru\u010djima. S vi\u0161e nego dovoljno vu\u010dne sile i brzine, JLG teleskopska podizna platforma s lako\u0107om vas vodi do \u017eeljenog mjesta, &hellip; Nastavak","og_url":"https:\/\/www.riwal.com\/hr\/kategorije-strojeva\/jlg-teleskopska-platforma\/","og_site_name":"Riwal Hrvatska","article_modified_time":"2024-02-06T09:05:09+00:00","og_image":[{"url":"https:\/\/www.riwal.com\/app\/uploads\/sites\/11\/2024\/02\/JLG-telescopic-boom-lift.webp","type":"","width":"","height":""}],"twitter_card":"summary_large_image","twitter_misc":{"Est. reading time":"3 minute"},"schema":{"@context":"https:\/\/schema.org","@graph":[{"@type":"WebPage","@id":"https:\/\/www.riwal.com\/hr\/kategorije-strojeva\/jlg-teleskopska-platforma\/","url":"https:\/\/www.riwal.com\/hr\/kategorije-strojeva\/jlg-teleskopska-platforma\/","name":"JLG teleskopska platforma - Riwal Hrvatska","isPartOf":{"@id":"https:\/\/www.riwal.com\/hr\/#website"},"primaryImageOfPage":{"@id":"https:\/\/www.riwal.com\/hr\/kategorije-strojeva\/jlg-teleskopska-platforma\/#primaryimage"},"image":{"@id":"https:\/\/www.riwal.com\/hr\/kategorije-strojeva\/jlg-teleskopska-platforma\/#primaryimage"},"thumbnailUrl":"https:\/\/www.riwal.com\/app\/uploads\/sites\/11\/2024\/02\/JLG-telescopic-boom-lift.webp","datePublished":"2024-02-06T09:04:25+00:00","dateModified":"2024-02-06T09:05:09+00:00","breadcrumb":{"@id":"https:\/\/www.riwal.com\/hr\/kategorije-strojeva\/jlg-teleskopska-platforma\/#breadcrumb"},"inLanguage":"hr","potentialAction":[{"@type":"ReadAction","target":["https:\/\/www.riwal.com\/hr\/kategorije-strojeva\/jlg-teleskopska-platforma\/"]}]},{"@type":"ImageObject","inLanguage":"hr","@id":"https:\/\/www.riwal.com\/hr\/kategorije-strojeva\/jlg-teleskopska-platforma\/#primaryimage","url":"https:\/\/www.riwal.com\/app\/uploads\/sites\/11\/2024\/02\/JLG-telescopic-boom-lift.webp","contentUrl":"https:\/\/www.riwal.com\/app\/uploads\/sites\/11\/2024\/02\/JLG-telescopic-boom-lift.webp"},{"@type":"BreadcrumbList","@id":"https:\/\/www.riwal.com\/hr\/kategorije-strojeva\/jlg-teleskopska-platforma\/#breadcrumb","itemListElement":[{"@type":"ListItem","position":1,"name":"Doma","item":"https:\/\/www.riwal.com\/hr\/"},{"@type":"ListItem","position":2,"name":"Kategorije strojeva","item":"https:\/\/www.riwal.com\/hr\/kategorije-strojeva\/"},{"@type":"ListItem","position":3,"name":"JLG teleskopska platforma"}]},{"@type":"WebSite","@id":"https:\/\/www.riwal.com\/hr\/#website","url":"https:\/\/www.riwal.com\/hr\/","name":"Riwal","description":"Arial work platform &amp; Telehandler Rental\/Sales","publisher":{"@id":"https:\/\/www.riwal.com\/hr\/#organization"},"potentialAction":[{"@type":"SearchAction","target":{"@type":"EntryPoint","urlTemplate":"https:\/\/www.riwal.com\/hr\/?s={search_term_string}"},"query-input":{"@type":"PropertyValueSpecification","valueRequired":true,"valueName":"search_term_string"}}],"inLanguage":"hr"},{"@type":"Organization","@id":"https:\/\/www.riwal.com\/hr\/#organization","name":"Riwal","url":"https:\/\/www.riwal.com\/hr\/","logo":{"@type":"ImageObject","inLanguage":"hr","@id":"https:\/\/www.riwal.com\/hr\/#\/schema\/logo\/image\/","url":"","contentUrl":"","caption":"Riwal"},"image":{"@id":"https:\/\/www.riwal.com\/hr\/#\/schema\/logo\/image\/"}}]}},"_links":{"self":[{"href":"https:\/\/www.riwal.com\/hr\/wp-json\/wp\/v2\/pages\/5551","targetHints":{"allow":["GET"]}}],"collection":[{"href":"https:\/\/www.riwal.com\/hr\/wp-json\/wp\/v2\/pages"}],"about":[{"href":"https:\/\/www.riwal.com\/hr\/wp-json\/wp\/v2\/types\/page"}],"author":[{"embeddable":true,"href":"https:\/\/www.riwal.com\/hr\/wp-json\/wp\/v2\/users\/45"}],"replies":[{"embeddable":true,"href":"https:\/\/www.riwal.com\/hr\/wp-json\/wp\/v2\/comments?post=5551"}],"version-history":[{"count":2,"href":"https:\/\/www.riwal.com\/hr\/wp-json\/wp\/v2\/pages\/5551\/revisions"}],"predecessor-version":[{"id":5555,"href":"https:\/\/www.riwal.com\/hr\/wp-json\/wp\/v2\/pages\/5551\/revisions\/5555"}],"up":[{"embeddable":true,"href":"https:\/\/www.riwal.com\/hr\/wp-json\/wp\/v2\/pages\/5549"}],"wp:attachment":[{"href":"https:\/\/www.riwal.com\/hr\/wp-json\/wp\/v2\/media?parent=5551"}],"curies":[{"name":"wp","href":"https:\/\/api.w.org\/{rel}","templated":true}]}}