{"id":3802,"date":"2023-10-15T10:30:21","date_gmt":"2023-10-15T10:30:21","guid":{"rendered":"https:\/\/www.riwal.com\/hr\/?page_id=3802"},"modified":"2024-02-11T13:15:01","modified_gmt":"2024-02-11T13:15:01","slug":"politika-privatnosti-i-kolacica","status":"publish","type":"page","link":"https:\/\/www.riwal.com\/hr\/politika-privatnosti-i-kolacica\/","title":{"rendered":"Politika privatnosti i kola\u010di\u0107a"},"content":{"rendered":"<div class=\"container\">\n<h2 class=\"wp-block-heading\" id=\"h-riwal-holding-group-bv-izjava-o-zastiti-privatnosti\">RIWAL HOLDING GROUP BV: IZJAVA O ZA\u0160TITI PRIVATNOSTI<\/h2>\n<\/div>\n\n<div class=\"rental-wp-default-block rental-theme-block-default-margin\">\n\t\t\t\t\t\t\t\t<div class=\"container\">\n<div class=\"wp-block-columns is-layout-flex wp-container-core-columns-is-layout-28f84493 wp-block-columns-is-layout-flex\">\n<div class=\"wp-block-column is-layout-flow wp-block-column-is-layout-flow\" style=\"flex-basis:66.66%\">\n<p>Ova Politika privatnosti i kola\u010di\u0107a odnosi se na sada\u0161nje, biv\u0161e i potencijalne klijente, dobavlja\u010de i posjetitelje svih web-stranica i mobilnih web-stranica kojima upravlja Najam Riwal d.o.o. (www.riwal.hr, Riwal Access4U i Riwal Rental App). Vlasnik ovog web-mjesta je tvrtka Najam Riwal d.o.o., \u010dije je sjedi\u0161te u Dugom Selu (10370), na adresi Bjelovarska 51, a kontaktirati je se mo\u017ee na telefonski broj 01 2763 581 ili e-adresu info-hr@riwal.com. Riwal se smatra izvr\u0161iteljem obrade va\u0161ih osobnih podataka, u skladu s \u010dlankom 4., stavkom 7. Op\u0107e uredbe o za\u0161titi podataka EU 2016\/679 (\u201cGDPR\u201d).<\/p>\n\n\n\n<p>Prema va\u0161oj privatnosti odnosit \u0107emo se s du\u017enom pa\u017enjom, u skladu s pravilima i na\u010delima GDPR-a. Kad zatra\u017eimo va\u0161e osobne podatke putem web-mjesta, aplikacije ili nekog tre\u0107eg digitalnog kanala Riwala, prethodno \u0107emo vam objasniti za\u0161to ih trebamo i koja je za to pravna podloga. Nakon toga \u0107emo, bude li potrebe, zatra\u017eiti va\u0161 nedvosmislen i dobrovoljan pristanak na prikupljanje, kori\u0161tenje, pohranjivanje i mogu\u0107e proslje\u0111ivanje va\u0161ih osobnih podataka, kako je opisano u ovoj Politici privatnosti.<\/p>\n\n\n\n<p>U na\u010delu, va\u0161i nam osobni podaci trebaju za provo\u0111enje kupoprodajnog ugovora ili ugovora o najmu. Prethodni dobrovoljni i nedvosmisleni pristanak za kori\u0161tenje va\u0161ih podataka zahtijevamo samo ako se va\u0161i osobni podaci ne koriste u kontekstu izvr\u0161enja ugovora, uklju\u010duju\u0107i prate\u0107e usluge i marketing.<\/p>\n\n\n\n<p><strong>Va\u0161e osobne podatke koristimo u sljede\u0107e svrhe:<\/strong><\/p>\n\n\n\n<p>&nbsp;1. kod tra\u017eenja ponude koja se odnosi na ugovor o kupnji, najmu ili obuci, ili na ugovor za rezervne dijelove ili odr\u017eavanje platformi za rad na visini te teleskopskih ili klasi\u010dnih vili\u010dara. Ponudu mo\u017eete zatra\u017eiti na na\u0161em web-mjestu, po\u0161tom, telefonom ili e-po\u0161tom (predugovorna faza);<\/p>\n\n\n\n<p>&nbsp;2. kod izvr\u0161enja ugovora iz to\u010dke 1. (ugovorna faza);<\/p>\n\n\n\n<p>&nbsp;3. kod izra\u010duna i bilje\u017eenja financijskih podataka nakon ugovora sklopljenog s vama pod to\u010dkom 1.<\/p>\n\n\n\n<p>&nbsp;4. u marketin\u0161ke svrhe. To uklju\u010duje informiranje o novim proizvodima, uslugama i prodajnim promocijama tvrtke Riwal nakon \u0161to se registrirate za na\u0161 newsletter. Registracijom nam dajete svoj nedvosmislen i dobrovoljan pristanak da na va\u0161u e-adresu \u0161aljemo newsletter o Riwalovim proizvodima, uslugama i prodajnim promocijama.<\/p>\n\n\n\n<p>&nbsp;5. kako bismo vas obavje\u0161tavali o novim proizvodima i vezanim uslugama, uzimaju\u0107i u obzir va\u0161e preferencije na temelju kupljenih ili pribavljenih proizvoda i\/ili usluga, va\u0161e interese na temelju va\u0161eg kori\u0161tenja na\u0161ih web-stranica i mobilnih web-stranica, uklju\u010duju\u0107i i aplikacije, koje uz va\u0161 pristanak bilje\u017eimo. To mo\u017eemo raditi i putem kampanja na dru\u0161tvenim mre\u017eama (Facebook i LinkedIn).<\/p>\n\n\n\n<p>&nbsp;6. radi ispunjenja zakonskih obveza i zakonskih fiskalnih obveza; i<\/p>\n\n\n\n<p>&nbsp;7. u svrhu razvoja i pobolj\u0161anja proizvoda i usluga za internu analizu i analizu web-mjesta.<\/p>\n\n\n\n<p>8.&nbsp;obra\u0111ivati osobne podatke s tvrtkom Albacross, koja pru\u017ea pobolj\u0161anje usluga i korisni\u010dkog iskustva na na\u0161oj web stranici (npr. &#8220;Lead Generation&#8221;) dodavanjem podataka u vlastitu poslovnu bazu podataka. Uz Lead Generation, Albacross baza podataka koristit \u0107e se i za ciljano poslovno ogla\u0161avanje, kojem \u0107e tre\u0107e strane pru\u017eiti podatkovne usluge. Usmjereno ogla\u0161avanje odnosi se na tvrtke, a ne na pojedince.<\/p>\n\n\n\n<p><strong>\u010cije osobne podatke obra\u0111ujemo?<\/strong><\/p>\n\n\n\n<p>Obra\u0111ujemo (skupljamo, koristimo, pohranjujemo, spremamo i dijelimo) osobne podatke sada\u0161njih, biv\u0161ih i potencijalnih klijenata, dobavlja\u010da i posjetitelja na\u0161ih web-stranica i aplikacija.<\/p>\n\n\n\n<p><strong>Tko \u0107e dobiti va\u0161e osobne podatke?<\/strong><\/p>\n\n\n\n<p>Va\u0161e osobne podatke dostavljamo samo tvrtkama koje su uklju\u010dene u izvr\u0161enje ugovora izme\u0111u vas i Riwala i kad je to nu\u017eno za taj ugovor. Sa svim tim tvrtkama sklopili smo ugovore o obradi, u kojima je propisano koje se radnje obavljaju pod na\u0161im nadzorom i u skladu s na\u0161im uputama. Te tvrtke ne smiju obra\u0111ivati ili upotrebljavati podatke u vlastite ili tre\u0107e svrhe.<\/p>\n\n\n\n<p><strong>Odjava s newslettera<\/strong><\/p>\n\n\n\n<p>Ako vi\u0161e ne \u017eelite primati obavijesti o na\u0161im novim proizvodima i prate\u0107im uslugama i promocijama, u svakom trenutku mo\u017eete odjaviti primanje na\u0161eg newslettera. To mo\u017eete u\u010diniti klikom na link za odjavu u na\u0161em newsletteru ili slanjem e-poruke na info@riwal.com s naslovom: &#8220;odjava s newslettera&#8221;. Nadalje, u svakom trenutku sami mo\u017eete prilagoditi postavke kola\u010di\u0107a; vi\u0161e o tome pogledajte u &#8220;Uporaba kola\u010di\u0107a&#8221;.<\/p>\n\n\n\n<p><strong>Razdoblje pohrane va\u0161ih osobnih podataka<\/strong><\/p>\n\n\n\n<p>&nbsp;Va\u0161i osobni podaci ne\u0107e se \u010duvati dulje nego \u0161to je potrebno za gore navedene svrhe ili u skladu sa zakonski propisanim rokom.<\/p>\n\n\n\n<p><strong>Sigurnost<\/strong><\/p>\n\n\n\n<p>Poduzeli smo odgovaraju\u0107e tehni\u010dke i organizacijske mjere kako bismo za\u0161titili va\u0161e osobne podatke i sprije\u010dili neovla\u0161teni pristup va\u0161im osobnim podacima. Te mjere redovito se ocjenjuju, prilago\u0111avaju i po potrebi a\u017euriraju.<\/p>\n\n\n\n<p>Na\u0161e web-mjesto osigurano je tako da se osobni podaci koje ostavljate na na\u0161em web-mjestu sigurnom vezom \u0161alju na\u0161oj organizaciji.<\/p>\n\n\n\n<p><strong>Uporaba kola\u010di\u0107a<\/strong><\/p>\n\n\n\n<p>U ponudi svojih proizvoda i usluga na web-stranicama i aplikacijama koristimo kola\u010di\u0107e. Kola\u010di\u0107i su male podatkovne datoteke koje web-stranice pohranjuju na va\u0161em ure\u0111aju (primjerice, ra\u010dunalu). Web-mjesto izdaje uputu web-pregledniku koji koristite za pregledavanje web-stranica (primjerice, Internet Explorer) da pohrani kola\u010di\u0107e na va\u0161 ure\u0111aj. Na Riwalovim web-stranicama koriste se \u010detiri vrste kola\u010di\u0107a:<\/p>\n\n\n\n<p>1.Funkcionalni kola\u010di\u0107i<\/p>\n\n\n\n<p>Funkcionalni kola\u010di\u0107i nu\u017eni su za rad na\u0161eg web-mjesta. Oni slu\u017ee za jednostavniju navigaciju na\u0161im web-stranicama i spremanje odre\u0111enih korisni\u010dkih postavki ili preferencija kako bismo vam omogu\u0107ili \u0161to u\u010dinkovitije kori\u0161tenje web-stranica.<\/p>\n\n\n\n<p>2.Analiti\u010dki kola\u010di\u0107i<\/p>\n\n\n\n<p>Riwal uz to koristi i analiti\u010dke kola\u010di\u0107e kako bi izmjerio broj posjetitelja web-stranica i saznao koje se informacije najvi\u0161e gledaju (primjerice kori\u0161tenjem alata Google Analytics). Prikupljeni statisti\u010dki podaci koriste se za optimizaciju sadr\u017eaja web-mjesta ili online po\u0161te u skladu s potrebama posjetitelja.<\/p>\n\n\n\n<p>3.Reklamni kola\u010di\u0107i<\/p>\n\n\n\n<p>&nbsp;Odre\u0111eni oglasi na web-stranice tre\u0107ih strana prate koji su posjetitelji pro\u010ditali oglase i koje su stranice pregledali. To omogu\u0107ava Riwalu da personalizira va\u0161 sljede\u0107i posjet i prika\u017ee vam relevantne oglase. Te tre\u0107e strane (uklju\u010duju\u0107i Facebook na https:\/\/www.facebook.com\/ads\/about\/?entry_product=ad_preferences) nude vam mogu\u0107nost da upravljate postavkama privatnosti i ogla\u0161avanja i po potrebi ih prilagodite svojim \u017eeljama.<\/p>\n\n\n\n<p>4.Kola\u010di\u0107i dru\u0161tvenih mre\u017ea<\/p>\n\n\n\n<p>Riwal vam omogu\u0107ava dijeljenje informacija na web-stranicama i aplikacijama putem dru\u0161tvenih mre\u017ea. Za to mo\u017eete koristiti ikone dru\u0161tvenih mre\u017ea. Kad kliknete na neku od tih ikona, bit \u0107ete preusmjereni na stranice tvrtke-vlasnice te dru\u0161tvene mre\u017ee. Kako klikate, te tvrtke pohranjuju kola\u010di\u0107e. Te vam tvrtke tako\u0111er nude mogu\u0107nost da upravljate postavkama privatnosti i ogla\u0161avanja te ih po potrebi prilagodite.<\/p>\n\n\n\n<figure class=\"wp-block-table\"><table><tbody><tr><td><strong>Ime kola\u010di\u0107a<\/strong><\/td><td><strong>Opis<\/strong><\/td><td><strong>Trajanje skladi\u0161tenja<\/strong><\/td><\/tr><tr><td>.ASPXAUTH<\/td><td>Kola\u010di\u0107 ASPXAUTH koristi se za utvr\u0111ivanje je li korisnik ovla\u0161ten. Ovaj kola\u010di\u0107 ne sadr\u017ei informacije iz kojih se mo\u017ee o kojoj je osobi rije\u010d. Ovaj kola\u010di\u0107 slu\u017ei da bi se osigurala funkcionalnost mre\u017enog mjesta i nestaje 30 minuta nakon zatvaranja preglednika.<\/td><td>Kraj sesije&nbsp;<\/td><\/tr><tr><td>ASP.NET_SessionId<\/td><td>Kola\u010di\u0107 koji sadr\u017ei podatke o sesiji korisnika i koristi ga samo poslu\u017eitelj da bi se osigurao kontinuitet. Ovaj kola\u010di\u0107 ne sadr\u017ei informacije iz kojih se mo\u017ee o kojoj je osobi rije\u010d. Ovaj kola\u010di\u0107 slu\u017ei da bi se osigurala funkcionalnost mre\u017enog mjesta i nestaje 30 minuta nakon zatvaranja preglednika.<\/td><td>Kraj sesije&nbsp;<\/td><\/tr><tr><td>SC_ANALYTICS_GLOBAL_COOKIE<\/td><td>Ovaj nasumi\u010dno odabrani broj poma\u017ee nam da vam \u0161aljemo personalizirane sadr\u017eaje. Nadalje, ovaj kola\u010di\u0107 nam poma\u017ee u kreiranju izvje\u0161\u0107a o tome kako korisnici koriste na\u0161e mre\u017eno mjesto u sustavu upravljanja sadr\u017eajem.<\/td><td>1 godina<\/td><\/tr><tr><td>SC_ANALYTICS_SESSION_COOKIE<\/td><td>Ovaj nasumi\u010dno odabrani broj poma\u017ee nam da vam \u0161aljemo personalizirane sadr\u017eaje. Nadalje, ovaj kola\u010di\u0107 nam poma\u017ee u kreiranju izvje\u0161\u0107a o tome kako posjetitelji koriste na\u0161e mre\u017eno mjesto unutar na\u0161eg sustava upravljanja sadr\u017eajem.&nbsp;<\/td><td>Kraj sesije&nbsp;<\/td><\/tr><tr><td>_RequestVerificationToken<\/td><td>Ovaj kola\u010di\u0107 je stvoren radi za\u0161tite na\u0161eg mre\u017enog mjesta od zlonamjernih napada. Ovaj kola\u010di\u0107 ne sadr\u017ei informacije iz kojih se mo\u017ee o kojoj je osobi rije\u010d. Ovaj kola\u010di\u0107 slu\u017ei da bi se osigurala funkcionalnost mre\u017enog mjesta i nestaje 30 minuta nakon zatvaranja preglednika.&nbsp;<\/td><td>Kraj sesije&nbsp;<\/td><\/tr><tr><td>{sitename}#lang<\/td><td>Kola\u010di\u0107 koji slu\u017ei za pohranjivanje izabranog jezika.<\/td><td>&nbsp;<\/td><\/tr><\/tbody><\/table><\/figure>\n\n\n\n<p><strong>Kako kontrolirati i izbrisati kola\u010di\u0107e?<\/strong><\/p>\n\n\n\n<p>Na web-mjestu i aplikaciji Riwala sami mo\u017eete podesiti postavke kola\u010di\u0107a (s iznimkom prijeko potrebnih kola\u010di\u0107a za koje nije potreban pristanak). Ve\u0107ina internetskih preglednika postavljena je tako da se kola\u010di\u0107i prihva\u0107aju automatski. U postavkama mo\u017eete blokirati kola\u010di\u0107e ili zatra\u017eiti da vas se upozori kad se na va\u0161e ra\u010dunalo \u0161alje kola\u010di\u0107. Provjerite u uputama preglednika kako prilagoditi ili promijeniti postavke preglednika.<\/p>\n\n\n\n<p>&nbsp;Ako s raznih ure\u0111aja posje\u0107ujete Riwalove web-stranice ili aplikacije, provjerite jesu li svi preglednici na svim va\u0161im ure\u0111ajima prilago\u0111eni va\u0161im postavkama kola\u010di\u0107a. Isklju\u010dite li kola\u010di\u0107e koje koristi Riwal ili ih podesite prema svojim postavkama privatnosti, to bi moglo ograni\u010diti iskustvo rada na Riwalovim web-stranicama i aplikacijama.<\/p>\n\n\n\n<p><strong>Izjava o ograni\u010denju odgovornosti<\/strong><\/p>\n\n\n\n<p>Riwalove web-stranice i aplikacije sadr\u017ee poveznice na druge web-stranice i mogu\u0107e ogla\u0161iva\u010de, uklju\u010duju\u0107i Google, Facebook i LinkedIn.<\/p>\n\n\n\n<p>Za slanje newslettera anga\u017eirali smo tre\u0107u stranu, Emark. Newslettere \u0161aljemo samo ako ste se za to registrirali. U svakom trenutku se mo\u017eete odjaviti s newslettera.<\/p>\n\n\n\n<p>Riwal ne snosi odgovornost za eventualno kr\u0161enje privatnosti do kojeg mo\u017ee do\u0107i, niti smo odgovorni za sadr\u017eaj, sigurnost ili vlasni\u0161tvo web-stranica tih tre\u0107ih strana. Stoga vam savjetujemo da redovno provjeravate politiku privatnosti tih kompanija. Gdje je to mogu\u0107e, postavke privatnosti prilagodite svojim osobnim preferencijama.<\/p>\n\n\n\n<p><strong>Za\u0161tita osobnih podataka<\/strong><\/p>\n\n\n\n<p>Riwal je odgovoran za sigurnu pohranu i prijenos podataka s va\u0161eg ra\u010dunala na na\u0161e poslu\u017eitelje. Ti su poslu\u017eitelji u Nizozemskoj, a sve europske dr\u017eave pru\u017eaju odgovaraju\u0107u i primjerenu razinu zakonske za\u0161tite. Riwal je tako\u0111er poduzeo odgovaraju\u0107e tehni\u010dke i organizacijske mjere za za\u0161titu va\u0161ih osobnih podataka od gubitka ili bilo kojeg oblika nezakonite obrade. Kad je rije\u010d o suradnji s tvrtkama koje nisu iz Europe, Riwal \u0107e va\u0161e osobne podatke proslijediti samo ako postoji podjednaka razina za\u0161tite ili ako ste prethodno izri\u010dito tako zahtijevali.<\/p>\n\n\n\n<p><strong>Djeca<\/strong><\/p>\n\n\n\n<p>Riwalovi proizvodi i prate\u0107e usluge nisu namijenjeni djeci. Ako imate manje od 16 godina (ako ste maloljetni), ne smijete koristiti na\u0161e usluge.<\/p>\n\n\n\n<p><strong>Va\u0161a prava<\/strong><\/p>\n\n\n\n<p>U svakom trenutku mo\u017eete tra\u017eiti pristup, promjenu ili brisanje svojih osobnih podataka. Isto tako, u svakom trenutku mo\u017eete otkazati primanje obavijesti bilo koje marketin\u0161ke kampanje, uklju\u010duju\u0107i i na\u0161 newsletter, i to na info@riwal.com. Osim toga, na web-stranicama Riwala mo\u017eete podesiti svoje postavke kola\u010di\u0107a.<\/p>\n\n\n\n<p>&nbsp;Na vama je odgovornost da svi podaci koje dajete Riwalu budu to\u010dni i a\u017eurirani.<\/p>\n\n\n\n<p>Napokon, imate i pravo pritu\u017ebe nizozemskom Nadzornom tijelu za za\u0161titu osobnih podataka (Autoriteit Persoonsgegevens) ako vam ne odgovara na\u010din na koji Riwal upravlja va\u0161im osobnim podacima.<\/p>\n\n\n\n<p>&nbsp;Sa svim dodatnim pitanjima o ovoj Politici privatnosti i kola\u010di\u0107a ili o tome kako se ona primjenjuje na ovo web-mjesto, slobodno nam se obratite na:<\/p>\n\n\n\n<p>Bjelovarska 51<\/p>\n\n\n\n<p>10 370 Dugo Selo<\/p>\n\n\n\n<p>privacy@riwal.com<\/p>\n\n\n\n<p>Promjene ove Politike privatnosti i kola\u010di\u0107a<\/p>\n\n\n\n<p>Svaka promjena ove Riwalove Politike privatnosti i kola\u010di\u0107a bit \u0107e objavljena na web-stranicama. Riwal vam stoga savjetuje da redovno provjeravate Politiku privatnosti i kola\u010di\u0107a na na\u0161im web-stranicama kako biste uvijek bili informirani o promjenama.<\/p>\n\n\n\n<p>Ova Politika privatnosti i kola\u010di\u0107a podlije\u017ee nizozemskim zakonima. Zadnji je put mijenjana u svibnju 2018. godine.<\/p>\n<\/div>\n\n\n\n<div class=\"wp-block-column is-layout-flow wp-block-column-is-layout-flow\" style=\"flex-basis:33.33%\"><\/div>\n<\/div>\n<\/div>\n\t\t\t\t\t\t\t<\/div> ","protected":false},"excerpt":{"rendered":"<p>RIWAL HOLDING GROUP BV: IZJAVA O ZA\u0160TITI PRIVATNOSTI Ova Politika privatnosti i kola\u010di\u0107a odnosi se na sada\u0161nje, biv\u0161e i potencijalne klijente, dobavlja\u010de i posjetitelje svih web-stranica i mobilnih web-stranica kojima upravlja Najam Riwal d.o.o. (www.riwal.hr, Riwal Access4U i Riwal Rental App). Vlasnik ovog web-mjesta je tvrtka Najam Riwal d.o.o., \u010dije je sjedi\u0161te u Dugom Selu &hellip; <a href=\"https:\/\/www.riwal.com\/hr\/politika-privatnosti-i-kolacica\/\">Nastavak<\/a><\/p>\n","protected":false},"author":45,"featured_media":0,"parent":0,"menu_order":0,"comment_status":"closed","ping_status":"closed","template":"","meta":{"_acf_changed":false,"footnotes":""},"class_list":["post-3802","page","type-page","status-publish","hentry"],"acf":[],"yoast_head":"<!-- This site is optimized with the Yoast SEO Premium plugin v27.1 (Yoast SEO v27.1.1) - https:\/\/yoast.com\/product\/yoast-seo-premium-wordpress\/ -->\n<title>Politika privatnosti i kola\u010di\u0107a - Riwal Hrvatska<\/title>\n<meta name=\"robots\" content=\"index, follow, max-snippet:-1, max-image-preview:large, max-video-preview:-1\" \/>\n<link rel=\"canonical\" href=\"https:\/\/www.riwal.com\/hr\/politika-privatnosti-i-kolacica\/\" \/>\n<meta property=\"og:locale\" content=\"hr_HR\" \/>\n<meta property=\"og:type\" content=\"article\" \/>\n<meta property=\"og:title\" content=\"Politika privatnosti i kola\u010di\u0107a\" \/>\n<meta property=\"og:description\" content=\"RIWAL HOLDING GROUP BV: IZJAVA O ZA\u0160TITI PRIVATNOSTI Ova Politika privatnosti i kola\u010di\u0107a odnosi se na sada\u0161nje, biv\u0161e i potencijalne klijente, dobavlja\u010de i posjetitelje svih web-stranica i mobilnih web-stranica kojima upravlja Najam Riwal d.o.o. (www.riwal.hr, Riwal Access4U i Riwal Rental App). Vlasnik ovog web-mjesta je tvrtka Najam Riwal d.o.o., \u010dije je sjedi\u0161te u Dugom Selu &hellip; Nastavak\" \/>\n<meta property=\"og:url\" content=\"https:\/\/www.riwal.com\/hr\/politika-privatnosti-i-kolacica\/\" \/>\n<meta property=\"og:site_name\" content=\"Riwal Hrvatska\" \/>\n<meta property=\"article:modified_time\" content=\"2024-02-11T13:15:01+00:00\" \/>\n<meta name=\"twitter:card\" content=\"summary_large_image\" \/>\n<meta name=\"twitter:label1\" content=\"Est. reading time\" \/>\n\t<meta name=\"twitter:data1\" content=\"10 minuta\" \/>\n<script type=\"application\/ld+json\" class=\"yoast-schema-graph\">{\"@context\":\"https:\/\/schema.org\",\"@graph\":[{\"@type\":\"WebPage\",\"@id\":\"https:\/\/www.riwal.com\/hr\/politika-privatnosti-i-kolacica\/\",\"url\":\"https:\/\/www.riwal.com\/hr\/politika-privatnosti-i-kolacica\/\",\"name\":\"Politika privatnosti i kola\u010di\u0107a - Riwal Hrvatska\",\"isPartOf\":{\"@id\":\"https:\/\/www.riwal.com\/hr\/#website\"},\"datePublished\":\"2023-10-15T10:30:21+00:00\",\"dateModified\":\"2024-02-11T13:15:01+00:00\",\"breadcrumb\":{\"@id\":\"https:\/\/www.riwal.com\/hr\/politika-privatnosti-i-kolacica\/#breadcrumb\"},\"inLanguage\":\"hr\",\"potentialAction\":[{\"@type\":\"ReadAction\",\"target\":[\"https:\/\/www.riwal.com\/hr\/politika-privatnosti-i-kolacica\/\"]}]},{\"@type\":\"BreadcrumbList\",\"@id\":\"https:\/\/www.riwal.com\/hr\/politika-privatnosti-i-kolacica\/#breadcrumb\",\"itemListElement\":[{\"@type\":\"ListItem\",\"position\":1,\"name\":\"Doma\",\"item\":\"https:\/\/www.riwal.com\/hr\/\"},{\"@type\":\"ListItem\",\"position\":2,\"name\":\"Politika privatnosti i kola\u010di\u0107a\"}]},{\"@type\":\"WebSite\",\"@id\":\"https:\/\/www.riwal.com\/hr\/#website\",\"url\":\"https:\/\/www.riwal.com\/hr\/\",\"name\":\"Riwal\",\"description\":\"Arial work platform &amp; Telehandler Rental\/Sales\",\"publisher\":{\"@id\":\"https:\/\/www.riwal.com\/hr\/#organization\"},\"potentialAction\":[{\"@type\":\"SearchAction\",\"target\":{\"@type\":\"EntryPoint\",\"urlTemplate\":\"https:\/\/www.riwal.com\/hr\/?s={search_term_string}\"},\"query-input\":{\"@type\":\"PropertyValueSpecification\",\"valueRequired\":true,\"valueName\":\"search_term_string\"}}],\"inLanguage\":\"hr\"},{\"@type\":\"Organization\",\"@id\":\"https:\/\/www.riwal.com\/hr\/#organization\",\"name\":\"Riwal\",\"url\":\"https:\/\/www.riwal.com\/hr\/\",\"logo\":{\"@type\":\"ImageObject\",\"inLanguage\":\"hr\",\"@id\":\"https:\/\/www.riwal.com\/hr\/#\/schema\/logo\/image\/\",\"url\":\"\",\"contentUrl\":\"\",\"caption\":\"Riwal\"},\"image\":{\"@id\":\"https:\/\/www.riwal.com\/hr\/#\/schema\/logo\/image\/\"}}]}<\/script>\n<!-- \/ Yoast SEO Premium plugin. -->","yoast_head_json":{"title":"Politika privatnosti i kola\u010di\u0107a - Riwal Hrvatska","robots":{"index":"index","follow":"follow","max-snippet":"max-snippet:-1","max-image-preview":"max-image-preview:large","max-video-preview":"max-video-preview:-1"},"canonical":"https:\/\/www.riwal.com\/hr\/politika-privatnosti-i-kolacica\/","og_locale":"hr_HR","og_type":"article","og_title":"Politika privatnosti i kola\u010di\u0107a","og_description":"RIWAL HOLDING GROUP BV: IZJAVA O ZA\u0160TITI PRIVATNOSTI Ova Politika privatnosti i kola\u010di\u0107a odnosi se na sada\u0161nje, biv\u0161e i potencijalne klijente, dobavlja\u010de i posjetitelje svih web-stranica i mobilnih web-stranica kojima upravlja Najam Riwal d.o.o. (www.riwal.hr, Riwal Access4U i Riwal Rental App). Vlasnik ovog web-mjesta je tvrtka Najam Riwal d.o.o., \u010dije je sjedi\u0161te u Dugom Selu &hellip; Nastavak","og_url":"https:\/\/www.riwal.com\/hr\/politika-privatnosti-i-kolacica\/","og_site_name":"Riwal Hrvatska","article_modified_time":"2024-02-11T13:15:01+00:00","twitter_card":"summary_large_image","twitter_misc":{"Est. reading time":"10 minuta"},"schema":{"@context":"https:\/\/schema.org","@graph":[{"@type":"WebPage","@id":"https:\/\/www.riwal.com\/hr\/politika-privatnosti-i-kolacica\/","url":"https:\/\/www.riwal.com\/hr\/politika-privatnosti-i-kolacica\/","name":"Politika privatnosti i kola\u010di\u0107a - Riwal Hrvatska","isPartOf":{"@id":"https:\/\/www.riwal.com\/hr\/#website"},"datePublished":"2023-10-15T10:30:21+00:00","dateModified":"2024-02-11T13:15:01+00:00","breadcrumb":{"@id":"https:\/\/www.riwal.com\/hr\/politika-privatnosti-i-kolacica\/#breadcrumb"},"inLanguage":"hr","potentialAction":[{"@type":"ReadAction","target":["https:\/\/www.riwal.com\/hr\/politika-privatnosti-i-kolacica\/"]}]},{"@type":"BreadcrumbList","@id":"https:\/\/www.riwal.com\/hr\/politika-privatnosti-i-kolacica\/#breadcrumb","itemListElement":[{"@type":"ListItem","position":1,"name":"Doma","item":"https:\/\/www.riwal.com\/hr\/"},{"@type":"ListItem","position":2,"name":"Politika privatnosti i kola\u010di\u0107a"}]},{"@type":"WebSite","@id":"https:\/\/www.riwal.com\/hr\/#website","url":"https:\/\/www.riwal.com\/hr\/","name":"Riwal","description":"Arial work platform &amp; Telehandler Rental\/Sales","publisher":{"@id":"https:\/\/www.riwal.com\/hr\/#organization"},"potentialAction":[{"@type":"SearchAction","target":{"@type":"EntryPoint","urlTemplate":"https:\/\/www.riwal.com\/hr\/?s={search_term_string}"},"query-input":{"@type":"PropertyValueSpecification","valueRequired":true,"valueName":"search_term_string"}}],"inLanguage":"hr"},{"@type":"Organization","@id":"https:\/\/www.riwal.com\/hr\/#organization","name":"Riwal","url":"https:\/\/www.riwal.com\/hr\/","logo":{"@type":"ImageObject","inLanguage":"hr","@id":"https:\/\/www.riwal.com\/hr\/#\/schema\/logo\/image\/","url":"","contentUrl":"","caption":"Riwal"},"image":{"@id":"https:\/\/www.riwal.com\/hr\/#\/schema\/logo\/image\/"}}]}},"_links":{"self":[{"href":"https:\/\/www.riwal.com\/hr\/wp-json\/wp\/v2\/pages\/3802","targetHints":{"allow":["GET"]}}],"collection":[{"href":"https:\/\/www.riwal.com\/hr\/wp-json\/wp\/v2\/pages"}],"about":[{"href":"https:\/\/www.riwal.com\/hr\/wp-json\/wp\/v2\/types\/page"}],"author":[{"embeddable":true,"href":"https:\/\/www.riwal.com\/hr\/wp-json\/wp\/v2\/users\/45"}],"replies":[{"embeddable":true,"href":"https:\/\/www.riwal.com\/hr\/wp-json\/wp\/v2\/comments?post=3802"}],"version-history":[{"count":2,"href":"https:\/\/www.riwal.com\/hr\/wp-json\/wp\/v2\/pages\/3802\/revisions"}],"predecessor-version":[{"id":6231,"href":"https:\/\/www.riwal.com\/hr\/wp-json\/wp\/v2\/pages\/3802\/revisions\/6231"}],"wp:attachment":[{"href":"https:\/\/www.riwal.com\/hr\/wp-json\/wp\/v2\/media?parent=3802"}],"curies":[{"name":"wp","href":"https:\/\/api.w.org\/{rel}","templated":true}]}}