{"id":3800,"date":"2023-10-15T10:28:24","date_gmt":"2023-10-15T10:28:24","guid":{"rendered":"https:\/\/www.riwal.com\/hr\/?page_id=3800"},"modified":"2024-02-11T13:14:09","modified_gmt":"2024-02-11T13:14:09","slug":"odricanje-od-odgovornosti","status":"publish","type":"page","link":"https:\/\/www.riwal.com\/hr\/odricanje-od-odgovornosti\/","title":{"rendered":"Odricanje od odgovornosti"},"content":{"rendered":"<div class=\"container\">\n<h2 class=\"wp-block-heading\" id=\"h-disclaimer-izjava-o-ogranicenju-odgovornosti-za-www-riwal-hr\">DISCLAIMER\/IZJAVA O OGRANI\u010cENJU ODGOVORNOSTI ZA WWW.RIWAL.HR<\/h2>\n<\/div>\n\n<div class=\"rental-wp-default-block rental-theme-block-default-margin\">\n\t\t\t\t\t\t\t\t<div class=\"container\">\n<div class=\"wp-block-columns is-layout-flex wp-container-core-columns-is-layout-28f84493 wp-block-columns-is-layout-flex\">\n<div class=\"wp-block-column is-layout-flow wp-block-column-is-layout-flow\" style=\"flex-basis:66.66%\">\n<p>Riwal u svakom trenutku pridr\u017eava pravo izmjene sadr\u017eaja ili uklanjanja njegovih dijelova bez prethodne obavijesti. Korisnicima web-mjesta savjetujemo da redovno \u010ditaju izjavu o ograni\u010denju odgovornosti kako bi uvijek bili upu\u0107eni u najnoviju verziju.<\/p>\n\n\n\n<p><strong>Ograni\u010denje odgovornosti<\/strong><\/p>\n\n\n\n<p>Riwal nastoji \u0161to \u010de\u0161\u0107e dopunjavati i\/ili a\u017eurirati sadr\u017eaj web-mjesta. Unato\u010d posve\u0107enoj brizi i pozornosti, sadr\u017eaj mo\u017ee biti nepotpun i\/ili neto\u010dan.<\/p>\n\n\n\n<p>Materijali koji se nude na web-mjestu nude se bez ikakve garancije to\u010dnosti. Ti se materijali u svakom trenutku mogu mijenjati bez prethodnog Riwalovog upozorenja.<\/p>\n\n\n\n<p>Unato\u010d stalnoj pa\u017enji koju Riwal posve\u0107uje svom web-mjestu i na njemu objavljenim informacijama, Riwal se ne mo\u017ee smatrati odgovornim za potpunost, to\u010dnost i aktualnost svog web-mjesta i na njemu objavljenih informacija.<\/p>\n\n\n\n<p>Informacije objavljene na web-mjestu imaju isklju\u010divo op\u0107enitu namjenu i ne mogu se smatrati savjetima. Riwal nije odgovoran za gubitak ili \u0161tetu nastalu kori\u0161tenjem ovog web-mjesta (ili nemogu\u0107no\u0161\u0107u njegova kori\u0161tenja), uklju\u010duju\u0107i gubitak ili \u0161tetu izazvanu virusima ili neto\u010dnim ili nepotpunim informacijama, osim ako je gubitak ili \u0161teta posljedica Riwalova namjernog protupravnog postupanja ili grubog nemara.<\/p>\n\n\n\n<p>Riwal tako\u0111er ne\u0107e biti odgovoran za gubitak ili \u0161tetu kao posljedicu kori\u0161tenja elektroni\u010dkih sredstava komunikacije, uklju\u010duju\u0107i \u2013 no ne i jedino \u2013 gubitak ili \u0161tetu uzrokovanu ka\u0161njenjem u pru\u017eanju elektroni\u010dke komunikacije ili neuspjehom u njenom pru\u017eanju, te ometanjem ili manipuliranjem elektroni\u010dke komunikacije od strane tre\u0107ih osoba ili kompjuterskih programa koji se koriste za elektroni\u010dku komunikaciju i \u0161irenje virusa. Konkretno, sve cijene navedene na web-mjestu su uvjetne i mogu biti posljedica pogre\u0161ke kod tipkanja ili programiranja. Odri\u010demo se odgovornosti za bilo kakve posljedice takvih pogre\u0161aka. Na temelju takvih pogre\u0161aka ne\u0107e se sklapati ugovori.<\/p>\n\n\n\n<p>Informacije tre\u0107ih osoba izraz su njihovih uvjerenja. Riwal za njih ne snosi odgovornost.<\/p>\n\n\n\n<p>Ovo web-mjesto sadr\u017ei poveznice na web-stranice tre\u0107ih strana. Riwal nije odgovoran za sadr\u017eaj ili funkcionalnost tih vanjskih web-stranica. Riwal se odri\u010de svake odgovornosti za kvalitetu proizvoda i\/ili usluga tih vanjskih web-stranica i nije odgovoran za uporabu sadr\u017eaja web-stranica koje vode do ili sa web-mjesta.<\/p>\n\n\n\n<p><strong>Copyrights\/Autorska prava<\/strong><\/p>\n\n\n\n<p>Riwal zadr\u017eava sva prava intelektualnog vlasni\u0161tva koja se odnose na ove materijale.<\/p>\n\n\n\n<p>Zabranjeno je kopiranje, distribucija i bilo kakva druga upotreba ovih materijala bez pisanog odobrenja tvrtke Riwal, u skladu s obvezuju\u0107im propisima i samo u opsegu koji je njima odre\u0111en (kao \u0161to je pravo citiranja), osim ako za odre\u0111ene materijale nije druk\u010dije nazna\u010deno.<\/p>\n\n\n\n<p>Ondje gdje nije druk\u010dije nazna\u010deno, sva prava na web-mjesto i informacije na njemu, uklju\u010duju\u0107i \u2013 no ne i jedino \u2013 autorska prava i ostala prava intelektualnog vlasni\u0161tva, pripadaju Riwalu. Pod tim pravima misli se na sva prava na za\u0161ti\u0107eno ime, vizualni identitet, tekstualne oznake i logotipove Riwala oslikane ili prikazane na ovom web-mjestu.<\/p>\n\n\n\n<p>\u2018Riwal\u2019 je registrirana robna marka Riwala.<\/p>\n\n\n\n<p>Informacije na web-mjestu korisnici mogu \u010ditati i kopirati za osobnu, nekomercijalnu uporabu \u2013 primjerice, mogu ih ispisivati ili spremati.<\/p>\n\n\n\n<p>Svaka druga uporaba web-mjesta ili informacija na web-mjestu &#8211; kao \u0161to je spremanje i\/ili umno\u017eavanje (dijela) Riwalova web-mjesta na nekom vanjskom web-mjestu ili postavljanje poveznica, hipertekstualnih poveznica ili &#8216;deep linkova&#8217; (&#8216;dubokih poveznica&#8217;) izme\u0111u ovog i bilo kojeg drugog web-mjesta \u2013 zabranjena je, osim uz izri\u010dito pismeno odobrenje tvrtke Riwal.<\/p>\n\n\n\n<p><strong>Ostalo<\/strong><\/p>\n\n\n\n<p>Ova izjava o ograni\u010denju odgovornosti mo\u017ee se povremeno prilago\u0111avati. Disclaimer for www.riwal.com<\/p>\n<\/div>\n\n\n\n<div class=\"wp-block-column is-layout-flow wp-block-column-is-layout-flow\" style=\"flex-basis:33.33%\"><\/div>\n<\/div>\n<\/div>\n\t\t\t\t\t\t\t<\/div> ","protected":false},"excerpt":{"rendered":"<p>DISCLAIMER\/IZJAVA O OGRANI\u010cENJU ODGOVORNOSTI ZA WWW.RIWAL.HR Riwal u svakom trenutku pridr\u017eava pravo izmjene sadr\u017eaja ili uklanjanja njegovih dijelova bez prethodne obavijesti. Korisnicima web-mjesta savjetujemo da redovno \u010ditaju izjavu o ograni\u010denju odgovornosti kako bi uvijek bili upu\u0107eni u najnoviju verziju. Ograni\u010denje odgovornosti Riwal nastoji \u0161to \u010de\u0161\u0107e dopunjavati i\/ili a\u017eurirati sadr\u017eaj web-mjesta. Unato\u010d posve\u0107enoj brizi i pozornosti, &hellip; <a href=\"https:\/\/www.riwal.com\/hr\/odricanje-od-odgovornosti\/\">Nastavak<\/a><\/p>\n","protected":false},"author":45,"featured_media":0,"parent":0,"menu_order":0,"comment_status":"closed","ping_status":"closed","template":"","meta":{"_acf_changed":false,"footnotes":""},"class_list":["post-3800","page","type-page","status-publish","hentry"],"acf":[],"yoast_head":"<!-- This site is optimized with the Yoast SEO Premium plugin v27.1 (Yoast SEO v27.1.1) - https:\/\/yoast.com\/product\/yoast-seo-premium-wordpress\/ -->\n<title>Odricanje od odgovornosti - Riwal Hrvatska<\/title>\n<meta name=\"robots\" content=\"index, follow, max-snippet:-1, max-image-preview:large, max-video-preview:-1\" \/>\n<link rel=\"canonical\" href=\"https:\/\/www.riwal.com\/hr\/odricanje-od-odgovornosti\/\" \/>\n<meta property=\"og:locale\" content=\"hr_HR\" \/>\n<meta property=\"og:type\" content=\"article\" \/>\n<meta property=\"og:title\" content=\"Odricanje od odgovornosti\" \/>\n<meta property=\"og:description\" content=\"DISCLAIMER\/IZJAVA O OGRANI\u010cENJU ODGOVORNOSTI ZA WWW.RIWAL.HR Riwal u svakom trenutku pridr\u017eava pravo izmjene sadr\u017eaja ili uklanjanja njegovih dijelova bez prethodne obavijesti. Korisnicima web-mjesta savjetujemo da redovno \u010ditaju izjavu o ograni\u010denju odgovornosti kako bi uvijek bili upu\u0107eni u najnoviju verziju. Ograni\u010denje odgovornosti Riwal nastoji \u0161to \u010de\u0161\u0107e dopunjavati i\/ili a\u017eurirati sadr\u017eaj web-mjesta. Unato\u010d posve\u0107enoj brizi i pozornosti, &hellip; Nastavak\" \/>\n<meta property=\"og:url\" content=\"https:\/\/www.riwal.com\/hr\/odricanje-od-odgovornosti\/\" \/>\n<meta property=\"og:site_name\" content=\"Riwal Hrvatska\" \/>\n<meta property=\"article:modified_time\" content=\"2024-02-11T13:14:09+00:00\" \/>\n<meta name=\"twitter:card\" content=\"summary_large_image\" \/>\n<meta name=\"twitter:label1\" content=\"Est. reading time\" \/>\n\t<meta name=\"twitter:data1\" content=\"3 minute\" \/>\n<script type=\"application\/ld+json\" class=\"yoast-schema-graph\">{\"@context\":\"https:\/\/schema.org\",\"@graph\":[{\"@type\":\"WebPage\",\"@id\":\"https:\/\/www.riwal.com\/hr\/odricanje-od-odgovornosti\/\",\"url\":\"https:\/\/www.riwal.com\/hr\/odricanje-od-odgovornosti\/\",\"name\":\"Odricanje od odgovornosti - Riwal Hrvatska\",\"isPartOf\":{\"@id\":\"https:\/\/www.riwal.com\/hr\/#website\"},\"datePublished\":\"2023-10-15T10:28:24+00:00\",\"dateModified\":\"2024-02-11T13:14:09+00:00\",\"breadcrumb\":{\"@id\":\"https:\/\/www.riwal.com\/hr\/odricanje-od-odgovornosti\/#breadcrumb\"},\"inLanguage\":\"hr\",\"potentialAction\":[{\"@type\":\"ReadAction\",\"target\":[\"https:\/\/www.riwal.com\/hr\/odricanje-od-odgovornosti\/\"]}]},{\"@type\":\"BreadcrumbList\",\"@id\":\"https:\/\/www.riwal.com\/hr\/odricanje-od-odgovornosti\/#breadcrumb\",\"itemListElement\":[{\"@type\":\"ListItem\",\"position\":1,\"name\":\"Doma\",\"item\":\"https:\/\/www.riwal.com\/hr\/\"},{\"@type\":\"ListItem\",\"position\":2,\"name\":\"Odricanje od odgovornosti\"}]},{\"@type\":\"WebSite\",\"@id\":\"https:\/\/www.riwal.com\/hr\/#website\",\"url\":\"https:\/\/www.riwal.com\/hr\/\",\"name\":\"Riwal\",\"description\":\"Arial work platform &amp; Telehandler Rental\/Sales\",\"publisher\":{\"@id\":\"https:\/\/www.riwal.com\/hr\/#organization\"},\"potentialAction\":[{\"@type\":\"SearchAction\",\"target\":{\"@type\":\"EntryPoint\",\"urlTemplate\":\"https:\/\/www.riwal.com\/hr\/?s={search_term_string}\"},\"query-input\":{\"@type\":\"PropertyValueSpecification\",\"valueRequired\":true,\"valueName\":\"search_term_string\"}}],\"inLanguage\":\"hr\"},{\"@type\":\"Organization\",\"@id\":\"https:\/\/www.riwal.com\/hr\/#organization\",\"name\":\"Riwal\",\"url\":\"https:\/\/www.riwal.com\/hr\/\",\"logo\":{\"@type\":\"ImageObject\",\"inLanguage\":\"hr\",\"@id\":\"https:\/\/www.riwal.com\/hr\/#\/schema\/logo\/image\/\",\"url\":\"\",\"contentUrl\":\"\",\"caption\":\"Riwal\"},\"image\":{\"@id\":\"https:\/\/www.riwal.com\/hr\/#\/schema\/logo\/image\/\"}}]}<\/script>\n<!-- \/ Yoast SEO Premium plugin. -->","yoast_head_json":{"title":"Odricanje od odgovornosti - Riwal Hrvatska","robots":{"index":"index","follow":"follow","max-snippet":"max-snippet:-1","max-image-preview":"max-image-preview:large","max-video-preview":"max-video-preview:-1"},"canonical":"https:\/\/www.riwal.com\/hr\/odricanje-od-odgovornosti\/","og_locale":"hr_HR","og_type":"article","og_title":"Odricanje od odgovornosti","og_description":"DISCLAIMER\/IZJAVA O OGRANI\u010cENJU ODGOVORNOSTI ZA WWW.RIWAL.HR Riwal u svakom trenutku pridr\u017eava pravo izmjene sadr\u017eaja ili uklanjanja njegovih dijelova bez prethodne obavijesti. Korisnicima web-mjesta savjetujemo da redovno \u010ditaju izjavu o ograni\u010denju odgovornosti kako bi uvijek bili upu\u0107eni u najnoviju verziju. Ograni\u010denje odgovornosti Riwal nastoji \u0161to \u010de\u0161\u0107e dopunjavati i\/ili a\u017eurirati sadr\u017eaj web-mjesta. Unato\u010d posve\u0107enoj brizi i pozornosti, &hellip; Nastavak","og_url":"https:\/\/www.riwal.com\/hr\/odricanje-od-odgovornosti\/","og_site_name":"Riwal Hrvatska","article_modified_time":"2024-02-11T13:14:09+00:00","twitter_card":"summary_large_image","twitter_misc":{"Est. reading time":"3 minute"},"schema":{"@context":"https:\/\/schema.org","@graph":[{"@type":"WebPage","@id":"https:\/\/www.riwal.com\/hr\/odricanje-od-odgovornosti\/","url":"https:\/\/www.riwal.com\/hr\/odricanje-od-odgovornosti\/","name":"Odricanje od odgovornosti - Riwal Hrvatska","isPartOf":{"@id":"https:\/\/www.riwal.com\/hr\/#website"},"datePublished":"2023-10-15T10:28:24+00:00","dateModified":"2024-02-11T13:14:09+00:00","breadcrumb":{"@id":"https:\/\/www.riwal.com\/hr\/odricanje-od-odgovornosti\/#breadcrumb"},"inLanguage":"hr","potentialAction":[{"@type":"ReadAction","target":["https:\/\/www.riwal.com\/hr\/odricanje-od-odgovornosti\/"]}]},{"@type":"BreadcrumbList","@id":"https:\/\/www.riwal.com\/hr\/odricanje-od-odgovornosti\/#breadcrumb","itemListElement":[{"@type":"ListItem","position":1,"name":"Doma","item":"https:\/\/www.riwal.com\/hr\/"},{"@type":"ListItem","position":2,"name":"Odricanje od odgovornosti"}]},{"@type":"WebSite","@id":"https:\/\/www.riwal.com\/hr\/#website","url":"https:\/\/www.riwal.com\/hr\/","name":"Riwal","description":"Arial work platform &amp; Telehandler Rental\/Sales","publisher":{"@id":"https:\/\/www.riwal.com\/hr\/#organization"},"potentialAction":[{"@type":"SearchAction","target":{"@type":"EntryPoint","urlTemplate":"https:\/\/www.riwal.com\/hr\/?s={search_term_string}"},"query-input":{"@type":"PropertyValueSpecification","valueRequired":true,"valueName":"search_term_string"}}],"inLanguage":"hr"},{"@type":"Organization","@id":"https:\/\/www.riwal.com\/hr\/#organization","name":"Riwal","url":"https:\/\/www.riwal.com\/hr\/","logo":{"@type":"ImageObject","inLanguage":"hr","@id":"https:\/\/www.riwal.com\/hr\/#\/schema\/logo\/image\/","url":"","contentUrl":"","caption":"Riwal"},"image":{"@id":"https:\/\/www.riwal.com\/hr\/#\/schema\/logo\/image\/"}}]}},"_links":{"self":[{"href":"https:\/\/www.riwal.com\/hr\/wp-json\/wp\/v2\/pages\/3800","targetHints":{"allow":["GET"]}}],"collection":[{"href":"https:\/\/www.riwal.com\/hr\/wp-json\/wp\/v2\/pages"}],"about":[{"href":"https:\/\/www.riwal.com\/hr\/wp-json\/wp\/v2\/types\/page"}],"author":[{"embeddable":true,"href":"https:\/\/www.riwal.com\/hr\/wp-json\/wp\/v2\/users\/45"}],"replies":[{"embeddable":true,"href":"https:\/\/www.riwal.com\/hr\/wp-json\/wp\/v2\/comments?post=3800"}],"version-history":[{"count":2,"href":"https:\/\/www.riwal.com\/hr\/wp-json\/wp\/v2\/pages\/3800\/revisions"}],"predecessor-version":[{"id":6230,"href":"https:\/\/www.riwal.com\/hr\/wp-json\/wp\/v2\/pages\/3800\/revisions\/6230"}],"wp:attachment":[{"href":"https:\/\/www.riwal.com\/hr\/wp-json\/wp\/v2\/media?parent=3800"}],"curies":[{"name":"wp","href":"https:\/\/api.w.org\/{rel}","templated":true}]}}