{"id":3442,"date":"2023-09-18T19:42:50","date_gmt":"2023-09-18T19:42:50","guid":{"rendered":"https:\/\/www.riwal.com\/hr\/?page_id=3442"},"modified":"2024-02-04T07:35:43","modified_gmt":"2024-02-04T07:35:43","slug":"nase-iniciative-za-okolis","status":"publish","type":"page","link":"https:\/\/www.riwal.com\/hr\/o-nama\/odrzivost\/podizuci-odrzivost\/nase-iniciative-za-okolis\/","title":{"rendered":"Na\u0161e iniciative za okoli\u0161"},"content":{"rendered":"<div class=\"container\">\n<h2 class=\"wp-block-heading\" id=\"h-nase-inicijative-za-okolis\">NA\u0160E INICIJATIVE ZA OKOLI\u0160<\/h2>\n<\/div>\n\n<div class=\"rental-wp-default-block rental-theme-block-default-margin\">\n\t\t\t\t\t\t\t\t<div class=\"container\">\n<div class=\"wp-block-columns is-layout-flex wp-container-core-columns-is-layout-28f84493 wp-block-columns-is-layout-flex\">\n<div class=\"wp-block-column is-layout-flow wp-block-column-is-layout-flow\" style=\"flex-basis:66.66%\">\n<p><strong>Riwal podi\u017ee ljestvicu po pitanju odr\u017eivosti. Tvrtka je svoje ciljeve odr\u017eivosti uskladila s ciljevima odr\u017eivog razvoja Ujedinjenih naroda (SDG). Tvrtka je tako\u0111er uz SDG postavila globalne ciljeve koji se provode u svih 16 zemalja u kojima Riwal posluje.<\/strong><\/p>\n\n\n\n<div class=\"wp-block-columns is-layout-flex wp-container-core-columns-is-layout-28f84493 wp-block-columns-is-layout-flex\">\n<div class=\"wp-block-column is-layout-flow wp-block-column-is-layout-flow\">\n<figure class=\"wp-block-image size-full\"><img loading=\"lazy\" decoding=\"async\" width=\"150\" height=\"150\" src=\"https:\/\/eqsk4m2dkju.exactdn.com\/app\/uploads\/sites\/11\/2023\/09\/en-sdg-goal-06.webp?strip=all&quality=92&webp=92&avif=80&sharp=1&resize=150%2C150\" alt=\"\" class=\"wp-image-3421\" \/><\/figure>\n<\/div>\n\n\n\n<div class=\"wp-block-column is-layout-flow wp-block-column-is-layout-flow\">\n<figure class=\"wp-block-image size-full\"><img loading=\"lazy\" decoding=\"async\" width=\"150\" height=\"150\" src=\"https:\/\/eqsk4m2dkju.exactdn.com\/app\/uploads\/sites\/11\/2023\/09\/en-sdg-goal-07.webp?strip=all&quality=92&webp=92&avif=80&sharp=1&resize=150%2C150\" alt=\"\" class=\"wp-image-3422\" \/><\/figure>\n<\/div>\n\n\n\n<div class=\"wp-block-column is-layout-flow wp-block-column-is-layout-flow\">\n<figure class=\"wp-block-image size-full\"><img loading=\"lazy\" decoding=\"async\" width=\"150\" height=\"150\" src=\"https:\/\/eqsk4m2dkju.exactdn.com\/app\/uploads\/sites\/11\/2023\/09\/en-sdg-goal-08.webp?strip=all&quality=92&webp=92&avif=80&sharp=1&resize=150%2C150\" alt=\"\" class=\"wp-image-3437\" \/><\/figure>\n<\/div>\n\n\n\n<div class=\"wp-block-column is-layout-flow wp-block-column-is-layout-flow\">\n<figure class=\"wp-block-image size-full\"><img loading=\"lazy\" decoding=\"async\" width=\"150\" height=\"150\" src=\"https:\/\/eqsk4m2dkju.exactdn.com\/app\/uploads\/sites\/11\/2023\/09\/en-sdg-goal-11.webp?strip=all&quality=92&webp=92&avif=80&sharp=1&resize=150%2C150\" alt=\"\" class=\"wp-image-3423\" \/><\/figure>\n<\/div>\n<\/div>\n\n\n\n<p>Gdje je mogu\u0107e, trudimo se raditi na isti na\u010din u cijeloj grupaciji. Me\u0111utim, svaka zemlja ima svoje metode doprinosa tim ciljevima.<\/p>\n\n\n\n<p><strong>NA\u0160E INICIJATIVE ZA OKOLI\u0160<\/strong><\/p>\n\n\n\n<p>Kao doprinos na\u0161em&nbsp;cilju&nbsp;za 2030. &#8220;Pove\u0107avanje u\u010dinkovitosti upotrebe vode&#8221;, ula\u017eemo u jedinice za recikliranje vode.<\/p>\n\n\n\n<ul class=\"wp-block-list\">\n<li>U UAE ponovno koristimo vodu iz separatora za pranje strojeva. Tako smo uspjeli smanjiti odlaganje otpadne vode s 20 m3 mjese\u010dno na 20 m3 otpada kvartalno.<\/li>\n\n\n\n<li>U na\u0161em najve\u0107em skladi\u0161tu u Danskoj postavili smo BioClassic System, biolo\u0161ki sustav za pro\u010di\u0161\u0107avanje vode. To nam je pomoglo da unaprijedimo upravljanje vodom do te mjere da sada koristimo samo 140 m3 vode za pranje 6.500 strojeva koje posjedujemo. Ta je koli\u010dina jednaka potro\u0161nji vode prosje\u010dnog danskog ku\u0107anstva.<\/li>\n<\/ul>\n\n\n\n<p>Kao doprinos na\u0161em cilju za 2030. &#8220;Pove\u0107avanje u\u010dinkovitosti resursa na\u0161e flote&#8221;, koristimo \u010distije i odr\u017eivije izvore goriva.<\/p>\n\n\n\n<ul class=\"wp-block-list\">\n<li>U Nizozemskoj je Riwal sura\u0111ivao s Shellom kako bi se prebacio na \u010di\u0161\u0107i resurs goriva: GTL (gas to liquids) gorivo, koje je napravljeno od prirodnog plina te sagorijeva \u010di\u0161\u0107e od konvencionalnog dizela. Ova inicijativa, koja je postala standardna praksa od listopada 2018., uklju\u010duje i vanjska punjenja.<\/li>\n\n\n\n<li>Biogorivo u \u0160vedskoj doprinosi \u017eelji za odr\u017eivijim gradovima.<\/li>\n<\/ul>\n\n\n\n<p>Kao doprinos na\u0161em cilju za 2030. &#8220;Pove\u0107avanje energetske u\u010dinkovitosti u na\u0161im zgradama&#8221;, mijenjamo rje\u0161enja za u\u0161tedu energije i obnovljive izvore energije.<\/p>\n\n\n\n<ul class=\"wp-block-list\">\n<li>Mnogi od na\u0161ih ureda, skladi\u0161ta i radionica pre\u0161li su na LED rasvjetu. Ova vrsta rasvjete koristi oko 90% manje energije od tradicionalne \u017earulje i ima du\u017ei vijek trajanja, \u0161to je \u010dini boljim i odr\u017eivijim rje\u0161enjem.<\/li>\n\n\n\n<li>2019. Riwal je otvorio novi depo u Velikoj Britaniji koji ima niz zna\u010dajki za u\u0161tedu energije i resursa, uklju\u010duju\u0107i niz solarnih panela na krovu za zagrijavanje tople vode te vrhunsku izolaciju kako bi se gubici energije sveli na najmanju mogu\u0107u razinu.<\/li>\n<\/ul>\n<\/div>\n\n\n\n<div class=\"wp-block-column is-layout-flow wp-block-column-is-layout-flow\" style=\"flex-basis:33.33%\"><\/div>\n<\/div>\n<\/div>\n\t\t\t\t\t\t\t<\/div> \n\n<div class=\"rental-wp-default-block rental-theme-block-default-margin\">\n\t\t\t\t\t\t\t\t<div class=\"container\">\n<div class=\"wp-block-columns is-layout-flex wp-container-core-columns-is-layout-28f84493 wp-block-columns-is-layout-flex\">\n<div class=\"wp-block-column is-layout-flow wp-block-column-is-layout-flow\">\n<figure class=\"wp-block-image aligncenter size-full\"><img loading=\"lazy\" decoding=\"async\" width=\"450\" height=\"230\" src=\"https:\/\/eqsk4m2dkju.exactdn.com\/app\/uploads\/sites\/11\/2023\/09\/Investment-to-Fleet.webp?strip=all&quality=92&webp=92&avif=80&sharp=1\" alt=\"\" class=\"wp-image-3444\" srcset=\"https:\/\/eqsk4m2dkju.exactdn.com\/app\/uploads\/sites\/11\/2023\/09\/Investment-to-Fleet.webp?strip=all&amp;quality=92&amp;webp=92&amp;avif=80&amp;sharp=1 450w, https:\/\/eqsk4m2dkju.exactdn.com\/app\/uploads\/sites\/11\/2023\/09\/Investment-to-Fleet-300x153.webp?strip=all&amp;quality=92&amp;webp=92&amp;avif=80&amp;sharp=1 300w, https:\/\/eqsk4m2dkju.exactdn.com\/app\/uploads\/sites\/11\/2023\/09\/Investment-to-Fleet-178x91.webp?strip=all&amp;quality=92&amp;webp=92&amp;avif=80&amp;sharp=1 178w, https:\/\/eqsk4m2dkju.exactdn.com\/app\/uploads\/sites\/11\/2023\/09\/Investment-to-Fleet-390x199.webp?strip=all&amp;quality=92&amp;webp=92&amp;avif=80&amp;sharp=1 390w, https:\/\/eqsk4m2dkju.exactdn.com\/app\/uploads\/sites\/11\/2023\/09\/Investment-to-Fleet-250x128.webp?strip=all&amp;quality=92&amp;webp=92&amp;avif=80&amp;sharp=1 250w, https:\/\/eqsk4m2dkju.exactdn.com\/app\/uploads\/sites\/11\/2023\/09\/Investment-to-Fleet.webp?strip=all&amp;quality=92&amp;webp=92&amp;avif=80&amp;sharp=1&amp;w=90 90w\" sizes=\"auto, (max-width: 450px) 100vw, 450px\" \/><\/figure>\n\n\n\n<p class=\"has-text-align-center\"><strong><a href=\"https:\/\/www.riwal.com\/hr\/rjesenja\/elektricna-rjesenja\/\">Ulaganje u elektri\u010dnu flotu<\/a><\/strong><\/p>\n<\/div>\n\n\n\n<div class=\"wp-block-column is-layout-flow wp-block-column-is-layout-flow\">\n<figure class=\"wp-block-image aligncenter size-full\"><img loading=\"lazy\" decoding=\"async\" width=\"450\" height=\"230\" src=\"https:\/\/eqsk4m2dkju.exactdn.com\/app\/uploads\/sites\/11\/2023\/09\/Depot-UK-450x230-1.webp?strip=all&quality=92&webp=92&avif=80&sharp=1\" alt=\"\" class=\"wp-image-3445\" srcset=\"https:\/\/eqsk4m2dkju.exactdn.com\/app\/uploads\/sites\/11\/2023\/09\/Depot-UK-450x230-1.webp?strip=all&amp;quality=92&amp;webp=92&amp;avif=80&amp;sharp=1 450w, https:\/\/eqsk4m2dkju.exactdn.com\/app\/uploads\/sites\/11\/2023\/09\/Depot-UK-450x230-1-300x153.webp?strip=all&amp;quality=92&amp;webp=92&amp;avif=80&amp;sharp=1 300w, https:\/\/eqsk4m2dkju.exactdn.com\/app\/uploads\/sites\/11\/2023\/09\/Depot-UK-450x230-1-178x91.webp?strip=all&amp;quality=92&amp;webp=92&amp;avif=80&amp;sharp=1 178w, https:\/\/eqsk4m2dkju.exactdn.com\/app\/uploads\/sites\/11\/2023\/09\/Depot-UK-450x230-1-390x199.webp?strip=all&amp;quality=92&amp;webp=92&amp;avif=80&amp;sharp=1 390w, https:\/\/eqsk4m2dkju.exactdn.com\/app\/uploads\/sites\/11\/2023\/09\/Depot-UK-450x230-1-250x128.webp?strip=all&amp;quality=92&amp;webp=92&amp;avif=80&amp;sharp=1 250w, https:\/\/eqsk4m2dkju.exactdn.com\/app\/uploads\/sites\/11\/2023\/09\/Depot-UK-450x230-1.webp?strip=all&amp;quality=92&amp;webp=92&amp;avif=80&amp;sharp=1&amp;w=90 90w\" sizes=\"auto, (max-width: 450px) 100vw, 450px\" \/><\/figure>\n\n\n\n<p class=\"has-text-align-center\"><strong><a href=\"https:\/\/www.riwal.com\/hr\/znanje\/vijesti\/cetri-nova-depoa\/\">Otvaranje novih poslovnica<\/a><\/strong><\/p>\n<\/div>\n<\/div>\n<\/div>\n\t\t\t\t\t\t\t<\/div> ","protected":false},"excerpt":{"rendered":"<p>NA\u0160E INICIJATIVE ZA OKOLI\u0160 Riwal podi\u017ee ljestvicu po pitanju odr\u017eivosti. Tvrtka je svoje ciljeve odr\u017eivosti uskladila s ciljevima odr\u017eivog razvoja Ujedinjenih naroda (SDG). Tvrtka je tako\u0111er uz SDG postavila globalne ciljeve koji se provode u svih 16 zemalja u kojima Riwal posluje. Gdje je mogu\u0107e, trudimo se raditi na isti na\u010din u cijeloj grupaciji. Me\u0111utim, &hellip; <a href=\"https:\/\/www.riwal.com\/hr\/o-nama\/odrzivost\/podizuci-odrzivost\/nase-iniciative-za-okolis\/\">Nastavak<\/a><\/p>\n","protected":false},"author":45,"featured_media":0,"parent":3419,"menu_order":0,"comment_status":"closed","ping_status":"closed","template":"","meta":{"_acf_changed":false,"footnotes":""},"class_list":["post-3442","page","type-page","status-publish","hentry"],"acf":[],"yoast_head":"<!-- This site is optimized with the Yoast SEO Premium plugin v27.1 (Yoast SEO v27.1.1) - https:\/\/yoast.com\/product\/yoast-seo-premium-wordpress\/ -->\n<title>Na\u0161e iniciative za okoli\u0161 - Riwal Hrvatska<\/title>\n<meta name=\"robots\" content=\"index, follow, max-snippet:-1, max-image-preview:large, max-video-preview:-1\" \/>\n<link rel=\"canonical\" href=\"https:\/\/www.riwal.com\/hr\/o-nama\/odrzivost\/podizuci-odrzivost\/nase-iniciative-za-okolis\/\" \/>\n<meta property=\"og:locale\" content=\"hr_HR\" \/>\n<meta property=\"og:type\" content=\"article\" \/>\n<meta property=\"og:title\" content=\"Na\u0161e iniciative za okoli\u0161\" \/>\n<meta property=\"og:description\" content=\"NA\u0160E INICIJATIVE ZA OKOLI\u0160 Riwal podi\u017ee ljestvicu po pitanju odr\u017eivosti. Tvrtka je svoje ciljeve odr\u017eivosti uskladila s ciljevima odr\u017eivog razvoja Ujedinjenih naroda (SDG). Tvrtka je tako\u0111er uz SDG postavila globalne ciljeve koji se provode u svih 16 zemalja u kojima Riwal posluje. Gdje je mogu\u0107e, trudimo se raditi na isti na\u010din u cijeloj grupaciji. Me\u0111utim, &hellip; Nastavak\" \/>\n<meta property=\"og:url\" content=\"https:\/\/www.riwal.com\/hr\/o-nama\/odrzivost\/podizuci-odrzivost\/nase-iniciative-za-okolis\/\" \/>\n<meta property=\"og:site_name\" content=\"Riwal Hrvatska\" \/>\n<meta property=\"article:modified_time\" content=\"2024-02-04T07:35:43+00:00\" \/>\n<meta property=\"og:image\" content=\"https:\/\/www.riwal.com\/app\/uploads\/sites\/11\/2023\/09\/en-sdg-goal-06.webp\" \/>\n<meta name=\"twitter:card\" content=\"summary_large_image\" \/>\n<meta name=\"twitter:label1\" content=\"Est. reading time\" \/>\n\t<meta name=\"twitter:data1\" content=\"4 minute\" \/>\n<script type=\"application\/ld+json\" class=\"yoast-schema-graph\">{\"@context\":\"https:\/\/schema.org\",\"@graph\":[{\"@type\":\"WebPage\",\"@id\":\"https:\/\/www.riwal.com\/hr\/o-nama\/odrzivost\/podizuci-odrzivost\/nase-iniciative-za-okolis\/\",\"url\":\"https:\/\/www.riwal.com\/hr\/o-nama\/odrzivost\/podizuci-odrzivost\/nase-iniciative-za-okolis\/\",\"name\":\"Na\u0161e iniciative za okoli\u0161 - Riwal Hrvatska\",\"isPartOf\":{\"@id\":\"https:\/\/www.riwal.com\/hr\/#website\"},\"primaryImageOfPage\":{\"@id\":\"https:\/\/www.riwal.com\/hr\/o-nama\/odrzivost\/podizuci-odrzivost\/nase-iniciative-za-okolis\/#primaryimage\"},\"image\":{\"@id\":\"https:\/\/www.riwal.com\/hr\/o-nama\/odrzivost\/podizuci-odrzivost\/nase-iniciative-za-okolis\/#primaryimage\"},\"thumbnailUrl\":\"https:\/\/www.riwal.com\/app\/uploads\/sites\/11\/2023\/09\/en-sdg-goal-06.webp\",\"datePublished\":\"2023-09-18T19:42:50+00:00\",\"dateModified\":\"2024-02-04T07:35:43+00:00\",\"breadcrumb\":{\"@id\":\"https:\/\/www.riwal.com\/hr\/o-nama\/odrzivost\/podizuci-odrzivost\/nase-iniciative-za-okolis\/#breadcrumb\"},\"inLanguage\":\"hr\",\"potentialAction\":[{\"@type\":\"ReadAction\",\"target\":[\"https:\/\/www.riwal.com\/hr\/o-nama\/odrzivost\/podizuci-odrzivost\/nase-iniciative-za-okolis\/\"]}]},{\"@type\":\"ImageObject\",\"inLanguage\":\"hr\",\"@id\":\"https:\/\/www.riwal.com\/hr\/o-nama\/odrzivost\/podizuci-odrzivost\/nase-iniciative-za-okolis\/#primaryimage\",\"url\":\"https:\/\/www.riwal.com\/app\/uploads\/sites\/11\/2023\/09\/en-sdg-goal-06.webp\",\"contentUrl\":\"https:\/\/www.riwal.com\/app\/uploads\/sites\/11\/2023\/09\/en-sdg-goal-06.webp\"},{\"@type\":\"BreadcrumbList\",\"@id\":\"https:\/\/www.riwal.com\/hr\/o-nama\/odrzivost\/podizuci-odrzivost\/nase-iniciative-za-okolis\/#breadcrumb\",\"itemListElement\":[{\"@type\":\"ListItem\",\"position\":1,\"name\":\"Doma\",\"item\":\"https:\/\/www.riwal.com\/hr\/\"},{\"@type\":\"ListItem\",\"position\":2,\"name\":\"O nama\",\"item\":\"https:\/\/www.riwal.com\/hr\/o-nama\/\"},{\"@type\":\"ListItem\",\"position\":3,\"name\":\"Odr\u017eivost\",\"item\":\"https:\/\/www.riwal.com\/hr\/o-nama\/odrzivost\/\"},{\"@type\":\"ListItem\",\"position\":4,\"name\":\"Podi\u017eu\u0107i odr\u017eivost\",\"item\":\"https:\/\/www.riwal.com\/hr\/o-nama\/odrzivost\/podizuci-odrzivost\/\"},{\"@type\":\"ListItem\",\"position\":5,\"name\":\"Na\u0161e iniciative za okoli\u0161\"}]},{\"@type\":\"WebSite\",\"@id\":\"https:\/\/www.riwal.com\/hr\/#website\",\"url\":\"https:\/\/www.riwal.com\/hr\/\",\"name\":\"Riwal\",\"description\":\"Arial work platform &amp; Telehandler Rental\/Sales\",\"publisher\":{\"@id\":\"https:\/\/www.riwal.com\/hr\/#organization\"},\"potentialAction\":[{\"@type\":\"SearchAction\",\"target\":{\"@type\":\"EntryPoint\",\"urlTemplate\":\"https:\/\/www.riwal.com\/hr\/?s={search_term_string}\"},\"query-input\":{\"@type\":\"PropertyValueSpecification\",\"valueRequired\":true,\"valueName\":\"search_term_string\"}}],\"inLanguage\":\"hr\"},{\"@type\":\"Organization\",\"@id\":\"https:\/\/www.riwal.com\/hr\/#organization\",\"name\":\"Riwal\",\"url\":\"https:\/\/www.riwal.com\/hr\/\",\"logo\":{\"@type\":\"ImageObject\",\"inLanguage\":\"hr\",\"@id\":\"https:\/\/www.riwal.com\/hr\/#\/schema\/logo\/image\/\",\"url\":\"\",\"contentUrl\":\"\",\"caption\":\"Riwal\"},\"image\":{\"@id\":\"https:\/\/www.riwal.com\/hr\/#\/schema\/logo\/image\/\"}}]}<\/script>\n<!-- \/ Yoast SEO Premium plugin. -->","yoast_head_json":{"title":"Na\u0161e iniciative za okoli\u0161 - Riwal Hrvatska","robots":{"index":"index","follow":"follow","max-snippet":"max-snippet:-1","max-image-preview":"max-image-preview:large","max-video-preview":"max-video-preview:-1"},"canonical":"https:\/\/www.riwal.com\/hr\/o-nama\/odrzivost\/podizuci-odrzivost\/nase-iniciative-za-okolis\/","og_locale":"hr_HR","og_type":"article","og_title":"Na\u0161e iniciative za okoli\u0161","og_description":"NA\u0160E INICIJATIVE ZA OKOLI\u0160 Riwal podi\u017ee ljestvicu po pitanju odr\u017eivosti. Tvrtka je svoje ciljeve odr\u017eivosti uskladila s ciljevima odr\u017eivog razvoja Ujedinjenih naroda (SDG). Tvrtka je tako\u0111er uz SDG postavila globalne ciljeve koji se provode u svih 16 zemalja u kojima Riwal posluje. Gdje je mogu\u0107e, trudimo se raditi na isti na\u010din u cijeloj grupaciji. Me\u0111utim, &hellip; Nastavak","og_url":"https:\/\/www.riwal.com\/hr\/o-nama\/odrzivost\/podizuci-odrzivost\/nase-iniciative-za-okolis\/","og_site_name":"Riwal Hrvatska","article_modified_time":"2024-02-04T07:35:43+00:00","og_image":[{"url":"https:\/\/www.riwal.com\/app\/uploads\/sites\/11\/2023\/09\/en-sdg-goal-06.webp","type":"","width":"","height":""}],"twitter_card":"summary_large_image","twitter_misc":{"Est. reading time":"4 minute"},"schema":{"@context":"https:\/\/schema.org","@graph":[{"@type":"WebPage","@id":"https:\/\/www.riwal.com\/hr\/o-nama\/odrzivost\/podizuci-odrzivost\/nase-iniciative-za-okolis\/","url":"https:\/\/www.riwal.com\/hr\/o-nama\/odrzivost\/podizuci-odrzivost\/nase-iniciative-za-okolis\/","name":"Na\u0161e iniciative za okoli\u0161 - Riwal Hrvatska","isPartOf":{"@id":"https:\/\/www.riwal.com\/hr\/#website"},"primaryImageOfPage":{"@id":"https:\/\/www.riwal.com\/hr\/o-nama\/odrzivost\/podizuci-odrzivost\/nase-iniciative-za-okolis\/#primaryimage"},"image":{"@id":"https:\/\/www.riwal.com\/hr\/o-nama\/odrzivost\/podizuci-odrzivost\/nase-iniciative-za-okolis\/#primaryimage"},"thumbnailUrl":"https:\/\/www.riwal.com\/app\/uploads\/sites\/11\/2023\/09\/en-sdg-goal-06.webp","datePublished":"2023-09-18T19:42:50+00:00","dateModified":"2024-02-04T07:35:43+00:00","breadcrumb":{"@id":"https:\/\/www.riwal.com\/hr\/o-nama\/odrzivost\/podizuci-odrzivost\/nase-iniciative-za-okolis\/#breadcrumb"},"inLanguage":"hr","potentialAction":[{"@type":"ReadAction","target":["https:\/\/www.riwal.com\/hr\/o-nama\/odrzivost\/podizuci-odrzivost\/nase-iniciative-za-okolis\/"]}]},{"@type":"ImageObject","inLanguage":"hr","@id":"https:\/\/www.riwal.com\/hr\/o-nama\/odrzivost\/podizuci-odrzivost\/nase-iniciative-za-okolis\/#primaryimage","url":"https:\/\/www.riwal.com\/app\/uploads\/sites\/11\/2023\/09\/en-sdg-goal-06.webp","contentUrl":"https:\/\/www.riwal.com\/app\/uploads\/sites\/11\/2023\/09\/en-sdg-goal-06.webp"},{"@type":"BreadcrumbList","@id":"https:\/\/www.riwal.com\/hr\/o-nama\/odrzivost\/podizuci-odrzivost\/nase-iniciative-za-okolis\/#breadcrumb","itemListElement":[{"@type":"ListItem","position":1,"name":"Doma","item":"https:\/\/www.riwal.com\/hr\/"},{"@type":"ListItem","position":2,"name":"O nama","item":"https:\/\/www.riwal.com\/hr\/o-nama\/"},{"@type":"ListItem","position":3,"name":"Odr\u017eivost","item":"https:\/\/www.riwal.com\/hr\/o-nama\/odrzivost\/"},{"@type":"ListItem","position":4,"name":"Podi\u017eu\u0107i odr\u017eivost","item":"https:\/\/www.riwal.com\/hr\/o-nama\/odrzivost\/podizuci-odrzivost\/"},{"@type":"ListItem","position":5,"name":"Na\u0161e iniciative za okoli\u0161"}]},{"@type":"WebSite","@id":"https:\/\/www.riwal.com\/hr\/#website","url":"https:\/\/www.riwal.com\/hr\/","name":"Riwal","description":"Arial work platform &amp; Telehandler Rental\/Sales","publisher":{"@id":"https:\/\/www.riwal.com\/hr\/#organization"},"potentialAction":[{"@type":"SearchAction","target":{"@type":"EntryPoint","urlTemplate":"https:\/\/www.riwal.com\/hr\/?s={search_term_string}"},"query-input":{"@type":"PropertyValueSpecification","valueRequired":true,"valueName":"search_term_string"}}],"inLanguage":"hr"},{"@type":"Organization","@id":"https:\/\/www.riwal.com\/hr\/#organization","name":"Riwal","url":"https:\/\/www.riwal.com\/hr\/","logo":{"@type":"ImageObject","inLanguage":"hr","@id":"https:\/\/www.riwal.com\/hr\/#\/schema\/logo\/image\/","url":"","contentUrl":"","caption":"Riwal"},"image":{"@id":"https:\/\/www.riwal.com\/hr\/#\/schema\/logo\/image\/"}}]}},"_links":{"self":[{"href":"https:\/\/www.riwal.com\/hr\/wp-json\/wp\/v2\/pages\/3442","targetHints":{"allow":["GET"]}}],"collection":[{"href":"https:\/\/www.riwal.com\/hr\/wp-json\/wp\/v2\/pages"}],"about":[{"href":"https:\/\/www.riwal.com\/hr\/wp-json\/wp\/v2\/types\/page"}],"author":[{"embeddable":true,"href":"https:\/\/www.riwal.com\/hr\/wp-json\/wp\/v2\/users\/45"}],"replies":[{"embeddable":true,"href":"https:\/\/www.riwal.com\/hr\/wp-json\/wp\/v2\/comments?post=3442"}],"version-history":[{"count":4,"href":"https:\/\/www.riwal.com\/hr\/wp-json\/wp\/v2\/pages\/3442\/revisions"}],"predecessor-version":[{"id":4839,"href":"https:\/\/www.riwal.com\/hr\/wp-json\/wp\/v2\/pages\/3442\/revisions\/4839"}],"up":[{"embeddable":true,"href":"https:\/\/www.riwal.com\/hr\/wp-json\/wp\/v2\/pages\/3419"}],"wp:attachment":[{"href":"https:\/\/www.riwal.com\/hr\/wp-json\/wp\/v2\/media?parent=3442"}],"curies":[{"name":"wp","href":"https:\/\/api.w.org\/{rel}","templated":true}]}}