{"id":3439,"date":"2023-09-18T19:29:41","date_gmt":"2023-09-18T19:29:41","guid":{"rendered":"https:\/\/www.riwal.com\/hr\/?page_id=3439"},"modified":"2024-02-03T10:34:35","modified_gmt":"2024-02-03T10:34:35","slug":"otkrijte-nasa-odraziva-rjesenja","status":"publish","type":"page","link":"https:\/\/www.riwal.com\/hr\/o-nama\/odrzivost\/otkrijte-nasa-odraziva-rjesenja\/","title":{"rendered":"Otkrijte na\u0161a odr\u017eiva rje\u0161enja"},"content":{"rendered":"<div class=\"container\">\n<h2 class=\"wp-block-heading\" id=\"h-otkrijte-nasa-odrziva-rjesenja\">OTKRIJTE NA\u0160A ODR\u017dIVA RJE\u0160ENJA<\/h2>\n<\/div>\n\n<div class=\"rental-wp-default-block rental-theme-block-default-margin\">\n\t\t\t\t\t\t\t\t<div class=\"container\">\n<div class=\"wp-block-columns is-layout-flex wp-container-core-columns-is-layout-28f84493 wp-block-columns-is-layout-flex\">\n<div class=\"wp-block-column is-layout-flow wp-block-column-is-layout-flow\" style=\"flex-basis:66.66%\">\n<p><strong><strong>Tajna uspje\u0161nog poslovanja je oslu\u0161kivanje potreba va\u0161ih kupaca i postupanje prema njima. Dakle, \u0161to u\u010diniti kada vas kupac pita za odr\u017eivo rje\u0161enje koje jo\u0161 ne postoji na tr\u017ei\u0161tu?<\/strong><\/strong><\/p>\n\n\n\n<p>Jedan od glavnih kupaca Riwala \u017eelio je potpuno elektri\u010dne teleskopske platforme, ali na tr\u017ei\u0161tu su bile dostupne samo dizelske pa ih je Riwal odlu\u010dio razviti sam. Ovim smo doprinijeli trima\u00a0<a href=\"https:\/\/www.un.org\/sustainabledevelopment\/sustainable-development-goals\/\"><strong>ciljevima odr\u017eivog razvoja Ujedinjenih naroda (SDG 7, 11 i 12)<\/strong><\/a>, \u0161to zna\u010di da smo ulo\u017eili u \u010distiju energiju, odr\u017eivost gradova i zajednica te odgovornu potro\u0161nju i proizvodnju.<\/p>\n\n\n\n<div class=\"wp-block-columns is-layout-flex wp-container-core-columns-is-layout-28f84493 wp-block-columns-is-layout-flex\">\n<div class=\"wp-block-column is-layout-flow wp-block-column-is-layout-flow\">\n<figure class=\"wp-block-image size-full\"><img loading=\"lazy\" decoding=\"async\" width=\"150\" height=\"150\" src=\"https:\/\/eqsk4m2dkju.exactdn.com\/app\/uploads\/sites\/11\/2023\/09\/en-sdg-goal-07.webp?strip=all&quality=92&webp=92&avif=80&sharp=1&resize=150%2C150\" alt=\"\" class=\"wp-image-3422\" \/><\/figure>\n<\/div>\n\n\n\n<div class=\"wp-block-column is-layout-flow wp-block-column-is-layout-flow\">\n<figure class=\"wp-block-image size-full\"><img loading=\"lazy\" decoding=\"async\" width=\"150\" height=\"150\" src=\"https:\/\/eqsk4m2dkju.exactdn.com\/app\/uploads\/sites\/11\/2023\/09\/en-sdg-goal-11.webp?strip=all&quality=92&webp=92&avif=80&sharp=1&resize=150%2C150\" alt=\"\" class=\"wp-image-3423\" \/><\/figure>\n<\/div>\n\n\n\n<div class=\"wp-block-column is-layout-flow wp-block-column-is-layout-flow\">\n<figure class=\"wp-block-image size-full\"><img loading=\"lazy\" decoding=\"async\" width=\"150\" height=\"150\" src=\"https:\/\/eqsk4m2dkju.exactdn.com\/app\/uploads\/sites\/11\/2023\/09\/en-sdg-goal-12.webp?strip=all&quality=92&webp=92&avif=80&sharp=1&resize=150%2C150\" alt=\"\" class=\"wp-image-3424\" \/><\/figure>\n<\/div>\n<\/div>\n\n\n\n<p><strong>NA\u0160I POTPUNO ELEKTRI\u010cNI STROJEVI<\/strong><\/p>\n\n\n\n<p>Rivalovi in\u017eenjeri u Nizozemskoj postali su prvi koji su velike teleskopske platforme pretvorili u&nbsp;potpuno elektri\u010dne strojeve. Do danas Rival je uspje\u0161no pretvorio sljede\u0107ih 5 modela u 100% elektri\u010dna rje\u0161enja:&nbsp;<a>JLG 660SJ Electric<\/a>&nbsp;(22 m radne visine),&nbsp;<a>JLG 800AJ Electric<\/a>&nbsp;(26 m radne visine),&nbsp;<a>JLG 860SJ Electric<\/a>&nbsp;(28 m radne visine),&nbsp;<a>JLG 1200SJP Electric<\/a>&nbsp;(38 m radne visine),&nbsp;<a href=\"https:\/\/www.riwal.com\/croatia\/hr-hr\/rental\/products\/5637187833_jlg_e1350sjp\">JLG 1350SJP Electric<\/a>&nbsp;(43 m radne visine).<\/p>\n\n\n\n<p>A kako su se nacionalni i EU propisi o emisijama i dalje poo\u0161travali, potra\u017enja za velikim teleskopskim platformama je rasla. Danas je ve\u0107 vi\u0161e od 60% Riwalove flote 100% elektri\u010dno.<\/p>\n\n\n\n<p><strong>NA\u0160E POTPUNO DIGITALNO OKRU\u017dENJE<\/strong><\/p>\n\n\n\n<p><strong>BIM (modeliranje informacija o zgradama)<\/strong><\/p>\n\n\n\n<p>Pove\u0107anje potra\u017enje za elektri\u010dnim teleskopskim platformama navodi glavne dobavlja\u010de da uklju\u010de Riwal u mnogo ranijoj fazi planiranja projekta nego prije. Kroz svoja rje\u0161enja za&nbsp;<a href=\"https:\/\/www.riwal.com\/croatia\/hr-hr\/strucnost\/rjesenja\/bim\/bim-modeli\">informacijsko modeliranje zgrada&nbsp;<\/a><a href=\"https:\/\/www.riwal.com\/croatia\/hr-hr\/strucnost\/rjesenja\/bim\/bim-modeli\">(BIM)<\/a>, Riwal mo\u017ee pokazati prikladnost potpuno elektri\u010dnih strojeva za specifi\u010dni projekt klijenta.<\/p>\n\n\n\n<p><strong>My Riwal korisni\u010dki portal<\/strong><\/p>\n\n\n\n<p>Putem svoje nagra\u0111ivane mre\u017ene platforme za kupce, My Riwal, Riwal mo\u017ee prikupljati podatke o klju\u010dnim mjernim podacima, poput postotka dizelskih i elektri\u010dnih strojeva na projektima, koli\u010dine elektri\u010dne energije i dizela koje koriste, te tro\u0161kova te energije. Ti podaci omogu\u0107uju dobavlja\u010dima da vide kako \u0161tede novac jer elektri\u010dni strojevi imaju puno ni\u017ee tro\u0161kove energije.<\/p>\n\n\n\n<p><a href=\"https:\/\/www.riwal.com\/croatia\/hr-hr\/strucnost\/rjesenja\/rrapp\">My Riwal<\/a>&nbsp;\u010dini podatke dostupnima jer je lako stvoriti izvje\u0161\u0107a o KPI-ima poput potro\u0161nje energije. Korisnici \u010dak mogu postaviti internetsko naru\u010divanje gdje je zadani izbor uvijek elektri\u010dni stroj. Promjena na\u010dina razmi\u0161ljanja ljudi koji na ovaj na\u010din naru\u010duju strojeve mo\u017ee napraviti veliku razliku.<\/p>\n\n\n\n<p>Riwalova jedinstvena kombinacija podataka, suradnje s kupcima i inovacija proizvoda \u010dini nemogu\u0107e sada mogu\u0107im.<\/p>\n<\/div>\n\n\n\n<div class=\"wp-block-column is-layout-flow wp-block-column-is-layout-flow\" style=\"flex-basis:33.33%\"><\/div>\n<\/div>\n<\/div>\n\t\t\t\t\t\t\t<\/div> \n\n<div class=\"rental-wp-default-block rental-theme-block-default-margin\">\n\t\t\t\t\t\t\t\t<div class=\"container\">\n<div class=\"wp-block-columns is-layout-flex wp-container-core-columns-is-layout-28f84493 wp-block-columns-is-layout-flex\">\n<div class=\"wp-block-column is-layout-flow wp-block-column-is-layout-flow\">\n<figure class=\"wp-block-image size-full\"><img loading=\"lazy\" decoding=\"async\" width=\"431\" height=\"215\" src=\"https:\/\/eqsk4m2dkju.exactdn.com\/app\/uploads\/sites\/11\/2023\/09\/Innovations-teaser-JLG1350SJP.webp?strip=all&quality=92&webp=92&avif=80&sharp=1\" alt=\"\" class=\"wp-image-3269\" srcset=\"https:\/\/eqsk4m2dkju.exactdn.com\/app\/uploads\/sites\/11\/2023\/09\/Innovations-teaser-JLG1350SJP.webp?strip=all&amp;quality=92&amp;webp=92&amp;avif=80&amp;sharp=1 431w, https:\/\/eqsk4m2dkju.exactdn.com\/app\/uploads\/sites\/11\/2023\/09\/Innovations-teaser-JLG1350SJP-300x150.webp?strip=all&amp;quality=92&amp;webp=92&amp;avif=80&amp;sharp=1 300w, https:\/\/eqsk4m2dkju.exactdn.com\/app\/uploads\/sites\/11\/2023\/09\/Innovations-teaser-JLG1350SJP-178x89.webp?strip=all&amp;quality=92&amp;webp=92&amp;avif=80&amp;sharp=1 178w, https:\/\/eqsk4m2dkju.exactdn.com\/app\/uploads\/sites\/11\/2023\/09\/Innovations-teaser-JLG1350SJP-390x195.webp?strip=all&amp;quality=92&amp;webp=92&amp;avif=80&amp;sharp=1 390w, https:\/\/eqsk4m2dkju.exactdn.com\/app\/uploads\/sites\/11\/2023\/09\/Innovations-teaser-JLG1350SJP-250x125.webp?strip=all&amp;quality=92&amp;webp=92&amp;avif=80&amp;sharp=1 250w, https:\/\/eqsk4m2dkju.exactdn.com\/app\/uploads\/sites\/11\/2023\/09\/Innovations-teaser-JLG1350SJP.webp?strip=all&amp;quality=92&amp;webp=92&amp;avif=80&amp;sharp=1&amp;w=86 86w\" sizes=\"auto, (max-width: 431px) 100vw, 431px\" \/><\/figure>\n\n\n\n<p class=\"has-text-align-center\"><strong>Jedinstvena elektri\u010dna rje\u0161enja<\/strong><\/p>\n<\/div>\n\n\n\n<div class=\"wp-block-column is-layout-flow wp-block-column-is-layout-flow\">\n<figure class=\"wp-block-image size-full\"><img loading=\"lazy\" decoding=\"async\" width=\"450\" height=\"230\" src=\"https:\/\/eqsk4m2dkju.exactdn.com\/app\/uploads\/sites\/11\/2023\/09\/RWL-BIM-afb-450x320-teaser.webp?strip=all&quality=92&webp=92&avif=80&sharp=1\" alt=\"\" class=\"wp-image-3267\" srcset=\"https:\/\/eqsk4m2dkju.exactdn.com\/app\/uploads\/sites\/11\/2023\/09\/RWL-BIM-afb-450x320-teaser.webp?strip=all&amp;quality=92&amp;webp=92&amp;avif=80&amp;sharp=1 450w, https:\/\/eqsk4m2dkju.exactdn.com\/app\/uploads\/sites\/11\/2023\/09\/RWL-BIM-afb-450x320-teaser-300x153.webp?strip=all&amp;quality=92&amp;webp=92&amp;avif=80&amp;sharp=1 300w, https:\/\/eqsk4m2dkju.exactdn.com\/app\/uploads\/sites\/11\/2023\/09\/RWL-BIM-afb-450x320-teaser-178x91.webp?strip=all&amp;quality=92&amp;webp=92&amp;avif=80&amp;sharp=1 178w, https:\/\/eqsk4m2dkju.exactdn.com\/app\/uploads\/sites\/11\/2023\/09\/RWL-BIM-afb-450x320-teaser-390x199.webp?strip=all&amp;quality=92&amp;webp=92&amp;avif=80&amp;sharp=1 390w, https:\/\/eqsk4m2dkju.exactdn.com\/app\/uploads\/sites\/11\/2023\/09\/RWL-BIM-afb-450x320-teaser-250x128.webp?strip=all&amp;quality=92&amp;webp=92&amp;avif=80&amp;sharp=1 250w, https:\/\/eqsk4m2dkju.exactdn.com\/app\/uploads\/sites\/11\/2023\/09\/RWL-BIM-afb-450x320-teaser.webp?strip=all&amp;quality=92&amp;webp=92&amp;avif=80&amp;sharp=1&amp;w=90 90w\" sizes=\"auto, (max-width: 450px) 100vw, 450px\" \/><\/figure>\n\n\n\n<p class=\"has-text-align-center\"><strong>Pove\u0107anje u\u010dinkovitosti s BIM-om<\/strong><\/p>\n<\/div>\n\n\n\n<div class=\"wp-block-column is-layout-flow wp-block-column-is-layout-flow\">\n<figure class=\"wp-block-image size-full\"><img loading=\"lazy\" decoding=\"async\" width=\"450\" height=\"230\" src=\"https:\/\/eqsk4m2dkju.exactdn.com\/app\/uploads\/sites\/11\/2023\/09\/Riwal-Rental-App.webp?strip=all&quality=92&webp=92&avif=80&sharp=1\" alt=\"\" class=\"wp-image-3270\" srcset=\"https:\/\/eqsk4m2dkju.exactdn.com\/app\/uploads\/sites\/11\/2023\/09\/Riwal-Rental-App.webp?strip=all&amp;quality=92&amp;webp=92&amp;avif=80&amp;sharp=1 450w, https:\/\/eqsk4m2dkju.exactdn.com\/app\/uploads\/sites\/11\/2023\/09\/Riwal-Rental-App-300x153.webp?strip=all&amp;quality=92&amp;webp=92&amp;avif=80&amp;sharp=1 300w, https:\/\/eqsk4m2dkju.exactdn.com\/app\/uploads\/sites\/11\/2023\/09\/Riwal-Rental-App-178x91.webp?strip=all&amp;quality=92&amp;webp=92&amp;avif=80&amp;sharp=1 178w, https:\/\/eqsk4m2dkju.exactdn.com\/app\/uploads\/sites\/11\/2023\/09\/Riwal-Rental-App-390x199.webp?strip=all&amp;quality=92&amp;webp=92&amp;avif=80&amp;sharp=1 390w, https:\/\/eqsk4m2dkju.exactdn.com\/app\/uploads\/sites\/11\/2023\/09\/Riwal-Rental-App-250x128.webp?strip=all&amp;quality=92&amp;webp=92&amp;avif=80&amp;sharp=1 250w, https:\/\/eqsk4m2dkju.exactdn.com\/app\/uploads\/sites\/11\/2023\/09\/Riwal-Rental-App.webp?strip=all&amp;quality=92&amp;webp=92&amp;avif=80&amp;sharp=1&amp;w=90 90w\" sizes=\"auto, (max-width: 450px) 100vw, 450px\" \/><\/figure>\n\n\n\n<p class=\"has-text-align-center\"><strong>Mobilna aplikacija za najam<\/strong><\/p>\n<\/div>\n<\/div>\n<\/div>\n\t\t\t\t\t\t\t<\/div> ","protected":false},"excerpt":{"rendered":"<p>OTKRIJTE NA\u0160A ODR\u017dIVA RJE\u0160ENJA Tajna uspje\u0161nog poslovanja je oslu\u0161kivanje potreba va\u0161ih kupaca i postupanje prema njima. Dakle, \u0161to u\u010diniti kada vas kupac pita za odr\u017eivo rje\u0161enje koje jo\u0161 ne postoji na tr\u017ei\u0161tu? Jedan od glavnih kupaca Riwala \u017eelio je potpuno elektri\u010dne teleskopske platforme, ali na tr\u017ei\u0161tu su bile dostupne samo dizelske pa ih je Riwal &hellip; <a href=\"https:\/\/www.riwal.com\/hr\/o-nama\/odrzivost\/otkrijte-nasa-odraziva-rjesenja\/\">Nastavak<\/a><\/p>\n","protected":false},"author":45,"featured_media":0,"parent":3399,"menu_order":0,"comment_status":"closed","ping_status":"closed","template":"","meta":{"_acf_changed":false,"footnotes":""},"class_list":["post-3439","page","type-page","status-publish","hentry"],"acf":[],"yoast_head":"<!-- This site is optimized with the Yoast SEO Premium plugin v27.1 (Yoast SEO v27.1.1) - https:\/\/yoast.com\/product\/yoast-seo-premium-wordpress\/ -->\n<title>Otkrijte na\u0161a odr\u017eiva rje\u0161enja - Riwal Hrvatska<\/title>\n<meta name=\"robots\" content=\"index, follow, max-snippet:-1, max-image-preview:large, max-video-preview:-1\" \/>\n<link rel=\"canonical\" href=\"https:\/\/www.riwal.com\/hr\/o-nama\/odrzivost\/otkrijte-nasa-odraziva-rjesenja\/\" \/>\n<meta property=\"og:locale\" content=\"hr_HR\" \/>\n<meta property=\"og:type\" content=\"article\" \/>\n<meta property=\"og:title\" content=\"Otkrijte na\u0161a odr\u017eiva rje\u0161enja\" \/>\n<meta property=\"og:description\" content=\"OTKRIJTE NA\u0160A ODR\u017dIVA RJE\u0160ENJA Tajna uspje\u0161nog poslovanja je oslu\u0161kivanje potreba va\u0161ih kupaca i postupanje prema njima. Dakle, \u0161to u\u010diniti kada vas kupac pita za odr\u017eivo rje\u0161enje koje jo\u0161 ne postoji na tr\u017ei\u0161tu? Jedan od glavnih kupaca Riwala \u017eelio je potpuno elektri\u010dne teleskopske platforme, ali na tr\u017ei\u0161tu su bile dostupne samo dizelske pa ih je Riwal &hellip; Nastavak\" \/>\n<meta property=\"og:url\" content=\"https:\/\/www.riwal.com\/hr\/o-nama\/odrzivost\/otkrijte-nasa-odraziva-rjesenja\/\" \/>\n<meta property=\"og:site_name\" content=\"Riwal Hrvatska\" \/>\n<meta property=\"article:modified_time\" content=\"2024-02-03T10:34:35+00:00\" \/>\n<meta property=\"og:image\" content=\"https:\/\/www.riwal.com\/app\/uploads\/sites\/11\/2023\/09\/en-sdg-goal-07.webp\" \/>\n<meta name=\"twitter:card\" content=\"summary_large_image\" \/>\n<meta name=\"twitter:label1\" content=\"Est. reading time\" \/>\n\t<meta name=\"twitter:data1\" content=\"4 minute\" \/>\n<script type=\"application\/ld+json\" class=\"yoast-schema-graph\">{\"@context\":\"https:\/\/schema.org\",\"@graph\":[{\"@type\":\"WebPage\",\"@id\":\"https:\/\/www.riwal.com\/hr\/o-nama\/odrzivost\/otkrijte-nasa-odraziva-rjesenja\/\",\"url\":\"https:\/\/www.riwal.com\/hr\/o-nama\/odrzivost\/otkrijte-nasa-odraziva-rjesenja\/\",\"name\":\"Otkrijte na\u0161a odr\u017eiva rje\u0161enja - Riwal Hrvatska\",\"isPartOf\":{\"@id\":\"https:\/\/www.riwal.com\/hr\/#website\"},\"primaryImageOfPage\":{\"@id\":\"https:\/\/www.riwal.com\/hr\/o-nama\/odrzivost\/otkrijte-nasa-odraziva-rjesenja\/#primaryimage\"},\"image\":{\"@id\":\"https:\/\/www.riwal.com\/hr\/o-nama\/odrzivost\/otkrijte-nasa-odraziva-rjesenja\/#primaryimage\"},\"thumbnailUrl\":\"https:\/\/www.riwal.com\/app\/uploads\/sites\/11\/2023\/09\/en-sdg-goal-07.webp\",\"datePublished\":\"2023-09-18T19:29:41+00:00\",\"dateModified\":\"2024-02-03T10:34:35+00:00\",\"breadcrumb\":{\"@id\":\"https:\/\/www.riwal.com\/hr\/o-nama\/odrzivost\/otkrijte-nasa-odraziva-rjesenja\/#breadcrumb\"},\"inLanguage\":\"hr\",\"potentialAction\":[{\"@type\":\"ReadAction\",\"target\":[\"https:\/\/www.riwal.com\/hr\/o-nama\/odrzivost\/otkrijte-nasa-odraziva-rjesenja\/\"]}]},{\"@type\":\"ImageObject\",\"inLanguage\":\"hr\",\"@id\":\"https:\/\/www.riwal.com\/hr\/o-nama\/odrzivost\/otkrijte-nasa-odraziva-rjesenja\/#primaryimage\",\"url\":\"https:\/\/www.riwal.com\/app\/uploads\/sites\/11\/2023\/09\/en-sdg-goal-07.webp\",\"contentUrl\":\"https:\/\/www.riwal.com\/app\/uploads\/sites\/11\/2023\/09\/en-sdg-goal-07.webp\"},{\"@type\":\"BreadcrumbList\",\"@id\":\"https:\/\/www.riwal.com\/hr\/o-nama\/odrzivost\/otkrijte-nasa-odraziva-rjesenja\/#breadcrumb\",\"itemListElement\":[{\"@type\":\"ListItem\",\"position\":1,\"name\":\"Doma\",\"item\":\"https:\/\/www.riwal.com\/hr\/\"},{\"@type\":\"ListItem\",\"position\":2,\"name\":\"O nama\",\"item\":\"https:\/\/www.riwal.com\/hr\/o-nama\/\"},{\"@type\":\"ListItem\",\"position\":3,\"name\":\"Odr\u017eivost\",\"item\":\"https:\/\/www.riwal.com\/hr\/o-nama\/odrzivost\/\"},{\"@type\":\"ListItem\",\"position\":4,\"name\":\"Otkrijte na\u0161a odr\u017eiva rje\u0161enja\"}]},{\"@type\":\"WebSite\",\"@id\":\"https:\/\/www.riwal.com\/hr\/#website\",\"url\":\"https:\/\/www.riwal.com\/hr\/\",\"name\":\"Riwal\",\"description\":\"Arial work platform &amp; Telehandler Rental\/Sales\",\"publisher\":{\"@id\":\"https:\/\/www.riwal.com\/hr\/#organization\"},\"potentialAction\":[{\"@type\":\"SearchAction\",\"target\":{\"@type\":\"EntryPoint\",\"urlTemplate\":\"https:\/\/www.riwal.com\/hr\/?s={search_term_string}\"},\"query-input\":{\"@type\":\"PropertyValueSpecification\",\"valueRequired\":true,\"valueName\":\"search_term_string\"}}],\"inLanguage\":\"hr\"},{\"@type\":\"Organization\",\"@id\":\"https:\/\/www.riwal.com\/hr\/#organization\",\"name\":\"Riwal\",\"url\":\"https:\/\/www.riwal.com\/hr\/\",\"logo\":{\"@type\":\"ImageObject\",\"inLanguage\":\"hr\",\"@id\":\"https:\/\/www.riwal.com\/hr\/#\/schema\/logo\/image\/\",\"url\":\"\",\"contentUrl\":\"\",\"caption\":\"Riwal\"},\"image\":{\"@id\":\"https:\/\/www.riwal.com\/hr\/#\/schema\/logo\/image\/\"}}]}<\/script>\n<!-- \/ Yoast SEO Premium plugin. -->","yoast_head_json":{"title":"Otkrijte na\u0161a odr\u017eiva rje\u0161enja - Riwal Hrvatska","robots":{"index":"index","follow":"follow","max-snippet":"max-snippet:-1","max-image-preview":"max-image-preview:large","max-video-preview":"max-video-preview:-1"},"canonical":"https:\/\/www.riwal.com\/hr\/o-nama\/odrzivost\/otkrijte-nasa-odraziva-rjesenja\/","og_locale":"hr_HR","og_type":"article","og_title":"Otkrijte na\u0161a odr\u017eiva rje\u0161enja","og_description":"OTKRIJTE NA\u0160A ODR\u017dIVA RJE\u0160ENJA Tajna uspje\u0161nog poslovanja je oslu\u0161kivanje potreba va\u0161ih kupaca i postupanje prema njima. Dakle, \u0161to u\u010diniti kada vas kupac pita za odr\u017eivo rje\u0161enje koje jo\u0161 ne postoji na tr\u017ei\u0161tu? Jedan od glavnih kupaca Riwala \u017eelio je potpuno elektri\u010dne teleskopske platforme, ali na tr\u017ei\u0161tu su bile dostupne samo dizelske pa ih je Riwal &hellip; Nastavak","og_url":"https:\/\/www.riwal.com\/hr\/o-nama\/odrzivost\/otkrijte-nasa-odraziva-rjesenja\/","og_site_name":"Riwal Hrvatska","article_modified_time":"2024-02-03T10:34:35+00:00","og_image":[{"url":"https:\/\/www.riwal.com\/app\/uploads\/sites\/11\/2023\/09\/en-sdg-goal-07.webp","type":"","width":"","height":""}],"twitter_card":"summary_large_image","twitter_misc":{"Est. reading time":"4 minute"},"schema":{"@context":"https:\/\/schema.org","@graph":[{"@type":"WebPage","@id":"https:\/\/www.riwal.com\/hr\/o-nama\/odrzivost\/otkrijte-nasa-odraziva-rjesenja\/","url":"https:\/\/www.riwal.com\/hr\/o-nama\/odrzivost\/otkrijte-nasa-odraziva-rjesenja\/","name":"Otkrijte na\u0161a odr\u017eiva rje\u0161enja - Riwal Hrvatska","isPartOf":{"@id":"https:\/\/www.riwal.com\/hr\/#website"},"primaryImageOfPage":{"@id":"https:\/\/www.riwal.com\/hr\/o-nama\/odrzivost\/otkrijte-nasa-odraziva-rjesenja\/#primaryimage"},"image":{"@id":"https:\/\/www.riwal.com\/hr\/o-nama\/odrzivost\/otkrijte-nasa-odraziva-rjesenja\/#primaryimage"},"thumbnailUrl":"https:\/\/www.riwal.com\/app\/uploads\/sites\/11\/2023\/09\/en-sdg-goal-07.webp","datePublished":"2023-09-18T19:29:41+00:00","dateModified":"2024-02-03T10:34:35+00:00","breadcrumb":{"@id":"https:\/\/www.riwal.com\/hr\/o-nama\/odrzivost\/otkrijte-nasa-odraziva-rjesenja\/#breadcrumb"},"inLanguage":"hr","potentialAction":[{"@type":"ReadAction","target":["https:\/\/www.riwal.com\/hr\/o-nama\/odrzivost\/otkrijte-nasa-odraziva-rjesenja\/"]}]},{"@type":"ImageObject","inLanguage":"hr","@id":"https:\/\/www.riwal.com\/hr\/o-nama\/odrzivost\/otkrijte-nasa-odraziva-rjesenja\/#primaryimage","url":"https:\/\/www.riwal.com\/app\/uploads\/sites\/11\/2023\/09\/en-sdg-goal-07.webp","contentUrl":"https:\/\/www.riwal.com\/app\/uploads\/sites\/11\/2023\/09\/en-sdg-goal-07.webp"},{"@type":"BreadcrumbList","@id":"https:\/\/www.riwal.com\/hr\/o-nama\/odrzivost\/otkrijte-nasa-odraziva-rjesenja\/#breadcrumb","itemListElement":[{"@type":"ListItem","position":1,"name":"Doma","item":"https:\/\/www.riwal.com\/hr\/"},{"@type":"ListItem","position":2,"name":"O nama","item":"https:\/\/www.riwal.com\/hr\/o-nama\/"},{"@type":"ListItem","position":3,"name":"Odr\u017eivost","item":"https:\/\/www.riwal.com\/hr\/o-nama\/odrzivost\/"},{"@type":"ListItem","position":4,"name":"Otkrijte na\u0161a odr\u017eiva rje\u0161enja"}]},{"@type":"WebSite","@id":"https:\/\/www.riwal.com\/hr\/#website","url":"https:\/\/www.riwal.com\/hr\/","name":"Riwal","description":"Arial work platform &amp; Telehandler Rental\/Sales","publisher":{"@id":"https:\/\/www.riwal.com\/hr\/#organization"},"potentialAction":[{"@type":"SearchAction","target":{"@type":"EntryPoint","urlTemplate":"https:\/\/www.riwal.com\/hr\/?s={search_term_string}"},"query-input":{"@type":"PropertyValueSpecification","valueRequired":true,"valueName":"search_term_string"}}],"inLanguage":"hr"},{"@type":"Organization","@id":"https:\/\/www.riwal.com\/hr\/#organization","name":"Riwal","url":"https:\/\/www.riwal.com\/hr\/","logo":{"@type":"ImageObject","inLanguage":"hr","@id":"https:\/\/www.riwal.com\/hr\/#\/schema\/logo\/image\/","url":"","contentUrl":"","caption":"Riwal"},"image":{"@id":"https:\/\/www.riwal.com\/hr\/#\/schema\/logo\/image\/"}}]}},"_links":{"self":[{"href":"https:\/\/www.riwal.com\/hr\/wp-json\/wp\/v2\/pages\/3439","targetHints":{"allow":["GET"]}}],"collection":[{"href":"https:\/\/www.riwal.com\/hr\/wp-json\/wp\/v2\/pages"}],"about":[{"href":"https:\/\/www.riwal.com\/hr\/wp-json\/wp\/v2\/types\/page"}],"author":[{"embeddable":true,"href":"https:\/\/www.riwal.com\/hr\/wp-json\/wp\/v2\/users\/45"}],"replies":[{"embeddable":true,"href":"https:\/\/www.riwal.com\/hr\/wp-json\/wp\/v2\/comments?post=3439"}],"version-history":[{"count":3,"href":"https:\/\/www.riwal.com\/hr\/wp-json\/wp\/v2\/pages\/3439\/revisions"}],"predecessor-version":[{"id":4676,"href":"https:\/\/www.riwal.com\/hr\/wp-json\/wp\/v2\/pages\/3439\/revisions\/4676"}],"up":[{"embeddable":true,"href":"https:\/\/www.riwal.com\/hr\/wp-json\/wp\/v2\/pages\/3399"}],"wp:attachment":[{"href":"https:\/\/www.riwal.com\/hr\/wp-json\/wp\/v2\/media?parent=3439"}],"curies":[{"name":"wp","href":"https:\/\/api.w.org\/{rel}","templated":true}]}}