{"id":3430,"date":"2023-09-18T19:06:14","date_gmt":"2023-09-18T19:06:14","guid":{"rendered":"https:\/\/www.riwal.com\/hr\/?page_id=3430"},"modified":"2024-02-03T10:34:37","modified_gmt":"2024-02-03T10:34:37","slug":"politika-i-certifikati","status":"publish","type":"page","link":"https:\/\/www.riwal.com\/hr\/o-nama\/odrzivost\/nas-pristup\/politika-i-certifikati\/","title":{"rendered":"Odr\u017eivost"},"content":{"rendered":"<div class=\"container\">\n<h2 class=\"wp-block-heading\" id=\"h-ljudi-planet-profit\">LJUDI &#8211; PLANET &#8211; PROFIT<\/h2>\n<\/div>\n\n<div class=\"rental-wp-default-block rental-theme-block-default-margin\">\n\t\t\t\t\t\t\t\t<div class=\"container\">\n<div class=\"wp-block-columns is-layout-flex wp-container-core-columns-is-layout-28f84493 wp-block-columns-is-layout-flex\">\n<div class=\"wp-block-column is-layout-flow wp-block-column-is-layout-flow\" style=\"flex-basis:66.66%\">\n<p><strong>Mi u Riwalu stalno tra\u017eimo inovacije i odr\u017eiva rje\u0161enja, kod kojih su ekonomski, ekolo\u0161ki i dru\u0161tveni interesi u ravnote\u017ei s obzirom na ljude, planet i profit. Izbori se priop\u0107avaju na po\u0161ten i transparentan na\u010din svim zainteresiranim stranama.<\/strong><\/p>\n\n\n\n<p><strong><strong>Unutar dru\u0161tveno odgovornog poslovanja i odr\u017eivosti<\/strong><\/strong><\/p>\n\n\n\n<ul class=\"wp-block-list\">\n<li>Pru\u017eiti najbolje korisni\u010dko iskustvo s uslugama i proizvodima koji ispunjavaju o\u010dekivanja na\u0161ih kupaca i u potpunosti zadovoljavaju njihove zahtjeve.<\/li>\n\n\n\n<li>Omogu\u0107iti i osigurati sigurne i zdrave uvjete rada za na\u0161e zaposlenike (stalne i privremene), posjetitelje, izvo\u0111a\u010de i druge dionike.<\/li>\n\n\n\n<li>Osna\u017eiti na\u0161e zaposlenike kako bi se pona\u0161ali na siguran na\u010din i brinuli o svom zdravlju i dobrobiti.<\/li>\n\n\n\n<li>Osigurajte da se na\u0161e usluge i operacije izvode i upravljaju na na\u010din koji \u0161titi okoli\u0161.<\/li>\n\n\n\n<li>Preuzeti na\u0161 dio odgovornosti u pru\u017eanju odr\u017eivijeg \u017eivota za nadolaze\u0107e generacije doprinose\u0107i odr\u017eivom razvoju na ekonomskom, ekolo\u0161kom i dru\u0161tvenom planu.<\/li>\n\n\n\n<li>Kontinuirano identificirati prilike, rizike i mogu\u0107nosti pobolj\u0161anja u cijelom na\u0161em lancu vrijednosti uzimaju\u0107i u obzir zdravlje i sigurnost, etiku, okoli\u0161 i ljudska prava.<\/li>\n\n\n\n<li>Aktivno komunicirati i promicati predanost na\u0161oj politici i ciljevima SHEQ -a na svim razinama organizacije i relevantnim dionicima te razmjenjivati najbolje prakse i znanja u cijeloj Grupaciji.<\/li>\n\n\n\n<li>Kontinuirano procjenjivati i pobolj\u0161avati u\u010dinkovitost na\u0161eg sustava upravljanja SHEQ-a, revidiraju\u0107i na\u0161e ciljeve, rizike, KPI -ove i rezultate.<\/li>\n<\/ul>\n\n\n\n<p><strong>Unutar zdravlja i sigurnosti<\/strong><\/p>\n\n\n\n<ul class=\"wp-block-list\">\n<li>Za\u0161tititi zdravlje i sigurnost na\u0161ih zaposlenika, izvo\u0111a\u010da, kupaca i ostalih korisnika te osigurati zdravo i sigurno radno okru\u017eenje.<\/li>\n\n\n\n<li>Kontinuirano pobolj\u0161avati radne uvjete HSE -a kako bismo sve vi\u0161e napredovali prema na\u0161em cilju &#8221; Nula nesre\u0107a &#8221;.<\/li>\n\n\n\n<li>Sprije\u010dite bolesti povezane sa radom i zdravstvene probleme.<\/li>\n\n\n\n<li>Stalno raditi na pobolj\u0161anju zdravstvene i sigurnosne kulture na svim razinama u Riwalu, koriste\u0107i pristup \u201eodozgo prema dolje\u201c i \u201eodozdo prema gore\u201c gdje se poti\u010de anga\u017eman i povratne informacije zaposlenika.<\/li>\n\n\n\n<li>Osigurati svu potrebnu opremu, resurse i obuku; za pove\u0107anje svijesti o zdravlju i sigurnosti svih zaposlenika tvrtke Riwal\/Manlift.<\/li>\n\n\n\n<li>Osigurajte uskla\u0111enost s va\u017ee\u0107im nacionalnim, regionalnim i lokalnim propisima i zakonima HSE -a.<\/li>\n\n\n\n<li>Biti u skladu s Riwalovim propisima, kada oni nadma\u0161uju nacionalne, regionalne i lokalne regulative i zakonne.<\/li>\n<\/ul>\n\n\n\n<p><strong>Unutar dru\u0161tveno odgovornog poslovanja i odr\u017eivosti<\/strong><\/p>\n\n\n\n<ul class=\"wp-block-list\">\n<li>Uzeti u obzir sve pozitivne i negativne utjecaje na okoli\u0161, dru\u0161tvo i gospodarstvo koje imamo na zajednicu i na\u0161e dionike.<\/li>\n\n\n\n<li>Promicati i pobolj\u0161ati dobrobit, mogu\u0107nost zaposlenja i profesionalne vje\u0161tine na\u0161ih zaposlenika.<\/li>\n\n\n\n<li>Poduzeti mjere za doprinos na podru\u010dju 7 od 17 ciljeva odr\u017eivog razvoja UN -a.<\/li>\n\n\n\n<li>Poslovati po\u0161teno i raditi u skladu s eti\u010dkim standardima i va\u017ee\u0107im zakonima i propisima.<\/li>\n\n\n\n<li>Osigurati po\u0161tivanje na\u0161eg kodeksa pona\u0161anja u pogledu integriteta, korupcije i diskriminacije.<\/li>\n\n\n\n<li>Stalno tra\u017eiti inovativna i odr\u017eiva rje\u0161enja u kojima su ekonomski, ekolo\u0161ki i dru\u0161tveni interesi u ravnote\u017ei.<\/li>\n\n\n\n<li>Pove\u0107ati u\u010dinkovitost kori\u0161tenja energije i resursa kroz elektro pretvorbu strojeva, u\u010dinkovit transport, kompenziranje ugljika i upotrebu obnovljive energije.<\/li>\n\n\n\n<li>Pove\u0107ati u\u010dinkovitost kori\u0161tenja vode i odgovorno upravljati otpadom.<\/li>\n\n\n\n<li>Za\u0161tititi okoli\u0161 i zajednice u kojima radimo i \u017eivimo sprje\u010davanjem zaga\u0111enja, minimiziranjem na\u0161eg utjecaja i ulaganjem u lokalne inicijative.<\/li>\n\n\n\n<li>Upotrebom Smjernica OECD -a za multinacionalna poduze\u0107a kao na\u0161im alatom za stvaranje i a\u017euriranje ovih pravila.<\/li>\n\n\n\n<li>Uklju\u010diti u na\u0161e politike ili kodekse zahtjeve za po\u0161tivanjem i pridr\u017eavanjem Op\u0107e deklaracije o ljudskim pravima i univerzalnih standarda Me\u0111unarodne organizacije rada (ILO).<\/li>\n<\/ul>\n\n\n\n<p><strong>Unutar kvalitete<\/strong><\/p>\n\n\n\n<ul class=\"wp-block-list\">\n<li>Staviti na\u0161e klijente u sredi\u0161te svega \u0161to radimo.<\/li>\n\n\n\n<li>Aktivno oslu\u0161kivati potrebe i o\u010dekivanja na\u0161ih kupaca te unapre\u0111ivati na\u0161e proizvode i usluge kako bismo ih ispunili.<\/li>\n\n\n\n<li>Razvijati i odr\u017eavati procese koji su nam potrebni za pru\u017eanje najboljeg korisni\u010dkog iskustva.<\/li>\n\n\n\n<li>Kontinuirano mjeriti, odr\u017eavati i pove\u0107avati Riwalovu bazu znanja kroz zapo\u0161ljavanje i obuku.<\/li>\n\n\n\n<li>Po\u0161tivati povjerljivost dionika i individualne zahtjeve za privatnost, ostaju\u0107i transparentni u svim ostalim aspektima na\u0161eg rada.<\/li>\n<\/ul>\n\n\n\n<p>Pru\u017eanje najboljeg korisni\u010dkog iskustva i po\u0161tivanje pravila o zdravlju, sigurnosti i okoli\u0161u individualna je odgovornost svih nas, na svim razinama unutar na\u0161e organizacije. Ova izjava o politici dio je na\u0161eg sustava upravljanja SHEQ, koji je organiziran na temelju ISO 9001, 45001, 14001 i CSR ljestvice u\u010dinkovitosti (na temelju standarda ISO 26000), a odnosi se na sve Riwalove i Manliftove zaposlenike, izvo\u0111a\u010de, dobavlja\u010de, posjetitelji i druge klju\u010dne poslovne partnere. Uprava grupacije odgovorna je za stvaranje prikladnog radnog okru\u017eenja koje podr\u017eava aspekte navedene u ovoj izjavi o politici.<\/p>\n\n\n\n<p><a><\/a>Politika \u0107e se redovito pregledavati kako bi se provjerilo je li relevantna i slijedi li najnovije zahtjeve uskla\u0111enosti. Bit \u0107e dostupna svim zainteresiranim stranama.<\/p>\n\n\n\n<p>Dordrecht, 22. srpnja 2021<\/p>\n\n\n\n<p>P. Torres&nbsp;&nbsp;&nbsp;&nbsp;&nbsp;&nbsp;&nbsp;&nbsp;&nbsp;&nbsp;&nbsp;&nbsp;&nbsp;&nbsp;&nbsp;&nbsp;&nbsp;&nbsp;&nbsp;&nbsp;&nbsp;&nbsp;&nbsp;&nbsp;&nbsp;&nbsp;&nbsp;&nbsp;&nbsp;&nbsp;&nbsp;&nbsp;&nbsp;&nbsp;&nbsp;&nbsp;&nbsp;&nbsp;&nbsp;&nbsp;&nbsp; R. Timmers&nbsp;&nbsp;&nbsp;&nbsp;&nbsp;&nbsp;&nbsp;&nbsp;&nbsp;&nbsp;&nbsp;&nbsp;&nbsp;&nbsp;&nbsp;&nbsp;&nbsp;&nbsp;&nbsp;&nbsp;&nbsp;&nbsp;&nbsp;&nbsp;&nbsp;&nbsp;&nbsp;&nbsp;&nbsp;&nbsp;&nbsp;&nbsp;&nbsp;&nbsp;&nbsp;&nbsp;&nbsp;&nbsp;&nbsp;&nbsp;&nbsp;&nbsp;&nbsp;&nbsp;&nbsp;&nbsp;&nbsp;&nbsp;&nbsp;&nbsp;&nbsp;&nbsp;&nbsp;&nbsp;<\/p>\n\n\n\n<p>CEO&nbsp;&nbsp;&nbsp;&nbsp;&nbsp;&nbsp;&nbsp;&nbsp;&nbsp;&nbsp;&nbsp;&nbsp;&nbsp;&nbsp;&nbsp;&nbsp;&nbsp;&nbsp;&nbsp;&nbsp;&nbsp;&nbsp;&nbsp;&nbsp;&nbsp;&nbsp;&nbsp;&nbsp;&nbsp;&nbsp;&nbsp;&nbsp;&nbsp;&nbsp;&nbsp;&nbsp;&nbsp;&nbsp;&nbsp;&nbsp;&nbsp;&nbsp;&nbsp;&nbsp;&nbsp;&nbsp;&nbsp;&nbsp; CFO<\/p>\n\n\n\n<p><strong>Riwalovi certifikati<\/strong><\/p>\n\n\n\n<p>U Riwalu vjerujemo u odr\u017eavanje najvi\u0161ih standarda kvalitete, sigurnosti i odr\u017eivosti. Ponosni smo \u0161to posjedujemo sljede\u0107e certifikate koji odra\u017eavaju visoku razinu koju smo postavili za svoju organizaciju.<\/p>\n\n\n\n<p><a href=\"https:\/\/www.riwal.com\/-\/media\/Riwal-Slovenia\/PDF_dokumenti\/ISO-45001-CRO-2022-25.pdf?la=hr-HR\">ISO 45001: 2018 &#8211; sustav upravljanja za\u0161titom zdravlja i sigurno\u0161\u0107u na radu<\/a><\/p>\n\n\n\n<p><a href=\"https:\/\/www.riwal.com\/-\/media\/Riwal-Slovenia\/PDF_dokumenti\/ISO-9001-CRO-2022-25.pdf?la=hr-HR\">ISO 9001: 2015 &#8211; sustav upravljanja kvalitetom<\/a><\/p>\n\n\n\n<p><a href=\"https:\/\/www.riwal.com\/-\/media\/Riwal-Slovenia\/PDF_dokumenti\/ISO-14001-CRO-2022-25.pdf?la=hr-HR\">ISO 14001:2015 &#8211; sustav upravljanja okoli\u0161em<\/a><\/p>\n<\/div>\n\n\n\n<div class=\"wp-block-column is-layout-flow wp-block-column-is-layout-flow\" style=\"flex-basis:33.33%\">\n<figure class=\"wp-block-image size-large\"><img loading=\"lazy\" decoding=\"async\" width=\"1024\" height=\"523\" src=\"https:\/\/eqsk4m2dkju.exactdn.com\/app\/uploads\/sites\/11\/2023\/09\/teaserCRO-1024x523.webp?strip=all&quality=92&webp=92&avif=80&sharp=1\" alt=\"\" class=\"wp-image-3408\" srcset=\"https:\/\/eqsk4m2dkju.exactdn.com\/app\/uploads\/sites\/11\/2023\/09\/teaserCRO-1024x523.webp?strip=all&amp;quality=92&amp;webp=92&amp;avif=80&amp;sharp=1 1024w, https:\/\/eqsk4m2dkju.exactdn.com\/app\/uploads\/sites\/11\/2023\/09\/teaserCRO-830x424.webp?strip=all&amp;quality=92&amp;webp=92&amp;avif=80&amp;sharp=1 830w, https:\/\/eqsk4m2dkju.exactdn.com\/app\/uploads\/sites\/11\/2023\/09\/teaserCRO-300x153.webp?strip=all&amp;quality=92&amp;webp=92&amp;avif=80&amp;sharp=1 300w, https:\/\/eqsk4m2dkju.exactdn.com\/app\/uploads\/sites\/11\/2023\/09\/teaserCRO-768x392.webp?strip=all&amp;quality=92&amp;webp=92&amp;avif=80&amp;sharp=1 768w, https:\/\/eqsk4m2dkju.exactdn.com\/app\/uploads\/sites\/11\/2023\/09\/teaserCRO-178x91.webp?strip=all&amp;quality=92&amp;webp=92&amp;avif=80&amp;sharp=1 178w, https:\/\/eqsk4m2dkju.exactdn.com\/app\/uploads\/sites\/11\/2023\/09\/teaserCRO-390x199.webp?strip=all&amp;quality=92&amp;webp=92&amp;avif=80&amp;sharp=1 390w, https:\/\/eqsk4m2dkju.exactdn.com\/app\/uploads\/sites\/11\/2023\/09\/teaserCRO-250x128.webp?strip=all&amp;quality=92&amp;webp=92&amp;avif=80&amp;sharp=1 250w, https:\/\/eqsk4m2dkju.exactdn.com\/app\/uploads\/sites\/11\/2023\/09\/teaserCRO.webp?strip=all&amp;quality=92&amp;webp=92&amp;avif=80&amp;sharp=1 1276w, https:\/\/eqsk4m2dkju.exactdn.com\/app\/uploads\/sites\/11\/2023\/09\/teaserCRO.webp?strip=all&amp;quality=92&amp;webp=92&amp;avif=80&amp;sharp=1&amp;w=510 510w, https:\/\/eqsk4m2dkju.exactdn.com\/app\/uploads\/sites\/11\/2023\/09\/teaserCRO.webp?strip=all&amp;quality=92&amp;webp=92&amp;avif=80&amp;sharp=1&amp;w=450 450w\" sizes=\"auto, (max-width: 1024px) 100vw, 1024px\" \/><\/figure>\n\n\n\n<div class=\"wp-block-buttons is-layout-flex wp-block-buttons-is-layout-flex\">\n<div class=\"wp-block-button\"><a class=\"wp-block-button__link has-text-align-center wp-element-button\" href=\"\/hr\/o-nama\/odrzivost\/\">Vi\u0161e o odr\u017eivosti<\/a><\/div>\n<\/div>\n<\/div>\n<\/div>\n<\/div>\n\t\t\t\t\t\t\t<\/div> ","protected":false},"excerpt":{"rendered":"<p>LJUDI &#8211; PLANET &#8211; PROFIT Mi u Riwalu stalno tra\u017eimo inovacije i odr\u017eiva rje\u0161enja, kod kojih su ekonomski, ekolo\u0161ki i dru\u0161tveni interesi u ravnote\u017ei s obzirom na ljude, planet i profit. Izbori se priop\u0107avaju na po\u0161ten i transparentan na\u010din svim zainteresiranim stranama. Unutar dru\u0161tveno odgovornog poslovanja i odr\u017eivosti Unutar zdravlja i sigurnosti Unutar dru\u0161tveno odgovornog &hellip; <a href=\"https:\/\/www.riwal.com\/hr\/o-nama\/odrzivost\/nas-pristup\/politika-i-certifikati\/\">Nastavak<\/a><\/p>\n","protected":false},"author":45,"featured_media":0,"parent":3404,"menu_order":0,"comment_status":"closed","ping_status":"closed","template":"","meta":{"_acf_changed":false,"footnotes":""},"class_list":["post-3430","page","type-page","status-publish","hentry"],"acf":[],"yoast_head":"<!-- This site is optimized with the Yoast SEO Premium plugin v27.1 (Yoast SEO v27.1.1) - https:\/\/yoast.com\/product\/yoast-seo-premium-wordpress\/ -->\n<title>Odr\u017eivost - Riwal Hrvatska<\/title>\n<meta name=\"robots\" content=\"index, follow, max-snippet:-1, max-image-preview:large, max-video-preview:-1\" \/>\n<link rel=\"canonical\" href=\"https:\/\/www.riwal.com\/hr\/o-nama\/odrzivost\/nas-pristup\/politika-i-certifikati\/\" \/>\n<meta property=\"og:locale\" content=\"hr_HR\" \/>\n<meta property=\"og:type\" content=\"article\" \/>\n<meta property=\"og:title\" content=\"Odr\u017eivost\" \/>\n<meta property=\"og:description\" content=\"LJUDI &#8211; PLANET &#8211; PROFIT Mi u Riwalu stalno tra\u017eimo inovacije i odr\u017eiva rje\u0161enja, kod kojih su ekonomski, ekolo\u0161ki i dru\u0161tveni interesi u ravnote\u017ei s obzirom na ljude, planet i profit. Izbori se priop\u0107avaju na po\u0161ten i transparentan na\u010din svim zainteresiranim stranama. Unutar dru\u0161tveno odgovornog poslovanja i odr\u017eivosti Unutar zdravlja i sigurnosti Unutar dru\u0161tveno odgovornog &hellip; Nastavak\" \/>\n<meta property=\"og:url\" content=\"https:\/\/www.riwal.com\/hr\/o-nama\/odrzivost\/nas-pristup\/politika-i-certifikati\/\" \/>\n<meta property=\"og:site_name\" content=\"Riwal Hrvatska\" \/>\n<meta property=\"article:modified_time\" content=\"2024-02-03T10:34:37+00:00\" \/>\n<meta property=\"og:image\" content=\"https:\/\/www.riwal.com\/app\/uploads\/sites\/11\/2023\/09\/teaserCRO-1024x523.webp\" \/>\n<meta name=\"twitter:card\" content=\"summary_large_image\" \/>\n<meta name=\"twitter:label1\" content=\"Est. reading time\" \/>\n\t<meta name=\"twitter:data1\" content=\"5 minuta\" \/>\n<script type=\"application\/ld+json\" class=\"yoast-schema-graph\">{\"@context\":\"https:\/\/schema.org\",\"@graph\":[{\"@type\":\"WebPage\",\"@id\":\"https:\/\/www.riwal.com\/hr\/o-nama\/odrzivost\/nas-pristup\/politika-i-certifikati\/\",\"url\":\"https:\/\/www.riwal.com\/hr\/o-nama\/odrzivost\/nas-pristup\/politika-i-certifikati\/\",\"name\":\"Odr\u017eivost - Riwal Hrvatska\",\"isPartOf\":{\"@id\":\"https:\/\/www.riwal.com\/hr\/#website\"},\"primaryImageOfPage\":{\"@id\":\"https:\/\/www.riwal.com\/hr\/o-nama\/odrzivost\/nas-pristup\/politika-i-certifikati\/#primaryimage\"},\"image\":{\"@id\":\"https:\/\/www.riwal.com\/hr\/o-nama\/odrzivost\/nas-pristup\/politika-i-certifikati\/#primaryimage\"},\"thumbnailUrl\":\"https:\/\/www.riwal.com\/app\/uploads\/sites\/11\/2023\/09\/teaserCRO-1024x523.webp\",\"datePublished\":\"2023-09-18T19:06:14+00:00\",\"dateModified\":\"2024-02-03T10:34:37+00:00\",\"breadcrumb\":{\"@id\":\"https:\/\/www.riwal.com\/hr\/o-nama\/odrzivost\/nas-pristup\/politika-i-certifikati\/#breadcrumb\"},\"inLanguage\":\"hr\",\"potentialAction\":[{\"@type\":\"ReadAction\",\"target\":[\"https:\/\/www.riwal.com\/hr\/o-nama\/odrzivost\/nas-pristup\/politika-i-certifikati\/\"]}]},{\"@type\":\"ImageObject\",\"inLanguage\":\"hr\",\"@id\":\"https:\/\/www.riwal.com\/hr\/o-nama\/odrzivost\/nas-pristup\/politika-i-certifikati\/#primaryimage\",\"url\":\"https:\/\/www.riwal.com\/app\/uploads\/sites\/11\/2023\/09\/teaserCRO-1024x523.webp\",\"contentUrl\":\"https:\/\/www.riwal.com\/app\/uploads\/sites\/11\/2023\/09\/teaserCRO-1024x523.webp\"},{\"@type\":\"BreadcrumbList\",\"@id\":\"https:\/\/www.riwal.com\/hr\/o-nama\/odrzivost\/nas-pristup\/politika-i-certifikati\/#breadcrumb\",\"itemListElement\":[{\"@type\":\"ListItem\",\"position\":1,\"name\":\"Doma\",\"item\":\"https:\/\/www.riwal.com\/hr\/\"},{\"@type\":\"ListItem\",\"position\":2,\"name\":\"O nama\",\"item\":\"https:\/\/www.riwal.com\/hr\/o-nama\/\"},{\"@type\":\"ListItem\",\"position\":3,\"name\":\"Odr\u017eivost\",\"item\":\"https:\/\/www.riwal.com\/hr\/o-nama\/odrzivost\/\"},{\"@type\":\"ListItem\",\"position\":4,\"name\":\"Na\u0161 pristup\",\"item\":\"https:\/\/www.riwal.com\/hr\/o-nama\/odrzivost\/nas-pristup\/\"},{\"@type\":\"ListItem\",\"position\":5,\"name\":\"Odr\u017eivost\"}]},{\"@type\":\"WebSite\",\"@id\":\"https:\/\/www.riwal.com\/hr\/#website\",\"url\":\"https:\/\/www.riwal.com\/hr\/\",\"name\":\"Riwal\",\"description\":\"Arial work platform &amp; Telehandler Rental\/Sales\",\"publisher\":{\"@id\":\"https:\/\/www.riwal.com\/hr\/#organization\"},\"potentialAction\":[{\"@type\":\"SearchAction\",\"target\":{\"@type\":\"EntryPoint\",\"urlTemplate\":\"https:\/\/www.riwal.com\/hr\/?s={search_term_string}\"},\"query-input\":{\"@type\":\"PropertyValueSpecification\",\"valueRequired\":true,\"valueName\":\"search_term_string\"}}],\"inLanguage\":\"hr\"},{\"@type\":\"Organization\",\"@id\":\"https:\/\/www.riwal.com\/hr\/#organization\",\"name\":\"Riwal\",\"url\":\"https:\/\/www.riwal.com\/hr\/\",\"logo\":{\"@type\":\"ImageObject\",\"inLanguage\":\"hr\",\"@id\":\"https:\/\/www.riwal.com\/hr\/#\/schema\/logo\/image\/\",\"url\":\"\",\"contentUrl\":\"\",\"caption\":\"Riwal\"},\"image\":{\"@id\":\"https:\/\/www.riwal.com\/hr\/#\/schema\/logo\/image\/\"}}]}<\/script>\n<!-- \/ Yoast SEO Premium plugin. -->","yoast_head_json":{"title":"Odr\u017eivost - Riwal Hrvatska","robots":{"index":"index","follow":"follow","max-snippet":"max-snippet:-1","max-image-preview":"max-image-preview:large","max-video-preview":"max-video-preview:-1"},"canonical":"https:\/\/www.riwal.com\/hr\/o-nama\/odrzivost\/nas-pristup\/politika-i-certifikati\/","og_locale":"hr_HR","og_type":"article","og_title":"Odr\u017eivost","og_description":"LJUDI &#8211; PLANET &#8211; PROFIT Mi u Riwalu stalno tra\u017eimo inovacije i odr\u017eiva rje\u0161enja, kod kojih su ekonomski, ekolo\u0161ki i dru\u0161tveni interesi u ravnote\u017ei s obzirom na ljude, planet i profit. Izbori se priop\u0107avaju na po\u0161ten i transparentan na\u010din svim zainteresiranim stranama. Unutar dru\u0161tveno odgovornog poslovanja i odr\u017eivosti Unutar zdravlja i sigurnosti Unutar dru\u0161tveno odgovornog &hellip; Nastavak","og_url":"https:\/\/www.riwal.com\/hr\/o-nama\/odrzivost\/nas-pristup\/politika-i-certifikati\/","og_site_name":"Riwal Hrvatska","article_modified_time":"2024-02-03T10:34:37+00:00","og_image":[{"url":"https:\/\/www.riwal.com\/app\/uploads\/sites\/11\/2023\/09\/teaserCRO-1024x523.webp","type":"","width":"","height":""}],"twitter_card":"summary_large_image","twitter_misc":{"Est. reading time":"5 minuta"},"schema":{"@context":"https:\/\/schema.org","@graph":[{"@type":"WebPage","@id":"https:\/\/www.riwal.com\/hr\/o-nama\/odrzivost\/nas-pristup\/politika-i-certifikati\/","url":"https:\/\/www.riwal.com\/hr\/o-nama\/odrzivost\/nas-pristup\/politika-i-certifikati\/","name":"Odr\u017eivost - Riwal Hrvatska","isPartOf":{"@id":"https:\/\/www.riwal.com\/hr\/#website"},"primaryImageOfPage":{"@id":"https:\/\/www.riwal.com\/hr\/o-nama\/odrzivost\/nas-pristup\/politika-i-certifikati\/#primaryimage"},"image":{"@id":"https:\/\/www.riwal.com\/hr\/o-nama\/odrzivost\/nas-pristup\/politika-i-certifikati\/#primaryimage"},"thumbnailUrl":"https:\/\/www.riwal.com\/app\/uploads\/sites\/11\/2023\/09\/teaserCRO-1024x523.webp","datePublished":"2023-09-18T19:06:14+00:00","dateModified":"2024-02-03T10:34:37+00:00","breadcrumb":{"@id":"https:\/\/www.riwal.com\/hr\/o-nama\/odrzivost\/nas-pristup\/politika-i-certifikati\/#breadcrumb"},"inLanguage":"hr","potentialAction":[{"@type":"ReadAction","target":["https:\/\/www.riwal.com\/hr\/o-nama\/odrzivost\/nas-pristup\/politika-i-certifikati\/"]}]},{"@type":"ImageObject","inLanguage":"hr","@id":"https:\/\/www.riwal.com\/hr\/o-nama\/odrzivost\/nas-pristup\/politika-i-certifikati\/#primaryimage","url":"https:\/\/www.riwal.com\/app\/uploads\/sites\/11\/2023\/09\/teaserCRO-1024x523.webp","contentUrl":"https:\/\/www.riwal.com\/app\/uploads\/sites\/11\/2023\/09\/teaserCRO-1024x523.webp"},{"@type":"BreadcrumbList","@id":"https:\/\/www.riwal.com\/hr\/o-nama\/odrzivost\/nas-pristup\/politika-i-certifikati\/#breadcrumb","itemListElement":[{"@type":"ListItem","position":1,"name":"Doma","item":"https:\/\/www.riwal.com\/hr\/"},{"@type":"ListItem","position":2,"name":"O nama","item":"https:\/\/www.riwal.com\/hr\/o-nama\/"},{"@type":"ListItem","position":3,"name":"Odr\u017eivost","item":"https:\/\/www.riwal.com\/hr\/o-nama\/odrzivost\/"},{"@type":"ListItem","position":4,"name":"Na\u0161 pristup","item":"https:\/\/www.riwal.com\/hr\/o-nama\/odrzivost\/nas-pristup\/"},{"@type":"ListItem","position":5,"name":"Odr\u017eivost"}]},{"@type":"WebSite","@id":"https:\/\/www.riwal.com\/hr\/#website","url":"https:\/\/www.riwal.com\/hr\/","name":"Riwal","description":"Arial work platform &amp; Telehandler Rental\/Sales","publisher":{"@id":"https:\/\/www.riwal.com\/hr\/#organization"},"potentialAction":[{"@type":"SearchAction","target":{"@type":"EntryPoint","urlTemplate":"https:\/\/www.riwal.com\/hr\/?s={search_term_string}"},"query-input":{"@type":"PropertyValueSpecification","valueRequired":true,"valueName":"search_term_string"}}],"inLanguage":"hr"},{"@type":"Organization","@id":"https:\/\/www.riwal.com\/hr\/#organization","name":"Riwal","url":"https:\/\/www.riwal.com\/hr\/","logo":{"@type":"ImageObject","inLanguage":"hr","@id":"https:\/\/www.riwal.com\/hr\/#\/schema\/logo\/image\/","url":"","contentUrl":"","caption":"Riwal"},"image":{"@id":"https:\/\/www.riwal.com\/hr\/#\/schema\/logo\/image\/"}}]}},"_links":{"self":[{"href":"https:\/\/www.riwal.com\/hr\/wp-json\/wp\/v2\/pages\/3430","targetHints":{"allow":["GET"]}}],"collection":[{"href":"https:\/\/www.riwal.com\/hr\/wp-json\/wp\/v2\/pages"}],"about":[{"href":"https:\/\/www.riwal.com\/hr\/wp-json\/wp\/v2\/types\/page"}],"author":[{"embeddable":true,"href":"https:\/\/www.riwal.com\/hr\/wp-json\/wp\/v2\/users\/45"}],"replies":[{"embeddable":true,"href":"https:\/\/www.riwal.com\/hr\/wp-json\/wp\/v2\/comments?post=3430"}],"version-history":[{"count":3,"href":"https:\/\/www.riwal.com\/hr\/wp-json\/wp\/v2\/pages\/3430\/revisions"}],"predecessor-version":[{"id":4681,"href":"https:\/\/www.riwal.com\/hr\/wp-json\/wp\/v2\/pages\/3430\/revisions\/4681"}],"up":[{"embeddable":true,"href":"https:\/\/www.riwal.com\/hr\/wp-json\/wp\/v2\/pages\/3404"}],"wp:attachment":[{"href":"https:\/\/www.riwal.com\/hr\/wp-json\/wp\/v2\/media?parent=3430"}],"curies":[{"name":"wp","href":"https:\/\/api.w.org\/{rel}","templated":true}]}}