{"id":3399,"date":"2023-09-18T18:24:47","date_gmt":"2023-09-18T18:24:47","guid":{"rendered":"https:\/\/www.riwal.com\/hr\/?page_id=3399"},"modified":"2024-02-03T10:34:34","modified_gmt":"2024-02-03T10:34:34","slug":"odrzivost","status":"publish","type":"page","link":"https:\/\/www.riwal.com\/hr\/o-nama\/odrzivost\/","title":{"rendered":"Odr\u017eivost"},"content":{"rendered":"\n<div class=\"wp-block-rental-theme-header\">\n\t<div class=\"wp-block-rental-theme-header__lines\">\n\t\t<svg width=\"726\" height=\"442\" viewBox=\"0 0 726 442\" fill=\"none\" xmlns=\"http:\/\/www.w3.org\/2000\/svg\"><g opacity=\".5\"><mask id=\"path-1-inside-1_1_2\" fill=\"#fff\"><path fill-rule=\"evenodd\" clip-rule=\"evenodd\" d=\"M441.458.5H284.542L0 285.042v156.917l156.917-.001L363 235.876l206.083 206.082 156.917.001V285.042L441.458.5Z\"\/><\/mask><path d=\"M284.542.5v-1h-.415l-.292.293.707.707Zm156.916 0 .708-.707-.293-.293h-.415v1ZM0 285.042l-.707-.708-.293.293v.415h1Zm0 156.917h-1v1h1v-1Zm156.917-.001v1h.414l.293-.292-.707-.708ZM363 235.876l.707-.708-.707-.707-.707.707.707.708Zm206.083 206.082-.707.708.293.292h.414v-1Zm156.917.001v1h1v-1h-1Zm0-156.917h1v-.415l-.293-.293-.707.708ZM284.542 1.5h156.916v-2H284.542v2ZM.707 285.749 285.25 1.207l-1.414-1.414L-.707 284.334l1.414 1.415ZM1 441.959V285.042h-2v156.917h2Zm155.917-1.001L0 440.959v2l156.917-.001v-2Zm205.376-205.79L156.21 441.251l1.414 1.415 206.083-206.083-1.414-1.415Zm0 1.415 206.083 206.083 1.414-1.415-206.083-206.083-1.414 1.415Zm206.79 206.375 156.917.001v-2l-156.917-.001v2ZM727 441.959V285.042h-2v156.917h2Zm-.293-157.625L442.166-.206l-1.415 1.413L725.293 285.75l1.414-1.415Z\" fill=\"#5B728B\" mask=\"url(#path-1-inside-1_1_2)\"\/><\/g><\/svg>\t\t<svg width=\"726\" height=\"442\" viewBox=\"0 0 726 442\" fill=\"none\" xmlns=\"http:\/\/www.w3.org\/2000\/svg\"><g opacity=\".5\"><mask id=\"path-1-inside-1_1_2\" fill=\"#fff\"><path fill-rule=\"evenodd\" clip-rule=\"evenodd\" d=\"M441.458.5H284.542L0 285.042v156.917l156.917-.001L363 235.876l206.083 206.082 156.917.001V285.042L441.458.5Z\"\/><\/mask><path d=\"M284.542.5v-1h-.415l-.292.293.707.707Zm156.916 0 .708-.707-.293-.293h-.415v1ZM0 285.042l-.707-.708-.293.293v.415h1Zm0 156.917h-1v1h1v-1Zm156.917-.001v1h.414l.293-.292-.707-.708ZM363 235.876l.707-.708-.707-.707-.707.707.707.708Zm206.083 206.082-.707.708.293.292h.414v-1Zm156.917.001v1h1v-1h-1Zm0-156.917h1v-.415l-.293-.293-.707.708ZM284.542 1.5h156.916v-2H284.542v2ZM.707 285.749 285.25 1.207l-1.414-1.414L-.707 284.334l1.414 1.415ZM1 441.959V285.042h-2v156.917h2Zm155.917-1.001L0 440.959v2l156.917-.001v-2Zm205.376-205.79L156.21 441.251l1.414 1.415 206.083-206.083-1.414-1.415Zm0 1.415 206.083 206.083 1.414-1.415-206.083-206.083-1.414 1.415Zm206.79 206.375 156.917.001v-2l-156.917-.001v2ZM727 441.959V285.042h-2v156.917h2Zm-.293-157.625L442.166-.206l-1.415 1.413L725.293 285.75l1.414-1.415Z\" fill=\"#5B728B\" mask=\"url(#path-1-inside-1_1_2)\"\/><\/g><\/svg>\t<\/div>\n\t<img fetchpriority=\"high\" decoding=\"async\" width=\"1440\" height=\"480\" src=\"https:\/\/eqsk4m2dkju.exactdn.com\/app\/uploads\/sites\/11\/2023\/09\/Trajnost-pc-1440x480.webp?strip=all&amp;quality=92&amp;webp=92&amp;avif=80&amp;sharp=1\" class=\"wp-block-rental-theme-header__image wp-block-rental-theme-header__image--desktop\" alt=\"\" loading=\"eager\" srcset=\"https:\/\/eqsk4m2dkju.exactdn.com\/app\/uploads\/sites\/11\/2023\/09\/Trajnost-pc-1440x480.webp?strip=all&amp;quality=92&amp;webp=92&amp;avif=80&amp;sharp=1 1440w, https:\/\/eqsk4m2dkju.exactdn.com\/app\/uploads\/sites\/11\/2023\/09\/Trajnost-pc-830x277.webp?strip=all&amp;quality=92&amp;webp=92&amp;avif=80&amp;sharp=1 830w, https:\/\/eqsk4m2dkju.exactdn.com\/app\/uploads\/sites\/11\/2023\/09\/Trajnost-pc-300x100.webp?strip=all&amp;quality=92&amp;webp=92&amp;avif=80&amp;sharp=1 300w, https:\/\/eqsk4m2dkju.exactdn.com\/app\/uploads\/sites\/11\/2023\/09\/Trajnost-pc-768x256.webp?strip=all&amp;quality=92&amp;webp=92&amp;avif=80&amp;sharp=1 768w, https:\/\/eqsk4m2dkju.exactdn.com\/app\/uploads\/sites\/11\/2023\/09\/Trajnost-pc-1024x341.webp?strip=all&amp;quality=92&amp;webp=92&amp;avif=80&amp;sharp=1 1024w, https:\/\/eqsk4m2dkju.exactdn.com\/app\/uploads\/sites\/11\/2023\/09\/Trajnost-pc-1536x512.webp?strip=all&amp;quality=92&amp;webp=92&amp;avif=80&amp;sharp=1 1536w, https:\/\/eqsk4m2dkju.exactdn.com\/app\/uploads\/sites\/11\/2023\/09\/Trajnost-pc-178x59.webp?strip=all&amp;quality=92&amp;webp=92&amp;avif=80&amp;sharp=1 178w, https:\/\/eqsk4m2dkju.exactdn.com\/app\/uploads\/sites\/11\/2023\/09\/Trajnost-pc-390x130.webp?strip=all&amp;quality=92&amp;webp=92&amp;avif=80&amp;sharp=1 390w, https:\/\/eqsk4m2dkju.exactdn.com\/app\/uploads\/sites\/11\/2023\/09\/Trajnost-pc-250x83.webp?strip=all&amp;quality=92&amp;webp=92&amp;avif=80&amp;sharp=1 250w, https:\/\/eqsk4m2dkju.exactdn.com\/app\/uploads\/sites\/11\/2023\/09\/Trajnost-pc.webp?strip=all&amp;quality=92&amp;webp=92&amp;avif=80&amp;sharp=1 1920w, https:\/\/eqsk4m2dkju.exactdn.com\/app\/uploads\/sites\/11\/2023\/09\/Trajnost-pc.webp?strip=all&amp;quality=92&amp;webp=92&amp;avif=80&amp;sharp=1&amp;w=1152 1152w, https:\/\/eqsk4m2dkju.exactdn.com\/app\/uploads\/sites\/11\/2023\/09\/Trajnost-pc.webp?strip=all&amp;quality=92&amp;webp=92&amp;avif=80&amp;sharp=1&amp;w=450 450w\" sizes=\"(max-width: 1440px) 100vw, 1440px\" \/>\t\t<div class=\"container\">\n\t\t<h1 class='wp-block-rental-theme-header__title' style='position: absolute; min-height: 120px'>Odr\u017eivost<\/h1>\t<\/div>\n<\/div>\n\n\n<div class=\"container\">\n<h2 class=\"wp-block-heading has-text-align-center\" id=\"h-ljudi-planet-profit\"><strong>LJUDI &#8211; PLANET &#8211; PROFIT<\/strong><\/h2>\n<\/div>\n\n<div class=\"rental-wp-default-block rental-theme-block-default-margin\">\n\t\t\t\t\t\t\t\t<div class=\"container\">\n<div class=\"wp-block-columns is-layout-flex wp-container-core-columns-is-layout-28f84493 wp-block-columns-is-layout-flex\">\n<div class=\"wp-block-column is-layout-flow wp-block-column-is-layout-flow\" style=\"flex-basis:20%\"><\/div>\n\n\n\n<div class=\"wp-block-column is-layout-flow wp-block-column-is-layout-flow\" style=\"flex-basis:60%\">\n<p><strong>Mi u Riwalu stalno tra\u017eimo inovacije i odr\u017eiva rje\u0161enja, kod kojih su ekonomski, ekolo\u0161ki i dru\u0161tveni interesi u ravnote\u017ei s obzirom na ljude, planet i profit. Izbori se priop\u0107avaju na po\u0161ten i transparentan na\u010din svim zainteresiranim stranama.<\/strong><\/p>\n\n\n\n<p><strong>Ljudi<\/strong><\/p>\n\n\n\n<p>Na\u0161i vlastiti zaposlenici su na\u0161 najva\u017eniji resurs i stoga nastojimo voditi na\u0161e poslovanje tako da za\u0161titimo njihovo zdravlje i zajam\u010dimo sigurnost i da im osiguramo prilike za razvoj u karijeri. Mi zadovoljavamo sve relevantne zakone u pogledu nediskriminacije i transparentnosti. No ista posve\u0107enost kakvu imamo prema na\u0161im zaposlenicima prote\u017ee se i na sve druge zainteresirane strane &#8211; na\u0161e poslovne partnere, na\u0161e klijente i na\u0161e dobavlja\u010de u zajednicama u kojima radimo.&nbsp;<\/p>\n\n\n\n<p>Riwal je uvijek iskazivao vrlo \u010dvrstu predanost dru\u0161tvu i lokalnoj zajednici, prvenstveno kroz sponzorstvo. Osim promotivne vrijednosti na\u0161eg anga\u017emana, Riwal smatra va\u017enim da, kao dobar korporativni gra\u0111anin, ja\u010da lokalnu povezanost kroz sport i kulturu, kao \u0161to je na\u0161e pokroviteljstvo manifestacije Alpe d&#8217;HuZes za potporu u borbi protiv raka.<\/p>\n\n\n\n<p><strong>Planet<\/strong><\/p>\n\n\n\n<p>Mi znamo da su resursi na\u0161eg planeta ograni\u010deni, stoga se na mnogo na\u010dina trudimo smanjiti na minimum na\u0161 utjecaj na okoli\u0161. \u010cinimo sve \u0161to mo\u017eemo da smanjimo na\u0161u potro\u0161nju energije i na\u0161 otpad, recikliraju\u0107i \u0161to je vi\u0161e mogu\u0107e i prave\u0107i svjesne izbore proizvoda i postupaka koji su dobri za na\u0161 planet.<\/p>\n\n\n\n<p>Odr\u017eivost je o\u010dito va\u017ena za planet, ali je isto tako va\u017ena i za na\u0161e poslovanje. I mi \u010dvrsto vjerujemo da ona nama i na\u0161im klijentima daje kokurentsku prednost. Na primjer, kada mo\u017eemo osigurati rje\u0161enja s niskim emisijama, elektri\u010dne strojeve niske razine buke, strojeve s hibridnim pogonom niske stope CO<sub>2<\/sub>, i noviju, energetski efikasniju opremu, tada na\u0161im klijentima isporu\u010dujemo dodatnu vrijednost.<\/p>\n\n\n\n<p><strong>Profit<\/strong><\/p>\n\n\n\n<p>Odr\u017eivost je tako\u0111er pitanje dugoro\u010dnog kontinuiteta. Ako na\u0161e poslovanje ne obavljamo &#8220;odr\u017eivo&#8221;, ne\u0107emo u budu\u0107nosti biti u stanju ponuditi na\u0161im klijentima sigurna i u\u010dinkovita rje\u0161enja kojima se oslanjaju na nas. Zato stalno ocjenjujemo vlastite postupke i stalno gledamo kako da ih pobolj\u0161amo. Va\u017ean element tog procesa je&nbsp;<a><em>Riwalov stil<\/em><\/a>, koji smo usvojili da bismo isporu\u010divali dosljedno visoku kvalitetu svim na\u0161im klijentima bilo gdje u svijetu.&nbsp;<em>Riwalov stil<\/em>&nbsp;pru\u017ea na\u0161im klijentima prednosti u kvaliteti i pouzdanosti, a isto tako predstavlja metodologiju poslovanja koja jam\u010di na\u0161 vlastiti poslovni uspjeh, profitabilnost i na\u0161u budu\u0107u poslovnu odr\u017eivost \u2013 kako bismo na\u0161im partnerima jo\u0161 mnogo godina mogli nastaviti isporu\u010divati najbolje iskustvo klijenta u ovoj djelatnosti.<\/p>\n\n\n\n<p><strong>Riwalovi certifikati<\/strong><\/p>\n\n\n\n<p>U Riwalu vjerujemo u odr\u017eavanje najvi\u0161ih standarda kvalitete, sigurnosti i odr\u017eivosti. Ponosni smo \u0161to posjedujemo sljede\u0107e certifikate koji odra\u017eavaju visoku razinu koju smo postavili za svoju organizaciju.<\/p>\n\n\n\n<p><a href=\"https:\/\/www.riwal.com\/-\/media\/Croatia\/PDF_dokumenti\/ISO-45001-Croatia_281885CC9-2019-AHSO-NLD-RvA_20210128-20210128-20210202102944.pdf?la=hr-HR\">ISO 45001: 2018 &#8211; sustav upravljanja za\u0161titom zdravlja i sigurno\u0161\u0107u na radu<\/a><\/p>\n\n\n\n<p><a href=\"https:\/\/www.riwal.com\/-\/media\/Croatia\/PDF_dokumenti\/ISO-9001-CRO-2019.pdf?la=hr-HR\">ISO 9001: 2015 &#8211; sustav upravljanja kvalitetom<\/a><\/p>\n\n\n\n<p><a href=\"https:\/\/www.riwal.com\/-\/media\/Croatia\/PDF_dokumenti\/ISO-14001-CRO---Site_cert_281884CC19-2019-AE-NLD-RvA_ENG_Croatia.pdf?la=hr-HR\">ISO 14001:2015 &#8211; sustav upravljanja okoli\u0161em<\/a><\/p>\n<\/div>\n\n\n\n<div class=\"wp-block-column is-layout-flow wp-block-column-is-layout-flow\" style=\"flex-basis:20%\"><\/div>\n<\/div>\n<\/div>\n\t\t\t\t\t\t\t<\/div> ","protected":false},"excerpt":{"rendered":"<p>LJUDI &#8211; PLANET &#8211; PROFIT Mi u Riwalu stalno tra\u017eimo inovacije i odr\u017eiva rje\u0161enja, kod kojih su ekonomski, ekolo\u0161ki i dru\u0161tveni interesi u ravnote\u017ei s obzirom na ljude, planet i profit. Izbori se priop\u0107avaju na po\u0161ten i transparentan na\u010din svim zainteresiranim stranama. Ljudi Na\u0161i vlastiti zaposlenici su na\u0161 najva\u017eniji resurs i stoga nastojimo voditi na\u0161e &hellip; <a href=\"https:\/\/www.riwal.com\/hr\/o-nama\/odrzivost\/\">Nastavak<\/a><\/p>\n","protected":false},"author":45,"featured_media":0,"parent":3351,"menu_order":0,"comment_status":"closed","ping_status":"closed","template":"","meta":{"_acf_changed":false,"footnotes":""},"class_list":["post-3399","page","type-page","status-publish","hentry"],"acf":[],"yoast_head":"<!-- This site is optimized with the Yoast SEO Premium plugin v27.1 (Yoast SEO v27.1.1) - https:\/\/yoast.com\/product\/yoast-seo-premium-wordpress\/ -->\n<title>Odr\u017eivost - Riwal Hrvatska<\/title>\n<meta name=\"robots\" content=\"index, follow, max-snippet:-1, max-image-preview:large, max-video-preview:-1\" \/>\n<link rel=\"canonical\" href=\"https:\/\/www.riwal.com\/hr\/o-nama\/odrzivost\/\" \/>\n<meta property=\"og:locale\" content=\"hr_HR\" \/>\n<meta property=\"og:type\" content=\"article\" \/>\n<meta property=\"og:title\" content=\"Odr\u017eivost\" \/>\n<meta property=\"og:description\" content=\"LJUDI &#8211; PLANET &#8211; PROFIT Mi u Riwalu stalno tra\u017eimo inovacije i odr\u017eiva rje\u0161enja, kod kojih su ekonomski, ekolo\u0161ki i dru\u0161tveni interesi u ravnote\u017ei s obzirom na ljude, planet i profit. Izbori se priop\u0107avaju na po\u0161ten i transparentan na\u010din svim zainteresiranim stranama. Ljudi Na\u0161i vlastiti zaposlenici su na\u0161 najva\u017eniji resurs i stoga nastojimo voditi na\u0161e &hellip; Nastavak\" \/>\n<meta property=\"og:url\" content=\"https:\/\/www.riwal.com\/hr\/o-nama\/odrzivost\/\" \/>\n<meta property=\"og:site_name\" content=\"Riwal Hrvatska\" \/>\n<meta property=\"article:modified_time\" content=\"2024-02-03T10:34:34+00:00\" \/>\n<meta name=\"twitter:card\" content=\"summary_large_image\" \/>\n<meta name=\"twitter:label1\" content=\"Est. reading time\" \/>\n\t<meta name=\"twitter:data1\" content=\"3 minute\" \/>\n<script type=\"application\/ld+json\" class=\"yoast-schema-graph\">{\"@context\":\"https:\/\/schema.org\",\"@graph\":[{\"@type\":\"WebPage\",\"@id\":\"https:\/\/www.riwal.com\/hr\/o-nama\/odrzivost\/\",\"url\":\"https:\/\/www.riwal.com\/hr\/o-nama\/odrzivost\/\",\"name\":\"Odr\u017eivost - Riwal Hrvatska\",\"isPartOf\":{\"@id\":\"https:\/\/www.riwal.com\/hr\/#website\"},\"datePublished\":\"2023-09-18T18:24:47+00:00\",\"dateModified\":\"2024-02-03T10:34:34+00:00\",\"breadcrumb\":{\"@id\":\"https:\/\/www.riwal.com\/hr\/o-nama\/odrzivost\/#breadcrumb\"},\"inLanguage\":\"hr\",\"potentialAction\":[{\"@type\":\"ReadAction\",\"target\":[\"https:\/\/www.riwal.com\/hr\/o-nama\/odrzivost\/\"]}]},{\"@type\":\"BreadcrumbList\",\"@id\":\"https:\/\/www.riwal.com\/hr\/o-nama\/odrzivost\/#breadcrumb\",\"itemListElement\":[{\"@type\":\"ListItem\",\"position\":1,\"name\":\"Doma\",\"item\":\"https:\/\/www.riwal.com\/hr\/\"},{\"@type\":\"ListItem\",\"position\":2,\"name\":\"O nama\",\"item\":\"https:\/\/www.riwal.com\/hr\/o-nama\/\"},{\"@type\":\"ListItem\",\"position\":3,\"name\":\"Odr\u017eivost\"}]},{\"@type\":\"WebSite\",\"@id\":\"https:\/\/www.riwal.com\/hr\/#website\",\"url\":\"https:\/\/www.riwal.com\/hr\/\",\"name\":\"Riwal\",\"description\":\"Arial work platform &amp; Telehandler Rental\/Sales\",\"publisher\":{\"@id\":\"https:\/\/www.riwal.com\/hr\/#organization\"},\"potentialAction\":[{\"@type\":\"SearchAction\",\"target\":{\"@type\":\"EntryPoint\",\"urlTemplate\":\"https:\/\/www.riwal.com\/hr\/?s={search_term_string}\"},\"query-input\":{\"@type\":\"PropertyValueSpecification\",\"valueRequired\":true,\"valueName\":\"search_term_string\"}}],\"inLanguage\":\"hr\"},{\"@type\":\"Organization\",\"@id\":\"https:\/\/www.riwal.com\/hr\/#organization\",\"name\":\"Riwal\",\"url\":\"https:\/\/www.riwal.com\/hr\/\",\"logo\":{\"@type\":\"ImageObject\",\"inLanguage\":\"hr\",\"@id\":\"https:\/\/www.riwal.com\/hr\/#\/schema\/logo\/image\/\",\"url\":\"\",\"contentUrl\":\"\",\"caption\":\"Riwal\"},\"image\":{\"@id\":\"https:\/\/www.riwal.com\/hr\/#\/schema\/logo\/image\/\"}}]}<\/script>\n<!-- \/ Yoast SEO Premium plugin. -->","yoast_head_json":{"title":"Odr\u017eivost - Riwal Hrvatska","robots":{"index":"index","follow":"follow","max-snippet":"max-snippet:-1","max-image-preview":"max-image-preview:large","max-video-preview":"max-video-preview:-1"},"canonical":"https:\/\/www.riwal.com\/hr\/o-nama\/odrzivost\/","og_locale":"hr_HR","og_type":"article","og_title":"Odr\u017eivost","og_description":"LJUDI &#8211; PLANET &#8211; PROFIT Mi u Riwalu stalno tra\u017eimo inovacije i odr\u017eiva rje\u0161enja, kod kojih su ekonomski, ekolo\u0161ki i dru\u0161tveni interesi u ravnote\u017ei s obzirom na ljude, planet i profit. Izbori se priop\u0107avaju na po\u0161ten i transparentan na\u010din svim zainteresiranim stranama. Ljudi Na\u0161i vlastiti zaposlenici su na\u0161 najva\u017eniji resurs i stoga nastojimo voditi na\u0161e &hellip; Nastavak","og_url":"https:\/\/www.riwal.com\/hr\/o-nama\/odrzivost\/","og_site_name":"Riwal Hrvatska","article_modified_time":"2024-02-03T10:34:34+00:00","twitter_card":"summary_large_image","twitter_misc":{"Est. reading time":"3 minute"},"schema":{"@context":"https:\/\/schema.org","@graph":[{"@type":"WebPage","@id":"https:\/\/www.riwal.com\/hr\/o-nama\/odrzivost\/","url":"https:\/\/www.riwal.com\/hr\/o-nama\/odrzivost\/","name":"Odr\u017eivost - Riwal Hrvatska","isPartOf":{"@id":"https:\/\/www.riwal.com\/hr\/#website"},"datePublished":"2023-09-18T18:24:47+00:00","dateModified":"2024-02-03T10:34:34+00:00","breadcrumb":{"@id":"https:\/\/www.riwal.com\/hr\/o-nama\/odrzivost\/#breadcrumb"},"inLanguage":"hr","potentialAction":[{"@type":"ReadAction","target":["https:\/\/www.riwal.com\/hr\/o-nama\/odrzivost\/"]}]},{"@type":"BreadcrumbList","@id":"https:\/\/www.riwal.com\/hr\/o-nama\/odrzivost\/#breadcrumb","itemListElement":[{"@type":"ListItem","position":1,"name":"Doma","item":"https:\/\/www.riwal.com\/hr\/"},{"@type":"ListItem","position":2,"name":"O nama","item":"https:\/\/www.riwal.com\/hr\/o-nama\/"},{"@type":"ListItem","position":3,"name":"Odr\u017eivost"}]},{"@type":"WebSite","@id":"https:\/\/www.riwal.com\/hr\/#website","url":"https:\/\/www.riwal.com\/hr\/","name":"Riwal","description":"Arial work platform &amp; Telehandler Rental\/Sales","publisher":{"@id":"https:\/\/www.riwal.com\/hr\/#organization"},"potentialAction":[{"@type":"SearchAction","target":{"@type":"EntryPoint","urlTemplate":"https:\/\/www.riwal.com\/hr\/?s={search_term_string}"},"query-input":{"@type":"PropertyValueSpecification","valueRequired":true,"valueName":"search_term_string"}}],"inLanguage":"hr"},{"@type":"Organization","@id":"https:\/\/www.riwal.com\/hr\/#organization","name":"Riwal","url":"https:\/\/www.riwal.com\/hr\/","logo":{"@type":"ImageObject","inLanguage":"hr","@id":"https:\/\/www.riwal.com\/hr\/#\/schema\/logo\/image\/","url":"","contentUrl":"","caption":"Riwal"},"image":{"@id":"https:\/\/www.riwal.com\/hr\/#\/schema\/logo\/image\/"}}]}},"_links":{"self":[{"href":"https:\/\/www.riwal.com\/hr\/wp-json\/wp\/v2\/pages\/3399","targetHints":{"allow":["GET"]}}],"collection":[{"href":"https:\/\/www.riwal.com\/hr\/wp-json\/wp\/v2\/pages"}],"about":[{"href":"https:\/\/www.riwal.com\/hr\/wp-json\/wp\/v2\/types\/page"}],"author":[{"embeddable":true,"href":"https:\/\/www.riwal.com\/hr\/wp-json\/wp\/v2\/users\/45"}],"replies":[{"embeddable":true,"href":"https:\/\/www.riwal.com\/hr\/wp-json\/wp\/v2\/comments?post=3399"}],"version-history":[{"count":4,"href":"https:\/\/www.riwal.com\/hr\/wp-json\/wp\/v2\/pages\/3399\/revisions"}],"predecessor-version":[{"id":4674,"href":"https:\/\/www.riwal.com\/hr\/wp-json\/wp\/v2\/pages\/3399\/revisions\/4674"}],"up":[{"embeddable":true,"href":"https:\/\/www.riwal.com\/hr\/wp-json\/wp\/v2\/pages\/3351"}],"wp:attachment":[{"href":"https:\/\/www.riwal.com\/hr\/wp-json\/wp\/v2\/media?parent=3399"}],"curies":[{"name":"wp","href":"https:\/\/api.w.org\/{rel}","templated":true}]}}