{"id":3392,"date":"2023-09-18T18:13:03","date_gmt":"2023-09-18T18:13:03","guid":{"rendered":"https:\/\/www.riwal.com\/hr\/?page_id=3392"},"modified":"2024-02-03T10:34:38","modified_gmt":"2024-02-03T10:34:38","slug":"riwalov-stil","status":"publish","type":"page","link":"https:\/\/www.riwal.com\/hr\/o-nama\/riwalov-stil\/","title":{"rendered":"Riwalov stil"},"content":{"rendered":"\n<div class=\"wp-block-rental-theme-header\">\n\t<div class=\"wp-block-rental-theme-header__lines\">\n\t\t<svg width=\"726\" height=\"442\" viewBox=\"0 0 726 442\" fill=\"none\" xmlns=\"http:\/\/www.w3.org\/2000\/svg\"><g opacity=\".5\"><mask id=\"path-1-inside-1_1_2\" fill=\"#fff\"><path fill-rule=\"evenodd\" clip-rule=\"evenodd\" d=\"M441.458.5H284.542L0 285.042v156.917l156.917-.001L363 235.876l206.083 206.082 156.917.001V285.042L441.458.5Z\"\/><\/mask><path d=\"M284.542.5v-1h-.415l-.292.293.707.707Zm156.916 0 .708-.707-.293-.293h-.415v1ZM0 285.042l-.707-.708-.293.293v.415h1Zm0 156.917h-1v1h1v-1Zm156.917-.001v1h.414l.293-.292-.707-.708ZM363 235.876l.707-.708-.707-.707-.707.707.707.708Zm206.083 206.082-.707.708.293.292h.414v-1Zm156.917.001v1h1v-1h-1Zm0-156.917h1v-.415l-.293-.293-.707.708ZM284.542 1.5h156.916v-2H284.542v2ZM.707 285.749 285.25 1.207l-1.414-1.414L-.707 284.334l1.414 1.415ZM1 441.959V285.042h-2v156.917h2Zm155.917-1.001L0 440.959v2l156.917-.001v-2Zm205.376-205.79L156.21 441.251l1.414 1.415 206.083-206.083-1.414-1.415Zm0 1.415 206.083 206.083 1.414-1.415-206.083-206.083-1.414 1.415Zm206.79 206.375 156.917.001v-2l-156.917-.001v2ZM727 441.959V285.042h-2v156.917h2Zm-.293-157.625L442.166-.206l-1.415 1.413L725.293 285.75l1.414-1.415Z\" fill=\"#5B728B\" mask=\"url(#path-1-inside-1_1_2)\"\/><\/g><\/svg>\t\t<svg width=\"726\" height=\"442\" viewBox=\"0 0 726 442\" fill=\"none\" xmlns=\"http:\/\/www.w3.org\/2000\/svg\"><g opacity=\".5\"><mask id=\"path-1-inside-1_1_2\" fill=\"#fff\"><path fill-rule=\"evenodd\" clip-rule=\"evenodd\" d=\"M441.458.5H284.542L0 285.042v156.917l156.917-.001L363 235.876l206.083 206.082 156.917.001V285.042L441.458.5Z\"\/><\/mask><path d=\"M284.542.5v-1h-.415l-.292.293.707.707Zm156.916 0 .708-.707-.293-.293h-.415v1ZM0 285.042l-.707-.708-.293.293v.415h1Zm0 156.917h-1v1h1v-1Zm156.917-.001v1h.414l.293-.292-.707-.708ZM363 235.876l.707-.708-.707-.707-.707.707.707.708Zm206.083 206.082-.707.708.293.292h.414v-1Zm156.917.001v1h1v-1h-1Zm0-156.917h1v-.415l-.293-.293-.707.708ZM284.542 1.5h156.916v-2H284.542v2ZM.707 285.749 285.25 1.207l-1.414-1.414L-.707 284.334l1.414 1.415ZM1 441.959V285.042h-2v156.917h2Zm155.917-1.001L0 440.959v2l156.917-.001v-2Zm205.376-205.79L156.21 441.251l1.414 1.415 206.083-206.083-1.414-1.415Zm0 1.415 206.083 206.083 1.414-1.415-206.083-206.083-1.414 1.415Zm206.79 206.375 156.917.001v-2l-156.917-.001v2ZM727 441.959V285.042h-2v156.917h2Zm-.293-157.625L442.166-.206l-1.415 1.413L725.293 285.75l1.414-1.415Z\" fill=\"#5B728B\" mask=\"url(#path-1-inside-1_1_2)\"\/><\/g><\/svg>\t<\/div>\n\t<img fetchpriority=\"high\" decoding=\"async\" width=\"600\" height=\"300\" src=\"https:\/\/eqsk4m2dkju.exactdn.com\/app\/uploads\/sites\/11\/2023\/09\/The-Riwal-way-teaser-1-1.webp?strip=all&amp;quality=92&amp;webp=92&amp;avif=80&amp;sharp=1\" class=\"wp-block-rental-theme-header__image wp-block-rental-theme-header__image--desktop\" alt=\"\" loading=\"eager\" srcset=\"https:\/\/eqsk4m2dkju.exactdn.com\/app\/uploads\/sites\/11\/2023\/09\/The-Riwal-way-teaser-1-1.webp?strip=all&amp;quality=92&amp;webp=92&amp;avif=80&amp;sharp=1 600w, https:\/\/eqsk4m2dkju.exactdn.com\/app\/uploads\/sites\/11\/2023\/09\/The-Riwal-way-teaser-1-1-300x150.webp?strip=all&amp;quality=92&amp;webp=92&amp;avif=80&amp;sharp=1 300w, https:\/\/eqsk4m2dkju.exactdn.com\/app\/uploads\/sites\/11\/2023\/09\/The-Riwal-way-teaser-1-1-178x89.webp?strip=all&amp;quality=92&amp;webp=92&amp;avif=80&amp;sharp=1 178w, https:\/\/eqsk4m2dkju.exactdn.com\/app\/uploads\/sites\/11\/2023\/09\/The-Riwal-way-teaser-1-1-390x195.webp?strip=all&amp;quality=92&amp;webp=92&amp;avif=80&amp;sharp=1 390w, https:\/\/eqsk4m2dkju.exactdn.com\/app\/uploads\/sites\/11\/2023\/09\/The-Riwal-way-teaser-1-1-250x125.webp?strip=all&amp;quality=92&amp;webp=92&amp;avif=80&amp;sharp=1 250w, https:\/\/eqsk4m2dkju.exactdn.com\/app\/uploads\/sites\/11\/2023\/09\/The-Riwal-way-teaser-1-1.webp?strip=all&amp;quality=92&amp;webp=92&amp;avif=80&amp;sharp=1&amp;w=120 120w, https:\/\/eqsk4m2dkju.exactdn.com\/app\/uploads\/sites\/11\/2023\/09\/The-Riwal-way-teaser-1-1.webp?strip=all&amp;quality=92&amp;webp=92&amp;avif=80&amp;sharp=1&amp;w=480 480w\" sizes=\"(max-width: 600px) 100vw, 600px\" \/>\t\t<div class=\"container\">\n\t\t<h1 class='wp-block-rental-theme-header__title' style='position: absolute; min-height: 120px'>Riwalov stil<\/h1>\t<\/div>\n<\/div>\n\n\n<div class=\"container\">\n<h2 class=\"wp-block-heading has-text-align-center\" id=\"h-riwalov-stil\"><strong>RIWALOV STIL<\/strong><\/h2>\n<\/div>\n\n<div class=\"rental-wp-default-block rental-theme-block-default-margin\">\n\t\t\t\t\t\t\t\t<div class=\"container\">\n<div class=\"wp-block-columns is-layout-flex wp-container-core-columns-is-layout-28f84493 wp-block-columns-is-layout-flex\">\n<div class=\"wp-block-column is-layout-flow wp-block-column-is-layout-flow\" style=\"flex-basis:20%\"><\/div>\n\n\n\n<div class=\"wp-block-column is-layout-flow wp-block-column-is-layout-flow\" style=\"flex-basis:60%\">\n<p><strong>Na\u0161a je jednostavna ambicija isporu\u010diti najbolje iskustvo klijenta u ovoj djelatnosti. Ali mi znamo da je potrebno vi\u0161e od dobrih namjera da se ispuniti to obe\u0107anje. Zato smo usvojili\u00a0<em>Riwalov stil<\/em>. Zamisao\u00a0<em>Riwalovog stila<\/em>\u00a0je stvoriti standardizirane, ponovljive sustave za svaki vid na\u0161eg poslovanja, kako bi zajam\u010dili jednaku kvalitetu proizvoda i usluge sa svakim pojedinim klijentom, svaki put kada poslujemo i bilo gdje na svijetu gdje poslujemo.<\/strong><\/p>\n\n\n\n<p>Da bismo stvorili\u00a0<em>Riwalov stil<\/em>, pitali smo na\u0161e klijente \u2013 iz mnogo razli\u010ditih zemalja, koji rade u mnogo razli\u010ditih poslovnih sektora \u2013 \u0161to najvi\u0161e cijene kod nas i \u0161to im je bilo najva\u017enije kada su poslovali s nama. Mogli smo sa\u017eeti njihove odgovore u \u0161est \u201cnositelja vrijednosti\u201d u rasponu od sigurnosti \u2013 koja je svakome prioritet broj jedan \u2013 do to\u010dnosti ra\u010duna. I s tim spoznajama izgradili smo model djelovanja koji je u potpunosti usredoto\u010den na isporuku tih nositelja vrijednosti na\u0161im klijentima.<\/p>\n\n\n\n<p><strong>Dobrobiti<\/strong><\/p>\n\n\n\n<p>Dobrobiti \u2013 ta ideja o najboljem iskustvu kupca \u2013 o\u010dituju se u pove\u0107anoj produktivnosti na\u0161ih klijenata i njihovoj sposobnosti da ispo\u0161tuju krajnje rokove i sre\u017eu tro\u0161kove. One se prote\u017eu isto tako i na povjerenje koje na\u0161i klijenti imaju da se mogu osloniti na na\u0161u opremu i pozvati se na nas za podr\u0161ku. Na\u0161i klijenti znaju da u administrativnom uredu mogu zaklju\u010diti svoje transakcije s potpunom jasno\u0107om i bez glavobolje.<\/p>\n\n\n\n<p>Eto to je&nbsp;<em>Riwalov stil<\/em>. Ali kako to radi? Ono \u0161to smo radili je pa\u017eljiva analizira svih na\u0161ih &#8220;temeljnih procesa&#8221; kroz ono \u0161to nazivamo ciklus najma i onda smo to standardizirali na osnovi najbolje prakse. Nakon toga smo izradili obrazovni program kako bi svatko u kompaniji nau\u010dio&nbsp;<em>Riwalov stil<\/em>&nbsp;i provodili intenzivnu obuku na na\u0161im lokacijama da se na\u010delo&nbsp;<em>Riwalov stil<\/em>&nbsp;ugradi u na\u0161e poslovanje. I rezultat je jo\u0161 bolje iskustvo klijenta, s kra\u0107im vremenom odgovora, manje kvarova i boljom efikasno\u0161\u0107u i produktivno\u0161\u0107u za na\u0161e klijente.&nbsp;.&nbsp;<\/p>\n\n\n\n<p><strong>I dalje se pobolj\u0161avamo<\/strong><\/p>\n\n\n\n<p>Ali jo\u0161 nismo zadovoljni, i zaista nikada ne\u0107emo biti. Stalno pobolj\u0161avanje bitno je za&nbsp;<em>Riwalov stil<\/em>, dijelom zato \u0161to znamo da bez obzira koliko dobro radimo, uvijek mo\u017eemo na\u0161im klijentima pru\u017eiti vi\u0161e, a dijelom zato \u0161to znamo da konkurencija ne miruje. Stoga nastavljamo tijesno sura\u0111ivati s na\u0161im klijentima u pronala\u017eenju onoga \u0161to mo\u017eemo u\u010diniti bolje i onoga \u0161to im jo\u0161 treba. Isporu\u010diti klijentu najbolje iskustvo u ovoj djelatnosti danas, i jo\u0161 bolje iskustvo sutra.<\/p>\n<\/div>\n\n\n\n<div class=\"wp-block-column is-layout-flow wp-block-column-is-layout-flow\" style=\"flex-basis:20%\"><\/div>\n<\/div>\n<\/div>\n\t\t\t\t\t\t\t<\/div> ","protected":false},"excerpt":{"rendered":"<p>RIWALOV STIL Na\u0161a je jednostavna ambicija isporu\u010diti najbolje iskustvo klijenta u ovoj djelatnosti. Ali mi znamo da je potrebno vi\u0161e od dobrih namjera da se ispuniti to obe\u0107anje. Zato smo usvojili\u00a0Riwalov stil. Zamisao\u00a0Riwalovog stila\u00a0je stvoriti standardizirane, ponovljive sustave za svaki vid na\u0161eg poslovanja, kako bi zajam\u010dili jednaku kvalitetu proizvoda i usluge sa svakim pojedinim klijentom, &hellip; <a href=\"https:\/\/www.riwal.com\/hr\/o-nama\/riwalov-stil\/\">Nastavak<\/a><\/p>\n","protected":false},"author":45,"featured_media":0,"parent":3351,"menu_order":0,"comment_status":"closed","ping_status":"closed","template":"","meta":{"_acf_changed":false,"footnotes":""},"class_list":["post-3392","page","type-page","status-publish","hentry"],"acf":[],"yoast_head":"<!-- This site is optimized with the Yoast SEO Premium plugin v27.1 (Yoast SEO v27.1.1) - https:\/\/yoast.com\/product\/yoast-seo-premium-wordpress\/ -->\n<title>Riwalov stil - Riwal Hrvatska<\/title>\n<meta name=\"robots\" content=\"index, follow, max-snippet:-1, max-image-preview:large, max-video-preview:-1\" \/>\n<link rel=\"canonical\" href=\"https:\/\/www.riwal.com\/hr\/o-nama\/riwalov-stil\/\" \/>\n<meta property=\"og:locale\" content=\"hr_HR\" \/>\n<meta property=\"og:type\" content=\"article\" \/>\n<meta property=\"og:title\" content=\"Riwalov stil\" \/>\n<meta property=\"og:description\" content=\"RIWALOV STIL Na\u0161a je jednostavna ambicija isporu\u010diti najbolje iskustvo klijenta u ovoj djelatnosti. Ali mi znamo da je potrebno vi\u0161e od dobrih namjera da se ispuniti to obe\u0107anje. Zato smo usvojili\u00a0Riwalov stil. Zamisao\u00a0Riwalovog stila\u00a0je stvoriti standardizirane, ponovljive sustave za svaki vid na\u0161eg poslovanja, kako bi zajam\u010dili jednaku kvalitetu proizvoda i usluge sa svakim pojedinim klijentom, &hellip; Nastavak\" \/>\n<meta property=\"og:url\" content=\"https:\/\/www.riwal.com\/hr\/o-nama\/riwalov-stil\/\" \/>\n<meta property=\"og:site_name\" content=\"Riwal Hrvatska\" \/>\n<meta property=\"article:modified_time\" content=\"2024-02-03T10:34:38+00:00\" \/>\n<meta name=\"twitter:card\" content=\"summary_large_image\" \/>\n<meta name=\"twitter:label1\" content=\"Est. reading time\" \/>\n\t<meta name=\"twitter:data1\" content=\"3 minute\" \/>\n<script type=\"application\/ld+json\" class=\"yoast-schema-graph\">{\"@context\":\"https:\/\/schema.org\",\"@graph\":[{\"@type\":\"WebPage\",\"@id\":\"https:\/\/www.riwal.com\/hr\/o-nama\/riwalov-stil\/\",\"url\":\"https:\/\/www.riwal.com\/hr\/o-nama\/riwalov-stil\/\",\"name\":\"Riwalov stil - Riwal Hrvatska\",\"isPartOf\":{\"@id\":\"https:\/\/www.riwal.com\/hr\/#website\"},\"datePublished\":\"2023-09-18T18:13:03+00:00\",\"dateModified\":\"2024-02-03T10:34:38+00:00\",\"breadcrumb\":{\"@id\":\"https:\/\/www.riwal.com\/hr\/o-nama\/riwalov-stil\/#breadcrumb\"},\"inLanguage\":\"hr\",\"potentialAction\":[{\"@type\":\"ReadAction\",\"target\":[\"https:\/\/www.riwal.com\/hr\/o-nama\/riwalov-stil\/\"]}]},{\"@type\":\"BreadcrumbList\",\"@id\":\"https:\/\/www.riwal.com\/hr\/o-nama\/riwalov-stil\/#breadcrumb\",\"itemListElement\":[{\"@type\":\"ListItem\",\"position\":1,\"name\":\"Doma\",\"item\":\"https:\/\/www.riwal.com\/hr\/\"},{\"@type\":\"ListItem\",\"position\":2,\"name\":\"O nama\",\"item\":\"https:\/\/www.riwal.com\/hr\/o-nama\/\"},{\"@type\":\"ListItem\",\"position\":3,\"name\":\"Riwalov stil\"}]},{\"@type\":\"WebSite\",\"@id\":\"https:\/\/www.riwal.com\/hr\/#website\",\"url\":\"https:\/\/www.riwal.com\/hr\/\",\"name\":\"Riwal\",\"description\":\"Arial work platform &amp; Telehandler Rental\/Sales\",\"publisher\":{\"@id\":\"https:\/\/www.riwal.com\/hr\/#organization\"},\"potentialAction\":[{\"@type\":\"SearchAction\",\"target\":{\"@type\":\"EntryPoint\",\"urlTemplate\":\"https:\/\/www.riwal.com\/hr\/?s={search_term_string}\"},\"query-input\":{\"@type\":\"PropertyValueSpecification\",\"valueRequired\":true,\"valueName\":\"search_term_string\"}}],\"inLanguage\":\"hr\"},{\"@type\":\"Organization\",\"@id\":\"https:\/\/www.riwal.com\/hr\/#organization\",\"name\":\"Riwal\",\"url\":\"https:\/\/www.riwal.com\/hr\/\",\"logo\":{\"@type\":\"ImageObject\",\"inLanguage\":\"hr\",\"@id\":\"https:\/\/www.riwal.com\/hr\/#\/schema\/logo\/image\/\",\"url\":\"\",\"contentUrl\":\"\",\"caption\":\"Riwal\"},\"image\":{\"@id\":\"https:\/\/www.riwal.com\/hr\/#\/schema\/logo\/image\/\"}}]}<\/script>\n<!-- \/ Yoast SEO Premium plugin. -->","yoast_head_json":{"title":"Riwalov stil - Riwal Hrvatska","robots":{"index":"index","follow":"follow","max-snippet":"max-snippet:-1","max-image-preview":"max-image-preview:large","max-video-preview":"max-video-preview:-1"},"canonical":"https:\/\/www.riwal.com\/hr\/o-nama\/riwalov-stil\/","og_locale":"hr_HR","og_type":"article","og_title":"Riwalov stil","og_description":"RIWALOV STIL Na\u0161a je jednostavna ambicija isporu\u010diti najbolje iskustvo klijenta u ovoj djelatnosti. Ali mi znamo da je potrebno vi\u0161e od dobrih namjera da se ispuniti to obe\u0107anje. Zato smo usvojili\u00a0Riwalov stil. Zamisao\u00a0Riwalovog stila\u00a0je stvoriti standardizirane, ponovljive sustave za svaki vid na\u0161eg poslovanja, kako bi zajam\u010dili jednaku kvalitetu proizvoda i usluge sa svakim pojedinim klijentom, &hellip; Nastavak","og_url":"https:\/\/www.riwal.com\/hr\/o-nama\/riwalov-stil\/","og_site_name":"Riwal Hrvatska","article_modified_time":"2024-02-03T10:34:38+00:00","twitter_card":"summary_large_image","twitter_misc":{"Est. reading time":"3 minute"},"schema":{"@context":"https:\/\/schema.org","@graph":[{"@type":"WebPage","@id":"https:\/\/www.riwal.com\/hr\/o-nama\/riwalov-stil\/","url":"https:\/\/www.riwal.com\/hr\/o-nama\/riwalov-stil\/","name":"Riwalov stil - Riwal Hrvatska","isPartOf":{"@id":"https:\/\/www.riwal.com\/hr\/#website"},"datePublished":"2023-09-18T18:13:03+00:00","dateModified":"2024-02-03T10:34:38+00:00","breadcrumb":{"@id":"https:\/\/www.riwal.com\/hr\/o-nama\/riwalov-stil\/#breadcrumb"},"inLanguage":"hr","potentialAction":[{"@type":"ReadAction","target":["https:\/\/www.riwal.com\/hr\/o-nama\/riwalov-stil\/"]}]},{"@type":"BreadcrumbList","@id":"https:\/\/www.riwal.com\/hr\/o-nama\/riwalov-stil\/#breadcrumb","itemListElement":[{"@type":"ListItem","position":1,"name":"Doma","item":"https:\/\/www.riwal.com\/hr\/"},{"@type":"ListItem","position":2,"name":"O nama","item":"https:\/\/www.riwal.com\/hr\/o-nama\/"},{"@type":"ListItem","position":3,"name":"Riwalov stil"}]},{"@type":"WebSite","@id":"https:\/\/www.riwal.com\/hr\/#website","url":"https:\/\/www.riwal.com\/hr\/","name":"Riwal","description":"Arial work platform &amp; Telehandler Rental\/Sales","publisher":{"@id":"https:\/\/www.riwal.com\/hr\/#organization"},"potentialAction":[{"@type":"SearchAction","target":{"@type":"EntryPoint","urlTemplate":"https:\/\/www.riwal.com\/hr\/?s={search_term_string}"},"query-input":{"@type":"PropertyValueSpecification","valueRequired":true,"valueName":"search_term_string"}}],"inLanguage":"hr"},{"@type":"Organization","@id":"https:\/\/www.riwal.com\/hr\/#organization","name":"Riwal","url":"https:\/\/www.riwal.com\/hr\/","logo":{"@type":"ImageObject","inLanguage":"hr","@id":"https:\/\/www.riwal.com\/hr\/#\/schema\/logo\/image\/","url":"","contentUrl":"","caption":"Riwal"},"image":{"@id":"https:\/\/www.riwal.com\/hr\/#\/schema\/logo\/image\/"}}]}},"_links":{"self":[{"href":"https:\/\/www.riwal.com\/hr\/wp-json\/wp\/v2\/pages\/3392","targetHints":{"allow":["GET"]}}],"collection":[{"href":"https:\/\/www.riwal.com\/hr\/wp-json\/wp\/v2\/pages"}],"about":[{"href":"https:\/\/www.riwal.com\/hr\/wp-json\/wp\/v2\/types\/page"}],"author":[{"embeddable":true,"href":"https:\/\/www.riwal.com\/hr\/wp-json\/wp\/v2\/users\/45"}],"replies":[{"embeddable":true,"href":"https:\/\/www.riwal.com\/hr\/wp-json\/wp\/v2\/comments?post=3392"}],"version-history":[{"count":3,"href":"https:\/\/www.riwal.com\/hr\/wp-json\/wp\/v2\/pages\/3392\/revisions"}],"predecessor-version":[{"id":4684,"href":"https:\/\/www.riwal.com\/hr\/wp-json\/wp\/v2\/pages\/3392\/revisions\/4684"}],"up":[{"embeddable":true,"href":"https:\/\/www.riwal.com\/hr\/wp-json\/wp\/v2\/pages\/3351"}],"wp:attachment":[{"href":"https:\/\/www.riwal.com\/hr\/wp-json\/wp\/v2\/media?parent=3392"}],"curies":[{"name":"wp","href":"https:\/\/api.w.org\/{rel}","templated":true}]}}