{"id":3367,"date":"2023-09-18T08:33:24","date_gmt":"2023-09-18T08:33:24","guid":{"rendered":"https:\/\/www.riwal.com\/hr\/?page_id=3367"},"modified":"2024-02-03T10:34:39","modified_gmt":"2024-02-03T10:34:39","slug":"profil","status":"publish","type":"page","link":"https:\/\/www.riwal.com\/hr\/o-nama\/profil\/","title":{"rendered":"Profil"},"content":{"rendered":"\n<div class=\"wp-block-rental-theme-header\">\n\t<div class=\"wp-block-rental-theme-header__lines\">\n\t\t<svg width=\"726\" height=\"442\" viewBox=\"0 0 726 442\" fill=\"none\" xmlns=\"http:\/\/www.w3.org\/2000\/svg\"><g opacity=\".5\"><mask id=\"path-1-inside-1_1_2\" fill=\"#fff\"><path fill-rule=\"evenodd\" clip-rule=\"evenodd\" d=\"M441.458.5H284.542L0 285.042v156.917l156.917-.001L363 235.876l206.083 206.082 156.917.001V285.042L441.458.5Z\"\/><\/mask><path d=\"M284.542.5v-1h-.415l-.292.293.707.707Zm156.916 0 .708-.707-.293-.293h-.415v1ZM0 285.042l-.707-.708-.293.293v.415h1Zm0 156.917h-1v1h1v-1Zm156.917-.001v1h.414l.293-.292-.707-.708ZM363 235.876l.707-.708-.707-.707-.707.707.707.708Zm206.083 206.082-.707.708.293.292h.414v-1Zm156.917.001v1h1v-1h-1Zm0-156.917h1v-.415l-.293-.293-.707.708ZM284.542 1.5h156.916v-2H284.542v2ZM.707 285.749 285.25 1.207l-1.414-1.414L-.707 284.334l1.414 1.415ZM1 441.959V285.042h-2v156.917h2Zm155.917-1.001L0 440.959v2l156.917-.001v-2Zm205.376-205.79L156.21 441.251l1.414 1.415 206.083-206.083-1.414-1.415Zm0 1.415 206.083 206.083 1.414-1.415-206.083-206.083-1.414 1.415Zm206.79 206.375 156.917.001v-2l-156.917-.001v2ZM727 441.959V285.042h-2v156.917h2Zm-.293-157.625L442.166-.206l-1.415 1.413L725.293 285.75l1.414-1.415Z\" fill=\"#5B728B\" mask=\"url(#path-1-inside-1_1_2)\"\/><\/g><\/svg>\t\t<svg width=\"726\" height=\"442\" viewBox=\"0 0 726 442\" fill=\"none\" xmlns=\"http:\/\/www.w3.org\/2000\/svg\"><g opacity=\".5\"><mask id=\"path-1-inside-1_1_2\" fill=\"#fff\"><path fill-rule=\"evenodd\" clip-rule=\"evenodd\" d=\"M441.458.5H284.542L0 285.042v156.917l156.917-.001L363 235.876l206.083 206.082 156.917.001V285.042L441.458.5Z\"\/><\/mask><path d=\"M284.542.5v-1h-.415l-.292.293.707.707Zm156.916 0 .708-.707-.293-.293h-.415v1ZM0 285.042l-.707-.708-.293.293v.415h1Zm0 156.917h-1v1h1v-1Zm156.917-.001v1h.414l.293-.292-.707-.708ZM363 235.876l.707-.708-.707-.707-.707.707.707.708Zm206.083 206.082-.707.708.293.292h.414v-1Zm156.917.001v1h1v-1h-1Zm0-156.917h1v-.415l-.293-.293-.707.708ZM284.542 1.5h156.916v-2H284.542v2ZM.707 285.749 285.25 1.207l-1.414-1.414L-.707 284.334l1.414 1.415ZM1 441.959V285.042h-2v156.917h2Zm155.917-1.001L0 440.959v2l156.917-.001v-2Zm205.376-205.79L156.21 441.251l1.414 1.415 206.083-206.083-1.414-1.415Zm0 1.415 206.083 206.083 1.414-1.415-206.083-206.083-1.414 1.415Zm206.79 206.375 156.917.001v-2l-156.917-.001v2ZM727 441.959V285.042h-2v156.917h2Zm-.293-157.625L442.166-.206l-1.415 1.413L725.293 285.75l1.414-1.415Z\" fill=\"#5B728B\" mask=\"url(#path-1-inside-1_1_2)\"\/><\/g><\/svg>\t<\/div>\n\t<img fetchpriority=\"high\" decoding=\"async\" width=\"1440\" height=\"480\" src=\"https:\/\/eqsk4m2dkju.exactdn.com\/app\/uploads\/sites\/11\/2023\/09\/Profil-pc-1440x480.webp?strip=all&amp;quality=92&amp;webp=92&amp;avif=80&amp;sharp=1\" class=\"wp-block-rental-theme-header__image wp-block-rental-theme-header__image--desktop\" alt=\"\" loading=\"eager\" srcset=\"https:\/\/eqsk4m2dkju.exactdn.com\/app\/uploads\/sites\/11\/2023\/09\/Profil-pc-1440x480.webp?strip=all&amp;quality=92&amp;webp=92&amp;avif=80&amp;sharp=1 1440w, https:\/\/eqsk4m2dkju.exactdn.com\/app\/uploads\/sites\/11\/2023\/09\/Profil-pc-830x277.webp?strip=all&amp;quality=92&amp;webp=92&amp;avif=80&amp;sharp=1 830w, https:\/\/eqsk4m2dkju.exactdn.com\/app\/uploads\/sites\/11\/2023\/09\/Profil-pc-300x100.webp?strip=all&amp;quality=92&amp;webp=92&amp;avif=80&amp;sharp=1 300w, https:\/\/eqsk4m2dkju.exactdn.com\/app\/uploads\/sites\/11\/2023\/09\/Profil-pc-768x256.webp?strip=all&amp;quality=92&amp;webp=92&amp;avif=80&amp;sharp=1 768w, https:\/\/eqsk4m2dkju.exactdn.com\/app\/uploads\/sites\/11\/2023\/09\/Profil-pc-1024x341.webp?strip=all&amp;quality=92&amp;webp=92&amp;avif=80&amp;sharp=1 1024w, https:\/\/eqsk4m2dkju.exactdn.com\/app\/uploads\/sites\/11\/2023\/09\/Profil-pc-1536x512.webp?strip=all&amp;quality=92&amp;webp=92&amp;avif=80&amp;sharp=1 1536w, https:\/\/eqsk4m2dkju.exactdn.com\/app\/uploads\/sites\/11\/2023\/09\/Profil-pc-178x59.webp?strip=all&amp;quality=92&amp;webp=92&amp;avif=80&amp;sharp=1 178w, https:\/\/eqsk4m2dkju.exactdn.com\/app\/uploads\/sites\/11\/2023\/09\/Profil-pc-390x130.webp?strip=all&amp;quality=92&amp;webp=92&amp;avif=80&amp;sharp=1 390w, https:\/\/eqsk4m2dkju.exactdn.com\/app\/uploads\/sites\/11\/2023\/09\/Profil-pc-250x83.webp?strip=all&amp;quality=92&amp;webp=92&amp;avif=80&amp;sharp=1 250w, https:\/\/eqsk4m2dkju.exactdn.com\/app\/uploads\/sites\/11\/2023\/09\/Profil-pc.webp?strip=all&amp;quality=92&amp;webp=92&amp;avif=80&amp;sharp=1 1920w, https:\/\/eqsk4m2dkju.exactdn.com\/app\/uploads\/sites\/11\/2023\/09\/Profil-pc.webp?strip=all&amp;quality=92&amp;webp=92&amp;avif=80&amp;sharp=1&amp;w=1152 1152w, https:\/\/eqsk4m2dkju.exactdn.com\/app\/uploads\/sites\/11\/2023\/09\/Profil-pc.webp?strip=all&amp;quality=92&amp;webp=92&amp;avif=80&amp;sharp=1&amp;w=450 450w\" sizes=\"(max-width: 1440px) 100vw, 1440px\" \/>\t\t<div class=\"container\">\n\t\t<h1 class='wp-block-rental-theme-header__title' style='position: absolute; min-height: 120px'>Profil<\/h1>\t<\/div>\n<\/div>\n\n\n<div class=\"container\">\n<h2 class=\"wp-block-heading has-text-align-center\" id=\"h-tko-smo-mi\"><strong>TKO SMO MI<\/strong><\/h2>\n<\/div>\n\n<div class=\"rental-wp-default-block rental-theme-block-default-margin\">\n\t\t\t\t\t\t\t\t<div class=\"container\">\n<div class=\"wp-block-columns is-layout-flex wp-container-core-columns-is-layout-28f84493 wp-block-columns-is-layout-flex\">\n<div class=\"wp-block-column is-layout-flow wp-block-column-is-layout-flow\" style=\"flex-basis:20%\"><\/div>\n\n\n\n<div class=\"wp-block-column is-layout-flow wp-block-column-is-layout-flow\" style=\"flex-basis:60%\">\n<p><strong>Neke kompanije nastoje biti sve svim ljudima. Riwal ne. Mi smo posve svjesno izabrali specijalizaciju u jednom vrlo specifi\u010dnom podru\u010dju \u2013 \u201celektri\u010dna oprema za pristup na visini\u201d, pod time mislimo na zra\u010dne radne platforme, teleskopske vili\u010dare i vili\u010dare na kamionima. Sveukupno imamo flotu od oko 20.000 jedinica. Iskreno vjerujemo da tako jednostrano usmjereni mo\u017eemo isporu\u010diti vrhunsku uslugu na\u0161im klijentima i da ta vrhunska usluga donosi na\u0161im klijentima sigurnost, u\u010dinkovitost i profitabilnost.<\/strong><\/p>\n\n\n\n<p><strong>Rje\u0161enja za rad na visini<\/strong><\/p>\n\n\n\n<p>Ukratko, mi pru\u017eamo rje\u0161enja za radove na visini i u poslovanju osiguravamo da ih na\u0161 klijent mo\u017ee obaviti sigurno i produktivno. Prevladavaju\u0107u ve\u0107inu na\u0161eg poslovanja \u010dini iznajmljivanje, pra\u0107eno dodatnim uslugama kao \u0161to je obuka koju osiguravamo korisnicima iznajmljene opreme.<\/p>\n\n\n\n<p><strong>Prodaja<\/strong><\/p>\n\n\n\n<p>Osim toga, prodajemo kvalitetnu opremu za radove na visini od mnogih vode\u0107ih poznatih proizvo\u0111a\u010da. Mi smo slu\u017ebeni zastupnik za JLG, Genie, Holland Lift i Teupen u odabranim zemljama. Tako\u0111er prodajemo visoko kvalitetnu rabljenu opremu izravno iz na\u0161e flote za iznajmljivanje.<\/p>\n\n\n\n<p><strong>Sigurnost i odr\u017eivost<\/strong><strong><\/strong>Sigurnost je na\u0161 najvi\u0161i prioritet. Zra\u010dne radne platforme su siguran na\u010din rada na visini, a da bi bili sigurni da se na\u0161om opremom rukuje na najsigurniji mogu\u0107i na\u010din \u010desto nudimo obuku i iz podru\u010dja rukovanja i iz sigurnosti. Tako\u0111er vjerujemo da je najam elektri\u010dnih pristupnih platformi odr\u017eivo rje\u0161enje &#8211; za okoli\u0161, ali jo\u0161 vi\u0161e za dugoro\u010dni poslovni uspjeh na\u0161ih klijenata. Klijenti ne trebaju na svojim radili\u0161tima posjedovati, skladi\u0161titi i odr\u017eavati opremu koju koriste samo povremeno, niti trebaju odr\u017eavati vlastitu ekspertizu i preglede koje mi pru\u017eamo kao specijalisti. Oni dobivaju najsuvremeniju opremu i mogu se usredoto\u010diti na svoje osnovno poslovanje umjesto da tro\u0161e vrijedne resurse na ono \u0161to im nije u sredi\u0161tu interesa.<\/p>\n\n\n\n<p><strong>Internacionalno<\/strong><\/p>\n\n\n\n<p>Riwal posluje po cijeloj Europi i Srednjem Istoku, te Indiji i Kazahstanu. S mre\u017eom partnera, mo\u017eemo podr\u017eati aktivnosti u gotovo svakoj zemlji kroz na\u0161 me\u0111unarodni odjel&nbsp;<a>International Rentals<\/a>, bez obzira imamo li na terenu na\u0161e vlastite snage ili ne. Malo je kompanija koje se mogu mjeriti s na\u0161im me\u0111unarodnim dosegom.<\/p>\n\n\n\n<p><strong>Posluj globalno, djeluj lokalno<\/strong><\/p>\n\n\n\n<p>Mo\u017eemo imati globalnu prisutnost, ali nismo izgubili iz vida va\u017enost rada jedan-na-jedan s na\u0161im lokalnim klijentima. Za nas je svaka transakcija je osobna. Blisko sura\u0111ujemo s na\u0161im klijentima da se utvrdi to\u010dno koja vrsta opreme im je potrebna, i \u0161to drugo jo\u0161 mogu tra\u017eiti u smislu obuke i usluge. S malim timovima koji rade iz gotovo 75 na\u0161ih skladi\u0161ta diljem svijeta, u pravilu smo blizu klijentu, i doslovno i figurativno. Mi smatramo da je ono \u0161to nam omogu\u0107ava da brzo i pouzdano odgovorimo na zahtjeve, a smatramo da se to tako\u0111er odra\u017eava u odnosima, da smo to uspostavili s na\u0161im klijentima na temelju uzajamnog interesa, me\u0111usobnog po\u0161tovanja i povjerenja.<\/p>\n<\/div>\n\n\n\n<div class=\"wp-block-column is-layout-flow wp-block-column-is-layout-flow\" style=\"flex-basis:20%\"><\/div>\n<\/div>\n<\/div>\n\t\t\t\t\t\t\t<\/div> ","protected":false},"excerpt":{"rendered":"<p>TKO SMO MI Neke kompanije nastoje biti sve svim ljudima. Riwal ne. Mi smo posve svjesno izabrali specijalizaciju u jednom vrlo specifi\u010dnom podru\u010dju \u2013 \u201celektri\u010dna oprema za pristup na visini\u201d, pod time mislimo na zra\u010dne radne platforme, teleskopske vili\u010dare i vili\u010dare na kamionima. Sveukupno imamo flotu od oko 20.000 jedinica. Iskreno vjerujemo da tako jednostrano &hellip; <a href=\"https:\/\/www.riwal.com\/hr\/o-nama\/profil\/\">Nastavak<\/a><\/p>\n","protected":false},"author":45,"featured_media":0,"parent":3351,"menu_order":0,"comment_status":"closed","ping_status":"closed","template":"","meta":{"_acf_changed":false,"footnotes":""},"class_list":["post-3367","page","type-page","status-publish","hentry"],"acf":[],"yoast_head":"<!-- This site is optimized with the Yoast SEO Premium plugin v27.1 (Yoast SEO v27.1.1) - https:\/\/yoast.com\/product\/yoast-seo-premium-wordpress\/ -->\n<title>Profil - Riwal Hrvatska<\/title>\n<meta name=\"robots\" content=\"index, follow, max-snippet:-1, max-image-preview:large, max-video-preview:-1\" \/>\n<link rel=\"canonical\" href=\"https:\/\/www.riwal.com\/hr\/o-nama\/profil\/\" \/>\n<meta property=\"og:locale\" content=\"hr_HR\" \/>\n<meta property=\"og:type\" content=\"article\" \/>\n<meta property=\"og:title\" content=\"Profil\" \/>\n<meta property=\"og:description\" content=\"TKO SMO MI Neke kompanije nastoje biti sve svim ljudima. Riwal ne. Mi smo posve svjesno izabrali specijalizaciju u jednom vrlo specifi\u010dnom podru\u010dju \u2013 \u201celektri\u010dna oprema za pristup na visini\u201d, pod time mislimo na zra\u010dne radne platforme, teleskopske vili\u010dare i vili\u010dare na kamionima. Sveukupno imamo flotu od oko 20.000 jedinica. Iskreno vjerujemo da tako jednostrano &hellip; Nastavak\" \/>\n<meta property=\"og:url\" content=\"https:\/\/www.riwal.com\/hr\/o-nama\/profil\/\" \/>\n<meta property=\"og:site_name\" content=\"Riwal Hrvatska\" \/>\n<meta property=\"article:modified_time\" content=\"2024-02-03T10:34:39+00:00\" \/>\n<meta name=\"twitter:card\" content=\"summary_large_image\" \/>\n<meta name=\"twitter:label1\" content=\"Est. reading time\" \/>\n\t<meta name=\"twitter:data1\" content=\"3 minute\" \/>\n<script type=\"application\/ld+json\" class=\"yoast-schema-graph\">{\"@context\":\"https:\/\/schema.org\",\"@graph\":[{\"@type\":\"WebPage\",\"@id\":\"https:\/\/www.riwal.com\/hr\/o-nama\/profil\/\",\"url\":\"https:\/\/www.riwal.com\/hr\/o-nama\/profil\/\",\"name\":\"Profil - Riwal Hrvatska\",\"isPartOf\":{\"@id\":\"https:\/\/www.riwal.com\/hr\/#website\"},\"datePublished\":\"2023-09-18T08:33:24+00:00\",\"dateModified\":\"2024-02-03T10:34:39+00:00\",\"breadcrumb\":{\"@id\":\"https:\/\/www.riwal.com\/hr\/o-nama\/profil\/#breadcrumb\"},\"inLanguage\":\"hr\",\"potentialAction\":[{\"@type\":\"ReadAction\",\"target\":[\"https:\/\/www.riwal.com\/hr\/o-nama\/profil\/\"]}]},{\"@type\":\"BreadcrumbList\",\"@id\":\"https:\/\/www.riwal.com\/hr\/o-nama\/profil\/#breadcrumb\",\"itemListElement\":[{\"@type\":\"ListItem\",\"position\":1,\"name\":\"Doma\",\"item\":\"https:\/\/www.riwal.com\/hr\/\"},{\"@type\":\"ListItem\",\"position\":2,\"name\":\"O nama\",\"item\":\"https:\/\/www.riwal.com\/hr\/o-nama\/\"},{\"@type\":\"ListItem\",\"position\":3,\"name\":\"Profil\"}]},{\"@type\":\"WebSite\",\"@id\":\"https:\/\/www.riwal.com\/hr\/#website\",\"url\":\"https:\/\/www.riwal.com\/hr\/\",\"name\":\"Riwal\",\"description\":\"Arial work platform &amp; Telehandler Rental\/Sales\",\"publisher\":{\"@id\":\"https:\/\/www.riwal.com\/hr\/#organization\"},\"potentialAction\":[{\"@type\":\"SearchAction\",\"target\":{\"@type\":\"EntryPoint\",\"urlTemplate\":\"https:\/\/www.riwal.com\/hr\/?s={search_term_string}\"},\"query-input\":{\"@type\":\"PropertyValueSpecification\",\"valueRequired\":true,\"valueName\":\"search_term_string\"}}],\"inLanguage\":\"hr\"},{\"@type\":\"Organization\",\"@id\":\"https:\/\/www.riwal.com\/hr\/#organization\",\"name\":\"Riwal\",\"url\":\"https:\/\/www.riwal.com\/hr\/\",\"logo\":{\"@type\":\"ImageObject\",\"inLanguage\":\"hr\",\"@id\":\"https:\/\/www.riwal.com\/hr\/#\/schema\/logo\/image\/\",\"url\":\"\",\"contentUrl\":\"\",\"caption\":\"Riwal\"},\"image\":{\"@id\":\"https:\/\/www.riwal.com\/hr\/#\/schema\/logo\/image\/\"}}]}<\/script>\n<!-- \/ Yoast SEO Premium plugin. -->","yoast_head_json":{"title":"Profil - Riwal Hrvatska","robots":{"index":"index","follow":"follow","max-snippet":"max-snippet:-1","max-image-preview":"max-image-preview:large","max-video-preview":"max-video-preview:-1"},"canonical":"https:\/\/www.riwal.com\/hr\/o-nama\/profil\/","og_locale":"hr_HR","og_type":"article","og_title":"Profil","og_description":"TKO SMO MI Neke kompanije nastoje biti sve svim ljudima. Riwal ne. Mi smo posve svjesno izabrali specijalizaciju u jednom vrlo specifi\u010dnom podru\u010dju \u2013 \u201celektri\u010dna oprema za pristup na visini\u201d, pod time mislimo na zra\u010dne radne platforme, teleskopske vili\u010dare i vili\u010dare na kamionima. Sveukupno imamo flotu od oko 20.000 jedinica. Iskreno vjerujemo da tako jednostrano &hellip; Nastavak","og_url":"https:\/\/www.riwal.com\/hr\/o-nama\/profil\/","og_site_name":"Riwal Hrvatska","article_modified_time":"2024-02-03T10:34:39+00:00","twitter_card":"summary_large_image","twitter_misc":{"Est. reading time":"3 minute"},"schema":{"@context":"https:\/\/schema.org","@graph":[{"@type":"WebPage","@id":"https:\/\/www.riwal.com\/hr\/o-nama\/profil\/","url":"https:\/\/www.riwal.com\/hr\/o-nama\/profil\/","name":"Profil - Riwal Hrvatska","isPartOf":{"@id":"https:\/\/www.riwal.com\/hr\/#website"},"datePublished":"2023-09-18T08:33:24+00:00","dateModified":"2024-02-03T10:34:39+00:00","breadcrumb":{"@id":"https:\/\/www.riwal.com\/hr\/o-nama\/profil\/#breadcrumb"},"inLanguage":"hr","potentialAction":[{"@type":"ReadAction","target":["https:\/\/www.riwal.com\/hr\/o-nama\/profil\/"]}]},{"@type":"BreadcrumbList","@id":"https:\/\/www.riwal.com\/hr\/o-nama\/profil\/#breadcrumb","itemListElement":[{"@type":"ListItem","position":1,"name":"Doma","item":"https:\/\/www.riwal.com\/hr\/"},{"@type":"ListItem","position":2,"name":"O nama","item":"https:\/\/www.riwal.com\/hr\/o-nama\/"},{"@type":"ListItem","position":3,"name":"Profil"}]},{"@type":"WebSite","@id":"https:\/\/www.riwal.com\/hr\/#website","url":"https:\/\/www.riwal.com\/hr\/","name":"Riwal","description":"Arial work platform &amp; Telehandler Rental\/Sales","publisher":{"@id":"https:\/\/www.riwal.com\/hr\/#organization"},"potentialAction":[{"@type":"SearchAction","target":{"@type":"EntryPoint","urlTemplate":"https:\/\/www.riwal.com\/hr\/?s={search_term_string}"},"query-input":{"@type":"PropertyValueSpecification","valueRequired":true,"valueName":"search_term_string"}}],"inLanguage":"hr"},{"@type":"Organization","@id":"https:\/\/www.riwal.com\/hr\/#organization","name":"Riwal","url":"https:\/\/www.riwal.com\/hr\/","logo":{"@type":"ImageObject","inLanguage":"hr","@id":"https:\/\/www.riwal.com\/hr\/#\/schema\/logo\/image\/","url":"","contentUrl":"","caption":"Riwal"},"image":{"@id":"https:\/\/www.riwal.com\/hr\/#\/schema\/logo\/image\/"}}]}},"_links":{"self":[{"href":"https:\/\/www.riwal.com\/hr\/wp-json\/wp\/v2\/pages\/3367","targetHints":{"allow":["GET"]}}],"collection":[{"href":"https:\/\/www.riwal.com\/hr\/wp-json\/wp\/v2\/pages"}],"about":[{"href":"https:\/\/www.riwal.com\/hr\/wp-json\/wp\/v2\/types\/page"}],"author":[{"embeddable":true,"href":"https:\/\/www.riwal.com\/hr\/wp-json\/wp\/v2\/users\/45"}],"replies":[{"embeddable":true,"href":"https:\/\/www.riwal.com\/hr\/wp-json\/wp\/v2\/comments?post=3367"}],"version-history":[{"count":3,"href":"https:\/\/www.riwal.com\/hr\/wp-json\/wp\/v2\/pages\/3367\/revisions"}],"predecessor-version":[{"id":4686,"href":"https:\/\/www.riwal.com\/hr\/wp-json\/wp\/v2\/pages\/3367\/revisions\/4686"}],"up":[{"embeddable":true,"href":"https:\/\/www.riwal.com\/hr\/wp-json\/wp\/v2\/pages\/3351"}],"wp:attachment":[{"href":"https:\/\/www.riwal.com\/hr\/wp-json\/wp\/v2\/media?parent=3367"}],"curies":[{"name":"wp","href":"https:\/\/api.w.org\/{rel}","templated":true}]}}