{"id":3351,"date":"2023-09-18T08:21:19","date_gmt":"2023-09-18T08:21:19","guid":{"rendered":"https:\/\/www.riwal.com\/hr\/?page_id=3351"},"modified":"2025-12-15T15:17:02","modified_gmt":"2025-12-15T14:17:02","slug":"o-nama","status":"publish","type":"page","link":"https:\/\/www.riwal.com\/hr\/o-nama\/","title":{"rendered":"O nama"},"content":{"rendered":"<div class=\"rental-wp-default-block rental-theme-block-default-margin\">\n\t\t\t\t\t\t\t\t<div class=\"container\">\n<div class=\"wp-block-columns is-layout-flex wp-container-core-columns-is-layout-28f84493 wp-block-columns-is-layout-flex\">\n<div class=\"wp-block-column is-layout-flow wp-block-column-is-layout-flow\" style=\"flex-basis:33.33%\">\n<h2 class=\"wp-block-heading\" id=\"h-rad-na-visini-s-riwalom\">Rad na visini s Riwalom<\/h2>\n<\/div>\n\n\n\n<div class=\"wp-block-column is-layout-flow wp-block-column-is-layout-flow\" style=\"flex-basis:66.66%\">\n<p>Riwal je od 1968. godine specijalist za siguran i u\u010dinkovit rad na visini. S vi\u0161e od 55 godina iskustva i dubinskim znanjem o podiznim, radnim, \u0161karastim I teleskopskim platformama i vili\u010darima svakodnevno podr\u017eavamo klijente u graditeljstvu, industriji i logistici. Od 2024. godine Riwal je dio <a href=\"https:\/\/www.boels.com\/hr-hr\">Boels Rentala<\/a>. Zajedno imamo jedan od najmodernijih i najodr\u017eivijih voznih parkova radnih platformi u Europi, od kojih je vi\u0161e od 60% elektro ili hibrid. Time omogu\u0107ujemo pouzdana, budu\u0107nosti prilago\u0111ena rje\u0161enja za svaki projekt.<\/p>\n\n\n\n<p>Na\u0161a snaga nije samo u najmu strojeva, ve\u0107 i u dodatnim uslugama, stru\u010dnom savjetovanju, profesionalnim sigurnosnim obukama i pametnim rje\u0161enjima po mjeri. Zahvaljuju\u0107i sna\u017enoj me\u0111unarodnoj mre\u017ei i predanom timu stru\u010dnjaka osiguravamo brzu dostupnost, osobnu uslugu i maksimalnu operativnost na svakom radili\u0161tu. Tako va\u0161 rad na visini uvijek ostaje u pokretu.<\/p>\n<\/div>\n<\/div>\n<\/div>\n\t\t\t\t\t\t\t<\/div> ","protected":false},"excerpt":{"rendered":"<p>Rad na visini s Riwalom Riwal je od 1968. godine specijalist za siguran i u\u010dinkovit rad na visini. S vi\u0161e od 55 godina iskustva i dubinskim znanjem o podiznim, radnim, \u0161karastim I teleskopskim platformama i vili\u010darima svakodnevno podr\u017eavamo klijente u graditeljstvu, industriji i logistici. Od 2024. godine Riwal je dio Boels Rentala. Zajedno imamo jedan &hellip; <a href=\"https:\/\/www.riwal.com\/hr\/o-nama\/\">Nastavak<\/a><\/p>\n","protected":false},"author":45,"featured_media":0,"parent":0,"menu_order":0,"comment_status":"closed","ping_status":"closed","template":"","meta":{"_acf_changed":false,"footnotes":""},"class_list":["post-3351","page","type-page","status-publish","hentry"],"acf":[],"yoast_head":"<!-- This site is optimized with the Yoast SEO Premium plugin v27.1 (Yoast SEO v27.1.1) - https:\/\/yoast.com\/product\/yoast-seo-premium-wordpress\/ -->\n<title>O nama - Riwal Hrvatska<\/title>\n<meta name=\"description\" content=\"Tijekom godina, Riwal je izrastao u najve\u0107eg stru\u010dnjaka na podru\u010dju sigurnog i u\u010dinkovitog rada na visini u 16 razli\u010ditih zemalja. Kontinuiranim ulaganjem u ljude, kvalitetu i inovativnost, Riwal je postao vode\u0107i me\u0111unarodni igra\u010d.\" \/>\n<meta name=\"robots\" content=\"index, follow, max-snippet:-1, max-image-preview:large, max-video-preview:-1\" \/>\n<link rel=\"canonical\" href=\"https:\/\/www.riwal.com\/hr\/o-nama\/\" \/>\n<meta property=\"og:locale\" content=\"hr_HR\" \/>\n<meta property=\"og:type\" content=\"article\" \/>\n<meta property=\"og:title\" content=\"O nama\" \/>\n<meta property=\"og:description\" content=\"Tijekom godina, Riwal je izrastao u najve\u0107eg stru\u010dnjaka na podru\u010dju sigurnog i u\u010dinkovitog rada na visini u 16 razli\u010ditih zemalja. Kontinuiranim ulaganjem u ljude, kvalitetu i inovativnost, Riwal je postao vode\u0107i me\u0111unarodni igra\u010d.\" \/>\n<meta property=\"og:url\" content=\"https:\/\/www.riwal.com\/hr\/o-nama\/\" \/>\n<meta property=\"og:site_name\" content=\"Riwal Hrvatska\" \/>\n<meta property=\"article:modified_time\" content=\"2025-12-15T14:17:02+00:00\" \/>\n<meta name=\"twitter:card\" content=\"summary_large_image\" \/>\n<meta name=\"twitter:label1\" content=\"Est. reading time\" \/>\n\t<meta name=\"twitter:data1\" content=\"1 minuta\" \/>\n<script type=\"application\/ld+json\" class=\"yoast-schema-graph\">{\"@context\":\"https:\/\/schema.org\",\"@graph\":[{\"@type\":\"WebPage\",\"@id\":\"https:\/\/www.riwal.com\/hr\/o-nama\/\",\"url\":\"https:\/\/www.riwal.com\/hr\/o-nama\/\",\"name\":\"O nama - Riwal Hrvatska\",\"isPartOf\":{\"@id\":\"https:\/\/www.riwal.com\/hr\/#website\"},\"datePublished\":\"2023-09-18T08:21:19+00:00\",\"dateModified\":\"2025-12-15T14:17:02+00:00\",\"description\":\"Tijekom godina, Riwal je izrastao u najve\u0107eg stru\u010dnjaka na podru\u010dju sigurnog i u\u010dinkovitog rada na visini u 16 razli\u010ditih zemalja. Kontinuiranim ulaganjem u ljude, kvalitetu i inovativnost, Riwal je postao vode\u0107i me\u0111unarodni igra\u010d.\",\"breadcrumb\":{\"@id\":\"https:\/\/www.riwal.com\/hr\/o-nama\/#breadcrumb\"},\"inLanguage\":\"hr\",\"potentialAction\":[{\"@type\":\"ReadAction\",\"target\":[\"https:\/\/www.riwal.com\/hr\/o-nama\/\"]}]},{\"@type\":\"BreadcrumbList\",\"@id\":\"https:\/\/www.riwal.com\/hr\/o-nama\/#breadcrumb\",\"itemListElement\":[{\"@type\":\"ListItem\",\"position\":1,\"name\":\"Doma\",\"item\":\"https:\/\/www.riwal.com\/hr\/\"},{\"@type\":\"ListItem\",\"position\":2,\"name\":\"O nama\"}]},{\"@type\":\"WebSite\",\"@id\":\"https:\/\/www.riwal.com\/hr\/#website\",\"url\":\"https:\/\/www.riwal.com\/hr\/\",\"name\":\"Riwal\",\"description\":\"Arial work platform &amp; Telehandler Rental\/Sales\",\"publisher\":{\"@id\":\"https:\/\/www.riwal.com\/hr\/#organization\"},\"potentialAction\":[{\"@type\":\"SearchAction\",\"target\":{\"@type\":\"EntryPoint\",\"urlTemplate\":\"https:\/\/www.riwal.com\/hr\/?s={search_term_string}\"},\"query-input\":{\"@type\":\"PropertyValueSpecification\",\"valueRequired\":true,\"valueName\":\"search_term_string\"}}],\"inLanguage\":\"hr\"},{\"@type\":\"Organization\",\"@id\":\"https:\/\/www.riwal.com\/hr\/#organization\",\"name\":\"Riwal\",\"url\":\"https:\/\/www.riwal.com\/hr\/\",\"logo\":{\"@type\":\"ImageObject\",\"inLanguage\":\"hr\",\"@id\":\"https:\/\/www.riwal.com\/hr\/#\/schema\/logo\/image\/\",\"url\":\"\",\"contentUrl\":\"\",\"caption\":\"Riwal\"},\"image\":{\"@id\":\"https:\/\/www.riwal.com\/hr\/#\/schema\/logo\/image\/\"}}]}<\/script>\n<!-- \/ Yoast SEO Premium plugin. -->","yoast_head_json":{"title":"O nama - Riwal Hrvatska","description":"Tijekom godina, Riwal je izrastao u najve\u0107eg stru\u010dnjaka na podru\u010dju sigurnog i u\u010dinkovitog rada na visini u 16 razli\u010ditih zemalja. Kontinuiranim ulaganjem u ljude, kvalitetu i inovativnost, Riwal je postao vode\u0107i me\u0111unarodni igra\u010d.","robots":{"index":"index","follow":"follow","max-snippet":"max-snippet:-1","max-image-preview":"max-image-preview:large","max-video-preview":"max-video-preview:-1"},"canonical":"https:\/\/www.riwal.com\/hr\/o-nama\/","og_locale":"hr_HR","og_type":"article","og_title":"O nama","og_description":"Tijekom godina, Riwal je izrastao u najve\u0107eg stru\u010dnjaka na podru\u010dju sigurnog i u\u010dinkovitog rada na visini u 16 razli\u010ditih zemalja. Kontinuiranim ulaganjem u ljude, kvalitetu i inovativnost, Riwal je postao vode\u0107i me\u0111unarodni igra\u010d.","og_url":"https:\/\/www.riwal.com\/hr\/o-nama\/","og_site_name":"Riwal Hrvatska","article_modified_time":"2025-12-15T14:17:02+00:00","twitter_card":"summary_large_image","twitter_misc":{"Est. reading time":"1 minuta"},"schema":{"@context":"https:\/\/schema.org","@graph":[{"@type":"WebPage","@id":"https:\/\/www.riwal.com\/hr\/o-nama\/","url":"https:\/\/www.riwal.com\/hr\/o-nama\/","name":"O nama - Riwal Hrvatska","isPartOf":{"@id":"https:\/\/www.riwal.com\/hr\/#website"},"datePublished":"2023-09-18T08:21:19+00:00","dateModified":"2025-12-15T14:17:02+00:00","description":"Tijekom godina, Riwal je izrastao u najve\u0107eg stru\u010dnjaka na podru\u010dju sigurnog i u\u010dinkovitog rada na visini u 16 razli\u010ditih zemalja. Kontinuiranim ulaganjem u ljude, kvalitetu i inovativnost, Riwal je postao vode\u0107i me\u0111unarodni igra\u010d.","breadcrumb":{"@id":"https:\/\/www.riwal.com\/hr\/o-nama\/#breadcrumb"},"inLanguage":"hr","potentialAction":[{"@type":"ReadAction","target":["https:\/\/www.riwal.com\/hr\/o-nama\/"]}]},{"@type":"BreadcrumbList","@id":"https:\/\/www.riwal.com\/hr\/o-nama\/#breadcrumb","itemListElement":[{"@type":"ListItem","position":1,"name":"Doma","item":"https:\/\/www.riwal.com\/hr\/"},{"@type":"ListItem","position":2,"name":"O nama"}]},{"@type":"WebSite","@id":"https:\/\/www.riwal.com\/hr\/#website","url":"https:\/\/www.riwal.com\/hr\/","name":"Riwal","description":"Arial work platform &amp; Telehandler Rental\/Sales","publisher":{"@id":"https:\/\/www.riwal.com\/hr\/#organization"},"potentialAction":[{"@type":"SearchAction","target":{"@type":"EntryPoint","urlTemplate":"https:\/\/www.riwal.com\/hr\/?s={search_term_string}"},"query-input":{"@type":"PropertyValueSpecification","valueRequired":true,"valueName":"search_term_string"}}],"inLanguage":"hr"},{"@type":"Organization","@id":"https:\/\/www.riwal.com\/hr\/#organization","name":"Riwal","url":"https:\/\/www.riwal.com\/hr\/","logo":{"@type":"ImageObject","inLanguage":"hr","@id":"https:\/\/www.riwal.com\/hr\/#\/schema\/logo\/image\/","url":"","contentUrl":"","caption":"Riwal"},"image":{"@id":"https:\/\/www.riwal.com\/hr\/#\/schema\/logo\/image\/"}}]}},"_links":{"self":[{"href":"https:\/\/www.riwal.com\/hr\/wp-json\/wp\/v2\/pages\/3351","targetHints":{"allow":["GET"]}}],"collection":[{"href":"https:\/\/www.riwal.com\/hr\/wp-json\/wp\/v2\/pages"}],"about":[{"href":"https:\/\/www.riwal.com\/hr\/wp-json\/wp\/v2\/types\/page"}],"author":[{"embeddable":true,"href":"https:\/\/www.riwal.com\/hr\/wp-json\/wp\/v2\/users\/45"}],"replies":[{"embeddable":true,"href":"https:\/\/www.riwal.com\/hr\/wp-json\/wp\/v2\/comments?post=3351"}],"version-history":[{"count":5,"href":"https:\/\/www.riwal.com\/hr\/wp-json\/wp\/v2\/pages\/3351\/revisions"}],"predecessor-version":[{"id":18917,"href":"https:\/\/www.riwal.com\/hr\/wp-json\/wp\/v2\/pages\/3351\/revisions\/18917"}],"wp:attachment":[{"href":"https:\/\/www.riwal.com\/hr\/wp-json\/wp\/v2\/media?parent=3351"}],"curies":[{"name":"wp","href":"https:\/\/api.w.org\/{rel}","templated":true}]}}