{"id":9013,"date":"2024-03-06T13:16:16","date_gmt":"2024-03-06T13:16:16","guid":{"rendered":"https:\/\/www.riwal.com\/fr\/?page_id=9013"},"modified":"2024-06-21T16:22:26","modified_gmt":"2024-06-21T14:22:26","slug":"chariot-telescopique-rotatif","status":"publish","type":"page","link":"https:\/\/www.riwal.com\/fr\/chariot-telescopique-rotatif\/","title":{"rendered":"Guide du chariot t\u00e9lescopique rotatif"},"content":{"rendered":"<div class=\"container\">\n<h1 class=\"wp-block-heading\" id=\"h-guide-du-chariot-telescopique-rotatif\">Guide du chariot t\u00e9lescopique rotatif<\/h1>\n<\/div>\n\n<div class=\"container\">\n<p>Le chariot t\u00e9lescopique rotatif est un chariot permettant d&rsquo;effectuer des man\u0153uvres au-dessus d&rsquo;obstacles. Cet engin t\u00e9lescopiques permet de soulever des charges importantes verticalement et horizontalement.<\/p>\n<\/div>\n\n<div class=\"container\">\n<p>Dans cet article, nous vous proposons un guide complet sur les chariot t\u00e9lescopiques rotatifs, son fonctionnement, les avantages et comment faire pour choisir au mieux son chariot t\u00e9lescopique rotatif.<\/p>\n<\/div>\n\n<div class=\"container\">\n<h2 class=\"wp-block-heading\" id=\"h-nos-chariots-telescopique-rotatif\">Nos chariots t\u00e9lescopique rotatif<\/h2>\n<\/div>\n\n<div class=\"rental-wp-default-block rental-theme-block-default-margin\">\n\t\t\t\t\t\t\t\t<div class=\"container\">\n<div class=\"wp-block-media-text is-stacked-on-mobile\"><figure class=\"wp-block-media-text__media\"><img loading=\"lazy\" decoding=\"async\" width=\"1024\" height=\"768\" src=\"https:\/\/eqsk4m2dkju.exactdn.com\/app\/uploads\/sites\/15\/2024\/02\/Chariot-rotatif-1-1024x768.png?strip=all&quality=92&webp=92&avif=80&sharp=1\" alt=\"\" class=\"wp-image-8789 size-full\" srcset=\"https:\/\/eqsk4m2dkju.exactdn.com\/app\/uploads\/sites\/15\/2024\/02\/Chariot-rotatif-1-1024x768.png?strip=all&amp;quality=92&amp;webp=92&amp;avif=80&amp;sharp=1 1024w, https:\/\/eqsk4m2dkju.exactdn.com\/app\/uploads\/sites\/15\/2024\/02\/Chariot-rotatif-1-300x225.png?strip=all&amp;quality=92&amp;webp=92&amp;avif=80&amp;sharp=1 300w, https:\/\/eqsk4m2dkju.exactdn.com\/app\/uploads\/sites\/15\/2024\/02\/Chariot-rotatif-1-768x576.png?strip=all&amp;quality=92&amp;webp=92&amp;avif=80&amp;sharp=1 768w, https:\/\/eqsk4m2dkju.exactdn.com\/app\/uploads\/sites\/15\/2024\/02\/Chariot-rotatif-1-178x134.png?strip=all&amp;quality=92&amp;webp=92&amp;avif=80&amp;sharp=1 178w, https:\/\/eqsk4m2dkju.exactdn.com\/app\/uploads\/sites\/15\/2024\/02\/Chariot-rotatif-1-390x293.png?strip=all&amp;quality=92&amp;webp=92&amp;avif=80&amp;sharp=1 390w, https:\/\/eqsk4m2dkju.exactdn.com\/app\/uploads\/sites\/15\/2024\/02\/Chariot-rotatif-1-830x623.png?strip=all&amp;quality=92&amp;webp=92&amp;avif=80&amp;sharp=1 830w, https:\/\/eqsk4m2dkju.exactdn.com\/app\/uploads\/sites\/15\/2024\/02\/Chariot-rotatif-1-250x188.png?strip=all&amp;quality=92&amp;webp=92&amp;avif=80&amp;sharp=1 250w, https:\/\/eqsk4m2dkju.exactdn.com\/app\/uploads\/sites\/15\/2024\/02\/Chariot-rotatif-1-620x465.png?strip=all&amp;quality=92&amp;webp=92&amp;avif=80&amp;sharp=1 620w, https:\/\/eqsk4m2dkju.exactdn.com\/app\/uploads\/sites\/15\/2024\/02\/Chariot-rotatif-1-237x178.png?strip=all&amp;quality=92&amp;webp=92&amp;avif=80&amp;sharp=1 237w, https:\/\/eqsk4m2dkju.exactdn.com\/app\/uploads\/sites\/15\/2024\/02\/Chariot-rotatif-1-474x356.png?strip=all&amp;quality=92&amp;webp=92&amp;avif=80&amp;sharp=1 474w, https:\/\/eqsk4m2dkju.exactdn.com\/app\/uploads\/sites\/15\/2024\/02\/Chariot-rotatif-1.png?strip=all&amp;quality=92&amp;webp=92&amp;avif=80&amp;sharp=1 1200w, https:\/\/eqsk4m2dkju.exactdn.com\/app\/uploads\/sites\/15\/2024\/02\/Chariot-rotatif-1.png?strip=all&amp;quality=92&amp;webp=92&amp;avif=80&amp;sharp=1&amp;w=960 960w\" sizes=\"auto, (max-width: 1024px) 100vw, 1024px\" \/><\/figure><div class=\"wp-block-media-text__content\">\n<h3 class=\"wp-block-heading\" id=\"h-chariot-telescopique-rotatif-23-m-diesel\">Chariot t\u00e9lescopique rotatif 23 m &#8211; diesel<\/h3>\n\n\n\n<p>Dot\u00e9 d&rsquo;un stabilisateurs pivotants, garantissant la s\u00e9curit\u00e9 et la stabilit\u00e9 des man\u0153uvre, ce chariot t\u00e9lescopique rotatif offre d&rsquo;excellentes performances techniques, avec sa capacit\u00e9 de levage de 23m. <\/p>\n<\/div><\/div>\n<\/div>\n\t\t\t\t\t\t\t<\/div> \n\n<div class=\"container\">\n<h2 class=\"wp-block-heading\" id=\"h-comment-bien-choisir-son-chariot-telescopique-rotatif\">Comment bien choisir son chariot t\u00e9lescopique rotatif<\/h2>\n<\/div>\n\n<div class=\"container\">\n<p>Riwal vous propose un large choix de chariot t\u00e9lescopique rotatif pour tous type de travaux. Nos chariot peuvent aller du 4t au 5t et de 18m de haut \u00e0 30m. Mais pour faire le bon choix vous devez pr\u00e9alablement v\u00e9rifier certains param\u00e8tres notamment : <\/p>\n<\/div>\n\n<div class=\"container\">\n<ul class=\"wp-block-list\">\n<li>La hauteur de levage minimum <\/li>\n\n\n\n<li>La capacit\u00e9 du chariot<\/li>\n\n\n\n<li>Le poids<\/li>\n\n\n\n<li>Les dimensions du chariot <\/li>\n\n\n\n<li>Les accessoires ad\u00e9quat pour la location du chariot<\/li>\n<\/ul>\n<\/div>\n\n<div class=\"rental-wp-default-block rental-theme-block-default-margin\">\n\t\t\t\t\t\t\t\t<div class=\"container\">\n<div class=\"wp-block-media-text has-media-on-the-right is-stacked-on-mobile\"><div class=\"wp-block-media-text__content\">\n<h3 class=\"wp-block-heading\" id=\"h-la-securite-avec-nos-chariots\">La s\u00e9curit\u00e9 avec nos chariots<\/h3>\n\n\n\n<ul class=\"wp-block-list\">\n<li><strong>Les consignes de s\u00e9curit\u00e9 : <\/strong>Pensez \u00e0 scanner nos <a href=\"https:\/\/www.riwal.com\/fr\/qr-code\/\">QR Code<\/a> pr\u00e9sent sur chacune de nos machines. Vous pourrez y retrouver tous les manuels d&rsquo;utilisation, fiches techniques de la machine&#8230;<\/li>\n\n\n\n<li><strong>Les \u00e9quipements de protection individuelle<\/strong> : Les op\u00e9rateuchrs doivent \u00eatre \u00e9quip\u00e9s de harnais de s\u00e9curit\u00e9, de casques, de gants et de chaussures. <\/li>\n\n\n\n<li><strong>Formations <\/strong>: Formez-vous \u00e0 l&rsquo;utilisation de la nacelle \u00e0 fl\u00e8che t\u00e9lescopique et notamment au <a href=\"https:\/\/www.riwal.com\/fr\/formation\/caces-r482\/caces-r482-cat-f-initial\/\">CACES R482 cat\u00e9gorie F.<\/a><\/li>\n<\/ul>\n<\/div><figure class=\"wp-block-media-text__media\"><img loading=\"lazy\" decoding=\"async\" width=\"768\" height=\"543\" src=\"https:\/\/eqsk4m2dkju.exactdn.com\/app\/uploads\/sites\/15\/2024\/02\/manitou-mrt1840easy-telehandler-rotating.png?strip=all&quality=92&webp=92&avif=80&sharp=1\" alt=\"Manitou Rotating Telehandler - 4.0t - 18m Diesel| Manitou MRT1840Easy Diesel\" class=\"wp-image-8485 size-full\" srcset=\"https:\/\/eqsk4m2dkju.exactdn.com\/app\/uploads\/sites\/15\/2024\/02\/manitou-mrt1840easy-telehandler-rotating.png?strip=all&amp;quality=92&amp;webp=92&amp;avif=80&amp;sharp=1 768w, https:\/\/eqsk4m2dkju.exactdn.com\/app\/uploads\/sites\/15\/2024\/02\/manitou-mrt1840easy-telehandler-rotating-300x212.png?strip=all&amp;quality=92&amp;webp=92&amp;avif=80&amp;sharp=1 300w, https:\/\/eqsk4m2dkju.exactdn.com\/app\/uploads\/sites\/15\/2024\/02\/manitou-mrt1840easy-telehandler-rotating-178x126.png?strip=all&amp;quality=92&amp;webp=92&amp;avif=80&amp;sharp=1 178w, https:\/\/eqsk4m2dkju.exactdn.com\/app\/uploads\/sites\/15\/2024\/02\/manitou-mrt1840easy-telehandler-rotating-390x276.png?strip=all&amp;quality=92&amp;webp=92&amp;avif=80&amp;sharp=1 390w, https:\/\/eqsk4m2dkju.exactdn.com\/app\/uploads\/sites\/15\/2024\/02\/manitou-mrt1840easy-telehandler-rotating-250x177.png?strip=all&amp;quality=92&amp;webp=92&amp;avif=80&amp;sharp=1 250w, https:\/\/eqsk4m2dkju.exactdn.com\/app\/uploads\/sites\/15\/2024\/02\/manitou-mrt1840easy-telehandler-rotating-620x438.png?strip=all&amp;quality=92&amp;webp=92&amp;avif=80&amp;sharp=1 620w, https:\/\/eqsk4m2dkju.exactdn.com\/app\/uploads\/sites\/15\/2024\/02\/manitou-mrt1840easy-telehandler-rotating-237x168.png?strip=all&amp;quality=92&amp;webp=92&amp;avif=80&amp;sharp=1 237w, https:\/\/eqsk4m2dkju.exactdn.com\/app\/uploads\/sites\/15\/2024\/02\/manitou-mrt1840easy-telehandler-rotating-474x335.png?strip=all&amp;quality=92&amp;webp=92&amp;avif=80&amp;sharp=1 474w\" sizes=\"auto, (max-width: 768px) 100vw, 768px\" \/><\/figure><\/div>\n<\/div>\n\t\t\t\t\t\t\t<\/div> \n\n<div class=\"rental-wp-default-block rental-theme-block-default-margin\">\n\t\t\t\t\t\t\t\t<div class=\"container\">\n<div class=\"wp-block-media-text is-stacked-on-mobile\"><figure class=\"wp-block-media-text__media\"><img loading=\"lazy\" decoding=\"async\" width=\"600\" height=\"600\" src=\"https:\/\/eqsk4m2dkju.exactdn.com\/app\/uploads\/sites\/15\/2024\/03\/Chariot-telescopique-rotatif-1.png?strip=all&quality=92&webp=92&avif=80&sharp=1\" alt=\"\" class=\"wp-image-9026 size-full\" srcset=\"https:\/\/eqsk4m2dkju.exactdn.com\/app\/uploads\/sites\/15\/2024\/03\/Chariot-telescopique-rotatif-1.png?strip=all&amp;quality=92&amp;webp=92&amp;avif=80&amp;sharp=1 600w, https:\/\/eqsk4m2dkju.exactdn.com\/app\/uploads\/sites\/15\/2024\/03\/Chariot-telescopique-rotatif-1-300x300.png?strip=all&amp;quality=92&amp;webp=92&amp;avif=80&amp;sharp=1 300w, https:\/\/eqsk4m2dkju.exactdn.com\/app\/uploads\/sites\/15\/2024\/03\/Chariot-telescopique-rotatif-1-150x150.png?strip=all&amp;quality=92&amp;webp=92&amp;avif=80&amp;sharp=1 150w, https:\/\/eqsk4m2dkju.exactdn.com\/app\/uploads\/sites\/15\/2024\/03\/Chariot-telescopique-rotatif-1-178x178.png?strip=all&amp;quality=92&amp;webp=92&amp;avif=80&amp;sharp=1 178w, https:\/\/eqsk4m2dkju.exactdn.com\/app\/uploads\/sites\/15\/2024\/03\/Chariot-telescopique-rotatif-1-390x390.png?strip=all&amp;quality=92&amp;webp=92&amp;avif=80&amp;sharp=1 390w, https:\/\/eqsk4m2dkju.exactdn.com\/app\/uploads\/sites\/15\/2024\/03\/Chariot-telescopique-rotatif-1-200x200.png?strip=all&amp;quality=92&amp;webp=92&amp;avif=80&amp;sharp=1 200w, https:\/\/eqsk4m2dkju.exactdn.com\/app\/uploads\/sites\/15\/2024\/03\/Chariot-telescopique-rotatif-1-490x490.png?strip=all&amp;quality=92&amp;webp=92&amp;avif=80&amp;sharp=1 490w, https:\/\/eqsk4m2dkju.exactdn.com\/app\/uploads\/sites\/15\/2024\/03\/Chariot-telescopique-rotatif-1-237x237.png?strip=all&amp;quality=92&amp;webp=92&amp;avif=80&amp;sharp=1 237w, https:\/\/eqsk4m2dkju.exactdn.com\/app\/uploads\/sites\/15\/2024\/03\/Chariot-telescopique-rotatif-1-474x474.png?strip=all&amp;quality=92&amp;webp=92&amp;avif=80&amp;sharp=1 474w\" sizes=\"auto, (max-width: 600px) 100vw, 600px\" \/><\/figure><div class=\"wp-block-media-text__content\">\n<h3 class=\"wp-block-heading\" id=\"h-les-differentes-parties-d-un-chariot-telescopique\">Les diff\u00e9rentes parties d&rsquo;un chariot t\u00e9lescopique <\/h3>\n<\/div><\/div>\n<\/div>\n\t\t\t\t\t\t\t<\/div> ","protected":false},"excerpt":{"rendered":"<p>Guide du chariot t\u00e9lescopique rotatif Le chariot t\u00e9lescopique rotatif est un chariot permettant d&rsquo;effectuer des man\u0153uvres au-dessus d&rsquo;obstacles. Cet engin t\u00e9lescopiques permet de soulever des charges importantes verticalement et horizontalement. Dans cet article, nous vous proposons un guide complet sur les chariot t\u00e9lescopiques rotatifs, son fonctionnement, les avantages et comment faire pour choisir au mieux &hellip; <a href=\"https:\/\/www.riwal.com\/fr\/chariot-telescopique-rotatif\/\">Voir plus<\/a><\/p>\n","protected":false},"author":51,"featured_media":0,"parent":0,"menu_order":0,"comment_status":"closed","ping_status":"closed","template":"","meta":{"_acf_changed":false,"footnotes":""},"class_list":["post-9013","page","type-page","status-publish","hentry"],"acf":[],"yoast_head":"<!-- This site is optimized with the Yoast SEO Premium plugin v27.1 (Yoast SEO v27.1.1) - https:\/\/yoast.com\/product\/yoast-seo-premium-wordpress\/ -->\n<title>Guide du chariot t\u00e9lescopique rotatif | Riwal France<\/title>\n<meta name=\"description\" content=\"Retrouvez notre guide complet du chariot t\u00e9lescopique rotatif pour faire le meilleur choix pour vos locations.\" \/>\n<meta name=\"robots\" content=\"index, follow, max-snippet:-1, max-image-preview:large, max-video-preview:-1\" \/>\n<link rel=\"canonical\" href=\"https:\/\/www.riwal.com\/fr\/chariot-telescopique-rotatif\/\" \/>\n<meta property=\"og:locale\" content=\"fr_FR\" \/>\n<meta property=\"og:type\" content=\"article\" \/>\n<meta property=\"og:title\" content=\"Guide du chariot t\u00e9lescopique rotatif\" \/>\n<meta property=\"og:description\" content=\"Retrouvez notre guide complet du chariot t\u00e9lescopique rotatif pour faire le meilleur choix pour vos locations.\" \/>\n<meta property=\"og:url\" content=\"https:\/\/www.riwal.com\/fr\/chariot-telescopique-rotatif\/\" \/>\n<meta property=\"og:site_name\" content=\"Riwal - France\" \/>\n<meta property=\"article:modified_time\" content=\"2024-06-21T14:22:26+00:00\" \/>\n<meta property=\"og:image\" content=\"https:\/\/www.riwal.com\/app\/uploads\/sites\/15\/2024\/02\/Chariot-rotatif-1-1024x768.png\" \/>\n<meta name=\"twitter:card\" content=\"summary_large_image\" \/>\n<meta name=\"twitter:label1\" content=\"Est. reading time\" \/>\n\t<meta name=\"twitter:data1\" content=\"2 minutes\" \/>\n<script type=\"application\/ld+json\" class=\"yoast-schema-graph\">{\"@context\":\"https:\/\/schema.org\",\"@graph\":[{\"@type\":\"WebPage\",\"@id\":\"https:\/\/www.riwal.com\/fr\/chariot-telescopique-rotatif\/\",\"url\":\"https:\/\/www.riwal.com\/fr\/chariot-telescopique-rotatif\/\",\"name\":\"Guide du chariot t\u00e9lescopique rotatif | Riwal France\",\"isPartOf\":{\"@id\":\"https:\/\/www.riwal.com\/fr\/#website\"},\"primaryImageOfPage\":{\"@id\":\"https:\/\/www.riwal.com\/fr\/chariot-telescopique-rotatif\/#primaryimage\"},\"image\":{\"@id\":\"https:\/\/www.riwal.com\/fr\/chariot-telescopique-rotatif\/#primaryimage\"},\"thumbnailUrl\":\"https:\/\/www.riwal.com\/app\/uploads\/sites\/15\/2024\/02\/Chariot-rotatif-1-1024x768.png\",\"datePublished\":\"2024-03-06T13:16:16+00:00\",\"dateModified\":\"2024-06-21T14:22:26+00:00\",\"description\":\"Retrouvez notre guide complet du chariot t\u00e9lescopique rotatif pour faire le meilleur choix pour vos locations.\",\"breadcrumb\":{\"@id\":\"https:\/\/www.riwal.com\/fr\/chariot-telescopique-rotatif\/#breadcrumb\"},\"inLanguage\":\"fr-FR\",\"potentialAction\":[{\"@type\":\"ReadAction\",\"target\":[\"https:\/\/www.riwal.com\/fr\/chariot-telescopique-rotatif\/\"]}]},{\"@type\":\"ImageObject\",\"inLanguage\":\"fr-FR\",\"@id\":\"https:\/\/www.riwal.com\/fr\/chariot-telescopique-rotatif\/#primaryimage\",\"url\":\"https:\/\/www.riwal.com\/app\/uploads\/sites\/15\/2024\/02\/Chariot-rotatif-1-1024x768.png\",\"contentUrl\":\"https:\/\/www.riwal.com\/app\/uploads\/sites\/15\/2024\/02\/Chariot-rotatif-1-1024x768.png\"},{\"@type\":\"BreadcrumbList\",\"@id\":\"https:\/\/www.riwal.com\/fr\/chariot-telescopique-rotatif\/#breadcrumb\",\"itemListElement\":[{\"@type\":\"ListItem\",\"position\":1,\"name\":\"Accueil\",\"item\":\"https:\/\/www.riwal.com\/fr\/\"},{\"@type\":\"ListItem\",\"position\":2,\"name\":\"Guide du chariot t\u00e9lescopique rotatif\"}]},{\"@type\":\"WebSite\",\"@id\":\"https:\/\/www.riwal.com\/fr\/#website\",\"url\":\"https:\/\/www.riwal.com\/fr\/\",\"name\":\"Riwal\",\"description\":\"Location nacelle \u00e9l\u00e9vatrice, formation CACES, vente nacelles - Riwal France\",\"publisher\":{\"@id\":\"https:\/\/www.riwal.com\/fr\/#organization\"},\"potentialAction\":[{\"@type\":\"SearchAction\",\"target\":{\"@type\":\"EntryPoint\",\"urlTemplate\":\"https:\/\/www.riwal.com\/fr\/?s={search_term_string}\"},\"query-input\":{\"@type\":\"PropertyValueSpecification\",\"valueRequired\":true,\"valueName\":\"search_term_string\"}}],\"inLanguage\":\"fr-FR\"},{\"@type\":\"Organization\",\"@id\":\"https:\/\/www.riwal.com\/fr\/#organization\",\"name\":\"Riwal\",\"url\":\"https:\/\/www.riwal.com\/fr\/\",\"logo\":{\"@type\":\"ImageObject\",\"inLanguage\":\"fr-FR\",\"@id\":\"https:\/\/www.riwal.com\/fr\/#\/schema\/logo\/image\/\",\"url\":\"\",\"contentUrl\":\"\",\"caption\":\"Riwal\"},\"image\":{\"@id\":\"https:\/\/www.riwal.com\/fr\/#\/schema\/logo\/image\/\"}}]}<\/script>\n<!-- \/ Yoast SEO Premium plugin. -->","yoast_head_json":{"title":"Guide du chariot t\u00e9lescopique rotatif | Riwal France","description":"Retrouvez notre guide complet du chariot t\u00e9lescopique rotatif pour faire le meilleur choix pour vos locations.","robots":{"index":"index","follow":"follow","max-snippet":"max-snippet:-1","max-image-preview":"max-image-preview:large","max-video-preview":"max-video-preview:-1"},"canonical":"https:\/\/www.riwal.com\/fr\/chariot-telescopique-rotatif\/","og_locale":"fr_FR","og_type":"article","og_title":"Guide du chariot t\u00e9lescopique rotatif","og_description":"Retrouvez notre guide complet du chariot t\u00e9lescopique rotatif pour faire le meilleur choix pour vos locations.","og_url":"https:\/\/www.riwal.com\/fr\/chariot-telescopique-rotatif\/","og_site_name":"Riwal - France","article_modified_time":"2024-06-21T14:22:26+00:00","og_image":[{"url":"https:\/\/www.riwal.com\/app\/uploads\/sites\/15\/2024\/02\/Chariot-rotatif-1-1024x768.png","type":"","width":"","height":""}],"twitter_card":"summary_large_image","twitter_misc":{"Est. reading time":"2 minutes"},"schema":{"@context":"https:\/\/schema.org","@graph":[{"@type":"WebPage","@id":"https:\/\/www.riwal.com\/fr\/chariot-telescopique-rotatif\/","url":"https:\/\/www.riwal.com\/fr\/chariot-telescopique-rotatif\/","name":"Guide du chariot t\u00e9lescopique rotatif | Riwal France","isPartOf":{"@id":"https:\/\/www.riwal.com\/fr\/#website"},"primaryImageOfPage":{"@id":"https:\/\/www.riwal.com\/fr\/chariot-telescopique-rotatif\/#primaryimage"},"image":{"@id":"https:\/\/www.riwal.com\/fr\/chariot-telescopique-rotatif\/#primaryimage"},"thumbnailUrl":"https:\/\/www.riwal.com\/app\/uploads\/sites\/15\/2024\/02\/Chariot-rotatif-1-1024x768.png","datePublished":"2024-03-06T13:16:16+00:00","dateModified":"2024-06-21T14:22:26+00:00","description":"Retrouvez notre guide complet du chariot t\u00e9lescopique rotatif pour faire le meilleur choix pour vos locations.","breadcrumb":{"@id":"https:\/\/www.riwal.com\/fr\/chariot-telescopique-rotatif\/#breadcrumb"},"inLanguage":"fr-FR","potentialAction":[{"@type":"ReadAction","target":["https:\/\/www.riwal.com\/fr\/chariot-telescopique-rotatif\/"]}]},{"@type":"ImageObject","inLanguage":"fr-FR","@id":"https:\/\/www.riwal.com\/fr\/chariot-telescopique-rotatif\/#primaryimage","url":"https:\/\/www.riwal.com\/app\/uploads\/sites\/15\/2024\/02\/Chariot-rotatif-1-1024x768.png","contentUrl":"https:\/\/www.riwal.com\/app\/uploads\/sites\/15\/2024\/02\/Chariot-rotatif-1-1024x768.png"},{"@type":"BreadcrumbList","@id":"https:\/\/www.riwal.com\/fr\/chariot-telescopique-rotatif\/#breadcrumb","itemListElement":[{"@type":"ListItem","position":1,"name":"Accueil","item":"https:\/\/www.riwal.com\/fr\/"},{"@type":"ListItem","position":2,"name":"Guide du chariot t\u00e9lescopique rotatif"}]},{"@type":"WebSite","@id":"https:\/\/www.riwal.com\/fr\/#website","url":"https:\/\/www.riwal.com\/fr\/","name":"Riwal","description":"Location nacelle \u00e9l\u00e9vatrice, formation CACES, vente nacelles - Riwal France","publisher":{"@id":"https:\/\/www.riwal.com\/fr\/#organization"},"potentialAction":[{"@type":"SearchAction","target":{"@type":"EntryPoint","urlTemplate":"https:\/\/www.riwal.com\/fr\/?s={search_term_string}"},"query-input":{"@type":"PropertyValueSpecification","valueRequired":true,"valueName":"search_term_string"}}],"inLanguage":"fr-FR"},{"@type":"Organization","@id":"https:\/\/www.riwal.com\/fr\/#organization","name":"Riwal","url":"https:\/\/www.riwal.com\/fr\/","logo":{"@type":"ImageObject","inLanguage":"fr-FR","@id":"https:\/\/www.riwal.com\/fr\/#\/schema\/logo\/image\/","url":"","contentUrl":"","caption":"Riwal"},"image":{"@id":"https:\/\/www.riwal.com\/fr\/#\/schema\/logo\/image\/"}}]}},"_links":{"self":[{"href":"https:\/\/www.riwal.com\/fr\/wp-json\/wp\/v2\/pages\/9013","targetHints":{"allow":["GET"]}}],"collection":[{"href":"https:\/\/www.riwal.com\/fr\/wp-json\/wp\/v2\/pages"}],"about":[{"href":"https:\/\/www.riwal.com\/fr\/wp-json\/wp\/v2\/types\/page"}],"author":[{"embeddable":true,"href":"https:\/\/www.riwal.com\/fr\/wp-json\/wp\/v2\/users\/51"}],"replies":[{"embeddable":true,"href":"https:\/\/www.riwal.com\/fr\/wp-json\/wp\/v2\/comments?post=9013"}],"version-history":[{"count":7,"href":"https:\/\/www.riwal.com\/fr\/wp-json\/wp\/v2\/pages\/9013\/revisions"}],"predecessor-version":[{"id":13798,"href":"https:\/\/www.riwal.com\/fr\/wp-json\/wp\/v2\/pages\/9013\/revisions\/13798"}],"wp:attachment":[{"href":"https:\/\/www.riwal.com\/fr\/wp-json\/wp\/v2\/media?parent=9013"}],"curies":[{"name":"wp","href":"https:\/\/api.w.org\/{rel}","templated":true}]}}