{"id":6904,"date":"2024-03-06T13:27:14","date_gmt":"2024-03-06T13:27:14","guid":{"rendered":"https:\/\/www.riwal.com\/fr\/?page_id=6904"},"modified":"2024-04-29T15:25:45","modified_gmt":"2024-04-29T13:25:45","slug":"guide-nacelle-araignee","status":"publish","type":"page","link":"https:\/\/www.riwal.com\/fr\/guide-nacelle-araignee\/","title":{"rendered":"Guide nacelle araign\u00e9e"},"content":{"rendered":"<div class=\"container\">\n<h1 class=\"wp-block-heading\" id=\"h-guide-nacelle-araignee\">Guide nacelle araign\u00e9e<\/h1>\n<\/div>\n\n<div class=\"container\">\n<p>La nacelle araign\u00e9e est un type de <a href=\"https:\/\/www.riwal.com\/fr\/location\/nacelle-elevatrice\/\">nacelle \u00e9l\u00e9vatrice<\/a>, permettant de r\u00e9aliser des travaux en hauteur dans des environnements difficiles d&rsquo;acc\u00e8s et sur des sols irr\u00e9guliers. <\/p>\n<\/div>\n\n<div class=\"container\">\n<p>Dans cet article, nous vous proposons un guide complet sur les nacelle araign\u00e9e, son fonctionnement, les avantages et comment faire pour choisir au mieux sa nacelle araign\u00e9e.  <\/p>\n<\/div>\n\n<div class=\"container\">\n<h2 class=\"wp-block-heading\" id=\"h-nos-differentes-nacelle-araignee\">Nos diff\u00e9rentes nacelle araign\u00e9e<\/h2>\n<\/div>\n\n<div class=\"rental-wp-default-block rental-theme-block-default-margin\">\n\t\t\t\t\t\t\t\t<div class=\"container\">\n<div class=\"wp-block-media-text is-stacked-on-mobile\"><figure class=\"wp-block-media-text__media\"><img loading=\"lazy\" decoding=\"async\" width=\"900\" height=\"675\" src=\"https:\/\/eqsk4m2dkju.exactdn.com\/app\/uploads\/sites\/15\/2024\/01\/Product-Website-JLG-X20J-Plus.jpg?strip=all&quality=92&webp=92&avif=80&sharp=1\" alt=\"\" class=\"wp-image-6906 size-full\" srcset=\"https:\/\/eqsk4m2dkju.exactdn.com\/app\/uploads\/sites\/15\/2024\/01\/Product-Website-JLG-X20J-Plus.jpg?strip=all&amp;quality=92&amp;webp=92&amp;avif=80&amp;sharp=1 900w, https:\/\/eqsk4m2dkju.exactdn.com\/app\/uploads\/sites\/15\/2024\/01\/Product-Website-JLG-X20J-Plus-300x225.jpg?strip=all&amp;quality=92&amp;webp=92&amp;avif=80&amp;sharp=1 300w, https:\/\/eqsk4m2dkju.exactdn.com\/app\/uploads\/sites\/15\/2024\/01\/Product-Website-JLG-X20J-Plus-768x576.jpg?strip=all&amp;quality=92&amp;webp=92&amp;avif=80&amp;sharp=1 768w, https:\/\/eqsk4m2dkju.exactdn.com\/app\/uploads\/sites\/15\/2024\/01\/Product-Website-JLG-X20J-Plus-178x134.jpg?strip=all&amp;quality=92&amp;webp=92&amp;avif=80&amp;sharp=1 178w, https:\/\/eqsk4m2dkju.exactdn.com\/app\/uploads\/sites\/15\/2024\/01\/Product-Website-JLG-X20J-Plus-390x293.jpg?strip=all&amp;quality=92&amp;webp=92&amp;avif=80&amp;sharp=1 390w, https:\/\/eqsk4m2dkju.exactdn.com\/app\/uploads\/sites\/15\/2024\/01\/Product-Website-JLG-X20J-Plus-830x623.jpg?strip=all&amp;quality=92&amp;webp=92&amp;avif=80&amp;sharp=1 830w, https:\/\/eqsk4m2dkju.exactdn.com\/app\/uploads\/sites\/15\/2024\/01\/Product-Website-JLG-X20J-Plus-250x188.jpg?strip=all&amp;quality=92&amp;webp=92&amp;avif=80&amp;sharp=1 250w, https:\/\/eqsk4m2dkju.exactdn.com\/app\/uploads\/sites\/15\/2024\/01\/Product-Website-JLG-X20J-Plus-620x465.jpg?strip=all&amp;quality=92&amp;webp=92&amp;avif=80&amp;sharp=1 620w, https:\/\/eqsk4m2dkju.exactdn.com\/app\/uploads\/sites\/15\/2024\/01\/Product-Website-JLG-X20J-Plus-237x178.jpg?strip=all&amp;quality=92&amp;webp=92&amp;avif=80&amp;sharp=1 237w, https:\/\/eqsk4m2dkju.exactdn.com\/app\/uploads\/sites\/15\/2024\/01\/Product-Website-JLG-X20J-Plus-474x356.jpg?strip=all&amp;quality=92&amp;webp=92&amp;avif=80&amp;sharp=1 474w, https:\/\/eqsk4m2dkju.exactdn.com\/app\/uploads\/sites\/15\/2024\/01\/Product-Website-JLG-X20J-Plus.jpg?strip=all&amp;quality=92&amp;webp=92&amp;avif=80&amp;sharp=1&amp;w=540 540w\" sizes=\"auto, (max-width: 900px) 100vw, 900px\" \/><\/figure><div class=\"wp-block-media-text__content\">\n<h3 class=\"wp-block-heading\" id=\"h-nacelle-araignee-hybride\">Nacelle araign\u00e9e Hybride <\/h3>\n\n\n\n<p>Nos nacelles araign\u00e9e permettent d&rsquo;acc\u00e9der \u00e0 des zones de travail difficiles et surtout d&rsquo;\u00e9vite des obstacles. Nos nacelles araign\u00e9es permettent de travailler \u00e0 une hauteur allant de 18 \u00e0 36 m\u00e8tres. <\/p>\n<\/div><\/div>\n<\/div>\n\t\t\t\t\t\t\t<\/div> \n\n<div class=\"container\">\n<h2 class=\"wp-block-heading\" id=\"h-conseils-pour-bien-choisir-sa-nacelle-araignee\">Conseils pour bien choisir sa nacelle araign\u00e9e <\/h2>\n<\/div>\n\n<div class=\"container\">\n<ul class=\"wp-block-list\">\n<li><strong>La hauteur de travail : <\/strong>La nacelle araign\u00e9e est con\u00e7ue pour atteindre des hauteurs importantes, entre 18 et 23 m\u00e8tres. Elle donc id\u00e9ale pour r\u00e9aliser une t\u00e2che \u00e0 grande hauteur dans un espace limit\u00e9. Privil\u00e9giez toujours la location d&rsquo;une nacelle araign\u00e9e ayant une hauteur de travail l\u00e9g\u00e8rement sup\u00e9rieure \u00e0 celle que vous devez atteindre. Pour cela, vous pouvez visualiser la nacelle en situation r\u00e9elle gr\u00e2ce \u00e0 la r\u00e9alit\u00e9 augment\u00e9e disponible dans notre application My Riwal. Concernant son d\u00e9port, pr\u00eatez attention aux dimensions de la nacelle araign\u00e9e et de sa plateforme afin d&rsquo;\u00e9viter les mauvaises surprises \u00e0 la livraison sur chantier. <\/li>\n\n\n\n<li><strong>Capacit\u00e9 de charge :<\/strong> Une nacelle araign\u00e9e a une capacit\u00e9 de charge allant jusqu&rsquo;\u00e0 environ 200 kg, permettant ainsi \u00e0 une personne de travailler en hauteur tout en \u00e9tant accompagn\u00e9 de son outillage. Pour calculer la charge maximale admissible pour votre mat\u00e9riel de location, prenez en compte le personnel, les outils et le mat\u00e9riel, qui seront sur la plateforme. <\/li>\n<\/ul>\n<\/div>\n\n<div class=\"rental-wp-default-block rental-theme-block-default-margin\">\n\t\t\t\t\t\t\t\t<div class=\"container\">\n<div class=\"wp-block-media-text has-media-on-the-right is-stacked-on-mobile\" style=\"grid-template-columns:auto 41%\"><div class=\"wp-block-media-text__content\">\n<h2 class=\"wp-block-heading\" id=\"h-la-securite-avec-nos-nacelles-araignee\">La s\u00e9curit\u00e9 avec nos nacelles araign\u00e9e<\/h2>\n\n\n\n<ul class=\"wp-block-list\">\n<li><strong>Les consignes de s\u00e9curit\u00e9 : <\/strong>Pensez \u00e0 scanner nos <a href=\"https:\/\/www.riwal.com\/fr\/qr-code\/\">QR Code<\/a> pr\u00e9sent sur chacune de nos machines. Vous pourrez y retrouver tous les manuels d&rsquo;utilisation, fiches techniques de la machine&#8230;<\/li>\n\n\n\n<li><strong>Les \u00e9quipements de protection individuelle<\/strong> : Les op\u00e9rateurs doivent \u00eatre \u00e9quip\u00e9s de harnais de s\u00e9curit\u00e9, de casques, de gants et de chaussures. <\/li>\n\n\n\n<li><strong>Formations <\/strong>: Formez-vous \u00e0 l&rsquo;utilisation de la nacelle \u00e0 fl\u00e8che t\u00e9lescopique et notamment au <a href=\"https:\/\/www.riwal.com\/fr\/formation\/caces-r486\/caces-r486-cat-b-initial\/\">CACES R486 cat\u00e9gorie B.<\/a><\/li>\n<\/ul>\n<\/div><figure class=\"wp-block-media-text__media\"><img loading=\"lazy\" decoding=\"async\" width=\"1024\" height=\"734\" src=\"https:\/\/eqsk4m2dkju.exactdn.com\/app\/uploads\/sites\/15\/2024\/02\/JLG-x13J-PLUS-1024x734.jpg?strip=all&quality=92&webp=92&avif=80&sharp=1\" alt=\"\" class=\"wp-image-7037 size-full\" srcset=\"https:\/\/eqsk4m2dkju.exactdn.com\/app\/uploads\/sites\/15\/2024\/02\/JLG-x13J-PLUS-1024x734.jpg?strip=all&amp;quality=92&amp;webp=92&amp;avif=80&amp;sharp=1 1024w, https:\/\/eqsk4m2dkju.exactdn.com\/app\/uploads\/sites\/15\/2024\/02\/JLG-x13J-PLUS-300x215.jpg?strip=all&amp;quality=92&amp;webp=92&amp;avif=80&amp;sharp=1 300w, https:\/\/eqsk4m2dkju.exactdn.com\/app\/uploads\/sites\/15\/2024\/02\/JLG-x13J-PLUS-768x550.jpg?strip=all&amp;quality=92&amp;webp=92&amp;avif=80&amp;sharp=1 768w, https:\/\/eqsk4m2dkju.exactdn.com\/app\/uploads\/sites\/15\/2024\/02\/JLG-x13J-PLUS-1536x1101.jpg?strip=all&amp;quality=92&amp;webp=92&amp;avif=80&amp;sharp=1 1536w, https:\/\/eqsk4m2dkju.exactdn.com\/app\/uploads\/sites\/15\/2024\/02\/JLG-x13J-PLUS-178x128.jpg?strip=all&amp;quality=92&amp;webp=92&amp;avif=80&amp;sharp=1 178w, https:\/\/eqsk4m2dkju.exactdn.com\/app\/uploads\/sites\/15\/2024\/02\/JLG-x13J-PLUS-1291x925.jpg?strip=all&amp;quality=92&amp;webp=92&amp;avif=80&amp;sharp=1 1291w, https:\/\/eqsk4m2dkju.exactdn.com\/app\/uploads\/sites\/15\/2024\/02\/JLG-x13J-PLUS-390x279.jpg?strip=all&amp;quality=92&amp;webp=92&amp;avif=80&amp;sharp=1 390w, https:\/\/eqsk4m2dkju.exactdn.com\/app\/uploads\/sites\/15\/2024\/02\/JLG-x13J-PLUS-830x595.jpg?strip=all&amp;quality=92&amp;webp=92&amp;avif=80&amp;sharp=1 830w, https:\/\/eqsk4m2dkju.exactdn.com\/app\/uploads\/sites\/15\/2024\/02\/JLG-x13J-PLUS-250x179.jpg?strip=all&amp;quality=92&amp;webp=92&amp;avif=80&amp;sharp=1 250w, https:\/\/eqsk4m2dkju.exactdn.com\/app\/uploads\/sites\/15\/2024\/02\/JLG-x13J-PLUS-620x444.jpg?strip=all&amp;quality=92&amp;webp=92&amp;avif=80&amp;sharp=1 620w, https:\/\/eqsk4m2dkju.exactdn.com\/app\/uploads\/sites\/15\/2024\/02\/JLG-x13J-PLUS-237x170.jpg?strip=all&amp;quality=92&amp;webp=92&amp;avif=80&amp;sharp=1 237w, https:\/\/eqsk4m2dkju.exactdn.com\/app\/uploads\/sites\/15\/2024\/02\/JLG-x13J-PLUS-474x340.jpg?strip=all&amp;quality=92&amp;webp=92&amp;avif=80&amp;sharp=1 474w, https:\/\/eqsk4m2dkju.exactdn.com\/app\/uploads\/sites\/15\/2024\/02\/JLG-x13J-PLUS.jpg?strip=all&amp;quality=92&amp;webp=92&amp;avif=80&amp;sharp=1 1771w, https:\/\/eqsk4m2dkju.exactdn.com\/app\/uploads\/sites\/15\/2024\/02\/JLG-x13J-PLUS.jpg?strip=all&amp;quality=92&amp;webp=92&amp;avif=80&amp;sharp=1&amp;w=708 708w, https:\/\/eqsk4m2dkju.exactdn.com\/app\/uploads\/sites\/15\/2024\/02\/JLG-x13J-PLUS.jpg?strip=all&amp;quality=92&amp;webp=92&amp;avif=80&amp;sharp=1&amp;w=1416 1416w\" sizes=\"auto, (max-width: 1024px) 100vw, 1024px\" \/><\/figure><\/div>\n<\/div>\n\t\t\t\t\t\t\t<\/div> \n\n<div class=\"rental-wp-default-block rental-theme-block-default-margin\">\n\t\t\t\t\t\t\t\t<div class=\"container\">\n<div class=\"wp-block-media-text is-stacked-on-mobile\"><figure class=\"wp-block-media-text__media\"><img loading=\"lazy\" decoding=\"async\" width=\"600\" height=\"600\" src=\"https:\/\/eqsk4m2dkju.exactdn.com\/app\/uploads\/sites\/15\/2024\/03\/Nacelle-araignee.png?strip=all&quality=92&webp=92&avif=80&sharp=1\" alt=\"\" class=\"wp-image-9033 size-full\" srcset=\"https:\/\/eqsk4m2dkju.exactdn.com\/app\/uploads\/sites\/15\/2024\/03\/Nacelle-araignee.png?strip=all&amp;quality=92&amp;webp=92&amp;avif=80&amp;sharp=1 600w, https:\/\/eqsk4m2dkju.exactdn.com\/app\/uploads\/sites\/15\/2024\/03\/Nacelle-araignee-300x300.png?strip=all&amp;quality=92&amp;webp=92&amp;avif=80&amp;sharp=1 300w, https:\/\/eqsk4m2dkju.exactdn.com\/app\/uploads\/sites\/15\/2024\/03\/Nacelle-araignee-150x150.png?strip=all&amp;quality=92&amp;webp=92&amp;avif=80&amp;sharp=1 150w, https:\/\/eqsk4m2dkju.exactdn.com\/app\/uploads\/sites\/15\/2024\/03\/Nacelle-araignee-178x178.png?strip=all&amp;quality=92&amp;webp=92&amp;avif=80&amp;sharp=1 178w, https:\/\/eqsk4m2dkju.exactdn.com\/app\/uploads\/sites\/15\/2024\/03\/Nacelle-araignee-390x390.png?strip=all&amp;quality=92&amp;webp=92&amp;avif=80&amp;sharp=1 390w, https:\/\/eqsk4m2dkju.exactdn.com\/app\/uploads\/sites\/15\/2024\/03\/Nacelle-araignee-200x200.png?strip=all&amp;quality=92&amp;webp=92&amp;avif=80&amp;sharp=1 200w, https:\/\/eqsk4m2dkju.exactdn.com\/app\/uploads\/sites\/15\/2024\/03\/Nacelle-araignee-490x490.png?strip=all&amp;quality=92&amp;webp=92&amp;avif=80&amp;sharp=1 490w, https:\/\/eqsk4m2dkju.exactdn.com\/app\/uploads\/sites\/15\/2024\/03\/Nacelle-araignee-237x237.png?strip=all&amp;quality=92&amp;webp=92&amp;avif=80&amp;sharp=1 237w, https:\/\/eqsk4m2dkju.exactdn.com\/app\/uploads\/sites\/15\/2024\/03\/Nacelle-araignee-474x474.png?strip=all&amp;quality=92&amp;webp=92&amp;avif=80&amp;sharp=1 474w\" sizes=\"auto, (max-width: 600px) 100vw, 600px\" \/><\/figure><div class=\"wp-block-media-text__content\">\n<h3 class=\"wp-block-heading\" id=\"h-les-differentes-parties-d-une-nacelle-araignee\">Les diff\u00e9rentes parties d&rsquo;une nacelle araign\u00e9e<\/h3>\n<\/div><\/div>\n<\/div>\n\t\t\t\t\t\t\t<\/div> ","protected":false},"excerpt":{"rendered":"<p>Guide nacelle araign\u00e9e La nacelle araign\u00e9e est un type de nacelle \u00e9l\u00e9vatrice, permettant de r\u00e9aliser des travaux en hauteur dans des environnements difficiles d&rsquo;acc\u00e8s et sur des sols irr\u00e9guliers. Dans cet article, nous vous proposons un guide complet sur les nacelle araign\u00e9e, son fonctionnement, les avantages et comment faire pour choisir au mieux sa nacelle &hellip; <a href=\"https:\/\/www.riwal.com\/fr\/guide-nacelle-araignee\/\">Voir plus<\/a><\/p>\n","protected":false},"author":51,"featured_media":0,"parent":0,"menu_order":0,"comment_status":"closed","ping_status":"closed","template":"","meta":{"_acf_changed":false,"footnotes":""},"class_list":["post-6904","page","type-page","status-publish","hentry"],"acf":[],"yoast_head":"<!-- This site is optimized with the Yoast SEO Premium plugin v27.1 (Yoast SEO v27.1.1) - https:\/\/yoast.com\/product\/yoast-seo-premium-wordpress\/ -->\n<title>Guide nacelle araign\u00e9e | Riwal France<\/title>\n<meta name=\"description\" content=\"Retrouvez notre guide complet de nacelle araign\u00e9e pour choisir au mieux votre mat\u00e9riel pour vos locations partout en France !\" \/>\n<meta name=\"robots\" content=\"index, follow, max-snippet:-1, max-image-preview:large, max-video-preview:-1\" \/>\n<link rel=\"canonical\" href=\"https:\/\/www.riwal.com\/fr\/guide-nacelle-araignee\/\" \/>\n<meta property=\"og:locale\" content=\"fr_FR\" \/>\n<meta property=\"og:type\" content=\"article\" \/>\n<meta property=\"og:title\" content=\"Guide nacelle araign\u00e9e\" \/>\n<meta property=\"og:description\" content=\"Retrouvez notre guide complet de nacelle araign\u00e9e pour choisir au mieux votre mat\u00e9riel pour vos locations partout en France !\" \/>\n<meta property=\"og:url\" content=\"https:\/\/www.riwal.com\/fr\/guide-nacelle-araignee\/\" \/>\n<meta property=\"og:site_name\" content=\"Riwal - France\" \/>\n<meta property=\"article:modified_time\" content=\"2024-04-29T13:25:45+00:00\" \/>\n<meta property=\"og:image\" content=\"https:\/\/www.riwal.com\/app\/uploads\/sites\/15\/2024\/01\/Product-Website-JLG-X20J-Plus.jpg\" \/>\n<meta name=\"twitter:card\" content=\"summary_large_image\" \/>\n<meta name=\"twitter:label1\" content=\"Est. reading time\" \/>\n\t<meta name=\"twitter:data1\" content=\"3 minutes\" \/>\n<script type=\"application\/ld+json\" class=\"yoast-schema-graph\">{\"@context\":\"https:\/\/schema.org\",\"@graph\":[{\"@type\":\"WebPage\",\"@id\":\"https:\/\/www.riwal.com\/fr\/guide-nacelle-araignee\/\",\"url\":\"https:\/\/www.riwal.com\/fr\/guide-nacelle-araignee\/\",\"name\":\"Guide nacelle araign\u00e9e | Riwal France\",\"isPartOf\":{\"@id\":\"https:\/\/www.riwal.com\/fr\/#website\"},\"primaryImageOfPage\":{\"@id\":\"https:\/\/www.riwal.com\/fr\/guide-nacelle-araignee\/#primaryimage\"},\"image\":{\"@id\":\"https:\/\/www.riwal.com\/fr\/guide-nacelle-araignee\/#primaryimage\"},\"thumbnailUrl\":\"https:\/\/www.riwal.com\/app\/uploads\/sites\/15\/2024\/01\/Product-Website-JLG-X20J-Plus.jpg\",\"datePublished\":\"2024-03-06T13:27:14+00:00\",\"dateModified\":\"2024-04-29T13:25:45+00:00\",\"description\":\"Retrouvez notre guide complet de nacelle araign\u00e9e pour choisir au mieux votre mat\u00e9riel pour vos locations partout en France !\",\"breadcrumb\":{\"@id\":\"https:\/\/www.riwal.com\/fr\/guide-nacelle-araignee\/#breadcrumb\"},\"inLanguage\":\"fr-FR\",\"potentialAction\":[{\"@type\":\"ReadAction\",\"target\":[\"https:\/\/www.riwal.com\/fr\/guide-nacelle-araignee\/\"]}]},{\"@type\":\"ImageObject\",\"inLanguage\":\"fr-FR\",\"@id\":\"https:\/\/www.riwal.com\/fr\/guide-nacelle-araignee\/#primaryimage\",\"url\":\"https:\/\/www.riwal.com\/app\/uploads\/sites\/15\/2024\/01\/Product-Website-JLG-X20J-Plus.jpg\",\"contentUrl\":\"https:\/\/www.riwal.com\/app\/uploads\/sites\/15\/2024\/01\/Product-Website-JLG-X20J-Plus.jpg\"},{\"@type\":\"BreadcrumbList\",\"@id\":\"https:\/\/www.riwal.com\/fr\/guide-nacelle-araignee\/#breadcrumb\",\"itemListElement\":[{\"@type\":\"ListItem\",\"position\":1,\"name\":\"Accueil\",\"item\":\"https:\/\/www.riwal.com\/fr\/\"},{\"@type\":\"ListItem\",\"position\":2,\"name\":\"Guide nacelle araign\u00e9e\"}]},{\"@type\":\"WebSite\",\"@id\":\"https:\/\/www.riwal.com\/fr\/#website\",\"url\":\"https:\/\/www.riwal.com\/fr\/\",\"name\":\"Riwal\",\"description\":\"Location nacelle \u00e9l\u00e9vatrice, formation CACES, vente nacelles - Riwal France\",\"publisher\":{\"@id\":\"https:\/\/www.riwal.com\/fr\/#organization\"},\"potentialAction\":[{\"@type\":\"SearchAction\",\"target\":{\"@type\":\"EntryPoint\",\"urlTemplate\":\"https:\/\/www.riwal.com\/fr\/?s={search_term_string}\"},\"query-input\":{\"@type\":\"PropertyValueSpecification\",\"valueRequired\":true,\"valueName\":\"search_term_string\"}}],\"inLanguage\":\"fr-FR\"},{\"@type\":\"Organization\",\"@id\":\"https:\/\/www.riwal.com\/fr\/#organization\",\"name\":\"Riwal\",\"url\":\"https:\/\/www.riwal.com\/fr\/\",\"logo\":{\"@type\":\"ImageObject\",\"inLanguage\":\"fr-FR\",\"@id\":\"https:\/\/www.riwal.com\/fr\/#\/schema\/logo\/image\/\",\"url\":\"\",\"contentUrl\":\"\",\"caption\":\"Riwal\"},\"image\":{\"@id\":\"https:\/\/www.riwal.com\/fr\/#\/schema\/logo\/image\/\"}}]}<\/script>\n<!-- \/ Yoast SEO Premium plugin. -->","yoast_head_json":{"title":"Guide nacelle araign\u00e9e | Riwal France","description":"Retrouvez notre guide complet de nacelle araign\u00e9e pour choisir au mieux votre mat\u00e9riel pour vos locations partout en France !","robots":{"index":"index","follow":"follow","max-snippet":"max-snippet:-1","max-image-preview":"max-image-preview:large","max-video-preview":"max-video-preview:-1"},"canonical":"https:\/\/www.riwal.com\/fr\/guide-nacelle-araignee\/","og_locale":"fr_FR","og_type":"article","og_title":"Guide nacelle araign\u00e9e","og_description":"Retrouvez notre guide complet de nacelle araign\u00e9e pour choisir au mieux votre mat\u00e9riel pour vos locations partout en France !","og_url":"https:\/\/www.riwal.com\/fr\/guide-nacelle-araignee\/","og_site_name":"Riwal - France","article_modified_time":"2024-04-29T13:25:45+00:00","og_image":[{"url":"https:\/\/www.riwal.com\/app\/uploads\/sites\/15\/2024\/01\/Product-Website-JLG-X20J-Plus.jpg","type":"","width":"","height":""}],"twitter_card":"summary_large_image","twitter_misc":{"Est. reading time":"3 minutes"},"schema":{"@context":"https:\/\/schema.org","@graph":[{"@type":"WebPage","@id":"https:\/\/www.riwal.com\/fr\/guide-nacelle-araignee\/","url":"https:\/\/www.riwal.com\/fr\/guide-nacelle-araignee\/","name":"Guide nacelle araign\u00e9e | Riwal France","isPartOf":{"@id":"https:\/\/www.riwal.com\/fr\/#website"},"primaryImageOfPage":{"@id":"https:\/\/www.riwal.com\/fr\/guide-nacelle-araignee\/#primaryimage"},"image":{"@id":"https:\/\/www.riwal.com\/fr\/guide-nacelle-araignee\/#primaryimage"},"thumbnailUrl":"https:\/\/www.riwal.com\/app\/uploads\/sites\/15\/2024\/01\/Product-Website-JLG-X20J-Plus.jpg","datePublished":"2024-03-06T13:27:14+00:00","dateModified":"2024-04-29T13:25:45+00:00","description":"Retrouvez notre guide complet de nacelle araign\u00e9e pour choisir au mieux votre mat\u00e9riel pour vos locations partout en France !","breadcrumb":{"@id":"https:\/\/www.riwal.com\/fr\/guide-nacelle-araignee\/#breadcrumb"},"inLanguage":"fr-FR","potentialAction":[{"@type":"ReadAction","target":["https:\/\/www.riwal.com\/fr\/guide-nacelle-araignee\/"]}]},{"@type":"ImageObject","inLanguage":"fr-FR","@id":"https:\/\/www.riwal.com\/fr\/guide-nacelle-araignee\/#primaryimage","url":"https:\/\/www.riwal.com\/app\/uploads\/sites\/15\/2024\/01\/Product-Website-JLG-X20J-Plus.jpg","contentUrl":"https:\/\/www.riwal.com\/app\/uploads\/sites\/15\/2024\/01\/Product-Website-JLG-X20J-Plus.jpg"},{"@type":"BreadcrumbList","@id":"https:\/\/www.riwal.com\/fr\/guide-nacelle-araignee\/#breadcrumb","itemListElement":[{"@type":"ListItem","position":1,"name":"Accueil","item":"https:\/\/www.riwal.com\/fr\/"},{"@type":"ListItem","position":2,"name":"Guide nacelle araign\u00e9e"}]},{"@type":"WebSite","@id":"https:\/\/www.riwal.com\/fr\/#website","url":"https:\/\/www.riwal.com\/fr\/","name":"Riwal","description":"Location nacelle \u00e9l\u00e9vatrice, formation CACES, vente nacelles - Riwal France","publisher":{"@id":"https:\/\/www.riwal.com\/fr\/#organization"},"potentialAction":[{"@type":"SearchAction","target":{"@type":"EntryPoint","urlTemplate":"https:\/\/www.riwal.com\/fr\/?s={search_term_string}"},"query-input":{"@type":"PropertyValueSpecification","valueRequired":true,"valueName":"search_term_string"}}],"inLanguage":"fr-FR"},{"@type":"Organization","@id":"https:\/\/www.riwal.com\/fr\/#organization","name":"Riwal","url":"https:\/\/www.riwal.com\/fr\/","logo":{"@type":"ImageObject","inLanguage":"fr-FR","@id":"https:\/\/www.riwal.com\/fr\/#\/schema\/logo\/image\/","url":"","contentUrl":"","caption":"Riwal"},"image":{"@id":"https:\/\/www.riwal.com\/fr\/#\/schema\/logo\/image\/"}}]}},"_links":{"self":[{"href":"https:\/\/www.riwal.com\/fr\/wp-json\/wp\/v2\/pages\/6904","targetHints":{"allow":["GET"]}}],"collection":[{"href":"https:\/\/www.riwal.com\/fr\/wp-json\/wp\/v2\/pages"}],"about":[{"href":"https:\/\/www.riwal.com\/fr\/wp-json\/wp\/v2\/types\/page"}],"author":[{"embeddable":true,"href":"https:\/\/www.riwal.com\/fr\/wp-json\/wp\/v2\/users\/51"}],"replies":[{"embeddable":true,"href":"https:\/\/www.riwal.com\/fr\/wp-json\/wp\/v2\/comments?post=6904"}],"version-history":[{"count":4,"href":"https:\/\/www.riwal.com\/fr\/wp-json\/wp\/v2\/pages\/6904\/revisions"}],"predecessor-version":[{"id":9034,"href":"https:\/\/www.riwal.com\/fr\/wp-json\/wp\/v2\/pages\/6904\/revisions\/9034"}],"wp:attachment":[{"href":"https:\/\/www.riwal.com\/fr\/wp-json\/wp\/v2\/media?parent=6904"}],"curies":[{"name":"wp","href":"https:\/\/api.w.org\/{rel}","templated":true}]}}