{"id":6889,"date":"2024-03-06T13:32:31","date_gmt":"2024-03-06T13:32:31","guid":{"rendered":"https:\/\/www.riwal.com\/fr\/?page_id=6889"},"modified":"2024-04-29T15:47:58","modified_gmt":"2024-04-29T13:47:58","slug":"guide-nacelles-sur-chenilles","status":"publish","type":"page","link":"https:\/\/www.riwal.com\/fr\/guide-nacelles-sur-chenilles\/","title":{"rendered":"Guide nacelles sur chenilles"},"content":{"rendered":"<div class=\"container\">\n<h1 class=\"wp-block-heading\" id=\"h-guide-nacelle-sur-chenilles\">Guide nacelle sur chenilles<\/h1>\n<\/div>\n\n<div class=\"container\">\n<p>Une nacelle sur chenilles est con\u00e7ue pour offrir un acc\u00e8s en hauteur sur des terrains difficiles, in\u00e9gaux ou boueux, o\u00f9 les nacelles traditionnelles \u00e0 roues pourraient avoir du mal \u00e0 op\u00e9rer. La nacelle sur chenilles n&rsquo;est pas mont\u00e9 sur des roues traditionnelles, elle est mont\u00e9e sur des chenilles. <\/p>\n<\/div>\n\n<div class=\"container\">\n<p>Dans cet article, nous vous proposons un guide complet sur les nacelles chenilles, son fonctionnement, ses avantages et comment faire pour choisir au mieux sa nacelle. <\/p>\n<\/div>\n\n<div class=\"container\">\n<h2 class=\"wp-block-heading\" id=\"h-notre-nacelle-chenille\">Notre nacelle chenille<\/h2>\n<\/div>\n\n<div class=\"rental-wp-default-block rental-theme-block-default-margin\">\n\t\t\t\t\t\t\t\t<div class=\"container\">\n<div class=\"wp-block-media-text is-stacked-on-mobile\" style=\"grid-template-columns:40% auto\"><figure class=\"wp-block-media-text__media\"><img loading=\"lazy\" decoding=\"async\" width=\"800\" height=\"600\" src=\"https:\/\/eqsk4m2dkju.exactdn.com\/app\/uploads\/sites\/15\/2024\/01\/Nacelle-sur-chenille-1.png?strip=all&quality=92&webp=92&avif=80&sharp=1\" alt=\"Location nacelle sur chenille diesel\" class=\"wp-image-6897 size-full\" srcset=\"https:\/\/eqsk4m2dkju.exactdn.com\/app\/uploads\/sites\/15\/2024\/01\/Nacelle-sur-chenille-1.png?strip=all&amp;quality=92&amp;webp=92&amp;avif=80&amp;sharp=1 800w, https:\/\/eqsk4m2dkju.exactdn.com\/app\/uploads\/sites\/15\/2024\/01\/Nacelle-sur-chenille-1-300x225.png?strip=all&amp;quality=92&amp;webp=92&amp;avif=80&amp;sharp=1 300w, https:\/\/eqsk4m2dkju.exactdn.com\/app\/uploads\/sites\/15\/2024\/01\/Nacelle-sur-chenille-1-768x576.png?strip=all&amp;quality=92&amp;webp=92&amp;avif=80&amp;sharp=1 768w, https:\/\/eqsk4m2dkju.exactdn.com\/app\/uploads\/sites\/15\/2024\/01\/Nacelle-sur-chenille-1-178x134.png?strip=all&amp;quality=92&amp;webp=92&amp;avif=80&amp;sharp=1 178w, https:\/\/eqsk4m2dkju.exactdn.com\/app\/uploads\/sites\/15\/2024\/01\/Nacelle-sur-chenille-1-390x293.png?strip=all&amp;quality=92&amp;webp=92&amp;avif=80&amp;sharp=1 390w, https:\/\/eqsk4m2dkju.exactdn.com\/app\/uploads\/sites\/15\/2024\/01\/Nacelle-sur-chenille-1-250x188.png?strip=all&amp;quality=92&amp;webp=92&amp;avif=80&amp;sharp=1 250w, https:\/\/eqsk4m2dkju.exactdn.com\/app\/uploads\/sites\/15\/2024\/01\/Nacelle-sur-chenille-1-620x465.png?strip=all&amp;quality=92&amp;webp=92&amp;avif=80&amp;sharp=1 620w, https:\/\/eqsk4m2dkju.exactdn.com\/app\/uploads\/sites\/15\/2024\/01\/Nacelle-sur-chenille-1-237x178.png?strip=all&amp;quality=92&amp;webp=92&amp;avif=80&amp;sharp=1 237w, https:\/\/eqsk4m2dkju.exactdn.com\/app\/uploads\/sites\/15\/2024\/01\/Nacelle-sur-chenille-1-474x356.png?strip=all&amp;quality=92&amp;webp=92&amp;avif=80&amp;sharp=1 474w\" sizes=\"auto, (max-width: 800px) 100vw, 800px\" \/><\/figure><div class=\"wp-block-media-text__content\">\n<h3 class=\"wp-block-heading\" id=\"h-nacelle-sur-chenilles-diesel\">Nacelle sur chenilles diesel<\/h3>\n\n\n\n<p>Notre nacelle sur chenilles, est compacte, polyvalente et robuste avec une hauteur de travail de 14 m et une capacit\u00e9 e 450 kg. Le chevilles offre une maniabilit\u00e9 hors air sur sol et sur chantiers difficiles. <\/p>\n<\/div><\/div>\n<\/div>\n\t\t\t\t\t\t\t<\/div> \n\n<div class=\"container\">\n<h2 class=\"wp-block-heading\" id=\"h-conseils-pour-bien-choisir-sa-nacelle-sur-chenilles\">Conseils pour bien choisir sa nacelle sur chenilles<\/h2>\n<\/div>\n\n<div class=\"container\">\n<ul class=\"wp-block-list\">\n<li><strong>La hauteur de travail :<\/strong> La nacelle sur chenilles est con\u00e7ue pour atteindre des hauteurs importantes. Vous pouvez visualiser en situation r\u00e9elle gr\u00e2ce \u00e0 la r\u00e9alit\u00e9 augment\u00e9e disponible dans nos <a href=\"https:\/\/www.myriwal.com\/\">application My Riwal<\/a>.                                                                                                                                   <\/li>\n\n\n\n<li><strong>La capacit\u00e9 de charge : <\/strong>Pour calculer la charge maximale admissible pour votre mat\u00e9riel de location, prenez en compte le personnel, les outils et le mat\u00e9riel, qui seront sur la plateforme.<\/li>\n\n\n\n<li><strong>L&rsquo;environnement : <\/strong>D\u00e9terminez avant votre location, votre environnement de travail. Si vous travailler sur des sols plut\u00f4t boueux, privil\u00e9giez une nacelle chenilles.<\/li>\n<\/ul>\n<\/div>\n\n<div class=\"rental-wp-default-block rental-theme-block-default-margin\">\n\t\t\t\t\t\t\t\t<div class=\"container\">\n<div class=\"wp-block-media-text has-media-on-the-right is-stacked-on-mobile\"><div class=\"wp-block-media-text__content\">\n<h2 class=\"wp-block-heading\" id=\"h-la-securite-avec-nos-nacelles-sur-chenilles\">La s\u00e9curit\u00e9 avec nos nacelles sur chenilles<\/h2>\n\n\n\n<ul class=\"wp-block-list\">\n<li><strong>Les consignes de s\u00e9curit\u00e9 : <\/strong>Pensez \u00e0 scanner nos <a href=\"https:\/\/www.riwal.com\/fr\/qr-code\/\">QR Code<\/a> pr\u00e9sent sur chacune de nos machines. Vous pourrez y retrouver tous les manuels d&rsquo;utilisation, fiches techniques de la machine&#8230;<\/li>\n\n\n\n<li><strong>Les \u00e9quipements de protection individuelle<\/strong> : Les op\u00e9rateurs doivent \u00eatre \u00e9quip\u00e9s de harnais de s\u00e9curit\u00e9, de casques, de gants et de chaussures. <\/li>\n\n\n\n<li><strong>Formations <\/strong>: Formez-vous \u00e0 l&rsquo;utilisation de la nacelle \u00e0 fl\u00e8che t\u00e9lescopique et notamment au <a href=\"https:\/\/www.riwal.com\/fr\/formation\/caces-r486\/caces-r486-cat-b-initial\/\">CACES R486 cat\u00e9gorie B.<\/a><\/li>\n<\/ul>\n<\/div><figure class=\"wp-block-media-text__media\"><img loading=\"lazy\" decoding=\"async\" width=\"768\" height=\"576\" src=\"https:\/\/eqsk4m2dkju.exactdn.com\/app\/uploads\/sites\/15\/2024\/01\/Nacelle-sur-chenilles.jpg?strip=all&quality=92&webp=92&avif=80&sharp=1\" alt=\"Location nacelle sur chenille diesel\" class=\"wp-image-6900 size-full\" srcset=\"https:\/\/eqsk4m2dkju.exactdn.com\/app\/uploads\/sites\/15\/2024\/01\/Nacelle-sur-chenilles.jpg?strip=all&amp;quality=92&amp;webp=92&amp;avif=80&amp;sharp=1 768w, https:\/\/eqsk4m2dkju.exactdn.com\/app\/uploads\/sites\/15\/2024\/01\/Nacelle-sur-chenilles-300x225.jpg?strip=all&amp;quality=92&amp;webp=92&amp;avif=80&amp;sharp=1 300w, https:\/\/eqsk4m2dkju.exactdn.com\/app\/uploads\/sites\/15\/2024\/01\/Nacelle-sur-chenilles-178x134.jpg?strip=all&amp;quality=92&amp;webp=92&amp;avif=80&amp;sharp=1 178w, https:\/\/eqsk4m2dkju.exactdn.com\/app\/uploads\/sites\/15\/2024\/01\/Nacelle-sur-chenilles-390x293.jpg?strip=all&amp;quality=92&amp;webp=92&amp;avif=80&amp;sharp=1 390w, https:\/\/eqsk4m2dkju.exactdn.com\/app\/uploads\/sites\/15\/2024\/01\/Nacelle-sur-chenilles-250x188.jpg?strip=all&amp;quality=92&amp;webp=92&amp;avif=80&amp;sharp=1 250w, https:\/\/eqsk4m2dkju.exactdn.com\/app\/uploads\/sites\/15\/2024\/01\/Nacelle-sur-chenilles-620x465.jpg?strip=all&amp;quality=92&amp;webp=92&amp;avif=80&amp;sharp=1 620w, https:\/\/eqsk4m2dkju.exactdn.com\/app\/uploads\/sites\/15\/2024\/01\/Nacelle-sur-chenilles-237x178.jpg?strip=all&amp;quality=92&amp;webp=92&amp;avif=80&amp;sharp=1 237w, https:\/\/eqsk4m2dkju.exactdn.com\/app\/uploads\/sites\/15\/2024\/01\/Nacelle-sur-chenilles-474x356.jpg?strip=all&amp;quality=92&amp;webp=92&amp;avif=80&amp;sharp=1 474w\" sizes=\"auto, (max-width: 768px) 100vw, 768px\" \/><\/figure><\/div>\n<\/div>\n\t\t\t\t\t\t\t<\/div> \n\n<div class=\"rental-wp-default-block rental-theme-block-default-margin\">\n\t\t\t\t\t\t\t\t<div class=\"container\">\n<div class=\"wp-block-media-text is-stacked-on-mobile\"><figure class=\"wp-block-media-text__media\"><img loading=\"lazy\" decoding=\"async\" width=\"600\" height=\"600\" src=\"https:\/\/eqsk4m2dkju.exactdn.com\/app\/uploads\/sites\/15\/2024\/03\/Nacelle-sur-chenilles-1.png?strip=all&quality=92&webp=92&avif=80&sharp=1\" alt=\"\" class=\"wp-image-9037 size-full\" srcset=\"https:\/\/eqsk4m2dkju.exactdn.com\/app\/uploads\/sites\/15\/2024\/03\/Nacelle-sur-chenilles-1.png?strip=all&amp;quality=92&amp;webp=92&amp;avif=80&amp;sharp=1 600w, https:\/\/eqsk4m2dkju.exactdn.com\/app\/uploads\/sites\/15\/2024\/03\/Nacelle-sur-chenilles-1-300x300.png?strip=all&amp;quality=92&amp;webp=92&amp;avif=80&amp;sharp=1 300w, https:\/\/eqsk4m2dkju.exactdn.com\/app\/uploads\/sites\/15\/2024\/03\/Nacelle-sur-chenilles-1-150x150.png?strip=all&amp;quality=92&amp;webp=92&amp;avif=80&amp;sharp=1 150w, https:\/\/eqsk4m2dkju.exactdn.com\/app\/uploads\/sites\/15\/2024\/03\/Nacelle-sur-chenilles-1-178x178.png?strip=all&amp;quality=92&amp;webp=92&amp;avif=80&amp;sharp=1 178w, https:\/\/eqsk4m2dkju.exactdn.com\/app\/uploads\/sites\/15\/2024\/03\/Nacelle-sur-chenilles-1-390x390.png?strip=all&amp;quality=92&amp;webp=92&amp;avif=80&amp;sharp=1 390w, https:\/\/eqsk4m2dkju.exactdn.com\/app\/uploads\/sites\/15\/2024\/03\/Nacelle-sur-chenilles-1-200x200.png?strip=all&amp;quality=92&amp;webp=92&amp;avif=80&amp;sharp=1 200w, https:\/\/eqsk4m2dkju.exactdn.com\/app\/uploads\/sites\/15\/2024\/03\/Nacelle-sur-chenilles-1-490x490.png?strip=all&amp;quality=92&amp;webp=92&amp;avif=80&amp;sharp=1 490w, https:\/\/eqsk4m2dkju.exactdn.com\/app\/uploads\/sites\/15\/2024\/03\/Nacelle-sur-chenilles-1-237x237.png?strip=all&amp;quality=92&amp;webp=92&amp;avif=80&amp;sharp=1 237w, https:\/\/eqsk4m2dkju.exactdn.com\/app\/uploads\/sites\/15\/2024\/03\/Nacelle-sur-chenilles-1-474x474.png?strip=all&amp;quality=92&amp;webp=92&amp;avif=80&amp;sharp=1 474w\" sizes=\"auto, (max-width: 600px) 100vw, 600px\" \/><\/figure><div class=\"wp-block-media-text__content\">\n<h3 class=\"wp-block-heading\" id=\"h-les-differentes-parties-d-une-nacelle-sur-chenilles\">Les diff\u00e9rentes parties d&rsquo;une nacelle sur chenilles<\/h3>\n<\/div><\/div>\n<\/div>\n\t\t\t\t\t\t\t<\/div> ","protected":false},"excerpt":{"rendered":"<p>Guide nacelle sur chenilles Une nacelle sur chenilles est con\u00e7ue pour offrir un acc\u00e8s en hauteur sur des terrains difficiles, in\u00e9gaux ou boueux, o\u00f9 les nacelles traditionnelles \u00e0 roues pourraient avoir du mal \u00e0 op\u00e9rer. La nacelle sur chenilles n&rsquo;est pas mont\u00e9 sur des roues traditionnelles, elle est mont\u00e9e sur des chenilles. Dans cet article, &hellip; <a href=\"https:\/\/www.riwal.com\/fr\/guide-nacelles-sur-chenilles\/\">Voir plus<\/a><\/p>\n","protected":false},"author":51,"featured_media":0,"parent":0,"menu_order":0,"comment_status":"closed","ping_status":"closed","template":"","meta":{"_acf_changed":false,"footnotes":""},"class_list":["post-6889","page","type-page","status-publish","hentry"],"acf":[],"yoast_head":"<!-- This site is optimized with the Yoast SEO Premium plugin v27.1 (Yoast SEO v27.1.1) - https:\/\/yoast.com\/product\/yoast-seo-premium-wordpress\/ -->\n<title>Guide nacelles sur chenilles | Riwal France<\/title>\n<meta name=\"description\" content=\"Retrouvez notre guide complet des nacelles sur chenilles. Choisissez la meilleure nacelle pour vos locations. Contactez-nous !\" \/>\n<meta name=\"robots\" content=\"index, follow, max-snippet:-1, max-image-preview:large, max-video-preview:-1\" \/>\n<link rel=\"canonical\" href=\"https:\/\/www.riwal.com\/fr\/guide-nacelles-sur-chenilles\/\" \/>\n<meta property=\"og:locale\" content=\"fr_FR\" \/>\n<meta property=\"og:type\" content=\"article\" \/>\n<meta property=\"og:title\" content=\"Guide nacelles sur chenilles\" \/>\n<meta property=\"og:description\" content=\"Retrouvez notre guide complet des nacelles sur chenilles. Choisissez la meilleure nacelle pour vos locations. Contactez-nous !\" \/>\n<meta property=\"og:url\" content=\"https:\/\/www.riwal.com\/fr\/guide-nacelles-sur-chenilles\/\" \/>\n<meta property=\"og:site_name\" content=\"Riwal - France\" \/>\n<meta property=\"article:modified_time\" content=\"2024-04-29T13:47:58+00:00\" \/>\n<meta property=\"og:image\" content=\"https:\/\/www.riwal.com\/app\/uploads\/sites\/15\/2024\/01\/Nacelle-sur-chenille-1.png\" \/>\n<meta name=\"twitter:card\" content=\"summary_large_image\" \/>\n<meta name=\"twitter:label1\" content=\"Est. reading time\" \/>\n\t<meta name=\"twitter:data1\" content=\"3 minutes\" \/>\n<script type=\"application\/ld+json\" class=\"yoast-schema-graph\">{\"@context\":\"https:\/\/schema.org\",\"@graph\":[{\"@type\":\"WebPage\",\"@id\":\"https:\/\/www.riwal.com\/fr\/guide-nacelles-sur-chenilles\/\",\"url\":\"https:\/\/www.riwal.com\/fr\/guide-nacelles-sur-chenilles\/\",\"name\":\"Guide nacelles sur chenilles | Riwal France\",\"isPartOf\":{\"@id\":\"https:\/\/www.riwal.com\/fr\/#website\"},\"primaryImageOfPage\":{\"@id\":\"https:\/\/www.riwal.com\/fr\/guide-nacelles-sur-chenilles\/#primaryimage\"},\"image\":{\"@id\":\"https:\/\/www.riwal.com\/fr\/guide-nacelles-sur-chenilles\/#primaryimage\"},\"thumbnailUrl\":\"https:\/\/www.riwal.com\/app\/uploads\/sites\/15\/2024\/01\/Nacelle-sur-chenille-1.png\",\"datePublished\":\"2024-03-06T13:32:31+00:00\",\"dateModified\":\"2024-04-29T13:47:58+00:00\",\"description\":\"Retrouvez notre guide complet des nacelles sur chenilles. Choisissez la meilleure nacelle pour vos locations. Contactez-nous !\",\"breadcrumb\":{\"@id\":\"https:\/\/www.riwal.com\/fr\/guide-nacelles-sur-chenilles\/#breadcrumb\"},\"inLanguage\":\"fr-FR\",\"potentialAction\":[{\"@type\":\"ReadAction\",\"target\":[\"https:\/\/www.riwal.com\/fr\/guide-nacelles-sur-chenilles\/\"]}]},{\"@type\":\"ImageObject\",\"inLanguage\":\"fr-FR\",\"@id\":\"https:\/\/www.riwal.com\/fr\/guide-nacelles-sur-chenilles\/#primaryimage\",\"url\":\"https:\/\/www.riwal.com\/app\/uploads\/sites\/15\/2024\/01\/Nacelle-sur-chenille-1.png\",\"contentUrl\":\"https:\/\/www.riwal.com\/app\/uploads\/sites\/15\/2024\/01\/Nacelle-sur-chenille-1.png\"},{\"@type\":\"BreadcrumbList\",\"@id\":\"https:\/\/www.riwal.com\/fr\/guide-nacelles-sur-chenilles\/#breadcrumb\",\"itemListElement\":[{\"@type\":\"ListItem\",\"position\":1,\"name\":\"Accueil\",\"item\":\"https:\/\/www.riwal.com\/fr\/\"},{\"@type\":\"ListItem\",\"position\":2,\"name\":\"Guide nacelles sur chenilles\"}]},{\"@type\":\"WebSite\",\"@id\":\"https:\/\/www.riwal.com\/fr\/#website\",\"url\":\"https:\/\/www.riwal.com\/fr\/\",\"name\":\"Riwal\",\"description\":\"Location nacelle \u00e9l\u00e9vatrice, formation CACES, vente nacelles - Riwal France\",\"publisher\":{\"@id\":\"https:\/\/www.riwal.com\/fr\/#organization\"},\"potentialAction\":[{\"@type\":\"SearchAction\",\"target\":{\"@type\":\"EntryPoint\",\"urlTemplate\":\"https:\/\/www.riwal.com\/fr\/?s={search_term_string}\"},\"query-input\":{\"@type\":\"PropertyValueSpecification\",\"valueRequired\":true,\"valueName\":\"search_term_string\"}}],\"inLanguage\":\"fr-FR\"},{\"@type\":\"Organization\",\"@id\":\"https:\/\/www.riwal.com\/fr\/#organization\",\"name\":\"Riwal\",\"url\":\"https:\/\/www.riwal.com\/fr\/\",\"logo\":{\"@type\":\"ImageObject\",\"inLanguage\":\"fr-FR\",\"@id\":\"https:\/\/www.riwal.com\/fr\/#\/schema\/logo\/image\/\",\"url\":\"\",\"contentUrl\":\"\",\"caption\":\"Riwal\"},\"image\":{\"@id\":\"https:\/\/www.riwal.com\/fr\/#\/schema\/logo\/image\/\"}}]}<\/script>\n<!-- \/ Yoast SEO Premium plugin. -->","yoast_head_json":{"title":"Guide nacelles sur chenilles | Riwal France","description":"Retrouvez notre guide complet des nacelles sur chenilles. Choisissez la meilleure nacelle pour vos locations. Contactez-nous !","robots":{"index":"index","follow":"follow","max-snippet":"max-snippet:-1","max-image-preview":"max-image-preview:large","max-video-preview":"max-video-preview:-1"},"canonical":"https:\/\/www.riwal.com\/fr\/guide-nacelles-sur-chenilles\/","og_locale":"fr_FR","og_type":"article","og_title":"Guide nacelles sur chenilles","og_description":"Retrouvez notre guide complet des nacelles sur chenilles. Choisissez la meilleure nacelle pour vos locations. Contactez-nous !","og_url":"https:\/\/www.riwal.com\/fr\/guide-nacelles-sur-chenilles\/","og_site_name":"Riwal - France","article_modified_time":"2024-04-29T13:47:58+00:00","og_image":[{"url":"https:\/\/www.riwal.com\/app\/uploads\/sites\/15\/2024\/01\/Nacelle-sur-chenille-1.png","type":"","width":"","height":""}],"twitter_card":"summary_large_image","twitter_misc":{"Est. reading time":"3 minutes"},"schema":{"@context":"https:\/\/schema.org","@graph":[{"@type":"WebPage","@id":"https:\/\/www.riwal.com\/fr\/guide-nacelles-sur-chenilles\/","url":"https:\/\/www.riwal.com\/fr\/guide-nacelles-sur-chenilles\/","name":"Guide nacelles sur chenilles | Riwal France","isPartOf":{"@id":"https:\/\/www.riwal.com\/fr\/#website"},"primaryImageOfPage":{"@id":"https:\/\/www.riwal.com\/fr\/guide-nacelles-sur-chenilles\/#primaryimage"},"image":{"@id":"https:\/\/www.riwal.com\/fr\/guide-nacelles-sur-chenilles\/#primaryimage"},"thumbnailUrl":"https:\/\/www.riwal.com\/app\/uploads\/sites\/15\/2024\/01\/Nacelle-sur-chenille-1.png","datePublished":"2024-03-06T13:32:31+00:00","dateModified":"2024-04-29T13:47:58+00:00","description":"Retrouvez notre guide complet des nacelles sur chenilles. Choisissez la meilleure nacelle pour vos locations. Contactez-nous !","breadcrumb":{"@id":"https:\/\/www.riwal.com\/fr\/guide-nacelles-sur-chenilles\/#breadcrumb"},"inLanguage":"fr-FR","potentialAction":[{"@type":"ReadAction","target":["https:\/\/www.riwal.com\/fr\/guide-nacelles-sur-chenilles\/"]}]},{"@type":"ImageObject","inLanguage":"fr-FR","@id":"https:\/\/www.riwal.com\/fr\/guide-nacelles-sur-chenilles\/#primaryimage","url":"https:\/\/www.riwal.com\/app\/uploads\/sites\/15\/2024\/01\/Nacelle-sur-chenille-1.png","contentUrl":"https:\/\/www.riwal.com\/app\/uploads\/sites\/15\/2024\/01\/Nacelle-sur-chenille-1.png"},{"@type":"BreadcrumbList","@id":"https:\/\/www.riwal.com\/fr\/guide-nacelles-sur-chenilles\/#breadcrumb","itemListElement":[{"@type":"ListItem","position":1,"name":"Accueil","item":"https:\/\/www.riwal.com\/fr\/"},{"@type":"ListItem","position":2,"name":"Guide nacelles sur chenilles"}]},{"@type":"WebSite","@id":"https:\/\/www.riwal.com\/fr\/#website","url":"https:\/\/www.riwal.com\/fr\/","name":"Riwal","description":"Location nacelle \u00e9l\u00e9vatrice, formation CACES, vente nacelles - Riwal France","publisher":{"@id":"https:\/\/www.riwal.com\/fr\/#organization"},"potentialAction":[{"@type":"SearchAction","target":{"@type":"EntryPoint","urlTemplate":"https:\/\/www.riwal.com\/fr\/?s={search_term_string}"},"query-input":{"@type":"PropertyValueSpecification","valueRequired":true,"valueName":"search_term_string"}}],"inLanguage":"fr-FR"},{"@type":"Organization","@id":"https:\/\/www.riwal.com\/fr\/#organization","name":"Riwal","url":"https:\/\/www.riwal.com\/fr\/","logo":{"@type":"ImageObject","inLanguage":"fr-FR","@id":"https:\/\/www.riwal.com\/fr\/#\/schema\/logo\/image\/","url":"","contentUrl":"","caption":"Riwal"},"image":{"@id":"https:\/\/www.riwal.com\/fr\/#\/schema\/logo\/image\/"}}]}},"_links":{"self":[{"href":"https:\/\/www.riwal.com\/fr\/wp-json\/wp\/v2\/pages\/6889","targetHints":{"allow":["GET"]}}],"collection":[{"href":"https:\/\/www.riwal.com\/fr\/wp-json\/wp\/v2\/pages"}],"about":[{"href":"https:\/\/www.riwal.com\/fr\/wp-json\/wp\/v2\/types\/page"}],"author":[{"embeddable":true,"href":"https:\/\/www.riwal.com\/fr\/wp-json\/wp\/v2\/users\/51"}],"replies":[{"embeddable":true,"href":"https:\/\/www.riwal.com\/fr\/wp-json\/wp\/v2\/comments?post=6889"}],"version-history":[{"count":4,"href":"https:\/\/www.riwal.com\/fr\/wp-json\/wp\/v2\/pages\/6889\/revisions"}],"predecessor-version":[{"id":9038,"href":"https:\/\/www.riwal.com\/fr\/wp-json\/wp\/v2\/pages\/6889\/revisions\/9038"}],"wp:attachment":[{"href":"https:\/\/www.riwal.com\/fr\/wp-json\/wp\/v2\/media?parent=6889"}],"curies":[{"name":"wp","href":"https:\/\/api.w.org\/{rel}","templated":true}]}}