{"id":6857,"date":"2024-03-06T13:12:51","date_gmt":"2024-03-06T13:12:51","guid":{"rendered":"https:\/\/www.riwal.com\/fr\/?page_id=6857"},"modified":"2024-11-05T09:46:13","modified_gmt":"2024-11-05T08:46:13","slug":"guide-nacelle-a-mat-vertical","status":"publish","type":"page","link":"https:\/\/www.riwal.com\/fr\/guide-nacelle-a-mat-vertical\/","title":{"rendered":"Guide nacelle \u00e0 m\u00e2t vertical"},"content":{"rendered":"<div class=\"container\">\n<h1 class=\"wp-block-heading\" id=\"h-guide-nacelle-a-mat-vertical\">Guide nacelle \u00e0 m\u00e2t vertical<\/h1>\n<\/div>\n\n<div class=\"container\">\n<p>Les nacelles \u00e0 m\u00e2t vertical sont reconnus pour leur grande agilit\u00e9. Elle s&rsquo;\u00e9l\u00e8ve de mani\u00e8re vertical. Riwal propose un large choix de nacelle \u00e0 m\u00e2t vertical et notamment les nacelles Toucan. D\u00e9couvrez notre guide complet pour choisir au mieux votre nacelle \u00e0 m\u00e2t vertical.<\/p>\n<\/div>\n\n<div class=\"container\">\n<h2 class=\"wp-block-heading\" id=\"h-nos-differentes-nacelle-a-mat-vertical\">Nos diff\u00e9rentes nacelle \u00e0 m\u00e2t vertical<\/h2>\n<\/div>\n\n<div class=\"rental-wp-default-block rental-theme-block-default-margin\">\n\t\t\t\t\t\t\t\t<div class=\"container\">\n<div class=\"wp-block-media-text is-stacked-on-mobile\"><figure class=\"wp-block-media-text__media\"><img loading=\"lazy\" decoding=\"async\" width=\"768\" height=\"576\" src=\"https:\/\/eqsk4m2dkju.exactdn.com\/app\/uploads\/sites\/15\/2024\/01\/Nacelle-a-mat-vertical-toucan-electrique.jpg?strip=all&quality=92&webp=92&avif=80&sharp=1\" alt=\"\" class=\"wp-image-6859 size-full\" srcset=\"https:\/\/eqsk4m2dkju.exactdn.com\/app\/uploads\/sites\/15\/2024\/01\/Nacelle-a-mat-vertical-toucan-electrique.jpg?strip=all&amp;quality=92&amp;webp=92&amp;avif=80&amp;sharp=1 768w, https:\/\/eqsk4m2dkju.exactdn.com\/app\/uploads\/sites\/15\/2024\/01\/Nacelle-a-mat-vertical-toucan-electrique-300x225.jpg?strip=all&amp;quality=92&amp;webp=92&amp;avif=80&amp;sharp=1 300w, https:\/\/eqsk4m2dkju.exactdn.com\/app\/uploads\/sites\/15\/2024\/01\/Nacelle-a-mat-vertical-toucan-electrique-178x134.jpg?strip=all&amp;quality=92&amp;webp=92&amp;avif=80&amp;sharp=1 178w, https:\/\/eqsk4m2dkju.exactdn.com\/app\/uploads\/sites\/15\/2024\/01\/Nacelle-a-mat-vertical-toucan-electrique-390x293.jpg?strip=all&amp;quality=92&amp;webp=92&amp;avif=80&amp;sharp=1 390w, https:\/\/eqsk4m2dkju.exactdn.com\/app\/uploads\/sites\/15\/2024\/01\/Nacelle-a-mat-vertical-toucan-electrique-250x188.jpg?strip=all&amp;quality=92&amp;webp=92&amp;avif=80&amp;sharp=1 250w, https:\/\/eqsk4m2dkju.exactdn.com\/app\/uploads\/sites\/15\/2024\/01\/Nacelle-a-mat-vertical-toucan-electrique-620x465.jpg?strip=all&amp;quality=92&amp;webp=92&amp;avif=80&amp;sharp=1 620w, https:\/\/eqsk4m2dkju.exactdn.com\/app\/uploads\/sites\/15\/2024\/01\/Nacelle-a-mat-vertical-toucan-electrique-237x178.jpg?strip=all&amp;quality=92&amp;webp=92&amp;avif=80&amp;sharp=1 237w, https:\/\/eqsk4m2dkju.exactdn.com\/app\/uploads\/sites\/15\/2024\/01\/Nacelle-a-mat-vertical-toucan-electrique-474x356.jpg?strip=all&amp;quality=92&amp;webp=92&amp;avif=80&amp;sharp=1 474w\" sizes=\"auto, (max-width: 768px) 100vw, 768px\" \/><\/figure><div class=\"wp-block-media-text__content\">\n<h3 class=\"wp-block-heading\" id=\"h-nacelle-a-mat-vertical-toucan-electrique\">Nacelle \u00e0 m\u00e2t vertical TOUCAN \u00e9lectrique<\/h3>\n\n\n\n<p>Cette nacelle \u00e0 m\u00e2t vertical Toucan \u00e9lectrique est parfaitement adapt\u00e9e pour des travaux dans des espaces restreints. Ces roues blanches non-marquantes, en font une machine id\u00e9ale pour les travaux d&rsquo;int\u00e9rieur et ainsi en toute propret\u00e9.<\/p>\n\n\n\n<div class=\"wp-block-buttons is-content-justification-center is-layout-flex wp-container-core-buttons-is-layout-a89b3969 wp-block-buttons-is-layout-flex\">\n<div class=\"wp-block-button\"><a class=\"wp-block-button__link wp-element-button\" href=\"https:\/\/www.riwal.com\/fr\/location\/nacelle-elevatrice\/nacelle-a-mat-vertical\/?_overview_rental_sort=working_height_ascending&amp;_overview_rental_propulsion=electrique\">Nos nacelles \u00e0 m\u00e2t vertical Toucan<\/a><\/div>\n<\/div>\n<\/div><\/div>\n<\/div>\n\t\t\t\t\t\t\t<\/div> \n\n<div class=\"rental-wp-default-block rental-theme-block-default-margin\">\n\t\t\t\t\t\t\t\t<div class=\"container\">\n<div class=\"wp-block-media-text has-media-on-the-right is-stacked-on-mobile\" style=\"grid-template-columns:auto 23%\"><div class=\"wp-block-media-text__content\">\n<h3 class=\"wp-block-heading\" id=\"h-nacelle-a-mat-vertical-electrique\">Nacelle \u00e0 m\u00e2t vertical \u00e9lectrique<\/h3>\n\n\n\n<p>Les nacelles \u00e0 m\u00e2t vertical \u00e9lectrique conviennent parfaitement pour des travaux de maintenance int\u00e9rieur, inventaires et \u00e9galement tout autres op\u00e9rations de manutention dans les entrep\u00f4ts. <\/p>\n\n\n\n<div class=\"wp-block-buttons is-content-justification-center is-layout-flex wp-container-core-buttons-is-layout-a89b3969 wp-block-buttons-is-layout-flex\">\n<div class=\"wp-block-button\"><a class=\"wp-block-button__link wp-element-button\" href=\"https:\/\/www.riwal.com\/fr\/location\/nacelle-elevatrice\/nacelle-a-mat-vertical\/?_overview_rental_sort=working_height_ascending&amp;_overview_machines_brand=bravi\">Nos nacelles \u00e0 m\u00e2t vertical \u00e9lectrique<\/a><\/div>\n<\/div>\n<\/div><figure class=\"wp-block-media-text__media\"><img loading=\"lazy\" decoding=\"async\" width=\"418\" height=\"628\" src=\"https:\/\/eqsk4m2dkju.exactdn.com\/app\/uploads\/sites\/15\/2024\/01\/Nacelle-a-mat-vertical-electrique.jpg?strip=all&quality=92&webp=92&avif=80&sharp=1\" alt=\"\" class=\"wp-image-6860 size-full\" srcset=\"https:\/\/eqsk4m2dkju.exactdn.com\/app\/uploads\/sites\/15\/2024\/01\/Nacelle-a-mat-vertical-electrique.jpg?strip=all&amp;quality=92&amp;webp=92&amp;avif=80&amp;sharp=1 418w, https:\/\/eqsk4m2dkju.exactdn.com\/app\/uploads\/sites\/15\/2024\/01\/Nacelle-a-mat-vertical-electrique-200x300.jpg?strip=all&amp;quality=92&amp;webp=92&amp;avif=80&amp;sharp=1 200w, https:\/\/eqsk4m2dkju.exactdn.com\/app\/uploads\/sites\/15\/2024\/01\/Nacelle-a-mat-vertical-electrique-178x267.jpg?strip=all&amp;quality=92&amp;webp=92&amp;avif=80&amp;sharp=1 178w, https:\/\/eqsk4m2dkju.exactdn.com\/app\/uploads\/sites\/15\/2024\/01\/Nacelle-a-mat-vertical-electrique-366x550.jpg?strip=all&amp;quality=92&amp;webp=92&amp;avif=80&amp;sharp=1 366w, https:\/\/eqsk4m2dkju.exactdn.com\/app\/uploads\/sites\/15\/2024\/01\/Nacelle-a-mat-vertical-electrique-133x200.jpg?strip=all&amp;quality=92&amp;webp=92&amp;avif=80&amp;sharp=1 133w, https:\/\/eqsk4m2dkju.exactdn.com\/app\/uploads\/sites\/15\/2024\/01\/Nacelle-a-mat-vertical-electrique-326x490.jpg?strip=all&amp;quality=92&amp;webp=92&amp;avif=80&amp;sharp=1 326w, https:\/\/eqsk4m2dkju.exactdn.com\/app\/uploads\/sites\/15\/2024\/01\/Nacelle-a-mat-vertical-electrique-237x356.jpg?strip=all&amp;quality=92&amp;webp=92&amp;avif=80&amp;sharp=1 237w, https:\/\/eqsk4m2dkju.exactdn.com\/app\/uploads\/sites\/15\/2024\/01\/Nacelle-a-mat-vertical-electrique.jpg?strip=all&amp;quality=92&amp;webp=92&amp;avif=80&amp;sharp=1&amp;w=83 83w\" sizes=\"auto, (max-width: 418px) 100vw, 418px\" \/><\/figure><\/div>\n<\/div>\n\t\t\t\t\t\t\t<\/div> \n\n<div class=\"rental-wp-default-block rental-theme-block-default-margin\">\n\t\t\t\t\t\t\t\t<div class=\"container\">\n<div class=\"wp-block-media-text is-stacked-on-mobile\" style=\"grid-template-columns:24% auto\"><figure class=\"wp-block-media-text__media\"><img loading=\"lazy\" decoding=\"async\" width=\"419\" height=\"628\" src=\"https:\/\/eqsk4m2dkju.exactdn.com\/app\/uploads\/sites\/15\/2024\/01\/Nacelle-a-mat-vertical-manuelle.jpg?strip=all&quality=92&webp=92&avif=80&sharp=1\" alt=\"\" class=\"wp-image-6862 size-full\" srcset=\"https:\/\/eqsk4m2dkju.exactdn.com\/app\/uploads\/sites\/15\/2024\/01\/Nacelle-a-mat-vertical-manuelle.jpg?strip=all&amp;quality=92&amp;webp=92&amp;avif=80&amp;sharp=1 419w, https:\/\/eqsk4m2dkju.exactdn.com\/app\/uploads\/sites\/15\/2024\/01\/Nacelle-a-mat-vertical-manuelle-200x300.jpg?strip=all&amp;quality=92&amp;webp=92&amp;avif=80&amp;sharp=1 200w, https:\/\/eqsk4m2dkju.exactdn.com\/app\/uploads\/sites\/15\/2024\/01\/Nacelle-a-mat-vertical-manuelle-178x267.jpg?strip=all&amp;quality=92&amp;webp=92&amp;avif=80&amp;sharp=1 178w, https:\/\/eqsk4m2dkju.exactdn.com\/app\/uploads\/sites\/15\/2024\/01\/Nacelle-a-mat-vertical-manuelle-367x550.jpg?strip=all&amp;quality=92&amp;webp=92&amp;avif=80&amp;sharp=1 367w, https:\/\/eqsk4m2dkju.exactdn.com\/app\/uploads\/sites\/15\/2024\/01\/Nacelle-a-mat-vertical-manuelle-133x200.jpg?strip=all&amp;quality=92&amp;webp=92&amp;avif=80&amp;sharp=1 133w, https:\/\/eqsk4m2dkju.exactdn.com\/app\/uploads\/sites\/15\/2024\/01\/Nacelle-a-mat-vertical-manuelle-327x490.jpg?strip=all&amp;quality=92&amp;webp=92&amp;avif=80&amp;sharp=1 327w, https:\/\/eqsk4m2dkju.exactdn.com\/app\/uploads\/sites\/15\/2024\/01\/Nacelle-a-mat-vertical-manuelle-237x355.jpg?strip=all&amp;quality=92&amp;webp=92&amp;avif=80&amp;sharp=1 237w, https:\/\/eqsk4m2dkju.exactdn.com\/app\/uploads\/sites\/15\/2024\/01\/Nacelle-a-mat-vertical-manuelle.jpg?strip=all&amp;quality=92&amp;webp=92&amp;avif=80&amp;sharp=1&amp;w=83 83w\" sizes=\"auto, (max-width: 419px) 100vw, 419px\" \/><\/figure><div class=\"wp-block-media-text__content\">\n<h3 class=\"wp-block-heading\" id=\"h-nacelle-a-mat-vertical-manuelle\">Nacelle \u00e0 m\u00e2t vertical manuelle<\/h3>\n\n\n\n<p>Les nacelles \u00e0 m\u00e2t vertical manuelle permet de travailler en total autonomie (puisqu&rsquo;il n&rsquo;y a ni batteries, ni moteur). Il vous suffit seulement de tourner la poign\u00e9e centrale pour monter et descendre la plate-forme). Cette nacelle convient pour ds travaux \u00e0 faire hauteur puisque sa hauteur de travail est de 4,2m. <\/p>\n\n\n\n<div class=\"wp-block-buttons is-content-justification-center is-layout-flex wp-container-core-buttons-is-layout-a89b3969 wp-block-buttons-is-layout-flex\">\n<div class=\"wp-block-button\"><a class=\"wp-block-button__link wp-element-button\" href=\"https:\/\/www.riwal.com\/fr\/location\/nacelle-elevatrice\/nacelle-a-mat-vertical\/?_overview_rental_sort=working_height_ascending&amp;_overview_rental_propulsion=manuel\">Nos nacelles \u00e0 m\u00e2t vertical manuelle<\/a><\/div>\n<\/div>\n<\/div><\/div>\n<\/div>\n\t\t\t\t\t\t\t<\/div> \n\n<div class=\"container\">\n<h2 class=\"wp-block-heading\" id=\"h-conseils-pour-bien-choisir-sa-nacelle-a-mat-vertical\">Conseils pour bien choisir sa nacelle \u00e0 m\u00e2t vertical<\/h2>\n<\/div>\n\n<div class=\"container\">\n<ul class=\"wp-block-list\">\n<li><strong>Hauteur de travail : <\/strong>La hauteur de travail est le premier \u00e9l\u00e9ment \u00e0 prendre en compte lors du choix de votre machine. Si vous avez besoin d&rsquo;un petit hauteur, une nacelle \u00e0 m\u00e2t vertical manuelle sera parfaite, alors que si vous avez besoin de plus de hauteur, privil\u00e9gi\u00e9 la nacelle Toucan. <\/li>\n\n\n\n<li><strong>Le chantier<\/strong> : D\u00e9terminez aussi si il s&rsquo;agit d&rsquo;un chantier int\u00e9rieur, ext\u00e9rieur, dans ce cas le besoin ne sera pas le m\u00eame. La zone de travail, est \u00e9galement \u00e0 prendre en compte, d\u00e9termin\u00e9 l\u2019accessibilit\u00e9 d&rsquo;acc\u00e8s.<\/li>\n\n\n\n<li><strong>La capacit\u00e9 de charge <\/strong>: Prenez \u00e9galement en compte le poids des travailleurs accompagn\u00e9 des mat\u00e9riaux. <\/li>\n<\/ul>\n<\/div>\n\n<div class=\"rental-wp-default-block rental-theme-block-default-margin\">\n\t\t\t\t\t\t\t\t<div class=\"container\">\n<div class=\"wp-block-media-text has-media-on-the-right is-stacked-on-mobile\" style=\"grid-template-columns:auto 44%\"><div class=\"wp-block-media-text__content\">\n<h3 class=\"wp-block-heading\" id=\"h-la-securite-avec-nos-nacelles-a-fleche-telescopiques\">La s\u00e9curit\u00e9 avec nos nacelles \u00e0 fl\u00e8che t\u00e9lescopiques<\/h3>\n\n\n\n<ul class=\"wp-block-list\">\n<li><strong>Les consignes de s\u00e9curit\u00e9 : <\/strong>Pensez \u00e0 scanner nos <a href=\"https:\/\/www.riwal.com\/fr\/qr-code\/\">QR Code<\/a> pr\u00e9sent sur chacune de nos machines. Vous pourrez y retrouver tous les manuels d&rsquo;utilisation, fiches techniques de la machine&#8230;<\/li>\n\n\n\n<li><strong>Les \u00e9quipements de protection individuelle<\/strong> : Les op\u00e9rateurs doivent \u00eatre \u00e9quip\u00e9s de harnais de s\u00e9curit\u00e9, de casques, de gants et de chaussures. <\/li>\n\n\n\n<li><strong>Formations <\/strong>: Formez-vous \u00e0 l&rsquo;utilisation de la nacelle \u00e0 m\u00e2t vertical et notamment au <a href=\"https:\/\/www.riwal.com\/fr\/formation\/caces-r486\/caces-r486-cat-b-initial\/\">CACES\u00ae R486 cat\u00e9gorie B<\/a>, pour les nacelle Toucan, et<a href=\"https:\/\/www.riwal.com\/fr\/formation\/caces-r486\/caces-r486-cat-a-initial\/\"> CACES\u00ae R486 cat\u00e9gorie A<\/a> pour les nacelle \u00e0 m\u00e2t vertical.<\/li>\n<\/ul>\n<\/div><figure class=\"wp-block-media-text__media\"><img loading=\"lazy\" decoding=\"async\" width=\"830\" height=\"553\" src=\"https:\/\/eqsk4m2dkju.exactdn.com\/app\/uploads\/sites\/15\/2024\/01\/Nacelle-Toucan.jpg?strip=all&quality=92&webp=92&avif=80&sharp=1\" alt=\"\" class=\"wp-image-6866 size-full\" srcset=\"https:\/\/eqsk4m2dkju.exactdn.com\/app\/uploads\/sites\/15\/2024\/01\/Nacelle-Toucan.jpg?strip=all&amp;quality=92&amp;webp=92&amp;avif=80&amp;sharp=1 830w, https:\/\/eqsk4m2dkju.exactdn.com\/app\/uploads\/sites\/15\/2024\/01\/Nacelle-Toucan-300x200.jpg?strip=all&amp;quality=92&amp;webp=92&amp;avif=80&amp;sharp=1 300w, https:\/\/eqsk4m2dkju.exactdn.com\/app\/uploads\/sites\/15\/2024\/01\/Nacelle-Toucan-768x512.jpg?strip=all&amp;quality=92&amp;webp=92&amp;avif=80&amp;sharp=1 768w, https:\/\/eqsk4m2dkju.exactdn.com\/app\/uploads\/sites\/15\/2024\/01\/Nacelle-Toucan-178x119.jpg?strip=all&amp;quality=92&amp;webp=92&amp;avif=80&amp;sharp=1 178w, https:\/\/eqsk4m2dkju.exactdn.com\/app\/uploads\/sites\/15\/2024\/01\/Nacelle-Toucan-390x260.jpg?strip=all&amp;quality=92&amp;webp=92&amp;avif=80&amp;sharp=1 390w, https:\/\/eqsk4m2dkju.exactdn.com\/app\/uploads\/sites\/15\/2024\/01\/Nacelle-Toucan-250x167.jpg?strip=all&amp;quality=92&amp;webp=92&amp;avif=80&amp;sharp=1 250w, https:\/\/eqsk4m2dkju.exactdn.com\/app\/uploads\/sites\/15\/2024\/01\/Nacelle-Toucan-620x413.jpg?strip=all&amp;quality=92&amp;webp=92&amp;avif=80&amp;sharp=1 620w, https:\/\/eqsk4m2dkju.exactdn.com\/app\/uploads\/sites\/15\/2024\/01\/Nacelle-Toucan-237x158.jpg?strip=all&amp;quality=92&amp;webp=92&amp;avif=80&amp;sharp=1 237w, https:\/\/eqsk4m2dkju.exactdn.com\/app\/uploads\/sites\/15\/2024\/01\/Nacelle-Toucan-474x316.jpg?strip=all&amp;quality=92&amp;webp=92&amp;avif=80&amp;sharp=1 474w\" sizes=\"auto, (max-width: 830px) 100vw, 830px\" \/><\/figure><\/div>\n<\/div>\n\t\t\t\t\t\t\t<\/div> \n\n<div class=\"rental-wp-default-block rental-theme-block-default-margin\">\n\t\t\t\t\t\t\t\t<div class=\"container\">\n<div class=\"wp-block-media-text is-stacked-on-mobile\"><figure class=\"wp-block-media-text__media\"><img loading=\"lazy\" decoding=\"async\" width=\"600\" height=\"600\" src=\"https:\/\/eqsk4m2dkju.exactdn.com\/app\/uploads\/sites\/15\/2024\/03\/Nacelle-a-mat-vertical.png?strip=all&quality=92&webp=92&avif=80&sharp=1\" alt=\"\" class=\"wp-image-9017 size-full\" srcset=\"https:\/\/eqsk4m2dkju.exactdn.com\/app\/uploads\/sites\/15\/2024\/03\/Nacelle-a-mat-vertical.png?strip=all&amp;quality=92&amp;webp=92&amp;avif=80&amp;sharp=1 600w, https:\/\/eqsk4m2dkju.exactdn.com\/app\/uploads\/sites\/15\/2024\/03\/Nacelle-a-mat-vertical-300x300.png?strip=all&amp;quality=92&amp;webp=92&amp;avif=80&amp;sharp=1 300w, https:\/\/eqsk4m2dkju.exactdn.com\/app\/uploads\/sites\/15\/2024\/03\/Nacelle-a-mat-vertical-150x150.png?strip=all&amp;quality=92&amp;webp=92&amp;avif=80&amp;sharp=1 150w, https:\/\/eqsk4m2dkju.exactdn.com\/app\/uploads\/sites\/15\/2024\/03\/Nacelle-a-mat-vertical-178x178.png?strip=all&amp;quality=92&amp;webp=92&amp;avif=80&amp;sharp=1 178w, https:\/\/eqsk4m2dkju.exactdn.com\/app\/uploads\/sites\/15\/2024\/03\/Nacelle-a-mat-vertical-390x390.png?strip=all&amp;quality=92&amp;webp=92&amp;avif=80&amp;sharp=1 390w, https:\/\/eqsk4m2dkju.exactdn.com\/app\/uploads\/sites\/15\/2024\/03\/Nacelle-a-mat-vertical-200x200.png?strip=all&amp;quality=92&amp;webp=92&amp;avif=80&amp;sharp=1 200w, https:\/\/eqsk4m2dkju.exactdn.com\/app\/uploads\/sites\/15\/2024\/03\/Nacelle-a-mat-vertical-490x490.png?strip=all&amp;quality=92&amp;webp=92&amp;avif=80&amp;sharp=1 490w, https:\/\/eqsk4m2dkju.exactdn.com\/app\/uploads\/sites\/15\/2024\/03\/Nacelle-a-mat-vertical-237x237.png?strip=all&amp;quality=92&amp;webp=92&amp;avif=80&amp;sharp=1 237w, https:\/\/eqsk4m2dkju.exactdn.com\/app\/uploads\/sites\/15\/2024\/03\/Nacelle-a-mat-vertical-474x474.png?strip=all&amp;quality=92&amp;webp=92&amp;avif=80&amp;sharp=1 474w\" sizes=\"auto, (max-width: 600px) 100vw, 600px\" \/><\/figure><div class=\"wp-block-media-text__content\">\n<h3 class=\"wp-block-heading\" id=\"h-les-differentes-parties-d-une-nacelle-a-mat-vertical\">Les diff\u00e9rentes parties d&rsquo;une nacelle \u00e0 m\u00e2t vertical<\/h3>\n<\/div><\/div>\n<\/div>\n\t\t\t\t\t\t\t<\/div> ","protected":false},"excerpt":{"rendered":"<p>Guide nacelle \u00e0 m\u00e2t vertical Les nacelles \u00e0 m\u00e2t vertical sont reconnus pour leur grande agilit\u00e9. Elle s&rsquo;\u00e9l\u00e8ve de mani\u00e8re vertical. Riwal propose un large choix de nacelle \u00e0 m\u00e2t vertical et notamment les nacelles Toucan. D\u00e9couvrez notre guide complet pour choisir au mieux votre nacelle \u00e0 m\u00e2t vertical. Nos diff\u00e9rentes nacelle \u00e0 m\u00e2t vertical &hellip; <a href=\"https:\/\/www.riwal.com\/fr\/guide-nacelle-a-mat-vertical\/\">Voir plus<\/a><\/p>\n","protected":false},"author":51,"featured_media":0,"parent":0,"menu_order":0,"comment_status":"closed","ping_status":"closed","template":"","meta":{"_acf_changed":false,"footnotes":""},"class_list":["post-6857","page","type-page","status-publish","hentry"],"acf":[],"yoast_head":"<!-- This site is optimized with the Yoast SEO Premium plugin v27.1 (Yoast SEO v27.1.1) - https:\/\/yoast.com\/product\/yoast-seo-premium-wordpress\/ -->\n<title>Guide nacelle \u00e0 m\u00e2t vertical | Riwal France<\/title>\n<meta name=\"description\" content=\"D\u00e9couvrez notre guide complet de la nacelle \u00e0 m\u00e2t vertical pour choisir au mieux votre nacelle \u00e9l\u00e9vatrice. Contactez-nous pour en savoir plus.\" \/>\n<meta name=\"robots\" content=\"index, follow, max-snippet:-1, max-image-preview:large, max-video-preview:-1\" \/>\n<link rel=\"canonical\" href=\"https:\/\/www.riwal.com\/fr\/guide-nacelle-a-mat-vertical\/\" \/>\n<meta property=\"og:locale\" content=\"fr_FR\" \/>\n<meta property=\"og:type\" content=\"article\" \/>\n<meta property=\"og:title\" content=\"Guide nacelle \u00e0 m\u00e2t vertical\" \/>\n<meta property=\"og:description\" content=\"D\u00e9couvrez notre guide complet de la nacelle \u00e0 m\u00e2t vertical pour choisir au mieux votre nacelle \u00e9l\u00e9vatrice. Contactez-nous pour en savoir plus.\" \/>\n<meta property=\"og:url\" content=\"https:\/\/www.riwal.com\/fr\/guide-nacelle-a-mat-vertical\/\" \/>\n<meta property=\"og:site_name\" content=\"Riwal - France\" \/>\n<meta property=\"article:modified_time\" content=\"2024-11-05T08:46:13+00:00\" \/>\n<meta property=\"og:image\" content=\"https:\/\/www.riwal.com\/app\/uploads\/sites\/15\/2024\/01\/Nacelle-a-mat-vertical-toucan-electrique.jpg\" \/>\n<meta name=\"twitter:card\" content=\"summary_large_image\" \/>\n<meta name=\"twitter:label1\" content=\"Est. reading time\" \/>\n\t<meta name=\"twitter:data1\" content=\"4 minutes\" \/>\n<script type=\"application\/ld+json\" class=\"yoast-schema-graph\">{\"@context\":\"https:\/\/schema.org\",\"@graph\":[{\"@type\":\"WebPage\",\"@id\":\"https:\/\/www.riwal.com\/fr\/guide-nacelle-a-mat-vertical\/\",\"url\":\"https:\/\/www.riwal.com\/fr\/guide-nacelle-a-mat-vertical\/\",\"name\":\"Guide nacelle \u00e0 m\u00e2t vertical | Riwal France\",\"isPartOf\":{\"@id\":\"https:\/\/www.riwal.com\/fr\/#website\"},\"primaryImageOfPage\":{\"@id\":\"https:\/\/www.riwal.com\/fr\/guide-nacelle-a-mat-vertical\/#primaryimage\"},\"image\":{\"@id\":\"https:\/\/www.riwal.com\/fr\/guide-nacelle-a-mat-vertical\/#primaryimage\"},\"thumbnailUrl\":\"https:\/\/www.riwal.com\/app\/uploads\/sites\/15\/2024\/01\/Nacelle-a-mat-vertical-toucan-electrique.jpg\",\"datePublished\":\"2024-03-06T13:12:51+00:00\",\"dateModified\":\"2024-11-05T08:46:13+00:00\",\"description\":\"D\u00e9couvrez notre guide complet de la nacelle \u00e0 m\u00e2t vertical pour choisir au mieux votre nacelle \u00e9l\u00e9vatrice. Contactez-nous pour en savoir plus.\",\"breadcrumb\":{\"@id\":\"https:\/\/www.riwal.com\/fr\/guide-nacelle-a-mat-vertical\/#breadcrumb\"},\"inLanguage\":\"fr-FR\",\"potentialAction\":[{\"@type\":\"ReadAction\",\"target\":[\"https:\/\/www.riwal.com\/fr\/guide-nacelle-a-mat-vertical\/\"]}]},{\"@type\":\"ImageObject\",\"inLanguage\":\"fr-FR\",\"@id\":\"https:\/\/www.riwal.com\/fr\/guide-nacelle-a-mat-vertical\/#primaryimage\",\"url\":\"https:\/\/www.riwal.com\/app\/uploads\/sites\/15\/2024\/01\/Nacelle-a-mat-vertical-toucan-electrique.jpg\",\"contentUrl\":\"https:\/\/www.riwal.com\/app\/uploads\/sites\/15\/2024\/01\/Nacelle-a-mat-vertical-toucan-electrique.jpg\"},{\"@type\":\"BreadcrumbList\",\"@id\":\"https:\/\/www.riwal.com\/fr\/guide-nacelle-a-mat-vertical\/#breadcrumb\",\"itemListElement\":[{\"@type\":\"ListItem\",\"position\":1,\"name\":\"Accueil\",\"item\":\"https:\/\/www.riwal.com\/fr\/\"},{\"@type\":\"ListItem\",\"position\":2,\"name\":\"Guide nacelle \u00e0 m\u00e2t vertical\"}]},{\"@type\":\"WebSite\",\"@id\":\"https:\/\/www.riwal.com\/fr\/#website\",\"url\":\"https:\/\/www.riwal.com\/fr\/\",\"name\":\"Riwal\",\"description\":\"Location nacelle \u00e9l\u00e9vatrice, formation CACES, vente nacelles - Riwal France\",\"publisher\":{\"@id\":\"https:\/\/www.riwal.com\/fr\/#organization\"},\"potentialAction\":[{\"@type\":\"SearchAction\",\"target\":{\"@type\":\"EntryPoint\",\"urlTemplate\":\"https:\/\/www.riwal.com\/fr\/?s={search_term_string}\"},\"query-input\":{\"@type\":\"PropertyValueSpecification\",\"valueRequired\":true,\"valueName\":\"search_term_string\"}}],\"inLanguage\":\"fr-FR\"},{\"@type\":\"Organization\",\"@id\":\"https:\/\/www.riwal.com\/fr\/#organization\",\"name\":\"Riwal\",\"url\":\"https:\/\/www.riwal.com\/fr\/\",\"logo\":{\"@type\":\"ImageObject\",\"inLanguage\":\"fr-FR\",\"@id\":\"https:\/\/www.riwal.com\/fr\/#\/schema\/logo\/image\/\",\"url\":\"\",\"contentUrl\":\"\",\"caption\":\"Riwal\"},\"image\":{\"@id\":\"https:\/\/www.riwal.com\/fr\/#\/schema\/logo\/image\/\"}}]}<\/script>\n<!-- \/ Yoast SEO Premium plugin. -->","yoast_head_json":{"title":"Guide nacelle \u00e0 m\u00e2t vertical | Riwal France","description":"D\u00e9couvrez notre guide complet de la nacelle \u00e0 m\u00e2t vertical pour choisir au mieux votre nacelle \u00e9l\u00e9vatrice. Contactez-nous pour en savoir plus.","robots":{"index":"index","follow":"follow","max-snippet":"max-snippet:-1","max-image-preview":"max-image-preview:large","max-video-preview":"max-video-preview:-1"},"canonical":"https:\/\/www.riwal.com\/fr\/guide-nacelle-a-mat-vertical\/","og_locale":"fr_FR","og_type":"article","og_title":"Guide nacelle \u00e0 m\u00e2t vertical","og_description":"D\u00e9couvrez notre guide complet de la nacelle \u00e0 m\u00e2t vertical pour choisir au mieux votre nacelle \u00e9l\u00e9vatrice. Contactez-nous pour en savoir plus.","og_url":"https:\/\/www.riwal.com\/fr\/guide-nacelle-a-mat-vertical\/","og_site_name":"Riwal - France","article_modified_time":"2024-11-05T08:46:13+00:00","og_image":[{"url":"https:\/\/www.riwal.com\/app\/uploads\/sites\/15\/2024\/01\/Nacelle-a-mat-vertical-toucan-electrique.jpg","type":"","width":"","height":""}],"twitter_card":"summary_large_image","twitter_misc":{"Est. reading time":"4 minutes"},"schema":{"@context":"https:\/\/schema.org","@graph":[{"@type":"WebPage","@id":"https:\/\/www.riwal.com\/fr\/guide-nacelle-a-mat-vertical\/","url":"https:\/\/www.riwal.com\/fr\/guide-nacelle-a-mat-vertical\/","name":"Guide nacelle \u00e0 m\u00e2t vertical | Riwal France","isPartOf":{"@id":"https:\/\/www.riwal.com\/fr\/#website"},"primaryImageOfPage":{"@id":"https:\/\/www.riwal.com\/fr\/guide-nacelle-a-mat-vertical\/#primaryimage"},"image":{"@id":"https:\/\/www.riwal.com\/fr\/guide-nacelle-a-mat-vertical\/#primaryimage"},"thumbnailUrl":"https:\/\/www.riwal.com\/app\/uploads\/sites\/15\/2024\/01\/Nacelle-a-mat-vertical-toucan-electrique.jpg","datePublished":"2024-03-06T13:12:51+00:00","dateModified":"2024-11-05T08:46:13+00:00","description":"D\u00e9couvrez notre guide complet de la nacelle \u00e0 m\u00e2t vertical pour choisir au mieux votre nacelle \u00e9l\u00e9vatrice. Contactez-nous pour en savoir plus.","breadcrumb":{"@id":"https:\/\/www.riwal.com\/fr\/guide-nacelle-a-mat-vertical\/#breadcrumb"},"inLanguage":"fr-FR","potentialAction":[{"@type":"ReadAction","target":["https:\/\/www.riwal.com\/fr\/guide-nacelle-a-mat-vertical\/"]}]},{"@type":"ImageObject","inLanguage":"fr-FR","@id":"https:\/\/www.riwal.com\/fr\/guide-nacelle-a-mat-vertical\/#primaryimage","url":"https:\/\/www.riwal.com\/app\/uploads\/sites\/15\/2024\/01\/Nacelle-a-mat-vertical-toucan-electrique.jpg","contentUrl":"https:\/\/www.riwal.com\/app\/uploads\/sites\/15\/2024\/01\/Nacelle-a-mat-vertical-toucan-electrique.jpg"},{"@type":"BreadcrumbList","@id":"https:\/\/www.riwal.com\/fr\/guide-nacelle-a-mat-vertical\/#breadcrumb","itemListElement":[{"@type":"ListItem","position":1,"name":"Accueil","item":"https:\/\/www.riwal.com\/fr\/"},{"@type":"ListItem","position":2,"name":"Guide nacelle \u00e0 m\u00e2t vertical"}]},{"@type":"WebSite","@id":"https:\/\/www.riwal.com\/fr\/#website","url":"https:\/\/www.riwal.com\/fr\/","name":"Riwal","description":"Location nacelle \u00e9l\u00e9vatrice, formation CACES, vente nacelles - Riwal France","publisher":{"@id":"https:\/\/www.riwal.com\/fr\/#organization"},"potentialAction":[{"@type":"SearchAction","target":{"@type":"EntryPoint","urlTemplate":"https:\/\/www.riwal.com\/fr\/?s={search_term_string}"},"query-input":{"@type":"PropertyValueSpecification","valueRequired":true,"valueName":"search_term_string"}}],"inLanguage":"fr-FR"},{"@type":"Organization","@id":"https:\/\/www.riwal.com\/fr\/#organization","name":"Riwal","url":"https:\/\/www.riwal.com\/fr\/","logo":{"@type":"ImageObject","inLanguage":"fr-FR","@id":"https:\/\/www.riwal.com\/fr\/#\/schema\/logo\/image\/","url":"","contentUrl":"","caption":"Riwal"},"image":{"@id":"https:\/\/www.riwal.com\/fr\/#\/schema\/logo\/image\/"}}]}},"_links":{"self":[{"href":"https:\/\/www.riwal.com\/fr\/wp-json\/wp\/v2\/pages\/6857","targetHints":{"allow":["GET"]}}],"collection":[{"href":"https:\/\/www.riwal.com\/fr\/wp-json\/wp\/v2\/pages"}],"about":[{"href":"https:\/\/www.riwal.com\/fr\/wp-json\/wp\/v2\/types\/page"}],"author":[{"embeddable":true,"href":"https:\/\/www.riwal.com\/fr\/wp-json\/wp\/v2\/users\/51"}],"replies":[{"embeddable":true,"href":"https:\/\/www.riwal.com\/fr\/wp-json\/wp\/v2\/comments?post=6857"}],"version-history":[{"count":6,"href":"https:\/\/www.riwal.com\/fr\/wp-json\/wp\/v2\/pages\/6857\/revisions"}],"predecessor-version":[{"id":17008,"href":"https:\/\/www.riwal.com\/fr\/wp-json\/wp\/v2\/pages\/6857\/revisions\/17008"}],"wp:attachment":[{"href":"https:\/\/www.riwal.com\/fr\/wp-json\/wp\/v2\/media?parent=6857"}],"curies":[{"name":"wp","href":"https:\/\/api.w.org\/{rel}","templated":true}]}}