{"id":6700,"date":"2024-03-06T13:28:27","date_gmt":"2024-03-06T13:28:27","guid":{"rendered":"https:\/\/www.riwal.com\/fr\/?page_id=6700"},"modified":"2024-04-29T15:50:45","modified_gmt":"2024-04-29T13:50:45","slug":"guide-nacelle-a-fleche-telescopique","status":"publish","type":"page","link":"https:\/\/www.riwal.com\/fr\/guide-nacelle-a-fleche-telescopique\/","title":{"rendered":"Guide nacelle \u00e0 fl\u00e8che t\u00e9lescopique"},"content":{"rendered":"<div class=\"container\">\n<h1 class=\"wp-block-heading\" id=\"h-guide-nacelle-a-fleche-telescopique\">Guide nacelle \u00e0 fl\u00e8che t\u00e9lescopique<\/h1>\n<\/div>\n\n<div class=\"container\">\n<p>La nacelle \u00e0 fl\u00e8che t\u00e9lescopique est un \u00e9quipement de travail en hauteur indispensable pour de nombreux secteurs d&rsquo;activit\u00e9. <\/p>\n<\/div>\n\n<div class=\"container\">\n<p>Dans cet article, nous vous proposons un guide complet sur les nacelle \u00e0 fl\u00e8che t\u00e9lescopique, son fonctionnement, les avantages et comment faire pour choisir au mieux sa nacelle. <\/p>\n<\/div>\n\n<div class=\"container\">\n<h2 class=\"wp-block-heading\" id=\"h-nos-differents-types-de-nacelles-a-fleche-telescopiques\">Nos diff\u00e9rents types de nacelles \u00e0 fl\u00e8che t\u00e9lescopiques<\/h2>\n<\/div>\n\n<div class=\"rental-wp-default-block rental-theme-block-default-margin\">\n\t\t\t\t\t\t\t\t<div class=\"container\">\n<div class=\"wp-block-media-text is-stacked-on-mobile\"><figure class=\"wp-block-media-text__media\"><img loading=\"lazy\" decoding=\"async\" width=\"830\" height=\"553\" src=\"https:\/\/eqsk4m2dkju.exactdn.com\/app\/uploads\/sites\/15\/2024\/01\/Fleche-telescopique-diesel.jpg?strip=all&quality=92&webp=92&avif=80&sharp=1\" alt=\"\" class=\"wp-image-6701 size-full\" srcset=\"https:\/\/eqsk4m2dkju.exactdn.com\/app\/uploads\/sites\/15\/2024\/01\/Fleche-telescopique-diesel.jpg?strip=all&amp;quality=92&amp;webp=92&amp;avif=80&amp;sharp=1 830w, https:\/\/eqsk4m2dkju.exactdn.com\/app\/uploads\/sites\/15\/2024\/01\/Fleche-telescopique-diesel-300x200.jpg?strip=all&amp;quality=92&amp;webp=92&amp;avif=80&amp;sharp=1 300w, https:\/\/eqsk4m2dkju.exactdn.com\/app\/uploads\/sites\/15\/2024\/01\/Fleche-telescopique-diesel-768x512.jpg?strip=all&amp;quality=92&amp;webp=92&amp;avif=80&amp;sharp=1 768w, https:\/\/eqsk4m2dkju.exactdn.com\/app\/uploads\/sites\/15\/2024\/01\/Fleche-telescopique-diesel-178x119.jpg?strip=all&amp;quality=92&amp;webp=92&amp;avif=80&amp;sharp=1 178w, https:\/\/eqsk4m2dkju.exactdn.com\/app\/uploads\/sites\/15\/2024\/01\/Fleche-telescopique-diesel-390x260.jpg?strip=all&amp;quality=92&amp;webp=92&amp;avif=80&amp;sharp=1 390w, https:\/\/eqsk4m2dkju.exactdn.com\/app\/uploads\/sites\/15\/2024\/01\/Fleche-telescopique-diesel-250x167.jpg?strip=all&amp;quality=92&amp;webp=92&amp;avif=80&amp;sharp=1 250w, https:\/\/eqsk4m2dkju.exactdn.com\/app\/uploads\/sites\/15\/2024\/01\/Fleche-telescopique-diesel-620x413.jpg?strip=all&amp;quality=92&amp;webp=92&amp;avif=80&amp;sharp=1 620w, https:\/\/eqsk4m2dkju.exactdn.com\/app\/uploads\/sites\/15\/2024\/01\/Fleche-telescopique-diesel-237x158.jpg?strip=all&amp;quality=92&amp;webp=92&amp;avif=80&amp;sharp=1 237w, https:\/\/eqsk4m2dkju.exactdn.com\/app\/uploads\/sites\/15\/2024\/01\/Fleche-telescopique-diesel-474x316.jpg?strip=all&amp;quality=92&amp;webp=92&amp;avif=80&amp;sharp=1 474w\" sizes=\"auto, (max-width: 830px) 100vw, 830px\" \/><\/figure><div class=\"wp-block-media-text__content\">\n<h3 class=\"wp-block-heading\" id=\"h-nacelle-a-fleche-telescopique-diesel\">Nacelle \u00e0 fl\u00e8che t\u00e9lescopique diesel<\/h3>\n\n\n\n<p>Les nacelles \u00e0 fl\u00e8che t\u00e9lescopique diesel dispose d&rsquo;une hauteur de travail de 40m et d&rsquo;une capacit\u00e9 de charge de 230kg. La nacelle \u00e0 fl\u00e8che t\u00e9lescopique \u00e9volue facilement sur tous les types de chantiers gr\u00e2ce \u00e0 sa transmission \u00e0 quatre roues motrices et directrices ainsi qu&rsquo;\u00e0 son essieu oscillant. <\/p>\n<\/div><\/div>\n<\/div>\n\t\t\t\t\t\t\t<\/div> \n\n<div class=\"rental-wp-default-block rental-theme-block-default-margin\">\n\t\t\t\t\t\t\t\t<div class=\"container\">\n<div class=\"wp-block-media-text has-media-on-the-right is-stacked-on-mobile\"><div class=\"wp-block-media-text__content\">\n<h3 class=\"wp-block-heading\" id=\"h-nacelle-a-fleche-telescopique-electrique\">Nacelle \u00e0 fl\u00e8che t\u00e9lescopique \u00e9lectrique<\/h3>\n\n\n\n<p>La nacelle  fl\u00e8che t\u00e9lescopique \u00e9lectrique peut atteindre une hauteur de 28m et une capacit\u00e9 de charge de 230kg. Cette nacelle est polyvalente, elle permet de travailler aussi bien \u00e0 l&rsquo;ext\u00e9rieur qu&rsquo;\u00e0 l&rsquo;int\u00e9rieur du fait de son moteur \u00e9lectrique. Ses commandes intuitives permettent un temps de familiarisation r\u00e9duit. <\/p>\n<\/div><figure class=\"wp-block-media-text__media\"><img loading=\"lazy\" decoding=\"async\" width=\"830\" height=\"623\" src=\"https:\/\/eqsk4m2dkju.exactdn.com\/app\/uploads\/sites\/15\/2024\/01\/fleche-telescopique-electrique.jpg?strip=all&quality=92&webp=92&avif=80&sharp=1\" alt=\"\" class=\"wp-image-6711 size-full\" srcset=\"https:\/\/eqsk4m2dkju.exactdn.com\/app\/uploads\/sites\/15\/2024\/01\/fleche-telescopique-electrique.jpg?strip=all&amp;quality=92&amp;webp=92&amp;avif=80&amp;sharp=1 830w, https:\/\/eqsk4m2dkju.exactdn.com\/app\/uploads\/sites\/15\/2024\/01\/fleche-telescopique-electrique-300x225.jpg?strip=all&amp;quality=92&amp;webp=92&amp;avif=80&amp;sharp=1 300w, https:\/\/eqsk4m2dkju.exactdn.com\/app\/uploads\/sites\/15\/2024\/01\/fleche-telescopique-electrique-768x576.jpg?strip=all&amp;quality=92&amp;webp=92&amp;avif=80&amp;sharp=1 768w, https:\/\/eqsk4m2dkju.exactdn.com\/app\/uploads\/sites\/15\/2024\/01\/fleche-telescopique-electrique-178x134.jpg?strip=all&amp;quality=92&amp;webp=92&amp;avif=80&amp;sharp=1 178w, https:\/\/eqsk4m2dkju.exactdn.com\/app\/uploads\/sites\/15\/2024\/01\/fleche-telescopique-electrique-390x293.jpg?strip=all&amp;quality=92&amp;webp=92&amp;avif=80&amp;sharp=1 390w, https:\/\/eqsk4m2dkju.exactdn.com\/app\/uploads\/sites\/15\/2024\/01\/fleche-telescopique-electrique-250x188.jpg?strip=all&amp;quality=92&amp;webp=92&amp;avif=80&amp;sharp=1 250w, https:\/\/eqsk4m2dkju.exactdn.com\/app\/uploads\/sites\/15\/2024\/01\/fleche-telescopique-electrique-620x465.jpg?strip=all&amp;quality=92&amp;webp=92&amp;avif=80&amp;sharp=1 620w, https:\/\/eqsk4m2dkju.exactdn.com\/app\/uploads\/sites\/15\/2024\/01\/fleche-telescopique-electrique-237x178.jpg?strip=all&amp;quality=92&amp;webp=92&amp;avif=80&amp;sharp=1 237w, https:\/\/eqsk4m2dkju.exactdn.com\/app\/uploads\/sites\/15\/2024\/01\/fleche-telescopique-electrique-474x356.jpg?strip=all&amp;quality=92&amp;webp=92&amp;avif=80&amp;sharp=1 474w\" sizes=\"auto, (max-width: 830px) 100vw, 830px\" \/><\/figure><\/div>\n<\/div>\n\t\t\t\t\t\t\t<\/div> \n\n<div class=\"container\">\n<h2 class=\"wp-block-heading\" id=\"h-conseils-pour-bien-choisir-sa-nacelle-a-fleche-telescopique\">Conseils pour bien choisir sa nacelle \u00e0 fl\u00e8che t\u00e9lescopique<\/h2>\n<\/div>\n\n<div class=\"container\">\n<ul class=\"wp-block-list\">\n<li><strong>La hauteur de travail :<\/strong> La nacelle \u00e0 fl\u00e8che t\u00e9lescopique est con\u00e7ue pour atteindre des hauteurs importantes. Privil\u00e9giez toujours la location d&rsquo;une nacelle t\u00e9lescopique ayant une hauteur de travail l\u00e9g\u00e8rement sup\u00e9rieure \u00e0 celle que vous devez atteindre. Pour cela, vous pouvez visualiser en situation r\u00e9elle gr\u00e2ce \u00e0 la r\u00e9alit\u00e9 augment\u00e9e disponible dans nos <a href=\"https:\/\/www.myriwal.com\/\">application My Riwal<\/a>.                                                                                                                                   <\/li>\n\n\n\n<li><strong>La capacit\u00e9 de charge : <\/strong>Une nacelle t\u00e9lescopique a une capacit\u00e9 de charge allant jusqu&rsquo;\u00e0 environ 450 kg. Pour calculer la charge maximale admissible pour votre mat\u00e9riel de location, prenez en compte le personnel, les outils et le mat\u00e9riel, qui seront sur la plateforme. <\/li>\n\n\n\n<li><strong>L&rsquo;\u00e9nergie de la nacelle :<\/strong> Nos nacelles \u00e0 fl\u00e8ches t\u00e9lescopiques sont disponibles en version diesel et 100% \u00e9lectrique. Pour vos chantier \u00e0 l&rsquo;ext\u00e9rieur privil\u00e9giez les nacelles \u00e0 fl\u00e8che t\u00e9lescopique diesel, si au contraire vos chantiers sont \u00e0 l&rsquo;int\u00e9rieur, la version \u00e9lectrique, silencieuse et non-polluante, conviendrait parfaitement. <\/li>\n<\/ul>\n<\/div>\n\n<div class=\"rental-wp-default-block rental-theme-block-default-margin\">\n\t\t\t\t\t\t\t\t<div class=\"container\">\n<div class=\"wp-block-media-text is-stacked-on-mobile\"><figure class=\"wp-block-media-text__media\"><img loading=\"lazy\" decoding=\"async\" width=\"830\" height=\"553\" src=\"https:\/\/eqsk4m2dkju.exactdn.com\/app\/uploads\/sites\/15\/2024\/01\/Nacelle-a-fleche-telescopique.jpg?strip=all&quality=92&webp=92&avif=80&sharp=1\" alt=\"\" class=\"wp-image-6716 size-full\" srcset=\"https:\/\/eqsk4m2dkju.exactdn.com\/app\/uploads\/sites\/15\/2024\/01\/Nacelle-a-fleche-telescopique.jpg?strip=all&amp;quality=92&amp;webp=92&amp;avif=80&amp;sharp=1 830w, https:\/\/eqsk4m2dkju.exactdn.com\/app\/uploads\/sites\/15\/2024\/01\/Nacelle-a-fleche-telescopique-300x200.jpg?strip=all&amp;quality=92&amp;webp=92&amp;avif=80&amp;sharp=1 300w, https:\/\/eqsk4m2dkju.exactdn.com\/app\/uploads\/sites\/15\/2024\/01\/Nacelle-a-fleche-telescopique-768x512.jpg?strip=all&amp;quality=92&amp;webp=92&amp;avif=80&amp;sharp=1 768w, https:\/\/eqsk4m2dkju.exactdn.com\/app\/uploads\/sites\/15\/2024\/01\/Nacelle-a-fleche-telescopique-178x119.jpg?strip=all&amp;quality=92&amp;webp=92&amp;avif=80&amp;sharp=1 178w, https:\/\/eqsk4m2dkju.exactdn.com\/app\/uploads\/sites\/15\/2024\/01\/Nacelle-a-fleche-telescopique-390x260.jpg?strip=all&amp;quality=92&amp;webp=92&amp;avif=80&amp;sharp=1 390w, https:\/\/eqsk4m2dkju.exactdn.com\/app\/uploads\/sites\/15\/2024\/01\/Nacelle-a-fleche-telescopique-250x167.jpg?strip=all&amp;quality=92&amp;webp=92&amp;avif=80&amp;sharp=1 250w, https:\/\/eqsk4m2dkju.exactdn.com\/app\/uploads\/sites\/15\/2024\/01\/Nacelle-a-fleche-telescopique-620x413.jpg?strip=all&amp;quality=92&amp;webp=92&amp;avif=80&amp;sharp=1 620w, https:\/\/eqsk4m2dkju.exactdn.com\/app\/uploads\/sites\/15\/2024\/01\/Nacelle-a-fleche-telescopique-237x158.jpg?strip=all&amp;quality=92&amp;webp=92&amp;avif=80&amp;sharp=1 237w, https:\/\/eqsk4m2dkju.exactdn.com\/app\/uploads\/sites\/15\/2024\/01\/Nacelle-a-fleche-telescopique-474x316.jpg?strip=all&amp;quality=92&amp;webp=92&amp;avif=80&amp;sharp=1 474w\" sizes=\"auto, (max-width: 830px) 100vw, 830px\" \/><\/figure><div class=\"wp-block-media-text__content\">\n<h2 class=\"wp-block-heading\" id=\"h-la-securite-avec-nos-nacelles-a-fleche-telescopiques\">La s\u00e9curit\u00e9 avec nos nacelles \u00e0 fl\u00e8che t\u00e9lescopiques<\/h2>\n\n\n\n<ul class=\"wp-block-list\">\n<li><strong>Les consignes de s\u00e9curit\u00e9 : <\/strong>Pensez \u00e0 scanner nos <a href=\"https:\/\/www.riwal.com\/fr\/qr-code\/\">QR Code<\/a> pr\u00e9sent sur chacune de nos machines. Vous pourrez y retrouver tous les manuels d&rsquo;utilisation, fiches techniques de la machine&#8230;<\/li>\n\n\n\n<li><strong>Les \u00e9quipements de protection individuelle<\/strong> : Les op\u00e9rateurs doivent \u00eatre \u00e9quip\u00e9s de harnais de s\u00e9curit\u00e9, de casques, de gants et de chaussures. <\/li>\n\n\n\n<li><strong>Formations <\/strong>: Formez-vous \u00e0 l&rsquo;utilisation de la nacelle \u00e0 fl\u00e8che t\u00e9lescopique et notamment au <a href=\"https:\/\/www.riwal.com\/fr\/formation\/caces-r486\/caces-r486-cat-b-initial\/\">CACES R486 cat\u00e9gorie B.<\/a><\/li>\n<\/ul>\n<\/div><\/div>\n<\/div>\n\t\t\t\t\t\t\t<\/div> \n\n<div class=\"rental-wp-default-block rental-theme-block-default-margin\">\n\t\t\t\t\t\t\t\t<div class=\"container\">\n<div class=\"wp-block-media-text has-media-on-the-right is-stacked-on-mobile\"><div class=\"wp-block-media-text__content\">\n<h3 class=\"wp-block-heading\" id=\"h-les-differentes-parties-d-une-nacelle-a-fleche-telescopiques\">Les diff\u00e9rentes parties d&rsquo;une nacelle \u00e0 fl\u00e8che t\u00e9lescopiques<\/h3>\n<\/div><figure class=\"wp-block-media-text__media\"><img loading=\"lazy\" decoding=\"async\" width=\"600\" height=\"600\" src=\"https:\/\/eqsk4m2dkju.exactdn.com\/app\/uploads\/sites\/15\/2024\/03\/Nacelle-a-fleche-telescopique.png?strip=all&quality=92&webp=92&avif=80&sharp=1\" alt=\"\" class=\"wp-image-9035 size-full\" srcset=\"https:\/\/eqsk4m2dkju.exactdn.com\/app\/uploads\/sites\/15\/2024\/03\/Nacelle-a-fleche-telescopique.png?strip=all&amp;quality=92&amp;webp=92&amp;avif=80&amp;sharp=1 600w, https:\/\/eqsk4m2dkju.exactdn.com\/app\/uploads\/sites\/15\/2024\/03\/Nacelle-a-fleche-telescopique-300x300.png?strip=all&amp;quality=92&amp;webp=92&amp;avif=80&amp;sharp=1 300w, https:\/\/eqsk4m2dkju.exactdn.com\/app\/uploads\/sites\/15\/2024\/03\/Nacelle-a-fleche-telescopique-150x150.png?strip=all&amp;quality=92&amp;webp=92&amp;avif=80&amp;sharp=1 150w, https:\/\/eqsk4m2dkju.exactdn.com\/app\/uploads\/sites\/15\/2024\/03\/Nacelle-a-fleche-telescopique-178x178.png?strip=all&amp;quality=92&amp;webp=92&amp;avif=80&amp;sharp=1 178w, https:\/\/eqsk4m2dkju.exactdn.com\/app\/uploads\/sites\/15\/2024\/03\/Nacelle-a-fleche-telescopique-390x390.png?strip=all&amp;quality=92&amp;webp=92&amp;avif=80&amp;sharp=1 390w, https:\/\/eqsk4m2dkju.exactdn.com\/app\/uploads\/sites\/15\/2024\/03\/Nacelle-a-fleche-telescopique-200x200.png?strip=all&amp;quality=92&amp;webp=92&amp;avif=80&amp;sharp=1 200w, https:\/\/eqsk4m2dkju.exactdn.com\/app\/uploads\/sites\/15\/2024\/03\/Nacelle-a-fleche-telescopique-490x490.png?strip=all&amp;quality=92&amp;webp=92&amp;avif=80&amp;sharp=1 490w, https:\/\/eqsk4m2dkju.exactdn.com\/app\/uploads\/sites\/15\/2024\/03\/Nacelle-a-fleche-telescopique-237x237.png?strip=all&amp;quality=92&amp;webp=92&amp;avif=80&amp;sharp=1 237w, https:\/\/eqsk4m2dkju.exactdn.com\/app\/uploads\/sites\/15\/2024\/03\/Nacelle-a-fleche-telescopique-474x474.png?strip=all&amp;quality=92&amp;webp=92&amp;avif=80&amp;sharp=1 474w\" sizes=\"auto, (max-width: 600px) 100vw, 600px\" \/><\/figure><\/div>\n<\/div>\n\t\t\t\t\t\t\t<\/div> ","protected":false},"excerpt":{"rendered":"<p>Guide nacelle \u00e0 fl\u00e8che t\u00e9lescopique La nacelle \u00e0 fl\u00e8che t\u00e9lescopique est un \u00e9quipement de travail en hauteur indispensable pour de nombreux secteurs d&rsquo;activit\u00e9. Dans cet article, nous vous proposons un guide complet sur les nacelle \u00e0 fl\u00e8che t\u00e9lescopique, son fonctionnement, les avantages et comment faire pour choisir au mieux sa nacelle. Nos diff\u00e9rents types de &hellip; <a href=\"https:\/\/www.riwal.com\/fr\/guide-nacelle-a-fleche-telescopique\/\">Voir plus<\/a><\/p>\n","protected":false},"author":51,"featured_media":0,"parent":0,"menu_order":0,"comment_status":"closed","ping_status":"closed","template":"","meta":{"_acf_changed":false,"footnotes":""},"class_list":["post-6700","page","type-page","status-publish","hentry"],"acf":[],"yoast_head":"<!-- This site is optimized with the Yoast SEO Premium plugin v27.1 (Yoast SEO v27.1.1) - https:\/\/yoast.com\/product\/yoast-seo-premium-wordpress\/ -->\n<title>Guide nacelle \u00e0 fl\u00e8che t\u00e9lescopique | Riwal France<\/title>\n<meta name=\"description\" content=\"Retrouvez notre guide complet de nacelle \u00e0 fl\u00e8che t\u00e9lescopique, vous permettant de choisir au mieux vos machines pour vos locations.\" \/>\n<meta name=\"robots\" content=\"index, follow, max-snippet:-1, max-image-preview:large, max-video-preview:-1\" \/>\n<link rel=\"canonical\" href=\"https:\/\/www.riwal.com\/fr\/guide-nacelle-a-fleche-telescopique\/\" \/>\n<meta property=\"og:locale\" content=\"fr_FR\" \/>\n<meta property=\"og:type\" content=\"article\" \/>\n<meta property=\"og:title\" content=\"Guide nacelle \u00e0 fl\u00e8che t\u00e9lescopique\" \/>\n<meta property=\"og:description\" content=\"Retrouvez notre guide complet de nacelle \u00e0 fl\u00e8che t\u00e9lescopique, vous permettant de choisir au mieux vos machines pour vos locations.\" \/>\n<meta property=\"og:url\" content=\"https:\/\/www.riwal.com\/fr\/guide-nacelle-a-fleche-telescopique\/\" \/>\n<meta property=\"og:site_name\" content=\"Riwal - France\" \/>\n<meta property=\"article:modified_time\" content=\"2024-04-29T13:50:45+00:00\" \/>\n<meta property=\"og:image\" content=\"https:\/\/www.riwal.com\/app\/uploads\/sites\/15\/2024\/01\/Fleche-telescopique-diesel.jpg\" \/>\n<meta name=\"twitter:card\" content=\"summary_large_image\" \/>\n<meta name=\"twitter:label1\" content=\"Est. reading time\" \/>\n\t<meta name=\"twitter:data1\" content=\"3 minutes\" \/>\n<script type=\"application\/ld+json\" class=\"yoast-schema-graph\">{\"@context\":\"https:\/\/schema.org\",\"@graph\":[{\"@type\":\"WebPage\",\"@id\":\"https:\/\/www.riwal.com\/fr\/guide-nacelle-a-fleche-telescopique\/\",\"url\":\"https:\/\/www.riwal.com\/fr\/guide-nacelle-a-fleche-telescopique\/\",\"name\":\"Guide nacelle \u00e0 fl\u00e8che t\u00e9lescopique | Riwal France\",\"isPartOf\":{\"@id\":\"https:\/\/www.riwal.com\/fr\/#website\"},\"primaryImageOfPage\":{\"@id\":\"https:\/\/www.riwal.com\/fr\/guide-nacelle-a-fleche-telescopique\/#primaryimage\"},\"image\":{\"@id\":\"https:\/\/www.riwal.com\/fr\/guide-nacelle-a-fleche-telescopique\/#primaryimage\"},\"thumbnailUrl\":\"https:\/\/www.riwal.com\/app\/uploads\/sites\/15\/2024\/01\/Fleche-telescopique-diesel.jpg\",\"datePublished\":\"2024-03-06T13:28:27+00:00\",\"dateModified\":\"2024-04-29T13:50:45+00:00\",\"description\":\"Retrouvez notre guide complet de nacelle \u00e0 fl\u00e8che t\u00e9lescopique, vous permettant de choisir au mieux vos machines pour vos locations.\",\"breadcrumb\":{\"@id\":\"https:\/\/www.riwal.com\/fr\/guide-nacelle-a-fleche-telescopique\/#breadcrumb\"},\"inLanguage\":\"fr-FR\",\"potentialAction\":[{\"@type\":\"ReadAction\",\"target\":[\"https:\/\/www.riwal.com\/fr\/guide-nacelle-a-fleche-telescopique\/\"]}]},{\"@type\":\"ImageObject\",\"inLanguage\":\"fr-FR\",\"@id\":\"https:\/\/www.riwal.com\/fr\/guide-nacelle-a-fleche-telescopique\/#primaryimage\",\"url\":\"https:\/\/www.riwal.com\/app\/uploads\/sites\/15\/2024\/01\/Fleche-telescopique-diesel.jpg\",\"contentUrl\":\"https:\/\/www.riwal.com\/app\/uploads\/sites\/15\/2024\/01\/Fleche-telescopique-diesel.jpg\"},{\"@type\":\"BreadcrumbList\",\"@id\":\"https:\/\/www.riwal.com\/fr\/guide-nacelle-a-fleche-telescopique\/#breadcrumb\",\"itemListElement\":[{\"@type\":\"ListItem\",\"position\":1,\"name\":\"Accueil\",\"item\":\"https:\/\/www.riwal.com\/fr\/\"},{\"@type\":\"ListItem\",\"position\":2,\"name\":\"Guide nacelle \u00e0 fl\u00e8che t\u00e9lescopique\"}]},{\"@type\":\"WebSite\",\"@id\":\"https:\/\/www.riwal.com\/fr\/#website\",\"url\":\"https:\/\/www.riwal.com\/fr\/\",\"name\":\"Riwal\",\"description\":\"Location nacelle \u00e9l\u00e9vatrice, formation CACES, vente nacelles - Riwal France\",\"publisher\":{\"@id\":\"https:\/\/www.riwal.com\/fr\/#organization\"},\"potentialAction\":[{\"@type\":\"SearchAction\",\"target\":{\"@type\":\"EntryPoint\",\"urlTemplate\":\"https:\/\/www.riwal.com\/fr\/?s={search_term_string}\"},\"query-input\":{\"@type\":\"PropertyValueSpecification\",\"valueRequired\":true,\"valueName\":\"search_term_string\"}}],\"inLanguage\":\"fr-FR\"},{\"@type\":\"Organization\",\"@id\":\"https:\/\/www.riwal.com\/fr\/#organization\",\"name\":\"Riwal\",\"url\":\"https:\/\/www.riwal.com\/fr\/\",\"logo\":{\"@type\":\"ImageObject\",\"inLanguage\":\"fr-FR\",\"@id\":\"https:\/\/www.riwal.com\/fr\/#\/schema\/logo\/image\/\",\"url\":\"\",\"contentUrl\":\"\",\"caption\":\"Riwal\"},\"image\":{\"@id\":\"https:\/\/www.riwal.com\/fr\/#\/schema\/logo\/image\/\"}}]}<\/script>\n<!-- \/ Yoast SEO Premium plugin. -->","yoast_head_json":{"title":"Guide nacelle \u00e0 fl\u00e8che t\u00e9lescopique | Riwal France","description":"Retrouvez notre guide complet de nacelle \u00e0 fl\u00e8che t\u00e9lescopique, vous permettant de choisir au mieux vos machines pour vos locations.","robots":{"index":"index","follow":"follow","max-snippet":"max-snippet:-1","max-image-preview":"max-image-preview:large","max-video-preview":"max-video-preview:-1"},"canonical":"https:\/\/www.riwal.com\/fr\/guide-nacelle-a-fleche-telescopique\/","og_locale":"fr_FR","og_type":"article","og_title":"Guide nacelle \u00e0 fl\u00e8che t\u00e9lescopique","og_description":"Retrouvez notre guide complet de nacelle \u00e0 fl\u00e8che t\u00e9lescopique, vous permettant de choisir au mieux vos machines pour vos locations.","og_url":"https:\/\/www.riwal.com\/fr\/guide-nacelle-a-fleche-telescopique\/","og_site_name":"Riwal - France","article_modified_time":"2024-04-29T13:50:45+00:00","og_image":[{"url":"https:\/\/www.riwal.com\/app\/uploads\/sites\/15\/2024\/01\/Fleche-telescopique-diesel.jpg","type":"","width":"","height":""}],"twitter_card":"summary_large_image","twitter_misc":{"Est. reading time":"3 minutes"},"schema":{"@context":"https:\/\/schema.org","@graph":[{"@type":"WebPage","@id":"https:\/\/www.riwal.com\/fr\/guide-nacelle-a-fleche-telescopique\/","url":"https:\/\/www.riwal.com\/fr\/guide-nacelle-a-fleche-telescopique\/","name":"Guide nacelle \u00e0 fl\u00e8che t\u00e9lescopique | Riwal France","isPartOf":{"@id":"https:\/\/www.riwal.com\/fr\/#website"},"primaryImageOfPage":{"@id":"https:\/\/www.riwal.com\/fr\/guide-nacelle-a-fleche-telescopique\/#primaryimage"},"image":{"@id":"https:\/\/www.riwal.com\/fr\/guide-nacelle-a-fleche-telescopique\/#primaryimage"},"thumbnailUrl":"https:\/\/www.riwal.com\/app\/uploads\/sites\/15\/2024\/01\/Fleche-telescopique-diesel.jpg","datePublished":"2024-03-06T13:28:27+00:00","dateModified":"2024-04-29T13:50:45+00:00","description":"Retrouvez notre guide complet de nacelle \u00e0 fl\u00e8che t\u00e9lescopique, vous permettant de choisir au mieux vos machines pour vos locations.","breadcrumb":{"@id":"https:\/\/www.riwal.com\/fr\/guide-nacelle-a-fleche-telescopique\/#breadcrumb"},"inLanguage":"fr-FR","potentialAction":[{"@type":"ReadAction","target":["https:\/\/www.riwal.com\/fr\/guide-nacelle-a-fleche-telescopique\/"]}]},{"@type":"ImageObject","inLanguage":"fr-FR","@id":"https:\/\/www.riwal.com\/fr\/guide-nacelle-a-fleche-telescopique\/#primaryimage","url":"https:\/\/www.riwal.com\/app\/uploads\/sites\/15\/2024\/01\/Fleche-telescopique-diesel.jpg","contentUrl":"https:\/\/www.riwal.com\/app\/uploads\/sites\/15\/2024\/01\/Fleche-telescopique-diesel.jpg"},{"@type":"BreadcrumbList","@id":"https:\/\/www.riwal.com\/fr\/guide-nacelle-a-fleche-telescopique\/#breadcrumb","itemListElement":[{"@type":"ListItem","position":1,"name":"Accueil","item":"https:\/\/www.riwal.com\/fr\/"},{"@type":"ListItem","position":2,"name":"Guide nacelle \u00e0 fl\u00e8che t\u00e9lescopique"}]},{"@type":"WebSite","@id":"https:\/\/www.riwal.com\/fr\/#website","url":"https:\/\/www.riwal.com\/fr\/","name":"Riwal","description":"Location nacelle \u00e9l\u00e9vatrice, formation CACES, vente nacelles - Riwal France","publisher":{"@id":"https:\/\/www.riwal.com\/fr\/#organization"},"potentialAction":[{"@type":"SearchAction","target":{"@type":"EntryPoint","urlTemplate":"https:\/\/www.riwal.com\/fr\/?s={search_term_string}"},"query-input":{"@type":"PropertyValueSpecification","valueRequired":true,"valueName":"search_term_string"}}],"inLanguage":"fr-FR"},{"@type":"Organization","@id":"https:\/\/www.riwal.com\/fr\/#organization","name":"Riwal","url":"https:\/\/www.riwal.com\/fr\/","logo":{"@type":"ImageObject","inLanguage":"fr-FR","@id":"https:\/\/www.riwal.com\/fr\/#\/schema\/logo\/image\/","url":"","contentUrl":"","caption":"Riwal"},"image":{"@id":"https:\/\/www.riwal.com\/fr\/#\/schema\/logo\/image\/"}}]}},"_links":{"self":[{"href":"https:\/\/www.riwal.com\/fr\/wp-json\/wp\/v2\/pages\/6700","targetHints":{"allow":["GET"]}}],"collection":[{"href":"https:\/\/www.riwal.com\/fr\/wp-json\/wp\/v2\/pages"}],"about":[{"href":"https:\/\/www.riwal.com\/fr\/wp-json\/wp\/v2\/types\/page"}],"author":[{"embeddable":true,"href":"https:\/\/www.riwal.com\/fr\/wp-json\/wp\/v2\/users\/51"}],"replies":[{"embeddable":true,"href":"https:\/\/www.riwal.com\/fr\/wp-json\/wp\/v2\/comments?post=6700"}],"version-history":[{"count":5,"href":"https:\/\/www.riwal.com\/fr\/wp-json\/wp\/v2\/pages\/6700\/revisions"}],"predecessor-version":[{"id":9036,"href":"https:\/\/www.riwal.com\/fr\/wp-json\/wp\/v2\/pages\/6700\/revisions\/9036"}],"wp:attachment":[{"href":"https:\/\/www.riwal.com\/fr\/wp-json\/wp\/v2\/media?parent=6700"}],"curies":[{"name":"wp","href":"https:\/\/api.w.org\/{rel}","templated":true}]}}