{"id":6511,"date":"2024-01-22T09:22:28","date_gmt":"2024-01-22T09:22:28","guid":{"rendered":"https:\/\/www.riwal.com\/fr\/?page_id=6511"},"modified":"2024-06-21T14:11:13","modified_gmt":"2024-06-21T12:11:13","slug":"iapa-2022","status":"publish","type":"page","link":"https:\/\/www.riwal.com\/fr\/iapa-2022\/","title":{"rendered":"IAPA 2022"},"content":{"rendered":"<div class=\"rental-wp-default-block rental-theme-block-default-margin\">\n\t\t\t\t\t\t\t\t<div class=\"container\">\n<div class=\"wp-block-rental-theme-title-text rental-theme-block-default-margin\">\n\t<div class=\"wp-block-rental-theme-title-text__container\">\n\t\t<div class=\"wp-block-rental-theme-title-text__wrapper\">\n\t\t\t<h1 class='wp-block-rental-theme-title-text__title'>RIWAL remporte le prix IAPA d\u00e9veloppement durable 2022<\/h1>\t\t<\/div>\n\t\t<div class='wp-block-rental-theme-title-text__text'>\n\n<p>Le groupe Riwal s&rsquo;est vu d\u00e9cerner le prix D\u00e9veloppement Durable 2022 lors du prestigieux concours des International Awards for Powered Access (IAPA) ! Ce prix r\u00e9compense le sp\u00e9cialiste de la location de <a href=\"https:\/\/www.riwal.com\/fr\/location\/nacelle-elevatrice\/\">nacelles \u00e9l\u00e9vatrices<\/a> et de <a href=\"https:\/\/www.riwal.com\/fr\/location\/materiel-de-manutention\/chariot-telescopique\/\">chariots t\u00e9lescopiques<\/a>, pour toutes ses initiatives en faveur du d\u00e9veloppement durable et du bien-\u00eatre au travail.<\/p>\n\n\n\n<p>Cette r\u00e9compense atteste de l&rsquo;impact de la strat\u00e9gie \u00ab\u00a0\u00c9l\u00e9vation durable\u00a0\u00bb du Groupe Riwal sur l&rsquo;environnement et la soci\u00e9t\u00e9. Plus de 450 professionnels \u00e9taient r\u00e9unis, au Millennium Gloucester Hotel, \u00e0 Kensington au Royaume-Uni, pour la c\u00e9r\u00e9monie des IAPA 2022. Les International Awards for Powered Access (IAPA) r\u00e9compensent les bonnes pratiques de l&rsquo;industrie de l&rsquo;\u00e9l\u00e9vation en hauteur, \u00e0 travers 13 cat\u00e9gories de prix. <\/p>\n\n\n\n<p>Ce prix D\u00e9veloppement durable t\u00e9moigne de la position de leader du Groupe Riwal, sur ce sujet, dans l&rsquo;industrie de l&rsquo;\u00e9l\u00e9vation en hauteur sur le plan international. En effet, contribuer \u00e0 une industrie plus durable et plus propre, fait partie de l&rsquo;ADN de Riwal. C&rsquo;est \u00e9galement un sujet de plus en plus important pour nos clients, qui <\/p>\n\n\n\n<p>tendent d\u00e9sormais \u00e0 s\u00e9lectionner leurs partenaires en fonction de leur impact environnemental. <\/p>\n\n\n\n<p>Pedro TORRES, CEO du Groupe Riwal commente :<em> \u00ab\u00a0Cette ann\u00e9e, il y  avait une r\u00e9compense que nous voulions absolument remporter, et c&rsquo;\u00e9tait le prix D\u00e9veloppement durable. Je suis donc extr\u00eamement fier de Riwal dans son ensemble et de chacune des initiatives en faveur du d\u00e9veloppement durable que nous avons \u00e9t\u00e9 capable de r\u00e9aliser, en tant que Groupe. C&rsquo;est non seulement positif pour nous et nos clients, mais aussi pour tout le monde. Cela signifie que le business et la durabilit\u00e9 peuvent, main dans la main construire un monde meilleur\u00a0\u00bb. <\/em><\/p>\n\n<\/div>\n\t<\/div>\n<\/div><\/div>\n\t\t\t\t\t\t\t<\/div> \n\n<div class=\"rental-wp-default-block rental-theme-block-default-margin\">\n\t\t\t\t\t\t\t\t<div class=\"container\">\n<div class=\"wp-block-media-text has-media-on-the-right is-stacked-on-mobile\"><div class=\"wp-block-media-text__content\">\n<h2 class=\"wp-block-heading\" id=\"h-le-developpement-durable-au-coeur-de-la-strategie-de-riwal\">Le d\u00e9veloppement durable au coeur de la strat\u00e9gie de Riwal<\/h2>\n\n\n\n<p>Nous sommes ainsi honor\u00e9s d&rsquo;\u00eatre reconnus sur ce sujet par les prestigieux International Awards for Powered Access (IAPA). Cela nous motive \u00e0 poursuivre nos efforts ! <\/p>\n\n\n\n<p>Ces derni\u00e8res ann\u00e9es, le Groupe Riwal a consid\u00e9rablement d\u00e9velopp\u00e9 sa strat\u00e9gie \u00ab\u00a0\u00c9l\u00e9vation durable\u00a0\u00bb, qui comprend : <\/p>\n\n\n\n<ul class=\"wp-block-list\">\n<li>L&rsquo;alignement de nos ambitions avec les objectifs de d\u00e9veloppement durable des Nations Unies, et la cr\u00e9ation d&rsquo;un \u00ab\u00a0plan durable\u00a0\u00bb d&rsquo;ici \u00e0 2030.<\/li>\n\n\n\n<li>Des solutions \u00e9lectriques uniques pour vari\u00e9t\u00e9 de cat\u00e9gories de machines<\/li>\n\n\n\n<li>Des alternatives au diesel, telles que le carburant GTL (disponible aux Pays-Bas) ou le biocarburant, qui permet une combustion plus propre que le gazole<\/li>\n\n\n\n<li>Le prix IAPA D\u00e9veloppement Digital 2021 obtenu gr\u00e2ce \u00e0 nos solutions digitales innovantes : My Riwal, la biblioth\u00e8que BIM, la r\u00e9alit\u00e9 augment\u00e9e et la formation via la r\u00e9alit\u00e9 virtuelle.<\/li>\n\n\n\n<li>Des investissement dans des aires de lavage avec un syst\u00e8me de traitement biologique des eaux us\u00e9es (au Danemark et \u00e0 Dubai). <\/li>\n\n\n\n<li>Le lancement de la \u00ab\u00a0semaine durable\u00a0\u00bb avec un s\u00e9lection d&rsquo;activit\u00e9 visant \u00e0 sensibiliser sur le D\u00e9veloppement durable.<\/li>\n\n\n\n<li>Le lancement d&rsquo;un programme vitalit\u00e9 bas\u00e9 sur 4 piliers : \u00c9nergie, Exercice, Environnement et Responsabilisation<\/li>\n\n\n\n<li>La construction d&rsquo;un nouveau d\u00e9p\u00f4t en Grande-Bretagne avec des fonctionnalit\u00e9s d&rsquo;\u00e9conomies d&rsquo;\u00e9nergie et de ressources.<\/li>\n<\/ul>\n\n\n\n<p>MERCI \u00e0 tous ceux qui ont permis \u00e0 Riwal de remporter ce prix ! Un grand MERCI particuli\u00e8rement aux \u00e9quipes QHSE du Groupe.<\/p>\n<\/div><figure class=\"wp-block-media-text__media\"><img loading=\"lazy\" decoding=\"async\" width=\"724\" height=\"1024\" src=\"https:\/\/eqsk4m2dkju.exactdn.com\/app\/uploads\/sites\/15\/2023\/10\/Logo-IAPA-2022-Environnement-724x1024.jpg?strip=all&quality=92&webp=92&avif=80&sharp=1\" alt=\"Certification IAPA\" class=\"wp-image-4382 size-full\" srcset=\"https:\/\/eqsk4m2dkju.exactdn.com\/app\/uploads\/sites\/15\/2023\/10\/Logo-IAPA-2022-Environnement-724x1024.jpg?strip=all&amp;quality=92&amp;webp=92&amp;avif=80&amp;sharp=1 724w, https:\/\/eqsk4m2dkju.exactdn.com\/app\/uploads\/sites\/15\/2023\/10\/Logo-IAPA-2022-Environnement-444x628.jpg?strip=all&amp;quality=92&amp;webp=92&amp;avif=80&amp;sharp=1 444w, https:\/\/eqsk4m2dkju.exactdn.com\/app\/uploads\/sites\/15\/2023\/10\/Logo-IAPA-2022-Environnement-212x300.jpg?strip=all&amp;quality=92&amp;webp=92&amp;avif=80&amp;sharp=1 212w, https:\/\/eqsk4m2dkju.exactdn.com\/app\/uploads\/sites\/15\/2023\/10\/Logo-IAPA-2022-Environnement-768x1086.jpg?strip=all&amp;quality=92&amp;webp=92&amp;avif=80&amp;sharp=1 768w, https:\/\/eqsk4m2dkju.exactdn.com\/app\/uploads\/sites\/15\/2023\/10\/Logo-IAPA-2022-Environnement-1086x1536.jpg?strip=all&amp;quality=92&amp;webp=92&amp;avif=80&amp;sharp=1 1086w, https:\/\/eqsk4m2dkju.exactdn.com\/app\/uploads\/sites\/15\/2023\/10\/Logo-IAPA-2022-Environnement-1448x2048.jpg?strip=all&amp;quality=92&amp;webp=92&amp;avif=80&amp;sharp=1 1448w, https:\/\/eqsk4m2dkju.exactdn.com\/app\/uploads\/sites\/15\/2023\/10\/Logo-IAPA-2022-Environnement-178x252.jpg?strip=all&amp;quality=92&amp;webp=92&amp;avif=80&amp;sharp=1 178w, https:\/\/eqsk4m2dkju.exactdn.com\/app\/uploads\/sites\/15\/2023\/10\/Logo-IAPA-2022-Environnement-654x925.jpg?strip=all&amp;quality=92&amp;webp=92&amp;avif=80&amp;sharp=1 654w, https:\/\/eqsk4m2dkju.exactdn.com\/app\/uploads\/sites\/15\/2023\/10\/Logo-IAPA-2022-Environnement-141x200.jpg?strip=all&amp;quality=92&amp;webp=92&amp;avif=80&amp;sharp=1 141w, https:\/\/eqsk4m2dkju.exactdn.com\/app\/uploads\/sites\/15\/2023\/10\/Logo-IAPA-2022-Environnement-scaled.jpg?strip=all&amp;quality=92&amp;webp=92&amp;avif=80&amp;sharp=1 1810w, https:\/\/eqsk4m2dkju.exactdn.com\/app\/uploads\/sites\/15\/2023\/10\/Logo-IAPA-2022-Environnement-scaled.jpg?strip=all&amp;quality=92&amp;webp=92&amp;avif=80&amp;sharp=1&amp;w=362 362w\" sizes=\"auto, (max-width: 724px) 100vw, 724px\" \/><\/figure><\/div>\n<\/div>\n\t\t\t\t\t\t\t<\/div> ","protected":false},"excerpt":{"rendered":"","protected":false},"author":51,"featured_media":0,"parent":0,"menu_order":0,"comment_status":"closed","ping_status":"closed","template":"","meta":{"_acf_changed":false,"footnotes":""},"class_list":["post-6511","page","type-page","status-publish","hentry"],"acf":[],"yoast_head":"<!-- This site is optimized with the Yoast SEO Premium plugin v27.1 (Yoast SEO v27.1.1) - https:\/\/yoast.com\/product\/yoast-seo-premium-wordpress\/ -->\n<title>IAPA 2022 - Riwal - France<\/title>\n<meta name=\"description\" content=\"Riwal sp\u00e9cialiste de l&#039;\u00e9l\u00e9vation, c&#039;est vu d\u00e9cern\u00e9 le prix du d\u00e9veloppement durable 2022. Contactez-nous pour en savoir plus.\" \/>\n<meta name=\"robots\" content=\"index, follow, max-snippet:-1, max-image-preview:large, max-video-preview:-1\" \/>\n<link rel=\"canonical\" href=\"https:\/\/www.riwal.com\/fr\/iapa-2022\/\" \/>\n<meta property=\"og:locale\" content=\"fr_FR\" \/>\n<meta property=\"og:type\" content=\"article\" \/>\n<meta property=\"og:title\" content=\"IAPA 2022\" \/>\n<meta property=\"og:description\" content=\"Riwal sp\u00e9cialiste de l&#039;\u00e9l\u00e9vation, c&#039;est vu d\u00e9cern\u00e9 le prix du d\u00e9veloppement durable 2022. Contactez-nous pour en savoir plus.\" \/>\n<meta property=\"og:url\" content=\"https:\/\/www.riwal.com\/fr\/iapa-2022\/\" \/>\n<meta property=\"og:site_name\" content=\"Riwal - France\" \/>\n<meta property=\"article:modified_time\" content=\"2024-06-21T12:11:13+00:00\" \/>\n<meta property=\"og:image\" content=\"https:\/\/www.riwal.com\/app\/uploads\/sites\/15\/2023\/10\/Logo-IAPA-2022-Environnement-724x1024.jpg\" \/>\n<meta name=\"twitter:card\" content=\"summary_large_image\" \/>\n<meta name=\"twitter:label1\" content=\"Est. reading time\" \/>\n\t<meta name=\"twitter:data1\" content=\"3 minutes\" \/>\n<script type=\"application\/ld+json\" class=\"yoast-schema-graph\">{\"@context\":\"https:\/\/schema.org\",\"@graph\":[{\"@type\":\"WebPage\",\"@id\":\"https:\/\/www.riwal.com\/fr\/iapa-2022\/\",\"url\":\"https:\/\/www.riwal.com\/fr\/iapa-2022\/\",\"name\":\"IAPA 2022 - Riwal - France\",\"isPartOf\":{\"@id\":\"https:\/\/www.riwal.com\/fr\/#website\"},\"primaryImageOfPage\":{\"@id\":\"https:\/\/www.riwal.com\/fr\/iapa-2022\/#primaryimage\"},\"image\":{\"@id\":\"https:\/\/www.riwal.com\/fr\/iapa-2022\/#primaryimage\"},\"thumbnailUrl\":\"https:\/\/www.riwal.com\/app\/uploads\/sites\/15\/2023\/10\/Logo-IAPA-2022-Environnement-724x1024.jpg\",\"datePublished\":\"2024-01-22T09:22:28+00:00\",\"dateModified\":\"2024-06-21T12:11:13+00:00\",\"description\":\"Riwal sp\u00e9cialiste de l'\u00e9l\u00e9vation, c'est vu d\u00e9cern\u00e9 le prix du d\u00e9veloppement durable 2022. Contactez-nous pour en savoir plus.\",\"breadcrumb\":{\"@id\":\"https:\/\/www.riwal.com\/fr\/iapa-2022\/#breadcrumb\"},\"inLanguage\":\"fr-FR\",\"potentialAction\":[{\"@type\":\"ReadAction\",\"target\":[\"https:\/\/www.riwal.com\/fr\/iapa-2022\/\"]}]},{\"@type\":\"ImageObject\",\"inLanguage\":\"fr-FR\",\"@id\":\"https:\/\/www.riwal.com\/fr\/iapa-2022\/#primaryimage\",\"url\":\"https:\/\/www.riwal.com\/app\/uploads\/sites\/15\/2023\/10\/Logo-IAPA-2022-Environnement-724x1024.jpg\",\"contentUrl\":\"https:\/\/www.riwal.com\/app\/uploads\/sites\/15\/2023\/10\/Logo-IAPA-2022-Environnement-724x1024.jpg\"},{\"@type\":\"BreadcrumbList\",\"@id\":\"https:\/\/www.riwal.com\/fr\/iapa-2022\/#breadcrumb\",\"itemListElement\":[{\"@type\":\"ListItem\",\"position\":1,\"name\":\"Accueil\",\"item\":\"https:\/\/www.riwal.com\/fr\/\"},{\"@type\":\"ListItem\",\"position\":2,\"name\":\"IAPA 2022\"}]},{\"@type\":\"WebSite\",\"@id\":\"https:\/\/www.riwal.com\/fr\/#website\",\"url\":\"https:\/\/www.riwal.com\/fr\/\",\"name\":\"Riwal\",\"description\":\"Location nacelle \u00e9l\u00e9vatrice, formation CACES, vente nacelles - Riwal France\",\"publisher\":{\"@id\":\"https:\/\/www.riwal.com\/fr\/#organization\"},\"potentialAction\":[{\"@type\":\"SearchAction\",\"target\":{\"@type\":\"EntryPoint\",\"urlTemplate\":\"https:\/\/www.riwal.com\/fr\/?s={search_term_string}\"},\"query-input\":{\"@type\":\"PropertyValueSpecification\",\"valueRequired\":true,\"valueName\":\"search_term_string\"}}],\"inLanguage\":\"fr-FR\"},{\"@type\":\"Organization\",\"@id\":\"https:\/\/www.riwal.com\/fr\/#organization\",\"name\":\"Riwal\",\"url\":\"https:\/\/www.riwal.com\/fr\/\",\"logo\":{\"@type\":\"ImageObject\",\"inLanguage\":\"fr-FR\",\"@id\":\"https:\/\/www.riwal.com\/fr\/#\/schema\/logo\/image\/\",\"url\":\"\",\"contentUrl\":\"\",\"caption\":\"Riwal\"},\"image\":{\"@id\":\"https:\/\/www.riwal.com\/fr\/#\/schema\/logo\/image\/\"}}]}<\/script>\n<!-- \/ Yoast SEO Premium plugin. -->","yoast_head_json":{"title":"IAPA 2022 - Riwal - France","description":"Riwal sp\u00e9cialiste de l'\u00e9l\u00e9vation, c'est vu d\u00e9cern\u00e9 le prix du d\u00e9veloppement durable 2022. Contactez-nous pour en savoir plus.","robots":{"index":"index","follow":"follow","max-snippet":"max-snippet:-1","max-image-preview":"max-image-preview:large","max-video-preview":"max-video-preview:-1"},"canonical":"https:\/\/www.riwal.com\/fr\/iapa-2022\/","og_locale":"fr_FR","og_type":"article","og_title":"IAPA 2022","og_description":"Riwal sp\u00e9cialiste de l'\u00e9l\u00e9vation, c'est vu d\u00e9cern\u00e9 le prix du d\u00e9veloppement durable 2022. Contactez-nous pour en savoir plus.","og_url":"https:\/\/www.riwal.com\/fr\/iapa-2022\/","og_site_name":"Riwal - France","article_modified_time":"2024-06-21T12:11:13+00:00","og_image":[{"url":"https:\/\/www.riwal.com\/app\/uploads\/sites\/15\/2023\/10\/Logo-IAPA-2022-Environnement-724x1024.jpg","type":"","width":"","height":""}],"twitter_card":"summary_large_image","twitter_misc":{"Est. reading time":"3 minutes"},"schema":{"@context":"https:\/\/schema.org","@graph":[{"@type":"WebPage","@id":"https:\/\/www.riwal.com\/fr\/iapa-2022\/","url":"https:\/\/www.riwal.com\/fr\/iapa-2022\/","name":"IAPA 2022 - Riwal - France","isPartOf":{"@id":"https:\/\/www.riwal.com\/fr\/#website"},"primaryImageOfPage":{"@id":"https:\/\/www.riwal.com\/fr\/iapa-2022\/#primaryimage"},"image":{"@id":"https:\/\/www.riwal.com\/fr\/iapa-2022\/#primaryimage"},"thumbnailUrl":"https:\/\/www.riwal.com\/app\/uploads\/sites\/15\/2023\/10\/Logo-IAPA-2022-Environnement-724x1024.jpg","datePublished":"2024-01-22T09:22:28+00:00","dateModified":"2024-06-21T12:11:13+00:00","description":"Riwal sp\u00e9cialiste de l'\u00e9l\u00e9vation, c'est vu d\u00e9cern\u00e9 le prix du d\u00e9veloppement durable 2022. Contactez-nous pour en savoir plus.","breadcrumb":{"@id":"https:\/\/www.riwal.com\/fr\/iapa-2022\/#breadcrumb"},"inLanguage":"fr-FR","potentialAction":[{"@type":"ReadAction","target":["https:\/\/www.riwal.com\/fr\/iapa-2022\/"]}]},{"@type":"ImageObject","inLanguage":"fr-FR","@id":"https:\/\/www.riwal.com\/fr\/iapa-2022\/#primaryimage","url":"https:\/\/www.riwal.com\/app\/uploads\/sites\/15\/2023\/10\/Logo-IAPA-2022-Environnement-724x1024.jpg","contentUrl":"https:\/\/www.riwal.com\/app\/uploads\/sites\/15\/2023\/10\/Logo-IAPA-2022-Environnement-724x1024.jpg"},{"@type":"BreadcrumbList","@id":"https:\/\/www.riwal.com\/fr\/iapa-2022\/#breadcrumb","itemListElement":[{"@type":"ListItem","position":1,"name":"Accueil","item":"https:\/\/www.riwal.com\/fr\/"},{"@type":"ListItem","position":2,"name":"IAPA 2022"}]},{"@type":"WebSite","@id":"https:\/\/www.riwal.com\/fr\/#website","url":"https:\/\/www.riwal.com\/fr\/","name":"Riwal","description":"Location nacelle \u00e9l\u00e9vatrice, formation CACES, vente nacelles - Riwal France","publisher":{"@id":"https:\/\/www.riwal.com\/fr\/#organization"},"potentialAction":[{"@type":"SearchAction","target":{"@type":"EntryPoint","urlTemplate":"https:\/\/www.riwal.com\/fr\/?s={search_term_string}"},"query-input":{"@type":"PropertyValueSpecification","valueRequired":true,"valueName":"search_term_string"}}],"inLanguage":"fr-FR"},{"@type":"Organization","@id":"https:\/\/www.riwal.com\/fr\/#organization","name":"Riwal","url":"https:\/\/www.riwal.com\/fr\/","logo":{"@type":"ImageObject","inLanguage":"fr-FR","@id":"https:\/\/www.riwal.com\/fr\/#\/schema\/logo\/image\/","url":"","contentUrl":"","caption":"Riwal"},"image":{"@id":"https:\/\/www.riwal.com\/fr\/#\/schema\/logo\/image\/"}}]}},"_links":{"self":[{"href":"https:\/\/www.riwal.com\/fr\/wp-json\/wp\/v2\/pages\/6511","targetHints":{"allow":["GET"]}}],"collection":[{"href":"https:\/\/www.riwal.com\/fr\/wp-json\/wp\/v2\/pages"}],"about":[{"href":"https:\/\/www.riwal.com\/fr\/wp-json\/wp\/v2\/types\/page"}],"author":[{"embeddable":true,"href":"https:\/\/www.riwal.com\/fr\/wp-json\/wp\/v2\/users\/51"}],"replies":[{"embeddable":true,"href":"https:\/\/www.riwal.com\/fr\/wp-json\/wp\/v2\/comments?post=6511"}],"version-history":[{"count":2,"href":"https:\/\/www.riwal.com\/fr\/wp-json\/wp\/v2\/pages\/6511\/revisions"}],"predecessor-version":[{"id":6515,"href":"https:\/\/www.riwal.com\/fr\/wp-json\/wp\/v2\/pages\/6511\/revisions\/6515"}],"wp:attachment":[{"href":"https:\/\/www.riwal.com\/fr\/wp-json\/wp\/v2\/media?parent=6511"}],"curies":[{"name":"wp","href":"https:\/\/api.w.org\/{rel}","templated":true}]}}