{"id":6504,"date":"2024-01-22T08:08:53","date_gmt":"2024-01-22T08:08:53","guid":{"rendered":"https:\/\/www.riwal.com\/fr\/?page_id=6504"},"modified":"2024-10-24T16:28:01","modified_gmt":"2024-10-24T14:28:01","slug":"ecovadis","status":"publish","type":"page","link":"https:\/\/www.riwal.com\/fr\/ecovadis\/","title":{"rendered":"ECOVADIS"},"content":{"rendered":"<div class=\"rental-wp-default-block rental-theme-block-default-margin\">\n\t\t\t\t\t\t\t\t<div class=\"container\">\n<div class=\"wp-block-columns is-layout-flex wp-container-core-columns-is-layout-28f84493 wp-block-columns-is-layout-flex\">\n<div class=\"wp-block-column is-layout-flow wp-block-column-is-layout-flow\" style=\"flex-basis:33.33%\">\n<h1 class=\"wp-block-heading\" id=\"h-riwal-remporte-la-medaille-d-or-ecovadis-2023\">Riwal remporte la m\u00e9daille d&rsquo;or ECOVADIS 2023<\/h1>\n<\/div>\n\n\n\n<div class=\"wp-block-column is-layout-flow wp-block-column-is-layout-flow\" style=\"flex-basis:66.66%\">\n<p>Le groupe Riwal construit et am\u00e9liore constamment ses pratiques en mati\u00e8re de RSE et de d\u00e9veloppement durable. C&rsquo;est donc avec un grand honneur que le sp\u00e9cialiste de la location et de la vente de <a href=\"https:\/\/www.riwal.com\/fr\/location\/nacelle-elevatrice\/\">nacelles \u00e9l\u00e9vatrices<\/a> a re\u00e7u la m\u00e9daille d&rsquo;or Ecovadis en 2023.<\/p>\n\n\n\n<p>Ecovadis est un fournisseur de notation RSE, d&rsquo;analyses et d&rsquo;outils collaboratifs d&rsquo;am\u00e9lioration des performances le plus r\u00e9put\u00e9 au monde pour les cha\u00eenes d&rsquo;approvisionnement mondiales. Gr\u00e2ce \u00e0 une plateforme technologique efficace et une \u00e9quipe d&rsquo;experts du monde entier, les fiches d&rsquo;\u00e9valuation RSE exploitables et simples d&rsquo;utilisation d&rsquo;EcoVadis offrent des informations d\u00e9taill\u00e9es sur les risques environnementaux, sociaux et \u00e9thiques dans pas moins de 200 cat\u00e9gories d&rsquo;achat et plus de 175 pays. <\/p>\n<\/div>\n<\/div>\n<\/div>\n\t\t\t\t\t\t\t<\/div> \n\n<div class=\"rental-wp-default-block rental-theme-block-default-margin\">\n\t\t\t\t\t\t\t\t<div class=\"container\">\n<div class=\"wp-block-media-text has-media-on-the-right is-stacked-on-mobile\"><div class=\"wp-block-media-text__content\">\n<h2 class=\"wp-block-heading\" id=\"h-riwal-parmi-les-5-d-entreprises-les-mieux-notees\">Riwal parmi les 5% d&rsquo;entreprises les mieux not\u00e9es<\/h2>\n\n\n\n<p>Afin de prouver notre engagement envers nos objectifs de d\u00e9veloppement durable, nos r\u00e9alisations sont r\u00e9guli\u00e8rement \u00e9valu\u00e9es par EcoVadis, une plateforme d&rsquo;\u00e9valuation mondialement reconnue. En participant \u00e0 cette initiative, nous int\u00e9grons la durabilit\u00e9 dans nos op\u00e9rations quotidiennes, et nous concentrant sur la sant\u00e9 et la s\u00e9curit\u00e9 des employ\u00e9s, l&rsquo;environnement et les achats durables. <\/p>\n\n\n\n<p>Sur l&rsquo;ann\u00e9e 2023, l\u00a0\u00bb\u00e9valuation r\u00e9alis\u00e9e par EcoVadis nous a attribu\u00e9 un excellent r\u00e9sultat : nous avons obtenu un score sup\u00e9rieur 70\/100 et recevons donc une \u00ab\u00a0M\u00e9daille d&rsquo;or EcoVadis\u00a0\u00bb. Cette r\u00e9alisation place Riwal parmi les 5% des meilleures entreprises \u00e9valu\u00e9es. <\/p>\n\n\n\n<p>Fiers de cette avanc\u00e9e importante, nous poursuivons notre chemin vers le score le plus \u00e9lev\u00e9 possible (niveau Platine), que nous aspirons \u00e0 atteindre d&rsquo;ici 2025. <\/p>\n\n\n\n<p>MERCI \u00e0 tous les collaborateurs qui ont permis \u00e0 Riwal de remporter ce prix !<\/p>\n<\/div><figure class=\"wp-block-media-text__media\"><img loading=\"lazy\" decoding=\"async\" width=\"825\" height=\"825\" src=\"https:\/\/eqsk4m2dkju.exactdn.com\/app\/uploads\/sites\/15\/2023\/10\/Ecovadis-2023-Or.png?strip=all&quality=92&webp=92&avif=80&sharp=1\" alt=\"Certifications Ecovadis\" class=\"wp-image-4380 size-full\" srcset=\"https:\/\/eqsk4m2dkju.exactdn.com\/app\/uploads\/sites\/15\/2023\/10\/Ecovadis-2023-Or.png?strip=all&amp;quality=92&amp;webp=92&amp;avif=80&amp;sharp=1 825w, https:\/\/eqsk4m2dkju.exactdn.com\/app\/uploads\/sites\/15\/2023\/10\/Ecovadis-2023-Or-628x628.png?strip=all&amp;quality=92&amp;webp=92&amp;avif=80&amp;sharp=1 628w, https:\/\/eqsk4m2dkju.exactdn.com\/app\/uploads\/sites\/15\/2023\/10\/Ecovadis-2023-Or-150x150.png?strip=all&amp;quality=92&amp;webp=92&amp;avif=80&amp;sharp=1 150w, https:\/\/eqsk4m2dkju.exactdn.com\/app\/uploads\/sites\/15\/2023\/10\/Ecovadis-2023-Or-300x300.png?strip=all&amp;quality=92&amp;webp=92&amp;avif=80&amp;sharp=1 300w, https:\/\/eqsk4m2dkju.exactdn.com\/app\/uploads\/sites\/15\/2023\/10\/Ecovadis-2023-Or-768x768.png?strip=all&amp;quality=92&amp;webp=92&amp;avif=80&amp;sharp=1 768w, https:\/\/eqsk4m2dkju.exactdn.com\/app\/uploads\/sites\/15\/2023\/10\/Ecovadis-2023-Or-178x178.png?strip=all&amp;quality=92&amp;webp=92&amp;avif=80&amp;sharp=1 178w, https:\/\/eqsk4m2dkju.exactdn.com\/app\/uploads\/sites\/15\/2023\/10\/Ecovadis-2023-Or-390x390.png?strip=all&amp;quality=92&amp;webp=92&amp;avif=80&amp;sharp=1 390w, https:\/\/eqsk4m2dkju.exactdn.com\/app\/uploads\/sites\/15\/2023\/10\/Ecovadis-2023-Or-726x726.png?strip=all&amp;quality=92&amp;webp=92&amp;avif=80&amp;sharp=1 726w, https:\/\/eqsk4m2dkju.exactdn.com\/app\/uploads\/sites\/15\/2023\/10\/Ecovadis-2023-Or-200x200.png?strip=all&amp;quality=92&amp;webp=92&amp;avif=80&amp;sharp=1 200w, https:\/\/eqsk4m2dkju.exactdn.com\/app\/uploads\/sites\/15\/2023\/10\/Ecovadis-2023-Or.png?strip=all&amp;quality=92&amp;webp=92&amp;avif=80&amp;sharp=1&amp;w=495 495w\" sizes=\"auto, (max-width: 825px) 100vw, 825px\" \/><\/figure><\/div>\n<\/div>\n\t\t\t\t\t\t\t<\/div> ","protected":false},"excerpt":{"rendered":"<p>Riwal remporte la m\u00e9daille d&rsquo;or ECOVADIS 2023 Le groupe Riwal construit et am\u00e9liore constamment ses pratiques en mati\u00e8re de RSE et de d\u00e9veloppement durable. C&rsquo;est donc avec un grand honneur que le sp\u00e9cialiste de la location et de la vente de nacelles \u00e9l\u00e9vatrices a re\u00e7u la m\u00e9daille d&rsquo;or Ecovadis en 2023. Ecovadis est un fournisseur &hellip; <a href=\"https:\/\/www.riwal.com\/fr\/ecovadis\/\">Voir plus<\/a><\/p>\n","protected":false},"author":51,"featured_media":4380,"parent":0,"menu_order":0,"comment_status":"closed","ping_status":"closed","template":"","meta":{"_acf_changed":false,"footnotes":""},"class_list":["post-6504","page","type-page","status-publish","has-post-thumbnail","hentry"],"acf":[],"yoast_head":"<!-- This site is optimized with the Yoast SEO Premium plugin v27.1 (Yoast SEO v27.1.1) - https:\/\/yoast.com\/product\/yoast-seo-premium-wordpress\/ -->\n<title>ECOVADIS | Riwal France<\/title>\n<meta name=\"description\" content=\"Riwal sp\u00e9cialiste de la location de nacelles \u00e9l\u00e9vatrices et chariot t\u00e9lescopiques, s&#039;est vu d\u00e9cern\u00e9 la m\u00e9daille d&#039;or Ecovadis 2023\" \/>\n<meta name=\"robots\" content=\"index, follow, max-snippet:-1, max-image-preview:large, max-video-preview:-1\" \/>\n<link rel=\"canonical\" href=\"https:\/\/www.riwal.com\/fr\/ecovadis\/\" \/>\n<meta property=\"og:locale\" content=\"fr_FR\" \/>\n<meta property=\"og:type\" content=\"article\" \/>\n<meta property=\"og:title\" content=\"ECOVADIS\" \/>\n<meta property=\"og:description\" content=\"Riwal sp\u00e9cialiste de la location de nacelles \u00e9l\u00e9vatrices et chariot t\u00e9lescopiques, s&#039;est vu d\u00e9cern\u00e9 la m\u00e9daille d&#039;or Ecovadis 2023\" \/>\n<meta property=\"og:url\" content=\"https:\/\/www.riwal.com\/fr\/ecovadis\/\" \/>\n<meta property=\"og:site_name\" content=\"Riwal - France\" \/>\n<meta property=\"article:modified_time\" content=\"2024-10-24T14:28:01+00:00\" \/>\n<meta property=\"og:image\" content=\"https:\/\/www.riwal.com\/app\/uploads\/sites\/15\/2023\/10\/Ecovadis-2023-Or.png\" \/>\n\t<meta property=\"og:image:width\" content=\"825\" \/>\n\t<meta property=\"og:image:height\" content=\"825\" \/>\n\t<meta property=\"og:image:type\" content=\"image\/png\" \/>\n<meta name=\"twitter:card\" content=\"summary_large_image\" \/>\n<meta name=\"twitter:label1\" content=\"Est. reading time\" \/>\n\t<meta name=\"twitter:data1\" content=\"2 minutes\" \/>\n<script type=\"application\/ld+json\" class=\"yoast-schema-graph\">{\"@context\":\"https:\/\/schema.org\",\"@graph\":[{\"@type\":\"WebPage\",\"@id\":\"https:\/\/www.riwal.com\/fr\/ecovadis\/\",\"url\":\"https:\/\/www.riwal.com\/fr\/ecovadis\/\",\"name\":\"ECOVADIS | Riwal France\",\"isPartOf\":{\"@id\":\"https:\/\/www.riwal.com\/fr\/#website\"},\"primaryImageOfPage\":{\"@id\":\"https:\/\/www.riwal.com\/fr\/ecovadis\/#primaryimage\"},\"image\":{\"@id\":\"https:\/\/www.riwal.com\/fr\/ecovadis\/#primaryimage\"},\"thumbnailUrl\":\"https:\/\/eqsk4m2dkju.exactdn.com\/app\/uploads\/sites\/15\/2023\/10\/Ecovadis-2023-Or.png?strip=all&quality=92&webp=92&avif=80&sharp=1\",\"datePublished\":\"2024-01-22T08:08:53+00:00\",\"dateModified\":\"2024-10-24T14:28:01+00:00\",\"description\":\"Riwal sp\u00e9cialiste de la location de nacelles \u00e9l\u00e9vatrices et chariot t\u00e9lescopiques, s'est vu d\u00e9cern\u00e9 la m\u00e9daille d'or Ecovadis 2023\",\"breadcrumb\":{\"@id\":\"https:\/\/www.riwal.com\/fr\/ecovadis\/#breadcrumb\"},\"inLanguage\":\"fr-FR\",\"potentialAction\":[{\"@type\":\"ReadAction\",\"target\":[\"https:\/\/www.riwal.com\/fr\/ecovadis\/\"]}]},{\"@type\":\"ImageObject\",\"inLanguage\":\"fr-FR\",\"@id\":\"https:\/\/www.riwal.com\/fr\/ecovadis\/#primaryimage\",\"url\":\"https:\/\/eqsk4m2dkju.exactdn.com\/app\/uploads\/sites\/15\/2023\/10\/Ecovadis-2023-Or.png?strip=all&quality=92&webp=92&avif=80&sharp=1\",\"contentUrl\":\"https:\/\/eqsk4m2dkju.exactdn.com\/app\/uploads\/sites\/15\/2023\/10\/Ecovadis-2023-Or.png?strip=all&quality=92&webp=92&avif=80&sharp=1\",\"width\":825,\"height\":825,\"caption\":\"Certifications Ecovadis\"},{\"@type\":\"BreadcrumbList\",\"@id\":\"https:\/\/www.riwal.com\/fr\/ecovadis\/#breadcrumb\",\"itemListElement\":[{\"@type\":\"ListItem\",\"position\":1,\"name\":\"Accueil\",\"item\":\"https:\/\/www.riwal.com\/fr\/\"},{\"@type\":\"ListItem\",\"position\":2,\"name\":\"ECOVADIS\"}]},{\"@type\":\"WebSite\",\"@id\":\"https:\/\/www.riwal.com\/fr\/#website\",\"url\":\"https:\/\/www.riwal.com\/fr\/\",\"name\":\"Riwal\",\"description\":\"Location nacelle \u00e9l\u00e9vatrice, formation CACES, vente nacelles - Riwal France\",\"publisher\":{\"@id\":\"https:\/\/www.riwal.com\/fr\/#organization\"},\"potentialAction\":[{\"@type\":\"SearchAction\",\"target\":{\"@type\":\"EntryPoint\",\"urlTemplate\":\"https:\/\/www.riwal.com\/fr\/?s={search_term_string}\"},\"query-input\":{\"@type\":\"PropertyValueSpecification\",\"valueRequired\":true,\"valueName\":\"search_term_string\"}}],\"inLanguage\":\"fr-FR\"},{\"@type\":\"Organization\",\"@id\":\"https:\/\/www.riwal.com\/fr\/#organization\",\"name\":\"Riwal\",\"url\":\"https:\/\/www.riwal.com\/fr\/\",\"logo\":{\"@type\":\"ImageObject\",\"inLanguage\":\"fr-FR\",\"@id\":\"https:\/\/www.riwal.com\/fr\/#\/schema\/logo\/image\/\",\"url\":\"\",\"contentUrl\":\"\",\"caption\":\"Riwal\"},\"image\":{\"@id\":\"https:\/\/www.riwal.com\/fr\/#\/schema\/logo\/image\/\"}}]}<\/script>\n<!-- \/ Yoast SEO Premium plugin. -->","yoast_head_json":{"title":"ECOVADIS | Riwal France","description":"Riwal sp\u00e9cialiste de la location de nacelles \u00e9l\u00e9vatrices et chariot t\u00e9lescopiques, s'est vu d\u00e9cern\u00e9 la m\u00e9daille d'or Ecovadis 2023","robots":{"index":"index","follow":"follow","max-snippet":"max-snippet:-1","max-image-preview":"max-image-preview:large","max-video-preview":"max-video-preview:-1"},"canonical":"https:\/\/www.riwal.com\/fr\/ecovadis\/","og_locale":"fr_FR","og_type":"article","og_title":"ECOVADIS","og_description":"Riwal sp\u00e9cialiste de la location de nacelles \u00e9l\u00e9vatrices et chariot t\u00e9lescopiques, s'est vu d\u00e9cern\u00e9 la m\u00e9daille d'or Ecovadis 2023","og_url":"https:\/\/www.riwal.com\/fr\/ecovadis\/","og_site_name":"Riwal - France","article_modified_time":"2024-10-24T14:28:01+00:00","og_image":[{"width":825,"height":825,"url":"https:\/\/www.riwal.com\/app\/uploads\/sites\/15\/2023\/10\/Ecovadis-2023-Or.png","type":"image\/png"}],"twitter_card":"summary_large_image","twitter_misc":{"Est. reading time":"2 minutes"},"schema":{"@context":"https:\/\/schema.org","@graph":[{"@type":"WebPage","@id":"https:\/\/www.riwal.com\/fr\/ecovadis\/","url":"https:\/\/www.riwal.com\/fr\/ecovadis\/","name":"ECOVADIS | Riwal France","isPartOf":{"@id":"https:\/\/www.riwal.com\/fr\/#website"},"primaryImageOfPage":{"@id":"https:\/\/www.riwal.com\/fr\/ecovadis\/#primaryimage"},"image":{"@id":"https:\/\/www.riwal.com\/fr\/ecovadis\/#primaryimage"},"thumbnailUrl":"https:\/\/eqsk4m2dkju.exactdn.com\/app\/uploads\/sites\/15\/2023\/10\/Ecovadis-2023-Or.png?strip=all&quality=92&webp=92&avif=80&sharp=1","datePublished":"2024-01-22T08:08:53+00:00","dateModified":"2024-10-24T14:28:01+00:00","description":"Riwal sp\u00e9cialiste de la location de nacelles \u00e9l\u00e9vatrices et chariot t\u00e9lescopiques, s'est vu d\u00e9cern\u00e9 la m\u00e9daille d'or Ecovadis 2023","breadcrumb":{"@id":"https:\/\/www.riwal.com\/fr\/ecovadis\/#breadcrumb"},"inLanguage":"fr-FR","potentialAction":[{"@type":"ReadAction","target":["https:\/\/www.riwal.com\/fr\/ecovadis\/"]}]},{"@type":"ImageObject","inLanguage":"fr-FR","@id":"https:\/\/www.riwal.com\/fr\/ecovadis\/#primaryimage","url":"https:\/\/eqsk4m2dkju.exactdn.com\/app\/uploads\/sites\/15\/2023\/10\/Ecovadis-2023-Or.png?strip=all&quality=92&webp=92&avif=80&sharp=1","contentUrl":"https:\/\/eqsk4m2dkju.exactdn.com\/app\/uploads\/sites\/15\/2023\/10\/Ecovadis-2023-Or.png?strip=all&quality=92&webp=92&avif=80&sharp=1","width":825,"height":825,"caption":"Certifications Ecovadis"},{"@type":"BreadcrumbList","@id":"https:\/\/www.riwal.com\/fr\/ecovadis\/#breadcrumb","itemListElement":[{"@type":"ListItem","position":1,"name":"Accueil","item":"https:\/\/www.riwal.com\/fr\/"},{"@type":"ListItem","position":2,"name":"ECOVADIS"}]},{"@type":"WebSite","@id":"https:\/\/www.riwal.com\/fr\/#website","url":"https:\/\/www.riwal.com\/fr\/","name":"Riwal","description":"Location nacelle \u00e9l\u00e9vatrice, formation CACES, vente nacelles - Riwal France","publisher":{"@id":"https:\/\/www.riwal.com\/fr\/#organization"},"potentialAction":[{"@type":"SearchAction","target":{"@type":"EntryPoint","urlTemplate":"https:\/\/www.riwal.com\/fr\/?s={search_term_string}"},"query-input":{"@type":"PropertyValueSpecification","valueRequired":true,"valueName":"search_term_string"}}],"inLanguage":"fr-FR"},{"@type":"Organization","@id":"https:\/\/www.riwal.com\/fr\/#organization","name":"Riwal","url":"https:\/\/www.riwal.com\/fr\/","logo":{"@type":"ImageObject","inLanguage":"fr-FR","@id":"https:\/\/www.riwal.com\/fr\/#\/schema\/logo\/image\/","url":"","contentUrl":"","caption":"Riwal"},"image":{"@id":"https:\/\/www.riwal.com\/fr\/#\/schema\/logo\/image\/"}}]}},"_links":{"self":[{"href":"https:\/\/www.riwal.com\/fr\/wp-json\/wp\/v2\/pages\/6504","targetHints":{"allow":["GET"]}}],"collection":[{"href":"https:\/\/www.riwal.com\/fr\/wp-json\/wp\/v2\/pages"}],"about":[{"href":"https:\/\/www.riwal.com\/fr\/wp-json\/wp\/v2\/types\/page"}],"author":[{"embeddable":true,"href":"https:\/\/www.riwal.com\/fr\/wp-json\/wp\/v2\/users\/51"}],"replies":[{"embeddable":true,"href":"https:\/\/www.riwal.com\/fr\/wp-json\/wp\/v2\/comments?post=6504"}],"version-history":[{"count":2,"href":"https:\/\/www.riwal.com\/fr\/wp-json\/wp\/v2\/pages\/6504\/revisions"}],"predecessor-version":[{"id":16944,"href":"https:\/\/www.riwal.com\/fr\/wp-json\/wp\/v2\/pages\/6504\/revisions\/16944"}],"wp:featuredmedia":[{"embeddable":true,"href":"https:\/\/www.riwal.com\/fr\/wp-json\/wp\/v2\/media\/4380"}],"wp:attachment":[{"href":"https:\/\/www.riwal.com\/fr\/wp-json\/wp\/v2\/media?parent=6504"}],"curies":[{"name":"wp","href":"https:\/\/api.w.org\/{rel}","templated":true}]}}