{"id":6422,"date":"2024-03-06T13:14:40","date_gmt":"2024-03-06T13:14:40","guid":{"rendered":"https:\/\/www.riwal.com\/fr\/?page_id=6422"},"modified":"2024-04-29T15:55:15","modified_gmt":"2024-04-29T13:55:15","slug":"guide-camion-nacelle","status":"publish","type":"page","link":"https:\/\/www.riwal.com\/fr\/guide-camion-nacelle\/","title":{"rendered":"Guide Camion nacelle"},"content":{"rendered":"<div class=\"container\">\n<h1 class=\"wp-block-heading\" id=\"h-guide-camion-nacelle\">Guide Camion nacelle<\/h1>\n<\/div>\n\n<div class=\"container\">\n<p>Un camion nacelle est un v\u00e9hicule utilitaire \u00e9quip\u00e9 d&rsquo;une plateforme de travail mont\u00e9e sur un bras \u00e9l\u00e9vateur articul\u00e9. Il est con\u00e7u pour permettre aux travailleurs d&rsquo;acc\u00e9der \u00e0 des hauteurs \u00e9lev\u00e9es en toute s\u00e9curit\u00e9. <\/p>\n<\/div>\n\n<div class=\"container\">\n<p>Dans cet article nous vous expliquons comment fonctionne un camion nacelle et comment bien choisir son camion nacelle. <\/p>\n<\/div>\n\n<div class=\"rental-wp-default-block rental-theme-block-default-margin\">\n\t\t\t\t\t\t\t\t<div class=\"container\">\n<div class=\"wp-block-media-text is-stacked-on-mobile\"><figure class=\"wp-block-media-text__media\"><img loading=\"lazy\" decoding=\"async\" width=\"450\" height=\"230\" src=\"https:\/\/eqsk4m2dkju.exactdn.com\/app\/uploads\/sites\/15\/2024\/01\/Teaser-Truck-Mounted-Lift-in-Depot-Munich.png?strip=all&quality=92&webp=92&avif=80&sharp=1\" alt=\"\" class=\"wp-image-6425 size-full\" srcset=\"https:\/\/eqsk4m2dkju.exactdn.com\/app\/uploads\/sites\/15\/2024\/01\/Teaser-Truck-Mounted-Lift-in-Depot-Munich.png?strip=all&amp;quality=92&amp;webp=92&amp;avif=80&amp;sharp=1 450w, https:\/\/eqsk4m2dkju.exactdn.com\/app\/uploads\/sites\/15\/2024\/01\/Teaser-Truck-Mounted-Lift-in-Depot-Munich-300x153.png?strip=all&amp;quality=92&amp;webp=92&amp;avif=80&amp;sharp=1 300w, https:\/\/eqsk4m2dkju.exactdn.com\/app\/uploads\/sites\/15\/2024\/01\/Teaser-Truck-Mounted-Lift-in-Depot-Munich-178x91.png?strip=all&amp;quality=92&amp;webp=92&amp;avif=80&amp;sharp=1 178w, https:\/\/eqsk4m2dkju.exactdn.com\/app\/uploads\/sites\/15\/2024\/01\/Teaser-Truck-Mounted-Lift-in-Depot-Munich-390x199.png?strip=all&amp;quality=92&amp;webp=92&amp;avif=80&amp;sharp=1 390w, https:\/\/eqsk4m2dkju.exactdn.com\/app\/uploads\/sites\/15\/2024\/01\/Teaser-Truck-Mounted-Lift-in-Depot-Munich-250x128.png?strip=all&amp;quality=92&amp;webp=92&amp;avif=80&amp;sharp=1 250w, https:\/\/eqsk4m2dkju.exactdn.com\/app\/uploads\/sites\/15\/2024\/01\/Teaser-Truck-Mounted-Lift-in-Depot-Munich-237x121.png?strip=all&amp;quality=92&amp;webp=92&amp;avif=80&amp;sharp=1 237w, https:\/\/eqsk4m2dkju.exactdn.com\/app\/uploads\/sites\/15\/2024\/01\/Teaser-Truck-Mounted-Lift-in-Depot-Munich.png?strip=all&amp;quality=92&amp;webp=92&amp;avif=80&amp;sharp=1&amp;w=90 90w\" sizes=\"auto, (max-width: 450px) 100vw, 450px\" \/><\/figure><div class=\"wp-block-media-text__content\">\n<h2 class=\"wp-block-heading\" id=\"h-conseils-pour-bien-choisir-son-camion-nacelle\">Conseils pour bien choisir son camion nacelle<\/h2>\n\n\n\n<ul class=\"wp-block-list\">\n<li><strong>La hauteur de travail :<\/strong> D\u00e9terminez avant toute choses la hauteur de travail. Nous vous conseillons de louer une nacelle VL ayant une hauteur de travail l\u00e9g\u00e8rement sup\u00e9rieure \u00e0 celle que vous devez atteindre. <\/li>\n\n\n\n<li><strong>La capacit\u00e9 de charge <\/strong>: Afin de calculer la charge maximale admissible pour votre besoin, prenez en compte le personnel, les outillages et le mat\u00e9riel, qui seront sur la plateforme. <\/li>\n<\/ul>\n<\/div><\/div>\n<\/div>\n\t\t\t\t\t\t\t<\/div> \n\n<div class=\"container\">\n<h2 class=\"wp-block-heading\" id=\"h-la-securite-avec-nos-camions-nacelle\">La s\u00e9curit\u00e9 avec nos camions nacelle <\/h2>\n<\/div>\n\n<div class=\"container\">\n<ul class=\"wp-block-list\">\n<li><strong>Environnement<\/strong> : V\u00e9rifiez la s\u00e9curit\u00e9 de votre zone de travail et identifiez les dangers potentiels<\/li>\n\n\n\n<li><strong>Maintenance de l&rsquo;\u00e9quipement<\/strong> : Retrouvez en scannant nos <a href=\"https:\/\/www.riwal.com\/fr\/expertise\/solutions-digitales\/\">QR CODE<\/a> pr\u00e9sent sur toutes nos machines, nos suivis de maintenance, fiches techniques&#8230;<\/li>\n\n\n\n<li><strong>Formations <\/strong>: Formez-vous \u00e0 l&rsquo;utilisation de la nacelle ciseaux et notamment au <a href=\"https:\/\/www.riwal.com\/fr\/formation\/?_vertical_training_category=caces-r486\">CACES R486 cat\u00e9gorie B. <\/a><\/li>\n<\/ul>\n<\/div>\n\n<div class=\"container\">\n<p>Afin de pr\u00e9venir tout accident li\u00e9 \u00e0 l&rsquo;utilisation d&rsquo;un camion nacelle VL, voici quelques consignes de s\u00e9curit\u00e9 \u00e0 respecter : <\/p>\n<\/div>\n\n<div class=\"container\">\n<ul class=\"wp-block-list\">\n<li>Lire la notice d&rsquo;utilisation et r\u00e9aliser les diff\u00e9rentes v\u00e9ficiation des machines<\/li>\n\n\n\n<li>Deux op\u00e9rateurs doivent \u00eatre pr\u00e9sents lors des travaux (un sur la nacelle, l&rsquo;autre au sol)<\/li>\n\n\n\n<li>Porter des EPI (\u00e9quipement de protection individuelle) : le casque et le harnais<\/li>\n\n\n\n<li>Sur la voie publique, d\u00e9limitez votre zone de travail avec des c\u00f4nes et d\u00e9ployez le panneau de signalement de travaux<\/li>\n<\/ul>\n<\/div>\n\n<div class=\"rental-wp-default-block rental-theme-block-default-margin\">\n\t\t\t\t\t\t\t\t<div class=\"container\">\n<div class=\"wp-block-media-text has-media-on-the-right is-stacked-on-mobile\"><div class=\"wp-block-media-text__content\">\n<h3 class=\"wp-block-heading\" id=\"h-les-differentes-parties-d-un-camion-nacelle\">Les diff\u00e9rentes parties d&rsquo;un camion nacelle<\/h3>\n<\/div><figure class=\"wp-block-media-text__media\"><img loading=\"lazy\" decoding=\"async\" width=\"600\" height=\"600\" src=\"https:\/\/eqsk4m2dkju.exactdn.com\/app\/uploads\/sites\/15\/2024\/01\/Plateformes-1-1.png?strip=all&quality=92&webp=92&avif=80&sharp=1\" alt=\"\" class=\"wp-image-6698 size-full\" srcset=\"https:\/\/eqsk4m2dkju.exactdn.com\/app\/uploads\/sites\/15\/2024\/01\/Plateformes-1-1.png?strip=all&amp;quality=92&amp;webp=92&amp;avif=80&amp;sharp=1 600w, https:\/\/eqsk4m2dkju.exactdn.com\/app\/uploads\/sites\/15\/2024\/01\/Plateformes-1-1-300x300.png?strip=all&amp;quality=92&amp;webp=92&amp;avif=80&amp;sharp=1 300w, https:\/\/eqsk4m2dkju.exactdn.com\/app\/uploads\/sites\/15\/2024\/01\/Plateformes-1-1-150x150.png?strip=all&amp;quality=92&amp;webp=92&amp;avif=80&amp;sharp=1 150w, https:\/\/eqsk4m2dkju.exactdn.com\/app\/uploads\/sites\/15\/2024\/01\/Plateformes-1-1-178x178.png?strip=all&amp;quality=92&amp;webp=92&amp;avif=80&amp;sharp=1 178w, https:\/\/eqsk4m2dkju.exactdn.com\/app\/uploads\/sites\/15\/2024\/01\/Plateformes-1-1-390x390.png?strip=all&amp;quality=92&amp;webp=92&amp;avif=80&amp;sharp=1 390w, https:\/\/eqsk4m2dkju.exactdn.com\/app\/uploads\/sites\/15\/2024\/01\/Plateformes-1-1-200x200.png?strip=all&amp;quality=92&amp;webp=92&amp;avif=80&amp;sharp=1 200w, https:\/\/eqsk4m2dkju.exactdn.com\/app\/uploads\/sites\/15\/2024\/01\/Plateformes-1-1-490x490.png?strip=all&amp;quality=92&amp;webp=92&amp;avif=80&amp;sharp=1 490w, https:\/\/eqsk4m2dkju.exactdn.com\/app\/uploads\/sites\/15\/2024\/01\/Plateformes-1-1-237x237.png?strip=all&amp;quality=92&amp;webp=92&amp;avif=80&amp;sharp=1 237w, https:\/\/eqsk4m2dkju.exactdn.com\/app\/uploads\/sites\/15\/2024\/01\/Plateformes-1-1-474x474.png?strip=all&amp;quality=92&amp;webp=92&amp;avif=80&amp;sharp=1 474w\" sizes=\"auto, (max-width: 600px) 100vw, 600px\" \/><\/figure><\/div>\n<\/div>\n\t\t\t\t\t\t\t<\/div> ","protected":false},"excerpt":{"rendered":"<p>Guide Camion nacelle Un camion nacelle est un v\u00e9hicule utilitaire \u00e9quip\u00e9 d&rsquo;une plateforme de travail mont\u00e9e sur un bras \u00e9l\u00e9vateur articul\u00e9. Il est con\u00e7u pour permettre aux travailleurs d&rsquo;acc\u00e9der \u00e0 des hauteurs \u00e9lev\u00e9es en toute s\u00e9curit\u00e9. Dans cet article nous vous expliquons comment fonctionne un camion nacelle et comment bien choisir son camion nacelle. La &hellip; <a href=\"https:\/\/www.riwal.com\/fr\/guide-camion-nacelle\/\">Voir plus<\/a><\/p>\n","protected":false},"author":51,"featured_media":0,"parent":0,"menu_order":0,"comment_status":"closed","ping_status":"closed","template":"","meta":{"_acf_changed":false,"footnotes":""},"class_list":["post-6422","page","type-page","status-publish","hentry"],"acf":[],"yoast_head":"<!-- This site is optimized with the Yoast SEO Premium plugin v27.1 (Yoast SEO v27.1.1) - https:\/\/yoast.com\/product\/yoast-seo-premium-wordpress\/ -->\n<title>Guide Camion nacelle | Camion nacelle<\/title>\n<meta name=\"description\" content=\"Retrouvez notre guide complet sur les camions nacelle vous permettant de choisir au mieux vos machines pour vos locations.\" \/>\n<meta name=\"robots\" content=\"index, follow, max-snippet:-1, max-image-preview:large, max-video-preview:-1\" \/>\n<link rel=\"canonical\" href=\"https:\/\/www.riwal.com\/fr\/guide-camion-nacelle\/\" \/>\n<meta property=\"og:locale\" content=\"fr_FR\" \/>\n<meta property=\"og:type\" content=\"article\" \/>\n<meta property=\"og:title\" content=\"Guide Camion nacelle\" \/>\n<meta property=\"og:description\" content=\"Retrouvez notre guide complet sur les camions nacelle vous permettant de choisir au mieux vos machines pour vos locations.\" \/>\n<meta property=\"og:url\" content=\"https:\/\/www.riwal.com\/fr\/guide-camion-nacelle\/\" \/>\n<meta property=\"og:site_name\" content=\"Riwal - France\" \/>\n<meta property=\"article:modified_time\" content=\"2024-04-29T13:55:15+00:00\" \/>\n<meta property=\"og:image\" content=\"https:\/\/www.riwal.com\/app\/uploads\/sites\/15\/2024\/01\/Teaser-Truck-Mounted-Lift-in-Depot-Munich.png\" \/>\n<meta name=\"twitter:card\" content=\"summary_large_image\" \/>\n<meta name=\"twitter:label1\" content=\"Est. reading time\" \/>\n\t<meta name=\"twitter:data1\" content=\"2 minutes\" \/>\n<script type=\"application\/ld+json\" class=\"yoast-schema-graph\">{\"@context\":\"https:\/\/schema.org\",\"@graph\":[{\"@type\":\"WebPage\",\"@id\":\"https:\/\/www.riwal.com\/fr\/guide-camion-nacelle\/\",\"url\":\"https:\/\/www.riwal.com\/fr\/guide-camion-nacelle\/\",\"name\":\"Guide Camion nacelle | Camion nacelle\",\"isPartOf\":{\"@id\":\"https:\/\/www.riwal.com\/fr\/#website\"},\"primaryImageOfPage\":{\"@id\":\"https:\/\/www.riwal.com\/fr\/guide-camion-nacelle\/#primaryimage\"},\"image\":{\"@id\":\"https:\/\/www.riwal.com\/fr\/guide-camion-nacelle\/#primaryimage\"},\"thumbnailUrl\":\"https:\/\/www.riwal.com\/app\/uploads\/sites\/15\/2024\/01\/Teaser-Truck-Mounted-Lift-in-Depot-Munich.png\",\"datePublished\":\"2024-03-06T13:14:40+00:00\",\"dateModified\":\"2024-04-29T13:55:15+00:00\",\"description\":\"Retrouvez notre guide complet sur les camions nacelle vous permettant de choisir au mieux vos machines pour vos locations.\",\"breadcrumb\":{\"@id\":\"https:\/\/www.riwal.com\/fr\/guide-camion-nacelle\/#breadcrumb\"},\"inLanguage\":\"fr-FR\",\"potentialAction\":[{\"@type\":\"ReadAction\",\"target\":[\"https:\/\/www.riwal.com\/fr\/guide-camion-nacelle\/\"]}]},{\"@type\":\"ImageObject\",\"inLanguage\":\"fr-FR\",\"@id\":\"https:\/\/www.riwal.com\/fr\/guide-camion-nacelle\/#primaryimage\",\"url\":\"https:\/\/www.riwal.com\/app\/uploads\/sites\/15\/2024\/01\/Teaser-Truck-Mounted-Lift-in-Depot-Munich.png\",\"contentUrl\":\"https:\/\/www.riwal.com\/app\/uploads\/sites\/15\/2024\/01\/Teaser-Truck-Mounted-Lift-in-Depot-Munich.png\"},{\"@type\":\"BreadcrumbList\",\"@id\":\"https:\/\/www.riwal.com\/fr\/guide-camion-nacelle\/#breadcrumb\",\"itemListElement\":[{\"@type\":\"ListItem\",\"position\":1,\"name\":\"Accueil\",\"item\":\"https:\/\/www.riwal.com\/fr\/\"},{\"@type\":\"ListItem\",\"position\":2,\"name\":\"Guide Camion nacelle\"}]},{\"@type\":\"WebSite\",\"@id\":\"https:\/\/www.riwal.com\/fr\/#website\",\"url\":\"https:\/\/www.riwal.com\/fr\/\",\"name\":\"Riwal\",\"description\":\"Location nacelle \u00e9l\u00e9vatrice, formation CACES, vente nacelles - Riwal France\",\"publisher\":{\"@id\":\"https:\/\/www.riwal.com\/fr\/#organization\"},\"potentialAction\":[{\"@type\":\"SearchAction\",\"target\":{\"@type\":\"EntryPoint\",\"urlTemplate\":\"https:\/\/www.riwal.com\/fr\/?s={search_term_string}\"},\"query-input\":{\"@type\":\"PropertyValueSpecification\",\"valueRequired\":true,\"valueName\":\"search_term_string\"}}],\"inLanguage\":\"fr-FR\"},{\"@type\":\"Organization\",\"@id\":\"https:\/\/www.riwal.com\/fr\/#organization\",\"name\":\"Riwal\",\"url\":\"https:\/\/www.riwal.com\/fr\/\",\"logo\":{\"@type\":\"ImageObject\",\"inLanguage\":\"fr-FR\",\"@id\":\"https:\/\/www.riwal.com\/fr\/#\/schema\/logo\/image\/\",\"url\":\"\",\"contentUrl\":\"\",\"caption\":\"Riwal\"},\"image\":{\"@id\":\"https:\/\/www.riwal.com\/fr\/#\/schema\/logo\/image\/\"}}]}<\/script>\n<!-- \/ Yoast SEO Premium plugin. -->","yoast_head_json":{"title":"Guide Camion nacelle | Camion nacelle","description":"Retrouvez notre guide complet sur les camions nacelle vous permettant de choisir au mieux vos machines pour vos locations.","robots":{"index":"index","follow":"follow","max-snippet":"max-snippet:-1","max-image-preview":"max-image-preview:large","max-video-preview":"max-video-preview:-1"},"canonical":"https:\/\/www.riwal.com\/fr\/guide-camion-nacelle\/","og_locale":"fr_FR","og_type":"article","og_title":"Guide Camion nacelle","og_description":"Retrouvez notre guide complet sur les camions nacelle vous permettant de choisir au mieux vos machines pour vos locations.","og_url":"https:\/\/www.riwal.com\/fr\/guide-camion-nacelle\/","og_site_name":"Riwal - France","article_modified_time":"2024-04-29T13:55:15+00:00","og_image":[{"url":"https:\/\/www.riwal.com\/app\/uploads\/sites\/15\/2024\/01\/Teaser-Truck-Mounted-Lift-in-Depot-Munich.png","type":"","width":"","height":""}],"twitter_card":"summary_large_image","twitter_misc":{"Est. reading time":"2 minutes"},"schema":{"@context":"https:\/\/schema.org","@graph":[{"@type":"WebPage","@id":"https:\/\/www.riwal.com\/fr\/guide-camion-nacelle\/","url":"https:\/\/www.riwal.com\/fr\/guide-camion-nacelle\/","name":"Guide Camion nacelle | Camion nacelle","isPartOf":{"@id":"https:\/\/www.riwal.com\/fr\/#website"},"primaryImageOfPage":{"@id":"https:\/\/www.riwal.com\/fr\/guide-camion-nacelle\/#primaryimage"},"image":{"@id":"https:\/\/www.riwal.com\/fr\/guide-camion-nacelle\/#primaryimage"},"thumbnailUrl":"https:\/\/www.riwal.com\/app\/uploads\/sites\/15\/2024\/01\/Teaser-Truck-Mounted-Lift-in-Depot-Munich.png","datePublished":"2024-03-06T13:14:40+00:00","dateModified":"2024-04-29T13:55:15+00:00","description":"Retrouvez notre guide complet sur les camions nacelle vous permettant de choisir au mieux vos machines pour vos locations.","breadcrumb":{"@id":"https:\/\/www.riwal.com\/fr\/guide-camion-nacelle\/#breadcrumb"},"inLanguage":"fr-FR","potentialAction":[{"@type":"ReadAction","target":["https:\/\/www.riwal.com\/fr\/guide-camion-nacelle\/"]}]},{"@type":"ImageObject","inLanguage":"fr-FR","@id":"https:\/\/www.riwal.com\/fr\/guide-camion-nacelle\/#primaryimage","url":"https:\/\/www.riwal.com\/app\/uploads\/sites\/15\/2024\/01\/Teaser-Truck-Mounted-Lift-in-Depot-Munich.png","contentUrl":"https:\/\/www.riwal.com\/app\/uploads\/sites\/15\/2024\/01\/Teaser-Truck-Mounted-Lift-in-Depot-Munich.png"},{"@type":"BreadcrumbList","@id":"https:\/\/www.riwal.com\/fr\/guide-camion-nacelle\/#breadcrumb","itemListElement":[{"@type":"ListItem","position":1,"name":"Accueil","item":"https:\/\/www.riwal.com\/fr\/"},{"@type":"ListItem","position":2,"name":"Guide Camion nacelle"}]},{"@type":"WebSite","@id":"https:\/\/www.riwal.com\/fr\/#website","url":"https:\/\/www.riwal.com\/fr\/","name":"Riwal","description":"Location nacelle \u00e9l\u00e9vatrice, formation CACES, vente nacelles - Riwal France","publisher":{"@id":"https:\/\/www.riwal.com\/fr\/#organization"},"potentialAction":[{"@type":"SearchAction","target":{"@type":"EntryPoint","urlTemplate":"https:\/\/www.riwal.com\/fr\/?s={search_term_string}"},"query-input":{"@type":"PropertyValueSpecification","valueRequired":true,"valueName":"search_term_string"}}],"inLanguage":"fr-FR"},{"@type":"Organization","@id":"https:\/\/www.riwal.com\/fr\/#organization","name":"Riwal","url":"https:\/\/www.riwal.com\/fr\/","logo":{"@type":"ImageObject","inLanguage":"fr-FR","@id":"https:\/\/www.riwal.com\/fr\/#\/schema\/logo\/image\/","url":"","contentUrl":"","caption":"Riwal"},"image":{"@id":"https:\/\/www.riwal.com\/fr\/#\/schema\/logo\/image\/"}}]}},"_links":{"self":[{"href":"https:\/\/www.riwal.com\/fr\/wp-json\/wp\/v2\/pages\/6422","targetHints":{"allow":["GET"]}}],"collection":[{"href":"https:\/\/www.riwal.com\/fr\/wp-json\/wp\/v2\/pages"}],"about":[{"href":"https:\/\/www.riwal.com\/fr\/wp-json\/wp\/v2\/types\/page"}],"author":[{"embeddable":true,"href":"https:\/\/www.riwal.com\/fr\/wp-json\/wp\/v2\/users\/51"}],"replies":[{"embeddable":true,"href":"https:\/\/www.riwal.com\/fr\/wp-json\/wp\/v2\/comments?post=6422"}],"version-history":[{"count":4,"href":"https:\/\/www.riwal.com\/fr\/wp-json\/wp\/v2\/pages\/6422\/revisions"}],"predecessor-version":[{"id":9020,"href":"https:\/\/www.riwal.com\/fr\/wp-json\/wp\/v2\/pages\/6422\/revisions\/9020"}],"wp:attachment":[{"href":"https:\/\/www.riwal.com\/fr\/wp-json\/wp\/v2\/media?parent=6422"}],"curies":[{"name":"wp","href":"https:\/\/api.w.org\/{rel}","templated":true}]}}