{"id":6383,"date":"2024-03-06T13:25:59","date_gmt":"2024-03-06T13:25:59","guid":{"rendered":"https:\/\/www.riwal.com\/fr\/?page_id=6383"},"modified":"2024-04-29T15:56:33","modified_gmt":"2024-04-29T13:56:33","slug":"guide-nacelles-articulees","status":"publish","type":"page","link":"https:\/\/www.riwal.com\/fr\/guide-nacelles-articulees\/","title":{"rendered":"Guide nacelles articul\u00e9es"},"content":{"rendered":"<div class=\"container\">\n<h1 class=\"wp-block-heading\" id=\"h-guide-nacelles-articulees\">Guide nacelles articul\u00e9es<\/h1>\n<\/div>\n\n<div class=\"container\">\n<p><\/p>\n<\/div>\n\n<div class=\"container\">\n<p>Une nacelle articul\u00e9e est un nacelle \u00e9l\u00e9vatrice \u00e9quip\u00e9e d&rsquo;un bras articul\u00e9 lui permettant de surmonter tout type d&rsquo;obstacles et d&rsquo;atteindre des espaces difficiles d&rsquo;acc\u00e8s. Ce type d&rsquo;engin de chantier dispose de jointures qui lui permettent de se plier sur plusieurs parties. Cela facilite sa man\u0153uvre et son utilisation autour de structures.<\/p>\n<\/div>\n\n<div class=\"container\">\n<p>Dans cet article, nous vous expliquons comment utiliser et comment choisir nos nacelles articul\u00e9es pour vos besoins. <\/p>\n<\/div>\n\n<div class=\"container\">\n<p><\/p>\n<\/div>\n\n<div class=\"container\">\n<h2 class=\"wp-block-heading\" id=\"h-nos-differents-types-de-nacelles-articulees\">Nos diff\u00e9rents types de nacelles articul\u00e9es<\/h2>\n<\/div>\n\n<div class=\"rental-wp-default-block rental-theme-block-default-margin\">\n\t\t\t\t\t\t\t\t<div class=\"container\">\n<div class=\"wp-block-media-text is-stacked-on-mobile\" style=\"grid-template-columns:44% auto\"><figure class=\"wp-block-media-text__media\"><img loading=\"lazy\" decoding=\"async\" width=\"900\" height=\"506\" src=\"https:\/\/eqsk4m2dkju.exactdn.com\/app\/uploads\/sites\/15\/2024\/01\/Product-Website-Jlg-1350-SJP.jpg?strip=all&quality=92&webp=92&avif=80&sharp=1\" alt=\"\" class=\"wp-image-6384 size-full\" srcset=\"https:\/\/eqsk4m2dkju.exactdn.com\/app\/uploads\/sites\/15\/2024\/01\/Product-Website-Jlg-1350-SJP.jpg?strip=all&amp;quality=92&amp;webp=92&amp;avif=80&amp;sharp=1 900w, https:\/\/eqsk4m2dkju.exactdn.com\/app\/uploads\/sites\/15\/2024\/01\/Product-Website-Jlg-1350-SJP-300x169.jpg?strip=all&amp;quality=92&amp;webp=92&amp;avif=80&amp;sharp=1 300w, https:\/\/eqsk4m2dkju.exactdn.com\/app\/uploads\/sites\/15\/2024\/01\/Product-Website-Jlg-1350-SJP-768x432.jpg?strip=all&amp;quality=92&amp;webp=92&amp;avif=80&amp;sharp=1 768w, https:\/\/eqsk4m2dkju.exactdn.com\/app\/uploads\/sites\/15\/2024\/01\/Product-Website-Jlg-1350-SJP-178x100.jpg?strip=all&amp;quality=92&amp;webp=92&amp;avif=80&amp;sharp=1 178w, https:\/\/eqsk4m2dkju.exactdn.com\/app\/uploads\/sites\/15\/2024\/01\/Product-Website-Jlg-1350-SJP-390x219.jpg?strip=all&amp;quality=92&amp;webp=92&amp;avif=80&amp;sharp=1 390w, https:\/\/eqsk4m2dkju.exactdn.com\/app\/uploads\/sites\/15\/2024\/01\/Product-Website-Jlg-1350-SJP-830x467.jpg?strip=all&amp;quality=92&amp;webp=92&amp;avif=80&amp;sharp=1 830w, https:\/\/eqsk4m2dkju.exactdn.com\/app\/uploads\/sites\/15\/2024\/01\/Product-Website-Jlg-1350-SJP-250x141.jpg?strip=all&amp;quality=92&amp;webp=92&amp;avif=80&amp;sharp=1 250w, https:\/\/eqsk4m2dkju.exactdn.com\/app\/uploads\/sites\/15\/2024\/01\/Product-Website-Jlg-1350-SJP-620x349.jpg?strip=all&amp;quality=92&amp;webp=92&amp;avif=80&amp;sharp=1 620w, https:\/\/eqsk4m2dkju.exactdn.com\/app\/uploads\/sites\/15\/2024\/01\/Product-Website-Jlg-1350-SJP-237x133.jpg?strip=all&amp;quality=92&amp;webp=92&amp;avif=80&amp;sharp=1 237w, https:\/\/eqsk4m2dkju.exactdn.com\/app\/uploads\/sites\/15\/2024\/01\/Product-Website-Jlg-1350-SJP-474x266.jpg?strip=all&amp;quality=92&amp;webp=92&amp;avif=80&amp;sharp=1 474w, https:\/\/eqsk4m2dkju.exactdn.com\/app\/uploads\/sites\/15\/2024\/01\/Product-Website-Jlg-1350-SJP.jpg?strip=all&amp;quality=92&amp;webp=92&amp;avif=80&amp;sharp=1&amp;w=540 540w\" sizes=\"auto, (max-width: 900px) 100vw, 900px\" \/><\/figure><div class=\"wp-block-media-text__content\">\n<h3 class=\"wp-block-heading\" id=\"h-nacelle-articule-electrique\">Nacelle articul\u00e9 \u00e9lectrique<\/h3>\n\n\n\n<p>Les nacelles articul\u00e9es fonctionnent avec des batteries rechargeables. Elles sont silencieuses et \u00e9cologiques. Elles sont id\u00e9ales pour les entreprises qui souhaitent faire attention \u00e0 leur empreinte carbone. <\/p>\n\n\n\n<p>Elles conviennent parfaitement pour les travaux en int\u00e9rieur et dans les zones sensibles au bruit. <\/p>\n<\/div><\/div>\n<\/div>\n\t\t\t\t\t\t\t<\/div> \n\n<div class=\"rental-wp-default-block rental-theme-block-default-margin\">\n\t\t\t\t\t\t\t\t<div class=\"container\">\n<div class=\"wp-block-media-text has-media-on-the-right is-stacked-on-mobile\" style=\"grid-template-columns:auto 39%\"><div class=\"wp-block-media-text__content\">\n<h3 class=\"wp-block-heading\" id=\"h-nacelle-articulee-a-moteur-thermique\">Nacelle articul\u00e9e \u00e0 moteur thermique<\/h3>\n\n\n\n<p>Les nacelles \u00e0 moteur thermique fonctionnant avec des moteurs \u00e0 essence, diesel ou GPL. Elles ont une plus grande capacit\u00e9 de charge et une port\u00e9e plus importante que l&rsquo;\u00e9lectricit\u00e9, mais elles sont plus bruyantes et produisent des \u00e9missions polluantes. <\/p>\n<\/div><figure class=\"wp-block-media-text__media\"><img loading=\"lazy\" decoding=\"async\" width=\"900\" height=\"600\" src=\"https:\/\/eqsk4m2dkju.exactdn.com\/app\/uploads\/sites\/15\/2024\/01\/Product-Website-220310-riwal-sevenum-hessing-3580.jpg?strip=all&quality=92&webp=92&avif=80&sharp=1\" alt=\"\" class=\"wp-image-6387 size-full\" srcset=\"https:\/\/eqsk4m2dkju.exactdn.com\/app\/uploads\/sites\/15\/2024\/01\/Product-Website-220310-riwal-sevenum-hessing-3580.jpg?strip=all&amp;quality=92&amp;webp=92&amp;avif=80&amp;sharp=1 900w, https:\/\/eqsk4m2dkju.exactdn.com\/app\/uploads\/sites\/15\/2024\/01\/Product-Website-220310-riwal-sevenum-hessing-3580-300x200.jpg?strip=all&amp;quality=92&amp;webp=92&amp;avif=80&amp;sharp=1 300w, https:\/\/eqsk4m2dkju.exactdn.com\/app\/uploads\/sites\/15\/2024\/01\/Product-Website-220310-riwal-sevenum-hessing-3580-768x512.jpg?strip=all&amp;quality=92&amp;webp=92&amp;avif=80&amp;sharp=1 768w, https:\/\/eqsk4m2dkju.exactdn.com\/app\/uploads\/sites\/15\/2024\/01\/Product-Website-220310-riwal-sevenum-hessing-3580-178x119.jpg?strip=all&amp;quality=92&amp;webp=92&amp;avif=80&amp;sharp=1 178w, https:\/\/eqsk4m2dkju.exactdn.com\/app\/uploads\/sites\/15\/2024\/01\/Product-Website-220310-riwal-sevenum-hessing-3580-390x260.jpg?strip=all&amp;quality=92&amp;webp=92&amp;avif=80&amp;sharp=1 390w, https:\/\/eqsk4m2dkju.exactdn.com\/app\/uploads\/sites\/15\/2024\/01\/Product-Website-220310-riwal-sevenum-hessing-3580-830x553.jpg?strip=all&amp;quality=92&amp;webp=92&amp;avif=80&amp;sharp=1 830w, https:\/\/eqsk4m2dkju.exactdn.com\/app\/uploads\/sites\/15\/2024\/01\/Product-Website-220310-riwal-sevenum-hessing-3580-250x167.jpg?strip=all&amp;quality=92&amp;webp=92&amp;avif=80&amp;sharp=1 250w, https:\/\/eqsk4m2dkju.exactdn.com\/app\/uploads\/sites\/15\/2024\/01\/Product-Website-220310-riwal-sevenum-hessing-3580-620x413.jpg?strip=all&amp;quality=92&amp;webp=92&amp;avif=80&amp;sharp=1 620w, https:\/\/eqsk4m2dkju.exactdn.com\/app\/uploads\/sites\/15\/2024\/01\/Product-Website-220310-riwal-sevenum-hessing-3580-237x158.jpg?strip=all&amp;quality=92&amp;webp=92&amp;avif=80&amp;sharp=1 237w, https:\/\/eqsk4m2dkju.exactdn.com\/app\/uploads\/sites\/15\/2024\/01\/Product-Website-220310-riwal-sevenum-hessing-3580-474x316.jpg?strip=all&amp;quality=92&amp;webp=92&amp;avif=80&amp;sharp=1 474w, https:\/\/eqsk4m2dkju.exactdn.com\/app\/uploads\/sites\/15\/2024\/01\/Product-Website-220310-riwal-sevenum-hessing-3580.jpg?strip=all&amp;quality=92&amp;webp=92&amp;avif=80&amp;sharp=1&amp;w=540 540w\" sizes=\"auto, (max-width: 900px) 100vw, 900px\" \/><\/figure><\/div>\n<\/div>\n\t\t\t\t\t\t\t<\/div> \n\n<div class=\"container\">\n<h2 class=\"wp-block-heading\" id=\"h-conseils-pour-bien-choisir-sa-nacelle-articulee\">Conseils pour bien choisir sa nacelle articul\u00e9e<\/h2>\n<\/div>\n\n<div class=\"container\">\n<ul class=\"wp-block-list\">\n<li><strong>Hauteur de travail :<\/strong> La hauteur de travail fait partie des crit\u00e8re les plus important \u00e0 consid\u00e9rer lors du choix de sa nacelle articul\u00e9e. D\u00e9terminer avant tous la hauteur de travail de votre chantier pour choisir la nacelle qui s&rsquo;y rapproche au mieux. <\/li>\n\n\n\n<li><strong>Capacit\u00e9 de charge :<\/strong> Pour choisir au mieux votre nacelle, pensez avant tous \u00e0 d\u00e9terminer le nombres de personnes pr\u00e9sent sur le chantier, qui monteront sur la nacelle&#8230; De plus ne d\u00e9passer jamais la capacit\u00e9 de charge maximale. <\/li>\n\n\n\n<li><strong>Les contraintes de votre chantier<\/strong> : V\u00e9rifiez avant de louer votre mat\u00e9riel, tous les obstacles potentiels et les conditions particuli\u00e8res sur votre chantier. <\/li>\n<\/ul>\n<\/div>\n\n<div class=\"rental-wp-default-block rental-theme-block-default-margin\">\n\t\t\t\t\t\t\t\t<div class=\"container\">\n<div class=\"wp-block-media-text has-media-on-the-right is-stacked-on-mobile\"><div class=\"wp-block-media-text__content\">\n<h2 class=\"wp-block-heading\" id=\"h-la-securite-avec-nos-nacelles-articulees\">La s\u00e9curit\u00e9 avec nos nacelles articul\u00e9es<\/h2>\n\n\n\n<ul class=\"wp-block-list\">\n<li><strong>Environnement<\/strong> : V\u00e9rifiez la s\u00e9curit\u00e9 de votre zone de travail et identifiez les dangers potentiels<\/li>\n\n\n\n<li><strong>Maintenance de l&rsquo;\u00e9quipement<\/strong> : Retrouvez en scannant nos <a href=\"https:\/\/www.riwal.com\/fr\/expertise\/solutions-digitales\/\">QR CODE<\/a> pr\u00e9sent sur toutes nos machines, nos suivis de maintenance, fiches techniques&#8230;.<\/li>\n\n\n\n<li><strong>Contr\u00f4le <\/strong>: N&rsquo;h\u00e9sitez pas \u00e0 contr\u00f4ler r\u00e9guli\u00e8rement les syst\u00e8mes d&rsquo;arr\u00eat d&rsquo;urgence et les autres dispositifs de s\u00e9curit\u00e9. <\/li>\n\n\n\n<li><strong>Formations <\/strong>: Formez-vous \u00e0 l&rsquo;utilisation de la nacelle ciseaux et notamment au <a href=\"https:\/\/www.riwal.com\/fr\/formation\/?_vertical_training_category=caces-r486\">CACES R486<\/a>.<\/li>\n<\/ul>\n<\/div><figure class=\"wp-block-media-text__media\"><img loading=\"lazy\" decoding=\"async\" width=\"900\" height=\"600\" src=\"https:\/\/eqsk4m2dkju.exactdn.com\/app\/uploads\/sites\/15\/2024\/01\/Product-Website-Riwal-training-on-location-1.jpg?strip=all&quality=92&webp=92&avif=80&sharp=1\" alt=\"\" class=\"wp-image-6420 size-full\" srcset=\"https:\/\/eqsk4m2dkju.exactdn.com\/app\/uploads\/sites\/15\/2024\/01\/Product-Website-Riwal-training-on-location-1.jpg?strip=all&amp;quality=92&amp;webp=92&amp;avif=80&amp;sharp=1 900w, https:\/\/eqsk4m2dkju.exactdn.com\/app\/uploads\/sites\/15\/2024\/01\/Product-Website-Riwal-training-on-location-1-300x200.jpg?strip=all&amp;quality=92&amp;webp=92&amp;avif=80&amp;sharp=1 300w, https:\/\/eqsk4m2dkju.exactdn.com\/app\/uploads\/sites\/15\/2024\/01\/Product-Website-Riwal-training-on-location-1-768x512.jpg?strip=all&amp;quality=92&amp;webp=92&amp;avif=80&amp;sharp=1 768w, https:\/\/eqsk4m2dkju.exactdn.com\/app\/uploads\/sites\/15\/2024\/01\/Product-Website-Riwal-training-on-location-1-178x119.jpg?strip=all&amp;quality=92&amp;webp=92&amp;avif=80&amp;sharp=1 178w, https:\/\/eqsk4m2dkju.exactdn.com\/app\/uploads\/sites\/15\/2024\/01\/Product-Website-Riwal-training-on-location-1-390x260.jpg?strip=all&amp;quality=92&amp;webp=92&amp;avif=80&amp;sharp=1 390w, https:\/\/eqsk4m2dkju.exactdn.com\/app\/uploads\/sites\/15\/2024\/01\/Product-Website-Riwal-training-on-location-1-830x553.jpg?strip=all&amp;quality=92&amp;webp=92&amp;avif=80&amp;sharp=1 830w, https:\/\/eqsk4m2dkju.exactdn.com\/app\/uploads\/sites\/15\/2024\/01\/Product-Website-Riwal-training-on-location-1-250x167.jpg?strip=all&amp;quality=92&amp;webp=92&amp;avif=80&amp;sharp=1 250w, https:\/\/eqsk4m2dkju.exactdn.com\/app\/uploads\/sites\/15\/2024\/01\/Product-Website-Riwal-training-on-location-1-620x413.jpg?strip=all&amp;quality=92&amp;webp=92&amp;avif=80&amp;sharp=1 620w, https:\/\/eqsk4m2dkju.exactdn.com\/app\/uploads\/sites\/15\/2024\/01\/Product-Website-Riwal-training-on-location-1-237x158.jpg?strip=all&amp;quality=92&amp;webp=92&amp;avif=80&amp;sharp=1 237w, https:\/\/eqsk4m2dkju.exactdn.com\/app\/uploads\/sites\/15\/2024\/01\/Product-Website-Riwal-training-on-location-1-474x316.jpg?strip=all&amp;quality=92&amp;webp=92&amp;avif=80&amp;sharp=1 474w, https:\/\/eqsk4m2dkju.exactdn.com\/app\/uploads\/sites\/15\/2024\/01\/Product-Website-Riwal-training-on-location-1.jpg?strip=all&amp;quality=92&amp;webp=92&amp;avif=80&amp;sharp=1&amp;w=540 540w\" sizes=\"auto, (max-width: 900px) 100vw, 900px\" \/><\/figure><\/div>\n<\/div>\n\t\t\t\t\t\t\t<\/div> \n\n<div class=\"rental-wp-default-block rental-theme-block-default-margin\">\n\t\t\t\t\t\t\t\t<div class=\"container\">\n<div class=\"wp-block-media-text is-stacked-on-mobile\"><figure class=\"wp-block-media-text__media\"><img loading=\"lazy\" decoding=\"async\" width=\"600\" height=\"600\" src=\"https:\/\/eqsk4m2dkju.exactdn.com\/app\/uploads\/sites\/15\/2024\/03\/Nacelle-sur-chenilles.png?strip=all&quality=92&webp=92&avif=80&sharp=1\" alt=\"\" class=\"wp-image-9031 size-full\" srcset=\"https:\/\/eqsk4m2dkju.exactdn.com\/app\/uploads\/sites\/15\/2024\/03\/Nacelle-sur-chenilles.png?strip=all&amp;quality=92&amp;webp=92&amp;avif=80&amp;sharp=1 600w, https:\/\/eqsk4m2dkju.exactdn.com\/app\/uploads\/sites\/15\/2024\/03\/Nacelle-sur-chenilles-300x300.png?strip=all&amp;quality=92&amp;webp=92&amp;avif=80&amp;sharp=1 300w, https:\/\/eqsk4m2dkju.exactdn.com\/app\/uploads\/sites\/15\/2024\/03\/Nacelle-sur-chenilles-150x150.png?strip=all&amp;quality=92&amp;webp=92&amp;avif=80&amp;sharp=1 150w, https:\/\/eqsk4m2dkju.exactdn.com\/app\/uploads\/sites\/15\/2024\/03\/Nacelle-sur-chenilles-178x178.png?strip=all&amp;quality=92&amp;webp=92&amp;avif=80&amp;sharp=1 178w, https:\/\/eqsk4m2dkju.exactdn.com\/app\/uploads\/sites\/15\/2024\/03\/Nacelle-sur-chenilles-390x390.png?strip=all&amp;quality=92&amp;webp=92&amp;avif=80&amp;sharp=1 390w, https:\/\/eqsk4m2dkju.exactdn.com\/app\/uploads\/sites\/15\/2024\/03\/Nacelle-sur-chenilles-200x200.png?strip=all&amp;quality=92&amp;webp=92&amp;avif=80&amp;sharp=1 200w, https:\/\/eqsk4m2dkju.exactdn.com\/app\/uploads\/sites\/15\/2024\/03\/Nacelle-sur-chenilles-490x490.png?strip=all&amp;quality=92&amp;webp=92&amp;avif=80&amp;sharp=1 490w, https:\/\/eqsk4m2dkju.exactdn.com\/app\/uploads\/sites\/15\/2024\/03\/Nacelle-sur-chenilles-237x237.png?strip=all&amp;quality=92&amp;webp=92&amp;avif=80&amp;sharp=1 237w, https:\/\/eqsk4m2dkju.exactdn.com\/app\/uploads\/sites\/15\/2024\/03\/Nacelle-sur-chenilles-474x474.png?strip=all&amp;quality=92&amp;webp=92&amp;avif=80&amp;sharp=1 474w\" sizes=\"auto, (max-width: 600px) 100vw, 600px\" \/><\/figure><div class=\"wp-block-media-text__content\">\n<h3 class=\"wp-block-heading\" id=\"h-les-differentes-parties-d-une-nacelle-articulee\">Les diff\u00e9rentes parties d&rsquo;une nacelle articul\u00e9e<\/h3>\n<\/div><\/div>\n<\/div>\n\t\t\t\t\t\t\t<\/div> ","protected":false},"excerpt":{"rendered":"<p>Guide nacelles articul\u00e9es Une nacelle articul\u00e9e est un nacelle \u00e9l\u00e9vatrice \u00e9quip\u00e9e d&rsquo;un bras articul\u00e9 lui permettant de surmonter tout type d&rsquo;obstacles et d&rsquo;atteindre des espaces difficiles d&rsquo;acc\u00e8s. Ce type d&rsquo;engin de chantier dispose de jointures qui lui permettent de se plier sur plusieurs parties. Cela facilite sa man\u0153uvre et son utilisation autour de structures. Dans &hellip; <a href=\"https:\/\/www.riwal.com\/fr\/guide-nacelles-articulees\/\">Voir plus<\/a><\/p>\n","protected":false},"author":51,"featured_media":0,"parent":0,"menu_order":0,"comment_status":"closed","ping_status":"closed","template":"","meta":{"_acf_changed":false,"footnotes":""},"class_list":["post-6383","page","type-page","status-publish","hentry"],"acf":[],"yoast_head":"<!-- This site is optimized with the Yoast SEO Premium plugin v27.1 (Yoast SEO v27.1.1) - https:\/\/yoast.com\/product\/yoast-seo-premium-wordpress\/ -->\n<title>Guide nacelles articul\u00e9es | Riwal France<\/title>\n<meta name=\"description\" content=\"Retrouvez le guide complet des nacelles articul\u00e9es, vous permettant de choisir au mieux vos machines pour vos locations.\" \/>\n<meta name=\"robots\" content=\"index, follow, max-snippet:-1, max-image-preview:large, max-video-preview:-1\" \/>\n<link rel=\"canonical\" href=\"https:\/\/www.riwal.com\/fr\/guide-nacelles-articulees\/\" \/>\n<meta property=\"og:locale\" content=\"fr_FR\" \/>\n<meta property=\"og:type\" content=\"article\" \/>\n<meta property=\"og:title\" content=\"Guide nacelles articul\u00e9es\" \/>\n<meta property=\"og:description\" content=\"Retrouvez le guide complet des nacelles articul\u00e9es, vous permettant de choisir au mieux vos machines pour vos locations.\" \/>\n<meta property=\"og:url\" content=\"https:\/\/www.riwal.com\/fr\/guide-nacelles-articulees\/\" \/>\n<meta property=\"og:site_name\" content=\"Riwal - France\" \/>\n<meta property=\"article:modified_time\" content=\"2024-04-29T13:56:33+00:00\" \/>\n<meta property=\"og:image\" content=\"https:\/\/www.riwal.com\/app\/uploads\/sites\/15\/2024\/01\/Product-Website-Jlg-1350-SJP.jpg\" \/>\n<meta name=\"twitter:card\" content=\"summary_large_image\" \/>\n<meta name=\"twitter:label1\" content=\"Est. reading time\" \/>\n\t<meta name=\"twitter:data1\" content=\"3 minutes\" \/>\n<script type=\"application\/ld+json\" class=\"yoast-schema-graph\">{\"@context\":\"https:\/\/schema.org\",\"@graph\":[{\"@type\":\"WebPage\",\"@id\":\"https:\/\/www.riwal.com\/fr\/guide-nacelles-articulees\/\",\"url\":\"https:\/\/www.riwal.com\/fr\/guide-nacelles-articulees\/\",\"name\":\"Guide nacelles articul\u00e9es | Riwal France\",\"isPartOf\":{\"@id\":\"https:\/\/www.riwal.com\/fr\/#website\"},\"primaryImageOfPage\":{\"@id\":\"https:\/\/www.riwal.com\/fr\/guide-nacelles-articulees\/#primaryimage\"},\"image\":{\"@id\":\"https:\/\/www.riwal.com\/fr\/guide-nacelles-articulees\/#primaryimage\"},\"thumbnailUrl\":\"https:\/\/www.riwal.com\/app\/uploads\/sites\/15\/2024\/01\/Product-Website-Jlg-1350-SJP.jpg\",\"datePublished\":\"2024-03-06T13:25:59+00:00\",\"dateModified\":\"2024-04-29T13:56:33+00:00\",\"description\":\"Retrouvez le guide complet des nacelles articul\u00e9es, vous permettant de choisir au mieux vos machines pour vos locations.\",\"breadcrumb\":{\"@id\":\"https:\/\/www.riwal.com\/fr\/guide-nacelles-articulees\/#breadcrumb\"},\"inLanguage\":\"fr-FR\",\"potentialAction\":[{\"@type\":\"ReadAction\",\"target\":[\"https:\/\/www.riwal.com\/fr\/guide-nacelles-articulees\/\"]}]},{\"@type\":\"ImageObject\",\"inLanguage\":\"fr-FR\",\"@id\":\"https:\/\/www.riwal.com\/fr\/guide-nacelles-articulees\/#primaryimage\",\"url\":\"https:\/\/www.riwal.com\/app\/uploads\/sites\/15\/2024\/01\/Product-Website-Jlg-1350-SJP.jpg\",\"contentUrl\":\"https:\/\/www.riwal.com\/app\/uploads\/sites\/15\/2024\/01\/Product-Website-Jlg-1350-SJP.jpg\"},{\"@type\":\"BreadcrumbList\",\"@id\":\"https:\/\/www.riwal.com\/fr\/guide-nacelles-articulees\/#breadcrumb\",\"itemListElement\":[{\"@type\":\"ListItem\",\"position\":1,\"name\":\"Accueil\",\"item\":\"https:\/\/www.riwal.com\/fr\/\"},{\"@type\":\"ListItem\",\"position\":2,\"name\":\"Guide nacelles articul\u00e9es\"}]},{\"@type\":\"WebSite\",\"@id\":\"https:\/\/www.riwal.com\/fr\/#website\",\"url\":\"https:\/\/www.riwal.com\/fr\/\",\"name\":\"Riwal\",\"description\":\"Location nacelle \u00e9l\u00e9vatrice, formation CACES, vente nacelles - Riwal France\",\"publisher\":{\"@id\":\"https:\/\/www.riwal.com\/fr\/#organization\"},\"potentialAction\":[{\"@type\":\"SearchAction\",\"target\":{\"@type\":\"EntryPoint\",\"urlTemplate\":\"https:\/\/www.riwal.com\/fr\/?s={search_term_string}\"},\"query-input\":{\"@type\":\"PropertyValueSpecification\",\"valueRequired\":true,\"valueName\":\"search_term_string\"}}],\"inLanguage\":\"fr-FR\"},{\"@type\":\"Organization\",\"@id\":\"https:\/\/www.riwal.com\/fr\/#organization\",\"name\":\"Riwal\",\"url\":\"https:\/\/www.riwal.com\/fr\/\",\"logo\":{\"@type\":\"ImageObject\",\"inLanguage\":\"fr-FR\",\"@id\":\"https:\/\/www.riwal.com\/fr\/#\/schema\/logo\/image\/\",\"url\":\"\",\"contentUrl\":\"\",\"caption\":\"Riwal\"},\"image\":{\"@id\":\"https:\/\/www.riwal.com\/fr\/#\/schema\/logo\/image\/\"}}]}<\/script>\n<!-- \/ Yoast SEO Premium plugin. -->","yoast_head_json":{"title":"Guide nacelles articul\u00e9es | Riwal France","description":"Retrouvez le guide complet des nacelles articul\u00e9es, vous permettant de choisir au mieux vos machines pour vos locations.","robots":{"index":"index","follow":"follow","max-snippet":"max-snippet:-1","max-image-preview":"max-image-preview:large","max-video-preview":"max-video-preview:-1"},"canonical":"https:\/\/www.riwal.com\/fr\/guide-nacelles-articulees\/","og_locale":"fr_FR","og_type":"article","og_title":"Guide nacelles articul\u00e9es","og_description":"Retrouvez le guide complet des nacelles articul\u00e9es, vous permettant de choisir au mieux vos machines pour vos locations.","og_url":"https:\/\/www.riwal.com\/fr\/guide-nacelles-articulees\/","og_site_name":"Riwal - France","article_modified_time":"2024-04-29T13:56:33+00:00","og_image":[{"url":"https:\/\/www.riwal.com\/app\/uploads\/sites\/15\/2024\/01\/Product-Website-Jlg-1350-SJP.jpg","type":"","width":"","height":""}],"twitter_card":"summary_large_image","twitter_misc":{"Est. reading time":"3 minutes"},"schema":{"@context":"https:\/\/schema.org","@graph":[{"@type":"WebPage","@id":"https:\/\/www.riwal.com\/fr\/guide-nacelles-articulees\/","url":"https:\/\/www.riwal.com\/fr\/guide-nacelles-articulees\/","name":"Guide nacelles articul\u00e9es | Riwal France","isPartOf":{"@id":"https:\/\/www.riwal.com\/fr\/#website"},"primaryImageOfPage":{"@id":"https:\/\/www.riwal.com\/fr\/guide-nacelles-articulees\/#primaryimage"},"image":{"@id":"https:\/\/www.riwal.com\/fr\/guide-nacelles-articulees\/#primaryimage"},"thumbnailUrl":"https:\/\/www.riwal.com\/app\/uploads\/sites\/15\/2024\/01\/Product-Website-Jlg-1350-SJP.jpg","datePublished":"2024-03-06T13:25:59+00:00","dateModified":"2024-04-29T13:56:33+00:00","description":"Retrouvez le guide complet des nacelles articul\u00e9es, vous permettant de choisir au mieux vos machines pour vos locations.","breadcrumb":{"@id":"https:\/\/www.riwal.com\/fr\/guide-nacelles-articulees\/#breadcrumb"},"inLanguage":"fr-FR","potentialAction":[{"@type":"ReadAction","target":["https:\/\/www.riwal.com\/fr\/guide-nacelles-articulees\/"]}]},{"@type":"ImageObject","inLanguage":"fr-FR","@id":"https:\/\/www.riwal.com\/fr\/guide-nacelles-articulees\/#primaryimage","url":"https:\/\/www.riwal.com\/app\/uploads\/sites\/15\/2024\/01\/Product-Website-Jlg-1350-SJP.jpg","contentUrl":"https:\/\/www.riwal.com\/app\/uploads\/sites\/15\/2024\/01\/Product-Website-Jlg-1350-SJP.jpg"},{"@type":"BreadcrumbList","@id":"https:\/\/www.riwal.com\/fr\/guide-nacelles-articulees\/#breadcrumb","itemListElement":[{"@type":"ListItem","position":1,"name":"Accueil","item":"https:\/\/www.riwal.com\/fr\/"},{"@type":"ListItem","position":2,"name":"Guide nacelles articul\u00e9es"}]},{"@type":"WebSite","@id":"https:\/\/www.riwal.com\/fr\/#website","url":"https:\/\/www.riwal.com\/fr\/","name":"Riwal","description":"Location nacelle \u00e9l\u00e9vatrice, formation CACES, vente nacelles - Riwal France","publisher":{"@id":"https:\/\/www.riwal.com\/fr\/#organization"},"potentialAction":[{"@type":"SearchAction","target":{"@type":"EntryPoint","urlTemplate":"https:\/\/www.riwal.com\/fr\/?s={search_term_string}"},"query-input":{"@type":"PropertyValueSpecification","valueRequired":true,"valueName":"search_term_string"}}],"inLanguage":"fr-FR"},{"@type":"Organization","@id":"https:\/\/www.riwal.com\/fr\/#organization","name":"Riwal","url":"https:\/\/www.riwal.com\/fr\/","logo":{"@type":"ImageObject","inLanguage":"fr-FR","@id":"https:\/\/www.riwal.com\/fr\/#\/schema\/logo\/image\/","url":"","contentUrl":"","caption":"Riwal"},"image":{"@id":"https:\/\/www.riwal.com\/fr\/#\/schema\/logo\/image\/"}}]}},"_links":{"self":[{"href":"https:\/\/www.riwal.com\/fr\/wp-json\/wp\/v2\/pages\/6383","targetHints":{"allow":["GET"]}}],"collection":[{"href":"https:\/\/www.riwal.com\/fr\/wp-json\/wp\/v2\/pages"}],"about":[{"href":"https:\/\/www.riwal.com\/fr\/wp-json\/wp\/v2\/types\/page"}],"author":[{"embeddable":true,"href":"https:\/\/www.riwal.com\/fr\/wp-json\/wp\/v2\/users\/51"}],"replies":[{"embeddable":true,"href":"https:\/\/www.riwal.com\/fr\/wp-json\/wp\/v2\/comments?post=6383"}],"version-history":[{"count":10,"href":"https:\/\/www.riwal.com\/fr\/wp-json\/wp\/v2\/pages\/6383\/revisions"}],"predecessor-version":[{"id":9032,"href":"https:\/\/www.riwal.com\/fr\/wp-json\/wp\/v2\/pages\/6383\/revisions\/9032"}],"wp:attachment":[{"href":"https:\/\/www.riwal.com\/fr\/wp-json\/wp\/v2\/media?parent=6383"}],"curies":[{"name":"wp","href":"https:\/\/api.w.org\/{rel}","templated":true}]}}