{"id":6188,"date":"2024-01-19T14:40:19","date_gmt":"2024-01-19T14:40:19","guid":{"rendered":"https:\/\/www.riwal.com\/fr\/?page_id=6188"},"modified":"2024-08-29T10:36:53","modified_gmt":"2024-08-29T08:36:53","slug":"certification-iso","status":"publish","type":"page","link":"https:\/\/www.riwal.com\/fr\/certification-iso\/","title":{"rendered":"Certification ISO"},"content":{"rendered":"<div class=\"rental-wp-default-block rental-theme-block-default-margin\">\n\t\t\t\t\t\t\t\t<div class=\"container\">\n<div class=\"wp-block-columns is-layout-flex wp-container-core-columns-is-layout-28f84493 wp-block-columns-is-layout-flex\">\n<div class=\"wp-block-column is-layout-flow wp-block-column-is-layout-flow\" style=\"flex-basis:33.33%\">\n<h1 class=\"wp-block-heading\" id=\"h-riwal-france-possede-une-triple-certification-iso\">Riwal France poss\u00e8de une triple certification ISO<\/h1>\n<\/div>\n\n\n\n<div class=\"wp-block-column is-layout-flow wp-block-column-is-layout-flow\" style=\"flex-basis:66.66%\">\n<p>L&rsquo;ensemble du r\u00e9seau d&rsquo;agences Riwal en France est certifi\u00e9. Le Groupe marque ainsi sa volont\u00e9 de s&rsquo;inscrire dans une d\u00e9marche d&rsquo;am\u00e9lioration continue afin de garantir la satisfaction de ses clients, le bien \u00eatre de ses salari\u00e9s et une bonne collaboration avec ses fournisseurs. <\/p>\n<\/div>\n<\/div>\n<\/div>\n\t\t\t\t\t\t\t<\/div> \n\n<div class=\"rental-wp-default-block rental-theme-block-default-margin\">\n\t\t\t\t\t\t\t\t<div class=\"container\">\n<div class=\"wp-block-media-text is-stacked-on-mobile\" style=\"grid-template-columns:27% auto\"><figure class=\"wp-block-media-text__media\"><img loading=\"lazy\" decoding=\"async\" width=\"1024\" height=\"361\" src=\"https:\/\/eqsk4m2dkju.exactdn.com\/app\/uploads\/sites\/15\/2024\/01\/Side-by-Side-SDG-ISO-Logos-1-1-1024x361.png?strip=all&quality=92&webp=92&avif=80&sharp=1\" alt=\"Certification ISO\" class=\"wp-image-6494 size-large\" srcset=\"https:\/\/eqsk4m2dkju.exactdn.com\/app\/uploads\/sites\/15\/2024\/01\/Side-by-Side-SDG-ISO-Logos-1-1-1024x361.png?strip=all&amp;quality=92&amp;webp=92&amp;avif=80&amp;sharp=1 1024w, https:\/\/eqsk4m2dkju.exactdn.com\/app\/uploads\/sites\/15\/2024\/01\/Side-by-Side-SDG-ISO-Logos-1-1-300x106.png?strip=all&amp;quality=92&amp;webp=92&amp;avif=80&amp;sharp=1 300w, https:\/\/eqsk4m2dkju.exactdn.com\/app\/uploads\/sites\/15\/2024\/01\/Side-by-Side-SDG-ISO-Logos-1-1-768x271.png?strip=all&amp;quality=92&amp;webp=92&amp;avif=80&amp;sharp=1 768w, https:\/\/eqsk4m2dkju.exactdn.com\/app\/uploads\/sites\/15\/2024\/01\/Side-by-Side-SDG-ISO-Logos-1-1-1536x542.png?strip=all&amp;quality=92&amp;webp=92&amp;avif=80&amp;sharp=1 1536w, https:\/\/eqsk4m2dkju.exactdn.com\/app\/uploads\/sites\/15\/2024\/01\/Side-by-Side-SDG-ISO-Logos-1-1-178x63.png?strip=all&amp;quality=92&amp;webp=92&amp;avif=80&amp;sharp=1 178w, https:\/\/eqsk4m2dkju.exactdn.com\/app\/uploads\/sites\/15\/2024\/01\/Side-by-Side-SDG-ISO-Logos-1-1-1440x508.png?strip=all&amp;quality=92&amp;webp=92&amp;avif=80&amp;sharp=1 1440w, https:\/\/eqsk4m2dkju.exactdn.com\/app\/uploads\/sites\/15\/2024\/01\/Side-by-Side-SDG-ISO-Logos-1-1-390x138.png?strip=all&amp;quality=92&amp;webp=92&amp;avif=80&amp;sharp=1 390w, https:\/\/eqsk4m2dkju.exactdn.com\/app\/uploads\/sites\/15\/2024\/01\/Side-by-Side-SDG-ISO-Logos-1-1-830x293.png?strip=all&amp;quality=92&amp;webp=92&amp;avif=80&amp;sharp=1 830w, https:\/\/eqsk4m2dkju.exactdn.com\/app\/uploads\/sites\/15\/2024\/01\/Side-by-Side-SDG-ISO-Logos-1-1-250x88.png?strip=all&amp;quality=92&amp;webp=92&amp;avif=80&amp;sharp=1 250w, https:\/\/eqsk4m2dkju.exactdn.com\/app\/uploads\/sites\/15\/2024\/01\/Side-by-Side-SDG-ISO-Logos-1-1-620x219.png?strip=all&amp;quality=92&amp;webp=92&amp;avif=80&amp;sharp=1 620w, https:\/\/eqsk4m2dkju.exactdn.com\/app\/uploads\/sites\/15\/2024\/01\/Side-by-Side-SDG-ISO-Logos-1-1-237x84.png?strip=all&amp;quality=92&amp;webp=92&amp;avif=80&amp;sharp=1 237w, https:\/\/eqsk4m2dkju.exactdn.com\/app\/uploads\/sites\/15\/2024\/01\/Side-by-Side-SDG-ISO-Logos-1-1-474x167.png?strip=all&amp;quality=92&amp;webp=92&amp;avif=80&amp;sharp=1 474w, https:\/\/eqsk4m2dkju.exactdn.com\/app\/uploads\/sites\/15\/2024\/01\/Side-by-Side-SDG-ISO-Logos-1-1.png?strip=all&amp;quality=92&amp;webp=92&amp;avif=80&amp;sharp=1 1672w, https:\/\/eqsk4m2dkju.exactdn.com\/app\/uploads\/sites\/15\/2024\/01\/Side-by-Side-SDG-ISO-Logos-1-1.png?strip=all&amp;quality=92&amp;webp=92&amp;avif=80&amp;sharp=1&amp;w=1337 1337w\" sizes=\"auto, (max-width: 1024px) 100vw, 1024px\" \/><\/figure><div class=\"wp-block-media-text__content\">\n<h2 class=\"wp-block-heading\" id=\"h-comprendre-les-certifications\">Comprendre les certifications<\/h2>\n\n\n\n<p>Les certifications de syst\u00e8me de management sont d\u00e9livr\u00e9s par l&rsquo;organisme SGS. Chaque norme s&rsquo;inscrit dans une d\u00e9marche d&rsquo;am\u00e9lioration continue. <\/p>\n\n\n\n<ul class=\"wp-block-list\">\n<li><strong>La norme ISO 9001 &#8211; Qualit\u00e9 <\/strong>: \u00c0 travers la recherche de l&rsquo;excellence, elle regroupe un nombre de processus mis en place par un organisme, dans le but d&rsquo;instaurer un syst\u00e8me de management de qualit\u00e9 en vue d&rsquo;am\u00e9liorer la satisfaction de ses clients en proposant des services conformes, homog\u00e8nes et reproductibles. <\/li>\n\n\n\n<li><strong>La norme ISO 14001 &#8211; Environnement<\/strong> : Dans le cadre du d\u00e9veloppement durable, cette norme regroupe un ensemble d&rsquo;exigences mises en place pour minimiser l&rsquo;impact environnemental d&rsquo;un organisme. L&rsquo;environnement fait partie int\u00e9grante de l&rsquo;organisme et des mesures d&rsquo;am\u00e9lioration sont cr\u00e9\u00e9es en ce sens. <\/li>\n\n\n\n<li><strong>La norme ISO 45001 &#8211; Sant\u00e9 et s\u00e9curit\u00e9 au travail <\/strong>: dans le cadre du bien-\u00eatre de ses collaborateurs, la norme regroupe toutes les r\u00e8gles et m\u00e9thodes mises en place par un organisme pour une meilleure gestion des risques avec pour objectif la r\u00e9duction du nombre d&rsquo;accidents, une constante conformit\u00e9 avec la l\u00e9gislation et, enfin, une am\u00e9lioration des performances s\u00e9curit\u00e9. <\/li>\n<\/ul>\n<\/div><\/div>\n<\/div>\n\t\t\t\t\t\t\t<\/div> \n\n<div class=\"container\">\n<p>Pour obtenir une certification, chaque norme fait l&rsquo;objet d&rsquo;un audit par un organisme ext\u00e9rieur agr\u00e9\u00e9. Plusieurs audits sont r\u00e9alis\u00e9s : au si\u00e8ge social de l&rsquo;organisme en qu\u00eate de certification et \u00e9galement sur un \u00e9chantillon d&rsquo;agences appartenant \u00e0 ce m\u00eame organisme. <\/p>\n<\/div>\n\n<div class=\"container\">\n<p>La dur\u00e9e de validit\u00e9 de chacune des normes cit\u00e9es ci-dessus est de 3 ans durant lesquels un audit de suivi aura lieu chaque ann\u00e9e. Au terme de ces 3 ann\u00e9es un renouvellement de certification aura lieu, au travers d&rsquo;un audit renforc\u00e9. <\/p>\n<\/div>\n\n<div class=\"rental-wp-default-block rental-theme-block-default-margin\">\n\t\t\t\t\t\t\t\t<div class=\"container\">\n<div class=\"wp-block-media-text has-media-on-the-right is-stacked-on-mobile\"><div class=\"wp-block-media-text__content\">\n<h2 class=\"wp-block-heading\" id=\"h-des-engagements-forts-a-l-echelle-nationale\">Des engagements forts \u00e0 l&rsquo;\u00e9chelle nationale<\/h2>\n\n\n\n<p>C&rsquo;est l&rsquo;ensemble des collaborateurs de Riwal France qui s&rsquo;est mobilis\u00e9 durant de nombreux mois pour d\u00e9montrer l&rsquo;engagement et la capacit\u00e9 du groupe \u00e0 offrir des prestations de qualit\u00e9. Ces derni\u00e8res dans le but de garantir la satisfaction de ses clients \u00e0 travers un management de la sant\u00e9 et de la s\u00e9curit\u00e9 optimal tout au long des processus de location, vente et formation. <\/p>\n\n\n\n<p>Plus qu&rsquo;une simple conformit\u00e9 \u00e0 ces 3 normes, Riwal France souhaite inscrire l&rsquo;entreprise dans une r\u00e9elle d\u00e9marche d&rsquo;am\u00e9lioration continue et prouver que les exigences li\u00e9es \u00e0 la qualit\u00e9, l&rsquo;environnement, la sant\u00e9 et la s\u00e9curit\u00e9 au travail sont des fondamentaux et font partie int\u00e9grante de la soci\u00e9t\u00e9. <\/p>\n<\/div><figure class=\"wp-block-media-text__media\"><img loading=\"lazy\" decoding=\"async\" width=\"1024\" height=\"535\" src=\"https:\/\/eqsk4m2dkju.exactdn.com\/app\/uploads\/sites\/15\/2024\/01\/RIWAL-RE1932-1024x535.jpg?strip=all&quality=92&webp=92&avif=80&sharp=1\" alt=\"Nos collaborateur Riwal se mobilise pour les certifications ISO\" class=\"wp-image-6496 size-full\" srcset=\"https:\/\/eqsk4m2dkju.exactdn.com\/app\/uploads\/sites\/15\/2024\/01\/RIWAL-RE1932-1024x535.jpg?strip=all&amp;quality=92&amp;webp=92&amp;avif=80&amp;sharp=1 1024w, https:\/\/eqsk4m2dkju.exactdn.com\/app\/uploads\/sites\/15\/2024\/01\/RIWAL-RE1932-300x157.jpg?strip=all&amp;quality=92&amp;webp=92&amp;avif=80&amp;sharp=1 300w, https:\/\/eqsk4m2dkju.exactdn.com\/app\/uploads\/sites\/15\/2024\/01\/RIWAL-RE1932-768x401.jpg?strip=all&amp;quality=92&amp;webp=92&amp;avif=80&amp;sharp=1 768w, https:\/\/eqsk4m2dkju.exactdn.com\/app\/uploads\/sites\/15\/2024\/01\/RIWAL-RE1932-1536x802.jpg?strip=all&amp;quality=92&amp;webp=92&amp;avif=80&amp;sharp=1 1536w, https:\/\/eqsk4m2dkju.exactdn.com\/app\/uploads\/sites\/15\/2024\/01\/RIWAL-RE1932-2048x1069.jpg?strip=all&amp;quality=92&amp;webp=92&amp;avif=80&amp;sharp=1 2048w, https:\/\/eqsk4m2dkju.exactdn.com\/app\/uploads\/sites\/15\/2024\/01\/RIWAL-RE1932-178x93.jpg?strip=all&amp;quality=92&amp;webp=92&amp;avif=80&amp;sharp=1 178w, https:\/\/eqsk4m2dkju.exactdn.com\/app\/uploads\/sites\/15\/2024\/01\/RIWAL-RE1932-1440x752.jpg?strip=all&amp;quality=92&amp;webp=92&amp;avif=80&amp;sharp=1 1440w, https:\/\/eqsk4m2dkju.exactdn.com\/app\/uploads\/sites\/15\/2024\/01\/RIWAL-RE1932-390x204.jpg?strip=all&amp;quality=92&amp;webp=92&amp;avif=80&amp;sharp=1 390w, https:\/\/eqsk4m2dkju.exactdn.com\/app\/uploads\/sites\/15\/2024\/01\/RIWAL-RE1932-830x433.jpg?strip=all&amp;quality=92&amp;webp=92&amp;avif=80&amp;sharp=1 830w, https:\/\/eqsk4m2dkju.exactdn.com\/app\/uploads\/sites\/15\/2024\/01\/RIWAL-RE1932-250x131.jpg?strip=all&amp;quality=92&amp;webp=92&amp;avif=80&amp;sharp=1 250w, https:\/\/eqsk4m2dkju.exactdn.com\/app\/uploads\/sites\/15\/2024\/01\/RIWAL-RE1932-620x324.jpg?strip=all&amp;quality=92&amp;webp=92&amp;avif=80&amp;sharp=1 620w, https:\/\/eqsk4m2dkju.exactdn.com\/app\/uploads\/sites\/15\/2024\/01\/RIWAL-RE1932-237x124.jpg?strip=all&amp;quality=92&amp;webp=92&amp;avif=80&amp;sharp=1 237w, https:\/\/eqsk4m2dkju.exactdn.com\/app\/uploads\/sites\/15\/2024\/01\/RIWAL-RE1932-474x247.jpg?strip=all&amp;quality=92&amp;webp=92&amp;avif=80&amp;sharp=1 474w, https:\/\/eqsk4m2dkju.exactdn.com\/app\/uploads\/sites\/15\/2024\/01\/RIWAL-RE1932-scaled.jpg?strip=all&amp;quality=92&amp;webp=92&amp;avif=80&amp;sharp=1 2560w\" sizes=\"auto, (max-width: 1024px) 100vw, 1024px\" \/><\/figure><\/div>\n<\/div>\n\t\t\t\t\t\t\t<\/div> \n\n<div class=\"container\">\n<p>Notre Responsable QHSE souligne : \u00ab\u00a0Ces 3 normes nous ont permis d&rsquo;acc\u00e9l\u00e9rer notre d\u00e9marche initiale en am\u00e9liorant nos outils et nos proc\u00e9dures. Pour nous, la qualit\u00e9 de service apport\u00e9e \u00e0 nos clients, la s\u00e9curit\u00e9 et les enjeux environnementaux font partie int\u00e9grante de notre strat\u00e9gie. Riwal France obtient une triple certification mais au-del\u00e0 s&rsquo;engage dans un processus d&rsquo;am\u00e9lioration continue au travers de son syst\u00e8me de management qui se traduit par des actions concr\u00e8tes au quotidien.\u00a0\u00bb<\/p>\n<\/div>\n\n<div class=\"container\">\n<p><\/p>\n<\/div>\n\n<div class=\"container\">\n<h3 class=\"wp-block-heading\" id=\"h-les-benefices-de-cette-triple-certification\">Les b\u00e9n\u00e9fices de cette triple certification<\/h3>\n<\/div>\n\n<div class=\"container\">\n<ul class=\"wp-block-list\">\n<li>Un management de qualit\u00e9, culture environnemental, de la sant\u00e9 et de la s\u00e9curit\u00e9 au travail contr\u00f4l\u00e9 chaque ann\u00e9e par un organisme ext\u00e9rieur agr\u00e9\u00e9<\/li>\n\n\n\n<li>Un syst\u00e8me de management \u00e9volutif bas\u00e9 sur l&rsquo;\u00e9volution des besoins de nos clients<\/li>\n\n\n\n<li>Une qualit\u00e9 de service identique sur l&rsquo;ensemble du r\u00e9seau national<\/li>\n\n\n\n<li>Une d\u00e9marche quotidienne tourn\u00e9e vers la satisfaction client<\/li>\n\n\n\n<li>Une conformit\u00e9 constante avec la l\u00e9glisation en vigeur<\/li>\n\n\n\n<li>Une d\u00e9marche \u00e9co-responsable <\/li>\n\n\n\n<li>Des standards qualit\u00e9 \u00e9lev\u00e9s<\/li>\n<\/ul>\n<\/div>","protected":false},"excerpt":{"rendered":"<p>Riwal France poss\u00e8de une triple certification ISO L&rsquo;ensemble du r\u00e9seau d&rsquo;agences Riwal en France est certifi\u00e9. Le Groupe marque ainsi sa volont\u00e9 de s&rsquo;inscrire dans une d\u00e9marche d&rsquo;am\u00e9lioration continue afin de garantir la satisfaction de ses clients, le bien \u00eatre de ses salari\u00e9s et une bonne collaboration avec ses fournisseurs. Pour obtenir une certification, chaque &hellip; <a href=\"https:\/\/www.riwal.com\/fr\/certification-iso\/\">Voir plus<\/a><\/p>\n","protected":false},"author":51,"featured_media":0,"parent":0,"menu_order":0,"comment_status":"closed","ping_status":"closed","template":"","meta":{"_acf_changed":false,"footnotes":""},"class_list":["post-6188","page","type-page","status-publish","hentry"],"acf":[],"yoast_head":"<!-- This site is optimized with the Yoast SEO Premium plugin v27.1 (Yoast SEO v27.1.1) - https:\/\/yoast.com\/product\/yoast-seo-premium-wordpress\/ -->\n<title>Certification ISO | Riwal France<\/title>\n<meta name=\"description\" content=\"Riwal sp\u00e9cialiste de la location de nacelle \u00e9l\u00e9vatrice et chariot t\u00e9lescopique est certifi\u00e9 ISO 9001, ISO 14001 et ISO 45001.\" \/>\n<meta name=\"robots\" content=\"index, follow, max-snippet:-1, max-image-preview:large, max-video-preview:-1\" \/>\n<link rel=\"canonical\" href=\"https:\/\/www.riwal.com\/fr\/certification-iso\/\" \/>\n<meta property=\"og:locale\" content=\"fr_FR\" \/>\n<meta property=\"og:type\" content=\"article\" \/>\n<meta property=\"og:title\" content=\"Certification ISO\" \/>\n<meta property=\"og:description\" content=\"Riwal sp\u00e9cialiste de la location de nacelle \u00e9l\u00e9vatrice et chariot t\u00e9lescopique est certifi\u00e9 ISO 9001, ISO 14001 et ISO 45001.\" \/>\n<meta property=\"og:url\" content=\"https:\/\/www.riwal.com\/fr\/certification-iso\/\" \/>\n<meta property=\"og:site_name\" content=\"Riwal - France\" \/>\n<meta property=\"article:modified_time\" content=\"2024-08-29T08:36:53+00:00\" \/>\n<meta property=\"og:image\" content=\"https:\/\/www.riwal.com\/app\/uploads\/sites\/15\/2024\/01\/Side-by-Side-SDG-ISO-Logos-1-1-1024x361.png\" \/>\n<meta name=\"twitter:card\" content=\"summary_large_image\" \/>\n<meta name=\"twitter:label1\" content=\"Est. reading time\" \/>\n\t<meta name=\"twitter:data1\" content=\"4 minutes\" \/>\n<script type=\"application\/ld+json\" class=\"yoast-schema-graph\">{\"@context\":\"https:\/\/schema.org\",\"@graph\":[{\"@type\":\"WebPage\",\"@id\":\"https:\/\/www.riwal.com\/fr\/certification-iso\/\",\"url\":\"https:\/\/www.riwal.com\/fr\/certification-iso\/\",\"name\":\"Certification ISO | Riwal France\",\"isPartOf\":{\"@id\":\"https:\/\/www.riwal.com\/fr\/#website\"},\"primaryImageOfPage\":{\"@id\":\"https:\/\/www.riwal.com\/fr\/certification-iso\/#primaryimage\"},\"image\":{\"@id\":\"https:\/\/www.riwal.com\/fr\/certification-iso\/#primaryimage\"},\"thumbnailUrl\":\"https:\/\/www.riwal.com\/app\/uploads\/sites\/15\/2024\/01\/Side-by-Side-SDG-ISO-Logos-1-1-1024x361.png\",\"datePublished\":\"2024-01-19T14:40:19+00:00\",\"dateModified\":\"2024-08-29T08:36:53+00:00\",\"description\":\"Riwal sp\u00e9cialiste de la location de nacelle \u00e9l\u00e9vatrice et chariot t\u00e9lescopique est certifi\u00e9 ISO 9001, ISO 14001 et ISO 45001.\",\"breadcrumb\":{\"@id\":\"https:\/\/www.riwal.com\/fr\/certification-iso\/#breadcrumb\"},\"inLanguage\":\"fr-FR\",\"potentialAction\":[{\"@type\":\"ReadAction\",\"target\":[\"https:\/\/www.riwal.com\/fr\/certification-iso\/\"]}]},{\"@type\":\"ImageObject\",\"inLanguage\":\"fr-FR\",\"@id\":\"https:\/\/www.riwal.com\/fr\/certification-iso\/#primaryimage\",\"url\":\"https:\/\/www.riwal.com\/app\/uploads\/sites\/15\/2024\/01\/Side-by-Side-SDG-ISO-Logos-1-1-1024x361.png\",\"contentUrl\":\"https:\/\/www.riwal.com\/app\/uploads\/sites\/15\/2024\/01\/Side-by-Side-SDG-ISO-Logos-1-1-1024x361.png\"},{\"@type\":\"BreadcrumbList\",\"@id\":\"https:\/\/www.riwal.com\/fr\/certification-iso\/#breadcrumb\",\"itemListElement\":[{\"@type\":\"ListItem\",\"position\":1,\"name\":\"Accueil\",\"item\":\"https:\/\/www.riwal.com\/fr\/\"},{\"@type\":\"ListItem\",\"position\":2,\"name\":\"Certification ISO\"}]},{\"@type\":\"WebSite\",\"@id\":\"https:\/\/www.riwal.com\/fr\/#website\",\"url\":\"https:\/\/www.riwal.com\/fr\/\",\"name\":\"Riwal\",\"description\":\"Location nacelle \u00e9l\u00e9vatrice, formation CACES, vente nacelles - Riwal France\",\"publisher\":{\"@id\":\"https:\/\/www.riwal.com\/fr\/#organization\"},\"potentialAction\":[{\"@type\":\"SearchAction\",\"target\":{\"@type\":\"EntryPoint\",\"urlTemplate\":\"https:\/\/www.riwal.com\/fr\/?s={search_term_string}\"},\"query-input\":{\"@type\":\"PropertyValueSpecification\",\"valueRequired\":true,\"valueName\":\"search_term_string\"}}],\"inLanguage\":\"fr-FR\"},{\"@type\":\"Organization\",\"@id\":\"https:\/\/www.riwal.com\/fr\/#organization\",\"name\":\"Riwal\",\"url\":\"https:\/\/www.riwal.com\/fr\/\",\"logo\":{\"@type\":\"ImageObject\",\"inLanguage\":\"fr-FR\",\"@id\":\"https:\/\/www.riwal.com\/fr\/#\/schema\/logo\/image\/\",\"url\":\"\",\"contentUrl\":\"\",\"caption\":\"Riwal\"},\"image\":{\"@id\":\"https:\/\/www.riwal.com\/fr\/#\/schema\/logo\/image\/\"}}]}<\/script>\n<!-- \/ Yoast SEO Premium plugin. -->","yoast_head_json":{"title":"Certification ISO | Riwal France","description":"Riwal sp\u00e9cialiste de la location de nacelle \u00e9l\u00e9vatrice et chariot t\u00e9lescopique est certifi\u00e9 ISO 9001, ISO 14001 et ISO 45001.","robots":{"index":"index","follow":"follow","max-snippet":"max-snippet:-1","max-image-preview":"max-image-preview:large","max-video-preview":"max-video-preview:-1"},"canonical":"https:\/\/www.riwal.com\/fr\/certification-iso\/","og_locale":"fr_FR","og_type":"article","og_title":"Certification ISO","og_description":"Riwal sp\u00e9cialiste de la location de nacelle \u00e9l\u00e9vatrice et chariot t\u00e9lescopique est certifi\u00e9 ISO 9001, ISO 14001 et ISO 45001.","og_url":"https:\/\/www.riwal.com\/fr\/certification-iso\/","og_site_name":"Riwal - France","article_modified_time":"2024-08-29T08:36:53+00:00","og_image":[{"url":"https:\/\/www.riwal.com\/app\/uploads\/sites\/15\/2024\/01\/Side-by-Side-SDG-ISO-Logos-1-1-1024x361.png","type":"","width":"","height":""}],"twitter_card":"summary_large_image","twitter_misc":{"Est. reading time":"4 minutes"},"schema":{"@context":"https:\/\/schema.org","@graph":[{"@type":"WebPage","@id":"https:\/\/www.riwal.com\/fr\/certification-iso\/","url":"https:\/\/www.riwal.com\/fr\/certification-iso\/","name":"Certification ISO | Riwal France","isPartOf":{"@id":"https:\/\/www.riwal.com\/fr\/#website"},"primaryImageOfPage":{"@id":"https:\/\/www.riwal.com\/fr\/certification-iso\/#primaryimage"},"image":{"@id":"https:\/\/www.riwal.com\/fr\/certification-iso\/#primaryimage"},"thumbnailUrl":"https:\/\/www.riwal.com\/app\/uploads\/sites\/15\/2024\/01\/Side-by-Side-SDG-ISO-Logos-1-1-1024x361.png","datePublished":"2024-01-19T14:40:19+00:00","dateModified":"2024-08-29T08:36:53+00:00","description":"Riwal sp\u00e9cialiste de la location de nacelle \u00e9l\u00e9vatrice et chariot t\u00e9lescopique est certifi\u00e9 ISO 9001, ISO 14001 et ISO 45001.","breadcrumb":{"@id":"https:\/\/www.riwal.com\/fr\/certification-iso\/#breadcrumb"},"inLanguage":"fr-FR","potentialAction":[{"@type":"ReadAction","target":["https:\/\/www.riwal.com\/fr\/certification-iso\/"]}]},{"@type":"ImageObject","inLanguage":"fr-FR","@id":"https:\/\/www.riwal.com\/fr\/certification-iso\/#primaryimage","url":"https:\/\/www.riwal.com\/app\/uploads\/sites\/15\/2024\/01\/Side-by-Side-SDG-ISO-Logos-1-1-1024x361.png","contentUrl":"https:\/\/www.riwal.com\/app\/uploads\/sites\/15\/2024\/01\/Side-by-Side-SDG-ISO-Logos-1-1-1024x361.png"},{"@type":"BreadcrumbList","@id":"https:\/\/www.riwal.com\/fr\/certification-iso\/#breadcrumb","itemListElement":[{"@type":"ListItem","position":1,"name":"Accueil","item":"https:\/\/www.riwal.com\/fr\/"},{"@type":"ListItem","position":2,"name":"Certification ISO"}]},{"@type":"WebSite","@id":"https:\/\/www.riwal.com\/fr\/#website","url":"https:\/\/www.riwal.com\/fr\/","name":"Riwal","description":"Location nacelle \u00e9l\u00e9vatrice, formation CACES, vente nacelles - Riwal France","publisher":{"@id":"https:\/\/www.riwal.com\/fr\/#organization"},"potentialAction":[{"@type":"SearchAction","target":{"@type":"EntryPoint","urlTemplate":"https:\/\/www.riwal.com\/fr\/?s={search_term_string}"},"query-input":{"@type":"PropertyValueSpecification","valueRequired":true,"valueName":"search_term_string"}}],"inLanguage":"fr-FR"},{"@type":"Organization","@id":"https:\/\/www.riwal.com\/fr\/#organization","name":"Riwal","url":"https:\/\/www.riwal.com\/fr\/","logo":{"@type":"ImageObject","inLanguage":"fr-FR","@id":"https:\/\/www.riwal.com\/fr\/#\/schema\/logo\/image\/","url":"","contentUrl":"","caption":"Riwal"},"image":{"@id":"https:\/\/www.riwal.com\/fr\/#\/schema\/logo\/image\/"}}]}},"_links":{"self":[{"href":"https:\/\/www.riwal.com\/fr\/wp-json\/wp\/v2\/pages\/6188","targetHints":{"allow":["GET"]}}],"collection":[{"href":"https:\/\/www.riwal.com\/fr\/wp-json\/wp\/v2\/pages"}],"about":[{"href":"https:\/\/www.riwal.com\/fr\/wp-json\/wp\/v2\/types\/page"}],"author":[{"embeddable":true,"href":"https:\/\/www.riwal.com\/fr\/wp-json\/wp\/v2\/users\/51"}],"replies":[{"embeddable":true,"href":"https:\/\/www.riwal.com\/fr\/wp-json\/wp\/v2\/comments?post=6188"}],"version-history":[{"count":17,"href":"https:\/\/www.riwal.com\/fr\/wp-json\/wp\/v2\/pages\/6188\/revisions"}],"predecessor-version":[{"id":15774,"href":"https:\/\/www.riwal.com\/fr\/wp-json\/wp\/v2\/pages\/6188\/revisions\/15774"}],"wp:attachment":[{"href":"https:\/\/www.riwal.com\/fr\/wp-json\/wp\/v2\/media?parent=6188"}],"curies":[{"name":"wp","href":"https:\/\/api.w.org\/{rel}","templated":true}]}}