{"id":6060,"date":"2023-12-29T15:29:17","date_gmt":"2023-12-29T15:29:17","guid":{"rendered":"https:\/\/www.riwal.com\/fr\/?page_id=6060"},"modified":"2024-07-18T12:22:54","modified_gmt":"2024-07-18T10:22:54","slug":"le-recyclage-des-huiles-usagees-tbd","status":"publish","type":"page","link":"https:\/\/www.riwal.com\/fr\/expertise\/developpement-durable\/le-recyclage-des-huiles-usagees-tbd\/","title":{"rendered":"Le recyclage des huiles usag\u00e9es"},"content":{"rendered":"<div class=\"container\">\n<h1 class=\"wp-block-heading\" id=\"h-la-revalorisation-des-huiles-usagees-des-moteurs-thermiques\">La revalorisation des huiles usag\u00e9es des moteurs thermiques<\/h1>\n<\/div>\n\n<div class=\"wp-block-rental-theme-featured rental-theme-block-default-padding\">\n\t<div class=\"container\">\n\t\t<div class=\"wp-block-rental-theme-featured-container\">\n\t\t\t<div class=\"wp-block-rental-theme-featured__image\">\n\t\t\t\t<div class=\"wp-block-rental-theme-featured-image-container\">\n\t\t\t\t\t\t\t\t\t\t\t<div class=\"main-image\">\n\t\t\t\t\t\t\t<img loading=\"lazy\" decoding=\"async\" width=\"620\" height=\"475\" src=\"https:\/\/eqsk4m2dkju.exactdn.com\/app\/uploads\/sites\/15\/2024\/01\/Product-Website-Riwal-Final-90-e1706783877501-620x475.jpg?strip=all&amp;quality=92&amp;webp=92&amp;avif=80&amp;sharp=1\" class=\"attachment-featured_block_image size-featured_block_image\" alt=\"La maintenance chez riwal\" srcset=\"https:\/\/eqsk4m2dkju.exactdn.com\/app\/uploads\/sites\/15\/2024\/01\/Product-Website-Riwal-Final-90-e1706783877501-620x475.jpg?strip=all&amp;quality=92&amp;webp=92&amp;avif=80&amp;sharp=1 620w, https:\/\/eqsk4m2dkju.exactdn.com\/app\/uploads\/sites\/15\/2024\/01\/Product-Website-Riwal-Final-90-e1706783877501-300x230.jpg?strip=all&amp;quality=92&amp;webp=92&amp;avif=80&amp;sharp=1 300w, https:\/\/eqsk4m2dkju.exactdn.com\/app\/uploads\/sites\/15\/2024\/01\/Product-Website-Riwal-Final-90-e1706783877501-178x136.jpg?strip=all&amp;quality=92&amp;webp=92&amp;avif=80&amp;sharp=1 178w, https:\/\/eqsk4m2dkju.exactdn.com\/app\/uploads\/sites\/15\/2024\/01\/Product-Website-Riwal-Final-90-e1706783877501-390x299.jpg?strip=all&amp;quality=92&amp;webp=92&amp;avif=80&amp;sharp=1 390w, https:\/\/eqsk4m2dkju.exactdn.com\/app\/uploads\/sites\/15\/2024\/01\/Product-Website-Riwal-Final-90-e1706783877501-250x191.jpg?strip=all&amp;quality=92&amp;webp=92&amp;avif=80&amp;sharp=1 250w, https:\/\/eqsk4m2dkju.exactdn.com\/app\/uploads\/sites\/15\/2024\/01\/Product-Website-Riwal-Final-90-e1706783877501-237x182.jpg?strip=all&amp;quality=92&amp;webp=92&amp;avif=80&amp;sharp=1 237w, https:\/\/eqsk4m2dkju.exactdn.com\/app\/uploads\/sites\/15\/2024\/01\/Product-Website-Riwal-Final-90-e1706783877501-474x363.jpg?strip=all&amp;quality=92&amp;webp=92&amp;avif=80&amp;sharp=1 474w, https:\/\/eqsk4m2dkju.exactdn.com\/app\/uploads\/sites\/15\/2024\/01\/Product-Website-Riwal-Final-90-e1706783877501.jpg?strip=all&amp;quality=92&amp;webp=92&amp;avif=80&amp;sharp=1 628w, https:\/\/eqsk4m2dkju.exactdn.com\/app\/uploads\/sites\/15\/2024\/01\/Product-Website-Riwal-Final-90-e1706783877501.jpg?strip=all&amp;quality=92&amp;webp=92&amp;avif=80&amp;sharp=1&amp;w=125 125w\" sizes=\"auto, (max-width: 620px) 100vw, 620px\" \/>\t\t\t\t\t\t<\/div>\n\t\t\t\t\t\t\t\t\t\t<div class=\"wp-block-rental-theme-featured-image-container__subtext\">\n\t\t\t\t\t\t\t\t\t\t\t<\/div>\n\t\t\t\t<\/div>\n\t\t\t<\/div>\n\t\t\t<div class=\"wp-block-rental-theme-featured-content\">\n\t\t\t\t<div>\n\t\t\t\t\t<h2 class=\"wp-block-rental-theme-featured-title\">Recyclages des huiles usag\u00e9es<\/h2>\n\t\t\t\t\t<div class=\"wp-block-rental-theme-featured-text\">\n\n<p>Si, d&rsquo;un point de vue environnemental, <a href=\"https:\/\/www.riwal.com\/fr\/expertise\/developpement-durable\/le-choix-de-lelectricite\/\">l&rsquo;\u00e9lectrique est pr\u00e9f\u00e9rable au diesel<\/a>, de nombreuses machines d&rsquo;\u00e9l\u00e9vation poss\u00e8dent encore des moteurs thermiques. Pour le moment, la moiti\u00e9 de la flotte de Riwal fonctionne au diesel. Une question se pose alors : qu&rsquo;en est-il du recyclage des huiles usag\u00e9es des moteurs thermiques ? <\/p>\n\n<\/div>\n\t\t\t\t<\/div>\n\t\t\t<\/div>\n\t\t<\/div>\n\t<\/div>\n<\/div>\n\n\n<div class=\"container\">\n<h3 class=\"wp-block-heading\" id=\"h-de-l-huile-dans-les-moteurs-thermiques\">DE L&rsquo;HUILE DANS LES MOTEURS THERMIQUES ?<\/h3>\n<\/div>\n\n<div class=\"container\">\n<p>Eh bien oui ! L&rsquo;huile moteur, d\u00e9riv\u00e9e du p\u00e9trole et enrichir en additifs techniques, est utilis\u00e9es pour la lubrification des moteurs \u00e0 explosion. Elle est essentielle au bon fonctionnement d&rsquo;un moteur thermique et ralentit son usure. <\/p>\n<\/div>\n\n<div class=\"container\">\n<p>L&rsquo;huile disperse de minuscules particules dans le moteur et les maintient en suspension. Ainsi, ces particules ne s&rsquo;accumulent pas dans le moteur, mais contribuent \u00e0 noircir l&rsquo;huile au fur et \u00e0 mesure de l&rsquo;utilisation des machines, nacelles \u00e9l\u00e9vatrices, chariots t\u00e9lescopiques ou bien d&rsquo;une voiture poss\u00e9dant un moteur thermique. Au bout d&rsquo;un moment, l&rsquo;huile est satur\u00e9e en particules et il est n\u00e9cessaire de la changer, donc de proc\u00e9der \u00e0 une vidange. <\/p>\n<\/div>\n\n<div class=\"container\">\n<h3 class=\"wp-block-heading\" id=\"h-la-revalorisation-des-huiles-noires\">LA REVALORISATION DES HUILES NOIRES<\/h3>\n<\/div>\n\n<div class=\"container\">\n<p>Les huiles usag\u00e9es, ainsi r\u00e9cup\u00e9r\u00e9es, sont devenues noires ou se sont fortement teint\u00e9e. C&rsquo;est pour cela qu&rsquo;elles sont appel\u00e9es les \u00ab\u00a0huiles noires\u00a0\u00bb. Comme tout d\u00e9chet, il est n\u00e9cessaire de les traiter. <\/p>\n<\/div>\n\n<div class=\"container\">\n<p>Dans la plupart des pays, la combustion \u00e0 l&rsquo;air libre et hors installations sp\u00e9cialis\u00e9es \u00e9quip\u00e9es de filtres \u00e0 haute performance est strictement interdite. En effet, la combustion \u00e0 l&rsquo;air libre de ces huiles noires est tr\u00e8s polluante, du fait des additifs toxiques et des particules issues de l&rsquo;usure du moteur qu&rsquo;elles contiennent. Heureusement, il est possible de les revaloriser, via des fili\u00e8res agr\u00e9\u00e9es. Les huiles et lubrifiants usag\u00e9s peuvent \u00eatre r\u00e9g\u00e9n\u00e9r\u00e9s gr\u00e2ce \u00e0 des processus divers. L&rsquo;huile est s\u00e9par\u00e9e des impuret\u00e9s, des additifs et de l&rsquo;eau, puis revaloris\u00e9e pour obtenir de nouvelles huiles neuves, de tout type. On dit ainsi que les huiles sont r\u00e9g\u00e9n\u00e9r\u00e9es et non recycl\u00e9es. <\/p>\n<\/div>\n\n<div class=\"container\">\n<p><strong>Sur 1 tonne d&rsquo;huile noire produite par Riwal France, c&rsquo;est plus de 900L d&rsquo;huiles neuves qui sont remises sur le march\u00e9, soit plus de 90%.<\/strong><\/p>\n<\/div>\n\n<div class=\"container\">\n<p>Pour garantir une revalorisation efficace et durable de nos huiles, Riwal France poss\u00e8de dans chacun de ses d\u00e9p\u00f4ts des cuves \u00e0 huiles sp\u00e9cifiques. Lorsqu&rsquo;elles sont pleines, notre fournisseur sp\u00e9cialis\u00e9 en recyclage des huiles et lubrifiants, en est inform\u00e9. Des tourn\u00e9es sont alors organis\u00e9es afin de r\u00e9cup\u00e9rer ces huiles noires chez les clients d&rsquo;un m\u00eame secteur g\u00e9ographique. Les taux de couvertures des transports et leurs co\u00fbts sont ainsi ma\u00eetris\u00e9s, \u00e9vitant les kilom\u00e8tres inutiles. <\/p>\n<\/div>\n\n<div class=\"container\">\n<h3 class=\"wp-block-heading\" id=\"h-qu-en-est-il-des-filtres-a-huiles\">QU&rsquo;EN EST-IL DES FILTRES A HUILES ? <\/h3>\n<\/div>\n\n<div class=\"container\">\n<p>Essentiel au bon fonctionnement d&rsquo;un moteur, le filtre \u00e0 huile vient en compl\u00e9ment des lubrifiants des moteurs et assure le nettoyage du circuit. Son objectif est de garder l&rsquo;huile propre. En effet, si l&rsquo;huile capture et maintient des microparticules en suspension, le filtre \u00e0 huile retient ces particules susceptibles de d\u00e9t\u00e9riorer le moteur et de l&rsquo;encrasser. Le filtre \u00e0 huile doit donc \u00eatre chang\u00e9 r\u00e9guli\u00e8rement pour garantir un filtrage efficace de l&rsquo;huile moteur. Tout comme l&rsquo;huile, le filtre est consid\u00e9rer comme un d\u00e9chet polluant et dangereux. En attendant son recyclage, il doit \u00eatre stock\u00e9 dans un f\u00fbt d&rsquo;acier homologu\u00e9, \u00e9tanche et ferm\u00e9. <\/p>\n<\/div>\n\n<div class=\"container\">\n<p>Saviez-vous que le recyclage des filtres \u00e0 huiles permet une r\u00e9elle valorisation de mati\u00e8re et \u00e9nerg\u00e9tique ? Le traitement commence par un \u00e9gouttage des filtres en piscine afin d&rsquo;effectuer une premi\u00e8re r\u00e9cup\u00e9ration d&rsquo;huile. Un tri manuel est ensuite effectu\u00e9, sur un tapis roulant pour s\u00e9parer les \u00e9l\u00e9ments. Les filtres sont broy\u00e9s puis pass\u00e9s dans une centrifugeuse pour extraire les hydrocarbures. Le papier est tri\u00e9 du m\u00e9tal gr\u00e2ce \u00e0 un s\u00e9parateur magn\u00e9tique. Enfin, le papier est \u00e0 son tour press\u00e9 pour une deuxi\u00e8me r\u00e9cup\u00e9ration d&rsquo;huile usag\u00e9es. <\/p>\n<\/div>\n\n<div class=\"container\">\n<p>En 2020, Riwal France a recycl\u00e9 1.4 tonnes de filtres \u00e0 huiles. Cela signifie plus de 518 kg d&rsquo;aluminium recycl\u00e9s et donc autant de m\u00e9tal qu&rsquo;il n&rsquo;est pas n\u00e9cessaire d&rsquo;extraire, d&rsquo;acheminer et de transformer. Ces derni\u00e8res \u00e9tapes repr\u00e9sentent les \u00e9l\u00e9ments les plus polluants du cycle de vie d&rsquo;un produit. La valorisation qui d\u00e9coule du recyclage de ces filtres est donc b\u00e9n\u00e9fique et essentielle.<\/p>\n<\/div>\n\n<div class=\"container\">\n<p>Chez Riwal, nous agissons partout o\u00f9 nous le pouvons pour r\u00e9duire notre impact environnemental. Nous continuerons de nous am\u00e9liorer dans les ann\u00e9es \u00e0 venir, au fur et \u00e0 mesure des avanc\u00e9es technologiques et des innovations, car l&rsquo;avenir de la plan\u00e8te et de ses habitants nous tiens \u00e0 c\u0153ur. <\/p>\n<\/div>","protected":false},"excerpt":{"rendered":"<p>La revalorisation des huiles usag\u00e9es des moteurs thermiques DE L&rsquo;HUILE DANS LES MOTEURS THERMIQUES ? Eh bien oui ! L&rsquo;huile moteur, d\u00e9riv\u00e9e du p\u00e9trole et enrichir en additifs techniques, est utilis\u00e9es pour la lubrification des moteurs \u00e0 explosion. Elle est essentielle au bon fonctionnement d&rsquo;un moteur thermique et ralentit son usure. L&rsquo;huile disperse de minuscules &hellip; <a href=\"https:\/\/www.riwal.com\/fr\/expertise\/developpement-durable\/le-recyclage-des-huiles-usagees-tbd\/\">Voir plus<\/a><\/p>\n","protected":false},"author":51,"featured_media":0,"parent":3235,"menu_order":5,"comment_status":"closed","ping_status":"closed","template":"","meta":{"_acf_changed":false,"footnotes":""},"class_list":["post-6060","page","type-page","status-publish","hentry"],"acf":[],"yoast_head":"<!-- This site is optimized with the Yoast SEO Premium plugin v27.1 (Yoast SEO v27.1.1) - https:\/\/yoast.com\/product\/yoast-seo-premium-wordpress\/ -->\n<title>Le recyclage des huiles usag\u00e9es | Riwal France<\/title>\n<meta name=\"description\" content=\"Retrouvez notre article de blog, vous pr\u00e9sentant le recyclage des huiles usag\u00e9es fait par Riwal sp\u00e9cialiste de l&#039;\u00e9l\u00e9vation.\" \/>\n<meta name=\"robots\" content=\"index, follow, max-snippet:-1, max-image-preview:large, max-video-preview:-1\" \/>\n<link rel=\"canonical\" href=\"https:\/\/www.riwal.com\/fr\/expertise\/developpement-durable\/le-recyclage-des-huiles-usagees-tbd\/\" \/>\n<meta property=\"og:locale\" content=\"fr_FR\" \/>\n<meta property=\"og:type\" content=\"article\" \/>\n<meta property=\"og:title\" content=\"Le recyclage des huiles usag\u00e9es\" \/>\n<meta property=\"og:description\" content=\"Retrouvez notre article de blog, vous pr\u00e9sentant le recyclage des huiles usag\u00e9es fait par Riwal sp\u00e9cialiste de l&#039;\u00e9l\u00e9vation.\" \/>\n<meta property=\"og:url\" content=\"https:\/\/www.riwal.com\/fr\/expertise\/developpement-durable\/le-recyclage-des-huiles-usagees-tbd\/\" \/>\n<meta property=\"og:site_name\" content=\"Riwal - France\" \/>\n<meta property=\"article:modified_time\" content=\"2024-07-18T10:22:54+00:00\" \/>\n<meta name=\"twitter:card\" content=\"summary_large_image\" \/>\n<meta name=\"twitter:label1\" content=\"Est. reading time\" \/>\n\t<meta name=\"twitter:data1\" content=\"4 minutes\" \/>\n<script type=\"application\/ld+json\" class=\"yoast-schema-graph\">{\"@context\":\"https:\/\/schema.org\",\"@graph\":[{\"@type\":\"WebPage\",\"@id\":\"https:\/\/www.riwal.com\/fr\/expertise\/developpement-durable\/le-recyclage-des-huiles-usagees-tbd\/\",\"url\":\"https:\/\/www.riwal.com\/fr\/expertise\/developpement-durable\/le-recyclage-des-huiles-usagees-tbd\/\",\"name\":\"Le recyclage des huiles usag\u00e9es | Riwal France\",\"isPartOf\":{\"@id\":\"https:\/\/www.riwal.com\/fr\/#website\"},\"datePublished\":\"2023-12-29T15:29:17+00:00\",\"dateModified\":\"2024-07-18T10:22:54+00:00\",\"description\":\"Retrouvez notre article de blog, vous pr\u00e9sentant le recyclage des huiles usag\u00e9es fait par Riwal sp\u00e9cialiste de l'\u00e9l\u00e9vation.\",\"breadcrumb\":{\"@id\":\"https:\/\/www.riwal.com\/fr\/expertise\/developpement-durable\/le-recyclage-des-huiles-usagees-tbd\/#breadcrumb\"},\"inLanguage\":\"fr-FR\",\"potentialAction\":[{\"@type\":\"ReadAction\",\"target\":[\"https:\/\/www.riwal.com\/fr\/expertise\/developpement-durable\/le-recyclage-des-huiles-usagees-tbd\/\"]}]},{\"@type\":\"BreadcrumbList\",\"@id\":\"https:\/\/www.riwal.com\/fr\/expertise\/developpement-durable\/le-recyclage-des-huiles-usagees-tbd\/#breadcrumb\",\"itemListElement\":[{\"@type\":\"ListItem\",\"position\":1,\"name\":\"Accueil\",\"item\":\"https:\/\/www.riwal.com\/fr\/\"},{\"@type\":\"ListItem\",\"position\":2,\"name\":\"Expertise\",\"item\":\"https:\/\/www.riwal.com\/fr\/expertise\/\"},{\"@type\":\"ListItem\",\"position\":3,\"name\":\"D\u00e9veloppement durable\",\"item\":\"https:\/\/www.riwal.com\/fr\/expertise\/developpement-durable\/\"},{\"@type\":\"ListItem\",\"position\":4,\"name\":\"Le recyclage des huiles usag\u00e9es\"}]},{\"@type\":\"WebSite\",\"@id\":\"https:\/\/www.riwal.com\/fr\/#website\",\"url\":\"https:\/\/www.riwal.com\/fr\/\",\"name\":\"Riwal\",\"description\":\"Location nacelle \u00e9l\u00e9vatrice, formation CACES, vente nacelles - Riwal France\",\"publisher\":{\"@id\":\"https:\/\/www.riwal.com\/fr\/#organization\"},\"potentialAction\":[{\"@type\":\"SearchAction\",\"target\":{\"@type\":\"EntryPoint\",\"urlTemplate\":\"https:\/\/www.riwal.com\/fr\/?s={search_term_string}\"},\"query-input\":{\"@type\":\"PropertyValueSpecification\",\"valueRequired\":true,\"valueName\":\"search_term_string\"}}],\"inLanguage\":\"fr-FR\"},{\"@type\":\"Organization\",\"@id\":\"https:\/\/www.riwal.com\/fr\/#organization\",\"name\":\"Riwal\",\"url\":\"https:\/\/www.riwal.com\/fr\/\",\"logo\":{\"@type\":\"ImageObject\",\"inLanguage\":\"fr-FR\",\"@id\":\"https:\/\/www.riwal.com\/fr\/#\/schema\/logo\/image\/\",\"url\":\"\",\"contentUrl\":\"\",\"caption\":\"Riwal\"},\"image\":{\"@id\":\"https:\/\/www.riwal.com\/fr\/#\/schema\/logo\/image\/\"}}]}<\/script>\n<!-- \/ Yoast SEO Premium plugin. -->","yoast_head_json":{"title":"Le recyclage des huiles usag\u00e9es | Riwal France","description":"Retrouvez notre article de blog, vous pr\u00e9sentant le recyclage des huiles usag\u00e9es fait par Riwal sp\u00e9cialiste de l'\u00e9l\u00e9vation.","robots":{"index":"index","follow":"follow","max-snippet":"max-snippet:-1","max-image-preview":"max-image-preview:large","max-video-preview":"max-video-preview:-1"},"canonical":"https:\/\/www.riwal.com\/fr\/expertise\/developpement-durable\/le-recyclage-des-huiles-usagees-tbd\/","og_locale":"fr_FR","og_type":"article","og_title":"Le recyclage des huiles usag\u00e9es","og_description":"Retrouvez notre article de blog, vous pr\u00e9sentant le recyclage des huiles usag\u00e9es fait par Riwal sp\u00e9cialiste de l'\u00e9l\u00e9vation.","og_url":"https:\/\/www.riwal.com\/fr\/expertise\/developpement-durable\/le-recyclage-des-huiles-usagees-tbd\/","og_site_name":"Riwal - France","article_modified_time":"2024-07-18T10:22:54+00:00","twitter_card":"summary_large_image","twitter_misc":{"Est. reading time":"4 minutes"},"schema":{"@context":"https:\/\/schema.org","@graph":[{"@type":"WebPage","@id":"https:\/\/www.riwal.com\/fr\/expertise\/developpement-durable\/le-recyclage-des-huiles-usagees-tbd\/","url":"https:\/\/www.riwal.com\/fr\/expertise\/developpement-durable\/le-recyclage-des-huiles-usagees-tbd\/","name":"Le recyclage des huiles usag\u00e9es | Riwal France","isPartOf":{"@id":"https:\/\/www.riwal.com\/fr\/#website"},"datePublished":"2023-12-29T15:29:17+00:00","dateModified":"2024-07-18T10:22:54+00:00","description":"Retrouvez notre article de blog, vous pr\u00e9sentant le recyclage des huiles usag\u00e9es fait par Riwal sp\u00e9cialiste de l'\u00e9l\u00e9vation.","breadcrumb":{"@id":"https:\/\/www.riwal.com\/fr\/expertise\/developpement-durable\/le-recyclage-des-huiles-usagees-tbd\/#breadcrumb"},"inLanguage":"fr-FR","potentialAction":[{"@type":"ReadAction","target":["https:\/\/www.riwal.com\/fr\/expertise\/developpement-durable\/le-recyclage-des-huiles-usagees-tbd\/"]}]},{"@type":"BreadcrumbList","@id":"https:\/\/www.riwal.com\/fr\/expertise\/developpement-durable\/le-recyclage-des-huiles-usagees-tbd\/#breadcrumb","itemListElement":[{"@type":"ListItem","position":1,"name":"Accueil","item":"https:\/\/www.riwal.com\/fr\/"},{"@type":"ListItem","position":2,"name":"Expertise","item":"https:\/\/www.riwal.com\/fr\/expertise\/"},{"@type":"ListItem","position":3,"name":"D\u00e9veloppement durable","item":"https:\/\/www.riwal.com\/fr\/expertise\/developpement-durable\/"},{"@type":"ListItem","position":4,"name":"Le recyclage des huiles usag\u00e9es"}]},{"@type":"WebSite","@id":"https:\/\/www.riwal.com\/fr\/#website","url":"https:\/\/www.riwal.com\/fr\/","name":"Riwal","description":"Location nacelle \u00e9l\u00e9vatrice, formation CACES, vente nacelles - Riwal France","publisher":{"@id":"https:\/\/www.riwal.com\/fr\/#organization"},"potentialAction":[{"@type":"SearchAction","target":{"@type":"EntryPoint","urlTemplate":"https:\/\/www.riwal.com\/fr\/?s={search_term_string}"},"query-input":{"@type":"PropertyValueSpecification","valueRequired":true,"valueName":"search_term_string"}}],"inLanguage":"fr-FR"},{"@type":"Organization","@id":"https:\/\/www.riwal.com\/fr\/#organization","name":"Riwal","url":"https:\/\/www.riwal.com\/fr\/","logo":{"@type":"ImageObject","inLanguage":"fr-FR","@id":"https:\/\/www.riwal.com\/fr\/#\/schema\/logo\/image\/","url":"","contentUrl":"","caption":"Riwal"},"image":{"@id":"https:\/\/www.riwal.com\/fr\/#\/schema\/logo\/image\/"}}]}},"_links":{"self":[{"href":"https:\/\/www.riwal.com\/fr\/wp-json\/wp\/v2\/pages\/6060","targetHints":{"allow":["GET"]}}],"collection":[{"href":"https:\/\/www.riwal.com\/fr\/wp-json\/wp\/v2\/pages"}],"about":[{"href":"https:\/\/www.riwal.com\/fr\/wp-json\/wp\/v2\/types\/page"}],"author":[{"embeddable":true,"href":"https:\/\/www.riwal.com\/fr\/wp-json\/wp\/v2\/users\/51"}],"replies":[{"embeddable":true,"href":"https:\/\/www.riwal.com\/fr\/wp-json\/wp\/v2\/comments?post=6060"}],"version-history":[{"count":8,"href":"https:\/\/www.riwal.com\/fr\/wp-json\/wp\/v2\/pages\/6060\/revisions"}],"predecessor-version":[{"id":13900,"href":"https:\/\/www.riwal.com\/fr\/wp-json\/wp\/v2\/pages\/6060\/revisions\/13900"}],"up":[{"embeddable":true,"href":"https:\/\/www.riwal.com\/fr\/wp-json\/wp\/v2\/pages\/3235"}],"wp:attachment":[{"href":"https:\/\/www.riwal.com\/fr\/wp-json\/wp\/v2\/media?parent=6060"}],"curies":[{"name":"wp","href":"https:\/\/api.w.org\/{rel}","templated":true}]}}