{"id":6055,"date":"2023-12-29T15:27:06","date_gmt":"2023-12-29T15:27:06","guid":{"rendered":"https:\/\/www.riwal.com\/fr\/?page_id=6055"},"modified":"2024-07-18T13:50:08","modified_gmt":"2024-07-18T11:50:08","slug":"le-choix-de-lelectricite","status":"publish","type":"page","link":"https:\/\/www.riwal.com\/fr\/expertise\/developpement-durable\/le-choix-de-lelectricite\/","title":{"rendered":"Le choix de l\u2019\u00e9lectricit\u00e9"},"content":{"rendered":"<div class=\"container\">\n<h1 class=\"wp-block-heading\" id=\"h-pourquoi-l-electrique-est-il-prefere-au-diesel\">POURQUOI L&rsquo;\u00c9LECTRIQUE EST-IL PR\u00c9F\u00c9R\u00c9 AU DIESEL ?<\/h1>\n<\/div>\n\n<div class=\"wp-block-rental-theme-featured rental-theme-block-default-padding\">\n\t<div class=\"container\">\n\t\t<div class=\"wp-block-rental-theme-featured-container\">\n\t\t\t<div class=\"wp-block-rental-theme-featured__image\">\n\t\t\t\t<div class=\"wp-block-rental-theme-featured-image-container\">\n\t\t\t\t\t\t\t\t\t\t\t<div class=\"main-image\">\n\t\t\t\t\t\t\t<img loading=\"lazy\" decoding=\"async\" width=\"490\" height=\"490\" src=\"https:\/\/eqsk4m2dkju.exactdn.com\/app\/uploads\/sites\/15\/2024\/01\/Product-Website-Printable-version-1-490x490.jpg?strip=all&amp;quality=92&amp;webp=92&amp;avif=80&amp;sharp=1\" class=\"attachment-featured_block_image size-featured_block_image\" alt=\"\" srcset=\"https:\/\/eqsk4m2dkju.exactdn.com\/app\/uploads\/sites\/15\/2024\/01\/Product-Website-Printable-version-1-490x490.jpg?strip=all&amp;quality=92&amp;webp=92&amp;avif=80&amp;sharp=1 490w, https:\/\/eqsk4m2dkju.exactdn.com\/app\/uploads\/sites\/15\/2024\/01\/Product-Website-Printable-version-1-300x300.jpg?strip=all&amp;quality=92&amp;webp=92&amp;avif=80&amp;sharp=1 300w, https:\/\/eqsk4m2dkju.exactdn.com\/app\/uploads\/sites\/15\/2024\/01\/Product-Website-Printable-version-1-150x150.jpg?strip=all&amp;quality=92&amp;webp=92&amp;avif=80&amp;sharp=1 150w, https:\/\/eqsk4m2dkju.exactdn.com\/app\/uploads\/sites\/15\/2024\/01\/Product-Website-Printable-version-1-768x768.jpg?strip=all&amp;quality=92&amp;webp=92&amp;avif=80&amp;sharp=1 768w, https:\/\/eqsk4m2dkju.exactdn.com\/app\/uploads\/sites\/15\/2024\/01\/Product-Website-Printable-version-1-178x178.jpg?strip=all&amp;quality=92&amp;webp=92&amp;avif=80&amp;sharp=1 178w, https:\/\/eqsk4m2dkju.exactdn.com\/app\/uploads\/sites\/15\/2024\/01\/Product-Website-Printable-version-1-390x390.jpg?strip=all&amp;quality=92&amp;webp=92&amp;avif=80&amp;sharp=1 390w, https:\/\/eqsk4m2dkju.exactdn.com\/app\/uploads\/sites\/15\/2024\/01\/Product-Website-Printable-version-1-628x628.jpg?strip=all&amp;quality=92&amp;webp=92&amp;avif=80&amp;sharp=1 628w, https:\/\/eqsk4m2dkju.exactdn.com\/app\/uploads\/sites\/15\/2024\/01\/Product-Website-Printable-version-1-726x726.jpg?strip=all&amp;quality=92&amp;webp=92&amp;avif=80&amp;sharp=1 726w, https:\/\/eqsk4m2dkju.exactdn.com\/app\/uploads\/sites\/15\/2024\/01\/Product-Website-Printable-version-1-200x200.jpg?strip=all&amp;quality=92&amp;webp=92&amp;avif=80&amp;sharp=1 200w, https:\/\/eqsk4m2dkju.exactdn.com\/app\/uploads\/sites\/15\/2024\/01\/Product-Website-Printable-version-1-237x237.jpg?strip=all&amp;quality=92&amp;webp=92&amp;avif=80&amp;sharp=1 237w, https:\/\/eqsk4m2dkju.exactdn.com\/app\/uploads\/sites\/15\/2024\/01\/Product-Website-Printable-version-1-474x474.jpg?strip=all&amp;quality=92&amp;webp=92&amp;avif=80&amp;sharp=1 474w, https:\/\/eqsk4m2dkju.exactdn.com\/app\/uploads\/sites\/15\/2024\/01\/Product-Website-Printable-version-1.jpg?strip=all&amp;quality=92&amp;webp=92&amp;avif=80&amp;sharp=1 900w, https:\/\/eqsk4m2dkju.exactdn.com\/app\/uploads\/sites\/15\/2024\/01\/Product-Website-Printable-version-1.jpg?strip=all&amp;quality=92&amp;webp=92&amp;avif=80&amp;sharp=1&amp;w=540 540w\" sizes=\"auto, (max-width: 490px) 100vw, 490px\" \/>\t\t\t\t\t\t<\/div>\n\t\t\t\t\t\t\t\t\t\t<div class=\"wp-block-rental-theme-featured-image-container__subtext\">\n\t\t\t\t\t\t\t\t\t\t\t<\/div>\n\t\t\t\t<\/div>\n\t\t\t<\/div>\n\t\t\t<div class=\"wp-block-rental-theme-featured-content\">\n\t\t\t\t<div>\n\t\t\t\t\t<h2 class=\"wp-block-rental-theme-featured-title\">L&rsquo;\u00c9lectricit\u00e9 chez Riwal <\/h2>\n\t\t\t\t\t<div class=\"wp-block-rental-theme-featured-text\">\n\n<p>Afin de poursuivre sa lanc\u00e9e vers un avenir plus durable et respectueux de la plan\u00e8te et des Hommes, Riwal souhaite renforcer son parc \u00e9lectrique dans les 3 \u00e0 5 ans. Aujourd&rsquo;hui, 50% de nos machines disponibles \u00e0 la location sont \u00e9lectriques. Si la location est en soi <a href=\"https:\/\/www.riwal.com\/fr\/expertise\/developpement-durable\/la-location-une-option-durable\/\">une option durable<\/a>, il est l\u00e9gitime de se demander pourquoi le choix de l&rsquo;\u00e9nergie \u00e9lectrique plut\u00f4t que l&rsquo;\u00e9nergie thermique. Autrement dit, pourquoi l&rsquo;\u00e9lectrique est-il pr\u00e9f\u00e9rable au diesel, lorsque l&rsquo;on s&rsquo;inscrit dans une d\u00e9marche de d\u00e9veloppement durable ? Quand est-il du recyclage des batteries ? Nous r\u00e9pondons \u00e0 vos questions ci-dessous.  <\/p>\n\n\n\n<p><\/p>\n\n<\/div>\n\t\t\t\t<\/div>\n\t\t\t<\/div>\n\t\t<\/div>\n\t<\/div>\n<\/div>\n\n\n<div class=\"container\">\n<h2 class=\"wp-block-heading\" id=\"h-le-choix-de-l-electrique\">LE CHOIX DE L&rsquo;\u00c9LECTRIQUE<\/h2>\n<\/div>\n\n<div class=\"container\">\n<p>Depuis plusieurs ann\u00e9es maintenant, l&rsquo;\u00e9lectrique obtient de plus en plus les faveurs des gouvernements et entreprises. Le secteur de la location de nacelles \u00e9l\u00e9vatrices n&rsquo;y \u00e9chappe pas. Mais pourquoi ?<\/p>\n<\/div>\n\n<div class=\"container\">\n<h3 class=\"wp-block-heading\" id=\"h-les-emissions-de-gaz-a-effet-de-serre\">Les \u00e9missions de gaz \u00e0 effet de serre<\/h3>\n<\/div>\n\n<div class=\"container\">\n<p>De nombreuses \u00e9tudes ont \u00e9t\u00e9 men\u00e9es pour comparer les moteurs \u00e9lectriques et les moteurs thermiques. Les r\u00e9sultats sont sans appel. A l&rsquo;usage, les moteurs \u00e9lectriques ne rejettent pas de C02 ni de particules fines, contrairement aux moteurs fonctionnant au diesel. Or ce sont les polluants \u00e9mis \u00e0 l&rsquo;\u00e9chappement des v\u00e9hicules et machines qui sont principalement probl\u00e9matiques pour la sant\u00e9 publiques t l&rsquo;environnement. Une machine \u00e9lectrique en fonctionnement n&rsquo;\u00e9met aucun polluant \u00e0 l&rsquo;\u00e9chappement, car il n&rsquo;y a pas de combustion li\u00e9e \u00e0 un moteur thermique, no de pot d&rsquo;\u00e9chappement. Si, les machines \u00e9lectriques, comme toutes machines, \u00e9mettent des particules fines li\u00e9es \u00e0 l&rsquo;abrasion de pneus, des freins&#8230; Le bilan carbone reste tr\u00e8s largement en faveur des machines \u00e9lectrique qui \u00e9mettent jusqu&rsquo;\u00e0 3 fois moins de gaz \u00e0 effet de serre (fabrication des batteries comprise) qu&rsquo;in mat\u00e9riel fonctionnant avec un moteur thermique. <\/p>\n<\/div>\n\n<div class=\"container\">\n<h3 class=\"wp-block-heading\" id=\"h-le-bruit\">Le bruit<\/h3>\n<\/div>\n\n<div class=\"container\">\n<p>Plus propres mais aussi plus silencieuses ! La nuisances sonore \u00e9tant une pr\u00e9occupation grandissante dans les villes, les plateformes \u00e9l\u00e9vatrices \u00e9lectriques sont silencieuses, contrairement aux nacelles \u00e9l\u00e9vatrices diesel. Cela repr\u00e9sente un avantage consid\u00e9rable, notamment lorsqu&rsquo;il s&rsquo;agit de r\u00e9aliser des travaux en int\u00e9rieur. D&rsquo;ailleurs, l&rsquo;autre nom pour la nuisance sonore est la pollution sonore. Choisir l&rsquo;\u00e9lectrique, c&rsquo;est donc se d\u00e9barrasser non pas d&rsquo;une, mais de deux pollutions en faveur de ses op\u00e9rateurs ! <\/p>\n<\/div>\n\n<div class=\"container\">\n<h2 class=\"wp-block-heading\" id=\"h-qu-en-est-il-du-recyclage-des-batteries\">QU&rsquo;EN EST-IL DU RECYCLAGE DES BATTERIES ?<\/h2>\n<\/div>\n\n<div class=\"container\">\n<p>Fabrication, utilisation&#8230; d&rsquo;accord, mais il y a une \u00e9tape qui est essentiel de ne pas oublier : la fin de vie et le recyclage. Chez Riwal France, nous nous attachons tout d&rsquo;abord \u00e0 repousser au maximum la fin de vie des batteries de nos nacelles \u00e9l\u00e9vatrices. Comment ? Eh bien, nous nous concentrons sur un utilisation correcte des batteries, afin de maintenir leur performance et leur fiabilit\u00e9, et d&rsquo;\u00e9viter une sur-consommation inutile. Tout cela dans le but de maximiser leur dur\u00e9e de vie et diminuer la quantit\u00e9 de batteries que nous achetons en recyclons, durant une ann\u00e9e. <\/p>\n<\/div>\n\n<div class=\"container\">\n<h3 class=\"wp-block-heading\" id=\"h-former-nos-equipes-techniques-pour-allonger-la-duree-de-vie-de-batterie\">Former nos \u00e9quipes techniques pour allonger la dur\u00e9e de vie de batterie<\/h3>\n<\/div>\n\n<div class=\"container\">\n<p>Nos techniciens sont form\u00e9s pour utiliser correctement les batteries et allonger au maximum leur dur\u00e9e de vie. Tout cela, dans une d\u00e9marche de qualit\u00e9 et de s\u00e9curit\u00e9 pour nos \u00e9quipes et nos clients. <\/p>\n<\/div>\n\n<div class=\"container\">\n<p>En effet, le respect de quelques techniques simple suffit \u00e0 assurer une utilisation efficace des batteries : <\/p>\n<\/div>\n\n<div class=\"container\">\n<ul class=\"wp-block-list\">\n<li>Nous respections un pourcentage maximum recommand\u00e9 de d\u00e9chargement des batteries. Un d\u00e9chargement trop important de la batterie r\u00e9duit le nombre de cycle qu&rsquo;elle est capable de produire. Fix\u00e9 \u00e0 50% pour une utilisation r\u00e9guli\u00e8re, ce seuil limite de chargement signifie que si vous utilisez la nacelle \u00e9l\u00e9vatrice plusieurs heures de suite en une journ\u00e9e, il est n\u00e9cessaire de la recharger durant la nuit. <\/li>\n\n\n\n<li>Nous chargeons les batteries sous 24 heures apr\u00e8s leur utilisation. D\u00e9passer ce d\u00e9lai entra\u00eene une d\u00e9gradation consid\u00e9rable de leur performance sur la dur\u00e9e. <\/li>\n\n\n\n<li>Nous contr\u00f4lons le niveau d&rsquo;\u00e9lectrolyte (substance conductrice des courants \u00e9lectriques) et une fois par mois, ou plus si n\u00e9cessaire, nous ajoutons de l&rsquo;eau distill\u00e9e. Cela ajuste le niveau d&rsquo;\u00e9lectrolyte et garantit une submersion des plaques sans laquelle la dur\u00e9e de vie des batteries se d\u00e9grade rapidement. <\/li>\n<\/ul>\n<\/div>\n\n<div class=\"container\">\n<p>Lors de locations moyennes et longues dur\u00e9es, nous communiquons ces consignes \u00e0 nos clients. <\/p>\n<\/div>\n\n<div class=\"container\">\n<p>Les batteries repr\u00e9sentent environ 10% des d\u00e9chets industriels dangereux produits par Riwal France. En suivant ces consignes, nous avons r\u00e9duit nos efforts de recyclage de moiti\u00e9 en 2019, par rapport \u00e0 2018. <\/p>\n<\/div>\n\n<div class=\"container\">\n<p>Ainsi, en accordant une grande importance \u00e0 l&rsquo;utilisation des batteries et leur performance, nous avons r\u00e9duit notre consommation de batteries et r\u00e9duit nos d\u00e9chets industriels \u00e0 recycler. Nous poursuivons ces efforts dans les ann\u00e9es \u00e0 venir, toujours dans une volont\u00e9 d&rsquo;am\u00e9lioration continue. <\/p>\n<\/div>\n\n<div class=\"container\">\n<h3 class=\"wp-block-heading\" id=\"h-le-recyclage-des-batteries-en-fin-de-vie\">Le recyclage des batteries en fin de vie<\/h3>\n<\/div>\n\n<div class=\"container\">\n<p>Les batteries usag\u00e9es nous sont rachet\u00e9es dans le but d&rsquo;\u00eatre revaloris\u00e9es. Rial France a choisi ses partenaires pour leurs processus et d\u00e9marches de recyclage et de revalorisation des d\u00e9chets. <\/p>\n<\/div>\n\n<div class=\"container\">\n<p>Les m\u00e9taux issus des batteries sont r\u00e9cup\u00e9r\u00e9s par un organisme sp\u00e9cialis\u00e9. Si les autres composants sont encore peu valoris\u00e9s pour l&rsquo;instant, une partie non n\u00e9gligeable des batteries retrouvent une seconde vie par exemple en stockage d&rsquo;\u00e9nergie pour les panneaux solaire. <\/p>\n<\/div>\n\n<div class=\"container\">\n<p>Chez Riwal, nous agissons partout o\u00f9 nous le pouvons pour r\u00e9duire notre impact environnemental. Nous continuerons de nous am\u00e9liorer dans les ann\u00e9es \u00e0 venir, au fur et \u00e0 mesure des avanc\u00e9es technologiques et des innovations, car l&rsquo;avenir de la plan\u00e8te et de ses habitants nous tiens \u00e0 c\u0153ur. <\/p>\n<\/div>","protected":false},"excerpt":{"rendered":"<p>POURQUOI L&rsquo;\u00c9LECTRIQUE EST-IL PR\u00c9F\u00c9R\u00c9 AU DIESEL ? LE CHOIX DE L&rsquo;\u00c9LECTRIQUE Depuis plusieurs ann\u00e9es maintenant, l&rsquo;\u00e9lectrique obtient de plus en plus les faveurs des gouvernements et entreprises. Le secteur de la location de nacelles \u00e9l\u00e9vatrices n&rsquo;y \u00e9chappe pas. Mais pourquoi ? Les \u00e9missions de gaz \u00e0 effet de serre De nombreuses \u00e9tudes ont \u00e9t\u00e9 men\u00e9es &hellip; <a href=\"https:\/\/www.riwal.com\/fr\/expertise\/developpement-durable\/le-choix-de-lelectricite\/\">Voir plus<\/a><\/p>\n","protected":false},"author":51,"featured_media":0,"parent":3235,"menu_order":3,"comment_status":"closed","ping_status":"closed","template":"","meta":{"_acf_changed":false,"footnotes":""},"class_list":["post-6055","page","type-page","status-publish","hentry"],"acf":[],"yoast_head":"<!-- This site is optimized with the Yoast SEO Premium plugin v27.1 (Yoast SEO v27.1.1) - https:\/\/yoast.com\/product\/yoast-seo-premium-wordpress\/ -->\n<title>Le choix de l\u2019\u00e9lectricit\u00e9 - Riwal - France<\/title>\n<meta name=\"description\" content=\"Riwal sp\u00e9cialiste de la location de nacelle \u00e9l\u00e9vatrice et chariot t\u00e9lescopique, propose un large choix de nacelle \u00e9lectrique.\" \/>\n<meta name=\"robots\" content=\"index, follow, max-snippet:-1, max-image-preview:large, max-video-preview:-1\" \/>\n<link rel=\"canonical\" href=\"https:\/\/www.riwal.com\/fr\/expertise\/developpement-durable\/le-choix-de-lelectricite\/\" \/>\n<meta property=\"og:locale\" content=\"fr_FR\" \/>\n<meta property=\"og:type\" content=\"article\" \/>\n<meta property=\"og:title\" content=\"Le choix de l\u2019\u00e9lectricit\u00e9\" \/>\n<meta property=\"og:description\" content=\"Riwal sp\u00e9cialiste de la location de nacelle \u00e9l\u00e9vatrice et chariot t\u00e9lescopique, propose un large choix de nacelle \u00e9lectrique.\" \/>\n<meta property=\"og:url\" content=\"https:\/\/www.riwal.com\/fr\/expertise\/developpement-durable\/le-choix-de-lelectricite\/\" \/>\n<meta property=\"og:site_name\" content=\"Riwal - France\" \/>\n<meta property=\"article:modified_time\" content=\"2024-07-18T11:50:08+00:00\" \/>\n<meta name=\"twitter:card\" content=\"summary_large_image\" \/>\n<meta name=\"twitter:label1\" content=\"Est. reading time\" \/>\n\t<meta name=\"twitter:data1\" content=\"5 minutes\" \/>\n<script type=\"application\/ld+json\" class=\"yoast-schema-graph\">{\"@context\":\"https:\/\/schema.org\",\"@graph\":[{\"@type\":\"WebPage\",\"@id\":\"https:\/\/www.riwal.com\/fr\/expertise\/developpement-durable\/le-choix-de-lelectricite\/\",\"url\":\"https:\/\/www.riwal.com\/fr\/expertise\/developpement-durable\/le-choix-de-lelectricite\/\",\"name\":\"Le choix de l\u2019\u00e9lectricit\u00e9 - Riwal - France\",\"isPartOf\":{\"@id\":\"https:\/\/www.riwal.com\/fr\/#website\"},\"datePublished\":\"2023-12-29T15:27:06+00:00\",\"dateModified\":\"2024-07-18T11:50:08+00:00\",\"description\":\"Riwal sp\u00e9cialiste de la location de nacelle \u00e9l\u00e9vatrice et chariot t\u00e9lescopique, propose un large choix de nacelle \u00e9lectrique.\",\"breadcrumb\":{\"@id\":\"https:\/\/www.riwal.com\/fr\/expertise\/developpement-durable\/le-choix-de-lelectricite\/#breadcrumb\"},\"inLanguage\":\"fr-FR\",\"potentialAction\":[{\"@type\":\"ReadAction\",\"target\":[\"https:\/\/www.riwal.com\/fr\/expertise\/developpement-durable\/le-choix-de-lelectricite\/\"]}]},{\"@type\":\"BreadcrumbList\",\"@id\":\"https:\/\/www.riwal.com\/fr\/expertise\/developpement-durable\/le-choix-de-lelectricite\/#breadcrumb\",\"itemListElement\":[{\"@type\":\"ListItem\",\"position\":1,\"name\":\"Accueil\",\"item\":\"https:\/\/www.riwal.com\/fr\/\"},{\"@type\":\"ListItem\",\"position\":2,\"name\":\"Expertise\",\"item\":\"https:\/\/www.riwal.com\/fr\/expertise\/\"},{\"@type\":\"ListItem\",\"position\":3,\"name\":\"D\u00e9veloppement durable\",\"item\":\"https:\/\/www.riwal.com\/fr\/expertise\/developpement-durable\/\"},{\"@type\":\"ListItem\",\"position\":4,\"name\":\"Le choix de l\u2019\u00e9lectricit\u00e9\"}]},{\"@type\":\"WebSite\",\"@id\":\"https:\/\/www.riwal.com\/fr\/#website\",\"url\":\"https:\/\/www.riwal.com\/fr\/\",\"name\":\"Riwal\",\"description\":\"Location nacelle \u00e9l\u00e9vatrice, formation CACES, vente nacelles - Riwal France\",\"publisher\":{\"@id\":\"https:\/\/www.riwal.com\/fr\/#organization\"},\"potentialAction\":[{\"@type\":\"SearchAction\",\"target\":{\"@type\":\"EntryPoint\",\"urlTemplate\":\"https:\/\/www.riwal.com\/fr\/?s={search_term_string}\"},\"query-input\":{\"@type\":\"PropertyValueSpecification\",\"valueRequired\":true,\"valueName\":\"search_term_string\"}}],\"inLanguage\":\"fr-FR\"},{\"@type\":\"Organization\",\"@id\":\"https:\/\/www.riwal.com\/fr\/#organization\",\"name\":\"Riwal\",\"url\":\"https:\/\/www.riwal.com\/fr\/\",\"logo\":{\"@type\":\"ImageObject\",\"inLanguage\":\"fr-FR\",\"@id\":\"https:\/\/www.riwal.com\/fr\/#\/schema\/logo\/image\/\",\"url\":\"\",\"contentUrl\":\"\",\"caption\":\"Riwal\"},\"image\":{\"@id\":\"https:\/\/www.riwal.com\/fr\/#\/schema\/logo\/image\/\"}}]}<\/script>\n<!-- \/ Yoast SEO Premium plugin. -->","yoast_head_json":{"title":"Le choix de l\u2019\u00e9lectricit\u00e9 - Riwal - France","description":"Riwal sp\u00e9cialiste de la location de nacelle \u00e9l\u00e9vatrice et chariot t\u00e9lescopique, propose un large choix de nacelle \u00e9lectrique.","robots":{"index":"index","follow":"follow","max-snippet":"max-snippet:-1","max-image-preview":"max-image-preview:large","max-video-preview":"max-video-preview:-1"},"canonical":"https:\/\/www.riwal.com\/fr\/expertise\/developpement-durable\/le-choix-de-lelectricite\/","og_locale":"fr_FR","og_type":"article","og_title":"Le choix de l\u2019\u00e9lectricit\u00e9","og_description":"Riwal sp\u00e9cialiste de la location de nacelle \u00e9l\u00e9vatrice et chariot t\u00e9lescopique, propose un large choix de nacelle \u00e9lectrique.","og_url":"https:\/\/www.riwal.com\/fr\/expertise\/developpement-durable\/le-choix-de-lelectricite\/","og_site_name":"Riwal - France","article_modified_time":"2024-07-18T11:50:08+00:00","twitter_card":"summary_large_image","twitter_misc":{"Est. reading time":"5 minutes"},"schema":{"@context":"https:\/\/schema.org","@graph":[{"@type":"WebPage","@id":"https:\/\/www.riwal.com\/fr\/expertise\/developpement-durable\/le-choix-de-lelectricite\/","url":"https:\/\/www.riwal.com\/fr\/expertise\/developpement-durable\/le-choix-de-lelectricite\/","name":"Le choix de l\u2019\u00e9lectricit\u00e9 - Riwal - France","isPartOf":{"@id":"https:\/\/www.riwal.com\/fr\/#website"},"datePublished":"2023-12-29T15:27:06+00:00","dateModified":"2024-07-18T11:50:08+00:00","description":"Riwal sp\u00e9cialiste de la location de nacelle \u00e9l\u00e9vatrice et chariot t\u00e9lescopique, propose un large choix de nacelle \u00e9lectrique.","breadcrumb":{"@id":"https:\/\/www.riwal.com\/fr\/expertise\/developpement-durable\/le-choix-de-lelectricite\/#breadcrumb"},"inLanguage":"fr-FR","potentialAction":[{"@type":"ReadAction","target":["https:\/\/www.riwal.com\/fr\/expertise\/developpement-durable\/le-choix-de-lelectricite\/"]}]},{"@type":"BreadcrumbList","@id":"https:\/\/www.riwal.com\/fr\/expertise\/developpement-durable\/le-choix-de-lelectricite\/#breadcrumb","itemListElement":[{"@type":"ListItem","position":1,"name":"Accueil","item":"https:\/\/www.riwal.com\/fr\/"},{"@type":"ListItem","position":2,"name":"Expertise","item":"https:\/\/www.riwal.com\/fr\/expertise\/"},{"@type":"ListItem","position":3,"name":"D\u00e9veloppement durable","item":"https:\/\/www.riwal.com\/fr\/expertise\/developpement-durable\/"},{"@type":"ListItem","position":4,"name":"Le choix de l\u2019\u00e9lectricit\u00e9"}]},{"@type":"WebSite","@id":"https:\/\/www.riwal.com\/fr\/#website","url":"https:\/\/www.riwal.com\/fr\/","name":"Riwal","description":"Location nacelle \u00e9l\u00e9vatrice, formation CACES, vente nacelles - Riwal France","publisher":{"@id":"https:\/\/www.riwal.com\/fr\/#organization"},"potentialAction":[{"@type":"SearchAction","target":{"@type":"EntryPoint","urlTemplate":"https:\/\/www.riwal.com\/fr\/?s={search_term_string}"},"query-input":{"@type":"PropertyValueSpecification","valueRequired":true,"valueName":"search_term_string"}}],"inLanguage":"fr-FR"},{"@type":"Organization","@id":"https:\/\/www.riwal.com\/fr\/#organization","name":"Riwal","url":"https:\/\/www.riwal.com\/fr\/","logo":{"@type":"ImageObject","inLanguage":"fr-FR","@id":"https:\/\/www.riwal.com\/fr\/#\/schema\/logo\/image\/","url":"","contentUrl":"","caption":"Riwal"},"image":{"@id":"https:\/\/www.riwal.com\/fr\/#\/schema\/logo\/image\/"}}]}},"_links":{"self":[{"href":"https:\/\/www.riwal.com\/fr\/wp-json\/wp\/v2\/pages\/6055","targetHints":{"allow":["GET"]}}],"collection":[{"href":"https:\/\/www.riwal.com\/fr\/wp-json\/wp\/v2\/pages"}],"about":[{"href":"https:\/\/www.riwal.com\/fr\/wp-json\/wp\/v2\/types\/page"}],"author":[{"embeddable":true,"href":"https:\/\/www.riwal.com\/fr\/wp-json\/wp\/v2\/users\/51"}],"replies":[{"embeddable":true,"href":"https:\/\/www.riwal.com\/fr\/wp-json\/wp\/v2\/comments?post=6055"}],"version-history":[{"count":8,"href":"https:\/\/www.riwal.com\/fr\/wp-json\/wp\/v2\/pages\/6055\/revisions"}],"predecessor-version":[{"id":13902,"href":"https:\/\/www.riwal.com\/fr\/wp-json\/wp\/v2\/pages\/6055\/revisions\/13902"}],"up":[{"embeddable":true,"href":"https:\/\/www.riwal.com\/fr\/wp-json\/wp\/v2\/pages\/3235"}],"wp:attachment":[{"href":"https:\/\/www.riwal.com\/fr\/wp-json\/wp\/v2\/media?parent=6055"}],"curies":[{"name":"wp","href":"https:\/\/api.w.org\/{rel}","templated":true}]}}