{"id":6042,"date":"2023-12-29T09:56:07","date_gmt":"2023-12-29T09:56:07","guid":{"rendered":"https:\/\/www.riwal.com\/fr\/?page_id=6042"},"modified":"2024-07-18T13:52:41","modified_gmt":"2024-07-18T11:52:41","slug":"la-location-une-option-durable","status":"publish","type":"page","link":"https:\/\/www.riwal.com\/fr\/expertise\/developpement-durable\/la-location-une-option-durable\/","title":{"rendered":"La location, une option durable"},"content":{"rendered":"<div class=\"container\">\n<h1 class=\"wp-block-heading\" id=\"h-la-location-une-option-durable\">La location, une option durable<\/h1>\n<\/div>\n\n<div class=\"wp-block-rental-theme-featured rental-theme-block-default-padding\">\n\t<div class=\"container\">\n\t\t<div class=\"wp-block-rental-theme-featured-container\">\n\t\t\t<div class=\"wp-block-rental-theme-featured__image\">\n\t\t\t\t<div class=\"wp-block-rental-theme-featured-image-container\">\n\t\t\t\t\t\t\t\t\t\t\t<div class=\"main-image\">\n\t\t\t\t\t\t\t<img loading=\"lazy\" decoding=\"async\" width=\"620\" height=\"419\" src=\"https:\/\/eqsk4m2dkju.exactdn.com\/app\/uploads\/sites\/15\/2023\/09\/Track-Unit_digital.png?strip=all&amp;quality=92&amp;webp=92&amp;avif=80&amp;sharp=1&amp;fit=620%2C419\" class=\"attachment-featured_block_image size-featured_block_image\" alt=\"\" srcset=\"https:\/\/eqsk4m2dkju.exactdn.com\/app\/uploads\/sites\/15\/2023\/09\/Track-Unit_digital.png?strip=all&amp;quality=92&amp;webp=92&amp;avif=80&amp;sharp=1 800w, https:\/\/eqsk4m2dkju.exactdn.com\/app\/uploads\/sites\/15\/2023\/09\/Track-Unit_digital-300x203.png?strip=all&amp;quality=92&amp;webp=92&amp;avif=80&amp;sharp=1 300w, https:\/\/eqsk4m2dkju.exactdn.com\/app\/uploads\/sites\/15\/2023\/09\/Track-Unit_digital-768x518.png?strip=all&amp;quality=92&amp;webp=92&amp;avif=80&amp;sharp=1 768w, https:\/\/eqsk4m2dkju.exactdn.com\/app\/uploads\/sites\/15\/2023\/09\/Track-Unit_digital-178x120.png?strip=all&amp;quality=92&amp;webp=92&amp;avif=80&amp;sharp=1 178w, https:\/\/eqsk4m2dkju.exactdn.com\/app\/uploads\/sites\/15\/2023\/09\/Track-Unit_digital-390x263.png?strip=all&amp;quality=92&amp;webp=92&amp;avif=80&amp;sharp=1 390w, https:\/\/eqsk4m2dkju.exactdn.com\/app\/uploads\/sites\/15\/2023\/09\/Track-Unit_digital-250x169.png?strip=all&amp;quality=92&amp;webp=92&amp;avif=80&amp;sharp=1 250w, https:\/\/eqsk4m2dkju.exactdn.com\/app\/uploads\/sites\/15\/2023\/09\/Track-Unit_digital.png?strip=all&amp;quality=92&amp;webp=92&amp;avif=80&amp;sharp=1&amp;w=480 480w, https:\/\/eqsk4m2dkju.exactdn.com\/app\/uploads\/sites\/15\/2023\/09\/Track-Unit_digital.png?strip=all&amp;quality=92&amp;webp=92&amp;avif=80&amp;sharp=1&amp;w=640 640w\" sizes=\"auto, (max-width: 620px) 100vw, 620px\" \/>\t\t\t\t\t\t<\/div>\n\t\t\t\t\t\t\t\t\t\t<div class=\"wp-block-rental-theme-featured-image-container__subtext\">\n\t\t\t\t\t\t\t\t\t\t\t<\/div>\n\t\t\t\t<\/div>\n\t\t\t<\/div>\n\t\t\t<div class=\"wp-block-rental-theme-featured-content\">\n\t\t\t\t<div>\n\t\t\t\t\t<h2 class=\"wp-block-rental-theme-featured-title\">La location, un r\u00e9flexe \u00e9co-responsable<\/h2>\n\t\t\t\t\t<div class=\"wp-block-rental-theme-featured-text\">\n\n<p>En France, plus de 50% des mat\u00e9riels de chantier sont lou\u00e9s. Lorsqu&rsquo;on parle de location de mat\u00e9riels pour le BTP, tels que les chariots t\u00e9lescopiques ou les nacelles \u00e9l\u00e9vatrices, on pense tout d&rsquo;abord aux avantages \u00e9conomiques. En effet, dans notre dossier <a href=\"https:\/\/www.riwal.com\/fr\/expertise\/developpement-durable\/pourquoi-louer\/\">\u00ab\u00a0pourquoi louer ?\u00a0\u00bb<\/a> vous d\u00e9couvrez les avantages de la location par rapport \u00e0 la possession des machines de chantier. S&rsquo;ils sont \u00e9videmment importants, ces avantages financiers ne sont pourtant pas les seuls. La location est avant tout une activit\u00e9 de d\u00e9veloppement durable participent \u00e0 l&rsquo;\u00e9conomie circulaire. D\u00e9couvrez nos explications ci-dessous. <\/p>\n\n<\/div>\n\t\t\t\t<\/div>\n\t\t\t<\/div>\n\t\t<\/div>\n\t<\/div>\n<\/div>\n\n\n<div class=\"container\">\n<h2 class=\"wp-block-heading\" id=\"h-machines-mutualisees-duree-de-vie-allongee\">MACHINES MUTUALIS\u00c9ES, DUR\u00c9E DE VIE ALLONG\u00c9E<\/h2>\n<\/div>\n\n<div class=\"container\">\n<p>Fondamentalement durable, la location maximise l&rsquo;utilisation du mat\u00e9riel. En effet le taux de rotation des machines mutualis\u00e9es est de 60 \u00e0 70%, contre seulement 20% de rotation pour un mat\u00e9riel achet\u00e9. La location, c&rsquo;est un \u00e9conomie du partage. La mutualisation des mat\u00e9riels et notamment des nacelles \u00e9l\u00e9vatrices et chariots t\u00e9lescopiques permet \u00e0 ces machines d&rsquo;\u00eatre utilis\u00e9es par le plus grand nombre, ce qui \u00e9vite les longues p\u00e9riodes de non-utilisation durant lesquelles les machines et notamment leurs batteries peuvent se d\u00e9t\u00e9riorer. L&rsquo;avantage de la location est la ma\u00eetrise de la cha\u00eene d&rsquo;entretien par les loueurs professionnels. En effet, de nombreuses normes et r\u00e9glementations doivent \u00eatre respect\u00e9es afin de garantir aux clients une utilisation des mat\u00e9riels en toute s\u00e9r\u00e9nit\u00e9. Des v\u00e9rifications techniques p\u00e9riodiques et des contr\u00f4les s\u00e9curit\u00e9 rigoureux sont ainsi r\u00e9alis\u00e9s r\u00e9guli\u00e8rement, ce qui permet aux machines de durer le plus longtemps possible et de rester conformes aux exigences r\u00e9glementaires. <\/p>\n<\/div>\n\n<div class=\"container\">\n<p>La location assure donc une garantie s\u00e9curit\u00e9 sup\u00e9rieure pour l&rsquo;utilisateur. N&rsquo;h\u00e9sitez plus. <\/p>\n<\/div>\n\n<div class=\"container\">\n<p><a href=\"https:\/\/www.riwal.com\/fr\/besoin-daide\/\">Jouez la s\u00e9curit\u00e9, louez.<\/a> <\/p>\n<\/div>\n\n<div class=\"container\">\n<h2 class=\"wp-block-heading\" id=\"h-louer-c-est-reduire-son-empreinte-carbone\">LOUER, C&rsquo;EST R\u00c9DUIRE SON EMPREINTE CARBONE<\/h2>\n<\/div>\n\n<div class=\"container\">\n<p>Soumise \u00e0 des r\u00e9glementations strictes, la location impose des normes \u00e9lev\u00e9es de maintenance et d&rsquo;entretien aux loueurs professionnels. Notamment lorsque ceux-ci souhaitent s&rsquo;inscrire dans les normes internationales relatives au syst\u00e8mes de gestion de l&rsquo;environnement ISO 14001, et de s\u00e9curit\u00e9 et sant\u00e9 sur le lieu de travail OHSAS 18001 ou ISO 45001.<\/p>\n<\/div>\n\n<div class=\"container\">\n<p>Ainsi, louer une nacelle \u00e9l\u00e9vatrice garantit l&rsquo;utilisation d&rsquo;une machine entretenue, homologu\u00e9e, propre et petit bonus, avec le plein de carburant ou la charge batterie. Les moteurs des mod\u00e8les fonctionnant \u00e0 l&rsquo;\u00e9nergie thermique, mieux entretenus, polluent moins qu&rsquo;une machine dont l&rsquo;entretien n&rsquo;est fait qu&rsquo;occasionnellement. En effet, des normes \u00e9lev\u00e9es de maintenance et d&rsquo;entretien signifient que les moteurs ds machines propos\u00e9es \u00e0 la location fonctionnent avec un impact moins important sur l&rsquo;environnement que celles de parcs plus anciens. Chez Riwal, nos techniciens suivent r\u00e9guli\u00e8rement des formations Constructeur sur les nouveaux produits et nouvelles technologies. Cela vous garantit une expertise actualis\u00e9e constamment. Historiquement, Riwal a d&rsquo;ailleurs une relation privil\u00e9gi\u00e9e avec JLG. Un partenariat exclusif existe m\u00eame dans certains pays du Goupe Riwal. <\/p>\n<\/div>\n\n<div class=\"container\">\n<p>Un mat\u00e9riel de chantier lou\u00e9, c&rsquo;est une r\u00e9duction de 50% de son empreinte carbone, par rapport \u00e0 un mat\u00e9riel achet\u00e9. <\/p>\n<\/div>\n\n<div class=\"container\">\n<p class=\"has-orange-color has-text-color has-link-color\">Faites un geste durable et citoyen, louez. <\/p>\n<\/div>\n\n<div class=\"container\">\n<h2 class=\"wp-block-heading\" id=\"h-la-location-un-gage-de-flexibilite-et-de-productivite\">LA LOCATION, UN GAGE DE FLEXIBILIT\u00c9 ET DE PRODUCTIVIT\u00c9<\/h2>\n<\/div>\n\n<div class=\"container\">\n<p>En  choisissant de louer une nacelle \u00e9l\u00e9vatrice plut\u00f4t que de l&rsquo;acheter, vous vous \u00e9pargner l&rsquo;investissement initial et tous les co\u00fbts fixes qui en d\u00e9coulent. La location vous permet aussi d&rsquo;effectuer des pr\u00e9visions budg\u00e9taires d\u00e8s le d\u00e9but du projet. Vous faites \u00e9galement le choix de la flexibilit\u00e9. En effet, vous ne louer que le mat\u00e9riel dont vous avez besoin, quand vous en avez besoin, pour la dur\u00e9e pour laquelle vous en avez besoin (courte, moyenne, longue), o\u00f9 vous le souhaitez. <\/p>\n<\/div>\n\n<div class=\"container\">\n<p>Tous les chantiers, qu&rsquo;ils soient dans la construction, l&rsquo;industrie, l&rsquo;\u00e9v\u00e9nementiel ou la logistique et le stockage n\u00e9cessitent de la flexibilit\u00e9. Il se peut que le projet soit modifi\u00e9 en cours de chantier et de mani\u00e8re inattendue. Vous pouvez avoir besoin de mat\u00e9riels diff\u00e9rents du besoin initial. Dans ce cas, la location offre une flexibilit\u00e9 non n\u00e9gligeable, que vous en pourriez avoir avec la propri\u00e9t\u00e9. De plus, louer \u00e0 partir d&rsquo;un d\u00e9p\u00f4t local \u00e9vite les co\u00fbts et les soucis li\u00e9s au transport d&rsquo;une machine \u00e0 l&rsquo;autre bout du pays. <\/p>\n<\/div>\n\n<div class=\"container\">\n<p>Lorsque vous optez pour la location  de nacelles \u00e9l\u00e9vatrices et de chariots t\u00e9lescopiques, vous b\u00e9n\u00e9ficiez de conseils personnalis\u00e9s de la part de nos experts Riwal. Vous obtenez ainsi la machine la plus adapt\u00e9e \u00e0 la t\u00e2che que vous devez r\u00e9aliser. Cela vous permet des gains de productivit\u00e9 non n\u00e9gligeables, car nous sommes pr\u00e9sents \u00e0 vos c\u00f4t\u00e9s pour r\u00e9pondre \u00e0 vos questions et intervenir le plus rapidement possible si besoin. <\/p>\n<\/div>\n\n<div class=\"container\">\n<p>L&rsquo;objectif de Riwal est ainsi de promouvoir et favoriser l&rsquo;\u00e9conomie de l&rsquo;usage par rapport \u00e0 l&rsquo;\u00e9conomie de la propri\u00e9t\u00e9. En effet, la location pr\u00e9sente des b\u00e9n\u00e9fices \u00e9conomiques, car un mat\u00e9riel lou\u00e9 co\u00fbte moins cher sur la dur\u00e9e qu&rsquo;un mat\u00e9riel poss\u00e9d\u00e9, mais aussi \u00e9cologiques du fait de l&rsquo;entretien r\u00e9gulier permettant une dur\u00e9e de vie allong\u00e9e des machines. <\/p>\n<\/div>\n\n<div class=\"container\">\n<p class=\"has-orange-color has-text-color has-link-color\"><a href=\"https:\/\/erarental.org\/\">Source ERA<\/a> (European Rental Association \/ Association Europ\u00e9enne de location)<\/p>\n<\/div>","protected":false},"excerpt":{"rendered":"<p>La location, une option durable MACHINES MUTUALIS\u00c9ES, DUR\u00c9E DE VIE ALLONG\u00c9E Fondamentalement durable, la location maximise l&rsquo;utilisation du mat\u00e9riel. En effet le taux de rotation des machines mutualis\u00e9es est de 60 \u00e0 70%, contre seulement 20% de rotation pour un mat\u00e9riel achet\u00e9. La location, c&rsquo;est un \u00e9conomie du partage. La mutualisation des mat\u00e9riels et notamment &hellip; <a href=\"https:\/\/www.riwal.com\/fr\/expertise\/developpement-durable\/la-location-une-option-durable\/\">Voir plus<\/a><\/p>\n","protected":false},"author":51,"featured_media":0,"parent":3235,"menu_order":2,"comment_status":"closed","ping_status":"closed","template":"","meta":{"_acf_changed":false,"footnotes":""},"class_list":["post-6042","page","type-page","status-publish","hentry"],"acf":[],"yoast_head":"<!-- This site is optimized with the Yoast SEO Premium plugin v27.1 (Yoast SEO v27.1.1) - https:\/\/yoast.com\/product\/yoast-seo-premium-wordpress\/ -->\n<title>La location, une option durable | Riwal France<\/title>\n<meta name=\"description\" content=\"Riwal vous propose la location de chariot t\u00e9lescopique et nacelle \u00e9l\u00e9vatrice partout en France; Contactez-nous pour en savoir plus !\" \/>\n<meta name=\"robots\" content=\"index, follow, max-snippet:-1, max-image-preview:large, max-video-preview:-1\" \/>\n<link rel=\"canonical\" href=\"https:\/\/www.riwal.com\/fr\/expertise\/developpement-durable\/la-location-une-option-durable\/\" \/>\n<meta property=\"og:locale\" content=\"fr_FR\" \/>\n<meta property=\"og:type\" content=\"article\" \/>\n<meta property=\"og:title\" content=\"La location, une option durable\" \/>\n<meta property=\"og:description\" content=\"Riwal vous propose la location de chariot t\u00e9lescopique et nacelle \u00e9l\u00e9vatrice partout en France; Contactez-nous pour en savoir plus !\" \/>\n<meta property=\"og:url\" content=\"https:\/\/www.riwal.com\/fr\/expertise\/developpement-durable\/la-location-une-option-durable\/\" \/>\n<meta property=\"og:site_name\" content=\"Riwal - France\" \/>\n<meta property=\"article:modified_time\" content=\"2024-07-18T11:52:41+00:00\" \/>\n<meta name=\"twitter:card\" content=\"summary_large_image\" \/>\n<meta name=\"twitter:label1\" content=\"Est. reading time\" \/>\n\t<meta name=\"twitter:data1\" content=\"4 minutes\" \/>\n<script type=\"application\/ld+json\" class=\"yoast-schema-graph\">{\"@context\":\"https:\/\/schema.org\",\"@graph\":[{\"@type\":\"WebPage\",\"@id\":\"https:\/\/www.riwal.com\/fr\/expertise\/developpement-durable\/la-location-une-option-durable\/\",\"url\":\"https:\/\/www.riwal.com\/fr\/expertise\/developpement-durable\/la-location-une-option-durable\/\",\"name\":\"La location, une option durable | Riwal France\",\"isPartOf\":{\"@id\":\"https:\/\/www.riwal.com\/fr\/#website\"},\"datePublished\":\"2023-12-29T09:56:07+00:00\",\"dateModified\":\"2024-07-18T11:52:41+00:00\",\"description\":\"Riwal vous propose la location de chariot t\u00e9lescopique et nacelle \u00e9l\u00e9vatrice partout en France; Contactez-nous pour en savoir plus !\",\"breadcrumb\":{\"@id\":\"https:\/\/www.riwal.com\/fr\/expertise\/developpement-durable\/la-location-une-option-durable\/#breadcrumb\"},\"inLanguage\":\"fr-FR\",\"potentialAction\":[{\"@type\":\"ReadAction\",\"target\":[\"https:\/\/www.riwal.com\/fr\/expertise\/developpement-durable\/la-location-une-option-durable\/\"]}]},{\"@type\":\"BreadcrumbList\",\"@id\":\"https:\/\/www.riwal.com\/fr\/expertise\/developpement-durable\/la-location-une-option-durable\/#breadcrumb\",\"itemListElement\":[{\"@type\":\"ListItem\",\"position\":1,\"name\":\"Accueil\",\"item\":\"https:\/\/www.riwal.com\/fr\/\"},{\"@type\":\"ListItem\",\"position\":2,\"name\":\"Expertise\",\"item\":\"https:\/\/www.riwal.com\/fr\/expertise\/\"},{\"@type\":\"ListItem\",\"position\":3,\"name\":\"D\u00e9veloppement durable\",\"item\":\"https:\/\/www.riwal.com\/fr\/expertise\/developpement-durable\/\"},{\"@type\":\"ListItem\",\"position\":4,\"name\":\"La location, une option durable\"}]},{\"@type\":\"WebSite\",\"@id\":\"https:\/\/www.riwal.com\/fr\/#website\",\"url\":\"https:\/\/www.riwal.com\/fr\/\",\"name\":\"Riwal\",\"description\":\"Location nacelle \u00e9l\u00e9vatrice, formation CACES, vente nacelles - Riwal France\",\"publisher\":{\"@id\":\"https:\/\/www.riwal.com\/fr\/#organization\"},\"potentialAction\":[{\"@type\":\"SearchAction\",\"target\":{\"@type\":\"EntryPoint\",\"urlTemplate\":\"https:\/\/www.riwal.com\/fr\/?s={search_term_string}\"},\"query-input\":{\"@type\":\"PropertyValueSpecification\",\"valueRequired\":true,\"valueName\":\"search_term_string\"}}],\"inLanguage\":\"fr-FR\"},{\"@type\":\"Organization\",\"@id\":\"https:\/\/www.riwal.com\/fr\/#organization\",\"name\":\"Riwal\",\"url\":\"https:\/\/www.riwal.com\/fr\/\",\"logo\":{\"@type\":\"ImageObject\",\"inLanguage\":\"fr-FR\",\"@id\":\"https:\/\/www.riwal.com\/fr\/#\/schema\/logo\/image\/\",\"url\":\"\",\"contentUrl\":\"\",\"caption\":\"Riwal\"},\"image\":{\"@id\":\"https:\/\/www.riwal.com\/fr\/#\/schema\/logo\/image\/\"}}]}<\/script>\n<!-- \/ Yoast SEO Premium plugin. -->","yoast_head_json":{"title":"La location, une option durable | Riwal France","description":"Riwal vous propose la location de chariot t\u00e9lescopique et nacelle \u00e9l\u00e9vatrice partout en France; Contactez-nous pour en savoir plus !","robots":{"index":"index","follow":"follow","max-snippet":"max-snippet:-1","max-image-preview":"max-image-preview:large","max-video-preview":"max-video-preview:-1"},"canonical":"https:\/\/www.riwal.com\/fr\/expertise\/developpement-durable\/la-location-une-option-durable\/","og_locale":"fr_FR","og_type":"article","og_title":"La location, une option durable","og_description":"Riwal vous propose la location de chariot t\u00e9lescopique et nacelle \u00e9l\u00e9vatrice partout en France; Contactez-nous pour en savoir plus !","og_url":"https:\/\/www.riwal.com\/fr\/expertise\/developpement-durable\/la-location-une-option-durable\/","og_site_name":"Riwal - France","article_modified_time":"2024-07-18T11:52:41+00:00","twitter_card":"summary_large_image","twitter_misc":{"Est. reading time":"4 minutes"},"schema":{"@context":"https:\/\/schema.org","@graph":[{"@type":"WebPage","@id":"https:\/\/www.riwal.com\/fr\/expertise\/developpement-durable\/la-location-une-option-durable\/","url":"https:\/\/www.riwal.com\/fr\/expertise\/developpement-durable\/la-location-une-option-durable\/","name":"La location, une option durable | Riwal France","isPartOf":{"@id":"https:\/\/www.riwal.com\/fr\/#website"},"datePublished":"2023-12-29T09:56:07+00:00","dateModified":"2024-07-18T11:52:41+00:00","description":"Riwal vous propose la location de chariot t\u00e9lescopique et nacelle \u00e9l\u00e9vatrice partout en France; Contactez-nous pour en savoir plus !","breadcrumb":{"@id":"https:\/\/www.riwal.com\/fr\/expertise\/developpement-durable\/la-location-une-option-durable\/#breadcrumb"},"inLanguage":"fr-FR","potentialAction":[{"@type":"ReadAction","target":["https:\/\/www.riwal.com\/fr\/expertise\/developpement-durable\/la-location-une-option-durable\/"]}]},{"@type":"BreadcrumbList","@id":"https:\/\/www.riwal.com\/fr\/expertise\/developpement-durable\/la-location-une-option-durable\/#breadcrumb","itemListElement":[{"@type":"ListItem","position":1,"name":"Accueil","item":"https:\/\/www.riwal.com\/fr\/"},{"@type":"ListItem","position":2,"name":"Expertise","item":"https:\/\/www.riwal.com\/fr\/expertise\/"},{"@type":"ListItem","position":3,"name":"D\u00e9veloppement durable","item":"https:\/\/www.riwal.com\/fr\/expertise\/developpement-durable\/"},{"@type":"ListItem","position":4,"name":"La location, une option durable"}]},{"@type":"WebSite","@id":"https:\/\/www.riwal.com\/fr\/#website","url":"https:\/\/www.riwal.com\/fr\/","name":"Riwal","description":"Location nacelle \u00e9l\u00e9vatrice, formation CACES, vente nacelles - Riwal France","publisher":{"@id":"https:\/\/www.riwal.com\/fr\/#organization"},"potentialAction":[{"@type":"SearchAction","target":{"@type":"EntryPoint","urlTemplate":"https:\/\/www.riwal.com\/fr\/?s={search_term_string}"},"query-input":{"@type":"PropertyValueSpecification","valueRequired":true,"valueName":"search_term_string"}}],"inLanguage":"fr-FR"},{"@type":"Organization","@id":"https:\/\/www.riwal.com\/fr\/#organization","name":"Riwal","url":"https:\/\/www.riwal.com\/fr\/","logo":{"@type":"ImageObject","inLanguage":"fr-FR","@id":"https:\/\/www.riwal.com\/fr\/#\/schema\/logo\/image\/","url":"","contentUrl":"","caption":"Riwal"},"image":{"@id":"https:\/\/www.riwal.com\/fr\/#\/schema\/logo\/image\/"}}]}},"_links":{"self":[{"href":"https:\/\/www.riwal.com\/fr\/wp-json\/wp\/v2\/pages\/6042","targetHints":{"allow":["GET"]}}],"collection":[{"href":"https:\/\/www.riwal.com\/fr\/wp-json\/wp\/v2\/pages"}],"about":[{"href":"https:\/\/www.riwal.com\/fr\/wp-json\/wp\/v2\/types\/page"}],"author":[{"embeddable":true,"href":"https:\/\/www.riwal.com\/fr\/wp-json\/wp\/v2\/users\/51"}],"replies":[{"embeddable":true,"href":"https:\/\/www.riwal.com\/fr\/wp-json\/wp\/v2\/comments?post=6042"}],"version-history":[{"count":5,"href":"https:\/\/www.riwal.com\/fr\/wp-json\/wp\/v2\/pages\/6042\/revisions"}],"predecessor-version":[{"id":13905,"href":"https:\/\/www.riwal.com\/fr\/wp-json\/wp\/v2\/pages\/6042\/revisions\/13905"}],"up":[{"embeddable":true,"href":"https:\/\/www.riwal.com\/fr\/wp-json\/wp\/v2\/pages\/3235"}],"wp:attachment":[{"href":"https:\/\/www.riwal.com\/fr\/wp-json\/wp\/v2\/media?parent=6042"}],"curies":[{"name":"wp","href":"https:\/\/api.w.org\/{rel}","templated":true}]}}