{"id":5619,"date":"2023-11-07T22:37:27","date_gmt":"2023-11-07T22:37:27","guid":{"rendered":"https:\/\/www.riwal.com\/fr\/?page_id=5619"},"modified":"2024-06-27T14:21:09","modified_gmt":"2024-06-27T12:21:09","slug":"nos-engagements","status":"publish","type":"page","link":"https:\/\/www.riwal.com\/fr\/nos-engagements\/","title":{"rendered":"Nos engagements"},"content":{"rendered":"<div class=\"rental-wp-default-block rental-theme-block-default-margin\">\n\t\t\t\t\t\t\t\t<div class=\"container\">\n<div class=\"wp-block-rental-theme-title-text rental-theme-block-default-margin\">\n\t<div class=\"wp-block-rental-theme-title-text__container\">\n\t\t<div class=\"wp-block-rental-theme-title-text__wrapper\">\n\t\t\t<h1 class='wp-block-rental-theme-title-text__title'>Nos engagements<\/h1>\t\t<\/div>\n\t\t<div class='wp-block-rental-theme-title-text__text'>\n\n<p>Lorsque la hauteur devient un d\u00e9fi, Riwal est la solution !<\/p>\n\n\n\n<p>Dans un monde o\u00f9 les d\u00e9fis li\u00e9s \u00e0 la hauteur sont omnipr\u00e9sents, <strong>nous voyons au-del\u00e0 des simples machines<\/strong> : nous voyons les personnes qui les utilisent, les projets qu&rsquo;elles portent et les d\u00e9fis qu&rsquo;elles souhaitent surmonter.<\/p>\n\n\n\n<p><br>C\u2019est pour cela que depuis plus d&rsquo;un demi-si\u00e8cle, <strong>Riwal s\u2019efforce d\u2019\u00eatre bien plus qu&rsquo;un fournisseur de mat\u00e9riels d\u2019\u00e9l\u00e9vation<\/strong>. Nous sommes anim\u00e9s par une mission : nous assurer que chaque op\u00e9ration, grande ou petite, soit men\u00e9e avec le plus haut niveau de s\u00e9curit\u00e9, d&rsquo;efficacit\u00e9 et de respect pour nos partenaires et clients.<\/p>\n\n<\/div>\n\t<\/div>\n<\/div><\/div>\n\t\t\t\t\t\t\t<\/div> \n\n<div class=\"rental-wp-default-block rental-theme-block-default-margin\">\n\t\t\t\t\t\t\t\t<div class=\"container\">\n<div class=\"wp-block-columns is-layout-flex wp-container-core-columns-is-layout-28f84493 wp-block-columns-is-layout-flex\">\n<div class=\"wp-block-column is-layout-flow wp-block-column-is-layout-flow\">\n<h2 class=\"wp-block-heading\" id=\"h-plus-qu-une-entreprise-une-mission-guidee-par-des-valeurs-essentielles\" style=\"font-size:25px\"><strong>Plus qu&rsquo;une entreprise : une mission guid\u00e9e par des valeurs essentielles.<\/strong><\/h2>\n\n\n\n<p>Notre objectif est d&rsquo;<strong>atteindre des sommets en mati\u00e8re de s\u00e9curit\u00e9, de performance et de service<\/strong>.<\/p>\n\n\n\n<p>Pour cela, nous ne nous contentons pas de fournir des \u00e9quipements. Nous construisons des partenariats bas\u00e9s sur la confiance, le respect mutuel et la recherche constante d&rsquo;excellence.<\/p>\n\n\n\n<p>Chaque interaction, chaque projet, refl\u00e8te notre d\u00e9sir d&rsquo;exceller, non seulement dans ce que nous faisons, mais aussi dans la mani\u00e8re dont nous le faisons.<\/p>\n<\/div>\n\n\n\n<div class=\"wp-block-column is-layout-flow wp-block-column-is-layout-flow\">\n<figure class=\"wp-block-image size-large\"><img loading=\"lazy\" decoding=\"async\" width=\"1024\" height=\"683\" src=\"https:\/\/eqsk4m2dkju.exactdn.com\/app\/uploads\/sites\/15\/2023\/11\/Natural-History-Museum-Copenhagen_24-1024x683.jpg?strip=all&quality=92&webp=92&avif=80&sharp=1\" alt=\"Riwal location nacelle \u00e9l\u00e9vatrices et chariots t\u00e9l\u00e9scopiques partout en France\" class=\"wp-image-5480\" srcset=\"https:\/\/eqsk4m2dkju.exactdn.com\/app\/uploads\/sites\/15\/2023\/11\/Natural-History-Museum-Copenhagen_24-1024x683.jpg?strip=all&amp;quality=92&amp;webp=92&amp;avif=80&amp;sharp=1 1024w, https:\/\/eqsk4m2dkju.exactdn.com\/app\/uploads\/sites\/15\/2023\/11\/Natural-History-Museum-Copenhagen_24-300x200.jpg?strip=all&amp;quality=92&amp;webp=92&amp;avif=80&amp;sharp=1 300w, https:\/\/eqsk4m2dkju.exactdn.com\/app\/uploads\/sites\/15\/2023\/11\/Natural-History-Museum-Copenhagen_24-768x512.jpg?strip=all&amp;quality=92&amp;webp=92&amp;avif=80&amp;sharp=1 768w, https:\/\/eqsk4m2dkju.exactdn.com\/app\/uploads\/sites\/15\/2023\/11\/Natural-History-Museum-Copenhagen_24-1536x1024.jpg?strip=all&amp;quality=92&amp;webp=92&amp;avif=80&amp;sharp=1 1536w, https:\/\/eqsk4m2dkju.exactdn.com\/app\/uploads\/sites\/15\/2023\/11\/Natural-History-Museum-Copenhagen_24-2048x1365.jpg?strip=all&amp;quality=92&amp;webp=92&amp;avif=80&amp;sharp=1 2048w, https:\/\/eqsk4m2dkju.exactdn.com\/app\/uploads\/sites\/15\/2023\/11\/Natural-History-Museum-Copenhagen_24-178x119.jpg?strip=all&amp;quality=92&amp;webp=92&amp;avif=80&amp;sharp=1 178w, https:\/\/eqsk4m2dkju.exactdn.com\/app\/uploads\/sites\/15\/2023\/11\/Natural-History-Museum-Copenhagen_24-1388x925.jpg?strip=all&amp;quality=92&amp;webp=92&amp;avif=80&amp;sharp=1 1388w, https:\/\/eqsk4m2dkju.exactdn.com\/app\/uploads\/sites\/15\/2023\/11\/Natural-History-Museum-Copenhagen_24-390x260.jpg?strip=all&amp;quality=92&amp;webp=92&amp;avif=80&amp;sharp=1 390w, https:\/\/eqsk4m2dkju.exactdn.com\/app\/uploads\/sites\/15\/2023\/11\/Natural-History-Museum-Copenhagen_24-830x553.jpg?strip=all&amp;quality=92&amp;webp=92&amp;avif=80&amp;sharp=1 830w, https:\/\/eqsk4m2dkju.exactdn.com\/app\/uploads\/sites\/15\/2023\/11\/Natural-History-Museum-Copenhagen_24-250x167.jpg?strip=all&amp;quality=92&amp;webp=92&amp;avif=80&amp;sharp=1 250w, https:\/\/eqsk4m2dkju.exactdn.com\/app\/uploads\/sites\/15\/2023\/11\/Natural-History-Museum-Copenhagen_24-620x413.jpg?strip=all&amp;quality=92&amp;webp=92&amp;avif=80&amp;sharp=1 620w, https:\/\/eqsk4m2dkju.exactdn.com\/app\/uploads\/sites\/15\/2023\/11\/Natural-History-Museum-Copenhagen_24-237x158.jpg?strip=all&amp;quality=92&amp;webp=92&amp;avif=80&amp;sharp=1 237w, https:\/\/eqsk4m2dkju.exactdn.com\/app\/uploads\/sites\/15\/2023\/11\/Natural-History-Museum-Copenhagen_24-474x316.jpg?strip=all&amp;quality=92&amp;webp=92&amp;avif=80&amp;sharp=1 474w, https:\/\/eqsk4m2dkju.exactdn.com\/app\/uploads\/sites\/15\/2023\/11\/Natural-History-Museum-Copenhagen_24-scaled.jpg?strip=all&amp;quality=92&amp;webp=92&amp;avif=80&amp;sharp=1 2560w\" sizes=\"auto, (max-width: 1024px) 100vw, 1024px\" \/><\/figure>\n<\/div>\n<\/div>\n<\/div>\n\t\t\t\t\t\t\t<\/div> \n\n\n<div class=\"wp-block-rental-theme-industries rental-theme-block-default-padding\">\n\t<div class=\"container\">\n\t\t<div class=\"wp-block-rental-theme-industries-header\">\n\t\t\t<div class=\"wp-block-rental-theme-industries-arrow-lines-left\">\n\t\t\t\t<svg width=\"469\" height=\"145\" viewBox=\"0 0 372 145\" fill=\"none\" xmlns=\"http:\/\/www.w3.org\/2000\/svg\"><path d=\"m-47.506 88.086 68.592-68.592h37.281v37.281l-68.592 68.593h-37.281V88.086Zm294.138-31.311 68.593 68.593h37.281V88.087l-68.592-68.593h-37.282v37.281Z\" stroke=\"#5B728B\"\/><mask id=\"path-3-inside-1_1619_471\" fill=\"#fff\"><path fill-rule=\"evenodd\" clip-rule=\"evenodd\" d=\"M169.967 18.994h-37.988L63.094 87.88v37.989h37.988l49.891-49.891 49.891 49.891h37.988v-37.99l-68.885-68.885Z\"\/><\/mask><path d=\"M131.979 18.994v-1h-.414l-.293.293.707.707Zm37.988 0 .707-.707-.293-.293h-.414v1ZM63.094 87.88l-.707-.707-.293.293v.414h1Zm0 37.989h-1v1h1v-1Zm37.988 0v1h.414l.293-.293-.707-.707Zm49.891-49.891.707-.707-.707-.707-.707.707.707.707Zm49.891 49.891-.707.707.293.293h.414v-1Zm37.988 0v1h1v-1h-1Zm0-37.989h1v-.414l-.292-.293-.708.707ZM131.979 19.994h37.988v-2h-37.988v2ZM63.801 88.587 132.686 19.7l-1.414-1.414-68.885 68.885 1.414 1.415Zm.293 37.281V87.879h-2v37.989h2Zm36.988-1H63.094v2h37.988v-2Zm49.184-49.598-49.891 49.891 1.414 1.414 49.891-49.891-1.414-1.414Zm0 1.414 49.891 49.891 1.414-1.414L151.68 75.27l-1.414 1.414Zm50.598 50.184h37.988v-2h-37.988v2Zm38.988-1V87.879h-2v37.989h2Zm-.292-38.696-68.886-68.885-1.414 1.414 68.885 68.886 1.415-1.415Z\" fill=\"#5B728B\" mask=\"url(#path-3-inside-1_1619_471)\"\/><\/svg>\t\t\t<\/div>\n\t\t\t<div class=\"wp-block-rental-theme-industries-title\">\n\t\t\t\t<h2 class='h2 wp-block-rental-theme-industries-title-field'>Nos 5 valeurs fondamentales<\/h2>\t\t\t<\/div>\n\t\t<\/div>\n\t\t<div class=\"wp-block-rental-theme-industries__items\">\n\t\t\t\t\t\t\t<div class=\"wp-block-rental-theme-industries__item-content\">\n\t\t\t\t\t\t\t\t\t\t<div class=\"wp-block-rental-theme-industries__item-content__text\">\n\t\t\t\t\t\t<div class=\"wp-block-rental-theme-industries__item-content__text-title\">\n\t\t\t\t\t\t\tLa s\u00e9curit\u00e9\t\t\t\t\t\t<\/div>\n\t\t\t\t\t\t<div class=\"wp-block-rental-theme-industries__item-content__text-content\">\n\t\t\t\t\t\t\t<p>Notre ligne directrice, notre promesse. Nous ne faisons aucun compromis lorsqu&rsquo;il s&rsquo;agit de garantir la s\u00e9curit\u00e9 de notre mat\u00e9riel et celle de nos clients. Chaque machine que nous proposons est le reflet de cet engagement.<\/p>\t\t\t\t\t\t<\/div>\n\t\t\t\t\t<\/div>\n\t\t\t\t<\/div>\n\t\t\t\t\t\t\t<div class=\"wp-block-rental-theme-industries__item-content\">\n\t\t\t\t\t\t\t\t\t\t<div class=\"wp-block-rental-theme-industries__item-content__text\">\n\t\t\t\t\t\t<div class=\"wp-block-rental-theme-industries__item-content__text-title\">\n\t\t\t\t\t\t\tLa diversit\u00e9\t\t\t\t\t\t<\/div>\n\t\t\t\t\t\t<div class=\"wp-block-rental-theme-industries__item-content__text-content\">\n\t\t\t\t\t\t\t<p>Chez Riwal, nous embrassons la diversit\u00e9 sous toutes ses formes et faisons de notre mieux pour construire un environnement de travail agr\u00e9able et convivial, dans lequel nos collaborateurs se sentent bien car ils peuvent rester eux-m\u00eames. Nous croyons en la force d&rsquo;une \u00e9quipe multiculturelle et diversifi\u00e9e, capable d&rsquo;apporter des perspectives vari\u00e9es et riches \u00e0 tous nos projets.<\/p>\t\t\t\t\t\t<\/div>\n\t\t\t\t\t<\/div>\n\t\t\t\t<\/div>\n\t\t\t\t\t\t\t<div class=\"wp-block-rental-theme-industries__item-content\">\n\t\t\t\t\t\t\t\t\t\t<div class=\"wp-block-rental-theme-industries__item-content__text\">\n\t\t\t\t\t\t<div class=\"wp-block-rental-theme-industries__item-content__text-title\">\n\t\t\t\t\t\t\tL&rsquo;int\u00e9grit\u00e9\t\t\t\t\t\t<\/div>\n\t\t\t\t\t\t<div class=\"wp-block-rental-theme-industries__item-content__text-content\">\n\t\t\t\t\t\t\t<p>L&rsquo;honn\u00eatet\u00e9, le respect et la transparence guident chacune de nos actions. Nous maintenons des normes \u00e9thiques \u00e9lev\u00e9es, assurant \u00e0 nos \u00e9quipes, nos clients et nos partenaires une relation bas\u00e9e sur la confiance et l\u2019authenticit\u00e9.<\/p>\t\t\t\t\t\t<\/div>\n\t\t\t\t\t<\/div>\n\t\t\t\t<\/div>\n\t\t\t\t\t\t\t<div class=\"wp-block-rental-theme-industries__item-content\">\n\t\t\t\t\t\t\t\t\t\t<div class=\"wp-block-rental-theme-industries__item-content__text\">\n\t\t\t\t\t\t<div class=\"wp-block-rental-theme-industries__item-content__text-title\">\n\t\t\t\t\t\t\t Le travail d&rsquo;\u00e9quipe\t\t\t\t\t\t<\/div>\n\t\t\t\t\t\t<div class=\"wp-block-rental-theme-industries__item-content__text-content\">\n\t\t\t\t\t\t\t<p>Chaque membre de l&rsquo;\u00e9quipe Riwal est un maillon essentiel de notre cha\u00eene. En travaillant ensemble, en partageant nos connaissances et nos comp\u00e9tences, nous sommes plus forts. Notre esprit d&rsquo;\u00e9quipe nous permet d&rsquo;offrir un service optimal et de r\u00e9pondre efficacement aux besoins de nos clients.<\/p>\t\t\t\t\t\t<\/div>\n\t\t\t\t\t<\/div>\n\t\t\t\t<\/div>\n\t\t\t\t\t\t\t<div class=\"wp-block-rental-theme-industries__item-content\">\n\t\t\t\t\t\t\t\t\t\t<div class=\"wp-block-rental-theme-industries__item-content__text\">\n\t\t\t\t\t\t<div class=\"wp-block-rental-theme-industries__item-content__text-title\">\n\t\t\t\t\t\t\tLe d\u00e9veloppement durable\t\t\t\t\t\t<\/div>\n\t\t\t\t\t\t<div class=\"wp-block-rental-theme-industries__item-content__text-content\">\n\t\t\t\t\t\t\t<p>Nous sommes fermement engag\u00e9s en faveur d&rsquo;un avenir plus respectueux de l\u2019environnement. En adoptant des pratiques durables, en investissant dans des technologies \u00e9cologiques et en sensibilisant nos partenaires, nous agissons au quotidien pour am\u00e9liorer notre impact sur la plan\u00e8te et ses habitants.<\/p>\t\t\t\t\t\t<\/div>\n\t\t\t\t\t<\/div>\n\t\t\t\t<\/div>\n\t\t\t\t\t<\/div>\n\t<\/div>\n<\/div>\n\n\n<div class=\"rental-wp-default-block rental-theme-block-default-margin\">\n\t\t\t\t\t\t\t\t<div class=\"container\"><div class=\"wp-block-rental-theme-expertises wp-block-rental-theme-expertises--white rental-theme-block-default-margin\">\n\t\t<div class=\"wp-block-rental-theme-expertises__container\">\n\t\t\t<h2 class='wp-block-rental-theme-expertises__title'>Nos forces vives<\/h2>\t\t\t\n\n<div class=\"wp-block-columns is-layout-flex wp-container-core-columns-is-layout-28f84493 wp-block-columns-is-layout-flex\">\n<div class=\"wp-block-column is-layout-flow wp-block-column-is-layout-flow\"><div class=\"wp-block-rental-theme-expertise-item\">\n\t<div class=\"wp-block-rental-theme-expertise-item__container\">\n\t\t<div class=\"wp-block-rental-theme-expertise-item__content\">\n\t\t\t\t\t\t\t\t\t\t\t\t<div class=\"wp-block-rental-theme-expertise-item--no-link\">\n\t\t\t\t\t\t<h2 class='wp-block-rental-theme-expertise-item__title'><strong>Les \u00c9quipes Riwal<\/strong><\/h2>\t\t\t\t\t<\/div>\n\t\t\t\t\t\t\t\t<div class=\"wp-block-rental-theme-expertise-item__text\">\n\n<p>Plus que les machines que nous mettons \u00e0 votre disposition, <strong>nos \u00e9quipes sont le c\u0153ur battant de Riwal<\/strong>. Elles sont l\u2019incarnation de notre vision et de nos valeurs. C&rsquo;est gr\u00e2ce \u00e0 leur d\u00e9vouement, leur talent et leur ambition que Riwal se distingue en tant qu&rsquo;entreprise pionni\u00e8re et innovante.<\/p>\n\n<\/div>\n\t\t\t\t\t<\/div>\n\t<\/div>\n<\/div>\n<\/div>\n\n\n\n<div class=\"wp-block-column is-layout-flow wp-block-column-is-layout-flow\"><div class=\"wp-block-rental-theme-expertise-item\">\n\t<div class=\"wp-block-rental-theme-expertise-item__container\">\n\t\t<div class=\"wp-block-rental-theme-expertise-item__content\">\n\t\t\t\t\t\t\t\t\t\t\t\t<div class=\"wp-block-rental-theme-expertise-item--no-link\">\n\t\t\t\t\t\t<h2 class='wp-block-rental-theme-expertise-item__title'><strong>Nos Clients<\/strong><\/h2>\t\t\t\t\t<\/div>\n\t\t\t\t\t\t\t\t<div class=\"wp-block-rental-theme-expertise-item__text\">\n\n<p>Votre r\u00e9ussite est la n\u00f4tre. <strong>Vous \u00eates au centre de tout ce que nous entreprenons<\/strong>. Nous nous engageons \u00e0 comprendre et anticiper vos besoins, \u00e0 travailler main dans la main avec vous afin de vous offrir des solutions optimales. Pour Riwal, chaque client est un partenaire, et chaque d\u00e9fi est une opportunit\u00e9 de renforcer cette relation.<br><\/p>\n\n<\/div>\n\t\t\t\t\t<\/div>\n\t<\/div>\n<\/div>\n<\/div>\n<\/div>\n\n\t\t<\/div>\n<\/div>\n\n<\/div>\n\t\t\t\t\t\t\t<\/div> ","protected":false},"excerpt":{"rendered":"<p>Plus qu&rsquo;une entreprise : une mission guid\u00e9e par des valeurs essentielles. Notre objectif est d&rsquo;atteindre des sommets en mati\u00e8re de s\u00e9curit\u00e9, de performance et de service. Pour cela, nous ne nous contentons pas de fournir des \u00e9quipements. Nous construisons des partenariats bas\u00e9s sur la confiance, le respect mutuel et la recherche constante d&rsquo;excellence. Chaque interaction, &hellip; <a href=\"https:\/\/www.riwal.com\/fr\/nos-engagements\/\">Voir plus<\/a><\/p>\n","protected":false},"author":28,"featured_media":0,"parent":0,"menu_order":0,"comment_status":"closed","ping_status":"closed","template":"","meta":{"_acf_changed":false,"footnotes":""},"class_list":["post-5619","page","type-page","status-publish","hentry"],"acf":[],"yoast_head":"<!-- This site is optimized with the Yoast SEO Premium plugin v27.1 (Yoast SEO v27.1.1) - https:\/\/yoast.com\/product\/yoast-seo-premium-wordpress\/ -->\n<title>Nos engagements | Riwal France<\/title>\n<meta name=\"description\" content=\"Riwal sp\u00e9cialiste de la location de nacelle \u00e9l\u00e9vatrice et chariot t\u00e9lescopique vous accompagne dans vos projets partout en France.\" \/>\n<meta name=\"robots\" content=\"index, follow, max-snippet:-1, max-image-preview:large, max-video-preview:-1\" \/>\n<link rel=\"canonical\" href=\"https:\/\/www.riwal.com\/fr\/nos-engagements\/\" \/>\n<meta property=\"og:locale\" content=\"fr_FR\" \/>\n<meta property=\"og:type\" content=\"article\" \/>\n<meta property=\"og:title\" content=\"Nos engagements\" \/>\n<meta property=\"og:description\" content=\"Riwal sp\u00e9cialiste de la location de nacelle \u00e9l\u00e9vatrice et chariot t\u00e9lescopique vous accompagne dans vos projets partout en France.\" \/>\n<meta property=\"og:url\" content=\"https:\/\/www.riwal.com\/fr\/nos-engagements\/\" \/>\n<meta property=\"og:site_name\" content=\"Riwal - France\" \/>\n<meta property=\"article:modified_time\" content=\"2024-06-27T12:21:09+00:00\" \/>\n<meta property=\"og:image\" content=\"https:\/\/www.riwal.com\/app\/uploads\/sites\/15\/2023\/11\/Natural-History-Museum-Copenhagen_24-1024x683.jpg\" \/>\n<meta name=\"twitter:card\" content=\"summary_large_image\" \/>\n<meta name=\"twitter:label1\" content=\"Est. reading time\" \/>\n\t<meta name=\"twitter:data1\" content=\"2 minutes\" \/>\n<script type=\"application\/ld+json\" class=\"yoast-schema-graph\">{\"@context\":\"https:\/\/schema.org\",\"@graph\":[{\"@type\":\"WebPage\",\"@id\":\"https:\/\/www.riwal.com\/fr\/nos-engagements\/\",\"url\":\"https:\/\/www.riwal.com\/fr\/nos-engagements\/\",\"name\":\"Nos engagements | Riwal France\",\"isPartOf\":{\"@id\":\"https:\/\/www.riwal.com\/fr\/#website\"},\"primaryImageOfPage\":{\"@id\":\"https:\/\/www.riwal.com\/fr\/nos-engagements\/#primaryimage\"},\"image\":{\"@id\":\"https:\/\/www.riwal.com\/fr\/nos-engagements\/#primaryimage\"},\"thumbnailUrl\":\"https:\/\/www.riwal.com\/app\/uploads\/sites\/15\/2023\/11\/Natural-History-Museum-Copenhagen_24-1024x683.jpg\",\"datePublished\":\"2023-11-07T22:37:27+00:00\",\"dateModified\":\"2024-06-27T12:21:09+00:00\",\"description\":\"Riwal sp\u00e9cialiste de la location de nacelle \u00e9l\u00e9vatrice et chariot t\u00e9lescopique vous accompagne dans vos projets partout en France.\",\"breadcrumb\":{\"@id\":\"https:\/\/www.riwal.com\/fr\/nos-engagements\/#breadcrumb\"},\"inLanguage\":\"fr-FR\",\"potentialAction\":[{\"@type\":\"ReadAction\",\"target\":[\"https:\/\/www.riwal.com\/fr\/nos-engagements\/\"]}]},{\"@type\":\"ImageObject\",\"inLanguage\":\"fr-FR\",\"@id\":\"https:\/\/www.riwal.com\/fr\/nos-engagements\/#primaryimage\",\"url\":\"https:\/\/www.riwal.com\/app\/uploads\/sites\/15\/2023\/11\/Natural-History-Museum-Copenhagen_24-1024x683.jpg\",\"contentUrl\":\"https:\/\/www.riwal.com\/app\/uploads\/sites\/15\/2023\/11\/Natural-History-Museum-Copenhagen_24-1024x683.jpg\"},{\"@type\":\"BreadcrumbList\",\"@id\":\"https:\/\/www.riwal.com\/fr\/nos-engagements\/#breadcrumb\",\"itemListElement\":[{\"@type\":\"ListItem\",\"position\":1,\"name\":\"Accueil\",\"item\":\"https:\/\/www.riwal.com\/fr\/\"},{\"@type\":\"ListItem\",\"position\":2,\"name\":\"Nos engagements\"}]},{\"@type\":\"WebSite\",\"@id\":\"https:\/\/www.riwal.com\/fr\/#website\",\"url\":\"https:\/\/www.riwal.com\/fr\/\",\"name\":\"Riwal\",\"description\":\"Location nacelle \u00e9l\u00e9vatrice, formation CACES, vente nacelles - Riwal France\",\"publisher\":{\"@id\":\"https:\/\/www.riwal.com\/fr\/#organization\"},\"potentialAction\":[{\"@type\":\"SearchAction\",\"target\":{\"@type\":\"EntryPoint\",\"urlTemplate\":\"https:\/\/www.riwal.com\/fr\/?s={search_term_string}\"},\"query-input\":{\"@type\":\"PropertyValueSpecification\",\"valueRequired\":true,\"valueName\":\"search_term_string\"}}],\"inLanguage\":\"fr-FR\"},{\"@type\":\"Organization\",\"@id\":\"https:\/\/www.riwal.com\/fr\/#organization\",\"name\":\"Riwal\",\"url\":\"https:\/\/www.riwal.com\/fr\/\",\"logo\":{\"@type\":\"ImageObject\",\"inLanguage\":\"fr-FR\",\"@id\":\"https:\/\/www.riwal.com\/fr\/#\/schema\/logo\/image\/\",\"url\":\"\",\"contentUrl\":\"\",\"caption\":\"Riwal\"},\"image\":{\"@id\":\"https:\/\/www.riwal.com\/fr\/#\/schema\/logo\/image\/\"}}]}<\/script>\n<!-- \/ Yoast SEO Premium plugin. -->","yoast_head_json":{"title":"Nos engagements | Riwal France","description":"Riwal sp\u00e9cialiste de la location de nacelle \u00e9l\u00e9vatrice et chariot t\u00e9lescopique vous accompagne dans vos projets partout en France.","robots":{"index":"index","follow":"follow","max-snippet":"max-snippet:-1","max-image-preview":"max-image-preview:large","max-video-preview":"max-video-preview:-1"},"canonical":"https:\/\/www.riwal.com\/fr\/nos-engagements\/","og_locale":"fr_FR","og_type":"article","og_title":"Nos engagements","og_description":"Riwal sp\u00e9cialiste de la location de nacelle \u00e9l\u00e9vatrice et chariot t\u00e9lescopique vous accompagne dans vos projets partout en France.","og_url":"https:\/\/www.riwal.com\/fr\/nos-engagements\/","og_site_name":"Riwal - France","article_modified_time":"2024-06-27T12:21:09+00:00","og_image":[{"url":"https:\/\/www.riwal.com\/app\/uploads\/sites\/15\/2023\/11\/Natural-History-Museum-Copenhagen_24-1024x683.jpg","type":"","width":"","height":""}],"twitter_card":"summary_large_image","twitter_misc":{"Est. reading time":"2 minutes"},"schema":{"@context":"https:\/\/schema.org","@graph":[{"@type":"WebPage","@id":"https:\/\/www.riwal.com\/fr\/nos-engagements\/","url":"https:\/\/www.riwal.com\/fr\/nos-engagements\/","name":"Nos engagements | Riwal France","isPartOf":{"@id":"https:\/\/www.riwal.com\/fr\/#website"},"primaryImageOfPage":{"@id":"https:\/\/www.riwal.com\/fr\/nos-engagements\/#primaryimage"},"image":{"@id":"https:\/\/www.riwal.com\/fr\/nos-engagements\/#primaryimage"},"thumbnailUrl":"https:\/\/www.riwal.com\/app\/uploads\/sites\/15\/2023\/11\/Natural-History-Museum-Copenhagen_24-1024x683.jpg","datePublished":"2023-11-07T22:37:27+00:00","dateModified":"2024-06-27T12:21:09+00:00","description":"Riwal sp\u00e9cialiste de la location de nacelle \u00e9l\u00e9vatrice et chariot t\u00e9lescopique vous accompagne dans vos projets partout en France.","breadcrumb":{"@id":"https:\/\/www.riwal.com\/fr\/nos-engagements\/#breadcrumb"},"inLanguage":"fr-FR","potentialAction":[{"@type":"ReadAction","target":["https:\/\/www.riwal.com\/fr\/nos-engagements\/"]}]},{"@type":"ImageObject","inLanguage":"fr-FR","@id":"https:\/\/www.riwal.com\/fr\/nos-engagements\/#primaryimage","url":"https:\/\/www.riwal.com\/app\/uploads\/sites\/15\/2023\/11\/Natural-History-Museum-Copenhagen_24-1024x683.jpg","contentUrl":"https:\/\/www.riwal.com\/app\/uploads\/sites\/15\/2023\/11\/Natural-History-Museum-Copenhagen_24-1024x683.jpg"},{"@type":"BreadcrumbList","@id":"https:\/\/www.riwal.com\/fr\/nos-engagements\/#breadcrumb","itemListElement":[{"@type":"ListItem","position":1,"name":"Accueil","item":"https:\/\/www.riwal.com\/fr\/"},{"@type":"ListItem","position":2,"name":"Nos engagements"}]},{"@type":"WebSite","@id":"https:\/\/www.riwal.com\/fr\/#website","url":"https:\/\/www.riwal.com\/fr\/","name":"Riwal","description":"Location nacelle \u00e9l\u00e9vatrice, formation CACES, vente nacelles - Riwal France","publisher":{"@id":"https:\/\/www.riwal.com\/fr\/#organization"},"potentialAction":[{"@type":"SearchAction","target":{"@type":"EntryPoint","urlTemplate":"https:\/\/www.riwal.com\/fr\/?s={search_term_string}"},"query-input":{"@type":"PropertyValueSpecification","valueRequired":true,"valueName":"search_term_string"}}],"inLanguage":"fr-FR"},{"@type":"Organization","@id":"https:\/\/www.riwal.com\/fr\/#organization","name":"Riwal","url":"https:\/\/www.riwal.com\/fr\/","logo":{"@type":"ImageObject","inLanguage":"fr-FR","@id":"https:\/\/www.riwal.com\/fr\/#\/schema\/logo\/image\/","url":"","contentUrl":"","caption":"Riwal"},"image":{"@id":"https:\/\/www.riwal.com\/fr\/#\/schema\/logo\/image\/"}}]}},"_links":{"self":[{"href":"https:\/\/www.riwal.com\/fr\/wp-json\/wp\/v2\/pages\/5619","targetHints":{"allow":["GET"]}}],"collection":[{"href":"https:\/\/www.riwal.com\/fr\/wp-json\/wp\/v2\/pages"}],"about":[{"href":"https:\/\/www.riwal.com\/fr\/wp-json\/wp\/v2\/types\/page"}],"author":[{"embeddable":true,"href":"https:\/\/www.riwal.com\/fr\/wp-json\/wp\/v2\/users\/28"}],"replies":[{"embeddable":true,"href":"https:\/\/www.riwal.com\/fr\/wp-json\/wp\/v2\/comments?post=5619"}],"version-history":[{"count":12,"href":"https:\/\/www.riwal.com\/fr\/wp-json\/wp\/v2\/pages\/5619\/revisions"}],"predecessor-version":[{"id":8667,"href":"https:\/\/www.riwal.com\/fr\/wp-json\/wp\/v2\/pages\/5619\/revisions\/8667"}],"wp:attachment":[{"href":"https:\/\/www.riwal.com\/fr\/wp-json\/wp\/v2\/media?parent=5619"}],"curies":[{"name":"wp","href":"https:\/\/api.w.org\/{rel}","templated":true}]}}