{"id":5542,"date":"2023-11-06T22:51:30","date_gmt":"2023-11-06T22:51:30","guid":{"rendered":"https:\/\/www.riwal.com\/fr\/?page_id=5542"},"modified":"2024-06-25T17:03:59","modified_gmt":"2024-06-25T15:03:59","slug":"notre-organisation","status":"publish","type":"page","link":"https:\/\/www.riwal.com\/fr\/notre-organisation\/","title":{"rendered":"Notre organisation"},"content":{"rendered":"<div class=\"rental-wp-default-block rental-theme-block-default-margin\">\n\t\t\t\t\t\t\t\t<div class=\"container\">\n<div class=\"wp-block-columns is-layout-flex wp-container-core-columns-is-layout-28f84493 wp-block-columns-is-layout-flex\">\n<div class=\"wp-block-column is-layout-flow wp-block-column-is-layout-flow\" style=\"flex-basis:33.33%\">\n<h2 class=\"wp-block-heading\" id=\"h-ethique-et-gouvernance\" style=\"font-size:45px\">\u00c9thique et gouvernance<\/h2>\n<\/div>\n\n\n\n<div class=\"wp-block-column is-layout-flow wp-block-column-is-layout-flow\" style=\"flex-basis:66.66%\">\n<p>Le travail en hauteur est notre expertise. Avec 55 ans d&rsquo;histoire et des op\u00e9rations dans 14 pays \u00e0 travers le monde, Riwal est votre partenaire le plus exp\u00e9riment\u00e9 en termes de mat\u00e9riel d&rsquo;\u00e9l\u00e9vation.<\/p>\n\n\n\n<p>Notre histoire a commenc\u00e9 en 1968, avec l&rsquo;ouverture d&rsquo;une filiale aux Pays-Bas par la soci\u00e9t\u00e9 britannique de location de grues Richards &amp; Wallington. En 1980, cette entreprise est devenue priv\u00e9e. Puis le champ d&rsquo;action a \u00e9t\u00e9 \u00e9largi, avec la cr\u00e9ation d&rsquo;une soci\u00e9t\u00e9 distincte en 1986, sp\u00e9cialis\u00e9e dans la location de nacelles \u00e9l\u00e9vatrices : Riwal Lift. Riwal est ainsi une combinaison des premi\u00e8res lettres de Richards et de Wallington. Depuis 2007, l&rsquo;activit\u00e9 de location de grues a \u00e9t\u00e9 c\u00e9d\u00e9e, pour nous concentrer exclusivement sur la location de nacelles \u00e9l\u00e9vatrices et de chariots t\u00e9lescopiques.<\/p>\n<\/div>\n<\/div>\n<\/div>\n\t\t\t\t\t\t\t<\/div> \n\n<div class=\"wp-block-rental-theme-featured rental-theme-block-default-padding\">\n\t<div class=\"container\">\n\t\t<div class=\"wp-block-rental-theme-featured-container\">\n\t\t\t<div class=\"wp-block-rental-theme-featured__image\">\n\t\t\t\t<div class=\"wp-block-rental-theme-featured-image-container\">\n\t\t\t\t\t\t\t\t\t\t<div class=\"wp-block-rental-theme-featured-image-container__subtext\">\n\t\t\t\t\t\t\t\t\t\t\t<\/div>\n\t\t\t\t<\/div>\n\t\t\t<\/div>\n\t\t\t<div class=\"wp-block-rental-theme-featured-content\">\n\t\t\t\t<div>\n\t\t\t\t\t<h2 class=\"wp-block-rental-theme-featured-title\">Fournisseur et partenaire de confiance <\/h2>\n\t\t\t\t\t<div class=\"wp-block-rental-theme-featured-text\">\n\n<p>En tant que loueur, nous vous proposons tous les types de machines dont vous pourriez avoir besoin pour atteindre la hauteur souhait\u00e9e. Notre flotte de 20 000 <a href=\"https:\/\/www.riwal.com\/fr\/location\/nacelle-elevatrice\/\">nacelles \u00e9l\u00e9vatrices<\/a> et <a href=\"https:\/\/www.riwal.com\/fr\/location\/materiel-de-manutention\/chariot-telescopique\/\">chariots t\u00e9lescopiques<\/a> vous garantit la meilleure disponibilit\u00e9 dans le monde entier. Nous vous aidons \u00e0 relever n&rsquo;importe quel d\u00e9fi, et vous offrons une assistance technique 24h\/24, 7j\/7 sur demande.<\/p>\n\n\n\n<p>En tant que partenaire de confiance, nous conseillons nos clients, nous assurons la formation, nous d\u00e9veloppons des solutions innovantes et nous encourageons le march\u00e9 \u00e0 innover. Nos \u00e9quipes vous offrent la meilleure exp\u00e9rience client et partagent leur expertise en mati\u00e8re de s\u00e9curit\u00e9, d&rsquo;efficacit\u00e9 et de d\u00e9veloppement durable.<\/p>\n\n<\/div>\n\t\t\t\t<\/div>\n\t\t\t<\/div>\n\t\t<\/div>\n\t<\/div>\n<\/div>\n\n\n<div class=\"rental-wp-default-block rental-theme-block-default-margin\">\n\t\t\t\t\t\t\t\t<div class=\"container\">\n<div class=\"wp-block-rental-theme-title-text rental-theme-block-default-margin\">\n\t<div class=\"wp-block-rental-theme-title-text__container\">\n\t\t<div class=\"wp-block-rental-theme-title-text__wrapper\">\n\t\t\t<h1 class='wp-block-rental-theme-title-text__title'>Un code de conduite pour tous<\/h1>\t\t<\/div>\n\t\t<div class='wp-block-rental-theme-title-text__text'>\n\n<h3 class=\"wp-block-heading\" id=\"h-code-de-conduite-de-riwal\">Code de conduite de Riwal<\/h3>\n\n\n\n<p>Riwal s&rsquo;engage \u00e0 agir avec int\u00e9grit\u00e9, fiabilit\u00e9 et responsabilit\u00e9 envers nos parties prenantes. Nous renfor\u00e7ons ces valeurs en appliquant notre code de conduite Riwal \u00e0 toutes nos op\u00e9rations.<\/p>\n\n\n\n<p>Le code de conduite de Riwal tient compte des int\u00e9r\u00eats de nos diff\u00e9rentes parties prenantes. Il s&rsquo;agit des employ\u00e9s, des actionnaires et des institutions financi\u00e8res, des fournisseurs, des clients, des organismes gouvernementaux, des instituts d&rsquo;enseignement et de connaissance, des associations industrielles et sociales (y compris les ONG) et des communaut\u00e9s au sein desquelles nous op\u00e9rons<\/p>\n\n<\/div>\n\t<\/div>\n<\/div><\/div>\n\t\t\t\t\t\t\t<\/div> \n\n\n<div class=\"wp-block-rental-theme-industries rental-theme-block-default-padding\">\n\t<div class=\"container\">\n\t\t<div class=\"wp-block-rental-theme-industries-header\">\n\t\t\t<div class=\"wp-block-rental-theme-industries-arrow-lines-left\">\n\t\t\t\t<svg width=\"469\" height=\"145\" viewBox=\"0 0 372 145\" fill=\"none\" xmlns=\"http:\/\/www.w3.org\/2000\/svg\"><path d=\"m-47.506 88.086 68.592-68.592h37.281v37.281l-68.592 68.593h-37.281V88.086Zm294.138-31.311 68.593 68.593h37.281V88.087l-68.592-68.593h-37.282v37.281Z\" stroke=\"#5B728B\"\/><mask id=\"path-3-inside-1_1619_471\" fill=\"#fff\"><path fill-rule=\"evenodd\" clip-rule=\"evenodd\" d=\"M169.967 18.994h-37.988L63.094 87.88v37.989h37.988l49.891-49.891 49.891 49.891h37.988v-37.99l-68.885-68.885Z\"\/><\/mask><path d=\"M131.979 18.994v-1h-.414l-.293.293.707.707Zm37.988 0 .707-.707-.293-.293h-.414v1ZM63.094 87.88l-.707-.707-.293.293v.414h1Zm0 37.989h-1v1h1v-1Zm37.988 0v1h.414l.293-.293-.707-.707Zm49.891-49.891.707-.707-.707-.707-.707.707.707.707Zm49.891 49.891-.707.707.293.293h.414v-1Zm37.988 0v1h1v-1h-1Zm0-37.989h1v-.414l-.292-.293-.708.707ZM131.979 19.994h37.988v-2h-37.988v2ZM63.801 88.587 132.686 19.7l-1.414-1.414-68.885 68.885 1.414 1.415Zm.293 37.281V87.879h-2v37.989h2Zm36.988-1H63.094v2h37.988v-2Zm49.184-49.598-49.891 49.891 1.414 1.414 49.891-49.891-1.414-1.414Zm0 1.414 49.891 49.891 1.414-1.414L151.68 75.27l-1.414 1.414Zm50.598 50.184h37.988v-2h-37.988v2Zm38.988-1V87.879h-2v37.989h2Zm-.292-38.696-68.886-68.885-1.414 1.414 68.885 68.886 1.415-1.415Z\" fill=\"#5B728B\" mask=\"url(#path-3-inside-1_1619_471)\"\/><\/svg>\t\t\t<\/div>\n\t\t\t<div class=\"wp-block-rental-theme-industries-title\">\n\t\t\t\t<h2 class='h2 wp-block-rental-theme-industries-title-field'>Code de conduite et notre politique QHSE<\/h2>\t\t\t<\/div>\n\t\t<\/div>\n\t\t<div class=\"wp-block-rental-theme-industries__items\">\n\t\t\t\t\t\t\t<div class=\"wp-block-rental-theme-industries__item-content\">\n\t\t\t\t\t\t\t\t\t\t<div class=\"wp-block-rental-theme-industries__item-content__text\">\n\t\t\t\t\t\t<div class=\"wp-block-rental-theme-industries__item-content__text-title\">\n\t\t\t\t\t\t\tCode de conduite des fournisseurs\t\t\t\t\t\t<\/div>\n\t\t\t\t\t\t<div class=\"wp-block-rental-theme-industries__item-content__text-content\">\n\t\t\t\t\t\t\t<p>Riwal \u00e9tablit les m\u00eames principes pour nos fournisseurs de biens et de services que pour nous-m\u00eames. Ces principes sont bas\u00e9s sur nos valeurs fondamentales, notre engagement envers notre personnel, nos clients, nos investisseurs, l&rsquo;environnement et les communaut\u00e9s dans lesquelles nous travaillons. Outre la qualit\u00e9, la fiabilit\u00e9 des livraisons et le prix, nous s\u00e9lectionnons \u00e9galement nos fournisseurs en fonction de leurs performances environnementales et soci\u00e9tales, y compris la s\u00e9curit\u00e9 et le d\u00e9veloppement durable.<\/p>\t\t\t\t\t\t<\/div>\n\t\t\t\t\t<\/div>\n\t\t\t\t<\/div>\n\t\t\t\t\t\t\t<div class=\"wp-block-rental-theme-industries__item-content\">\n\t\t\t\t\t\t\t\t\t\t<div class=\"wp-block-rental-theme-industries__item-content__text\">\n\t\t\t\t\t\t<div class=\"wp-block-rental-theme-industries__item-content__text-title\">\n\t\t\t\t\t\t\tPolitique QHSE\t\t\t\t\t\t<\/div>\n\t\t\t\t\t\t<div class=\"wp-block-rental-theme-industries__item-content__text-content\">\n\t\t\t\t\t\t\t<p>Riwal Holding fixe des normes \u00e9lev\u00e9es de conformit\u00e9 avec son syst\u00e8me de gestion QHSE \u00e0 l&rsquo;\u00e9chelle du groupe, qui est coordonn\u00e9 et contr\u00f4l\u00e9 de mani\u00e8re centralis\u00e9e. Nous nous effor\u00e7ons continuellement d&rsquo;offrir la meilleure exp\u00e9rience client en fournissant des solutions pour travailler en hauteur de mani\u00e8re s\u00fbre et efficace. La s\u00e9curit\u00e9 est au c\u0153ur de notre activit\u00e9 et nous cherchons constamment \u00e0 am\u00e9liorer nos performances et \u00e0 instaurer une culture de la s\u00e9curit\u00e9. Nous nous engageons \u00e9galement \u00e0 utiliser notre expertise globale pour permettre un avenir plus durable en int\u00e9grant le d\u00e9veloppement durable dans nos op\u00e9rations et notre prise de d\u00e9cision.<\/p>\t\t\t\t\t\t<\/div>\n\t\t\t\t\t<\/div>\n\t\t\t\t<\/div>\n\t\t\t\t\t\t\t<div class=\"wp-block-rental-theme-industries__item-content\">\n\t\t\t\t\t\t\t\t\t\t<div class=\"wp-block-rental-theme-industries__item-content__text\">\n\t\t\t\t\t\t<div class=\"wp-block-rental-theme-industries__item-content__text-title\">\n\t\t\t\t\t\t\tCode de conduite des employ\u00e9s\t\t\t\t\t\t<\/div>\n\t\t\t\t\t\t<div class=\"wp-block-rental-theme-industries__item-content__text-content\">\n\t\t\t\t\t\t\t<p>Le code de conduite de nos employ\u00e9s est bas\u00e9 sur des directives internationales telles que la D\u00e9claration universelle des droits de l&rsquo;homme et fait partie des contrats de travail de tous les employ\u00e9s de Riwal. Une politique anti-corruption est inscrite dans le code, ainsi qu&rsquo;une politique de d\u00e9nonciation.<\/p>\t\t\t\t\t\t<\/div>\n\t\t\t\t\t<\/div>\n\t\t\t\t<\/div>\n\t\t\t\t\t<\/div>\n\t<\/div>\n<\/div>\n\n\n<div class=\"rental-wp-default-block rental-theme-block-default-margin\">\n\t\t\t\t\t\t\t\t<div class=\"container\"><div class=\"wp-block-rental-theme-latest-news\">\n\t<div class=\"wp-block-rental-theme-latest-news-container\">\n\t\t\t\t<div class=\"wp-block-rental-theme-latest-news__content\">\n\t\t\t\t\t\t\t\t<div class=\"wp-block-rental-theme-latest-news__article\">\n\t\t\t\t\t\t<div class=\"wp-block-rental-theme-latest-news__article--date\">\n\t\t\t\t\t\t\t21 &#8211; 01 &#8211; 2026\t\t\t\t\t\t<\/div>\n\t\t\t\t\t\t<a class=\"wp-block-rental-theme-latest-news__article--link\" href=\"https:\/\/www.riwal.com\/fr\/blog\/blog\/nacelles-araignees-la-solution-ideale-pour-les-acces-difficiles\/\">\n\t\t\t\t\t\t\t<div class=\"wp-block-rental-theme-latest-news__article--title\">\n\t\t\t\t\t\t\t\tNacelles araign\u00e9es : la solution id\u00e9ale pour les acc\u00e8s difficiles\t\t\t\t\t\t\t<\/div>\n\t\t\t\t\t\t<\/a>\n\t\t\t\t\t\t<div class=\"wp-block-rental-theme-latest-news__article--content\">\n\t\t\t\t\t\t\tChantier difficile d\u2019acc\u00e8s ? Nous avons la solution.\nLouez une nacelle araign\u00e9e Riwal, id\u00e9ale pour les espaces \u00e9troits et les terrains irr\u00e9guliers.\nBesoin d\u2019aide ? Nos experts vous conseillent le bon mod\u00e8le.\t\t\t\t\t\t<\/div>\n\t\t\t\t\t\t<div class=\"wp-block-rental-theme-latest-news__article--more\">\n\t\t\t\t\t\t\t<a class=\"wp-block-rental-theme-latest-news__article--link\" href=\"https:\/\/www.riwal.com\/fr\/blog\/blog\/nacelles-araignees-la-solution-ideale-pour-les-acces-difficiles\/\">En savoir plus\u2026<\/a>\n\t\t\t\t\t\t<\/div>\n\t\t\t\t\t<\/div>\n\t\t\t\t\t\t\t\t\t<div class=\"wp-block-rental-theme-latest-news__article\">\n\t\t\t\t\t\t<div class=\"wp-block-rental-theme-latest-news__article--date\">\n\t\t\t\t\t\t\t02 &#8211; 11 &#8211; 2025\t\t\t\t\t\t<\/div>\n\t\t\t\t\t\t<a class=\"wp-block-rental-theme-latest-news__article--link\" href=\"https:\/\/www.riwal.com\/fr\/blog\/blog\/boels-group-obtient-la-medaille-de-bronze-ecovadis\/\">\n\t\t\t\t\t\t\t<div class=\"wp-block-rental-theme-latest-news__article--title\">\n\t\t\t\t\t\t\t\tBoels Group obtient la m\u00e9daille de bronze EcoVadis\t\t\t\t\t\t\t<\/div>\n\t\t\t\t\t\t<\/a>\n\t\t\t\t\t\t<div class=\"wp-block-rental-theme-latest-news__article--content\">\n\t\t\t\t\t\t\tCette distinction EcoVadis place Boels Group dans le top 35 % des entreprises \u00e9valu\u00e9es dans le monde et confirme notre engagement en faveur d\u2019un d\u00e9veloppement plus durable.\t\t\t\t\t\t<\/div>\n\t\t\t\t\t\t<div class=\"wp-block-rental-theme-latest-news__article--more\">\n\t\t\t\t\t\t\t<a class=\"wp-block-rental-theme-latest-news__article--link\" href=\"https:\/\/www.riwal.com\/fr\/blog\/blog\/boels-group-obtient-la-medaille-de-bronze-ecovadis\/\">En savoir plus\u2026<\/a>\n\t\t\t\t\t\t<\/div>\n\t\t\t\t\t<\/div>\n\t\t\t\t\t\t\t\t\t<div class=\"wp-block-rental-theme-latest-news__article\">\n\t\t\t\t\t\t<div class=\"wp-block-rental-theme-latest-news__article--date\">\n\t\t\t\t\t\t\t26 &#8211; 05 &#8211; 2025\t\t\t\t\t\t<\/div>\n\t\t\t\t\t\t<a class=\"wp-block-rental-theme-latest-news__article--link\" href=\"https:\/\/www.riwal.com\/fr\/blog\/%knowledge-category%\/tout-savoir-sur-les-nacelles-a-mat-vertical\/\">\n\t\t\t\t\t\t\t<div class=\"wp-block-rental-theme-latest-news__article--title\">\n\t\t\t\t\t\t\t\tTout savoir sur les nacelles \u00e0 m\u00e2t vertical\t\t\t\t\t\t\t<\/div>\n\t\t\t\t\t\t<\/a>\n\t\t\t\t\t\t<div class=\"wp-block-rental-theme-latest-news__article--content\">\n\t\t\t\t\t\t\tDans cet article, nous vous proposons un guide complet pour comprendre le fonctionnement des nacelles \u00e0 m\u00e2t vertical, d\u00e9couvrir les diff\u00e9rents mod\u00e8les disponibles, et identifier les crit\u00e8res essentiels pour bien les choisir selon vos besoins.\nL\u2019essentiel \u00e0 conna\u00eetre pour choisir et utiliser votre nacelle en toute s\u00e9curit\u00e9, avec efficacit\u00e9 et s\u00e9r\u00e9nit\u00e9 !\t\t\t\t\t\t<\/div>\n\t\t\t\t\t\t<div class=\"wp-block-rental-theme-latest-news__article--more\">\n\t\t\t\t\t\t\t<a class=\"wp-block-rental-theme-latest-news__article--link\" href=\"https:\/\/www.riwal.com\/fr\/blog\/%knowledge-category%\/tout-savoir-sur-les-nacelles-a-mat-vertical\/\">En savoir plus\u2026<\/a>\n\t\t\t\t\t\t<\/div>\n\t\t\t\t\t<\/div>\n\t\t\t\t\t\t<\/div>\n\t<\/div>\n<\/div>\n<\/div>\n\t\t\t\t\t\t\t<\/div> ","protected":false},"excerpt":{"rendered":"<p>\u00c9thique et gouvernance Le travail en hauteur est notre expertise. Avec 55 ans d&rsquo;histoire et des op\u00e9rations dans 14 pays \u00e0 travers le monde, Riwal est votre partenaire le plus exp\u00e9riment\u00e9 en termes de mat\u00e9riel d&rsquo;\u00e9l\u00e9vation. Notre histoire a commenc\u00e9 en 1968, avec l&rsquo;ouverture d&rsquo;une filiale aux Pays-Bas par la soci\u00e9t\u00e9 britannique de location de &hellip; <a href=\"https:\/\/www.riwal.com\/fr\/notre-organisation\/\">Voir plus<\/a><\/p>\n","protected":false},"author":28,"featured_media":0,"parent":0,"menu_order":0,"comment_status":"closed","ping_status":"closed","template":"","meta":{"_acf_changed":false,"footnotes":""},"class_list":["post-5542","page","type-page","status-publish","hentry"],"acf":[],"yoast_head":"<!-- This site is optimized with the Yoast SEO Premium plugin v27.1 (Yoast SEO v27.1.1) - https:\/\/yoast.com\/product\/yoast-seo-premium-wordpress\/ -->\n<title>Notre organisation | Riwal France<\/title>\n<meta name=\"description\" content=\"Riwal sp\u00e9cialiste de la location de nacelle \u00e9l\u00e9vatrice et chariot t\u00e9lescopique, votre partenaire de confiance\" \/>\n<meta name=\"robots\" content=\"index, follow, max-snippet:-1, max-image-preview:large, max-video-preview:-1\" \/>\n<link rel=\"canonical\" href=\"https:\/\/www.riwal.com\/fr\/notre-organisation\/\" \/>\n<meta property=\"og:locale\" content=\"fr_FR\" \/>\n<meta property=\"og:type\" content=\"article\" \/>\n<meta property=\"og:title\" content=\"Notre organisation\" \/>\n<meta property=\"og:description\" content=\"Riwal sp\u00e9cialiste de la location de nacelle \u00e9l\u00e9vatrice et chariot t\u00e9lescopique, votre partenaire de confiance\" \/>\n<meta property=\"og:url\" content=\"https:\/\/www.riwal.com\/fr\/notre-organisation\/\" \/>\n<meta property=\"og:site_name\" content=\"Riwal - France\" \/>\n<meta property=\"article:modified_time\" content=\"2024-06-25T15:03:59+00:00\" \/>\n<meta name=\"twitter:card\" content=\"summary_large_image\" \/>\n<meta name=\"twitter:label1\" content=\"Est. reading time\" \/>\n\t<meta name=\"twitter:data1\" content=\"2 minutes\" \/>\n<script type=\"application\/ld+json\" class=\"yoast-schema-graph\">{\"@context\":\"https:\/\/schema.org\",\"@graph\":[{\"@type\":\"WebPage\",\"@id\":\"https:\/\/www.riwal.com\/fr\/notre-organisation\/\",\"url\":\"https:\/\/www.riwal.com\/fr\/notre-organisation\/\",\"name\":\"Notre organisation | Riwal France\",\"isPartOf\":{\"@id\":\"https:\/\/www.riwal.com\/fr\/#website\"},\"datePublished\":\"2023-11-06T22:51:30+00:00\",\"dateModified\":\"2024-06-25T15:03:59+00:00\",\"description\":\"Riwal sp\u00e9cialiste de la location de nacelle \u00e9l\u00e9vatrice et chariot t\u00e9lescopique, votre partenaire de confiance\",\"breadcrumb\":{\"@id\":\"https:\/\/www.riwal.com\/fr\/notre-organisation\/#breadcrumb\"},\"inLanguage\":\"fr-FR\",\"potentialAction\":[{\"@type\":\"ReadAction\",\"target\":[\"https:\/\/www.riwal.com\/fr\/notre-organisation\/\"]}]},{\"@type\":\"BreadcrumbList\",\"@id\":\"https:\/\/www.riwal.com\/fr\/notre-organisation\/#breadcrumb\",\"itemListElement\":[{\"@type\":\"ListItem\",\"position\":1,\"name\":\"Accueil\",\"item\":\"https:\/\/www.riwal.com\/fr\/\"},{\"@type\":\"ListItem\",\"position\":2,\"name\":\"Notre organisation\"}]},{\"@type\":\"WebSite\",\"@id\":\"https:\/\/www.riwal.com\/fr\/#website\",\"url\":\"https:\/\/www.riwal.com\/fr\/\",\"name\":\"Riwal\",\"description\":\"Location nacelle \u00e9l\u00e9vatrice, formation CACES, vente nacelles - Riwal France\",\"publisher\":{\"@id\":\"https:\/\/www.riwal.com\/fr\/#organization\"},\"potentialAction\":[{\"@type\":\"SearchAction\",\"target\":{\"@type\":\"EntryPoint\",\"urlTemplate\":\"https:\/\/www.riwal.com\/fr\/?s={search_term_string}\"},\"query-input\":{\"@type\":\"PropertyValueSpecification\",\"valueRequired\":true,\"valueName\":\"search_term_string\"}}],\"inLanguage\":\"fr-FR\"},{\"@type\":\"Organization\",\"@id\":\"https:\/\/www.riwal.com\/fr\/#organization\",\"name\":\"Riwal\",\"url\":\"https:\/\/www.riwal.com\/fr\/\",\"logo\":{\"@type\":\"ImageObject\",\"inLanguage\":\"fr-FR\",\"@id\":\"https:\/\/www.riwal.com\/fr\/#\/schema\/logo\/image\/\",\"url\":\"\",\"contentUrl\":\"\",\"caption\":\"Riwal\"},\"image\":{\"@id\":\"https:\/\/www.riwal.com\/fr\/#\/schema\/logo\/image\/\"}}]}<\/script>\n<!-- \/ Yoast SEO Premium plugin. -->","yoast_head_json":{"title":"Notre organisation | Riwal France","description":"Riwal sp\u00e9cialiste de la location de nacelle \u00e9l\u00e9vatrice et chariot t\u00e9lescopique, votre partenaire de confiance","robots":{"index":"index","follow":"follow","max-snippet":"max-snippet:-1","max-image-preview":"max-image-preview:large","max-video-preview":"max-video-preview:-1"},"canonical":"https:\/\/www.riwal.com\/fr\/notre-organisation\/","og_locale":"fr_FR","og_type":"article","og_title":"Notre organisation","og_description":"Riwal sp\u00e9cialiste de la location de nacelle \u00e9l\u00e9vatrice et chariot t\u00e9lescopique, votre partenaire de confiance","og_url":"https:\/\/www.riwal.com\/fr\/notre-organisation\/","og_site_name":"Riwal - France","article_modified_time":"2024-06-25T15:03:59+00:00","twitter_card":"summary_large_image","twitter_misc":{"Est. reading time":"2 minutes"},"schema":{"@context":"https:\/\/schema.org","@graph":[{"@type":"WebPage","@id":"https:\/\/www.riwal.com\/fr\/notre-organisation\/","url":"https:\/\/www.riwal.com\/fr\/notre-organisation\/","name":"Notre organisation | Riwal France","isPartOf":{"@id":"https:\/\/www.riwal.com\/fr\/#website"},"datePublished":"2023-11-06T22:51:30+00:00","dateModified":"2024-06-25T15:03:59+00:00","description":"Riwal sp\u00e9cialiste de la location de nacelle \u00e9l\u00e9vatrice et chariot t\u00e9lescopique, votre partenaire de confiance","breadcrumb":{"@id":"https:\/\/www.riwal.com\/fr\/notre-organisation\/#breadcrumb"},"inLanguage":"fr-FR","potentialAction":[{"@type":"ReadAction","target":["https:\/\/www.riwal.com\/fr\/notre-organisation\/"]}]},{"@type":"BreadcrumbList","@id":"https:\/\/www.riwal.com\/fr\/notre-organisation\/#breadcrumb","itemListElement":[{"@type":"ListItem","position":1,"name":"Accueil","item":"https:\/\/www.riwal.com\/fr\/"},{"@type":"ListItem","position":2,"name":"Notre organisation"}]},{"@type":"WebSite","@id":"https:\/\/www.riwal.com\/fr\/#website","url":"https:\/\/www.riwal.com\/fr\/","name":"Riwal","description":"Location nacelle \u00e9l\u00e9vatrice, formation CACES, vente nacelles - Riwal France","publisher":{"@id":"https:\/\/www.riwal.com\/fr\/#organization"},"potentialAction":[{"@type":"SearchAction","target":{"@type":"EntryPoint","urlTemplate":"https:\/\/www.riwal.com\/fr\/?s={search_term_string}"},"query-input":{"@type":"PropertyValueSpecification","valueRequired":true,"valueName":"search_term_string"}}],"inLanguage":"fr-FR"},{"@type":"Organization","@id":"https:\/\/www.riwal.com\/fr\/#organization","name":"Riwal","url":"https:\/\/www.riwal.com\/fr\/","logo":{"@type":"ImageObject","inLanguage":"fr-FR","@id":"https:\/\/www.riwal.com\/fr\/#\/schema\/logo\/image\/","url":"","contentUrl":"","caption":"Riwal"},"image":{"@id":"https:\/\/www.riwal.com\/fr\/#\/schema\/logo\/image\/"}}]}},"_links":{"self":[{"href":"https:\/\/www.riwal.com\/fr\/wp-json\/wp\/v2\/pages\/5542","targetHints":{"allow":["GET"]}}],"collection":[{"href":"https:\/\/www.riwal.com\/fr\/wp-json\/wp\/v2\/pages"}],"about":[{"href":"https:\/\/www.riwal.com\/fr\/wp-json\/wp\/v2\/types\/page"}],"author":[{"embeddable":true,"href":"https:\/\/www.riwal.com\/fr\/wp-json\/wp\/v2\/users\/28"}],"replies":[{"embeddable":true,"href":"https:\/\/www.riwal.com\/fr\/wp-json\/wp\/v2\/comments?post=5542"}],"version-history":[{"count":9,"href":"https:\/\/www.riwal.com\/fr\/wp-json\/wp\/v2\/pages\/5542\/revisions"}],"predecessor-version":[{"id":8669,"href":"https:\/\/www.riwal.com\/fr\/wp-json\/wp\/v2\/pages\/5542\/revisions\/8669"}],"wp:attachment":[{"href":"https:\/\/www.riwal.com\/fr\/wp-json\/wp\/v2\/media?parent=5542"}],"curies":[{"name":"wp","href":"https:\/\/api.w.org\/{rel}","templated":true}]}}