{"id":5245,"date":"2023-10-25T21:57:15","date_gmt":"2023-10-25T21:57:15","guid":{"rendered":"https:\/\/www.riwal.com\/fr\/?page_id=5245"},"modified":"2024-06-25T16:30:25","modified_gmt":"2024-06-25T14:30:25","slug":"notre-histoire","status":"publish","type":"page","link":"https:\/\/www.riwal.com\/fr\/notre-histoire\/","title":{"rendered":"Notre histoire"},"content":{"rendered":"<div class=\"rental-wp-default-block rental-theme-block-default-margin\">\n\t\t\t\t\t\t\t\t<div class=\"container\">\n<div class=\"wp-block-rental-theme-title-text rental-theme-block-default-margin\">\n\t<div class=\"wp-block-rental-theme-title-text__container\">\n\t\t<div class=\"wp-block-rental-theme-title-text__wrapper\">\n\t\t\t<h1 class='wp-block-rental-theme-title-text__title'>Notre histoire<\/h1>\t\t<\/div>\n\t\t<div class='wp-block-rental-theme-title-text__text'>\n\n<p style=\"font-size:25px\"><strong>Des d\u00e9buts prometteurs<\/strong><\/p>\n\n\n\n<p>Notre histoire a commenc\u00e9 en 1968, avec <strong>l&rsquo;ouverture d&rsquo;une filiale aux Pays-Bas par la soci\u00e9t\u00e9 britannique de location de grues Richards &amp; Wallington<\/strong>. En 1980, cette entreprise est devenue priv\u00e9e. Puis le champ d&rsquo;action a \u00e9t\u00e9 \u00e9largi, avec <strong>la cr\u00e9ation d&rsquo;une soci\u00e9t\u00e9 distincte en 1986, sp\u00e9cialis\u00e9e dans la location de nacelles \u00e9l\u00e9vatrices : Riwal Lift<\/strong>. Riwal est ainsi une combinaison des premi\u00e8res lettres de Richards et de Wallington.<\/p>\n\n\n\n<h3 class=\"wp-block-heading\" id=\"h-des-ambitions-internationales\" style=\"font-size:25px\"><strong>Des ambitions internationales<\/strong><\/h3>\n\n\n\n<p>Si notre c\u0153ur a toujours \u00e9t\u00e9 aux Pays-Bas, <strong>notre vision nous a pouss\u00e9s \u00e0 \u00e9tendre notre port\u00e9e<\/strong>. L&rsquo;ouverture de Riwal Scandinavie en 2001 a marqu\u00e9 le d\u00e9but de notre ascension internationale. Depuis, nous avons solidement <strong>\u00e9tabli notre pr\u00e9sence dans 14 pays, allant de l&rsquo;Europe au Moyen-Orient, et jusqu&rsquo;en Inde et au Kazakhstan, avec 60 d\u00e9p\u00f4ts \u00e0 travers le monde<\/strong>. Et bien que nous ayons cess\u00e9 l&rsquo;activit\u00e9 de location de grues en 2007 pour mettre l&rsquo;accent sur les nacelles \u00e9l\u00e9vatrices, notre engagement envers l&rsquo;innovation et l\u2019humain est rest\u00e9 inchang\u00e9.<\/p>\n\n\n\n<h2 class=\"wp-block-heading\" id=\"h-l-excellence-au-service-de-vos-ambitions\" style=\"font-size:25px\"><strong>L&rsquo;excellence au service de vos ambitions<\/strong><\/h2>\n\n\n\n<p>Depuis nos d\u00e9buts, <strong>nous avons forg\u00e9 notre r\u00e9putation sur deux piliers essentiels : l&rsquo;expertise et l&rsquo;int\u00e9grit\u00e9<\/strong>. Avec des ann\u00e9es d&rsquo;exp\u00e9rience accumul\u00e9es dans le domaine de la location de mat\u00e9riels d&rsquo;\u00e9l\u00e9vation, nous avons fa\u00e7onn\u00e9 un savoir-faire unique qui nous permet d&rsquo;aller au-del\u00e0 des simples \u201ctransactions\u201d avec nos clients et partenaires.<\/p>\n\n<\/div>\n\t<\/div>\n<\/div><\/div>\n\t\t\t\t\t\t\t<\/div> \n\n<div class=\"container\">\n<h2 class=\"wp-block-heading\" id=\"h-\"> <\/h2>\n<\/div>\n\n<div class=\"container\">\n<figure class=\"wp-block-image alignfull size-full\"><img loading=\"lazy\" decoding=\"async\" width=\"1024\" height=\"768\" src=\"https:\/\/eqsk4m2dkju.exactdn.com\/app\/uploads\/sites\/15\/2023\/11\/History-timeline-Riwal-nov-23-V1.png?strip=all&quality=92&webp=92&avif=80&sharp=1\" alt=\"L'incroyable histoire de Riwal\" class=\"wp-image-5516\" srcset=\"https:\/\/eqsk4m2dkju.exactdn.com\/app\/uploads\/sites\/15\/2023\/11\/History-timeline-Riwal-nov-23-V1.png?strip=all&amp;quality=92&amp;webp=92&amp;avif=80&amp;sharp=1 1024w, https:\/\/eqsk4m2dkju.exactdn.com\/app\/uploads\/sites\/15\/2023\/11\/History-timeline-Riwal-nov-23-V1-300x225.png?strip=all&amp;quality=92&amp;webp=92&amp;avif=80&amp;sharp=1 300w, https:\/\/eqsk4m2dkju.exactdn.com\/app\/uploads\/sites\/15\/2023\/11\/History-timeline-Riwal-nov-23-V1-768x576.png?strip=all&amp;quality=92&amp;webp=92&amp;avif=80&amp;sharp=1 768w, https:\/\/eqsk4m2dkju.exactdn.com\/app\/uploads\/sites\/15\/2023\/11\/History-timeline-Riwal-nov-23-V1-178x134.png?strip=all&amp;quality=92&amp;webp=92&amp;avif=80&amp;sharp=1 178w, https:\/\/eqsk4m2dkju.exactdn.com\/app\/uploads\/sites\/15\/2023\/11\/History-timeline-Riwal-nov-23-V1-390x293.png?strip=all&amp;quality=92&amp;webp=92&amp;avif=80&amp;sharp=1 390w, https:\/\/eqsk4m2dkju.exactdn.com\/app\/uploads\/sites\/15\/2023\/11\/History-timeline-Riwal-nov-23-V1-830x623.png?strip=all&amp;quality=92&amp;webp=92&amp;avif=80&amp;sharp=1 830w, https:\/\/eqsk4m2dkju.exactdn.com\/app\/uploads\/sites\/15\/2023\/11\/History-timeline-Riwal-nov-23-V1-250x188.png?strip=all&amp;quality=92&amp;webp=92&amp;avif=80&amp;sharp=1 250w, https:\/\/eqsk4m2dkju.exactdn.com\/app\/uploads\/sites\/15\/2023\/11\/History-timeline-Riwal-nov-23-V1-620x465.png?strip=all&amp;quality=92&amp;webp=92&amp;avif=80&amp;sharp=1 620w, https:\/\/eqsk4m2dkju.exactdn.com\/app\/uploads\/sites\/15\/2023\/11\/History-timeline-Riwal-nov-23-V1-237x178.png?strip=all&amp;quality=92&amp;webp=92&amp;avif=80&amp;sharp=1 237w, https:\/\/eqsk4m2dkju.exactdn.com\/app\/uploads\/sites\/15\/2023\/11\/History-timeline-Riwal-nov-23-V1-474x356.png?strip=all&amp;quality=92&amp;webp=92&amp;avif=80&amp;sharp=1 474w\" sizes=\"auto, (max-width: 1024px) 100vw, 1024px\" \/><\/figure>\n<\/div>\n\n<div class=\"container\">\n<h2 class=\"wp-block-heading alignfull has-text-align-left has-white-color has-primary-background-color has-text-color has-background\" id=\"h-chiffres-cles\" style=\"font-size:35px;font-style:normal;font-weight:500\">CHIFFRES CL\u00c9S<\/h2>\n<\/div>\n\n<div class=\"rental-wp-default-block rental-theme-block-default-margin\">\n\t\t\t\t\t\t\t\t<div class=\"container\">\n<div class='wp-block-rental-theme-statistics rental-theme-block-default-margin'>\n\t\t<div class=\"wp-block-rental-theme-statistics__columns\">\n\t\t\t<div class='wp-block-rental-theme-statistics__columns_column'>\n\t\t\t\t<p class='wp-block-rental-theme-statistics__columns_column-title'>Pays<\/p>\n\t\t\t\t<p class='wp-block-rental-theme-statistics__columns_column-number'>14<\/p>\n\t\t\t<\/div>\n\t\t\t<div class='wp-block-rental-theme-statistics__columns_column'>\n\t\t\t\t<p class='wp-block-rental-theme-statistics__columns_column-title'>D\u00e9p\u00f4ts<\/p>\n\t\t\t\t<p class='wp-block-rental-theme-statistics__columns_column-number'>60<\/p>\n\t\t\t<\/div>\n\t\t\t<div class='wp-block-rental-theme-statistics__columns_column'>\n\t\t\t\t<p class='wp-block-rental-theme-statistics__columns_column-title'>Machines<\/p>\n\t\t\t\t<p class='wp-block-rental-theme-statistics__columns_column-number'>20.000<\/p>\n\t\t\t<\/div>\n\t\t<\/div>\n<\/div><\/div>\n\t\t\t\t\t\t\t<\/div> ","protected":false},"excerpt":{"rendered":"<p>CHIFFRES CL\u00c9S<\/p>\n","protected":false},"author":28,"featured_media":0,"parent":0,"menu_order":0,"comment_status":"closed","ping_status":"closed","template":"","meta":{"_acf_changed":false,"footnotes":""},"class_list":["post-5245","page","type-page","status-publish","hentry"],"acf":[],"yoast_head":"<!-- This site is optimized with the Yoast SEO Premium plugin v27.1 (Yoast SEO v27.1.1) - https:\/\/yoast.com\/product\/yoast-seo-premium-wordpress\/ -->\n<title>Notre histoire | Riwal France<\/title>\n<meta name=\"description\" content=\"Riwal sp\u00e9cialiste de la location de nacelle \u00e9l\u00e9vatrice et chariot t\u00e9lescoique depuis 1968, vous accompagne dans vos projets.\" \/>\n<meta name=\"robots\" content=\"index, follow, max-snippet:-1, max-image-preview:large, max-video-preview:-1\" \/>\n<link rel=\"canonical\" href=\"https:\/\/www.riwal.com\/fr\/notre-histoire\/\" \/>\n<meta property=\"og:locale\" content=\"fr_FR\" \/>\n<meta property=\"og:type\" content=\"article\" \/>\n<meta property=\"og:title\" content=\"Notre histoire\" \/>\n<meta property=\"og:description\" content=\"Riwal sp\u00e9cialiste de la location de nacelle \u00e9l\u00e9vatrice et chariot t\u00e9lescoique depuis 1968, vous accompagne dans vos projets.\" \/>\n<meta property=\"og:url\" content=\"https:\/\/www.riwal.com\/fr\/notre-histoire\/\" \/>\n<meta property=\"og:site_name\" content=\"Riwal - France\" \/>\n<meta property=\"article:modified_time\" content=\"2024-06-25T14:30:25+00:00\" \/>\n<meta property=\"og:image\" content=\"https:\/\/www.riwal.com\/app\/uploads\/sites\/15\/2023\/11\/History-timeline-Riwal-nov-23-V1.png\" \/>\n<meta name=\"twitter:card\" content=\"summary_large_image\" \/>\n<meta name=\"twitter:label1\" content=\"Est. reading time\" \/>\n\t<meta name=\"twitter:data1\" content=\"2 minutes\" \/>\n<script type=\"application\/ld+json\" class=\"yoast-schema-graph\">{\"@context\":\"https:\/\/schema.org\",\"@graph\":[{\"@type\":\"WebPage\",\"@id\":\"https:\/\/www.riwal.com\/fr\/notre-histoire\/\",\"url\":\"https:\/\/www.riwal.com\/fr\/notre-histoire\/\",\"name\":\"Notre histoire | Riwal France\",\"isPartOf\":{\"@id\":\"https:\/\/www.riwal.com\/fr\/#website\"},\"primaryImageOfPage\":{\"@id\":\"https:\/\/www.riwal.com\/fr\/notre-histoire\/#primaryimage\"},\"image\":{\"@id\":\"https:\/\/www.riwal.com\/fr\/notre-histoire\/#primaryimage\"},\"thumbnailUrl\":\"https:\/\/www.riwal.com\/app\/uploads\/sites\/15\/2023\/11\/History-timeline-Riwal-nov-23-V1.png\",\"datePublished\":\"2023-10-25T21:57:15+00:00\",\"dateModified\":\"2024-06-25T14:30:25+00:00\",\"description\":\"Riwal sp\u00e9cialiste de la location de nacelle \u00e9l\u00e9vatrice et chariot t\u00e9lescoique depuis 1968, vous accompagne dans vos projets.\",\"breadcrumb\":{\"@id\":\"https:\/\/www.riwal.com\/fr\/notre-histoire\/#breadcrumb\"},\"inLanguage\":\"fr-FR\",\"potentialAction\":[{\"@type\":\"ReadAction\",\"target\":[\"https:\/\/www.riwal.com\/fr\/notre-histoire\/\"]}]},{\"@type\":\"ImageObject\",\"inLanguage\":\"fr-FR\",\"@id\":\"https:\/\/www.riwal.com\/fr\/notre-histoire\/#primaryimage\",\"url\":\"https:\/\/www.riwal.com\/app\/uploads\/sites\/15\/2023\/11\/History-timeline-Riwal-nov-23-V1.png\",\"contentUrl\":\"https:\/\/www.riwal.com\/app\/uploads\/sites\/15\/2023\/11\/History-timeline-Riwal-nov-23-V1.png\"},{\"@type\":\"BreadcrumbList\",\"@id\":\"https:\/\/www.riwal.com\/fr\/notre-histoire\/#breadcrumb\",\"itemListElement\":[{\"@type\":\"ListItem\",\"position\":1,\"name\":\"Accueil\",\"item\":\"https:\/\/www.riwal.com\/fr\/\"},{\"@type\":\"ListItem\",\"position\":2,\"name\":\"Notre histoire\"}]},{\"@type\":\"WebSite\",\"@id\":\"https:\/\/www.riwal.com\/fr\/#website\",\"url\":\"https:\/\/www.riwal.com\/fr\/\",\"name\":\"Riwal\",\"description\":\"Location nacelle \u00e9l\u00e9vatrice, formation CACES, vente nacelles - Riwal France\",\"publisher\":{\"@id\":\"https:\/\/www.riwal.com\/fr\/#organization\"},\"potentialAction\":[{\"@type\":\"SearchAction\",\"target\":{\"@type\":\"EntryPoint\",\"urlTemplate\":\"https:\/\/www.riwal.com\/fr\/?s={search_term_string}\"},\"query-input\":{\"@type\":\"PropertyValueSpecification\",\"valueRequired\":true,\"valueName\":\"search_term_string\"}}],\"inLanguage\":\"fr-FR\"},{\"@type\":\"Organization\",\"@id\":\"https:\/\/www.riwal.com\/fr\/#organization\",\"name\":\"Riwal\",\"url\":\"https:\/\/www.riwal.com\/fr\/\",\"logo\":{\"@type\":\"ImageObject\",\"inLanguage\":\"fr-FR\",\"@id\":\"https:\/\/www.riwal.com\/fr\/#\/schema\/logo\/image\/\",\"url\":\"\",\"contentUrl\":\"\",\"caption\":\"Riwal\"},\"image\":{\"@id\":\"https:\/\/www.riwal.com\/fr\/#\/schema\/logo\/image\/\"}}]}<\/script>\n<!-- \/ Yoast SEO Premium plugin. -->","yoast_head_json":{"title":"Notre histoire | Riwal France","description":"Riwal sp\u00e9cialiste de la location de nacelle \u00e9l\u00e9vatrice et chariot t\u00e9lescoique depuis 1968, vous accompagne dans vos projets.","robots":{"index":"index","follow":"follow","max-snippet":"max-snippet:-1","max-image-preview":"max-image-preview:large","max-video-preview":"max-video-preview:-1"},"canonical":"https:\/\/www.riwal.com\/fr\/notre-histoire\/","og_locale":"fr_FR","og_type":"article","og_title":"Notre histoire","og_description":"Riwal sp\u00e9cialiste de la location de nacelle \u00e9l\u00e9vatrice et chariot t\u00e9lescoique depuis 1968, vous accompagne dans vos projets.","og_url":"https:\/\/www.riwal.com\/fr\/notre-histoire\/","og_site_name":"Riwal - France","article_modified_time":"2024-06-25T14:30:25+00:00","og_image":[{"url":"https:\/\/www.riwal.com\/app\/uploads\/sites\/15\/2023\/11\/History-timeline-Riwal-nov-23-V1.png","type":"","width":"","height":""}],"twitter_card":"summary_large_image","twitter_misc":{"Est. reading time":"2 minutes"},"schema":{"@context":"https:\/\/schema.org","@graph":[{"@type":"WebPage","@id":"https:\/\/www.riwal.com\/fr\/notre-histoire\/","url":"https:\/\/www.riwal.com\/fr\/notre-histoire\/","name":"Notre histoire | Riwal France","isPartOf":{"@id":"https:\/\/www.riwal.com\/fr\/#website"},"primaryImageOfPage":{"@id":"https:\/\/www.riwal.com\/fr\/notre-histoire\/#primaryimage"},"image":{"@id":"https:\/\/www.riwal.com\/fr\/notre-histoire\/#primaryimage"},"thumbnailUrl":"https:\/\/www.riwal.com\/app\/uploads\/sites\/15\/2023\/11\/History-timeline-Riwal-nov-23-V1.png","datePublished":"2023-10-25T21:57:15+00:00","dateModified":"2024-06-25T14:30:25+00:00","description":"Riwal sp\u00e9cialiste de la location de nacelle \u00e9l\u00e9vatrice et chariot t\u00e9lescoique depuis 1968, vous accompagne dans vos projets.","breadcrumb":{"@id":"https:\/\/www.riwal.com\/fr\/notre-histoire\/#breadcrumb"},"inLanguage":"fr-FR","potentialAction":[{"@type":"ReadAction","target":["https:\/\/www.riwal.com\/fr\/notre-histoire\/"]}]},{"@type":"ImageObject","inLanguage":"fr-FR","@id":"https:\/\/www.riwal.com\/fr\/notre-histoire\/#primaryimage","url":"https:\/\/www.riwal.com\/app\/uploads\/sites\/15\/2023\/11\/History-timeline-Riwal-nov-23-V1.png","contentUrl":"https:\/\/www.riwal.com\/app\/uploads\/sites\/15\/2023\/11\/History-timeline-Riwal-nov-23-V1.png"},{"@type":"BreadcrumbList","@id":"https:\/\/www.riwal.com\/fr\/notre-histoire\/#breadcrumb","itemListElement":[{"@type":"ListItem","position":1,"name":"Accueil","item":"https:\/\/www.riwal.com\/fr\/"},{"@type":"ListItem","position":2,"name":"Notre histoire"}]},{"@type":"WebSite","@id":"https:\/\/www.riwal.com\/fr\/#website","url":"https:\/\/www.riwal.com\/fr\/","name":"Riwal","description":"Location nacelle \u00e9l\u00e9vatrice, formation CACES, vente nacelles - Riwal France","publisher":{"@id":"https:\/\/www.riwal.com\/fr\/#organization"},"potentialAction":[{"@type":"SearchAction","target":{"@type":"EntryPoint","urlTemplate":"https:\/\/www.riwal.com\/fr\/?s={search_term_string}"},"query-input":{"@type":"PropertyValueSpecification","valueRequired":true,"valueName":"search_term_string"}}],"inLanguage":"fr-FR"},{"@type":"Organization","@id":"https:\/\/www.riwal.com\/fr\/#organization","name":"Riwal","url":"https:\/\/www.riwal.com\/fr\/","logo":{"@type":"ImageObject","inLanguage":"fr-FR","@id":"https:\/\/www.riwal.com\/fr\/#\/schema\/logo\/image\/","url":"","contentUrl":"","caption":"Riwal"},"image":{"@id":"https:\/\/www.riwal.com\/fr\/#\/schema\/logo\/image\/"}}]}},"_links":{"self":[{"href":"https:\/\/www.riwal.com\/fr\/wp-json\/wp\/v2\/pages\/5245","targetHints":{"allow":["GET"]}}],"collection":[{"href":"https:\/\/www.riwal.com\/fr\/wp-json\/wp\/v2\/pages"}],"about":[{"href":"https:\/\/www.riwal.com\/fr\/wp-json\/wp\/v2\/types\/page"}],"author":[{"embeddable":true,"href":"https:\/\/www.riwal.com\/fr\/wp-json\/wp\/v2\/users\/28"}],"replies":[{"embeddable":true,"href":"https:\/\/www.riwal.com\/fr\/wp-json\/wp\/v2\/comments?post=5245"}],"version-history":[{"count":25,"href":"https:\/\/www.riwal.com\/fr\/wp-json\/wp\/v2\/pages\/5245\/revisions"}],"predecessor-version":[{"id":6797,"href":"https:\/\/www.riwal.com\/fr\/wp-json\/wp\/v2\/pages\/5245\/revisions\/6797"}],"wp:attachment":[{"href":"https:\/\/www.riwal.com\/fr\/wp-json\/wp\/v2\/media?parent=5245"}],"curies":[{"name":"wp","href":"https:\/\/api.w.org\/{rel}","templated":true}]}}