{"id":4726,"date":"2023-10-23T07:22:39","date_gmt":"2023-10-23T07:22:39","guid":{"rendered":"https:\/\/www.riwal.com\/fr\/?page_id=4726"},"modified":"2024-11-05T22:58:39","modified_gmt":"2024-11-05T21:58:39","slug":"indicateurs-qualite","status":"publish","type":"page","link":"https:\/\/www.riwal.com\/fr\/indicateurs-qualite\/","title":{"rendered":"Nos indicateurs qualit\u00e9"},"content":{"rendered":"<div class=\"rental-wp-default-block rental-theme-block-default-margin\">\n\t\t\t\t\t\t\t\t<div class=\"container\">\n<div class=\"wp-block-rental-theme-title-text rental-theme-block-default-margin\">\n\t<div class=\"wp-block-rental-theme-title-text__container\">\n\t\t<div class=\"wp-block-rental-theme-title-text__wrapper\">\n\t\t\t<h1 class='wp-block-rental-theme-title-text__title'>Nos indicateurs qualit\u00e9<\/h1>\t\t<\/div>\n\t\t<div class='wp-block-rental-theme-title-text__text'>\n\n<p>Chez Riwal Formation, d\u00e9livrer des formations de qualit\u00e9 est notre priorit\u00e9. <\/p>\n\n\n\n<p>Chacune de nos sessions de formation se concluent par une enqu\u00eate de satisfaction aupr\u00e8s de nos stagiaires. Nous mesurons ainsi l&rsquo;atteinte des objectifs de nos stagiaires, l&rsquo;accueil, l&rsquo;organisation, les moyens p\u00e9dagogiques, l&rsquo;animation et le contenu de la formation.<br>Ces enqu\u00eates nous permettent ainsi de vous pr\u00e9senter ci-dessous le taux de satisfaction, par type de formation. <\/p>\n\n\n\n<p>Vous trouverez \u00e9galement ci-dessous le taux de r\u00e9ussite aux \u00e9valuations, par type de formation.<\/p>\n\n\n\n<p><\/p>\n\n\n\n<p><\/p>\n\n\n\n<p class=\"has-text-align-center\" style=\"font-size:25px\"><strong>VOTRE SATISFACTION, NOTRE PRIORIT\u00c9<\/strong><\/p>\n\n\n\n<p class=\"has-text-align-center\"><\/p>\n\n<\/div>\n\t<\/div>\n<\/div><\/div>\n\t\t\t\t\t\t\t<\/div> \n\n<div class=\"container\">\n<figure class=\"wp-block-table\"><table class=\"has-fixed-layout\"><thead><tr><th>TYPE DE FORMATION<\/th><th>NOMBRE DE STAGIAIRES<\/th><th>TAUX DE SATISFACTION<\/th><th>TAUX DE R\u00c9USSITE<\/th><\/tr><\/thead><tbody><tr><td><strong>CACES\u00ae R489<\/strong><\/td><td>28<\/td><td>100%<\/td><td>92,5%<\/td><\/tr><tr><td><strong>CACES\u00ae R482<\/strong><\/td><td>103<\/td><td>96%<\/td><td>100%<\/td><\/tr><tr><td><strong>CACES\u00ae R486<\/strong><\/td><td>379<\/td><td>99%<\/td><td>99%<\/td><\/tr><tr><td><strong>S\u00e9curit\u00e9 (travail en hauteur, \u00e9chafaudage&#8230;)<\/strong><\/td><td>240<\/td><td>99%<\/td><td>100%<\/td><\/tr><tr><td><strong>Habilitations \u00e9lectriques<\/strong><\/td><td>106<\/td><td>99%<\/td><td>100%<\/td><\/tr><\/tbody><\/table><figcaption class=\"wp-element-caption\">P\u00e9riode de r\u00e9f\u00e9rence : De janvier \u00e0 ao\u00fbt 2024<\/figcaption><\/figure>\n<\/div>\n\n<div class=\"container\">\n<p><\/p>\n<\/div>\n\n\n<div class=\"request-form\" id=\"request-form\">\n\t<div class=\"container\">\n\t\t<div class=\"request-form-container\">\n\t\t\t<div class=\"request-form--left\">\n\t\t\t\t<img\n\t\t\t\t\t\tsrc=\"https:\/\/www.riwal.com\/app\/themes\/rental\/build\/request-form\/..\/images\/woman.8febffe1.png\"\n\t\t\t\t\t\talt=\"Switchable Image\"\n\t\t\t\t\t\tclass=\"featured-block-image\"\n\t\t\t\t\t\twidth=\"630\"\n\t\t\t\t\t\theight=\"750\"\n\t\t\t\t\/>\n\t\t\t\t\t\t\t\t\t<div class='request-form-name'>\n\t\t\t\t\t\t<p>\n\t\t\t\t\t\t\t02 37 26 35 15\t\t\t\t\t\t<\/p>\n\t\t\t\t\t\t\t\t\t\t\t\t\t<a class='request-form-phone' href=\"tel:02 37 26 35 15\">\n\t\t\t\t\t\t\t\t<svg width=\"16\" height=\"17\" viewBox=\"0 0 16 17\" fill=\"#021A35\" xmlns=\"http:\/\/www.w3.org\/2000\/svg\"><path d=\"M15.397 11.897a2.07 2.07 0 0 1 0 2.924l-.61.7C9.318 20.757-3.99 7.452 1.166 1.967l.767-.668a2.06 2.06 0 0 1 2.89.025c.02.021 1.258 1.629 1.258 1.629a2.07 2.07 0 0 1-.004 2.859l-.774.973a8.535 8.535 0 0 0 4.629 4.638l.978-.778a2.07 2.07 0 0 1 2.858-.004s1.609 1.237 1.63 1.257Zm-.919.971s-1.598-1.23-1.618-1.25a.734.734 0 0 0-1.035 0c-.018.017-1.365 1.091-1.365 1.091a.668.668 0 0 1-.653.102 10.017 10.017 0 0 1-5.893-5.885.668.668 0 0 1 .097-.664S5.084 4.915 5.1 4.897a.735.735 0 0 0 0-1.035c-.02-.02-1.25-1.619-1.25-1.619a.735.735 0 0 0-1.008.026l-.767.668C-1.693 7.466 9.842 18.36 13.811 14.61l.609-.701a.748.748 0 0 0 .058-1.042Z\"\/><\/svg>\t\t\t\t\t\t\t<\/a>\n\t\t\t\t\t\t\t\t\t\t\t<\/div>\n\t\t\t\t\t\t\t<\/div>\n\t\t\t<div class=\"request-form--right\">\n\t\t\t\t<h2 class=\"request-form-title\">\n\t\t\t\t\tDemande de renseignements\t\t\t\t<\/h2>\n\t\t\t\t\t\t\t\t\n<link rel='preload' href='https:\/\/www.riwal.com\/app\/themes\/rental\/dist\/gforms-fc1482d6.css' as='style' ><script type=\"text\/javascript\">\n\/* <![CDATA[ *\/\nvar gform;gform||(document.addEventListener(\"gform_main_scripts_loaded\",function(){gform.scriptsLoaded=!0}),document.addEventListener(\"gform\/theme\/scripts_loaded\",function(){gform.themeScriptsLoaded=!0}),window.addEventListener(\"DOMContentLoaded\",function(){gform.domLoaded=!0}),gform={domLoaded:!1,scriptsLoaded:!1,themeScriptsLoaded:!1,isFormEditor:()=>\"function\"==typeof InitializeEditor,callIfLoaded:function(o){return!(!gform.domLoaded||!gform.scriptsLoaded||!gform.themeScriptsLoaded&&!gform.isFormEditor()||(gform.isFormEditor()&&console.warn(\"The use of gform.initializeOnLoaded() is deprecated in the form editor context and will be removed in Gravity Forms 3.1.\"),o(),0))},initializeOnLoaded:function(o){gform.callIfLoaded(o)||(document.addEventListener(\"gform_main_scripts_loaded\",()=>{gform.scriptsLoaded=!0,gform.callIfLoaded(o)}),document.addEventListener(\"gform\/theme\/scripts_loaded\",()=>{gform.themeScriptsLoaded=!0,gform.callIfLoaded(o)}),window.addEventListener(\"DOMContentLoaded\",()=>{gform.domLoaded=!0,gform.callIfLoaded(o)}))},hooks:{action:{},filter:{}},addAction:function(o,r,e,t){gform.addHook(\"action\",o,r,e,t)},addFilter:function(o,r,e,t){gform.addHook(\"filter\",o,r,e,t)},doAction:function(o){gform.doHook(\"action\",o,arguments)},applyFilters:function(o){return gform.doHook(\"filter\",o,arguments)},removeAction:function(o,r){gform.removeHook(\"action\",o,r)},removeFilter:function(o,r,e){gform.removeHook(\"filter\",o,r,e)},addHook:function(o,r,e,t,n){null==gform.hooks[o][r]&&(gform.hooks[o][r]=[]);var d=gform.hooks[o][r];null==n&&(n=r+\"_\"+d.length),gform.hooks[o][r].push({tag:n,callable:e,priority:t=null==t?10:t})},doHook:function(r,o,e){var t;if(e=Array.prototype.slice.call(e,1),null!=gform.hooks[r][o]&&((o=gform.hooks[r][o]).sort(function(o,r){return o.priority-r.priority}),o.forEach(function(o){\"function\"!=typeof(t=o.callable)&&(t=window[t]),\"action\"==r?t.apply(null,e):e[0]=t.apply(null,e)})),\"filter\"==r)return e[0]},removeHook:function(o,r,t,n){var e;null!=gform.hooks[o][r]&&(e=(e=gform.hooks[o][r]).filter(function(o,r,e){return!!(null!=n&&n!=o.tag||null!=t&&t!=o.priority)}),gform.hooks[o][r]=e)}});\n\/* ]]> *\/\n<\/script>\n\n                <div class='gf_browser_gecko gform_wrapper gravity-theme gform-theme--no-framework' data-form-theme='gravity-theme' data-form-index='0' id='gform_wrapper_13' >\n                        <div class='gform_heading'>\n                            <h2 class=\"gform_title\">Demande de renseignements (Formation ne pas utiliser)<\/h2>\n                            <p class='gform_description'><\/p>\n                        <\/div><form method='post' enctype='multipart\/form-data'  id='gform_13'  action='\/fr\/wp-json\/wp\/v2\/pages\/4726' data-formid='13' novalidate>\n                        <div class='gform-body gform_body'><div id='gform_fields_13' class='gform_fields top_label form_sublabel_below description_below validation_below'><div id=\"field_13_9\" class=\"gfield gfield--type-text gfield--input-type-text gfield--width-full gfield_contains_required field_sublabel_below gfield--no-description field_description_below field_validation_below gfield_visibility_visible\"  ><label class='gfield_label gform-field-label' for='input_13_9'>Nom de l&#039;entreprise<span class=\"gfield_required\"><span class=\"gfield_required gfield_required_text\">(N\u00e9cessaire)<\/span><\/span><\/label><div class='ginput_container ginput_container_text'><input name='input_9' id='input_13_9' type='text' value='' class='large'     aria-required=\"true\" aria-invalid=\"false\"   \/><\/div><\/div><div id=\"field_13_17\" class=\"gfield gfield--type-text gfield--input-type-text gfield--width-half gfield_contains_required field_sublabel_below gfield--no-description field_description_below field_validation_below gfield_visibility_visible\"  ><label class='gfield_label gform-field-label' for='input_13_17'>Pr\u00e9nom<span class=\"gfield_required\"><span class=\"gfield_required gfield_required_text\">(N\u00e9cessaire)<\/span><\/span><\/label><div class='ginput_container ginput_container_text'><input name='input_17' id='input_13_17' type='text' value='' class='large'     aria-required=\"true\" aria-invalid=\"false\"   \/><\/div><\/div><div id=\"field_13_18\" class=\"gfield gfield--type-text gfield--input-type-text gfield--width-half field_sublabel_below gfield--no-description field_description_below field_validation_below gfield_visibility_visible\"  ><label class='gfield_label gform-field-label' for='input_13_18'>Nom<\/label><div class='ginput_container ginput_container_text'><input name='input_18' id='input_13_18' type='text' value='' class='large'      aria-invalid=\"false\"   \/><\/div><\/div><div id=\"field_13_5\" class=\"gfield gfield--type-email gfield--input-type-email gfield--width-half gfield_contains_required field_sublabel_below gfield--no-description field_description_below field_validation_below gfield_visibility_visible\"  ><label class='gfield_label gform-field-label' for='input_13_5'>Email<span class=\"gfield_required\"><span class=\"gfield_required gfield_required_text\">(N\u00e9cessaire)<\/span><\/span><\/label><div class='ginput_container ginput_container_email'>\n                            <input name='input_5' id='input_13_5' type='email' value='' class='large'    aria-required=\"true\" aria-invalid=\"false\"  \/>\n                        <\/div><\/div><div id=\"field_13_6\" class=\"gfield gfield--type-phone gfield--input-type-phone gfield--width-half gfield_contains_required field_sublabel_below gfield--no-description field_description_below field_validation_below gfield_visibility_visible\"  ><label class='gfield_label gform-field-label' for='input_13_6'>T\u00e9l\u00e9phone<span class=\"gfield_required\"><span class=\"gfield_required gfield_required_text\">(N\u00e9cessaire)<\/span><\/span><\/label><div class='ginput_container ginput_container_phone'><input name='input_6' id='input_13_6' type='tel' value='' class='large'   aria-required=\"true\" aria-invalid=\"false\"   \/><\/div><\/div><div id=\"field_13_12\" class=\"gfield gfield--type-textarea gfield--input-type-textarea gfield--width-full field_sublabel_below gfield--no-description field_description_below field_validation_below gfield_visibility_visible\"  ><label class='gfield_label gform-field-label' for='input_13_12'>Votre demande<\/label><div class='ginput_container ginput_container_textarea'><textarea name='input_12' id='input_13_12' class='textarea large'      aria-invalid=\"false\"   rows='10' cols='50'><\/textarea><\/div><\/div><div id=\"field_13_23\" class=\"gfield gfield--type-captcha gfield--input-type-captcha gfield--width-full field_sublabel_below gfield--no-description field_description_below field_validation_below gfield_visibility_visible\"  ><label class='gfield_label gform-field-label' for='input_13_23'>CAPTCHA<\/label><div id='input_13_23' class='ginput_container ginput_recaptcha' data-sitekey='6LcdbWspAAAAAJLJjfXYPF_ogNIWbWRTt7HIVdv0'  data-theme='light' data-tabindex='-1' data-size='invisible' data-badge='bottomright'><\/div><\/div><fieldset id=\"field_13_22\" class=\"gfield gfield--type-checkbox gfield--type-choice gfield--input-type-checkbox gfield--width-full gfield_contains_required field_sublabel_below gfield--no-description field_description_below field_validation_below gfield_visibility_visible\"  ><legend class='gfield_label gform-field-label gfield_label_before_complex' >Politique de confidentialit\u00e9<span class=\"gfield_required\"><span class=\"gfield_required gfield_required_text\">(N\u00e9cessaire)<\/span><\/span><\/legend><div class='ginput_container ginput_container_checkbox'><div class='gfield_checkbox ' id='input_13_22'><div class='gchoice gchoice_13_22_1'>\n\t\t\t\t\t\t\t\t<input class='gfield-choice-input' name='input_22.1' type='checkbox'  value='J&#039;accepte le traitement de mes donn\u00e9es.  En savoir plus sur la fa\u00e7on dont nous traitons vos donn\u00e9es personnelles. [privacy]'  id='choice_13_22_1'   \/>\n\t\t\t\t\t\t\t\t<label for='choice_13_22_1' id='label_13_22_1' class='gform-field-label gform-field-label--type-inline'>J&rsquo;accepte le traitement de mes donn\u00e9es.  En savoir plus sur la fa\u00e7on dont nous traitons vos donn\u00e9es personnelles. <a class=\"privacy_statement_link\" href=\"https:\/\/www.riwal.com\/fr\/politique-de-confidentialite-et-de-cookies\/\" target=\"_blank\"> Politique de confidentialit\u00e9<\/a><\/label>\n\t\t\t\t\t\t\t<\/div><\/div><\/div><\/fieldset><\/div><\/div>\n        <div class='gform-footer gform_footer top_label'> <button type=\"submit\" id=\"gform_submit_button_13\" class=\"gform_button button\" onclick=\"gform.submission.handleButtonClick(this);\" data-submission-type=\"submit\">Envoyer<\/button> \n            <input type='hidden' class='gform_hidden' name='gform_submission_method' data-js='gform_submission_method_13' value='postback' \/>\n            <input type='hidden' class='gform_hidden' name='gform_theme' data-js='gform_theme_13' id='gform_theme_13' value='gravity-theme' \/>\n            <input type='hidden' class='gform_hidden' name='gform_style_settings' data-js='gform_style_settings_13' id='gform_style_settings_13' value='{&quot;inputPrimaryColor&quot;:&quot;#204ce5&quot;}' \/>\n            <input type='hidden' class='gform_hidden' name='is_submit_13' value='1' \/>\n            <input type='hidden' class='gform_hidden' name='gform_submit' value='13' \/>\n            \n            <input type='hidden' class='gform_hidden' name='gform_currency' data-currency='USD' value='UjGFvrKtjSJovT5QPl8pYc18ZELivg0YzoLh2rPn2SNzsWT1uq\/1YRpmbEKjLJD1oEdU8iGEpj+XmuhWCaiW0ZTK84inrAsdM28y4ecBKOU65uY=' \/>\n            <input type='hidden' class='gform_hidden' name='gform_unique_id' value='' \/>\n            <input type='hidden' class='gform_hidden' name='state_13' value='WyJ7XCIyMi4xXCI6XCJjZTVhODc4NDMyMDgxOTU1NTE4Y2FkZTc5MmZmMTQ0ZVwifSIsIjUxMzk0NzlkYmM2ZDdkMWEyMTQyODRiYjcwYTMxMzIwIl0=' \/>\n            <input type='hidden' autocomplete='off' class='gform_hidden' name='gform_target_page_number_13' id='gform_target_page_number_13' value='0' \/>\n            <input type='hidden' autocomplete='off' class='gform_hidden' name='gform_source_page_number_13' id='gform_source_page_number_13' value='1' \/>\n            <input type='hidden' name='gform_field_values' value='' \/>\n            \n        <\/div>\n                        <\/form>\n                        <\/div><script type=\"text\/javascript\">\n\/* <![CDATA[ *\/\n gform.initializeOnLoaded( function() {gformInitSpinner( 13, 'https:\/\/www.riwal.com\/app\/plugins\/gravityforms\/images\/spinner.svg', true );jQuery('#gform_ajax_frame_13').on('load',function(){var contents = jQuery(this).contents().find('*').html();var is_postback = contents.indexOf('GF_AJAX_POSTBACK') >= 0;if(!is_postback){return;}var form_content = jQuery(this).contents().find('#gform_wrapper_13');var is_confirmation = jQuery(this).contents().find('#gform_confirmation_wrapper_13').length > 0;var is_redirect = contents.indexOf('gformRedirect(){') >= 0;var is_form = form_content.length > 0 && ! is_redirect && ! is_confirmation;var mt = parseInt(jQuery('html').css('margin-top'), 10) + parseInt(jQuery('body').css('margin-top'), 10) + 100;if(is_form){jQuery('#gform_wrapper_13').html(form_content.html());if(form_content.hasClass('gform_validation_error')){jQuery('#gform_wrapper_13').addClass('gform_validation_error');} else {jQuery('#gform_wrapper_13').removeClass('gform_validation_error');}setTimeout( function() { \/* delay the scroll by 50 milliseconds to fix a bug in chrome *\/  }, 50 );if(window['gformInitDatepicker']) {gformInitDatepicker();}if(window['gformInitPriceFields']) {gformInitPriceFields();}var current_page = jQuery('#gform_source_page_number_13').val();gformInitSpinner( 13, 'https:\/\/www.riwal.com\/app\/plugins\/gravityforms\/images\/spinner.svg', true );jQuery(document).trigger('gform_page_loaded', [13, current_page]);window['gf_submitting_13'] = false;}else if(!is_redirect){var confirmation_content = jQuery(this).contents().find('.GF_AJAX_POSTBACK').html();if(!confirmation_content){confirmation_content = contents;}jQuery('#gform_wrapper_13').replaceWith(confirmation_content);jQuery(document).trigger('gform_confirmation_loaded', [13]);window['gf_submitting_13'] = false;wp.a11y.speak(jQuery('#gform_confirmation_message_13').text());}else{jQuery('#gform_13').append(contents);if(window['gformRedirect']) {gformRedirect();}}jQuery(document).trigger(\"gform_pre_post_render\", [{ formId: \"13\", currentPage: \"current_page\", abort: function() { this.preventDefault(); } }]);        if (event && event.defaultPrevented) {                return;        }        const gformWrapperDiv = document.getElementById( \"gform_wrapper_13\" );        if ( gformWrapperDiv ) {            const visibilitySpan = document.createElement( \"span\" );            visibilitySpan.id = \"gform_visibility_test_13\";            gformWrapperDiv.insertAdjacentElement( \"afterend\", visibilitySpan );        }        const visibilityTestDiv = document.getElementById( \"gform_visibility_test_13\" );        let postRenderFired = false;        function triggerPostRender() {            if ( postRenderFired ) {                return;            }            postRenderFired = true;            gform.core.triggerPostRenderEvents( 13, current_page );            if ( visibilityTestDiv ) {                visibilityTestDiv.parentNode.removeChild( visibilityTestDiv );            }        }        function debounce( func, wait, immediate ) {            var timeout;            return function() {                var context = this, args = arguments;                var later = function() {                    timeout = null;                    if ( !immediate ) func.apply( context, args );                };                var callNow = immediate && !timeout;                clearTimeout( timeout );                timeout = setTimeout( later, wait );                if ( callNow ) func.apply( context, args );            };        }        const debouncedTriggerPostRender = debounce( function() {            triggerPostRender();        }, 200 );        if ( visibilityTestDiv && visibilityTestDiv.offsetParent === null ) {            const observer = new MutationObserver( ( mutations ) => {                mutations.forEach( ( mutation ) => {                    if ( mutation.type === 'attributes' && visibilityTestDiv.offsetParent !== null ) {                        debouncedTriggerPostRender();                        observer.disconnect();                    }                });            });            observer.observe( document.body, {                attributes: true,                childList: false,                subtree: true,                attributeFilter: [ 'style', 'class' ],            });        } else {            triggerPostRender();        }    } );} ); \n\/* ]]> *\/\n<\/script>\n\n\t\t\t<\/div>\n\t\t<\/div>\n\t<\/div>\n<\/div>","protected":false},"excerpt":{"rendered":"<p>TYPE DE FORMATION NOMBRE DE STAGIAIRES TAUX DE SATISFACTION TAUX DE R\u00c9USSITE CACES\u00ae R489 28 100% 92,5% CACES\u00ae R482 103 96% 100% CACES\u00ae R486 379 99% 99% S\u00e9curit\u00e9 (travail en hauteur, \u00e9chafaudage&#8230;) 240 99% 100% Habilitations \u00e9lectriques 106 99% 100% P\u00e9riode de r\u00e9f\u00e9rence : De janvier \u00e0 ao\u00fbt 2024<\/p>\n","protected":false},"author":28,"featured_media":0,"parent":0,"menu_order":0,"comment_status":"closed","ping_status":"closed","template":"","meta":{"_acf_changed":false,"footnotes":""},"class_list":["post-4726","page","type-page","status-publish","hentry"],"acf":[],"yoast_head":"<!-- This site is optimized with the Yoast SEO Premium plugin v27.1 (Yoast SEO v27.1.1) - https:\/\/yoast.com\/product\/yoast-seo-premium-wordpress\/ -->\n<title>Nos indicateurs qualit\u00e9 | Riwal France<\/title>\n<meta name=\"description\" content=\"Chez Riwal, votre sp\u00e9cialiste de la location de nacelle \u00e9l\u00e9vatrice et chariot t\u00e9lescopique, votre satisfaction est votre priorit\u00e9.\" \/>\n<meta name=\"robots\" content=\"index, follow, max-snippet:-1, max-image-preview:large, max-video-preview:-1\" \/>\n<link rel=\"canonical\" href=\"https:\/\/www.riwal.com\/fr\/indicateurs-qualite\/\" \/>\n<meta property=\"og:locale\" content=\"fr_FR\" \/>\n<meta property=\"og:type\" content=\"article\" \/>\n<meta property=\"og:title\" content=\"Nos indicateurs qualit\u00e9\" \/>\n<meta property=\"og:description\" content=\"Chez Riwal, votre sp\u00e9cialiste de la location de nacelle \u00e9l\u00e9vatrice et chariot t\u00e9lescopique, votre satisfaction est votre priorit\u00e9.\" \/>\n<meta property=\"og:url\" content=\"https:\/\/www.riwal.com\/fr\/indicateurs-qualite\/\" \/>\n<meta property=\"og:site_name\" content=\"Riwal - France\" \/>\n<meta property=\"article:modified_time\" content=\"2024-11-05T21:58:39+00:00\" \/>\n<meta name=\"twitter:card\" content=\"summary_large_image\" \/>\n<meta name=\"twitter:label1\" content=\"Est. reading time\" \/>\n\t<meta name=\"twitter:data1\" content=\"1 minute\" \/>\n<script type=\"application\/ld+json\" class=\"yoast-schema-graph\">{\"@context\":\"https:\/\/schema.org\",\"@graph\":[{\"@type\":\"WebPage\",\"@id\":\"https:\/\/www.riwal.com\/fr\/indicateurs-qualite\/\",\"url\":\"https:\/\/www.riwal.com\/fr\/indicateurs-qualite\/\",\"name\":\"Nos indicateurs qualit\u00e9 | Riwal France\",\"isPartOf\":{\"@id\":\"https:\/\/www.riwal.com\/fr\/#website\"},\"datePublished\":\"2023-10-23T07:22:39+00:00\",\"dateModified\":\"2024-11-05T21:58:39+00:00\",\"description\":\"Chez Riwal, votre sp\u00e9cialiste de la location de nacelle \u00e9l\u00e9vatrice et chariot t\u00e9lescopique, votre satisfaction est votre priorit\u00e9.\",\"breadcrumb\":{\"@id\":\"https:\/\/www.riwal.com\/fr\/indicateurs-qualite\/#breadcrumb\"},\"inLanguage\":\"fr-FR\",\"potentialAction\":[{\"@type\":\"ReadAction\",\"target\":[\"https:\/\/www.riwal.com\/fr\/indicateurs-qualite\/\"]}]},{\"@type\":\"BreadcrumbList\",\"@id\":\"https:\/\/www.riwal.com\/fr\/indicateurs-qualite\/#breadcrumb\",\"itemListElement\":[{\"@type\":\"ListItem\",\"position\":1,\"name\":\"Accueil\",\"item\":\"https:\/\/www.riwal.com\/fr\/\"},{\"@type\":\"ListItem\",\"position\":2,\"name\":\"Nos indicateurs qualit\u00e9\"}]},{\"@type\":\"WebSite\",\"@id\":\"https:\/\/www.riwal.com\/fr\/#website\",\"url\":\"https:\/\/www.riwal.com\/fr\/\",\"name\":\"Riwal\",\"description\":\"Location nacelle \u00e9l\u00e9vatrice, formation CACES, vente nacelles - Riwal France\",\"publisher\":{\"@id\":\"https:\/\/www.riwal.com\/fr\/#organization\"},\"potentialAction\":[{\"@type\":\"SearchAction\",\"target\":{\"@type\":\"EntryPoint\",\"urlTemplate\":\"https:\/\/www.riwal.com\/fr\/?s={search_term_string}\"},\"query-input\":{\"@type\":\"PropertyValueSpecification\",\"valueRequired\":true,\"valueName\":\"search_term_string\"}}],\"inLanguage\":\"fr-FR\"},{\"@type\":\"Organization\",\"@id\":\"https:\/\/www.riwal.com\/fr\/#organization\",\"name\":\"Riwal\",\"url\":\"https:\/\/www.riwal.com\/fr\/\",\"logo\":{\"@type\":\"ImageObject\",\"inLanguage\":\"fr-FR\",\"@id\":\"https:\/\/www.riwal.com\/fr\/#\/schema\/logo\/image\/\",\"url\":\"\",\"contentUrl\":\"\",\"caption\":\"Riwal\"},\"image\":{\"@id\":\"https:\/\/www.riwal.com\/fr\/#\/schema\/logo\/image\/\"}}]}<\/script>\n<!-- \/ Yoast SEO Premium plugin. -->","yoast_head_json":{"title":"Nos indicateurs qualit\u00e9 | Riwal France","description":"Chez Riwal, votre sp\u00e9cialiste de la location de nacelle \u00e9l\u00e9vatrice et chariot t\u00e9lescopique, votre satisfaction est votre priorit\u00e9.","robots":{"index":"index","follow":"follow","max-snippet":"max-snippet:-1","max-image-preview":"max-image-preview:large","max-video-preview":"max-video-preview:-1"},"canonical":"https:\/\/www.riwal.com\/fr\/indicateurs-qualite\/","og_locale":"fr_FR","og_type":"article","og_title":"Nos indicateurs qualit\u00e9","og_description":"Chez Riwal, votre sp\u00e9cialiste de la location de nacelle \u00e9l\u00e9vatrice et chariot t\u00e9lescopique, votre satisfaction est votre priorit\u00e9.","og_url":"https:\/\/www.riwal.com\/fr\/indicateurs-qualite\/","og_site_name":"Riwal - France","article_modified_time":"2024-11-05T21:58:39+00:00","twitter_card":"summary_large_image","twitter_misc":{"Est. reading time":"1 minute"},"schema":{"@context":"https:\/\/schema.org","@graph":[{"@type":"WebPage","@id":"https:\/\/www.riwal.com\/fr\/indicateurs-qualite\/","url":"https:\/\/www.riwal.com\/fr\/indicateurs-qualite\/","name":"Nos indicateurs qualit\u00e9 | Riwal France","isPartOf":{"@id":"https:\/\/www.riwal.com\/fr\/#website"},"datePublished":"2023-10-23T07:22:39+00:00","dateModified":"2024-11-05T21:58:39+00:00","description":"Chez Riwal, votre sp\u00e9cialiste de la location de nacelle \u00e9l\u00e9vatrice et chariot t\u00e9lescopique, votre satisfaction est votre priorit\u00e9.","breadcrumb":{"@id":"https:\/\/www.riwal.com\/fr\/indicateurs-qualite\/#breadcrumb"},"inLanguage":"fr-FR","potentialAction":[{"@type":"ReadAction","target":["https:\/\/www.riwal.com\/fr\/indicateurs-qualite\/"]}]},{"@type":"BreadcrumbList","@id":"https:\/\/www.riwal.com\/fr\/indicateurs-qualite\/#breadcrumb","itemListElement":[{"@type":"ListItem","position":1,"name":"Accueil","item":"https:\/\/www.riwal.com\/fr\/"},{"@type":"ListItem","position":2,"name":"Nos indicateurs qualit\u00e9"}]},{"@type":"WebSite","@id":"https:\/\/www.riwal.com\/fr\/#website","url":"https:\/\/www.riwal.com\/fr\/","name":"Riwal","description":"Location nacelle \u00e9l\u00e9vatrice, formation CACES, vente nacelles - Riwal France","publisher":{"@id":"https:\/\/www.riwal.com\/fr\/#organization"},"potentialAction":[{"@type":"SearchAction","target":{"@type":"EntryPoint","urlTemplate":"https:\/\/www.riwal.com\/fr\/?s={search_term_string}"},"query-input":{"@type":"PropertyValueSpecification","valueRequired":true,"valueName":"search_term_string"}}],"inLanguage":"fr-FR"},{"@type":"Organization","@id":"https:\/\/www.riwal.com\/fr\/#organization","name":"Riwal","url":"https:\/\/www.riwal.com\/fr\/","logo":{"@type":"ImageObject","inLanguage":"fr-FR","@id":"https:\/\/www.riwal.com\/fr\/#\/schema\/logo\/image\/","url":"","contentUrl":"","caption":"Riwal"},"image":{"@id":"https:\/\/www.riwal.com\/fr\/#\/schema\/logo\/image\/"}}]}},"_links":{"self":[{"href":"https:\/\/www.riwal.com\/fr\/wp-json\/wp\/v2\/pages\/4726","targetHints":{"allow":["GET"]}}],"collection":[{"href":"https:\/\/www.riwal.com\/fr\/wp-json\/wp\/v2\/pages"}],"about":[{"href":"https:\/\/www.riwal.com\/fr\/wp-json\/wp\/v2\/types\/page"}],"author":[{"embeddable":true,"href":"https:\/\/www.riwal.com\/fr\/wp-json\/wp\/v2\/users\/28"}],"replies":[{"embeddable":true,"href":"https:\/\/www.riwal.com\/fr\/wp-json\/wp\/v2\/comments?post=4726"}],"version-history":[{"count":26,"href":"https:\/\/www.riwal.com\/fr\/wp-json\/wp\/v2\/pages\/4726\/revisions"}],"predecessor-version":[{"id":17014,"href":"https:\/\/www.riwal.com\/fr\/wp-json\/wp\/v2\/pages\/4726\/revisions\/17014"}],"wp:attachment":[{"href":"https:\/\/www.riwal.com\/fr\/wp-json\/wp\/v2\/media?parent=4726"}],"curies":[{"name":"wp","href":"https:\/\/api.w.org\/{rel}","templated":true}]}}