{"id":3199,"date":"2023-08-22T14:13:05","date_gmt":"2023-08-22T14:13:05","guid":{"rendered":"https:\/\/www.riwal.com\/fr\/?page_id=3199"},"modified":"2024-01-05T14:30:17","modified_gmt":"2024-01-05T14:30:17","slug":"mentions-legales","status":"publish","type":"page","link":"https:\/\/www.riwal.com\/fr\/mentions-legales\/","title":{"rendered":"Mentions l\u00e9gales"},"content":{"rendered":"<div class=\"rental-wp-default-block rental-theme-block-default-margin\">\n\t\t\t\t\t\t\t\t<div class=\"container\">\n<div class=\"wp-block-rental-theme-title-text rental-theme-block-default-margin\">\n\t<div class=\"wp-block-rental-theme-title-text__container\">\n\t\t<div class=\"wp-block-rental-theme-title-text__wrapper\">\n\t\t\t<h1 class='wp-block-rental-theme-title-text__title'>Mentions l\u00e9gales<\/h1>\t\t<\/div>\n\t\t<div class='wp-block-rental-theme-title-text__text'>\n\n<h3 class=\"wp-block-heading\" id=\"h-responsable-du-site\">Responsable du site<\/h3>\n\n\n\n<p>RIWAL HOLDING GROUP BV, au capital social de 6&nbsp;200&nbsp;000 \u20ac<\/p>\n\n\n\n<p>Si\u00e8ge social&nbsp;: Wilgenbos 2, 3316 JX Dordrecht, Pays-Bas.<\/p>\n\n\n\n<p>Tel&nbsp;: +31 (0) 88&nbsp;618 18 00<\/p>\n\n\n\n<p>Mail&nbsp;: info@riwal.com<\/p>\n\n\n\n<p>Riwal France SAS, au capital social de 3&nbsp;333&nbsp;000 \u20ac, dont le si\u00e8ge social est situ\u00e9 \u00e0 Z.A. du Bois Gueslin, All\u00e9e Voie Croix, 28630 Migni\u00e8res, France, est enregistr\u00e9 au R.C.S. de Chartres au n\u00b0488&nbsp;860&nbsp;057&nbsp;; num\u00e9ro de TVA intra-communautaire&nbsp;: FR32&nbsp;488&nbsp;860&nbsp;057.<\/p>\n\n\n\n<p>Mail&nbsp;: info_fr@riwal.com<\/p>\n\n<\/div>\n\t<\/div>\n<\/div><\/div>\n\t\t\t\t\t\t\t<\/div> \n\n<div class=\"container\">\n<h2 class=\"wp-block-heading\" id=\"h-direction-de-la-publication\">Direction de la publication<\/h2>\n<\/div>\n\n<div class=\"container\">\n<p>Val\u00e9rie BOUILLARD<br>Riwal France \u2013 Direction Marketing<br>Z.A. du Bois Gueslin<br>All\u00e9e Voie Croix<br>28630 Migni\u00e8res<br>Tel\u00a0: 02 37 26 26 57<br>Mail\u00a0: info_fr@riwal.com<\/p>\n<\/div>\n\n<div class=\"container\">\n<h2 class=\"wp-block-heading\" id=\"h-fournisseur-d-hebergement-du-site\">Fournisseur d&rsquo;h\u00e9bergement du site<\/h2>\n<\/div>\n\n<div class=\"container\">\n<p>INDICIA<br>Adresse\u00a0: \u00e0 compl\u00e9ter<br>Tel\u00a0: \u00e0 compl\u00e9ter<br>Mail\u00a0: \u00e0 compl\u00e9ter<\/p>\n<\/div>\n\n<div class=\"container\">\n<h2 class=\"wp-block-heading\" id=\"h-propriete-intellectuelle\">Propri\u00e9t\u00e9 intellectuelle<\/h2>\n<\/div>\n\n<div class=\"container\">\n<p><\/p>\n<\/div>\n\n<div class=\"container\">\n<p>Tous les droits de propri\u00e9t\u00e9 intellectuelle li\u00e9s au mat\u00e9riel pr\u00e9sent sur le site appartiennent \u00e0 Riwal.<\/p>\n<\/div>\n\n<div class=\"container\">\n<p>La copie, la distribution et toutes autres formes d\u2019utilisation de ce mat\u00e9riel sont interdites sans autorisation \u00e9crite de Riwal, sous r\u00e9serve, et uniquement dans la mesure d\u00e9termin\u00e9e par des r\u00e9glementations contraignantes (telles que le droit de citer), sauf indication contraire pour des mat\u00e9riaux sp\u00e9cifiques.<\/p>\n<\/div>\n\n<div class=\"container\">\n<p>Sauf indication contraire, tous les droits et informations pr\u00e9sents sur le site web, y compris &#8211; mais sans s&rsquo;y limiter &#8211; les droits d&rsquo;auteur et autres droits de propri\u00e9t\u00e9 intellectuelle, appartiennent \u00e0 Riwal. Ces droits concernent tous les droits sur la marque, les visuels, les textes et les logos de Riwal illustr\u00e9s ou repr\u00e9sent\u00e9s sur ce site.<\/p>\n<\/div>\n\n<div class=\"container\">\n<p>\u00ab\u00a0Riwal\u00a0\u00bb est une marque d\u00e9pos\u00e9e de Riwal.<\/p>\n<\/div>\n\n<div class=\"container\">\n<p>Les utilisateurs peuvent lire et copier les informations sur le site web pour un usage personnel, non commercial, en imprimant ou en sauvegardant les informations par exemple.<\/p>\n<\/div>\n\n<div class=\"container\">\n<p>Toute autre utilisation du site ou des informations pr\u00e9sentes le site, telles que la sauvegarde et\/ou la duplication (m\u00eame partielle) du site internet de Riwal sur un site externe ou l&rsquo;\u00e9tablissement de liens, liens hypertextes ou liens profonds entre le site et tout autre site externe est interdite. La permission \u00e9crite doit provenir de Riwal uniquement.<\/p>\n<\/div>\n\n<div class=\"container\">\n<h2 class=\"wp-block-heading\" id=\"h-contenu\">Contenu<\/h2>\n<\/div>\n\n<div class=\"container\">\n<p>Riwal s&rsquo;engage \u00e0 compl\u00e9ter et\/ou mettre \u00e0 jour le contenu de son site aussi souvent que possible. Malgr\u00e9 ce soin et cette attention, il est toujours possible que le contenu soit incomplet et\/ou incorrect.<\/p>\n<\/div>\n\n<div class=\"container\">\n<p>Le mat\u00e9riel d\u2019\u00e9l\u00e9vation pr\u00e9sent sur le site est \u00e0 disposition sans aucune forme de garantie ou de r\u00e9clamation \u00e0 la conformit\u00e9 des machines. Ces mat\u00e9riaux peuvent changer \u00e0 tout moment sans notification pr\u00e9alable de Riwal.<\/p>\n<\/div>\n\n<div class=\"container\">\n<p>Malgr\u00e9 l\u2019implication constante que Riwal consacre \u00e0 son site web et aux informations publi\u00e9es sur celui-ci, Riwal ne peut \u00eatre tenu pour responsable de l&rsquo;exhaustivit\u00e9, de la conformit\u00e9, de l&rsquo;actualit\u00e9 du site web et des informations publi\u00e9es sur celui-ci.<\/p>\n<\/div>\n\n<div class=\"container\">\n<p>Les informations pr\u00e9sentes le site web sont uniquement destin\u00e9es \u00e0 des fins g\u00e9n\u00e9ralistes et ne peuvent \u00eatre consid\u00e9r\u00e9es comme des conseils. Riwal n&rsquo;est pas responsable des pertes ou dommages r\u00e9sultant de l&rsquo;utilisation de son site web (ou de son incapacit\u00e9 \u00e0 l&rsquo;utiliser), y compris les pertes ou dommages caus\u00e9s par des virus ou des informations incorrectes ou incompl\u00e8tes, \u00e0 moins que ces pertes ou dommages r\u00e9sultent d&rsquo;actes intentionnels ou de n\u00e9gligence grossi\u00e8re de la part de Riwal.<\/p>\n<\/div>\n\n<div class=\"container\">\n<p>Riwal n\u2019est \u00e9galement pas responsable des pertes ou dommages r\u00e9sultant de l&rsquo;utilisation de moyens de communication \u00e9lectroniques, y compris &#8211; mais sans s&rsquo;y limiter &#8211; les pertes ou dommages caus\u00e9s par des retards dans la communication \u00e9lectronique ou l&rsquo;absence de communication \u00e9lectronique, communication par des tiers ou programmes informatiques utilis\u00e9s pour la communication \u00e9lectronique et la propagation de virus. Plus pr\u00e9cis\u00e9ment, tous les prix sur le site sont conditionnels et sujets \u00e0 des fautes de frappe ou de programmation. La responsabilit\u00e9 de Riwal n&rsquo;est pas engag\u00e9e pour des cons\u00e9quences li\u00e9es \u00e0 de telles erreurs. Aucun accord ne sera conclu sur la base de ces erreurs.<\/p>\n<\/div>\n\n<div class=\"container\">\n<p>Les informations provenant de tiers sont l&rsquo;expression de leurs opinions personnelles. Riwal n&rsquo;est pas responsable de ces informations.<\/p>\n<\/div>\n\n<div class=\"container\">\n<h2 class=\"wp-block-heading\" id=\"h-liens-hypertextes\">Liens hypertextes<\/h2>\n<\/div>\n\n<div class=\"container\">\n<p>La mise en place de liens hypertextes en direction du Site n\u00e9cessite l&rsquo;autorisation expresse et pr\u00e9alable de Riwal. Il suffit pour cela de s&rsquo;adresser \u00e0 l&rsquo;adresse suivante : info_fr@riwal.com<\/p>\n<\/div>\n\n<div class=\"container\">\n<p>Ce site contient des liens vers des sites externes g\u00e9r\u00e9s par des tiers. La soci\u00e9t\u00e9 Riwal n&rsquo;est pas responsable du contenu ou des performances de ces sites web externes. Riwal d\u00e9cline toute responsabilit\u00e9 quant \u00e0 la qualit\u00e9 des produits et\/ou services offerts par ces sites web externes et n&rsquo;est pas responsable de l&rsquo;utilisation du contenu des liens pr\u00e9sents sur ce m\u00eame site web qui pointent vers d\u2019autres sites. Riwal ne pourra pas \u00eatre tenu responsable du contenu de ces sites web ou de toute collecte et transmission de donn\u00e9es personnelles, de la mise en place de t\u00e9moins de connexion (cookies) ou de tout autre proc\u00e9d\u00e9 mis en place par ces sites.<\/p>\n<\/div>\n\n<div class=\"container\">\n<h3 class=\"wp-block-heading\" id=\"h-autres\">Autres<\/h3>\n<\/div>\n\n<div class=\"container\">\n<p>Cet avertissement peut \u00eatre adapt\u00e9 en fonction des l\u00e9gislations en vigueur.<\/p>\n<\/div>\n\n<div class=\"container\">\n<p>Riwal se r\u00e9serve le droit de modifier le contenu et l\u2019arborescence de son site internet \u00e0 tout moment sans avoir \u00e0 vous en informer. Les utilisateurs du site web sont invit\u00e9s \u00e0 lire fr\u00e9quemment cette mention l\u00e9gale afin d\u2019\u00eatre toujours au courant de la derni\u00e8re version en ligne ou \u00e0 venir.<\/p>\n<\/div>","protected":false},"excerpt":{"rendered":"<p>Direction de la publication Val\u00e9rie BOUILLARDRiwal France \u2013 Direction MarketingZ.A. du Bois GueslinAll\u00e9e Voie Croix28630 Migni\u00e8resTel\u00a0: 02 37 26 26 57Mail\u00a0: info_fr@riwal.com Fournisseur d&rsquo;h\u00e9bergement du site INDICIAAdresse\u00a0: \u00e0 compl\u00e9terTel\u00a0: \u00e0 compl\u00e9terMail\u00a0: \u00e0 compl\u00e9ter Propri\u00e9t\u00e9 intellectuelle Tous les droits de propri\u00e9t\u00e9 intellectuelle li\u00e9s au mat\u00e9riel pr\u00e9sent sur le site appartiennent \u00e0 Riwal. La copie, la distribution &hellip; <a href=\"https:\/\/www.riwal.com\/fr\/mentions-legales\/\">Voir plus<\/a><\/p>\n","protected":false},"author":17,"featured_media":0,"parent":0,"menu_order":0,"comment_status":"closed","ping_status":"closed","template":"","meta":{"_acf_changed":false,"footnotes":""},"class_list":["post-3199","page","type-page","status-publish","hentry"],"acf":[],"yoast_head":"<!-- This site is optimized with the Yoast SEO Premium plugin v27.1 (Yoast SEO v27.1.1) - https:\/\/yoast.com\/product\/yoast-seo-premium-wordpress\/ -->\n<title>Mentions l\u00e9gales - Riwal - France<\/title>\n<meta name=\"description\" content=\"Retrouvez les mentions l\u00e9gales du groupe Riwal France : responsable du site, direction de publication, h\u00e9bergement du site\u2026\" \/>\n<meta name=\"robots\" content=\"index, follow, max-snippet:-1, max-image-preview:large, max-video-preview:-1\" \/>\n<link rel=\"canonical\" href=\"https:\/\/www.riwal.com\/fr\/mentions-legales\/\" \/>\n<meta property=\"og:locale\" content=\"fr_FR\" \/>\n<meta property=\"og:type\" content=\"article\" \/>\n<meta property=\"og:title\" content=\"Mentions l\u00e9gales\" \/>\n<meta property=\"og:description\" content=\"Retrouvez les mentions l\u00e9gales du groupe Riwal France : responsable du site, direction de publication, h\u00e9bergement du site\u2026\" \/>\n<meta property=\"og:url\" content=\"https:\/\/www.riwal.com\/fr\/mentions-legales\/\" \/>\n<meta property=\"og:site_name\" content=\"Riwal - France\" \/>\n<meta property=\"article:modified_time\" content=\"2024-01-05T14:30:17+00:00\" \/>\n<meta name=\"twitter:card\" content=\"summary_large_image\" \/>\n<meta name=\"twitter:label1\" content=\"Est. reading time\" \/>\n\t<meta name=\"twitter:data1\" content=\"5 minutes\" \/>\n<script type=\"application\/ld+json\" class=\"yoast-schema-graph\">{\"@context\":\"https:\/\/schema.org\",\"@graph\":[{\"@type\":\"WebPage\",\"@id\":\"https:\/\/www.riwal.com\/fr\/mentions-legales\/\",\"url\":\"https:\/\/www.riwal.com\/fr\/mentions-legales\/\",\"name\":\"Mentions l\u00e9gales - Riwal - France\",\"isPartOf\":{\"@id\":\"https:\/\/www.riwal.com\/fr\/#website\"},\"datePublished\":\"2023-08-22T14:13:05+00:00\",\"dateModified\":\"2024-01-05T14:30:17+00:00\",\"description\":\"Retrouvez les mentions l\u00e9gales du groupe Riwal France : responsable du site, direction de publication, h\u00e9bergement du site\u2026\",\"breadcrumb\":{\"@id\":\"https:\/\/www.riwal.com\/fr\/mentions-legales\/#breadcrumb\"},\"inLanguage\":\"fr-FR\",\"potentialAction\":[{\"@type\":\"ReadAction\",\"target\":[\"https:\/\/www.riwal.com\/fr\/mentions-legales\/\"]}]},{\"@type\":\"BreadcrumbList\",\"@id\":\"https:\/\/www.riwal.com\/fr\/mentions-legales\/#breadcrumb\",\"itemListElement\":[{\"@type\":\"ListItem\",\"position\":1,\"name\":\"Accueil\",\"item\":\"https:\/\/www.riwal.com\/fr\/\"},{\"@type\":\"ListItem\",\"position\":2,\"name\":\"Mentions l\u00e9gales\"}]},{\"@type\":\"WebSite\",\"@id\":\"https:\/\/www.riwal.com\/fr\/#website\",\"url\":\"https:\/\/www.riwal.com\/fr\/\",\"name\":\"Riwal\",\"description\":\"Location nacelle \u00e9l\u00e9vatrice, formation CACES, vente nacelles - Riwal France\",\"publisher\":{\"@id\":\"https:\/\/www.riwal.com\/fr\/#organization\"},\"potentialAction\":[{\"@type\":\"SearchAction\",\"target\":{\"@type\":\"EntryPoint\",\"urlTemplate\":\"https:\/\/www.riwal.com\/fr\/?s={search_term_string}\"},\"query-input\":{\"@type\":\"PropertyValueSpecification\",\"valueRequired\":true,\"valueName\":\"search_term_string\"}}],\"inLanguage\":\"fr-FR\"},{\"@type\":\"Organization\",\"@id\":\"https:\/\/www.riwal.com\/fr\/#organization\",\"name\":\"Riwal\",\"url\":\"https:\/\/www.riwal.com\/fr\/\",\"logo\":{\"@type\":\"ImageObject\",\"inLanguage\":\"fr-FR\",\"@id\":\"https:\/\/www.riwal.com\/fr\/#\/schema\/logo\/image\/\",\"url\":\"\",\"contentUrl\":\"\",\"caption\":\"Riwal\"},\"image\":{\"@id\":\"https:\/\/www.riwal.com\/fr\/#\/schema\/logo\/image\/\"}}]}<\/script>\n<!-- \/ Yoast SEO Premium plugin. -->","yoast_head_json":{"title":"Mentions l\u00e9gales - Riwal - France","description":"Retrouvez les mentions l\u00e9gales du groupe Riwal France : responsable du site, direction de publication, h\u00e9bergement du site\u2026","robots":{"index":"index","follow":"follow","max-snippet":"max-snippet:-1","max-image-preview":"max-image-preview:large","max-video-preview":"max-video-preview:-1"},"canonical":"https:\/\/www.riwal.com\/fr\/mentions-legales\/","og_locale":"fr_FR","og_type":"article","og_title":"Mentions l\u00e9gales","og_description":"Retrouvez les mentions l\u00e9gales du groupe Riwal France : responsable du site, direction de publication, h\u00e9bergement du site\u2026","og_url":"https:\/\/www.riwal.com\/fr\/mentions-legales\/","og_site_name":"Riwal - France","article_modified_time":"2024-01-05T14:30:17+00:00","twitter_card":"summary_large_image","twitter_misc":{"Est. reading time":"5 minutes"},"schema":{"@context":"https:\/\/schema.org","@graph":[{"@type":"WebPage","@id":"https:\/\/www.riwal.com\/fr\/mentions-legales\/","url":"https:\/\/www.riwal.com\/fr\/mentions-legales\/","name":"Mentions l\u00e9gales - Riwal - France","isPartOf":{"@id":"https:\/\/www.riwal.com\/fr\/#website"},"datePublished":"2023-08-22T14:13:05+00:00","dateModified":"2024-01-05T14:30:17+00:00","description":"Retrouvez les mentions l\u00e9gales du groupe Riwal France : responsable du site, direction de publication, h\u00e9bergement du site\u2026","breadcrumb":{"@id":"https:\/\/www.riwal.com\/fr\/mentions-legales\/#breadcrumb"},"inLanguage":"fr-FR","potentialAction":[{"@type":"ReadAction","target":["https:\/\/www.riwal.com\/fr\/mentions-legales\/"]}]},{"@type":"BreadcrumbList","@id":"https:\/\/www.riwal.com\/fr\/mentions-legales\/#breadcrumb","itemListElement":[{"@type":"ListItem","position":1,"name":"Accueil","item":"https:\/\/www.riwal.com\/fr\/"},{"@type":"ListItem","position":2,"name":"Mentions l\u00e9gales"}]},{"@type":"WebSite","@id":"https:\/\/www.riwal.com\/fr\/#website","url":"https:\/\/www.riwal.com\/fr\/","name":"Riwal","description":"Location nacelle \u00e9l\u00e9vatrice, formation CACES, vente nacelles - Riwal France","publisher":{"@id":"https:\/\/www.riwal.com\/fr\/#organization"},"potentialAction":[{"@type":"SearchAction","target":{"@type":"EntryPoint","urlTemplate":"https:\/\/www.riwal.com\/fr\/?s={search_term_string}"},"query-input":{"@type":"PropertyValueSpecification","valueRequired":true,"valueName":"search_term_string"}}],"inLanguage":"fr-FR"},{"@type":"Organization","@id":"https:\/\/www.riwal.com\/fr\/#organization","name":"Riwal","url":"https:\/\/www.riwal.com\/fr\/","logo":{"@type":"ImageObject","inLanguage":"fr-FR","@id":"https:\/\/www.riwal.com\/fr\/#\/schema\/logo\/image\/","url":"","contentUrl":"","caption":"Riwal"},"image":{"@id":"https:\/\/www.riwal.com\/fr\/#\/schema\/logo\/image\/"}}]}},"_links":{"self":[{"href":"https:\/\/www.riwal.com\/fr\/wp-json\/wp\/v2\/pages\/3199","targetHints":{"allow":["GET"]}}],"collection":[{"href":"https:\/\/www.riwal.com\/fr\/wp-json\/wp\/v2\/pages"}],"about":[{"href":"https:\/\/www.riwal.com\/fr\/wp-json\/wp\/v2\/types\/page"}],"author":[{"embeddable":true,"href":"https:\/\/www.riwal.com\/fr\/wp-json\/wp\/v2\/users\/17"}],"replies":[{"embeddable":true,"href":"https:\/\/www.riwal.com\/fr\/wp-json\/wp\/v2\/comments?post=3199"}],"version-history":[{"count":3,"href":"https:\/\/www.riwal.com\/fr\/wp-json\/wp\/v2\/pages\/3199\/revisions"}],"predecessor-version":[{"id":3202,"href":"https:\/\/www.riwal.com\/fr\/wp-json\/wp\/v2\/pages\/3199\/revisions\/3202"}],"wp:attachment":[{"href":"https:\/\/www.riwal.com\/fr\/wp-json\/wp\/v2\/media?parent=3199"}],"curies":[{"name":"wp","href":"https:\/\/api.w.org\/{rel}","templated":true}]}}