{"id":15242,"date":"2024-10-29T09:26:07","date_gmt":"2024-10-29T08:26:07","guid":{"rendered":"https:\/\/www.riwal.com\/fr\/?page_id=15242"},"modified":"2025-03-20T14:05:13","modified_gmt":"2025-03-20T13:05:13","slug":"calculateur-demissions","status":"publish","type":"page","link":"https:\/\/www.riwal.com\/fr\/calculateur-demissions\/","title":{"rendered":"Calculateur d&rsquo;\u00e9missions"},"content":{"rendered":"\n<div class=\"wp-block-rental-theme-header\">\n\t<div class=\"wp-block-rental-theme-header__lines\">\n\t\t<svg width=\"726\" height=\"442\" viewBox=\"0 0 726 442\" fill=\"none\" xmlns=\"http:\/\/www.w3.org\/2000\/svg\"><g opacity=\".5\"><mask id=\"path-1-inside-1_1_2\" fill=\"#fff\"><path fill-rule=\"evenodd\" clip-rule=\"evenodd\" d=\"M441.458.5H284.542L0 285.042v156.917l156.917-.001L363 235.876l206.083 206.082 156.917.001V285.042L441.458.5Z\"\/><\/mask><path d=\"M284.542.5v-1h-.415l-.292.293.707.707Zm156.916 0 .708-.707-.293-.293h-.415v1ZM0 285.042l-.707-.708-.293.293v.415h1Zm0 156.917h-1v1h1v-1Zm156.917-.001v1h.414l.293-.292-.707-.708ZM363 235.876l.707-.708-.707-.707-.707.707.707.708Zm206.083 206.082-.707.708.293.292h.414v-1Zm156.917.001v1h1v-1h-1Zm0-156.917h1v-.415l-.293-.293-.707.708ZM284.542 1.5h156.916v-2H284.542v2ZM.707 285.749 285.25 1.207l-1.414-1.414L-.707 284.334l1.414 1.415ZM1 441.959V285.042h-2v156.917h2Zm155.917-1.001L0 440.959v2l156.917-.001v-2Zm205.376-205.79L156.21 441.251l1.414 1.415 206.083-206.083-1.414-1.415Zm0 1.415 206.083 206.083 1.414-1.415-206.083-206.083-1.414 1.415Zm206.79 206.375 156.917.001v-2l-156.917-.001v2ZM727 441.959V285.042h-2v156.917h2Zm-.293-157.625L442.166-.206l-1.415 1.413L725.293 285.75l1.414-1.415Z\" fill=\"#5B728B\" mask=\"url(#path-1-inside-1_1_2)\"\/><\/g><\/svg>\t\t<svg width=\"726\" height=\"442\" viewBox=\"0 0 726 442\" fill=\"none\" xmlns=\"http:\/\/www.w3.org\/2000\/svg\"><g opacity=\".5\"><mask id=\"path-1-inside-1_1_2\" fill=\"#fff\"><path fill-rule=\"evenodd\" clip-rule=\"evenodd\" d=\"M441.458.5H284.542L0 285.042v156.917l156.917-.001L363 235.876l206.083 206.082 156.917.001V285.042L441.458.5Z\"\/><\/mask><path d=\"M284.542.5v-1h-.415l-.292.293.707.707Zm156.916 0 .708-.707-.293-.293h-.415v1ZM0 285.042l-.707-.708-.293.293v.415h1Zm0 156.917h-1v1h1v-1Zm156.917-.001v1h.414l.293-.292-.707-.708ZM363 235.876l.707-.708-.707-.707-.707.707.707.708Zm206.083 206.082-.707.708.293.292h.414v-1Zm156.917.001v1h1v-1h-1Zm0-156.917h1v-.415l-.293-.293-.707.708ZM284.542 1.5h156.916v-2H284.542v2ZM.707 285.749 285.25 1.207l-1.414-1.414L-.707 284.334l1.414 1.415ZM1 441.959V285.042h-2v156.917h2Zm155.917-1.001L0 440.959v2l156.917-.001v-2Zm205.376-205.79L156.21 441.251l1.414 1.415 206.083-206.083-1.414-1.415Zm0 1.415 206.083 206.083 1.414-1.415-206.083-206.083-1.414 1.415Zm206.79 206.375 156.917.001v-2l-156.917-.001v2ZM727 441.959V285.042h-2v156.917h2Zm-.293-157.625L442.166-.206l-1.415 1.413L725.293 285.75l1.414-1.415Z\" fill=\"#5B728B\" mask=\"url(#path-1-inside-1_1_2)\"\/><\/g><\/svg>\t<\/div>\n\t<img fetchpriority=\"high\" decoding=\"async\" width=\"1392\" height=\"850\" src=\"https:\/\/eqsk4m2dkju.exactdn.com\/app\/uploads\/sites\/15\/2024\/10\/Design-sans-titre-44.png?strip=all&amp;quality=92&amp;webp=92&amp;avif=80&amp;sharp=1\" class=\"wp-block-rental-theme-header__image wp-block-rental-theme-header__image--desktop\" alt=\"\" loading=\"eager\" srcset=\"https:\/\/eqsk4m2dkju.exactdn.com\/app\/uploads\/sites\/15\/2024\/10\/Design-sans-titre-44.png?strip=all&amp;quality=92&amp;webp=92&amp;avif=80&amp;sharp=1 1392w, https:\/\/eqsk4m2dkju.exactdn.com\/app\/uploads\/sites\/15\/2024\/10\/Design-sans-titre-44-300x183.png?strip=all&amp;quality=92&amp;webp=92&amp;avif=80&amp;sharp=1 300w, https:\/\/eqsk4m2dkju.exactdn.com\/app\/uploads\/sites\/15\/2024\/10\/Design-sans-titre-44-1024x625.png?strip=all&amp;quality=92&amp;webp=92&amp;avif=80&amp;sharp=1 1024w, https:\/\/eqsk4m2dkju.exactdn.com\/app\/uploads\/sites\/15\/2024\/10\/Design-sans-titre-44-768x469.png?strip=all&amp;quality=92&amp;webp=92&amp;avif=80&amp;sharp=1 768w, https:\/\/eqsk4m2dkju.exactdn.com\/app\/uploads\/sites\/15\/2024\/10\/Design-sans-titre-44-178x109.png?strip=all&amp;quality=92&amp;webp=92&amp;avif=80&amp;sharp=1 178w, https:\/\/eqsk4m2dkju.exactdn.com\/app\/uploads\/sites\/15\/2024\/10\/Design-sans-titre-44-390x238.png?strip=all&amp;quality=92&amp;webp=92&amp;avif=80&amp;sharp=1 390w, https:\/\/eqsk4m2dkju.exactdn.com\/app\/uploads\/sites\/15\/2024\/10\/Design-sans-titre-44-830x507.png?strip=all&amp;quality=92&amp;webp=92&amp;avif=80&amp;sharp=1 830w, https:\/\/eqsk4m2dkju.exactdn.com\/app\/uploads\/sites\/15\/2024\/10\/Design-sans-titre-44-250x153.png?strip=all&amp;quality=92&amp;webp=92&amp;avif=80&amp;sharp=1 250w, https:\/\/eqsk4m2dkju.exactdn.com\/app\/uploads\/sites\/15\/2024\/10\/Design-sans-titre-44-620x379.png?strip=all&amp;quality=92&amp;webp=92&amp;avif=80&amp;sharp=1 620w, https:\/\/eqsk4m2dkju.exactdn.com\/app\/uploads\/sites\/15\/2024\/10\/Design-sans-titre-44-237x145.png?strip=all&amp;quality=92&amp;webp=92&amp;avif=80&amp;sharp=1 237w, https:\/\/eqsk4m2dkju.exactdn.com\/app\/uploads\/sites\/15\/2024\/10\/Design-sans-titre-44-474x289.png?strip=all&amp;quality=92&amp;webp=92&amp;avif=80&amp;sharp=1 474w, https:\/\/eqsk4m2dkju.exactdn.com\/app\/uploads\/sites\/15\/2024\/10\/Design-sans-titre-44.png?strip=all&amp;quality=92&amp;webp=92&amp;avif=80&amp;sharp=1&amp;w=556 556w, https:\/\/eqsk4m2dkju.exactdn.com\/app\/uploads\/sites\/15\/2024\/10\/Design-sans-titre-44.png?strip=all&amp;quality=92&amp;webp=92&amp;avif=80&amp;sharp=1&amp;w=1113 1113w\" sizes=\"(max-width: 1392px) 100vw, 1392px\" \/>\t\t<div class=\"container\">\n\t\t<h1 class='wp-block-rental-theme-header__title' style='position: absolute; min-height: 120px'>Estimez vos \u00e9missions avant de louer<\/h1>\t<\/div>\n<\/div>\n\n\n<div class=\"rental-wp-default-block rental-theme-block-default-margin\">\n\t\t\t\t\t\t\t\t<div class=\"container\">\n<div class=\"wp-block-group is-nowrap is-layout-flex wp-container-core-group-is-layout-6c531013 wp-block-group-is-layout-flex\">\n<h2 class=\"wp-block-heading wp-container-content-ae1cf10e\" id=\"h-calculateur-emissions-c02-et-n0x\">Calculateur \u00e9missions C02 et N0x<\/h2>\n\n\n\n<p class=\"has-text-align-left wp-container-content-81f0a98c\">Chez Riwal nous comprenons l&rsquo;importance de r\u00e9duire l&#8217;empreinte carbone et de minimiser l&rsquo;impact environnemental. C&rsquo;est pourquoi nous avons d\u00e9velopp\u00e9 ce calculateur convivial pour vous aider \u00e0 estimer les \u00e9missions d\u00e8s le d\u00e9part avant de louer du mat\u00e9riel d&rsquo;\u00e9l\u00e9vation. L&rsquo;utilisation de notre calculateur d&rsquo;\u00e9missions est simple. Saisissez simplement le(s) mod\u00e8le(s) et la quantit\u00e9 de mat\u00e9riel que vous envisagez de louer, ainsi que la dur\u00e9e de votre p\u00e9riode de location. Notre algorithme analysera ensuite ces donn\u00e9es pour vous fournir une estimation li\u00e9e \u00e0 votre location.<\/p>\n<\/div>\n<\/div>\n\t\t\t\t\t\t\t<\/div> \n\n<div class=\"container\">\n<p>En connaissant les \u00e9missions \u00e0 l&rsquo;avance, vous pourrez prendre des d\u00e9cisions \u00e9clair\u00e9es pour minimiser l&rsquo;impact environnemental. Que vous louiez des <a href=\"https:\/\/www.riwal.com\/fr\/location\/nacelle-elevatrice\/\">nacelles \u00e9l\u00e9vatrices<\/a> ou des <a href=\"https:\/\/www.riwal.com\/fr\/location\/levage-et-manutention\/chariot-telescopique\/\">chariots t\u00e9lescopiques<\/a>, notre calculateur d&rsquo;\u00e9missions vous permet de choisir les options les moins polluantes pour votre projet.<\/p>\n<\/div>\n\n<div class=\"wp-block-rental-theme-emission-calculator rental-theme-block-default-padding\">\n\t<div class=\"container\">\n\t\t<div class=\"wp-block-rental-theme-emission-calculator-container\">\n\t\t\t<form class=\"wp-block-rental-theme-emission-calculator-form\">\n\t\t\t\t<h3 class=\"wp-block-rental-theme-emission-calculator__title\">Donn\u00e9e<\/h3>\n\t\t\t\t<div class=\"wp-block-rental-theme-emission-calculator__input\">\n\t\t\t\t\t<div class=\"wp-block-rental-theme-emission-calculator__input-label\">Machine<\/div>\n\t\t\t\t\t<div class=\"wp-block-rental-theme-emission-calculator__input-item wp-block-rental-theme-emission-calculator__input-item--search\">\n\t\t\t\t\t\t<p class=\"wp-block-rental-theme-emission-calculator__input-warning\">Une machine valide doit \u00eatre s\u00e9lectionn\u00e9e<\/p>\n\t\t\t\t\t\t<div class=\"wp-block-rental-theme-emission-calculator__search search-form\">\n\t\t\t\t\t\t\t<button type=\"submit\" class=\"wp-block-rental-theme-emission-calculator__search-icon\" aria-label=\"Search button\"><\/button>\n\t\t\t\t\t\t\t<input type=\"text\" name=\"_overview_rental_search\" class=\"wp-block-rental-theme-emission-calculator__search-input search-form__field search-suggestions__filter\" value placeholder=\"Rechercher\" autocomplete=\"off\" data-engine=\"overview_rental_search\">\n\t\t\t\t\t\t<\/div>\n\t\t\t\t\t<\/div>\n\t\t\t\t\t<div class=\"wp-block-rental-theme-emission-calculator__input-label\">Quantit\u00e9<\/div>\n\t\t\t\t\t<div class=\"wp-block-rental-theme-emission-calculator__input-item\">\n\t\t\t\t\t\t<p class=\"wp-block-rental-theme-emission-calculator__input-warning\">La valeur doit \u00eatre comprise entre 1 et 50<\/p>\n\t\t\t\t\t\t<input type=\"number\" name=\"quantity\" min=\"1\" max=\"99\" class=\"wp-block-rental-theme-emission-calculator__amount-input\" placeholder=\"Entrer une quantit\u00e9\">\n\t\t\t\t\t<\/div>\n\t\t\t\t\t<div class=\"wp-block-rental-theme-emission-calculator__input-label\">Nombre de semaines<\/div>\n\t\t\t\t\t<div class=\"wp-block-rental-theme-emission-calculator__input-item\">\n\t\t\t\t\t\t<p class=\"wp-block-rental-theme-emission-calculator__input-warning\">La valeur doit \u00eatre comprise entre 1 et 124<\/p>\n\t\t\t\t\t\t<input type=\"number\" name=\"amount_weeks\" min=\"1\" max=\"99\" class=\"wp-block-rental-theme-emission-calculator__amount-input\" placeholder=\"Entrer un nombre de semaines\">\n\t\t\t\t\t<\/div>\n\t\t\t\t\t<div class=\"wp-block-rental-theme-emission-calculator__input-label\">Jours par semaine<\/div>\n\t\t\t\t\t<div class=\"wp-block-rental-theme-emission-calculator__input-item\">\n\t\t\t\t\t\t<p class=\"wp-block-rental-theme-emission-calculator__input-warning\">La valeur doit \u00eatre comprise entre 1 et 7<\/p>\n\t\t\t\t\t\t<input type=\"number\" name=\"amount_days\" min=\"1\" max=\"99\" class=\"wp-block-rental-theme-emission-calculator__amount-input\" placeholder=\"Entrer un nombre de jours par semaine\">\n\t\t\t\t\t<\/div>\n\t\t\t\t\t<div class=\"wp-block-rental-theme-emission-calculator__input-label-wrapper\">\n\t\t\t\t\t\t<div class=\"wp-block-rental-theme-emission-calculator__input-label\">Heures par jour<\/div>\n\t\t\t\t\t\t<div class=\"wp-block-rental-theme-emission-calculator__input-info-icon\" data-tooltip=\"Estimation de la dur\u00e9e moyenne d'utilisation par jour.\"><svg width=\"16\" height=\"16\" viewBox=\"0 0 512 512\" fill=\"none\" xmlns=\"http:\/\/www.w3.org\/2000\/svg\"><path d=\"M231.5 1.1C171.8 7.2 117.4 32.9 75.2 75-25 175-25 337 75.2 437c40.6 40.5 90.1 64.8 149.3 73.2 11.9 1.7 51.2 1.6 63.5-.1 58-8 108.9-33 148.9-73.2 46.4-46.7 72.3-106.1 74.8-171.9 2.6-71.1-24.2-139.3-74.9-190-39.3-39.4-89.1-64.3-145.3-72.6-12.2-1.8-47.7-2.6-60-1.3zM268.3 137c16.4 7.7 19.6 27.2 6.4 38.5-5.7 4.9-12.3 6.9-21.1 6.3-14.6-1-24.9-10.9-24.9-24-.1-17.4 22.1-29 39.6-20.8zm2.4 79.2c3 1.1 6.4 3.3 8.2 5.4l3.1 3.5v67.6c0 78.4.9 71.7-10.8 77.5-6 3-7.5 3.3-15.2 3.3-10-.1-16.7-2.6-22.1-8.1l-3.4-3.5-.3-67.8-.2-67.7 2.3-3.5c6-9 23.8-12.1 38.4-6.7z\" fill=\"#021A3550\"\/><\/svg><\/div>\n\t\t\t\t\t<\/div>\n\t\t\t\t\t<div class=\"wp-block-rental-theme-emission-calculator__input-item\">\n\t\t\t\t\t\t<p class=\"wp-block-rental-theme-emission-calculator__input-warning\">La valeur doit \u00eatre comprise entre 1 et 24<\/p>\n\t\t\t\t\t\t<input type=\"number\" name=\"amount_hours\" min=\"1\" max=\"99\" class=\"wp-block-rental-theme-emission-calculator__amount-input\" placeholder=\"Entrer un nombre d'heures par jour\">\n\t\t\t\t\t<\/div>\n\t\t\t\t\t<a href=\"\" class=\"wp-block-rental-theme-emission-calculator__input-submit\">Calculer et ajouter<\/a>\n\t\t\t\t<\/div>\n\t\t\t<\/form>\n\t\t\t<div class=\"wp-block-rental-theme-emission-calculator-result\">\n\t\t\t\t<h3 class=\"wp-block-rental-theme-emission-calculator-result__title\">Emissions totales<\/h3>\n\t\t\t\t<div class=\"wp-block-rental-theme-emission-calculator-result__co2\">\n\t\t\t\t\t<div class=\"wp-block-rental-theme-emission-calculator-result__co2-value\">0<\/div>\n\t\t\t\t\t<div class=\"wp-block-rental-theme-emission-calculator-result__co2-label\">kg CO2<\/div>\n\t\t\t\t<\/div>\n\t\t\t\t<div class=\"wp-block-rental-theme-emission-calculator-result__nox\">\n\t\t\t\t\t<div class=\"wp-block-rental-theme-emission-calculator-result__nox-value\">0<\/div>\n\t\t\t\t\t<div class=\"wp-block-rental-theme-emission-calculator-result__nox-label\">kg NOx<\/div>\n\t\t\t\t<\/div>\n\t\t\t\t<div class=\"wp-block-rental-theme-emission-calculator-result__items\"><\/div>\n\t\t\t<\/div>\n\t\t<\/div>\n\t<\/div>\n<\/div>\n\n\n<div class=\"rental-wp-default-block rental-theme-block-default-margin\">\n\t\t\t\t\t\t\t\t<div class=\"container\">\n<div class=\"wp-block-group is-layout-constrained wp-block-group-is-layout-constrained\">\n<h3 class=\"wp-block-heading\" id=\"h-comprendre-les-donnees\">Comprendre les donn\u00e9es<\/h3>\n\n\n\n<p>Le calculateur a \u00e9t\u00e9 programm\u00e9 par Riwal Holding Group B.V sur la base des informations fournies par le guide ERA sur le reporting carbone , l&rsquo;analyse anonymis\u00e9e des consommations r\u00e9elles des clients Riwal, ainsi que les donn\u00e9es fournies par les constructeurs eux-m\u00eames.<\/p>\n\n\n\n<p>Le calculateur d&rsquo;\u00e9missions est propos\u00e9 \u00e0 nos clients, uniquement dans le but de vous aider \u00e0 vous projeter sur votre consommation d&rsquo;\u00e9missions. Le calculateur ne pr\u00e9tend pas \u00eatre exhaustif ni contenir toutes les informations dont vous avez besoin. Les \u00e9missions r\u00e9elles de CO2 peuvent diff\u00e9rer du calcul estim\u00e9 en fonction de l&rsquo;utilisation r\u00e9elle de votre machine (heures d&rsquo;utilisation), des modes d&rsquo;utilisation (fr\u00e9quence, charge et type de mouvement) et des variations techniques (\u00e2ge du moteur, heures d&rsquo;utilisation et configuration de la machine). <br><br>Veuillez noter que les \u00e9missions de C02 peuvent s&rsquo;appliquer aux machines \u00e9lectriques. Dans notre calculateur d&rsquo;\u00e9missions, la valeur estim\u00e9e des \u00e9missions de C02 pour les machines \u00e9lectriques est bas\u00e9e sur la consommation de kWh de la machine multipli\u00e9e par l&rsquo;\u00e9mission moyenne fran\u00e7aise de C02 par kWh pour l&rsquo;\u00e9lectricit\u00e9 produite, sur la base du mix \u00e9nerg\u00e9tique fran\u00e7ais selon <a href=\"https:\/\/www.statista.com\/statistics\/1290216\/carbon-intensity-power-sector-france\/#:~:text=Power%20sector%20carbon%20intensity%20in%20France%202000%2D2021&amp;text=Since%20the%20beginning%20of%20the,estimated%20at%2058%20gCO%E2%82%82%2FKWh.\">Statista<\/a>.<\/p>\n\n\n\n<h3 class=\"wp-block-heading\" id=\"h-\"><\/h3>\n\n\n\n<p><\/p>\n<\/div>\n<\/div>\n\t\t\t\t\t\t\t<\/div> \n\n<div class=\"wp-block-rental-theme-form rental-theme-block-default-padding\">\n\t\t\t\t\t\t\t\t\t<div class=\"container\"><\/div>\n\t\t\t\t\t\t\t\t<\/div>","protected":false},"excerpt":{"rendered":"<p>Calculateur \u00e9missions C02 et N0x Chez Riwal nous comprenons l&rsquo;importance de r\u00e9duire l&#8217;empreinte carbone et de minimiser l&rsquo;impact environnemental. C&rsquo;est pourquoi nous avons d\u00e9velopp\u00e9 ce calculateur convivial pour vous aider \u00e0 estimer les \u00e9missions d\u00e8s le d\u00e9part avant de louer du mat\u00e9riel d&rsquo;\u00e9l\u00e9vation. L&rsquo;utilisation de notre calculateur d&rsquo;\u00e9missions est simple. Saisissez simplement le(s) mod\u00e8le(s) et &hellip; <a href=\"https:\/\/www.riwal.com\/fr\/calculateur-demissions\/\">Voir plus<\/a><\/p>\n","protected":false},"author":47,"featured_media":0,"parent":0,"menu_order":0,"comment_status":"closed","ping_status":"closed","template":"","meta":{"_acf_changed":false,"footnotes":""},"class_list":["post-15242","page","type-page","status-publish","hentry"],"acf":[],"yoast_head":"<!-- This site is optimized with the Yoast SEO Premium plugin v27.1 (Yoast SEO v27.1.1) - https:\/\/yoast.com\/product\/yoast-seo-premium-wordpress\/ -->\n<title>Calculateur d&#039;\u00e9missions | Riwal France<\/title>\n<meta name=\"description\" content=\"Riwal France sp\u00e9cialiste de la location de mat\u00e9riel d&#039;\u00e9l\u00e9vation, vous propose un calculateur d&#039;\u00e9missions pour choisir au mieux la machine\" \/>\n<meta name=\"robots\" content=\"index, follow, max-snippet:-1, max-image-preview:large, max-video-preview:-1\" \/>\n<link rel=\"canonical\" href=\"https:\/\/www.riwal.com\/fr\/calculateur-demissions\/\" \/>\n<meta property=\"og:locale\" content=\"fr_FR\" \/>\n<meta property=\"og:type\" content=\"article\" \/>\n<meta property=\"og:title\" content=\"Calculateur d&#039;\u00e9missions\" \/>\n<meta property=\"og:description\" content=\"Riwal France sp\u00e9cialiste de la location de mat\u00e9riel d&#039;\u00e9l\u00e9vation, vous propose un calculateur d&#039;\u00e9missions pour choisir au mieux la machine\" \/>\n<meta property=\"og:url\" content=\"https:\/\/www.riwal.com\/fr\/calculateur-demissions\/\" \/>\n<meta property=\"og:site_name\" content=\"Riwal - France\" \/>\n<meta property=\"article:modified_time\" content=\"2025-03-20T13:05:13+00:00\" \/>\n<meta name=\"twitter:card\" content=\"summary_large_image\" \/>\n<meta name=\"twitter:label1\" content=\"Est. reading time\" \/>\n\t<meta name=\"twitter:data1\" content=\"2 minutes\" \/>\n<script type=\"application\/ld+json\" class=\"yoast-schema-graph\">{\"@context\":\"https:\/\/schema.org\",\"@graph\":[{\"@type\":\"WebPage\",\"@id\":\"https:\/\/www.riwal.com\/fr\/calculateur-demissions\/\",\"url\":\"https:\/\/www.riwal.com\/fr\/calculateur-demissions\/\",\"name\":\"Calculateur d'\u00e9missions | Riwal France\",\"isPartOf\":{\"@id\":\"https:\/\/www.riwal.com\/fr\/#website\"},\"datePublished\":\"2024-10-29T08:26:07+00:00\",\"dateModified\":\"2025-03-20T13:05:13+00:00\",\"description\":\"Riwal France sp\u00e9cialiste de la location de mat\u00e9riel d'\u00e9l\u00e9vation, vous propose un calculateur d'\u00e9missions pour choisir au mieux la machine\",\"breadcrumb\":{\"@id\":\"https:\/\/www.riwal.com\/fr\/calculateur-demissions\/#breadcrumb\"},\"inLanguage\":\"fr-FR\",\"potentialAction\":[{\"@type\":\"ReadAction\",\"target\":[\"https:\/\/www.riwal.com\/fr\/calculateur-demissions\/\"]}]},{\"@type\":\"BreadcrumbList\",\"@id\":\"https:\/\/www.riwal.com\/fr\/calculateur-demissions\/#breadcrumb\",\"itemListElement\":[{\"@type\":\"ListItem\",\"position\":1,\"name\":\"Accueil\",\"item\":\"https:\/\/www.riwal.com\/fr\/\"},{\"@type\":\"ListItem\",\"position\":2,\"name\":\"Calculateur d&rsquo;\u00e9missions\"}]},{\"@type\":\"WebSite\",\"@id\":\"https:\/\/www.riwal.com\/fr\/#website\",\"url\":\"https:\/\/www.riwal.com\/fr\/\",\"name\":\"Riwal\",\"description\":\"Location nacelle \u00e9l\u00e9vatrice, formation CACES, vente nacelles - Riwal France\",\"publisher\":{\"@id\":\"https:\/\/www.riwal.com\/fr\/#organization\"},\"potentialAction\":[{\"@type\":\"SearchAction\",\"target\":{\"@type\":\"EntryPoint\",\"urlTemplate\":\"https:\/\/www.riwal.com\/fr\/?s={search_term_string}\"},\"query-input\":{\"@type\":\"PropertyValueSpecification\",\"valueRequired\":true,\"valueName\":\"search_term_string\"}}],\"inLanguage\":\"fr-FR\"},{\"@type\":\"Organization\",\"@id\":\"https:\/\/www.riwal.com\/fr\/#organization\",\"name\":\"Riwal\",\"url\":\"https:\/\/www.riwal.com\/fr\/\",\"logo\":{\"@type\":\"ImageObject\",\"inLanguage\":\"fr-FR\",\"@id\":\"https:\/\/www.riwal.com\/fr\/#\/schema\/logo\/image\/\",\"url\":\"\",\"contentUrl\":\"\",\"caption\":\"Riwal\"},\"image\":{\"@id\":\"https:\/\/www.riwal.com\/fr\/#\/schema\/logo\/image\/\"}}]}<\/script>\n<!-- \/ Yoast SEO Premium plugin. -->","yoast_head_json":{"title":"Calculateur d'\u00e9missions | Riwal France","description":"Riwal France sp\u00e9cialiste de la location de mat\u00e9riel d'\u00e9l\u00e9vation, vous propose un calculateur d'\u00e9missions pour choisir au mieux la machine","robots":{"index":"index","follow":"follow","max-snippet":"max-snippet:-1","max-image-preview":"max-image-preview:large","max-video-preview":"max-video-preview:-1"},"canonical":"https:\/\/www.riwal.com\/fr\/calculateur-demissions\/","og_locale":"fr_FR","og_type":"article","og_title":"Calculateur d'\u00e9missions","og_description":"Riwal France sp\u00e9cialiste de la location de mat\u00e9riel d'\u00e9l\u00e9vation, vous propose un calculateur d'\u00e9missions pour choisir au mieux la machine","og_url":"https:\/\/www.riwal.com\/fr\/calculateur-demissions\/","og_site_name":"Riwal - France","article_modified_time":"2025-03-20T13:05:13+00:00","twitter_card":"summary_large_image","twitter_misc":{"Est. reading time":"2 minutes"},"schema":{"@context":"https:\/\/schema.org","@graph":[{"@type":"WebPage","@id":"https:\/\/www.riwal.com\/fr\/calculateur-demissions\/","url":"https:\/\/www.riwal.com\/fr\/calculateur-demissions\/","name":"Calculateur d'\u00e9missions | Riwal France","isPartOf":{"@id":"https:\/\/www.riwal.com\/fr\/#website"},"datePublished":"2024-10-29T08:26:07+00:00","dateModified":"2025-03-20T13:05:13+00:00","description":"Riwal France sp\u00e9cialiste de la location de mat\u00e9riel d'\u00e9l\u00e9vation, vous propose un calculateur d'\u00e9missions pour choisir au mieux la machine","breadcrumb":{"@id":"https:\/\/www.riwal.com\/fr\/calculateur-demissions\/#breadcrumb"},"inLanguage":"fr-FR","potentialAction":[{"@type":"ReadAction","target":["https:\/\/www.riwal.com\/fr\/calculateur-demissions\/"]}]},{"@type":"BreadcrumbList","@id":"https:\/\/www.riwal.com\/fr\/calculateur-demissions\/#breadcrumb","itemListElement":[{"@type":"ListItem","position":1,"name":"Accueil","item":"https:\/\/www.riwal.com\/fr\/"},{"@type":"ListItem","position":2,"name":"Calculateur d&rsquo;\u00e9missions"}]},{"@type":"WebSite","@id":"https:\/\/www.riwal.com\/fr\/#website","url":"https:\/\/www.riwal.com\/fr\/","name":"Riwal","description":"Location nacelle \u00e9l\u00e9vatrice, formation CACES, vente nacelles - Riwal France","publisher":{"@id":"https:\/\/www.riwal.com\/fr\/#organization"},"potentialAction":[{"@type":"SearchAction","target":{"@type":"EntryPoint","urlTemplate":"https:\/\/www.riwal.com\/fr\/?s={search_term_string}"},"query-input":{"@type":"PropertyValueSpecification","valueRequired":true,"valueName":"search_term_string"}}],"inLanguage":"fr-FR"},{"@type":"Organization","@id":"https:\/\/www.riwal.com\/fr\/#organization","name":"Riwal","url":"https:\/\/www.riwal.com\/fr\/","logo":{"@type":"ImageObject","inLanguage":"fr-FR","@id":"https:\/\/www.riwal.com\/fr\/#\/schema\/logo\/image\/","url":"","contentUrl":"","caption":"Riwal"},"image":{"@id":"https:\/\/www.riwal.com\/fr\/#\/schema\/logo\/image\/"}}]}},"_links":{"self":[{"href":"https:\/\/www.riwal.com\/fr\/wp-json\/wp\/v2\/pages\/15242","targetHints":{"allow":["GET"]}}],"collection":[{"href":"https:\/\/www.riwal.com\/fr\/wp-json\/wp\/v2\/pages"}],"about":[{"href":"https:\/\/www.riwal.com\/fr\/wp-json\/wp\/v2\/types\/page"}],"author":[{"embeddable":true,"href":"https:\/\/www.riwal.com\/fr\/wp-json\/wp\/v2\/users\/47"}],"replies":[{"embeddable":true,"href":"https:\/\/www.riwal.com\/fr\/wp-json\/wp\/v2\/comments?post=15242"}],"version-history":[{"count":14,"href":"https:\/\/www.riwal.com\/fr\/wp-json\/wp\/v2\/pages\/15242\/revisions"}],"predecessor-version":[{"id":16953,"href":"https:\/\/www.riwal.com\/fr\/wp-json\/wp\/v2\/pages\/15242\/revisions\/16953"}],"wp:attachment":[{"href":"https:\/\/www.riwal.com\/fr\/wp-json\/wp\/v2\/media?parent=15242"}],"curies":[{"name":"wp","href":"https:\/\/api.w.org\/{rel}","templated":true}]}}